{"id":19533,"date":"2025-04-07T06:53:08","date_gmt":"2025-04-07T06:53:08","guid":{"rendered":"https:\/\/www.hydraulic-cylinders.net\/product\/boom-cylinder-for-kym-ky105a\/"},"modified":"2025-04-07T06:53:11","modified_gmt":"2025-04-07T06:53:11","slug":"boom-cylinder-for-kym-ky105a","status":"publish","type":"product","link":"https:\/\/www.hydraulic-cylinders.net\/et\/toode\/boom-cylinder-for-kym-ky105a\/","title":{"rendered":"KYM KY105A poomi silinder"},"content":{"rendered":"<h1>KYM KY105A poomi silinder<\/h1>\n<h2>Toote \u00fclevaade<\/h2>\n<p>KYM KY105A noole silinder on h\u00fcdros\u00fcsteemide oluline komponent, mis on spetsiaalselt loodud koppade liikumise juhtimiseks rasketes masinates, n\u00e4iteks ekskavaatorites, laadur-ekskavaatorites ja esilaadurites. See h\u00fcdrosilinder v\u00f5imaldab koppa t\u00f5sta, langetada ja kallutada, h\u00f5lbustades t\u00f5husaid materjalik\u00e4itlust\u00f6id. Noole silinder on h\u00fcdrosilinder, mis t\u00f6\u00f6tab r\u00f5hu all oleva h\u00fcdraulilise vedeliku abil, muutes h\u00fcdraulilise energia mehaaniliseks energiaks mitmesuguste liigutuste teostamiseks.<\/p>\n<p><img decoding=\"async\" src=\"https:\/\/www.hydraulic-cylinders.net\/wp-content\/uploads\/2025\/04\/songte-company-1.webp\" alt=\"Poomi silinder\" \/><\/p>\n<h2>Poomi silindri omadused<\/h2>\n<ul>\n<li>\n<h3>Suur tugevus ja vastupidavus<\/h3>\n<p>Tavaliselt \u00fclitugevast terasest v\u00f5i alumiiniumist valmistatud poomi silinder talub k\u00f5rget r\u00f5hku ja suuri koormusi ning on loodud kohanema karmide t\u00f6\u00f6keskkondadega, parandades kulumiskindlust ja korrosioonikindlust pikema eluea saavutamiseks.<\/li>\n<li>\n<h3>T\u00f5hus h\u00fcdrauliline t\u00f6\u00f6<\/h3>\n<p>Silinder kasutab sujuva pikenemise ja tagasit\u00f5mbamise saavutamiseks h\u00fcdraulika\u00f5li r\u00f5hku, reageerides kiiresti juhtimisk\u00e4sklustele ning pakkudes v\u00f5imsat t\u00f5uke- ja t\u00f5mbej\u00f5udu, muutes selle sobivaks raskete ja keerukate toimingute tegemiseks.<\/li>\n<li>\n<h3>Mitmekesised t\u00fc\u00fcbid<\/h3>\n<p>Saadaval \u00fchetoimelise (\u00fches suunas t\u00f6\u00f6tava) ja kahetoimelise (m\u00f5lemas suunas t\u00f6\u00f6tava) konfiguratsioonina ning m\u00f5nel mudelil on teleskoopkonstruktsioon, mis v\u00f5imaldab suuremat pikendust ilma v\u00e4lism\u00f5\u00f5tmeid suurendamata, mis sobib ideaalselt ruumipiirangutega rakenduste jaoks.<\/li>\n<li>\n<h3>Kohandatud tootmine<\/h3>\n<p>Meie tooted suudavad ideaalselt asendada mitmesuguseid h\u00fcdraulilisi silindreid, tagades \u00fchilduvuse ja j\u00f5udluse.<\/li>\n<\/ul>\n<p><img decoding=\"async\" src=\"https:\/\/www.hydraulic-cylinders.net\/wp-content\/uploads\/2025\/04\/songte-cylinder-head-with-all-kinds-excavator-models.webp\" alt=\"H\u00fcdrauliliste silindrite mudelid\" \/><\/p>\n<h2>Rakendusstsenaariumid<\/h2>\n<ul>\n<li>\n<h3>Ehitustehnika<\/h3>\n<p>Ekskavaatorites on noolesilindrid olulised kaevamiseks, laadimiseks ja mulla v\u00f5i prahi teisaldamiseks. Need h\u00f5lbustavad kaevamistoimingut, v\u00f5imaldades kopal pinnasesse tungida, muutes need ehitust\u00f6\u00f6del \u00fclioluliseks. Ekskavaatoritel abistab noolesilinder nii kaevamis- kui ka t\u00f5stet\u00f6\u00f6del, suurendades tootlikkust.<\/h3>\n<\/li>\n<li>\n<h3>P\u00f5llumajandustehnika<\/h3>\n<p>Esilaadurites kasutatakse noolesilindreid mulla, heina ja muude materjalide kopeerimiseks, t\u00f5stmiseks ja transportimiseks. Nende usaldusv\u00e4\u00e4rne t\u00f6\u00f6 tagab p\u00f5llumajandussaaduste t\u00f5husa liikumise, muutes need p\u00f5llumajandustegevuses asendamatuks.<\/h3>\n<\/li>\n<li>\n<h3>Ekskavaatorid<\/h3>\n<p>Noole silinder v\u00f5imaldab kopal h\u00f5lpsalt pinnasesse tungida, h\u00f5lbustades t\u00f5husat kaevamist. See v\u00f5imekus on oluline mitmesuguste kaevet\u00f6\u00f6de, sealhulgas haljastuse, kaevamise ja platsi ettevalmistamise puhul.<\/h3>\n<\/li>\n<li>\n<h3>Laadurid<\/h3>\n<p>Esilaadurites aitavad noolesilindrid koormaid t\u00f5husalt t\u00f5sta ja t\u00fchjendada, aidates kaasa sujuvale materjalik\u00e4itlusele. Nende v\u00f5ime juhtida kopa liikumist on kriitilise t\u00e4htsusega mitmesuguste laadimist\u00f6\u00f6de puhul.<\/h3>\n<\/li>\n<\/ul>\n<h2>Projekteerimiskaalutlused ja valikukriteeriumid<\/h2>\n<ul>\n<li>\n<h3>Kandev\u00f5ime<\/h3>\n<p>Noole silinder peab olema konstrueeritud nii, et see taluks eeldatavat koormust ilma riketeta. Silindri sobiva suuruse ja tugevuse m\u00e4\u00e4ramisel on \u00fclioluline hinnata k\u00e4ideldavate materjalide kaalu ja t\u00fc\u00fcpi. Suurem kandev\u00f5ime tagab seadmete toimimise n\u00f5udlikes tingimustes, suurendades ohutust ja t\u00f6\u00f6kindlust.<\/h3>\n<\/li>\n<li>\n<h3>Tihendusomadused<\/h3>\n<p>T\u00f5hus tihendamine on oluline h\u00fcdraulilise vedeliku lekke v\u00e4ltimiseks, mis v\u00f5ib v\u00e4hendada efektiivsust ja p\u00f5hjustada v\u00f5imalikke kahjustusi. Tihendite, n\u00e4iteks kolvi- ja varrastihendite valik m\u00e4ngib olulist rolli h\u00fcdraulilise r\u00f5hu s\u00e4ilitamisel ja sujuva t\u00f6\u00f6 tagamisel.<\/h3>\n<\/li>\n<li>\n<h3>Vastupidavus<\/h3>\n<p>Vastupidavus on kriitilise t\u00e4htsusega tegur, kuna noole silindrid puutuvad kokku karmide tingimustega. Materjalid peaksid olema kulumis-, korrosiooni- ja v\u00e4simuskindlad, et tagada pikaajaline j\u00f5udlus. Regulaarne hooldus v\u00f5ib vastupidavust veelgi suurendada, pikendades silindri eluiga.<\/h3>\n<\/li>\n<li>\n<h3>Turvaelemendid<\/h3>\n<p>Ohutusfunktsioonide, n\u00e4iteks \u00fclekoormuskaitse ja avariiseiskamismehhanismide lisamine on t\u00f6\u00f6 ajal \u00f5nnetuste v\u00e4ltimiseks \u00fclioluline. Ohutusstandarditele vastavuse tagamine aitab kaitsta operaatoreid ja seadmeid, edendades ohutumat t\u00f6\u00f6keskkonda.<\/h3>\n<\/li>\n<li>\n<h3>Hoolduse lihtsus<\/h3>\n<p>P\u00f5hikomponentidele h\u00f5lpsat juurdep\u00e4\u00e4su v\u00f5imaldav disain h\u00f5lbustab regulaarseid hoolduskontrolle ja remonti. See kaalutlus v\u00f5ib oluliselt v\u00e4hendada seisakuid ja tegevuskulusid, kuna h\u00e4sti hooldatud silindrid kipuvad paremini toimima ja kauem vastu pidama.<\/h3>\n<\/li>\n<\/ul>\n<p><img decoding=\"async\" src=\"https:\/\/www.hydraulic-cylinders.net\/wp-content\/uploads\/2025\/04\/songte-oil-pipes-and-spare-parts.webp\" alt=\"H\u00fcdraulilised osad\" \/><\/p>\n<h2>Tihendus ja m\u00e4\u00e4rimine<\/h2>\n<p>Optimaalse j\u00f5udluse tagamiseks on oluline kasutada mitmesuguseid tihenduskomponente, sealhulgas kolvitihendeid, vardatihendeid ja muid tihenduselemente. Vastupidavatest materjalidest, nagu pol\u00fcuretaan ja nitriilkummi, valmistatud tihendid suurendavad kulumiskindlust, v\u00e4hendades lekete t\u00f5en\u00e4osust. Lisaks tuleks silindri korpus ja keermestatud otsad l\u00e4bida t\u00e4ppist\u00f6\u00f6tluse, et parandada kulumiskindlust. Regulaarne m\u00e4\u00e4rimine h\u00fcdraulika\u00f5liga on oluline sujuva t\u00f6\u00f6 s\u00e4ilitamiseks, minimeerides h\u00f5\u00f5rdumist ja liikuvate osade kulumist. Planeeritud m\u00e4\u00e4rimisintervallid aitavad tagada h\u00fcdraulikas\u00fcsteemi t\u00f5husa t\u00f6\u00f6, pikendades poomi silindri ja sellega seotud komponentide eluiga.<\/p>\n<h2>Regulaarne kontroll ja ennetavad hooldusmeetmed<\/h2>\n<ul>\n<li>\n<h3>Rutiinsed kontrollid<\/h3>\n<p>Poomi silindri regulaarne kontroll on \u00fclioluline, et varakult tuvastada kulumise, lekete v\u00f5i kahjustuste m\u00e4rke. Tihendite, voolikute ja \u00fchenduste kontrollimine aitab s\u00e4ilitada optimaalset j\u00f5udlust ja v\u00e4ltida ootamatuid rikkeid.<\/h3>\n<\/li>\n<li>\n<h3>Sobiv m\u00e4\u00e4rimine<\/h3>\n<p>H\u00fcdraulilise silindri \u00f5igeaegne ja piisav m\u00e4\u00e4rimine on sujuva t\u00f6\u00f6 tagamiseks h\u00e4davajalik. \u00d5ige t\u00fc\u00fcpi h\u00fcdraulika\u00f5li kasutamine ja sobiva \u00f5litaseme hoidmine hoiab \u00e4ra \u00fclekuumenemise ja kulumise, tagades seadmete pikaealisuse.<\/h3>\n<\/li>\n<li>\n<h3>Tihendi vahetamine<\/h3>\n<p>Tihendite regulaarne kontrollimine ja vahetamine on h\u00fcdraulilise r\u00f5hu s\u00e4ilitamiseks ja lekete v\u00e4ltimiseks kriitilise t\u00e4htsusega. Kulunud v\u00f5i kahjustatud tihendid tuleks h\u00fcdraulilise s\u00fcsteemi t\u00f6\u00f6kindluse tagamiseks kohe v\u00e4lja vahetada.<\/h3>\n<\/li>\n<\/ul>\n<h2>Paigaldusjuhised<\/h2>\n<p>Poomi silindri \u00f5ige paigaldamine on selle toimivuse v\u00f5ti. Alustage veendumisest, et kinnituspinnad on puhtad ja prahist vabad. Joondage silinder \u00f5igesti, et v\u00e4ltida joondusvigu, mis v\u00f5ivad p\u00f5hjustada enneaegset kulumist v\u00f5i riket. Kasutage silindri kinnitamiseks sobivaid kinnitusklambreid, tagades selle stabiilsuse t\u00f6\u00f6tamise ajal. P\u00e4rast paigaldamist kontrollige h\u00fcdraulika\u00fchendusi lekete suhtes ja veenduge, et h\u00fcdraulikavedeliku tase on piisav. Kalibreerige s\u00fcsteem tootja spetsifikatsioonide j\u00e4rgi, et optimeerida funktsionaalsust. \u00d5ige paigaldamine aitab oluliselt kaasa h\u00fcdraulikas\u00fcsteemi t\u00f5hususele ja pikaealisusele.<\/p>\n<h2>Levinumad hooldust\u00f6\u00f6d<\/h2>\n<ul>\n<li>\n<h3>Regulaarsed kontrollid<\/h3>\n<p>Rutiinsed kontrollid v\u00f5imaldavad potentsiaalseid probleeme varakult avastada. Kontrollige ballooni kulumisj\u00e4lgede, lekete ja \u00fcldise seisukorra suhtes, tagades, et k\u00f5ik vajalikud remondit\u00f6\u00f6d tehakse viivitamatult, et v\u00e4ltida t\u00fcsistusi.<\/h3>\n<\/li>\n<li>\n<h3>M\u00e4\u00e4rimine<\/h3>\n<p>Regulaarne m\u00e4\u00e4rimine on oluline liikuvate osade h\u00f5\u00f5rdumise ja kulumise v\u00e4hendamiseks. Veenduge, et kasutatav h\u00fcdraulika\u00f5li on soovitatud t\u00fc\u00fcpi ja hoidke piisavat \u00f5litaset sujuva t\u00f6\u00f6 tagamiseks.<\/h3>\n<\/li>\n<li>\n<h3>Tihendi vahetamine ja kalibreerimise kontrollimine<\/h3>\n<p>Kulunud tihendite vahetamine rutiinse hoolduse osana tagab h\u00fcdros\u00fcsteemi leketeta t\u00f6\u00f6korras p\u00fcsimise. Regulaarsed kalibreerimiskontrollid aitavad s\u00e4ilitada silindri j\u00f5udluse t\u00e4psust, tagades selle vastavuse t\u00f6\u00f6n\u00f5uetele.<\/h3>\n<\/li>\n<\/ul>\n<p><img decoding=\"async\" src=\"https:\/\/www.hydraulic-cylinders.net\/wp-content\/uploads\/2025\/04\/songte-chushion-collar.webp\" alt=\"Padjakaelus\" \/><\/p>\n<h2>Ohutuskaalutlused ja keskkonnategurid<\/h2>\n<p>H\u00fcdrauliliste s\u00fcsteemide k\u00e4itamisel koos noolesilindritega on ohutusmeetmete rakendamine \u00fclioluline. Operaatorid peaksid olema koolitatud \u00e4ra tundma v\u00f5imalikke ohte ja kasutama t\u00f6\u00f6 ajal isikukaitsevahendeid. Regulaarsed hoolduskontrollid aitavad tuvastada ja lahendada ohutusega seotud probleeme enne nende s\u00fcvenemist, edendades seel\u00e4bi ohutumat t\u00f6\u00f6keskkonda. Lisaks on h\u00fcdraulikavedelike ja komponentide n\u00f5uetekohane utiliseerimine keskkonnam\u00f5ju minimeerimiseks oluline, j\u00e4rgides kohalikke eeskirju vastutustundliku tegevuse tagamiseks.<\/p>\n<h2>Levinud probleemide t\u00f5rkeotsing<\/h2>\n<ul>\n<li>\n<h3>Leke<\/h3>\n<p>Lekkeid p\u00f5hjustavad sageli kulunud tihendid v\u00f5i kahjustatud voolikud. Selle probleemi lahendamiseks kontrollige tihendite kulumist ja vajadusel vahetage need v\u00e4lja. Veenduge, et voolikud poleks painutatud ega kahjustatud, et v\u00e4ltida vedeliku kadu.<\/h3>\n<\/li>\n<li>\n<h3>Ebaj\u00e4rjekindel j\u00f5udlus<\/h3>\n<p>Kui poomi silinder liigub ebakorrap\u00e4raselt, v\u00f5ib see viidata madalale h\u00fcdraulikavedeliku tasemele v\u00f5i \u00f5hule s\u00fcsteemis. Kontrollige vedeliku taset ja vajadusel \u00f5hutage s\u00fcsteemi, et taastada \u00fchtlane j\u00f5udlus.<\/h3>\n<\/li>\n<li>\n<h3>\u00dclekuumenemine<\/h3>\n<p>\u00dclekuumenemine v\u00f5ib tuleneda ebapiisavast m\u00e4\u00e4rimisest v\u00f5i liigsest koormusest. Tagage korralik m\u00e4\u00e4rimine ja kontrollige, et silindrit ei koormataks \u00fcle selle taluvuse, et v\u00e4ltida \u00fclekuumenemist.<\/h3>\n<\/li>\n<\/ul>\n<p>Nende levinud probleemide kiire tuvastamine ja lahendamine aitab v\u00e4ltida edasisi kahjustusi ja tagada h\u00fcdros\u00fcsteemi t\u00f5husa t\u00f6\u00f6. Ennetavate meetmete, n\u00e4iteks regulaarse hoolduse ja \u00fclevaatuste rakendamine on potentsiaalsete probleemide minimeerimiseks \u00fclioluline.<\/p>\n<p><img decoding=\"async\" src=\"https:\/\/www.hydraulic-cylinders.net\/wp-content\/uploads\/2025\/04\/songte-bushings-with-all-kinds-of-excavator-models.webp\" alt=\"Ekskavaatori puksid\" \/><\/p>\n<h2>Meie ettev\u00f5ttest<\/h2>\n<p>Oleme juhtiv asendush\u00fcdrauliliste silindrite tootja, pakkudes laia tootevalikut nii sise- kui ka v\u00e4listurgudele. Meie p\u00fchendumus tipptasemele juhib meie tootmistavasid, kasutades t\u00e4iustatud tootmisjuhtimise strateegiaid ja tipptasemel seadmeid. T\u00e4iustame pidevalt oma tootmisplatvormi tehnilise oskusteabe ja t\u00e4ppistestimiss\u00fcsteemide rakendamise abil, tagades meie toodete k\u00f5rgeima kvaliteedi. Keskendudes t\u00f5hususele, t\u00e4psusele ja klientide rahulolule, oleme p\u00fchendunud klientide mitmekesiste vajaduste rahuldamisele.<\/p>\n<p><img decoding=\"async\" src=\"https:\/\/www.hydraulic-cylinders.net\/wp-content\/uploads\/2025\/04\/songte-company-4.webp\" alt=\"Ettev\u00f5tte kuvand\" \/><br \/>\n<img decoding=\"async\" src=\"https:\/\/www.hydraulic-cylinders.net\/wp-content\/uploads\/2025\/04\/songte-company-3.webp\" alt=\"Ettev\u00f5tte kuvand\" \/><\/p>\n<p>Meie spetsialiseerumist h\u00fcdrauliliste silindrite tootmisele toetavad rahvusvahelised sertifikaadid, eritellimusel teenused ja tugev m\u00fc\u00fcgij\u00e4rgne tugi. Meie jaoks on kvaliteedikontroll esmat\u00e4htis ja me j\u00e4rgime rangeid t\u00f6\u00f6stusstandardeid, et vastata meie klientide k\u00f5rgeimatele ootustele.<\/p>\n<p>Autor: lyl<\/p>","protected":false},"excerpt":{"rendered":"<p>Boom Cylinder For KYM KY105A Product Overview The Boom Cylinder for KYM KY105A is a vital component in hydraulic systems, specifically designed for controlling the movement of buckets in heavy machinery such as excavators, backhoe loaders, and front loaders. This hydraulic cylinder enables the bucket to lift, lower, and tilt, facilitating efficient material handling tasks. [&hellip;]<\/p>","protected":false},"featured_media":17871,"comment_status":"open","ping_status":"closed","template":"","meta":{"_et_pb_use_builder":"","_et_pb_old_content":"","_et_gb_content_width":""},"product_brand":[],"product_cat":[1546],"product_tag":[1547,1496],"class_list":{"0":"post-19533","1":"product","2":"type-product","3":"status-publish","4":"has-post-thumbnail","6":"product_cat-boom-cylinders","7":"product_tag-boom-cylinders","8":"product_tag-hydraulic-cylinders","10":"first","11":"instock","12":"shipping-taxable","13":"product-type-simple"},"amp_enabled":true,"_links":{"self":[{"href":"https:\/\/www.hydraulic-cylinders.net\/et\/wp-json\/wp\/v2\/product\/19533","targetHints":{"allow":["GET"]}}],"collection":[{"href":"https:\/\/www.hydraulic-cylinders.net\/et\/wp-json\/wp\/v2\/product"}],"about":[{"href":"https:\/\/www.hydraulic-cylinders.net\/et\/wp-json\/wp\/v2\/types\/product"}],"replies":[{"embeddable":true,"href":"https:\/\/www.hydraulic-cylinders.net\/et\/wp-json\/wp\/v2\/comments?post=19533"}],"wp:featuredmedia":[{"embeddable":true,"href":"https:\/\/www.hydraulic-cylinders.net\/et\/wp-json\/wp\/v2\/media\/17871"}],"wp:attachment":[{"href":"https:\/\/www.hydraulic-cylinders.net\/et\/wp-json\/wp\/v2\/media?parent=19533"}],"wp:term":[{"taxonomy":"product_brand","embeddable":true,"href":"https:\/\/www.hydraulic-cylinders.net\/et\/wp-json\/wp\/v2\/product_brand?post=19533"},{"taxonomy":"product_cat","embeddable":true,"href":"https:\/\/www.hydraulic-cylinders.net\/et\/wp-json\/wp\/v2\/product_cat?post=19533"},{"taxonomy":"product_tag","embeddable":true,"href":"https:\/\/www.hydraulic-cylinders.net\/et\/wp-json\/wp\/v2\/product_tag?post=19533"}],"curies":[{"name":"wp","href":"https:\/\/api.w.org\/{rel}","templated":true}]}}