{"id":19538,"date":"2025-04-07T06:53:21","date_gmt":"2025-04-07T06:53:21","guid":{"rendered":"https:\/\/www.hydraulic-cylinders.net\/product\/boom-cylinder-for-pengpu-sw330es\/"},"modified":"2025-04-07T06:53:23","modified_gmt":"2025-04-07T06:53:23","slug":"boom-cylinder-for-pengpu-sw330es","status":"publish","type":"product","link":"https:\/\/www.hydraulic-cylinders.net\/et\/toode\/boom-cylinder-for-pengpu-sw330es\/","title":{"rendered":"Poomi silinder Pengpu SW330ES jaoks"},"content":{"rendered":"<h1>Poomi silinder Pengpu SW330ES jaoks<\/h1>\n<h2>Poomi silindri m\u00f5istmine<\/h2>\n<p>Noole silinder on h\u00fcdraulikas\u00fcsteemide oluline komponent, mis on spetsiaalselt loodud koppade liikumise juhtimiseks rasketes masinates, n\u00e4iteks ekskavaatorites, laadur-ekskavaatorites ja esilaadurites. See h\u00fcdraulika silinder h\u00f5lbustab kopa t\u00f5stmist, langetamist ja kallutamist, muutes selle asendamatuks t\u00f6\u00f6riistaks materjalide k\u00e4itlemise \u00fclesannete t\u00e4itmisel. Kasutades r\u00f5hu all olevat h\u00fcdraulilist vedelikku, suudavad need silindrid tekitada m\u00e4rkimisv\u00e4\u00e4rset j\u00f5udu, v\u00f5imaldades operaatoritel t\u00e4ita isegi k\u00f5ige n\u00f5udlikumaid \u00fclesandeid t\u00e4pselt ja t\u00f5husalt.<\/p>\n<p><img decoding=\"async\" src=\"https:\/\/www.hydraulic-cylinders.net\/wp-content\/uploads\/2025\/04\/songte-company-1.webp\" alt=\"Poomi silinder\"><\/p>\n<h2>Poomi silindri p\u00f5hijooned<\/h2>\n<ul>\n<li><strong>Suur tugevus ja vastupidavus:<\/strong> Tavaliselt \u00fclitugevast terasest v\u00f5i alumiiniumist valmistatud poomi silinder talub k\u00f5rget r\u00f5hku ja suuri koormusi. Selle disain h\u00f5lmab kulumiskindlust ja korrosioonikaitset, et pikendada selle eluiga.<\/li>\n<li><strong>T\u00f5hus h\u00fcdrauliline t\u00f6\u00f6:<\/strong> See silinder kasutab sujuvaks pikendamiseks ja tagasit\u00f5mbamiseks h\u00fcdraulilist \u00f5lir\u00f5hku, mis v\u00f5imaldab kiiret reageerimist operaatori k\u00e4skudele ning tugevat t\u00f5mbe- ja t\u00f5ukej\u00f5udu, mis sobib raskete ja keerukate \u00fclesannete t\u00e4itmiseks.<\/li>\n<li><strong>Saadaval on mitmesuguseid t\u00fc\u00fcpe:<\/strong> S\u00f5ltuvalt t\u00f6\u00f6vajadustest saavad kasutajad valida \u00fchetoimeliste (h\u00fcdraulilist r\u00f5hku \u00fches suunas) v\u00f5i kahetoimeliste (h\u00fcdraulilist r\u00f5hku m\u00f5lemas suunas) silindrite vahel. Teatud mudelitel on teleskoopkonstruktsioonid, mis v\u00f5imaldavad suuremat pikendust ilma v\u00e4lism\u00f5\u00f5tmeid suurendamata, mist\u00f5ttu need sobivad ideaalselt ruumikitsastes rakendustes.<\/li>\n<\/ul>\n<h2>Tootmisv\u00f5imalused<\/h2>\n<p>Meie ettev\u00f5te on v\u00f5imeline seda toodet tootma, tagades, et meie silindrid asendavad ideaalselt olemasolevaid h\u00fcdrosilindreid.<\/p>\n<p><img decoding=\"async\" src=\"https:\/\/www.hydraulic-cylinders.net\/wp-content\/uploads\/2025\/04\/songte-cylinder-head-with-all-kinds-excavator-models.webp\" alt=\"Ekskavaatori mudelid\"><\/p>\n<h2>Poomi silindri rakendused<\/h2>\n<h3>Ehitustehnika<\/h3>\n<p>Ekskavaatorites on noole silinder \u00fclioluline kaevamisel, laadimisel ja pinnase v\u00f5i prahi teisaldamisel. Selle v\u00f5ime pikendada ja sisse t\u00f5mmata v\u00f5imaldab t\u00f5husat kaevamist ja t\u00f5stmist, samas kui ekskavaator-laadurites aitab see kaasa nii kaevamis- kui ka t\u00f5stmist\u00f6\u00f6dele.<\/p>\n<h3>P\u00f5llumajandustehnika<\/h3>\n<p>Esilaadurites kasutatakse neid silindreid mulla, heina ja muude materjalide kopeerimiseks, t\u00f5stmiseks ja transportimiseks, suurendades p\u00f5llumajandust\u00f6\u00f6de tootlikkust nende \u00fclesannete lihtsustamise kaudu.<\/p>\n<h3>Ekskavaatorid<\/h3>\n<p>Noole silinder v\u00f5imaldab kopal t\u00f5husalt maapinda tungida, v\u00f5imaldades t\u00f5husat kaevamist erinevatel maastikel. Selle vastupidav disain tagab p\u00fcsiva j\u00f5udluse isegi keerulistes keskkondades.<\/p>\n<h3>Laadurid<\/h3>\n<p>Frontaallaadurites aitab noole silinder koormaid t\u00f5husalt t\u00f5sta ja t\u00fchjendada, aidates kaasa materjalide k\u00e4itlemise v\u00f5imekuse paranemisele ehitusplatsidel ja t\u00f6\u00f6stuslikes rakendustes.<\/p>\n<h2>Projekteerimiskaalutlused ja valikukriteeriumid<\/h2>\n<h3>Kandev\u00f5ime<\/h3>\n<p>Poomi silindri kandev\u00f5ime hindamine on \u00fclioluline, kuna see peab suutma kanda k\u00e4ideldavate materjalide raskust, ilma et see ohustaks ohutust v\u00f5i j\u00f5udlust. \u00dclekoormus v\u00f5ib p\u00f5hjustada silindri rikke, mis kujutab endast m\u00e4rkimisv\u00e4\u00e4rset ohtu. Silindri valimisel on oluline arvestada nii maksimaalse koormusega, mida see talub, kui ka selle t\u00f6\u00f6piiridega.<\/p>\n<h3>Tihendi terviklikkus<\/h3>\n<p>H\u00fcdrauliliste s\u00fcsteemide t\u00f5husa t\u00f6\u00f6 tagamiseks on tihendite terviklikkus \u00fclioluline. Kvaliteetsed tihendid hoiavad \u00e4ra h\u00fcdraulilise vedeliku lekke, mis on r\u00f5hu s\u00e4ilitamiseks ja s\u00fcsteemi t\u00f5husa t\u00f6\u00f6 tagamiseks \u00fclioluline. Kulumise minimeerimiseks ja vastupidavuse maksimeerimiseks tuleks valida erinevad tihendustehnoloogiad, n\u00e4iteks kolvitihendid ja varrastihendid, l\u00e4htudes konkreetsetest t\u00f6\u00f6tingimustest.<\/p>\n<h3>Vastupidavus<\/h3>\n<p>Poomisilindri vastupidavust m\u00f5jutavad kasutatud materjalid ja tootmisprotsessid. Kvaliteetsed materjalid ja t\u00e4pne projekteerimine aitavad kaasa pikemale elueale ja v\u00e4iksemale hooldusvajadusele. Oluline on valida silindrid, mis on loodud taluma karme keskkonnatingimusi, nagu \u00e4\u00e4rmuslikud temperatuurid ja s\u00f6\u00f6vitavad ained.<\/p>\n<h3>Turvaelemendid<\/h3>\n<p>Ohutusfunktsioonide lisamine noolesilindri konstruktsiooni on \u00fclioluline. See h\u00f5lmab r\u00f5hukaitseventiilide paigaldamist \u00fcler\u00f5hu v\u00e4ltimiseks ja k\u00f5igi komponentide vastavuse tagamist asjakohastele ohutusstandarditele. Nende funktsioonide terviklikkuse s\u00e4ilitamiseks ja ohutu t\u00f6\u00f6 tagamiseks tuleks regulaarselt ohutuskontrolle teha.<\/p>\n<h3>Hooldatavus<\/h3>\n<p>Hoolduse lihtsus on noolesilindri valimisel kriitilise t\u00e4htsusega tegur. Komponendid peaksid olema konstrueeritud nii, et neile oleks lihtne juurde p\u00e4\u00e4seda, et h\u00f5lbustada rutiinseid kontrolle ja remonti. T\u00f5hus hooldusplaan peaks h\u00f5lmama regulaarseid kontrolle ja ennetavaid meetmeid kulumise ennetamiseks enne, kui see viib s\u00fcsteemi riketeni.<\/p>\n<p><img decoding=\"async\" src=\"https:\/\/www.hydraulic-cylinders.net\/wp-content\/uploads\/2025\/04\/songte-oil-pipes-and-spare-parts.webp\" alt=\"\u00d5litorud ja varuosad\"><\/p>\n<h2>Tihendus ja m\u00e4\u00e4rimine<\/h2>\n<p>H\u00fcdrauliliste silindrite efektiivsuse s\u00e4ilitamiseks on oluline kasutada mitmesuguseid tihenduselemente, n\u00e4iteks kolvitihendeid ja varrastihendeid. Kulumiskindluse t\u00f5ttu on eelistatud vastupidavatest materjalidest, n\u00e4iteks pol\u00fcuretaanist ja nitriilkummist, valmistatud tihendid. Silindri korpus ja keermestatud otsad peavad kulumiskindluse suurendamiseks l\u00e4bima peene t\u00f6\u00f6tluse. Liikuvate osade h\u00f5\u00f5rdumise ja kulumise v\u00e4ltimiseks on vaja regulaarselt h\u00fcdraulika\u00f5liga m\u00e4\u00e4rida, mis tagab silindri optimaalse j\u00f5udluse ja pikaealisuse.<\/p>\n<h2>Ennetavad hooldusmeetmed<\/h2>\n<ul>\n<li><strong>Regulaarsed kontrollid:<\/strong> Rutiinsete kontrollide l\u00e4biviimine v\u00f5imaldab probleeme varakult avastada, enne kui need t\u00f5sisemateks probleemideks eskaleeruvad. Kontrollige regulaarselt lekete, kulumise ja s\u00fcsteemi \u00fcldise terviklikkuse suhtes.<\/li>\n<li><strong>\u00d5ige m\u00e4\u00e4rimine:<\/strong> Veenduge, et silinder oleks tootja spetsifikatsioonide kohaselt piisavalt m\u00e4\u00e4ritud. M\u00e4\u00e4rimise puudumine v\u00f5ib p\u00f5hjustada suurenenud h\u00f5\u00f5rdumist ja enneaegset kulumist.<\/li>\n<li><strong>Tihendi vahetamine:<\/strong> Kontrollige regulaarselt tihendeid kulumisj\u00e4lgede suhtes ja vahetage need vastavalt vajadusele, et v\u00e4ltida h\u00fcdraulikavedeliku lekkeid ja s\u00e4ilitada s\u00fcsteemi efektiivsus.<\/li>\n<\/ul>\n<h2>Paigaldusjuhend<\/h2>\n<p>Noolesilindri paigaldamine n\u00f5uab hoolikat t\u00e4helepanu detailidele, et tagada n\u00f5uetekohane toimimine ja ohutus. Alustage k\u00f5igi vajalike t\u00f6\u00f6riistade ja ohutusvarustuse kogumisest. Joondage silinder \u00f5igesti kinnituspunktidega, veendudes, et see on sirge ja kindel. Paigaldamise ajal on silindri stabiliseerimiseks soovitatav kasutada sobivaid kinnitusklambreid. Kui see on \u00f5igesti paigutatud, pingutage k\u00f5ik \u00fchendused ilma \u00fcle pingutamata, kuna see v\u00f5ib komponente kahjustada. P\u00e4rast paigaldamist kontrollige enne masina kasutamist, et poleks joondusvigu ega lekkeid.<\/p>\n<h2>Levinumad hooldust\u00f6\u00f6d<\/h2>\n<ul>\n<li><strong>Regulaarsed kontrollid:<\/strong> Planeerige rutiinseid kontrolle poomi silindri \u00fcldise seisukorra j\u00e4lgimiseks, sh lekete v\u00f5i kahjustuste visuaalne kontroll.<\/li>\n<li><strong>M\u00e4\u00e4rimine:<\/strong> Rakendage regulaarset m\u00e4\u00e4rimisgraafikut, et tagada liikuvate osade hea m\u00e4\u00e4rimine kulumise v\u00e4hendamiseks ja j\u00f5udluse parandamiseks.<\/li>\n<li><strong>Tihendi vahetamine:<\/strong> Pidage vahetustihendite inventuuri ja koostage ennetav vahetusgraafik, et v\u00e4ltida lekkeid ja s\u00fcsteemi ebaefektiivsust.<\/li>\n<\/ul>\n<h2>Ohutuskaalutlused ja keskkonnategurid<\/h2>\n<p>H\u00fcdrauliliste s\u00fcsteemidega t\u00f6\u00f6tamisel on \u00f5nnetuste ja vigastuste v\u00e4ltimiseks \u00fcliolulised ohutusmeetmed. H\u00fcdrauliliste silindrite k\u00e4sitsemisel kandke alati sobivaid isikukaitsevahendeid (IKV), n\u00e4iteks kindaid ja kaitseprille. Lisaks veenduge, et t\u00f6\u00f6keskkond oleks vaba ohtudest, mis v\u00f5ivad p\u00f5hjustada \u00f5nnetusi. Samuti on oluline operaatorite n\u00f5uetekohane v\u00e4lja\u00f5pe h\u00fcdrauliliste s\u00fcsteemide ohutu kasutamise ja nendega seotud v\u00f5imalike ohtude kohta.<\/p>\n<h2>Levinud probleemide t\u00f5rkeotsing<\/h2>\n<ul>\n<li><strong>Leke:<\/strong> Lekke avastamisel tuleb s\u00fcsteem viivitamatult isoleerida ja kontrollida k\u00f5iki tihendeid ja \u00fchendusi kahjustuste suhtes.<\/li>\n<li><strong>J\u00f5udlusprobleemid:<\/strong> Kui silinder ei reageeri korralikult, kontrollige h\u00fcdraulikavedeliku taset ja filtri seisukorda. Madal vedelikutase v\u00f5ib v\u00e4hendada j\u00f5udlust.<\/li>\n<li><strong>M\u00fcra t\u00f6\u00f6tamise ajal:<\/strong> Ebatavalised helid v\u00f5ivad viidata \u00f5hule h\u00fcdraulikas\u00fcsteemis v\u00f5i ebapiisavale m\u00e4\u00e4rimisele. \u00d5hutage s\u00fcsteemi \u00f5hust ja kontrollige m\u00e4\u00e4rimistaset.<\/li>\n<\/ul>\n<h2>Veaotsingu n\u00e4pun\u00e4ited<\/h2>\n<p>Probleemide t\u00f5husaks diagnoosimiseks pidage logi k\u00f5igist j\u00f5udlusprobleemidest, m\u00e4rkides \u00e4ra nende tekkimise aja ja tingimused. See teave aitab tuvastada mustreid, mis viitavad konkreetsetele p\u00f5hjustele. Rakendage ennetava hoolduse ajakava, et regulaarselt kontrollida v\u00f5imalikke probleeme, tagades s\u00fcsteemi optimaalse toimimise ja minimeerides ootamatuid rikkeid.<\/p>\n<p><img decoding=\"async\" src=\"https:\/\/www.hydraulic-cylinders.net\/wp-content\/uploads\/2025\/04\/songte-bushings-with-all-kinds-of-excavator-models.webp\" alt=\"Puksid ekskavaatorimudelitega\"><\/p>\n<h2>Meie ettev\u00f5ttest<\/h2>\n<p>Oleme asendush\u00fcdrauliliste silindrite tootja, pakkudes laia tootevalikut ning olles \u00fcks juhtivaid tootjaid ja hulgim\u00fc\u00fcjaid nii sise- kui ka rahvusvahelistel turgudel. Meie eesm\u00e4rk on pakkuda tipptasemel kvaliteeti, kasutades t\u00e4iustatud tootmist\u00f6\u00f6koja strateegiat ja digitaalseid tipptasemel tootmisseadmeid, t\u00e4iustades pidevalt oma tootmisplatvormi. Keskendudes kvaliteetsetele tootmismeetoditele ja tugevale loomingulisele v\u00f5imekusele, p\u00fc\u00fcame t\u00f5husalt ja t\u00e4pselt rahuldada klientide mitmekesiseid vajadusi.<\/p>\n<p><img decoding=\"async\" src=\"https:\/\/www.hydraulic-cylinders.net\/wp-content\/uploads\/2025\/04\/songte-company-4.webp\" alt=\"Ettev\u00f5tte \u00fclevaade\"><br \/>\n<img decoding=\"async\" src=\"https:\/\/www.hydraulic-cylinders.net\/wp-content\/uploads\/2025\/04\/songte-company-3.webp\" alt=\"Ettev\u00f5tte rajatised\"><\/p>\n<p>Meie asjatundlikkus h\u00f5lmab kutsekvalifikatsioone, rahvusvahelisi sertifikaate, kohandatud teenuseid ja t\u00e4iustatud tootmisseadmeid, mida t\u00e4iendab spetsiaalne m\u00fc\u00fcgij\u00e4rgne tugi klientide rahulolu ja tootekvaliteedi tagamiseks.<\/p>\n<p>Autor: lyl<\/p>","protected":false},"excerpt":{"rendered":"<p>Boom Cylinder For Pengpu SW330ES Understanding the Boom Cylinder The Boom Cylinder is an essential component in hydraulic systems, specifically designed for controlling the movement of buckets in heavy machinery such as excavators, backhoe loaders, and front loaders. This hydraulic cylinder facilitates the lifting, lowering, and tilting of the bucket, making it an indispensable tool [&hellip;]<\/p>","protected":false},"featured_media":17876,"comment_status":"open","ping_status":"closed","template":"","meta":{"_et_pb_use_builder":"","_et_pb_old_content":"","_et_gb_content_width":""},"product_brand":[],"product_cat":[1546],"product_tag":[1547,1496],"class_list":{"0":"post-19538","1":"product","2":"type-product","3":"status-publish","4":"has-post-thumbnail","6":"product_cat-boom-cylinders","7":"product_tag-boom-cylinders","8":"product_tag-hydraulic-cylinders","10":"first","11":"instock","12":"shipping-taxable","13":"product-type-simple"},"amp_enabled":true,"_links":{"self":[{"href":"https:\/\/www.hydraulic-cylinders.net\/et\/wp-json\/wp\/v2\/product\/19538","targetHints":{"allow":["GET"]}}],"collection":[{"href":"https:\/\/www.hydraulic-cylinders.net\/et\/wp-json\/wp\/v2\/product"}],"about":[{"href":"https:\/\/www.hydraulic-cylinders.net\/et\/wp-json\/wp\/v2\/types\/product"}],"replies":[{"embeddable":true,"href":"https:\/\/www.hydraulic-cylinders.net\/et\/wp-json\/wp\/v2\/comments?post=19538"}],"wp:featuredmedia":[{"embeddable":true,"href":"https:\/\/www.hydraulic-cylinders.net\/et\/wp-json\/wp\/v2\/media\/17876"}],"wp:attachment":[{"href":"https:\/\/www.hydraulic-cylinders.net\/et\/wp-json\/wp\/v2\/media?parent=19538"}],"wp:term":[{"taxonomy":"product_brand","embeddable":true,"href":"https:\/\/www.hydraulic-cylinders.net\/et\/wp-json\/wp\/v2\/product_brand?post=19538"},{"taxonomy":"product_cat","embeddable":true,"href":"https:\/\/www.hydraulic-cylinders.net\/et\/wp-json\/wp\/v2\/product_cat?post=19538"},{"taxonomy":"product_tag","embeddable":true,"href":"https:\/\/www.hydraulic-cylinders.net\/et\/wp-json\/wp\/v2\/product_tag?post=19538"}],"curies":[{"name":"wp","href":"https:\/\/api.w.org\/{rel}","templated":true}]}}