{"id":19539,"date":"2025-04-07T06:53:23","date_gmt":"2025-04-07T06:53:23","guid":{"rendered":"https:\/\/www.hydraulic-cylinders.net\/product\/boom-cylinder-for-pushhm-pz35-7\/"},"modified":"2025-04-07T06:53:26","modified_gmt":"2025-04-07T06:53:26","slug":"boom-cylinder-for-pushhm-pz35-7","status":"publish","type":"product","link":"https:\/\/www.hydraulic-cylinders.net\/et\/toode\/boom-cylinder-for-pushhm-pz35-7\/","title":{"rendered":"Poomi silinder Pushhm PZ35-7 jaoks"},"content":{"rendered":"<h1>Poomi silinder Pushhm PZ35-7 jaoks<\/h1>\n<h2>Toote \u00fclevaade<\/h2>\n<p>Pushhm PZ35-7 poomi silinder on rasketehnika koppade liikumise juhtimiseks m\u00f5eldud h\u00fcdraulikas\u00fcsteemide kriitiline komponent. See spetsiaalne h\u00fcdraulika silinder v\u00f5imaldab koppade t\u00f5stmist, langetamist ja kallutamist erinevates rakendustes, sealhulgas ekskavaatoritel, laadur-ekskavaatoritel ja esilaaduritel. Selle peamine \u00fclesanne on h\u00f5lbustada t\u00f5husaid materjalik\u00e4itlust\u00f6id, pakkudes t\u00e4pset liikumist ja juhtimist.<\/p>\n<p><img decoding=\"async\" src=\"https:\/\/www.hydraulic-cylinders.net\/wp-content\/uploads\/2025\/04\/songte-company-1.webp\" alt=\"Poomi silinder\" \/><\/p>\n<h3>Mis on \u00e4mbrisilinder?<\/h3>\n<p>Kopa silinder on h\u00fcdrosilindri t\u00fc\u00fcp, mis on spetsiaalselt loodud raskete masinate koppade k\u00e4itamiseks. Need silindrid m\u00e4ngivad h\u00fcdros\u00fcsteemides olulist rolli, v\u00f5imaldades kopa asendit t\u00f5husalt manipuleerida. Kasutades r\u00f5hu all olevat h\u00fcdraulilist vedelikku, suudavad kopa silindrid tekitada vajaliku j\u00f5u raskete koormate t\u00e4pseks t\u00f5stmiseks ja teisaldamiseks. Nende disain keskendub vastupidavusele ja t\u00f5hususele, muutes need h\u00e4davajalikuks ehituses, p\u00f5llumajanduses ja t\u00f6\u00f6stuslikes rakendustes.<\/p>\n<h2>Poomi silindri omadused<\/h2>\n<ul>\n<li><strong>Suur tugevus ja vastupidavus:<\/strong> Need \u00fclitugevast terasest v\u00f5i alumiiniumist valmistatud silindrid on loodud taluma k\u00f5rget r\u00f5hku ja suuri koormusi, kohandudes karmide t\u00f6\u00f6keskkondadega ja pikendades samal ajal eluiga kulumiskindluse ja korrosioonikaitse abil.<\/li>\n<li><strong>T\u00f5hus h\u00fcdrauliline t\u00f6\u00f6:<\/strong> Need tagavad sujuva pikenemise ja tagasit\u00f5mbamise h\u00fcdraulilise \u00f5lir\u00f5hu abil, v\u00f5imaldades kiiret reageerimist juhtimissisenditele ning pakkudes m\u00e4rkimisv\u00e4\u00e4rset t\u00f5uke- ja t\u00f5mbej\u00f5udu, mis sobib ideaalselt raskete esemete t\u00f5stmiseks ja keerukate \u00fclesannete t\u00e4itmiseks.<\/li>\n<li><strong>Erinevad t\u00fc\u00fcbid:<\/strong> Need silindrid on saadaval \u00fchetoimeliste (\u00fches suunas t\u00f6\u00f6tavate) ja kahetoimeliste (m\u00f5lemas suunas t\u00f6\u00f6tavate) konfiguratsioonidena ning neid saab kohandada vastavalt konkreetsetele t\u00f6\u00f6vajadustele. M\u00f5nel mudelil on teleskoopkonstruktsioonid, mis v\u00f5imaldavad suuremat ulatust ilma v\u00e4lism\u00f5\u00f5tmeid suurendamata.<\/li>\n<\/ul>\n<h3>Tootmisv\u00f5ime<\/h3>\n<p>Meil on selle toote valmistamiseks vajalikud teadmised, mis tagavad, et meie h\u00fcdrosilindrid suudavad olemasolevaid mudeleid ideaalselt asendada. Meie p\u00fchendumus kvaliteedile tagab usaldusv\u00e4\u00e4rse j\u00f5udluse n\u00f5udlikes rakendustes.<\/p>\n<p><img decoding=\"async\" src=\"https:\/\/www.hydraulic-cylinders.net\/wp-content\/uploads\/2025\/04\/songte-cylinder-head-with-all-kinds-excavator-models.webp\" alt=\"Silindripea\" \/><\/p>\n<h2>Poomi silindri rakendused<\/h2>\n<ul>\n<li><strong>Ehitustehnika:<\/strong> Ekskavaatorites on noolesilindrid \u00fcliolulised pinnase v\u00f5i prahi kaevamiseks, laadimiseks ja transportimiseks. Need pakuvad vajalikku t\u00f5stej\u00f5udu raskete materjalide t\u00f5husaks teisaldamiseks, tagades sujuva t\u00f6\u00f6 ehitusplatsidel.<\/li>\n<li><strong>P\u00f5llumajandusmasinad:<\/strong> Esilaadurites kasutatavad silindrid h\u00f5lbustavad mulla, heina ja muude materjalide korjamist, t\u00f5stmist ja transportimist, suurendades oluliselt p\u00f5llumajandust\u00f6\u00f6de tootlikkust.<\/li>\n<li><strong>Ekskavaatorid:<\/strong> Noole silinder v\u00f5imaldab kopal maasse tungida, v\u00f5imaldades t\u00f5husat kaevamist. Selle h\u00fcdraulilised omadused muudavad selle h\u00e4davajalikuks mitmesuguste kaevet\u00f6\u00f6de jaoks.<\/li>\n<li><strong>Laadurid:<\/strong> Esilaadurites aitavad noolesilindrid koormaid t\u00f5husalt t\u00f5sta ja t\u00fchjendada, mist\u00f5ttu on need ehituses ja haljastuses materjalide k\u00e4itlemisel \u00fcliolulised.<\/li>\n<\/ul>\n<h2>Projekteerimiskaalutlused ja valikukriteeriumid<\/h2>\n<ul>\n<li><strong>Kandev\u00f5ime:<\/strong> Noole silindri konstruktsioon peab vastu pidama maksimaalsele koormusele, millega see t\u00f6\u00f6 ajal kokku puutub. Sobiva kandev\u00f5imega silindri valimine tagab ohutu ja t\u00f5husa t\u00f6\u00f6, v\u00e4hendades rikkeohtu.<\/li>\n<li><strong>Tihendus:<\/strong> H\u00fcdraulilise vedeliku lekete v\u00e4ltimiseks, mis v\u00f5ivad kahjustada j\u00f5udlust ja ohutust, on olulised korralikud tihendusmehhanismid. Kvaliteetsed tihendid, n\u00e4iteks vastupidavatest materjalidest kolvi- ja varrastihendid, suurendavad t\u00f6\u00f6kindlust ja eluiga.<\/li>\n<li><strong>Vastupidavus:<\/strong> Tugev konstruktsioon on pikaajaliseks t\u00f6\u00f6ks n\u00f5udlikes tingimustes \u00fclioluline. Materjalide, n\u00e4iteks \u00fclitugeva terase valik m\u00f5jutab silindri vastupidavust kulumisele, rebenemisele ja keskkonnateguritele.<\/li>\n<li><strong>Ohutus:<\/strong> Ohutusfunktsioonid, n\u00e4iteks \u00fcler\u00f5huventiilid ja vastupidavad kinnituspunktid, on t\u00f6\u00f6ohutuse s\u00e4ilitamiseks \u00fcliolulised. T\u00f6\u00f6keskkonna m\u00f5istmine aitab valida ohutusstandarditele vastavaid balloone.<\/li>\n<li><strong>Hooldus:<\/strong> Projekteerimine peaks h\u00f5lbustama h\u00f5lpsat hooldust ja remonti, v\u00f5imaldades rutiinseid kontrolle ja osade vahetamist ilma pika seisakuta. See h\u00f5lmab komponentide ligip\u00e4\u00e4setavuse ja modulaarsuse arvestamist.<\/li>\n<\/ul>\n<p><img decoding=\"async\" src=\"https:\/\/www.hydraulic-cylinders.net\/wp-content\/uploads\/2025\/04\/songte-oil-pipes-and-spare-parts.webp\" alt=\"\u00d5litorud ja varuosad\" \/><\/p>\n<h2>Tihendus ja m\u00e4\u00e4rimine<\/h2>\n<p>T\u00f5hus tihendamine ja m\u00e4\u00e4rimine on poomi silindri j\u00f5udluse seisukohalt kriitilise t\u00e4htsusega. H\u00fcdraulilise vedeliku lekete v\u00e4ltimiseks kasutatakse mitmesuguseid tihenduselemente, n\u00e4iteks kolvitihendeid ja vardatihendeid. Need tihendid on vastupidavuse suurendamiseks tavaliselt valmistatud kulumiskindlatest materjalidest, n\u00e4iteks pol\u00fcuretaanist ja nitriilkummist.<\/p>\n<p>Silindri korpus ja keermestatud otsad on l\u00e4binud t\u00e4pse t\u00f6\u00f6tlemise, et parandada kulumiskindlust ja tihendust\u00f5husust. Regulaarne m\u00e4\u00e4rimine h\u00fcdraulika\u00f5liga on vajalik h\u00f5\u00f5rdumise ja kulumise minimeerimiseks, tagades sujuva t\u00f6\u00f6 ja pikendades silindri komponentide eluiga.<\/p>\n<h2>Hooldusmeetmed<\/h2>\n<ul>\n<li><strong>Regulaarsed kontrollid:<\/strong> Tehke regulaarseid kontrolle kulumise, lekete v\u00f5i kahjustuste tunnuste tuvastamiseks. Probleemide varajane avastamine v\u00f5imaldab \u00f5igeaegset remonti, ennetades edasisi kahjustusi ja tagades j\u00e4rjepideva j\u00f5udluse.<\/li>\n<li><strong>\u00d5ige m\u00e4\u00e4rimine:<\/strong> Veenduge, et h\u00fcdraulika\u00f5li oleks alati piisavas koguses. M\u00e4\u00e4rimise puudumine suurendab h\u00f5\u00f5rdumist ja kulumist, l\u00fchendades oluliselt h\u00fcdraulikakomponentide eluiga.<\/li>\n<li><strong>Tihendi vahetamine:<\/strong> Kontrollige regulaarselt tihendite kulumist ja vahetage need vastavalt vajadusele, et s\u00e4ilitada h\u00fcdrauliline terviklikkus ja v\u00e4ltida lekkeid. Tihendite heas seisukorras hoidmine on ohutu ja t\u00f5husa t\u00f6\u00f6 tagamiseks h\u00e4davajalik.<\/li>\n<\/ul>\n<h2>Paigaldusjuhised<\/h2>\n<p>Poomi silindri \u00f5ige paigaldamine on optimaalse j\u00f5udluse saavutamiseks \u00fclioluline. Alustage silindri t\u00e4psest joondamisest masina kinnituspunktidega. Kasutage silindri kinnitamiseks sobivaid kinnitusklambreid, veendudes, et see on \u00f5igesti joondatud, et v\u00e4ltida komponentidele ebavajalikku survet.<\/p>\n<p>Kontrollige k\u00f5iki h\u00fcdraulika\u00fchendusi ja veenduge, et need oleksid lekete v\u00e4ltimiseks tihedalt kinni. P\u00e4rast paigaldamist testige h\u00fcdraulikas\u00fcsteemi, et veenduda selle sujuvas t\u00f6\u00f6s ja silindri korrektses reageerimises k\u00e4skudele. J\u00e4lgige paigaldust regulaarselt joondusvea v\u00f5i kulumise suhtes.<\/p>\n<h2>Levinumad hooldust\u00f6\u00f6d<\/h2>\n<ul>\n<li><strong>Regulaarsed kontrollid:<\/strong> Planeerige regulaarseid kontrolle, et j\u00e4lgida poomi silindri ja \u00fcmbritsevate komponentide seisukorda. See ennetav l\u00e4henemisviis aitab tuvastada v\u00f5imalikke probleeme enne, kui need s\u00fcvenevad.<\/li>\n<li><strong>Sobiv m\u00e4\u00e4rimine:<\/strong> Tootja soovituste j\u00e4rgimine m\u00e4\u00e4rimissageduse ja -t\u00fc\u00fcbi osas on oluline. N\u00f5uetekohane m\u00e4\u00e4rimine v\u00e4hendab h\u00f5\u00f5rdumist ja kulumist, tagades t\u00f5husa t\u00f6\u00f6.<\/li>\n<li><strong>Tihendi vahetamine ja kalibreerimise kontrollimine:<\/strong> H\u00fcdraulikas\u00fcsteemi terviklikkuse s\u00e4ilitamiseks kontrollige ja vahetage regulaarselt tihendeid. Kalibreerimiskontrollid tagavad, et silinder t\u00f6\u00f6tab etten\u00e4htud parameetrite piires, ennetades t\u00f6\u00f6katkestusi.<\/li>\n<\/ul>\n<p><img decoding=\"async\" src=\"https:\/\/www.hydraulic-cylinders.net\/wp-content\/uploads\/2025\/04\/songte-chushion-collar.webp\" alt=\"Padjakaelus\" \/><\/p>\n<h2>Ohutuskaalutlused ja keskkonnategurid<\/h2>\n<p>H\u00fcdrauliliste silindrite kasutamisel on oluline m\u00f5ista ohutusmeetmeid, et v\u00e4ltida \u00f5nnetusi ning tagada operaatorite ja masinate ohutus. Regulaarne koolitus ohutute t\u00f6\u00f6tavade ja seadmete \u00f5ige kasutamise kohta on oluline h\u00fcdrauliliste s\u00fcsteemidega seotud riskide minimeerimiseks.<\/p>\n<h2>Rikete diagnoosimine ja levinud probleemid<\/h2>\n<ul>\n<li><strong>Leke:<\/strong> H\u00fcdrauliliste silindrite lekete tuvastamine on kriitilise t\u00e4htsusega. Levinud n\u00e4htudeks on vedeliku kogunemine silindri aluse \u00fcmber v\u00f5i ootamatu vedelikutaseme langus. Tegelege leketega viivitamatult, et v\u00e4ltida ebaefektiivsust t\u00f6\u00f6s.<\/li>\n<li><strong>Halb j\u00f5udlus:<\/strong> Kui silindri liikumine on aeglane v\u00f5i reaktsioon eba\u00fchtlane, v\u00f5ib see viidata madalale h\u00fcdraulikavedeliku tasemele v\u00f5i s\u00fcsteemi saastumisele. Regulaarne hooldus ja vedelike kontrollimine aitavad neid probleeme v\u00e4ltida.<\/li>\n<li><strong>M\u00fcrane t\u00f6\u00f6:<\/strong> Ebatavalised helid t\u00f6\u00f6tamise ajal v\u00f5ivad viidata sisemisele kulumisele v\u00f5i ebapiisavale m\u00e4\u00e4rimisele. Uurige m\u00fcra allikat ja tehke probleemi lahendamiseks vajalik hooldus.<\/li>\n<\/ul>\n<h2>Veaotsingu n\u00e4pun\u00e4ited<\/h2>\n<p>Poomi silindri probleemide t\u00f5husaks diagnoosimiseks ja lahendamiseks j\u00e4rgige neid t\u00f5rkeotsingu n\u00e4pun\u00e4iteid:<\/p>\n<ul>\n<li>Optimaalse j\u00f5udluse tagamiseks kontrollige regulaarselt h\u00fcdraulikavedeliku taset ja kvaliteeti.<\/li>\n<li>Lekete v\u00e4ltimiseks kontrollige tihendeid ja \u00fchendusi kulumise v\u00f5i kahjustuste suhtes.<\/li>\n<li>J\u00e4lgige silindri t\u00f6\u00f6d ebanormaalsete helide v\u00f5i j\u00f5udlusprobleemide suhtes ja lahendage need kohe, et v\u00e4ltida edasisi kahjustusi.<\/li>\n<\/ul>\n<p><img decoding=\"async\" src=\"https:\/\/www.hydraulic-cylinders.net\/wp-content\/uploads\/2025\/04\/songte-bushings-with-all-kinds-of-excavator-models.webp\" alt=\"Puksid\" \/><\/p>\n<h2>Meie ettev\u00f5ttest<\/h2>\n<p>Oleme juhtiv asendush\u00fcdrauliliste silindrite tootja, pakkudes laia tootevalikut nii sise- kui ka rahvusvahelisele turule. Meie p\u00fchendumust tipptasemele toetab t\u00e4iustatud tootmisstrateegia, mis kasutab tipptehnoloogiat ja oskuslikke spetsialiste kvaliteetsete h\u00fcdrauliliste lahenduste loomiseks.<\/p>\n<p>Meie prioriteediks on kvaliteedikontroll, tagades iga toote vastavuse rangetele rahvusvahelistele standarditele. Meie kohandatud teenindusv\u00f5imalused v\u00f5imaldavad meil rahuldada klientide mitmekesiseid vajadusi, samas kui meie tipptasemel tootmisseadmed ja p\u00fchendunud m\u00fc\u00fcgij\u00e4rgne tugi tagavad klientide rahulolu.<\/p>\n<p><img decoding=\"async\" src=\"https:\/\/www.hydraulic-cylinders.net\/wp-content\/uploads\/2025\/04\/songte-company-4.webp\" alt=\"Ettev\u00f5tte \u00fclevaade\" \/><br \/>\n<img decoding=\"async\" src=\"https:\/\/www.hydraulic-cylinders.net\/wp-content\/uploads\/2025\/04\/songte-company-3.webp\" alt=\"Tootmis\u00fcksus\" \/><\/p>\n<p>Autor: lyl<\/p>","protected":false},"excerpt":{"rendered":"<p>Boom Cylinder For Pushhm PZ35-7 Product Overview The Boom Cylinder For Pushhm PZ35-7 is a critical component in hydraulic systems designed to control the movement of heavy machinery buckets. This specialized hydraulic cylinder enables the lifting, lowering, and tilting of buckets in various applications, including excavators, backhoe loaders, and front-end loaders. Its primary function is [&hellip;]<\/p>","protected":false},"featured_media":17877,"comment_status":"open","ping_status":"closed","template":"","meta":{"_et_pb_use_builder":"","_et_pb_old_content":"","_et_gb_content_width":""},"product_brand":[],"product_cat":[1546],"product_tag":[1547,1496],"class_list":{"0":"post-19539","1":"product","2":"type-product","3":"status-publish","4":"has-post-thumbnail","6":"product_cat-boom-cylinders","7":"product_tag-boom-cylinders","8":"product_tag-hydraulic-cylinders","10":"first","11":"instock","12":"shipping-taxable","13":"product-type-simple"},"amp_enabled":true,"_links":{"self":[{"href":"https:\/\/www.hydraulic-cylinders.net\/et\/wp-json\/wp\/v2\/product\/19539","targetHints":{"allow":["GET"]}}],"collection":[{"href":"https:\/\/www.hydraulic-cylinders.net\/et\/wp-json\/wp\/v2\/product"}],"about":[{"href":"https:\/\/www.hydraulic-cylinders.net\/et\/wp-json\/wp\/v2\/types\/product"}],"replies":[{"embeddable":true,"href":"https:\/\/www.hydraulic-cylinders.net\/et\/wp-json\/wp\/v2\/comments?post=19539"}],"wp:featuredmedia":[{"embeddable":true,"href":"https:\/\/www.hydraulic-cylinders.net\/et\/wp-json\/wp\/v2\/media\/17877"}],"wp:attachment":[{"href":"https:\/\/www.hydraulic-cylinders.net\/et\/wp-json\/wp\/v2\/media?parent=19539"}],"wp:term":[{"taxonomy":"product_brand","embeddable":true,"href":"https:\/\/www.hydraulic-cylinders.net\/et\/wp-json\/wp\/v2\/product_brand?post=19539"},{"taxonomy":"product_cat","embeddable":true,"href":"https:\/\/www.hydraulic-cylinders.net\/et\/wp-json\/wp\/v2\/product_cat?post=19539"},{"taxonomy":"product_tag","embeddable":true,"href":"https:\/\/www.hydraulic-cylinders.net\/et\/wp-json\/wp\/v2\/product_tag?post=19539"}],"curies":[{"name":"wp","href":"https:\/\/api.w.org\/{rel}","templated":true}]}}