{"id":19540,"date":"2025-04-07T06:53:26","date_gmt":"2025-04-07T06:53:26","guid":{"rendered":"https:\/\/www.hydraulic-cylinders.net\/product\/boom-cylinder-for-pushhm-pz60-7b\/"},"modified":"2025-04-07T06:53:28","modified_gmt":"2025-04-07T06:53:28","slug":"boom-cylinder-for-pushhm-pz60-7b","status":"publish","type":"product","link":"https:\/\/www.hydraulic-cylinders.net\/et\/toode\/boom-cylinder-for-pushhm-pz60-7b\/","title":{"rendered":"Poomi silinder Pushhm PZ60-7B jaoks"},"content":{"rendered":"<h1>Poomi silinder Pushhm PZ60-7B jaoks<\/h1>\n<h2>Toote \u00fclevaade<\/h2>\n<p>See <strong>Poomi silinder Pushhm PZ60-7B jaoks<\/strong> on h\u00fcdros\u00fcsteemide oluline komponent, mis on spetsiaalselt loodud rasketehnika koppade liikumise juhtimiseks. Need silindrid v\u00f5imaldavad koppade t\u00f5stmist, langetamist ja kallutamist sellistes seadmetes nagu ekskavaatorid, laadur-ekskavaatorid ja esilaadurid, h\u00f5lbustades mitmesuguseid materjalik\u00e4itlust\u00f6id.<\/p>\n<p><img decoding=\"async\" src=\"https:\/\/www.hydraulic-cylinders.net\/wp-content\/uploads\/2025\/04\/songte-company-1.webp\" alt=\"Ekskavaatorite poomi silinder\"><\/p>\n<h3>Mis on \u00e4mbrisilinder?<\/h3>\n<p>Kopa silinder on h\u00fcdraulilise silindri t\u00fc\u00fcp, millel on rasketehnika t\u00f6\u00f6s oluline roll. See sisaldab h\u00fcdraulilist vedelikku, mis loob r\u00f5hu, v\u00f5imaldades sujuvat ja t\u00f5husat liikumist. Kopa silindrite disain tagab, et need taluvad k\u00f5rget r\u00f5hku ja raskeid koormusi, mist\u00f5ttu on need h\u00e4davajalikud ehituses, p\u00f5llumajanduses ja mujal. Nende v\u00f5ime hallata koppade d\u00fcnaamilisi liikumisi aitab materjalide kaevamisel, t\u00f5stmisel ja transportimisel, suurendades t\u00f6\u00f6platside tootlikkust.<\/p>\n<h2>Poomi silindri omadused<\/h2>\n<ul>\n<li><strong>Suur tugevus ja vastupidavus:<\/strong> Tavaliselt \u00fclitugevast terasest v\u00f5i alumiiniumist valmistatud silindrid taluvad k\u00f5rget r\u00f5hku ja suuri koormusi, sobides karmidesse t\u00f6\u00f6keskkondadesse. Nende konstruktsioonis on arvestatud kulumiskindluse ja korrosioonikaitsega, et pikendada nende eluiga.<\/li>\n<li><strong>T\u00f5hus h\u00fcdrauliline t\u00f6\u00f6:<\/strong> H\u00fcdraulilise \u00f5li r\u00f5hu abil v\u00f5imaldavad need silindrid sujuvat pikendamist ja tagasit\u00f5mbamist, reageerides kiiresti t\u00f6\u00f6k\u00e4sklustele ja pakkudes v\u00f5imsat t\u00f5uke- ja t\u00f5mbej\u00f5udu, mis sobib ideaalselt raskete ja keerukate \u00fclesannete t\u00e4itmiseks.<\/li>\n<li><strong>Erinevad t\u00fc\u00fcbid:<\/strong> Saadaval \u00fchetoimelise (h\u00fcdrauliline \u00fches suunas) v\u00f5i kahetoimelise (h\u00fcdrauliline m\u00f5lemas suunas) mudelina, et rahuldada erinevaid t\u00f6\u00f6vajadusi. M\u00f5ned mudelid on teleskoopilised, v\u00f5imaldades suuremat pikendamist ilma v\u00e4lism\u00f5\u00f5tmeid suurendamata, sobides ruumikitsastes rakendustes.<\/li>\n<li><strong>Kohandatavad lahendused:<\/strong> Me toodame tooteid, mis suudavad ideaalselt asendada olemasolevaid h\u00fcdrosilindreid, tagades \u00fchilduvuse ja j\u00f5udluse.<\/li>\n<li><strong>T\u00e4ppistehnika:<\/strong> Iga silinder on t\u00e4pselt konstrueeritud, et tagada optimaalne j\u00f5udlus ja t\u00f6\u00f6kindlus n\u00f5udlikes tingimustes.<\/li>\n<\/ul>\n<p><img decoding=\"async\" src=\"https:\/\/www.hydraulic-cylinders.net\/wp-content\/uploads\/2025\/04\/songte-cylinder-head-with-all-kinds-excavator-models.webp\" alt=\"Ekskavaatorite silindripea\"><\/p>\n<h2>Rakendusstsenaariumid<\/h2>\n<h3>Ehitustehnika<\/h3>\n<p>Ekskavaatorites on noolesilindrid olulised kaevamiseks, laadimiseks ja mulla v\u00f5i prahi teisaldamiseks. Need v\u00f5imaldavad kopal pinnasesse tungida, tagades t\u00f5husa kaevamisprotsessi. Ekskavaator-laadurites aitavad need silindrid lisaks kaevamisele ka t\u00f5stet\u00f6\u00f6del, pakkudes mitmek\u00fclgsust ehitust\u00f6\u00f6del.<\/p>\n<h3>P\u00f5llumajandustehnika<\/h3>\n<p>Esilaadurid kasutavad mulla, heina ja muude materjalide kopeerimiseks, t\u00f5stmiseks ja transportimiseks noolesilindreid. See v\u00f5ime suurendab p\u00f5llumajandust\u00f6\u00f6de tootlikkust, v\u00f5imaldades kiiret materjalide k\u00e4itlemist ja liikumist p\u00f5ldudel.<\/p>\n<h3>Ekskavaatorid<\/h3>\n<p>Ekskavaatorites v\u00f5imaldab noole silinder kaevamist, v\u00f5imaldades kopal pinnasesse tungida. See funktsioon on kriitilise t\u00e4htsusega suurte mullamahtude t\u00f5husaks teisaldamiseks ehitusprojektide ajal, parandades \u00fcldist efektiivsust.<\/p>\n<h3>Laadurid<\/h3>\n<p>Frontaallaadurites aitavad need silindrid koormaid t\u00f5husalt t\u00f5sta ja t\u00fchjendada. Nende konstruktsioon tagab stabiilse t\u00f6\u00f6, v\u00f5imaldades materjalide t\u00f5husat k\u00e4sitsemist erinevatel k\u00f5rgustel.<\/p>\n<h2>Projekteerimiskaalutlused ja valikukriteeriumid<\/h2>\n<h3>Kandev\u00f5ime<\/h3>\n<p>\u00dcks peamisi noolesilindrite projekteerimisel arvestatavaid kaalutlusi on nende kandev\u00f5ime. Oluline on valida silinder, mis suudab kanda t\u00f6\u00f6 ajal eeldatavat maksimaalset raskust. See h\u00f5lmab konkreetsete koormate t\u00f5stmiseks vajaliku r\u00f5hu ja j\u00f5u arvutamist, j\u00e4rgides samal ajal ohutusstandardeid. Insenerid peavad tagama, et kasutatavad materjalid taluvad selliseid j\u00f5ude ilma deformeerumata v\u00f5i purunemata.<\/p>\n<h3>Tihendusmehhanismid<\/h3>\n<p>T\u00f5hus tihendamine on h\u00fcdraulilise r\u00f5hu s\u00e4ilitamiseks ja lekete v\u00e4ltimiseks \u00fclioluline. Tiheda sobivuse tagamiseks kasutatakse kvaliteetseid tihendeid, n\u00e4iteks kolvi- ja varrastihendeid, mis on valmistatud vastupidavatest materjalidest, n\u00e4iteks pol\u00fcuretaanist v\u00f5i nitriilkummist. Nende tihendite regulaarne kontrollimine on vajalik, et v\u00e4ltida h\u00fcdraulilise vedeliku kadu, mis v\u00f5ib p\u00f5hjustada s\u00fcsteemi rikke.<\/p>\n<h3>Vastupidavus<\/h3>\n<p>Vastupidavus on noolesilindrite puhul \u00fclioluline, eriti n\u00f5udlikes keskkondades kasutamisel. Need peavad olema kulumiskindlad, korrosioonikindlad ja \u00e4\u00e4rmuslike temperatuuride suhtes vastupidavad. Tootjad kasutavad sageli kaitsekatteid ja valivad materjale, mis taluvad karme tingimusi, pikendades seel\u00e4bi silindrite eluiga.<\/p>\n<h3>Turvaelemendid<\/h3>\n<p>Poomisilindrite projekteerimisel on ohutuskaalutluste hulka sisseehitatud kaitseklapid \u00fcler\u00f5hu v\u00e4ltimiseks, tagades masina t\u00f6\u00f6tamise ohututes piirides. N\u00f5uetekohane konstruktsioon aitab minimeerida \u00f5nnetuste ohtu t\u00f6\u00f6tamise ajal, kaitstes nii seadmeid kui ka operaatorit.<\/p>\n<h3>Hooldatavus<\/h3>\n<p>Hoolduse lihtsus on veel \u00fcks oluline tegur. Silindrid peaksid olema konstrueeritud nii, et kriitilistele komponentidele oleks rutiinsete kontrollide ja remondit\u00f6\u00f6de tegemiseks lihtne juurdep\u00e4\u00e4s. Regulaarne hooldus v\u00e4hendab seisakuid ja parandab masinate t\u00f6\u00f6 efektiivsust.<\/p>\n<p><img decoding=\"async\" src=\"https:\/\/www.hydraulic-cylinders.net\/wp-content\/uploads\/2025\/04\/songte-oil-pipes-and-spare-parts.webp\" alt=\"H\u00fcdraulilised komponendid\"><\/p>\n<h2>Tihendus ja m\u00e4\u00e4rimine<\/h2>\n<p>T\u00f5hus tihendamine ja m\u00e4\u00e4rimine on poomi silindrite j\u00f5udluse ja pikaealisuse jaoks \u00fcliolulised. H\u00fcdraulikavedeliku lekete v\u00e4ltimiseks ja r\u00f5hu s\u00e4ilitamiseks kasutatakse mitmesuguseid tihendeid, n\u00e4iteks kolvitihendeid ja vardatihendeid. Tihendid on sageli valmistatud vastupidavatest materjalidest, nagu pol\u00fcuretaan ja nitriilkummi, mis pakuvad suurep\u00e4rast kulumiskindlust. Silindri korpus ja keermestatud otsapinnad l\u00e4bivad vastupidavuse suurendamiseks hoolika viimistluse. Regulaarne m\u00e4\u00e4rimine piisava koguse h\u00fcdraulika\u00f5liga on vajalik h\u00f5\u00f5rdumise ja kulumise minimeerimiseks, tagades sujuva t\u00f6\u00f6 ja pikendades silindri kasutusiga.<\/p>\n<h2>Ennetavad hooldusmeetmed<\/h2>\n<ul>\n<li><strong>Regulaarsed kontrollid:<\/strong> Kontrollige h\u00fcdraulikas\u00fcsteemi sageli lekete, kahjustuste v\u00f5i kulumise suhtes. Kontrollige tihendeid ja \u00fchendusi, et need oleksid terved ja t\u00f6\u00f6taksid korralikult.<\/li>\n<li><strong>M\u00e4\u00e4rimisgraafik:<\/strong> Koostage h\u00fcdraulika\u00f5li m\u00e4\u00e4rimisgraafik, tagades silindrite piisava m\u00e4\u00e4rimise, et v\u00e4hendada h\u00f5\u00f5rdumist ja kulumist.<\/li>\n<li><strong>Tihendi vahetamine:<\/strong> J\u00e4lgige tihendite toimivust ja vahetage kulunud v\u00f5i kahjustatud tihendid viivitamatult v\u00e4lja, et v\u00e4ltida lekkeid ja s\u00e4ilitada efektiivsus.<\/li>\n<\/ul>\n<h2>Paigaldusjuhised<\/h2>\n<p>Poomi silindri \u00f5ige paigaldamine on optimaalse j\u00f5udluse saavutamiseks \u00fclioluline. Alustage veendumaks, et kinnituspinnad on puhtad ja prahist vabad. Joondage silinder \u00f5igesti kinnitusklambritega, kasutades sobivaid tugesid selle paigal hoidmiseks. Pingutage poldid tootja spetsifikatsioonide j\u00e4rgi, veendudes, et ei esine joondamisvigu. P\u00e4rast paigaldamist kontrollige h\u00fcdros\u00fcsteemi lekete ja n\u00f5uetekohase toimimise suhtes. P\u00e4rast paigaldamist on vaja regulaarseid kontrolle, et veenduda silindri sujuvas ja t\u00f5husas toimimises.<\/p>\n<h2>Hooldus\u00fclesanded<\/h2>\n<ul>\n<li><strong>Regulaarsed kontrollid:<\/strong> Sagedased kontrollid aitavad tuvastada potentsiaalseid probleeme enne, kui need muutuvad oluliseks. Otsige kulumise ja kahjustuste m\u00e4rke, eriti tihendite ja \u00fchenduste puhul. Sujuva t\u00f6\u00f6 tagamiseks tuleks kontrollida ka \u00f5iget joondust.<\/li>\n<li><strong>\u00d5ige m\u00e4\u00e4rimine:<\/strong> J\u00e4rgige regulaarset m\u00e4\u00e4rimisgraafikut, et tagada h\u00fcdraulika\u00f5li \u00f5ige tase. See aitab minimeerida h\u00f5\u00f5rdumist ja kulumist, pikendades silindri eluiga.<\/li>\n<li><strong>Tihendi vahetamine:<\/strong> Aja jooksul v\u00f5ivad tihendid r\u00f5hu ja keskkonnategurite t\u00f5ttu kuluda. Kontrollige tihendeid regulaarselt kahjustuste suhtes ja vahetage need vastavalt vajadusele v\u00e4lja, et v\u00e4ltida lekkeid ja tagada t\u00f5hus t\u00f6\u00f6.<\/li>\n<\/ul>\n<h2>Ohutuskaalutlused ja keskkonnategurid<\/h2>\n<p>Poomi silindrite kasutamisel on oluline j\u00e4rgida ohutusmeetmeid. Operaatorid peaksid olema koolitatud \u00e4ra tundma h\u00fcdraulikas\u00fcsteemidega seotud v\u00f5imalikke ohte. \u00d5nnetuste ohu v\u00e4hendamiseks tuleb kehtestada n\u00f5uetekohased k\u00e4sitsemis- ja t\u00f6\u00f6protokollid. Lisaks tuleks h\u00fcdraulikas\u00fcsteemide projekteerimisel arvestada keskkonnateguritega. H\u00fcdraulikavedelike biolagunevuse tagamine ja lekete minimeerimine aitab kaitsta keskkonda.<\/p>\n<h2>Levinud probleemide t\u00f5rkeotsing<\/h2>\n<ul>\n<li><strong>Leke:<\/strong> Kui h\u00fcdraulikavedelik lekib, kontrollige tihendeid ja \u00fchendusi kahjustuste suhtes. Edasiste lekete v\u00e4ltimiseks vahetage k\u00f5ik kulunud komponendid v\u00e4lja.<\/li>\n<li><strong>Aeglane liikumine:<\/strong> Aeglaselt liikuv silinder v\u00f5ib viidata ebapiisavale h\u00fcdraulikavedelikule. Kontrollige vedeliku taset ja lisage vajadusel k\u00fctust. Samuti kontrollige s\u00fcsteemi ummistuste suhtes, mis v\u00f5ivad voolu takistada.<\/li>\n<li><strong>Liikumine puudub:<\/strong> Kui silinder ei liigu, kontrollige h\u00fcdraulikapumpa ja juhtventiile rikete suhtes. Veenduge, et h\u00fcdraulikas\u00fcsteem on vooluga varustatud.<\/li>\n<\/ul>\n<h2>Veaotsingu n\u00e4pun\u00e4ited<\/h2>\n<p>Poomi silindrite probleemide t\u00f5husaks diagnoosimiseks ja lahendamiseks alustage k\u00f5igi komponentide p\u00f5hjalikust kontrollist. Otsige n\u00e4htavaid kulumis-, lekete- v\u00f5i kahjustuste m\u00e4rke. Veenduge, et k\u00f5ik \u00fchendused on kindlad ja et h\u00fcdraulikavedeliku tase on piisav. Rakendage ennetavaid meetmeid, n\u00e4iteks regulaarseid hoolduskontrolle, et potentsiaalsed probleemid varakult tuvastada. Hooldustegevuste \u00fcksikasjalik arvestus aitab j\u00e4lgida silindri j\u00f5udlust ja ennustada tulevasi probleeme.<\/p>\n<p><img decoding=\"async\" src=\"https:\/\/www.hydraulic-cylinders.net\/wp-content\/uploads\/2025\/04\/songte-bushings-with-all-kinds-of-excavator-models.webp\" alt=\"Ekskavaatorite puksid\"><\/p>\n<h2>Meie ettev\u00f5ttest<\/h2>\n<p>Oleme asendush\u00fcdrauliliste silindrite tootja, pakkudes laia tootevalikut. Olles \u00fcks juhtivaid h\u00fcdrosilindrite tootjaid ja turustajaid nii sise- kui ka rahvusvahelistel turgudel, j\u00e4rgime me tipptasemel kvaliteeti. Meie tootmisjuhtimise strateegia p\u00f5hineb t\u00e4ppistootmist\u00f6\u00f6kodadel, kus kasutatakse t\u00e4iustatud tehnoloogiat ja tipptasemel tootmisseadmeid. Meie oskuslik tehniline meeskond koos professionaalsete testimiss\u00fcsteemidega suurendab meie tootmisv\u00f5imalusi, v\u00f5imaldades meil rahuldada klientide mitmekesiseid vajadusi.<\/p>\n<p><img decoding=\"async\" src=\"https:\/\/www.hydraulic-cylinders.net\/wp-content\/uploads\/2025\/04\/songte-company-4.webp\" alt=\"Ettev\u00f5tte \u00fclevaade\"><br \/>\n<img decoding=\"async\" src=\"https:\/\/www.hydraulic-cylinders.net\/wp-content\/uploads\/2025\/04\/songte-company-3.webp\" alt=\"Tootmis\u00fcksus\"><\/p>\n<h3>Professionaalsus<\/h3>\n<p>Meie meeskonnal on ulatuslikud teadmised h\u00fcdraulikas\u00fcsteemide alal, mis tagab kvaliteetsete toodete tarnimise, mis on kohandatud klientide konkreetsetele vajadustele. Meil \u200b\u200bon rahvusvahelised sertifikaadid, mis kinnitavad meie p\u00fchendumust kvaliteedi- ja ohutusstandarditele.<\/p>\n<h3>Kohandatud teenused<\/h3>\n<p>Pakume kohandatavaid lahendusi, et rahuldada erinevaid tegevusalaseid vajadusi. Olenemata sellest, kas tegemist on kindla m\u00f5\u00f5tme v\u00f5i unikaalse disainiga, teevad meie insenerid klientidega tihedat koost\u00f6\u00f6d, et pakkuda parimat sobivust.<\/p>\n<h3>Tootmisseadmed<\/h3>\n<p>Meie tipptasemel tootmis\u00fcksus on varustatud t\u00e4iustatud masinate ja t\u00f6\u00f6riistadega, mis v\u00f5imaldavad meil t\u00f5husalt toota \u00fclit\u00e4pseid h\u00fcdraulilisi silindreid.<\/p>\n<h3>M\u00fc\u00fcgij\u00e4rgne teenindus<\/h3>\n<p>Meie jaoks on klientide rahulolu esmat\u00e4htis ja pakume erakordset m\u00fc\u00fcgij\u00e4rgset tuge. Meie p\u00fchendunud meeskond on alati valmis teid abistama k\u00f5igi ostuj\u00e4rgsete k\u00fcsimuste v\u00f5i probleemide korral, tagades klientidele sujuva kogemuse.<\/p>\n<p>Autor: lyl<\/p>","protected":false},"excerpt":{"rendered":"<p>Boom Cylinder For Pushhm PZ60-7B Product Overview The Boom Cylinder For Pushhm PZ60-7B is a vital component in hydraulic systems, specifically designed to control the movement of heavy machinery buckets. These cylinders enable the lifting, lowering, and tilting of buckets in equipment such as excavators, backhoe loaders, and front-end loaders, facilitating various material handling tasks. [&hellip;]<\/p>","protected":false},"featured_media":17878,"comment_status":"open","ping_status":"closed","template":"","meta":{"_et_pb_use_builder":"","_et_pb_old_content":"","_et_gb_content_width":""},"product_brand":[],"product_cat":[1546],"product_tag":[1547,1496],"class_list":{"0":"post-19540","1":"product","2":"type-product","3":"status-publish","4":"has-post-thumbnail","6":"product_cat-boom-cylinders","7":"product_tag-boom-cylinders","8":"product_tag-hydraulic-cylinders","10":"first","11":"instock","12":"shipping-taxable","13":"product-type-simple"},"amp_enabled":true,"_links":{"self":[{"href":"https:\/\/www.hydraulic-cylinders.net\/et\/wp-json\/wp\/v2\/product\/19540","targetHints":{"allow":["GET"]}}],"collection":[{"href":"https:\/\/www.hydraulic-cylinders.net\/et\/wp-json\/wp\/v2\/product"}],"about":[{"href":"https:\/\/www.hydraulic-cylinders.net\/et\/wp-json\/wp\/v2\/types\/product"}],"replies":[{"embeddable":true,"href":"https:\/\/www.hydraulic-cylinders.net\/et\/wp-json\/wp\/v2\/comments?post=19540"}],"wp:featuredmedia":[{"embeddable":true,"href":"https:\/\/www.hydraulic-cylinders.net\/et\/wp-json\/wp\/v2\/media\/17878"}],"wp:attachment":[{"href":"https:\/\/www.hydraulic-cylinders.net\/et\/wp-json\/wp\/v2\/media?parent=19540"}],"wp:term":[{"taxonomy":"product_brand","embeddable":true,"href":"https:\/\/www.hydraulic-cylinders.net\/et\/wp-json\/wp\/v2\/product_brand?post=19540"},{"taxonomy":"product_cat","embeddable":true,"href":"https:\/\/www.hydraulic-cylinders.net\/et\/wp-json\/wp\/v2\/product_cat?post=19540"},{"taxonomy":"product_tag","embeddable":true,"href":"https:\/\/www.hydraulic-cylinders.net\/et\/wp-json\/wp\/v2\/product_tag?post=19540"}],"curies":[{"name":"wp","href":"https:\/\/api.w.org\/{rel}","templated":true}]}}