{"id":19543,"date":"2025-04-07T06:53:38","date_gmt":"2025-04-07T06:53:38","guid":{"rendered":"https:\/\/www.hydraulic-cylinders.net\/product\/boom-cylinder-for-pushhm-pz220-8\/"},"modified":"2025-04-07T06:53:46","modified_gmt":"2025-04-07T06:53:46","slug":"boom-cylinder-for-pushhm-pz220-8","status":"publish","type":"product","link":"https:\/\/www.hydraulic-cylinders.net\/et\/toode\/boom-cylinder-for-pushhm-pz220-8\/","title":{"rendered":"Poomi silinder Pushhm PZ220-8 jaoks"},"content":{"rendered":"<h1>Poomi silinder Pushhm PZ220-8 jaoks<\/h1>\n<h2>Toote \u00fclevaade<\/h2>\n<p>Pushhm PZ220-8 poomi silinder on spetsiaalne h\u00fcdrauliline silinder, mis on loodud koppade liikumise juhtimiseks rasketes masinates, n\u00e4iteks ekskavaatorites, laadur-ekskavaatorites ja esilaadurites. See h\u00fcdrauliline silinder v\u00f5imaldab koppa t\u00f5sta, langetada ja kallutada, mis on oluline t\u00f5husate materjalik\u00e4itlust\u00f6\u00f6de jaoks.<\/p>\n<p>H\u00fcdraulilise silindrina t\u00f6\u00f6tab see h\u00fcdraulilise vedeliku r\u00f5hu abil, et luua t\u00f5uke- v\u00f5i t\u00f5mbej\u00f5ud, mis v\u00f5imaldab t\u00e4pset juhtimist erinevates rakendustes. See v\u00f5ime on \u00fclioluline ehituses, p\u00f5llumajanduses ja muudes t\u00f6\u00f6stusharudes, mis vajavad materjalide kaevamiseks, t\u00f5stmiseks ja transportimiseks raskeid masinaid.<\/p>\n<p><img decoding=\"async\" src=\"https:\/\/www.hydraulic-cylinders.net\/wp-content\/uploads\/2025\/04\/songte-company-1.webp\" alt=\"Poomi silinder Pushhm PZ220-8 jaoks\" \/><\/p>\n<h2>Poomi silindri omadused<\/h2>\n<ul>\n<li><strong>Suur tugevus ja vastupidavus:<\/strong> K\u00f5rgtugevast terasest v\u00f5i alumiiniumist valmistatud silinder talub k\u00f5rget r\u00f5hku ja suuri koormusi, mist\u00f5ttu sobib see ideaalselt karmidesse t\u00f6\u00f6keskkondadesse. Konstruktsioonis on kulumiskindlus ja korrosioonikindlus, et pikendada selle eluiga.<\/li>\n<li><strong>T\u00f5hus h\u00fcdrauliline t\u00f6\u00f6:<\/strong> Silinder kasutab sujuvaks pikendamiseks ja tagasit\u00f5mbamiseks h\u00fcdraulilise vedeliku r\u00f5hku, reageerides kiiresti juhtimisk\u00e4sklustele ning pakkudes v\u00f5imsaid t\u00f5uke- ja t\u00f5mbej\u00f5ude, mis sobivad raskete ja keerukate \u00fclesannete t\u00e4itmiseks.<\/li>\n<li><strong>Erinevad t\u00fc\u00fcbid:<\/strong> Saadaval \u00fchetoimelise (h\u00fcdrauliline t\u00f6\u00f6 \u00fches suunas) v\u00f5i kahetoimelise (h\u00fcdrauliline t\u00f6\u00f6 m\u00f5lemas suunas) konfiguratsioonina, mis v\u00f5imaldab valikut vastavalt konkreetsetele t\u00f6\u00f6vajadustele. M\u00f5ned mudelid on teleskoopilised, mis v\u00f5imaldab suuremat pikendamist ilma v\u00e4lism\u00f5\u00f5tmeid suurendamata, mis sobib ideaalselt ruumikitsastes rakendustes.<\/li>\n<li><strong>T\u00e4iustatud tihendustehnoloogia:<\/strong> Varustatud kvaliteetsete tihenditega lekete v\u00e4ltimiseks ja optimaalse j\u00f5udluse tagamiseks, suurendades h\u00fcdraulikas\u00fcsteemide t\u00f6\u00f6kindlust ja t\u00f5husust.<\/li>\n<li><strong>Kohandatud tootmine:<\/strong> Saame seda toodet toota olemasolevate h\u00fcdrosilindrite ideaalseks asendamiseks, tagades \u00fchilduvuse ja j\u00f5udluse parandamise.<\/li>\n<\/ul>\n<p><img decoding=\"async\" src=\"https:\/\/www.hydraulic-cylinders.net\/wp-content\/uploads\/2025\/04\/songte-cylinder-head-with-all-kinds-excavator-models.webp\" alt=\"Ekskavaatori mudelid\" \/><\/p>\n<h2>Poomi silindri rakendused<\/h2>\n<h3>Ehitustehnika<\/h3>\n<p>Ekskavaatorites on noolesilindrid \u00fcliolulised kaevamiseks, laadimiseks ja pinnase v\u00f5i prahi teisaldamiseks. Need aitavad koppa t\u00f5sta t\u00f5husaks kaevamiseks, tagades t\u00e4pse pinnase l\u00e4bitungimise ja materjali k\u00e4itlemise.<\/p>\n<h3>P\u00f5llumajandustehnika<\/h3>\n<p>Esilaaduritel on noolesilindrid h\u00e4davajalikud mulla, heina ja muude materjalide kopeerimiseks, t\u00f5stmiseks ja transportimiseks. Nende v\u00f5imas t\u00f6\u00f6 v\u00f5imaldab p\u00f5llumeestel p\u00f5llumajandust\u00f6id kiiresti ja t\u00f5husalt hallata.<\/p>\n<h3>Ekskavaatorid<\/h3>\n<p>Noole silinder v\u00f5imaldab kopal pinnasesse tungida, h\u00f5lbustades kaevamisprotsessi. See annab vajaliku j\u00f5u k\u00f5vade pinnasematerjalide l\u00e4bisurumiseks, aidates kaasa \u00fcldisele kaevamise efektiivsusele.<\/p>\n<h3>Laadurid<\/h3>\n<p>Frontaallaadurites aitavad need silindrid materjale t\u00f5husalt t\u00f5sta ja t\u00fchjendada. Need tagavad raskete koormate t\u00e4pse k\u00e4sitsemise, suurendades ehitusplatside tootlikkust.<\/p>\n<h2>Projekteerimiskaalutlused ja valikukriteeriumid<\/h2>\n<h3>Kandev\u00f5ime<\/h3>\n<p>Poomi silindri kandev\u00f5ime on \u00fclioluline, et see suudaks oodatavatele raskustele t\u00f5rgeteta vastu pidada. See peab olema konstrueeritud nii, et see taluks nii staatilisi kui ka d\u00fcnaamilisi koormusi, v\u00f5ttes arvesse selliseid tegureid nagu ohutusvaru ja t\u00f6\u00f6tingimused.<\/p>\n<h3>Tihendus ja vastupidavus<\/h3>\n<p>T\u00f5hus tihendamine on oluline h\u00fcdraulilise vedeliku lekke v\u00e4ltimiseks, tagades efektiivsuse ja ohutuse. Sobivate tihendusmaterjalide, n\u00e4iteks pol\u00fcuretaani v\u00f5i nitriilkummi valimine suurendab vastupidavust ja j\u00f5udlust erinevates keskkondades.<\/p>\n<h3>Turvaelemendid<\/h3>\n<p>Ohutuskaalutluste hulka disainimisel kuuluvad \u00fclekoormuskaitse ja rikkeohutusfunktsioonid, mis ennetavad \u00f5nnetusi ja seadmete kahjustumist. Ohutustegurite lisamine disaini aitab tagada usaldusv\u00e4\u00e4rse t\u00f6\u00f6 erinevates tingimustes.<\/p>\n<h3>Hoolduse ligip\u00e4\u00e4setavus<\/h3>\n<p>Lihtsat hooldust silmas pidades projekteerimine on \u00fclioluline. See h\u00f5lmab tihendite ja komponentide ligip\u00e4\u00e4setavuse arvestamist kontrollimiseks ja vahetamiseks, tagades, et rutiinset hooldust saab teha ilma olulise seisakuteta.<\/p>\n<p><img decoding=\"async\" src=\"https:\/\/www.hydraulic-cylinders.net\/wp-content\/uploads\/2025\/04\/songte-oil-pipes-and-spare-parts.webp\" alt=\"\u00d5litorud ja varuosad\" \/><\/p>\n<h2>Tihendus ja m\u00e4\u00e4rimine<\/h2>\n<p>Poomi silindri efektiivsus s\u00f5ltub suuresti selle tihendus- ja m\u00e4\u00e4rimiss\u00fcsteemidest. H\u00fcdraulilise r\u00f5hu s\u00e4ilitamiseks ja lekete v\u00e4ltimiseks kasutatakse mitmesuguseid tihendeid, n\u00e4iteks kolvitihendeid ja vardatihendeid. Kulumiskindlatest materjalidest, nagu pol\u00fcuretaan ja nitriilkummi, valmistatud tihendid tagavad pikaealisuse ja t\u00f6\u00f6kindluse.<\/p>\n<p>Silindri korpus ja keermestatud otsad l\u00e4bivad kulumiskindluse suurendamiseks t\u00e4ppisviimistluse. Optimaalse t\u00f6\u00f6 tagamiseks on oluline regulaarne m\u00e4\u00e4rimine h\u00fcdraulika\u00f5liga, mis v\u00e4hendab h\u00f5\u00f5rdumist ja hoiab \u00e4ra liikuvate osade vahelise kulumise. H\u00fcdraulikas\u00fcsteemi sujuva toimimise tagamiseks tuleks j\u00e4rgida \u00f5igeid m\u00e4\u00e4rimisintervalle.<\/p>\n<h2>Ennetavad hooldusmeetmed<\/h2>\n<ul>\n<li><strong>Regulaarsed kontrollid:<\/strong> Regulaarsed kulumise, vedelikutaseme ja tihendite terviklikkuse kontrollid on \u00fcliolulised. Probleemide varajane tuvastamine aitab v\u00e4ltida suuremaid probleeme hiljem.<\/li>\n<li><strong>M\u00e4\u00e4rimisprotokollid:<\/strong> N\u00f5uetekohase m\u00e4\u00e4rimisgraafiku rakendamine tagab k\u00f5igi liikuvate osade piisava m\u00e4\u00e4rimise, v\u00e4hendades h\u00f5\u00f5rdumist ja pikendades silindri eluiga.<\/li>\n<li><strong>Tihendi vahetamine:<\/strong> Tihendite regulaarne vahetamine aitab s\u00e4ilitada h\u00fcdraulilist r\u00f5hku ja hoiab \u00e4ra lekkeid. Asendustihendite varuks hoidmine aitab h\u00f5lbustada \u00f5igeaegset remonti.<\/li>\n<\/ul>\n<h2>Paigaldusjuhised<\/h2>\n<p>Poomi silindri \u00f5ige paigaldamine on selle pikaealisuse ja funktsionaalsuse tagamiseks kriitilise t\u00e4htsusega. Alustage puhtast t\u00f6\u00f6ruumist ja koguge kokku k\u00f5ik vajalikud t\u00f6\u00f6riistad ja komponendid. Joondage silinder \u00f5igesti masina kinnituspunktidega, veendudes, et k\u00f5ik liitmikud on \u00fchilduvad.<\/p>\n<p>Kasutage silindri kinnitamiseks sobivaid kinnitusklambreid, et v\u00e4ltida t\u00f6\u00f6tamise ajal joondamise k\u00f5rvalekaldeid. Kontrollige, et h\u00fcdraulikavoolikud oleksid korralikult \u00fchendatud, ilma painde v\u00f5i keerdudeta. P\u00e4rast paigaldamist tehke r\u00f5hukatse, et veenduda lekete puudumises ja silindri etten\u00e4htud otstarbel toimimises. J\u00e4lgige paigaldust regulaarselt kulumise v\u00f5i joondamise m\u00e4rke suhtes.<\/p>\n<h2>Levinumad hooldust\u00f6\u00f6d<\/h2>\n<h3>Regulaarsed kontrollid<\/h3>\n<p>Regulaarsete kontrollide l\u00e4biviimine on oluline v\u00f5imalike probleemide tuvastamiseks enne nende s\u00fcvenemist. Kontrollige tihendite ja komponentide kulumisj\u00e4lgi ning j\u00e4lgige h\u00fcdraulikavedeliku taset. See ennetav l\u00e4henemisviis aitab s\u00e4ilitada s\u00fcsteemi \u00fcldist terviklikkust.<\/p>\n<h3>\u00d5ige m\u00e4\u00e4rimine<\/h3>\n<p>Veenduge, et k\u00f5ik liikuvad osad oleksid vastavalt tootja juhistele m\u00e4\u00e4ritud. N\u00f5uetekohane m\u00e4\u00e4rimine v\u00e4hendab h\u00f5\u00f5rdumist, hoiab \u00e4ra korrosiooni ning parandab h\u00fcdros\u00fcsteemi j\u00f5udlust ja eluiga.<\/p>\n<h3>Tihendi vahetamine ja kalibreerimise kontrollimine<\/h3>\n<p>H\u00fcdraulilise r\u00f5hu ja j\u00f5udluse s\u00e4ilitamiseks vahetage kulunud tihendeid regulaarselt. Lisaks tagavad kalibreerimiskontrollid, et silinder t\u00f6\u00f6tab etten\u00e4htud parameetrite piires, ennetades t\u00f6\u00f6probleeme ja suurendades ohutust.<\/p>\n<p><img decoding=\"async\" src=\"https:\/\/www.hydraulic-cylinders.net\/wp-content\/uploads\/2025\/04\/songte-chushion-collar.webp\" alt=\"Padjakaelus\" \/><\/p>\n<h2>Ohutuskaalutlused ja keskkonnategurid<\/h2>\n<p>H\u00fcdrauliliste silindrite t\u00f6\u00f6tamise ajal on ohutusmeetmete rakendamine \u00fclioluline. Operaatorid peaksid olema koolitatud \u00e4ra tundma v\u00f5imalikke ohte ja j\u00e4rgima ohutusprotokolle \u00f5nnetuste v\u00e4ltimiseks. Regulaarne hooldus ja kontroll on v\u00f5tmet\u00e4htsusega ohutust ohustavate probleemide tuvastamisel.<\/p>\n<h2>Veaotsing ja levinud probleemid<\/h2>\n<ul>\n<li><strong>Vedeliku leke:<\/strong> Kontrollige tihendeid kulumise v\u00f5i kahjustuste suhtes. Vahetage k\u00f5ik defektsed tihendid v\u00e4lja, et v\u00e4ltida h\u00fcdraulilise vedeliku kadu, mis v\u00f5ib p\u00f5hjustada s\u00fcsteemi rikke.<\/li>\n<li><strong>Aeglane t\u00f6\u00f6:<\/strong> Kontrollige h\u00fcdraulikavedeliku taset ja otsige voolikutest v\u00f5i liitmikest ummistusi. Veenduge, et h\u00fcdraulikapump t\u00f6\u00f6tab korralikult.<\/li>\n<li><strong>Reageerimata silinder:<\/strong> Veenduge, et h\u00fcdraulikas\u00fcsteemis pole \u00f5humulle ja et k\u00f5ik \u00fchendused on kindlalt paigas.<\/li>\n<\/ul>\n<h2>Rikete diagnoosimine ja lahendused<\/h2>\n<p>Probleemide \u00f5igeaegne tuvastamine aitab minimeerida seisakuid ja remondikulusid. Regulaarne j\u00e4lgimine ja h\u00fcdraulikas\u00fcsteemi p\u00f5hjalik m\u00f5istmine aitavad probleeme t\u00f5husalt diagnoosida. Ennetusmeetmete, n\u00e4iteks regulaarsete kontrollide ja \u00f5igeaegse hoolduse rakendamine aitab v\u00e4hendada rikete riski.<\/p>\n<p><img decoding=\"async\" src=\"https:\/\/www.hydraulic-cylinders.net\/wp-content\/uploads\/2025\/04\/songte-bushings-with-all-kinds-of-excavator-models.webp\" alt=\"Puksid ekskavaatorimudelitega\" \/><\/p>\n<h2>Ettev\u00f5tte \u00fclevaade<\/h2>\n<p>Oleme juhtiv h\u00fcdrosilindrite tootja ja hulgim\u00fc\u00fcja, pakkudes laia tootevalikut nii sise- kui ka rahvusvahelise turu vajaduste rahuldamiseks. Meie p\u00fchendumust kvaliteedi tipptasemele toetavad t\u00e4iustatud tootmisstrateegiad, t\u00e4ppisseadmete ja oskusliku tehnilise personali kasutamine. T\u00e4iustame pidevalt oma tootmisv\u00f5imalusi, et rahuldada klientide mitmekesiseid n\u00f5udmisi suure t\u00f5hususega ja t\u00e4psusega.<\/p>\n<p>Meie ettev\u00f5te pakub klientide vajadustele vastavaid kohandatud teenuseid, tagades, et k\u00f5ik tooted vastavad rangetele rahvusvahelistele standarditele. Oleme uhked oma tugeva m\u00fc\u00fcgij\u00e4rgse toe \u00fcle, pakkudes abi ja hooldusteenuseid, et tagada meie toodete pikaealisus.<\/p>\n<p><img decoding=\"async\" src=\"https:\/\/www.hydraulic-cylinders.net\/wp-content\/uploads\/2025\/04\/songte-company-4.webp\" alt=\"Ettev\u00f5tte \u00fclevaade\" \/><br \/>\n<img decoding=\"async\" src=\"https:\/\/www.hydraulic-cylinders.net\/wp-content\/uploads\/2025\/04\/songte-company-3.webp\" alt=\"Ettev\u00f5tte tootmine\" \/><\/p>\n<p>Autor: lyl<\/p>","protected":false},"excerpt":{"rendered":"<p>Boom Cylinder For Pushhm PZ220-8 Product Overview The Boom Cylinder for Pushhm PZ220-8 is a specialized hydraulic cylinder designed to control the movement of buckets in heavy machinery such as excavators, backhoe loaders, and front-end loaders. This hydraulic cylinder enables the bucket to lift, lower, and tilt, essential for efficient material handling tasks. As a [&hellip;]<\/p>","protected":false},"featured_media":17881,"comment_status":"open","ping_status":"closed","template":"","meta":{"_et_pb_use_builder":"","_et_pb_old_content":"","_et_gb_content_width":""},"product_brand":[],"product_cat":[1546],"product_tag":[1547,1496],"class_list":{"0":"post-19543","1":"product","2":"type-product","3":"status-publish","4":"has-post-thumbnail","6":"product_cat-boom-cylinders","7":"product_tag-boom-cylinders","8":"product_tag-hydraulic-cylinders","10":"first","11":"instock","12":"shipping-taxable","13":"product-type-simple"},"amp_enabled":true,"_links":{"self":[{"href":"https:\/\/www.hydraulic-cylinders.net\/et\/wp-json\/wp\/v2\/product\/19543","targetHints":{"allow":["GET"]}}],"collection":[{"href":"https:\/\/www.hydraulic-cylinders.net\/et\/wp-json\/wp\/v2\/product"}],"about":[{"href":"https:\/\/www.hydraulic-cylinders.net\/et\/wp-json\/wp\/v2\/types\/product"}],"replies":[{"embeddable":true,"href":"https:\/\/www.hydraulic-cylinders.net\/et\/wp-json\/wp\/v2\/comments?post=19543"}],"wp:featuredmedia":[{"embeddable":true,"href":"https:\/\/www.hydraulic-cylinders.net\/et\/wp-json\/wp\/v2\/media\/17881"}],"wp:attachment":[{"href":"https:\/\/www.hydraulic-cylinders.net\/et\/wp-json\/wp\/v2\/media?parent=19543"}],"wp:term":[{"taxonomy":"product_brand","embeddable":true,"href":"https:\/\/www.hydraulic-cylinders.net\/et\/wp-json\/wp\/v2\/product_brand?post=19543"},{"taxonomy":"product_cat","embeddable":true,"href":"https:\/\/www.hydraulic-cylinders.net\/et\/wp-json\/wp\/v2\/product_cat?post=19543"},{"taxonomy":"product_tag","embeddable":true,"href":"https:\/\/www.hydraulic-cylinders.net\/et\/wp-json\/wp\/v2\/product_tag?post=19543"}],"curies":[{"name":"wp","href":"https:\/\/api.w.org\/{rel}","templated":true}]}}