{"id":19544,"date":"2025-04-07T06:53:46","date_gmt":"2025-04-07T06:53:46","guid":{"rendered":"https:\/\/www.hydraulic-cylinders.net\/product\/boom-cylinder-for-pushhm-pz250lc-8\/"},"modified":"2025-04-07T06:53:49","modified_gmt":"2025-04-07T06:53:49","slug":"boom-cylinder-for-pushhm-pz250lc-8","status":"publish","type":"product","link":"https:\/\/www.hydraulic-cylinders.net\/et\/toode\/boom-cylinder-for-pushhm-pz250lc-8\/","title":{"rendered":"Poomi silinder Pushhm PZ250LC-8 jaoks"},"content":{"rendered":"<h1>Poomi silinder Pushhm PZ250LC-8 jaoks<\/h1>\n<h2>Sissejuhatus poomi silindrisse<\/h2>\n<p>Noole silinder on kriitilise t\u00e4htsusega komponent mitmesugustes rasketehnika masinates, eriti ekskavaatorites, laadurites ja esilaadurites. See h\u00fcdrauliline silinder on loodud kopa liikumise juhtimiseks, v\u00f5imaldades sellel t\u00f5husalt t\u00f5sta, langetada ja kallutada. Noole silindri funktsionaalsus on materjali k\u00e4itlemise \u00fclesannete jaoks h\u00e4davajalik, kuna see v\u00f5imaldab operaatoritel keerukaid toiminguid t\u00e4pselt ja h\u00f5lpsalt teha. Sisuliselt on noole silinder h\u00fcdrauliline ajam, mis muundab h\u00fcdraulilise energia mehaaniliseks liikumiseks, h\u00f5lbustades ekskavaatori kopa liikumist mitmes suunas.<\/p>\n<p><img decoding=\"async\" src=\"https:\/\/www.hydraulic-cylinders.net\/wp-content\/uploads\/2025\/04\/songte-company-1.webp\" alt=\"Poomi silindri pilt\"><\/p>\n<h2>Poomi silindri omadused<\/h2>\n<ul>\n<li>\n<h3>Suur tugevus ja vastupidavus<\/h3>\n<p>Tavaliselt \u00fclitugevast terasest v\u00f5i alumiiniumist valmistatud poomi silinder talub k\u00f5rget r\u00f5hku ja suuri koormusi. Selle disain h\u00f5lmab kulumiskindlust ja korrosioonikindlust, pikendades oluliselt selle kasutusiga.<\/p>\n<\/li>\n<li>\n<h3>T\u00f5hus h\u00fcdrauliline t\u00f6\u00f6<\/h3>\n<p>H\u00fcdraulika\u00f5li r\u00f5hku kasutades v\u00f5imaldab poomi silinder sujuvat pikendamist ja tagasit\u00f5mbamist. See reageerib juhtimisk\u00e4sklustele kiiresti, pakkudes v\u00f5imsaid t\u00f5uke- ja t\u00f5mbej\u00f5ude, mis sobivad ideaalselt raskete materjalide k\u00e4sitsemiseks ja keerukate t\u00f6\u00f6de tegemiseks.<\/p>\n<\/li>\n<li>\n<h3>Saadaval on mitmesuguseid t\u00fc\u00fcpe<\/h3>\n<p>Kliendid saavad valida \u00fchetoimeliste (h\u00fcdrauliline \u00fches suunas) v\u00f5i kahetoimeliste (h\u00fcdrauliline m\u00f5lemas suunas) silindrite vahel. M\u00f5ned mudelid on teleskoopilised, v\u00f5imaldades suuremat pikendust ilma v\u00e4lism\u00f5\u00f5tmeid suurendamata, sobides piiratud ruumiga rakenduste jaoks.<\/p>\n<\/li>\n<\/ul>\n<h2>Meie tootmisv\u00f5imalused<\/h2>\n<p>Oleme spetsialiseerunud noolesilindrite tootmisele, mis sobivad ideaalselt olemasolevate h\u00fcdrauliliste silindrite asendamiseks. Meie tooted on konstrueeritud optimaalse j\u00f5udluse ja t\u00f6\u00f6kindluse tagamiseks, tagades, et need vastavad erinevate rasketehnika rakenduste n\u00f5udlikele n\u00f5uetele.<\/p>\n<p><img decoding=\"async\" src=\"https:\/\/www.hydraulic-cylinders.net\/wp-content\/uploads\/2025\/04\/songte-cylinder-head-with-all-kinds-excavator-models.webp\" alt=\"Ekskavaatori mudelid\"><\/p>\n<h2>Poomi silindri rakendused<\/h2>\n<ul>\n<li>\n<h3>Ehitustehnika<\/h3>\n<p>Ekskavaatorites m\u00e4ngivad noolesilindrid olulist rolli kaevamisel, laadimisel ja pinnase v\u00f5i prahi teisaldamisel. Need v\u00f5imaldavad t\u00e4pset juhtimist kaevamis- ja t\u00f5stet\u00f6\u00f6de ajal, suurendades masina \u00fcldist efektiivsust.<\/p>\n<\/li>\n<li>\n<h3>P\u00f5llumajandustehnika<\/h3>\n<p>Esilaaduritel on noolesilindrid olulised mulla, heina ja muude materjalide kopeerimiseks, t\u00f5stmiseks ja transportimiseks. Need v\u00f5imaldavad p\u00f5llumeestel kiiresti ja t\u00f5husalt mitmesuguseid \u00fclesandeid t\u00e4ita, parandades tootlikkust.<\/p>\n<\/li>\n<li>\n<h3>Ekskavaatorid<\/h3>\n<p>Ekskavaatorites h\u00f5lbustavad noolesilindrid kaevamist, v\u00f5imaldades kopal kergesti pinnasesse tungida. See funktsioon on oluline mitmesuguste kaevamis- ja haljastusprojektide puhul.<\/p>\n<\/li>\n<li>\n<h3>Laadurid<\/h3>\n<p>Esilaaduritel aitavad noolesilindrid koormaid t\u00f5husalt t\u00f5sta ja t\u00fchjendada. Need aitavad kaasa materjalide t\u00f5husale k\u00e4sitsemisele, muutes sellised \u00fclesanded nagu laadimine ja mahalaadimine hallatavamaks.<\/p>\n<\/li>\n<\/ul>\n<h2>Projekteerimiskaalutlused ja valikukriteeriumid<\/h2>\n<ul>\n<li>\n<h3>Kandev\u00f5ime<\/h3>\n<p>Poomi silindri valimisel on kandev\u00f5ime m\u00f5istmine \u00fclioluline. Silinder peab suutma kanda maksimaalset raskust, mida see t\u00f5stab v\u00f5i liigutab. Ebapiisav kandev\u00f5ime v\u00f5ib p\u00f5hjustada silindri rikke, mis kujutab endast ohutusriski.<\/p>\n<\/li>\n<li>\n<h3>Tihendusv\u00f5ime<\/h3>\n<p>T\u00f5hus tihendamine on \u00fclioluline h\u00fcdraulilise vedeliku lekete v\u00e4ltimiseks, mis v\u00f5ivad kahjustada h\u00fcdraulikas\u00fcsteemi t\u00f5husust ja ohutust. Pikaajalise j\u00f5udluse tagamiseks tuleks kasutada vastupidavatest materjalidest valmistatud kvaliteetseid tihendeid.<\/p>\n<\/li>\n<li>\n<h3>Vastupidavus<\/h3>\n<p>Poomisilindrite projekteerimisel peaks vastupidavus olema esmat\u00e4htis kaalutlus. Need peavad vastu pidama karmidele t\u00f6\u00f6tingimustele, sealhulgas \u00e4\u00e4rmuslikele temperatuuridele, niiskusele ja abrasiivsetele materjalidele. Pikaealisuse tagamiseks on oluline valida materjalid, millel on k\u00f5rge kulumiskindlus ja korrosioonikindlus.<\/p>\n<\/li>\n<li>\n<h3>Turvaelemendid<\/h3>\n<p>Poomi silindrite projekteerimisel on ohutus esmat\u00e4htis. Selliste funktsioonide nagu r\u00f5huvabastusventiilide lisamine aitab v\u00e4ltida \u00fclekoormust ja v\u00f5imalikke rikkeid t\u00f6\u00f6tamise ajal, kaitstes seel\u00e4bi nii seadmeid kui ka operaatoreid.<\/p>\n<\/li>\n<li>\n<h3>Hoolduse ligip\u00e4\u00e4setavus<\/h3>\n<p>Poomi silindri lihtne hooldus on oluline. Ligip\u00e4\u00e4setavad komponendid v\u00f5imaldavad regulaarseid kontrolle ja kiireid parandusi, minimeerides seisakuid ja suurendades t\u00f6\u00f6 efektiivsust.<\/p>\n<\/li>\n<\/ul>\n<p><img decoding=\"async\" src=\"https:\/\/www.hydraulic-cylinders.net\/wp-content\/uploads\/2025\/04\/songte-oil-pipes-and-spare-parts.webp\" alt=\"\u00d5litorud ja varuosad\"><\/p>\n<h2>Poomi silindri tihendamine ja m\u00e4\u00e4rimine<\/h2>\n<p>N\u00f5uetekohane tihendamine ja m\u00e4\u00e4rimine on poomi silindrite j\u00f5udluse ja pikaealisuse jaoks kriitilise t\u00e4htsusega. Erinevad tihendid, n\u00e4iteks kolvi- ja varrastihendid, peaksid olema valmistatud kulumiskindlatest materjalidest, nagu pol\u00fcuretaan ja nitriilkummi. Lisaks tuleb silindri korpus ja keermestatud otsapinnad kulumiskindluse suurendamiseks peenelt t\u00f6\u00f6delda. Regulaarne m\u00e4\u00e4rimine h\u00fcdraulika\u00f5liga on vajalik liikuvate osade h\u00f5\u00f5rdumise ja kulumise v\u00e4hendamiseks, tagades sujuva t\u00f6\u00f6. Oluline on kehtestada regulaarne hooldusgraafik h\u00fcdraulika\u00f5li kontrollimiseks ja t\u00e4itmiseks, mis aitab kaasa h\u00fcdraulikas\u00fcsteemi t\u00f5husale toimimisele.<\/p>\n<h2>Regulaarne kontroll ja ennetavad hooldusmeetmed<\/h2>\n<ul>\n<li>\n<h3>Regulaarsed kontrollid<\/h3>\n<p>Rutiinsete kontrollide l\u00e4biviimine on \u00fclioluline poomi silindri toimivuse tagamiseks. Regulaarsed kontrollid aitavad tuvastada v\u00f5imalikke probleeme enne nende s\u00fcvenemist, v\u00f5imaldades \u00f5igeaegset remonti ja hooldust.<\/p>\n<\/li>\n<li>\n<h3>Sobiv m\u00e4\u00e4rimine<\/h3>\n<p>N\u00f5uetekohane m\u00e4\u00e4rimine on poomi silindri toimimise s\u00e4ilitamise v\u00f5ti. See v\u00e4hendab liikuvate osade kulumist ja tagab sujuva t\u00f6\u00f6. Kasutage soovitatud h\u00fcdraulika\u00f5li ja j\u00e4rgige tootja juhiseid m\u00e4\u00e4rimissageduse kohta.<\/p>\n<\/li>\n<li>\n<h3>Tihendi vahetamine<\/h3>\n<p>Aja jooksul v\u00f5ivad tihendid kuluda ja lekete v\u00e4ltimiseks tuleb need v\u00e4lja vahetada. H\u00fcdraulilise efektiivsuse s\u00e4ilitamiseks ja vedeliku kadude v\u00e4ltimiseks j\u00e4lgige regulaarselt tihendite seisukorda ja vahetage need vastavalt vajadusele.<\/p>\n<\/li>\n<\/ul>\n<h2>Paigaldusjuhised<\/h2>\n<p>Poomi silindri \u00f5ige paigaldamine on optimaalse j\u00f5udluse tagamiseks h\u00e4davajalik. Alustage veendumaks, et k\u00f5ik komponendid on puhtad ja prahist vabad. Kasutage silindri kinnitamiseks sobivaid kinnitusklambreid, hoides seda teiste masina komponentidega \u00f5igesti joondatud. Oluline on v\u00e4ltida poltide \u00fclekeeramist, mis v\u00f5ib p\u00f5hjustada kahjustusi. P\u00e4rast paigaldamist kontrollige h\u00fcdraulika\u00fchendusi lekete suhtes ja veenduge, et silinder t\u00f6\u00f6tab sujuvalt kogu oma liikumisulatuses. T\u00f6\u00f6kindluse tagamiseks j\u00e4rgige tootja soovitusi paigaldusprotseduuride ja p\u00f6\u00f6rdemomentide spetsifikatsioonide kohta.<\/p>\n<h2>Levinumad hooldust\u00f6\u00f6d<\/h2>\n<ul>\n<li>\n<h3>Regulaarsed kontrollid<\/h3>\n<p>Poomi silindri \u00fcldise seisukorra j\u00e4lgimine on \u00fclioluline. T\u00f6\u00f6tamise ajal otsige kulumise m\u00e4rke, lekkeid v\u00f5i ebatavalisi helisid. J\u00e4rjepidev j\u00e4lgimine aitab potentsiaalseid probleeme varakult avastada, v\u00f5imaldades kiiret tegutsemist ja hooldust.<\/p>\n<\/li>\n<li>\n<h3>Sobiv m\u00e4\u00e4rimine<\/h3>\n<p>Veenduge, et poomi silinder on tootja juhiste kohaselt piisavalt m\u00e4\u00e4ritud. See h\u00f5lmab h\u00fcdraulika\u00f5li kasutamist vastavalt soovitustele, et s\u00e4ilitada efektiivsus ja v\u00e4ltida tihendite ja komponentide enneaegset kulumist.<\/p>\n<\/li>\n<li>\n<h3>Tihendi vahetamine ja kalibreerimise kontrollimine<\/h3>\n<p>Kontrollige regulaarselt tihendite kulumist ja vajadusel vahetage need v\u00e4lja. Poomi silindri \u00f5ige kalibreerimine on sama oluline, et tagada t\u00e4pne juhtimine ja t\u00f6\u00f6 selle kasutamise ajal.<\/p>\n<\/li>\n<\/ul>\n<p><img decoding=\"async\" src=\"https:\/\/www.hydraulic-cylinders.net\/wp-content\/uploads\/2025\/04\/songte-chushion-collar.webp\" alt=\"Padjakaelus\"><\/p>\n<h2>Ohutuskaalutlused ja keskkonnategurid<\/h2>\n<p>H\u00fcdrauliliste seadmete, n\u00e4iteks noole silindriga tegelemisel on ohutusmeetmed \u00fcliolulised. Operaatorid peaksid olema koolitatud masinate ohutuks kasutamiseks ja h\u00fcdraulikas\u00fcsteemide regulaarse kontrollimise olulisuse osas. Lisaks aitab keskkonnas\u00f5bralike h\u00fcdraulikavedelike kasutamine leevendada lekete ja mahavoolamisega seotud keskkonnariske, aidates kaasa nii ohutusele kui ka j\u00e4tkusuutlikkusele.<\/p>\n<h2>Rikete diagnoosimine ja levinud probleemid<\/h2>\n<ul>\n<li>\n<h3>Leke<\/h3>\n<p>H\u00fcdrauliliste silindrite leke on levinud probleem, mille p\u00f5hjuseks on sageli kulunud tihendid. Regulaarne kontroll aitab lekkeid varakult avastada, v\u00f5imaldades \u00f5igeaegset remonti ja vedeliku kadu v\u00e4ltida.<\/p>\n<\/li>\n<li>\n<h3>Aeglane t\u00f6\u00f6<\/h3>\n<p>Kui poomi silinder t\u00f6\u00f6tab aeglaselt, v\u00f5ib see viidata madalale h\u00fcdraulikavedeliku tasemele v\u00f5i ummistunud filtrile. H\u00fcdraulikavedeliku taseme kontrollimine ja puhaste filtrite tagamine v\u00f5ivad selle probleemi lahendada.<\/p>\n<\/li>\n<li>\n<h3>Ebatavalised m\u00fcrad<\/h3>\n<p>Ebatavalised m\u00fcrad t\u00f6\u00f6tamise ajal v\u00f5ivad viidata sisemistele kahjustustele v\u00f5i ebapiisavale m\u00e4\u00e4rimisele. M\u00fcra allika \u00f5igeaegne tuvastamine aitab edasisi kahjustusi v\u00e4ltida.<\/p>\n<\/li>\n<\/ul>\n<h2>Veaotsingu n\u00e4pun\u00e4ited<\/h2>\n<p>Poomi silindri probleemide t\u00f5husaks diagnoosimiseks ja lahendamiseks alustage lekete kontrollimisest ja tihenditega seotud probleemide lahendamisest. Aeglase t\u00f6\u00f6 korral kontrollige optimaalse j\u00f5udluse tagamiseks h\u00fcdraulikavedeliku taset ja filtreid. Regulaarne hooldus, sealhulgas m\u00e4\u00e4rimine ja tihendite kontrollimine, v\u00f5ib oluliselt v\u00e4hendada v\u00f5imalike probleemide t\u00f5en\u00e4osust. Ennetavate meetmete rakendamisega saavad operaatorid pikendada poomi silindri eluiga ja suurendada selle t\u00f6\u00f6kindlust.<\/p>\n<p><img decoding=\"async\" src=\"https:\/\/www.hydraulic-cylinders.net\/wp-content\/uploads\/2025\/04\/songte-bushings-with-all-kinds-of-excavator-models.webp\" alt=\"Puksid ekskavaatorimudelitega\"><\/p>\n<h2>Ettev\u00f5tte \u00fclevaade<\/h2>\n<p>Oleme h\u00fcdrauliliste silindrite tootjad, mis on spetsialiseerunud varuosade ostmisele. Meie lai tootevalik on positsioneerinud meid \u00fcheks juhtivaks tootjaks ja hulgim\u00fc\u00fcjaks nii sise- kui ka rahvusvahelisel turul. Meie eesm\u00e4rk on pakkuda tipptasemel kvaliteeti, kasutades t\u00e4iustatud tootmisjuhtimise strateegiat, mis kasutab \u00e4ra tehnilist talenti, t\u00e4iustatud digitaalseid tootmisseadmeid ja professionaalseid testimiss\u00fcsteeme. Meie tugev loominguline v\u00f5imekus tagab, et rahuldame oma klientide mitmekesiseid vajadusi suure t\u00f5hususega, t\u00e4psuse ja kvaliteediga.<\/p>\n<p><img decoding=\"async\" src=\"https:\/\/www.hydraulic-cylinders.net\/wp-content\/uploads\/2025\/04\/songte-company-4.webp\" alt=\"Ettev\u00f5tte \u00fclevaade 1\"><br \/>\n<img decoding=\"async\" src=\"https:\/\/www.hydraulic-cylinders.net\/wp-content\/uploads\/2025\/04\/songte-company-3.webp\" alt=\"Ettev\u00f5tte \u00fclevaade 2\"><\/p>\n<p>Autor: lyl<\/p>","protected":false},"excerpt":{"rendered":"<p>Boom Cylinder For Pushhm PZ250LC-8 Introduction to Boom Cylinder The Boom Cylinder is a critical component in various heavy machinery, particularly in excavators, backhoes, and front loaders. This hydraulic cylinder is designed to control the movement of the bucket, allowing it to lift, lower, and tilt efficiently. The functionality of the boom cylinder is essential [&hellip;]<\/p>","protected":false},"featured_media":17867,"comment_status":"open","ping_status":"closed","template":"","meta":{"_et_pb_use_builder":"","_et_pb_old_content":"","_et_gb_content_width":""},"product_brand":[],"product_cat":[1546],"product_tag":[1547,1496],"class_list":{"0":"post-19544","1":"product","2":"type-product","3":"status-publish","4":"has-post-thumbnail","6":"product_cat-boom-cylinders","7":"product_tag-boom-cylinders","8":"product_tag-hydraulic-cylinders","10":"first","11":"instock","12":"shipping-taxable","13":"product-type-simple"},"amp_enabled":true,"_links":{"self":[{"href":"https:\/\/www.hydraulic-cylinders.net\/et\/wp-json\/wp\/v2\/product\/19544","targetHints":{"allow":["GET"]}}],"collection":[{"href":"https:\/\/www.hydraulic-cylinders.net\/et\/wp-json\/wp\/v2\/product"}],"about":[{"href":"https:\/\/www.hydraulic-cylinders.net\/et\/wp-json\/wp\/v2\/types\/product"}],"replies":[{"embeddable":true,"href":"https:\/\/www.hydraulic-cylinders.net\/et\/wp-json\/wp\/v2\/comments?post=19544"}],"wp:featuredmedia":[{"embeddable":true,"href":"https:\/\/www.hydraulic-cylinders.net\/et\/wp-json\/wp\/v2\/media\/17867"}],"wp:attachment":[{"href":"https:\/\/www.hydraulic-cylinders.net\/et\/wp-json\/wp\/v2\/media?parent=19544"}],"wp:term":[{"taxonomy":"product_brand","embeddable":true,"href":"https:\/\/www.hydraulic-cylinders.net\/et\/wp-json\/wp\/v2\/product_brand?post=19544"},{"taxonomy":"product_cat","embeddable":true,"href":"https:\/\/www.hydraulic-cylinders.net\/et\/wp-json\/wp\/v2\/product_cat?post=19544"},{"taxonomy":"product_tag","embeddable":true,"href":"https:\/\/www.hydraulic-cylinders.net\/et\/wp-json\/wp\/v2\/product_tag?post=19544"}],"curies":[{"name":"wp","href":"https:\/\/api.w.org\/{rel}","templated":true}]}}