{"id":19548,"date":"2025-04-07T06:53:57","date_gmt":"2025-04-07T06:53:57","guid":{"rendered":"https:\/\/www.hydraulic-cylinders.net\/product\/boom-cylinder-for-nante-nt20\/"},"modified":"2025-04-07T06:54:00","modified_gmt":"2025-04-07T06:54:00","slug":"boom-cylinder-for-nante-nt20","status":"publish","type":"product","link":"https:\/\/www.hydraulic-cylinders.net\/et\/toode\/boom-cylinder-for-nante-nt20\/","title":{"rendered":"Nante NT20 poomi silinder"},"content":{"rendered":"<h1>Nante NT20 poomi silinder<\/h1>\n<h2>Sissejuhatus poomi silindrisse<\/h2>\n<p>Spetsiaalselt Nante NT20 jaoks loodud noole silinder on h\u00fcdraulikas\u00fcsteemides kriitilise t\u00e4htsusega komponent. See h\u00fcdrauliline silinder on spetsialiseerunud koppade liikumise juhtimisele erinevates rasketes masinates, sealhulgas ekskavaatorites, laadur-ekskavaatorites ja esilaadurites. See v\u00f5imaldab koppal t\u00f5usta, langetada ja kallutada, h\u00f5lbustades materjalide k\u00e4itlemise \u00fclesandeid t\u00f5husalt. Kopa silinder on h\u00fcdrauliline ajam, mis muundab h\u00fcdraulilise energia mehaaniliseks liikumiseks, mis on oluline mitmete toimingute tegemiseks rasketes rakendustes.<\/p>\n<p><img decoding=\"async\" src=\"https:\/\/www.hydraulic-cylinders.net\/wp-content\/uploads\/2025\/04\/songte-company-1.webp\" alt=\"Poomi silinder\"><\/p>\n<h2>Poomi silindri omadused<\/h2>\n<ul>\n<li><strong>Suur tugevus ja vastupidavus:<\/strong> Tavaliselt \u00fclitugevast terasest v\u00f5i alumiiniumist valmistatud silindrid taluvad k\u00f5rget r\u00f5hku ja suuri koormusi, mist\u00f5ttu sobivad need karmidesse t\u00f6\u00f6keskkondadesse. Projekteerimisel on arvestatud ka kulumiskindluse ja korrosioonikindlusega, mis pikendab oluliselt nende eluiga.<\/li>\n<li><strong>T\u00f5hus h\u00fcdrauliline t\u00f6\u00f6:<\/strong> H\u00fcdraulilise \u00f5li r\u00f5hu abil tagab silinder sujuva pikenemise ja tagasit\u00f5mbumise, v\u00f5imaldades kiiret reageerimist juhtimisk\u00e4sklustele ning v\u00f5imsate t\u00f5uke- ja t\u00f5mbej\u00f5udude teket. See sobib ideaalselt raskete materjalide k\u00e4sitsemiseks ja keerukate t\u00f6\u00f6\u00fclesannete t\u00e4itmiseks.<\/li>\n<li><strong>Erinevad t\u00fc\u00fcbid:<\/strong> Saadaval \u00fchetoimelise (\u00fches suunas t\u00f6\u00f6tav) v\u00f5i kahetoimelise (m\u00f5lemas suunas t\u00f6\u00f6tav) konfiguratsioonina, mis v\u00f5imaldab kohandamist vastavalt t\u00f6\u00f6vajadustele. M\u00f5nedel mudelitel on teleskoopkonstruktsioon, mis v\u00f5imaldab suuremat pikendust ilma v\u00e4lism\u00f5\u00f5tmeid suurendamata, mis sobib ideaalselt ruumipiirangutega rakenduste jaoks.<\/li>\n<li><strong>T\u00e4ppistehnika:<\/strong> T\u00f5husa t\u00f6\u00f6 ja pikaealisuse tagamiseks on \u00fclit\u00e4pselt valmistatud disain, mis sisaldab optimaalse j\u00f5udluse saavutamiseks t\u00e4iustatud inseneritehnikaid.<\/li>\n<li><strong>Kohandatavad valikud:<\/strong> Saame seda toodet toota vastavalt teie konkreetsetele vajadustele, pakkudes ideaalseid asendusi erinevatele h\u00fcdrosilindritele.<\/li>\n<\/ul>\n<p><img decoding=\"async\" src=\"https:\/\/www.hydraulic-cylinders.net\/wp-content\/uploads\/2025\/04\/songte-cylinder-head-with-all-kinds-excavator-models.webp\" alt=\"H\u00fcdrauliliste silindrite t\u00fc\u00fcbid\"><\/p>\n<h2>Poomi silindri rakendused<\/h2>\n<h3>Ehitustehnika<\/h3>\n<p>Ekskavaatorites on noolesilindrid \u00fcliolulised kaevamiseks, laadimiseks ja mulla v\u00f5i prahi teisaldamiseks. Need v\u00f5imaldavad kopal t\u00f5husalt pinnasesse tungida, mis on kaevet\u00f6\u00f6de puhul \u00fclioluline. Ekskavaator-laadurites abistab noolesilinder nii kaevamisel kui ka t\u00f5stmisel, muutes selle multifunktsionaalseks t\u00f6\u00f6riistaks ehituskeskkonnas.<\/p>\n<h3>P\u00f5llumajandustehnika<\/h3>\n<p>Esilaadurid kasutavad mulla, heina ja muude materjalide kopeerimiseks, t\u00f5stmiseks ja transportimiseks noolesilindreid. Nende mitmek\u00fclgsus muudab need h\u00e4davajalikuks mitmesuguste p\u00f5llumajanduslike rakenduste jaoks, aidates p\u00f5llumeestel oma \u00fclesandeid t\u00f5husalt hallata.<\/p>\n<h3>Ekskavaatorid<\/h3>\n<p>Ekskavaatorites h\u00f5lbustab kopa silinder kaevamist, v\u00f5imaldades kopal maapinda tungida. See v\u00f5ime on oluline mitmesuguste projektide, sealhulgas maa puhastamise, tasandamise ja kaevamise jaoks, muutes noole silindri ekskavaatori t\u00f6\u00f6 lahutamatuks osaks.<\/p>\n<h3>Laadurid<\/h3>\n<p>Esilaadurites aitavad noolesilindrid materjalide t\u00f5husale t\u00f5stmisele ja t\u00fchjendamisele kaasa. Need pakuvad vajalikku j\u00f5udu raskete koormate t\u00f5stmiseks, mis on kriitilise t\u00e4htsusega ehitusel, haljastuses ja muudel rasketel t\u00f6\u00f6del.<\/p>\n<h2>Projekteerimiskaalutlused ja valikukriteeriumid<\/h2>\n<h3>Kandev\u00f5ime<\/h3>\n<p>Poomi silindri valimisel on \u00fcks olulisemaid tegureid selle kandev\u00f5ime. Silinder peab suutma taluda maksimaalset raskust, millega see t\u00f6\u00f6tamise ajal kokku puutub. See h\u00f5lmab t\u00f6\u00f6keskkonna, masina t\u00fc\u00fcbi, mille k\u00fclge see kinnitatakse, ja konkreetsete \u00fclesannete m\u00f5istmist, mida see t\u00e4idab. Sobiva kandev\u00f5imega silindri valimata j\u00e4tmine v\u00f5ib p\u00f5hjustada mehaanilisi rikkeid ja potentsiaalselt ohtlikke olukordi. N\u00f5uetekohased inseneriarvutused ja katsetamine on olulised, et tagada silindri vastavus k\u00f5igile t\u00f6\u00f6n\u00f5uetele, suurendades ohutust ja j\u00f5udlust.<\/p>\n<h3>Tihendusmehhanismid<\/h3>\n<p>T\u00f5hus tihendamine on h\u00fcdraulikas\u00fcsteemide terviklikkuse s\u00e4ilitamiseks \u00fclioluline. Tihendite valik \u2013 sealhulgas kolvitihendid, vardatihendid ja muud \u2013 m\u00e4\u00e4rab silindri v\u00f5ime v\u00e4ltida h\u00fcdraulikavedeliku lekkeid. Kvaliteetsed tihendid, mis on valmistatud vastupidavatest materjalidest, nagu pol\u00fcuretaan v\u00f5i nitriilkummi, on olulised pikaealisuse ja j\u00f5udluse tagamiseks. Lisaks tuleb silindri korpuse ja keermestatud otste pinnaviimistlus olla hoolikalt l\u00e4bim\u00f5eldud, et parandada kulumiskindlust ja v\u00e4hendada lekete ohtu. Nende tihendite regulaarne hooldus ja kontroll on h\u00fcdraulikas\u00fcsteemi t\u00f5husa t\u00f6\u00f6 tagamiseks \u00fcliolulised.<\/p>\n<h3>Vastupidavus ja hooldus<\/h3>\n<p>Vastupidavus on noole silindri valimisel v\u00f5tmet\u00e4htsusega aspekt. T\u00f6\u00f6keskkond v\u00f5ib olla karm, puutudes kokku tolmu, niiskuse ja \u00e4\u00e4rmuslike temperatuuridega. Seet\u00f5ttu on oluline valida materjalid, mis nendele tingimustele vastu peavad. Regulaarsed hooldusrutiinid, sealhulgas kontrollid ja kulunud komponentide \u00f5igeaegne vahetamine, m\u00e4ngivad olulist rolli silindri eluea pikendamisel. Hooldusgraafikute j\u00e4rgimine hoiab \u00e4ra ootamatud rikkeid ja kulukaid seisakuid, aidates l\u00f5ppkokkuv\u00f5ttes kaasa masinate t\u00f5hususele, mida see toetab.<\/p>\n<p><img decoding=\"async\" src=\"https:\/\/www.hydraulic-cylinders.net\/wp-content\/uploads\/2025\/04\/songte-oil-pipes-and-spare-parts.webp\" alt=\"H\u00fcdrauliliste silindrite osad\"><\/p>\n<h2>Tihendus ja m\u00e4\u00e4rimine<\/h2>\n<p>Poomi silindrite tihendamine ja m\u00e4\u00e4rimine on nende j\u00f5udluse ja pikaealisuse seisukohalt kriitilise t\u00e4htsusega. H\u00fcdraulikas\u00fcsteemi terviklikkuse s\u00e4ilitamiseks on loodud mitmesugused tihendid, n\u00e4iteks kolvi- ja varrastihendid. Vastupidavuse suurendamiseks on oluline valida tihendid, mis on valmistatud kulumiskindlatest materjalidest, n\u00e4iteks pol\u00fcuretaanist ja nitriilkummist. Lisaks tuleks silindri korpust ja keermestatud otsi peenelt t\u00f6\u00f6delda, et parandada kulumiskindlust, tagades tihendite t\u00f5husa toimimise aja jooksul. H\u00f5\u00f5rdumise minimeerimiseks, kulumise v\u00e4hendamiseks ja kahjustuste v\u00e4ltimiseks on vajalik regulaarne m\u00e4\u00e4rimine sobiva h\u00fcdraulika\u00f5liga. M\u00e4\u00e4rimistavad peaksid h\u00f5lmama \u00f5litaseme j\u00e4lgimist ja \u00f5li vahetamist soovitatud intervallide j\u00e4rel, et tagada optimaalne j\u00f5udlus.<\/p>\n<h2>Regulaarsed kontrollid ja ennetav hooldus<\/h2>\n<ul>\n<li><strong>Planeeritud \u00fclevaatused:<\/strong> H\u00fcdrauliliste silindrite regulaarset kontrolli tuleks teha, et tuvastada k\u00f5ik kulumise, lekete v\u00f5i kahjustuste tunnused. Regulaarsed kontrollid aitavad tuvastada v\u00f5imalikke probleeme enne, kui need p\u00f5hjustavad olulisi rikkeid.<\/li>\n<li><strong>M\u00e4\u00e4rimispraktikad:<\/strong> Oluline on s\u00e4ilitada tootja poolt etten\u00e4htud m\u00e4\u00e4rimistase. Piisav m\u00e4\u00e4rimine v\u00e4hendab h\u00f5\u00f5rdumist ja pikendab silindri eluiga.<\/li>\n<li><strong>Tihendi vahetamine:<\/strong> Tihendeid tuleks regulaarselt kulumisj\u00e4lgede suhtes kontrollida ja vajadusel v\u00e4lja vahetada. See on \u00fclioluline h\u00fcdraulilise terviklikkuse s\u00e4ilitamiseks ja t\u00f5husa t\u00f6\u00f6 tagamiseks.<\/li>\n<\/ul>\n<h2>Paigaldusjuhised<\/h2>\n<p>Poomi silindrite \u00f5ige paigaldamine on optimaalse j\u00f5udluse ja ohutuse tagamiseks h\u00e4davajalik. Alustage veendumaks, et kinnituspinnad on puhtad ja prahist vabad. Joondage silinder \u00f5igesti masinaga, et v\u00e4ltida joondusprobleeme, mis v\u00f5ivad p\u00f5hjustada liigset kulumist. Kasutage silindri kinnitamiseks sobivaid kinnitusklambreid, veendudes, et see on kindlalt kinnitatud ilma liigse j\u00f5uta. Poltide kinnitamisel j\u00e4rgige tootja juhiseid p\u00f6\u00f6rdemomentide kohta. P\u00e4rast paigaldamist tehke p\u00f5hjalik kontroll, et veenduda, et k\u00f5ik on \u00f5igesti paigutatud ja toimib. S\u00fcsteemi testimine kontrollitud tingimustes aitab potentsiaalseid probleeme varakult tuvastada.<\/p>\n<h2>Hooldus\u00fclesanded<\/h2>\n<h3>Regulaarsed kontrollid<\/h3>\n<p>Regulaarsete kontrollide tegemine on probleemide varajaseks avastamiseks \u00fclioluline. Otsige lekkeid, ebatavalisi helisid v\u00f5i kulumism\u00e4rke. Need kontrollid peaksid olema s\u00fcstemaatilised ja dokumenteeritud, et j\u00e4lgida ballooni seisukorda aja jooksul.<\/p>\n<h3>Sobiv m\u00e4\u00e4rimine<\/h3>\n<p>Veenduge, et silinder oleks tootja spetsifikatsioonide kohaselt piisavalt m\u00e4\u00e4ritud. See h\u00f5lmab \u00f5iget t\u00fc\u00fcpi h\u00fcdraulika\u00f5li kasutamist ja selle pealekandmist etten\u00e4htud intervallidega, et tihendid ja liikuvad osad t\u00f6\u00f6taksid sujuvalt.<\/p>\n<h3>Tihendi vahetamine ja kalibreerimise kontrollimine<\/h3>\n<p>Kontrollige regulaarselt tihendite kulumist ja vajadusel vahetage need v\u00e4lja. Samuti tuleks perioodiliselt teha kalibreerimiskontrolle, et tagada silindri toimimine etten\u00e4htud spetsifikatsioonide piires. See on \u00fclioluline j\u00f5udluse s\u00e4ilitamiseks ja rikete v\u00e4ltimiseks.<\/p>\n<p><img decoding=\"async\" src=\"https:\/\/www.hydraulic-cylinders.net\/wp-content\/uploads\/2025\/04\/songte-chushion-collar.webp\" alt=\"Silindri paigaldamine\"><\/p>\n<h2>Ohutuskaalutlused ja keskkonnategurid<\/h2>\n<p>Poomisilindrite kasutamisel on oluline seada esikohale ohutusmeetmed. See h\u00f5lmab h\u00fcdraulikas\u00fcsteemidega seotud v\u00f5imalike riskide m\u00f5istmist ja strateegiate rakendamist nende leevendamiseks. Veenduge, et operaatorid on koolitatud ohtude \u00e4ratundmiseks, sobivate kaitsevahendite kasutamiseks ja kehtestatud ohutusprotokollide j\u00e4rgimiseks. Lisaks tuleks arvestada keskkonnakaalutlustega, n\u00e4iteks h\u00fcdraulikavedelike n\u00f5uetekohase k\u00f5rvaldamise ja lekete minimeerimisega \u00fcmbritsevate \u00f6kos\u00fcsteemide kaitsmiseks. Ohutuse ja keskkonnavastutuse r\u00f5hutamine v\u00f5ib oluliselt m\u00f5jutada h\u00fcdraulikaoperatsioonide \u00fcldist t\u00f5husust ja j\u00e4tkusuutlikkust.<\/p>\n<h2>Veaotsing ja levinud probleemid<\/h2>\n<ul>\n<li><strong>Leke:<\/strong> M\u00e4rgatava lekke korral v\u00f5ib see viidata kulunud tihenditele v\u00f5i kahjustatud komponentidele. Selle probleemi lahendamiseks v\u00f5ib olla vajalik tihendite kontrollimine ja vahetamine.<\/li>\n<li><strong>Aeglane t\u00f6\u00f6:<\/strong> Kui silinder t\u00f6\u00f6tab aeglaselt, v\u00f5ib see olla tingitud madalast h\u00fcdraulikavedeliku tasemest v\u00f5i s\u00fcsteemis olevast \u00f5hust. Kontrollige vedeliku taset ja \u00f5hutage s\u00fcsteem, et tagada efektiivne t\u00f6\u00f6.<\/li>\n<li><strong>Ebatavalised helid:<\/strong> Ebatavalised helid t\u00f6\u00f6tamise ajal v\u00f5ivad viidata mehaanilisele rikkele v\u00f5i ebapiisavale m\u00e4\u00e4rimisele. Kontrollige silindrit kahjustuste suhtes ja veenduge, et m\u00e4\u00e4rimine oleks piisav.<\/li>\n<\/ul>\n<h2>Probleemide lahendamise n\u00e4pun\u00e4ited<\/h2>\n<p>Poomi silindrite probleemide diagnoosimisel on oluline l\u00e4heneda s\u00fcstemaatiliselt. Alustage vedeliku taseme kontrollimisest ja veenduge, et s\u00fcsteemis pole \u00f5hku. Regulaarsed hooldustavad, n\u00e4iteks tihendite \u00f5igeaegne vahetamine ja m\u00e4\u00e4rimine, aitavad v\u00e4ltida paljusid levinud probleeme. P\u00f5hjaliku hoolduslogi pidamine aitab tuvastada ka mustreid v\u00f5i korduvaid probleeme, v\u00f5imaldades t\u00f5husamaid ennetavaid meetmeid.<\/p>\n<p><img decoding=\"async\" src=\"https:\/\/www.hydraulic-cylinders.net\/wp-content\/uploads\/2025\/04\/songte-bushings-with-all-kinds-of-excavator-models.webp\" alt=\"Poomi silindri t\u00f5rkeotsing\"><\/p>\n<h2>Ettev\u00f5tte \u00fclevaade<\/h2>\n<p>Oleme juhtiv asendush\u00fcdrauliliste silindrite tootja ja hulgim\u00fc\u00fcja, teenindades nii sise- kui ka rahvusvahelisi turge. Meie lai tootevalik on teinud meist \u00fche t\u00f6\u00f6stusharu tipptootja. Keskendume tippkvaliteedile, kasutades t\u00e4iustatud tootmist\u00f6\u00f6koda koos t\u00f6\u00f6stusliku tootmise juhtimise strateegiaga. Meie ettev\u00f5te t\u00e4iustab pidevalt oma tootmisplatvormi, integreerides tehnilisi oskusi, t\u00e4iustatud digitaalseid tootmisseadmeid ja professionaalseid testimiss\u00fcsteeme. See p\u00fchendumus on viinud meid tugevate loominguliste v\u00f5imete loomiseni, tagades, et rahuldame klientide mitmekesiseid vajadusi suure t\u00f5hususega, t\u00e4psuse ja kvaliteediga.<\/p>\n<p><img decoding=\"async\" src=\"https:\/\/www.hydraulic-cylinders.net\/wp-content\/uploads\/2025\/04\/songte-company-4.webp\" alt=\"Ettev\u00f5tte tootmine\"><br \/>\n<img decoding=\"async\" src=\"https:\/\/www.hydraulic-cylinders.net\/wp-content\/uploads\/2025\/04\/songte-company-3.webp\" alt=\"Ettev\u00f5tte tootmis\u00fcksus\"><\/p>\n<h2>Kokkuv\u00f5te<\/h2>\n<p>Kokkuv\u00f5ttes on Nante NT20 poomi silinder oluline komponent erinevates h\u00fcdraulilistes rakendustes, pakkudes vastupidavat ja t\u00f5husat j\u00f5udlust. Selle omaduste, rakenduste ja hooldusn\u00f5uete m\u00f5istmine tagab optimaalse t\u00f6\u00f6 ja pikaealisuse. Meie ettev\u00f5te on valmis pakkuma kvaliteetseid h\u00fcdraulikalahendusi, mis vastavad teie konkreetsetele vajadustele.<\/p>\n<p>Autor: lyl<\/p>","protected":false},"excerpt":{"rendered":"<p>Boom Cylinder For Nante NT20 Introduction to Boom Cylinder The Boom Cylinder, specifically designed for the Nante NT20, is a critical component in hydraulic systems. This hydraulic cylinder is specialized for controlling the movement of buckets in various heavy machinery, including excavators, backhoe loaders, and front-end loaders. It enables the bucket to lift, lower, and [&hellip;]<\/p>","protected":false},"featured_media":17871,"comment_status":"open","ping_status":"closed","template":"","meta":{"_et_pb_use_builder":"","_et_pb_old_content":"","_et_gb_content_width":""},"product_brand":[],"product_cat":[1546],"product_tag":[1547,1496],"class_list":{"0":"post-19548","1":"product","2":"type-product","3":"status-publish","4":"has-post-thumbnail","6":"product_cat-boom-cylinders","7":"product_tag-boom-cylinders","8":"product_tag-hydraulic-cylinders","10":"first","11":"instock","12":"shipping-taxable","13":"product-type-simple"},"amp_enabled":true,"_links":{"self":[{"href":"https:\/\/www.hydraulic-cylinders.net\/et\/wp-json\/wp\/v2\/product\/19548","targetHints":{"allow":["GET"]}}],"collection":[{"href":"https:\/\/www.hydraulic-cylinders.net\/et\/wp-json\/wp\/v2\/product"}],"about":[{"href":"https:\/\/www.hydraulic-cylinders.net\/et\/wp-json\/wp\/v2\/types\/product"}],"replies":[{"embeddable":true,"href":"https:\/\/www.hydraulic-cylinders.net\/et\/wp-json\/wp\/v2\/comments?post=19548"}],"wp:featuredmedia":[{"embeddable":true,"href":"https:\/\/www.hydraulic-cylinders.net\/et\/wp-json\/wp\/v2\/media\/17871"}],"wp:attachment":[{"href":"https:\/\/www.hydraulic-cylinders.net\/et\/wp-json\/wp\/v2\/media?parent=19548"}],"wp:term":[{"taxonomy":"product_brand","embeddable":true,"href":"https:\/\/www.hydraulic-cylinders.net\/et\/wp-json\/wp\/v2\/product_brand?post=19548"},{"taxonomy":"product_cat","embeddable":true,"href":"https:\/\/www.hydraulic-cylinders.net\/et\/wp-json\/wp\/v2\/product_cat?post=19548"},{"taxonomy":"product_tag","embeddable":true,"href":"https:\/\/www.hydraulic-cylinders.net\/et\/wp-json\/wp\/v2\/product_tag?post=19548"}],"curies":[{"name":"wp","href":"https:\/\/api.w.org\/{rel}","templated":true}]}}