{"id":19550,"date":"2025-04-07T06:54:02","date_gmt":"2025-04-07T06:54:02","guid":{"rendered":"https:\/\/www.hydraulic-cylinders.net\/product\/boom-cylinder-for-nante-nt45\/"},"modified":"2025-04-07T06:54:05","modified_gmt":"2025-04-07T06:54:05","slug":"boom-cylinder-for-nante-nt45","status":"publish","type":"product","link":"https:\/\/www.hydraulic-cylinders.net\/et\/toode\/boom-cylinder-for-nante-nt45\/","title":{"rendered":"Nante NT45 poomi silinder"},"content":{"rendered":"<h1>Nante NT45 poomi silinder<\/h1>\n<h2>Toote m\u00e4\u00e4ratlus ja \u00fclevaade<\/h2>\n<p>Nante NT45 poomi silinder on spetsiaalne h\u00fcdrauliline silinder, mis on loodud ekskavaatorikopade ja muude rasketehnika lisaseadmete liikumise juhtimiseks. Need silindrid on \u00fcliolulised koppade t\u00f5stmiseks, langetamiseks ja kallutamiseks, h\u00f5lbustades mitmesuguseid materjalik\u00e4itlust\u00f6id. H\u00fcdraulikas\u00fcsteemide p\u00f5hikomponendina annab poomi silinder olulise j\u00f5u, mis on vajalik nende toimingute t\u00f5husaks teostamiseks.<\/p>\n<p>H\u00fcdraulilised silindrid, n\u00e4iteks noole silinder, t\u00f6\u00f6tavad h\u00fcdraulilise energia mehaaniliseks energiaks muutmise teel. Rasketehnikas, nagu ekskavaatorid, kopalaadurid ja esilaadurid, v\u00f5imaldavad need silindrid t\u00e4pset liikumist ja juhtimist, tagades, et operaatorid saavad \u00fclesandeid ohutult ja t\u00f5husalt t\u00e4ita. Noole silindri disain keskendub suure j\u00f5udluse pakkumisele, pidades samal ajal vastu ka raskete t\u00f6\u00f6keskkondade n\u00f5udmistele.<\/p>\n<p><img decoding=\"async\" src=\"https:\/\/www.hydraulic-cylinders.net\/wp-content\/uploads\/2025\/04\/songte-company-1.webp\" alt=\"Nante NT45 poomi silinder\"><\/p>\n<h2>Poomi silindri p\u00f5hijooned<\/h2>\n<ul>\n<li><strong>Suur tugevus ja vastupidavus:<\/strong> Valmistatud \u00fclitugevast terasest v\u00f5i alumiiniumist, mis on loodud taluma k\u00f5rget r\u00f5hku ja suuri koormusi, kohandudes samal ajal karmide t\u00f6\u00f6tingimustega. Konstruktsioon h\u00f5lmab kulumiskindlust ja korrosioonikaitset, pikendades toote eluiga.<\/li>\n<li><strong>T\u00f5hus h\u00fcdrauliline t\u00f6\u00f6:<\/strong> Kasutab sujuvaks pikendamiseks ja tagasit\u00f5mbamiseks h\u00fcdraulilist \u00f5lir\u00f5hku, reageerib kiiresti juhtimisk\u00e4sklustele ning pakub m\u00e4rkimisv\u00e4\u00e4rset t\u00f5uke- ja t\u00f5mbej\u00f5udu, mis sobib raskete materjalide k\u00e4sitsemiseks ja keerukate \u00fclesannete t\u00e4itmiseks.<\/li>\n<li><strong>T\u00fc\u00fcpide mitmekesisus:<\/strong> Saadaval \u00fchetoimelise (\u00fches suunas t\u00f6\u00f6tav) v\u00f5i kahetoimelise (m\u00f5lemas suunas t\u00f6\u00f6tav) konfiguratsioonina, et rahuldada erinevaid t\u00f6\u00f6vajadusi. Teatud mudelitel on teleskoopkonstruktsioonid, mis v\u00f5imaldavad suuremat pikendamist ilma v\u00e4lism\u00f5\u00f5tmeid suurendamata, mis sobib ideaalselt ruumikitsastes rakendustes.<\/li>\n<\/ul>\n<p>Meie ettev\u00f5te toodab seda toodet ja meie tooted suudavad neid h\u00fcdrosilindreid ideaalselt asendada.<\/p>\n<p><img decoding=\"async\" src=\"https:\/\/www.hydraulic-cylinders.net\/wp-content\/uploads\/2025\/04\/songte-cylinder-head-with-all-kinds-excavator-models.webp\" alt=\"H\u00fcdraulilise silindri pea\"><\/p>\n<h2>Poomi silindri rakendused<\/h2>\n<h3>Ehitustehnika<\/h3>\n<p>Ekskavaatorites on noole silinder lahutamatu osa kaevamisel, laadimisel ja pinnase v\u00f5i prahi teisaldamisel. Selle roll ulatub ka ekskavaator-laadurite t\u00f5stetoimingute abistamiseni, v\u00f5imaldades operaatoritel s\u00fcgavamale kaevata ja materjale h\u00f5lpsalt k\u00e4sitseda. Nende silindrite pakutav t\u00f5husus muudab need ehitusplatsidel asendamatuks.<\/p>\n<h3>P\u00f5llumajandustehnika<\/h3>\n<p>Esilaadurites kasutatakse noolesilindreid mulla, heina ja muude materjalide kopeerimiseks, t\u00f5stmiseks ja transportimiseks. Nende vastupidav konstruktsioon toetab p\u00f5llumajandust\u00f6id, sujuvamaks muutes toiminguid ja suurendades p\u00f5llumajandustegevuse tootlikkust.<\/p>\n<h3>Ekskavaatorid<\/h3>\n<p>Poomi silinder h\u00f5lbustab kaevamisliigutust, v\u00f5imaldades kopal t\u00f5husalt pinnasesse tungida. See v\u00f5ime on kriitilise t\u00e4htsusega erinevates kaevet\u00f6\u00f6des, tagades materjali eemaldamise t\u00e4psuse ja efektiivsuse.<\/p>\n<h3>Laadurid<\/h3>\n<p>Esilaaduritel aitavad noolesilindrid koormaid t\u00f5husalt t\u00f5sta ja t\u00fchjendada. See funktsioon on oluline mitmesugustes rakendustes, alates ehitusest kuni j\u00e4\u00e4tmek\u00e4itluseni, pakkudes nii v\u00f5imsust kui ka kontrolli t\u00f6\u00f6 ajal.<\/p>\n<h2>Projekteerimiskaalutlused ja valikukriteeriumid<\/h2>\n<h3>Kandev\u00f5ime<\/h3>\n<p>Noole silindri valimisel on oluline hinnata selle kandev\u00f5imet, et veenduda, kas see suudab kanda konkreetsete \u00fclesannete raskusi. Vajaliku j\u00f5u arvutamine ja masina spetsifikatsioonide m\u00f5istmine juhivad valikuprotsessi, tagades silindri t\u00f6\u00f6tamise ohututes piirides.<\/p>\n<h3>Tihendi terviklikkus<\/h3>\n<p>H\u00fcdrosilindrite konstruktsiooni oluline tegur on tihendite terviklikkus. N\u00f5uetekohased tihendid hoiavad \u00e4ra h\u00fcdraulilise vedeliku lekked, mis v\u00f5ivad kahjustada efektiivsust ja ohutust. Kvaliteetsed tihendid, mis on valmistatud sellistest materjalidest nagu pol\u00fcuretaan ja nitriilkummi, suurendavad vastupidavust ja tagavad \u00fchtlase j\u00f5udluse r\u00f5hu all.<\/p>\n<h3>Vastupidavus<\/h3>\n<p>Vastupidav disain saavutatakse vastupidavate materjalide ja t\u00e4iustatud inseneritehnikate abil. H\u00fcdraulilised silindrid peavad vastu pidama pideva liikumise ja raske kasutuse kulumisele. Kaitsekatete ja t\u00f6\u00f6deldud pindadega toodete valimine pikendab nende eluiga n\u00f5udlikes keskkondades.<\/p>\n<h3>Turvaelemendid<\/h3>\n<p>H\u00fcdraulikas\u00fcsteemi projekteerimisel on ohutus esmat\u00e4htis. Selliste funktsioonide nagu r\u00f5huvabastusventiilide ja \u00fclekoormuskaitsemehhanismide lisamine aitab v\u00e4ltida \u00f5nnetusi ja seadmete rikkeid, tagades kasutajate ja \u00fcmbritseva personali ohutu t\u00f6\u00f6.<\/p>\n<h3>Hooldus ja hooldatavus<\/h3>\n<p>Hoolduse lihtsustamine on oluline. H\u00fcdraulilised silindrid peaksid v\u00f5imaldama lihtsat kontrolli ja hooldust, v\u00e4hendades seisakuid ja tegevuskulusid. Kergesti ligip\u00e4\u00e4setavad ja vahetatavad komponendid suurendavad silindri kasutatavust ja pikaealisust.<\/p>\n<p><img decoding=\"async\" src=\"https:\/\/www.hydraulic-cylinders.net\/wp-content\/uploads\/2025\/04\/songte-oil-pipes-and-spare-parts.webp\" alt=\"H\u00fcdraulilised \u00f5litorud ja varuosad\"><\/p>\n<h2>Tihendus ja m\u00e4\u00e4rimine<\/h2>\n<p>T\u00f5hus tihendamine ja m\u00e4\u00e4rimine on h\u00fcdrauliliste silindrite j\u00f5udluse seisukohalt \u00fcliolulised. Erinevate tihendite, n\u00e4iteks kolvi- ja varrastihendite kasutamine tagab tiheda tihendi r\u00f5hu vastu ja hoiab \u00e4ra h\u00fcdraulilise vedeliku lekke. Selliste kulumiskindlate materjalide nagu pol\u00fcuretaan ja nitriilkummi valimine aitab kaasa nende tihendite pikaealisusele.<\/p>\n<p>Silindri korpus ja keermestatud otsapinnad on kulumiskindluse suurendamiseks hoolikalt t\u00f6\u00f6deldud, tagades vastupidavuse suure koormusega rakendustes. H\u00fcdraulika\u00f5li regulaarne lisamine m\u00e4\u00e4rimiseks on \u00fclioluline, kuna see tagab sujuva t\u00f6\u00f6 ja hoiab \u00e4ra \u00fclekuumenemise, pikendades h\u00fcdrosilindri eluiga.<\/p>\n<h2>Ennetavad hooldusmeetmed<\/h2>\n<ul>\n<li><strong>Regulaarsed kontrollid:<\/strong> Tehke regulaarseid kontrolle, et tuvastada v\u00f5imalik kulumine v\u00f5i kahjustused varakult, tagades silindri optimaalse t\u00f6\u00f6korras p\u00fcsimise.<\/li>\n<li><strong>Sobiv m\u00e4\u00e4rimine:<\/strong> Kasutage \u00f5iget h\u00fcdraulika\u00f5li ja veenduge, et tihendid ja liikuvad osad oleksid regulaarselt m\u00e4\u00e4ritud, et s\u00e4ilitada efektiivsus ja v\u00e4ltida rikkeid.<\/li>\n<li><strong>Tihendi vahetamine:<\/strong> H\u00fcdraulikas\u00fcsteemi terviklikkuse s\u00e4ilitamiseks vahetage tihendeid soovitatud intervallide j\u00e4rel v\u00f5i lekete tuvastamisel.<\/li>\n<\/ul>\n<h2>Paigaldusjuhised<\/h2>\n<p>Poomi silindri \u00f5ige paigaldamine on optimaalse j\u00f5udluse saavutamiseks \u00fclioluline. Alustage veendumisest, et k\u00f5ik komponendid on puhtad ja prahist vabad. \u00d5ige joondamine on h\u00e4davajalik; silindri kinnitamiseks kasutage sobivaid kinnitusklambreid. Joondage silinder masinaga, et v\u00e4ltida s\u00fcsteemile liigset koormust.<\/p>\n<p>Enne paigaldamist kontrollige k\u00f5iki h\u00fcdraulika\u00fchendusi terviklikkuse suhtes ja veenduge, et poleks lekkeid. P\u00e4rast paigaldamist testige toimimist, liigutades poomi mitu korda, et tagada sujuv liikumine ja k\u00f5igi ohutusfunktsioonide n\u00f5uetekohane toimimine. Nende juhiste j\u00e4rgimine aitab saavutada h\u00fcdrosilindri t\u00f5husa t\u00f6\u00f6 ja pikaealisuse.<\/p>\n<h2>Levinumad hooldust\u00f6\u00f6d<\/h2>\n<ul>\n<li><strong>Regulaarne kontroll:<\/strong> Sagedased kulumise v\u00f5i kahjustuste kontrollid on h\u00e4davajalikud. Kontrollige tihendeid, voolikuid ja \u00fchendusi ning j\u00e4lgige lekete m\u00e4rke, et v\u00e4ltida suuremaid probleeme.<\/li>\n<li><strong>\u00d5ige m\u00e4\u00e4rimine:<\/strong> Veenduge, et k\u00f5ik liikuvad osad on piisavalt m\u00e4\u00e4ritud \u00f5ige h\u00fcdraulika\u00f5liga, et tagada sujuv t\u00f6\u00f6 ja v\u00e4ltida kulumist.<\/li>\n<li><strong>Tihendi vahetamine:<\/strong> Tihendite regulaarne vahetamine on s\u00fcsteemi terviklikkuse s\u00e4ilitamiseks \u00fclioluline. J\u00e4lgige tihendite seisukorda ja vahetage need vastavalt vajadusele, et v\u00e4ltida lekkeid.<\/li>\n<\/ul>\n<p>Paigaldamise ajal \u00f5ige joonduse r\u00f5hutamine on optimaalse toimimise tagamiseks \u00fclioluline. Silindri kinnitamiseks kasutage sobivaid kinnitusklambreid, et v\u00e4ltida joondamata joondust, mis v\u00f5ib p\u00f5hjustada enneaegset kulumist. Regulaarsed kontrollid, remondit\u00f6\u00f6d ja kulunud komponentide vahetamine pikendavad oluliselt h\u00fcdrosilindri kasutusiga.<\/p>\n<p><img decoding=\"async\" src=\"https:\/\/www.hydraulic-cylinders.net\/wp-content\/uploads\/2025\/04\/songte-chushion-collar.webp\" alt=\"Padjakaelus\"><\/p>\n<h2>Ohutuskaalutlused ja keskkonnategurid<\/h2>\n<p>H\u00fcdrauliliste seadmetega, sealhulgas noole silindriga t\u00f6\u00f6tamisel on ohutusmeetmed h\u00e4davajalikud. Operaatorid peaksid alati olema teadlikud oma \u00fcmbrusest ja tagama, et masina t\u00f6\u00f6tamise ajal ei viibi l\u00e4heduses kedagi. N\u00f5uetekohane v\u00e4lja\u00f5pe ja ohutusprotokollide j\u00e4rgimine ennetavad \u00f5nnetusi ja vigastusi.<\/p>\n<h2>Veaotsing ja levinud probleemid<\/h2>\n<ul>\n<li><strong>Leke:<\/strong> H\u00fcdraulikavedeliku lekked v\u00f5ivad viidata kulunud tihenditele v\u00f5i \u00fchendustele. Selle probleemi lahendamiseks kontrollige ja vajadusel vahetage tihendid v\u00e4lja.<\/li>\n<li><strong>Ebapiisav liikumine:<\/strong> Kui silinder ei ulatu korralikult v\u00e4lja ega t\u00f5mbu tagasi, v\u00f5ib see olla tingitud ebapiisavast h\u00fcdraulikavedelikust v\u00f5i ummistusest. Kontrollige vedeliku taset ja eemaldage s\u00fcsteemist \u00f5hk.<\/li>\n<li><strong>M\u00fcrane t\u00f6\u00f6:<\/strong> Ebatavalised helid v\u00f5ivad viidata mehaanilistele probleemidele, n\u00e4iteks kulunud osadele v\u00f5i madalale vedelikutasemele. Uurige ja k\u00f5rvaldage k\u00f5ik k\u00f5rvalekalded viivitamatult.<\/li>\n<\/ul>\n<h2>Vea lahendamise n\u00e4pun\u00e4ited<\/h2>\n<p>Probleemide t\u00f5husaks diagnoosimiseks ja t\u00f5rkeotsinguks peaksid operaatorid tegema s\u00fcstemaatilisi kontrolle. Alustage vedeliku taseme kontrollimisest ja veenduge, et k\u00f5ik \u00fchendused on kindlad. Lekke korral vahetage tihendid kohe v\u00e4lja, et v\u00e4ltida vedeliku kadu.<\/p>\n<p>Rutiinse hooldusgraafiku koostamine aitab leevendada paljusid v\u00f5imalikke probleeme. Operaatorite korralik koolitus varajaste rikete m\u00e4rkide \u00e4ratundmiseks aitab s\u00e4\u00e4sta aega ja kulusid, mis on seotud suuremate remondit\u00f6\u00f6dega.<\/p>\n<p><img decoding=\"async\" src=\"https:\/\/www.hydraulic-cylinders.net\/wp-content\/uploads\/2025\/04\/songte-bushings-with-all-kinds-of-excavator-models.webp\" alt=\"Puksid ekskavaatorimudelitega\"><\/p>\n<h2>Meie ettev\u00f5ttest<\/h2>\n<p>Oleme asendush\u00fcdrauliliste silindrite tootja, pakkudes t\u00e4ielikku tootevalikut. Meie ettev\u00f5ttest on saanud juhtiv h\u00fcdrauliliste silindrite tootja ja hulgim\u00fc\u00fcja nii sise- kui ka rahvusvahelistel turgudel. Meie eesm\u00e4rk on pakkuda tippkvaliteeti ja meie tegevust toetab t\u00e4iustatud tootmisjuhtimise strateegia.<\/p>\n<p>Meie p\u00fchendumus innovatsioonile ilmneb investeeringutes oskuslikesse tehnilistesse t\u00f6\u00f6tajatesse, t\u00e4iustatud digitaalsetesse tootmisseadmetesse ja spetsiaalsetesse testimiss\u00fcsteemidesse. See v\u00f5imaldab meil pidevalt t\u00e4iustada oma tootmisplatvormi ja parandada toodete kvaliteeti. Oleme uhked oma v\u00f5ime \u00fcle pakkuda suurt efektiivsust, t\u00e4psust ja suurep\u00e4rast kvaliteeti, et rahuldada klientide mitmekesiseid vajadusi.<\/p>\n<p>Pakume kohandatud teenuseid, rahvusvahelisi sertifikaate ja tugevat m\u00fc\u00fcgij\u00e4rgset tuge, tagades, et meie kliendid saavad parimad saadaolevad tooted ja teeninduse.<\/p>\n<p><img decoding=\"async\" src=\"https:\/\/www.hydraulic-cylinders.net\/wp-content\/uploads\/2025\/04\/songte-company-4.webp\" alt=\"Ettev\u00f5tte \u00fclevaade\"><br \/>\n<img decoding=\"async\" src=\"https:\/\/www.hydraulic-cylinders.net\/wp-content\/uploads\/2025\/04\/songte-company-3.webp\" alt=\"Ettev\u00f5tte rajatised\"><\/p>\n<p>Autor: lyl<\/p>","protected":false},"excerpt":{"rendered":"<p>Boom Cylinder For Nante NT45 Product Definition and Overview The Boom Cylinder for Nante NT45 is a specialized hydraulic cylinder designed for controlling the movement of excavator buckets and other heavy machinery attachments. These cylinders are crucial in enabling the lifting, lowering, and tilting of buckets, facilitating various material handling tasks. As a key component [&hellip;]<\/p>","protected":false},"featured_media":17873,"comment_status":"open","ping_status":"closed","template":"","meta":{"_et_pb_use_builder":"","_et_pb_old_content":"","_et_gb_content_width":""},"product_brand":[],"product_cat":[1546],"product_tag":[1547,1496],"class_list":{"0":"post-19550","1":"product","2":"type-product","3":"status-publish","4":"has-post-thumbnail","6":"product_cat-boom-cylinders","7":"product_tag-boom-cylinders","8":"product_tag-hydraulic-cylinders","10":"first","11":"instock","12":"shipping-taxable","13":"product-type-simple"},"amp_enabled":true,"_links":{"self":[{"href":"https:\/\/www.hydraulic-cylinders.net\/et\/wp-json\/wp\/v2\/product\/19550","targetHints":{"allow":["GET"]}}],"collection":[{"href":"https:\/\/www.hydraulic-cylinders.net\/et\/wp-json\/wp\/v2\/product"}],"about":[{"href":"https:\/\/www.hydraulic-cylinders.net\/et\/wp-json\/wp\/v2\/types\/product"}],"replies":[{"embeddable":true,"href":"https:\/\/www.hydraulic-cylinders.net\/et\/wp-json\/wp\/v2\/comments?post=19550"}],"wp:featuredmedia":[{"embeddable":true,"href":"https:\/\/www.hydraulic-cylinders.net\/et\/wp-json\/wp\/v2\/media\/17873"}],"wp:attachment":[{"href":"https:\/\/www.hydraulic-cylinders.net\/et\/wp-json\/wp\/v2\/media?parent=19550"}],"wp:term":[{"taxonomy":"product_brand","embeddable":true,"href":"https:\/\/www.hydraulic-cylinders.net\/et\/wp-json\/wp\/v2\/product_brand?post=19550"},{"taxonomy":"product_cat","embeddable":true,"href":"https:\/\/www.hydraulic-cylinders.net\/et\/wp-json\/wp\/v2\/product_cat?post=19550"},{"taxonomy":"product_tag","embeddable":true,"href":"https:\/\/www.hydraulic-cylinders.net\/et\/wp-json\/wp\/v2\/product_tag?post=19550"}],"curies":[{"name":"wp","href":"https:\/\/api.w.org\/{rel}","templated":true}]}}