{"id":19551,"date":"2025-04-07T06:54:05","date_gmt":"2025-04-07T06:54:05","guid":{"rendered":"https:\/\/www.hydraulic-cylinders.net\/product\/boom-cylinder-for-nante-nt60\/"},"modified":"2025-04-07T06:54:07","modified_gmt":"2025-04-07T06:54:07","slug":"boom-cylinder-for-nante-nt60","status":"publish","type":"product","link":"https:\/\/www.hydraulic-cylinders.net\/et\/toode\/boom-cylinder-for-nante-nt60\/","title":{"rendered":"Nante NT60 poomi silinder"},"content":{"rendered":"<h1>Nante NT60 poomi silinder<\/h1>\n<h2>Poomi silindri m\u00f5istmine<\/h2>\n<p>Noole silinder on h\u00fcdraulikas\u00fcsteemide oluline komponent, mis on spetsiaalselt loodud mitmesuguste raskete masinate, n\u00e4iteks ekskavaatorite, laadur-ekskavaatori ja esilaaduri liikumise juhtimiseks. See h\u00fcdraulika silinder v\u00f5imaldab noolel v\u00f5i kopal t\u00f5sta, langetada ja kallutada, h\u00f5lbustades materjalide k\u00e4itlemise \u00fclesandeid t\u00f5husalt. Need silindrid m\u00e4ngivad raskete seadmete t\u00f6\u00f6s olulist rolli, v\u00f5imaldades t\u00e4pseid liigutusi ja suurendades tootlikkust t\u00f6\u00f6platsidel.<\/p>\n<p><img decoding=\"async\" src=\"https:\/\/www.hydraulic-cylinders.net\/wp-content\/uploads\/2025\/04\/songte-company-1.webp\" alt=\"Nante NT60 poomi silinder\"><\/p>\n<h3>Poomi silindri p\u00f5hijooned<\/h3>\n<ul>\n<li><strong>Suur tugevus ja vastupidavus:<\/strong> Tavaliselt \u00fclitugevast terasest v\u00f5i alumiiniumist valmistatud poomi silinder talub k\u00f5rget r\u00f5hku ja suuri koormusi, kohandudes samal ajal karmide t\u00f6\u00f6keskkondadega. See on loodud kulumiskindlaks ja korrosioonikaitseks, mis tagab pika eluea.<\/li>\n<li><strong>T\u00f5hus h\u00fcdrauliline t\u00f6\u00f6:<\/strong> H\u00fcdraulika\u00f5li r\u00f5hu kasutamine v\u00f5imaldab sujuvat sisse- ja v\u00e4ljat\u00f5mbamist. Silinder reageerib juhtimisk\u00e4sklustele kiiresti, pakkudes v\u00f5imsaid t\u00f5uke- ja t\u00f5mbev\u00f5imeid, mis sobivad raskete koormate ja keerukate \u00fclesannete k\u00e4sitsemiseks.<\/li>\n<li><strong>Erinevad t\u00fc\u00fcbid:<\/strong> Saadaval \u00fchetoimelise (\u00fches suunas t\u00f6\u00f6tav) v\u00f5i kahetoimelise (m\u00f5lemas suunas t\u00f6\u00f6tav) konfiguratsioonina on poomi silinder, mis vastab erinevatele t\u00f6\u00f6vajadustele. M\u00f5ned mudelid on teleskoopilised, v\u00f5imaldades suuremat pikendamist ilma v\u00e4lism\u00f5\u00f5tmeid suurendamata, mis sobib ideaalselt ruumikitsastes rakendustes.<\/li>\n<\/ul>\n<p>Meie ettev\u00f5te saab seda toodet toota ja meie tooted saavad neid h\u00fcdrosilindreid ideaalselt asendada.<\/p>\n<p><img decoding=\"async\" src=\"https:\/\/www.hydraulic-cylinders.net\/wp-content\/uploads\/2025\/04\/songte-cylinder-head-with-all-kinds-excavator-models.webp\" alt=\"Ekskavaatori mudelid poomi silindriga\"><\/p>\n<h2>Poomi silindri rakendused<\/h2>\n<h3>Ehitustehnika<\/h3>\n<p>Ekskavaatorites on noolesilindrid olulised kaevamiseks, laadimiseks ja mulla v\u00f5i prahi teisaldamiseks. Need v\u00f5imaldavad kopal tungida pinnasesse t\u00f5husa kaevamise tagamiseks, s\u00e4ilitades samal ajal kontrolli materjalide t\u00f5stmise ja langetamise \u00fcle. See funktsioon on \u00fclioluline ehitusprojektide puhul, mis n\u00f5uavad t\u00e4psust ja kiirust.<\/p>\n<h3>P\u00f5llumajandustehnika<\/h3>\n<p>Esilaadurites kasutatavad noolesilindrid h\u00f5lbustavad mulla, heina ja muude materjalide koputamist, t\u00f5stmist ja transportimist. V\u00f5ime t\u00f5husalt lahendada mitmesuguseid p\u00f5llumajandust\u00f6id muudab need p\u00f5llumajandussektoris asendamatuks, suurendades oluliselt tootlikkust ja v\u00e4hendades t\u00f6\u00f6j\u00f5ukulusid.<\/p>\n<h3>Kaevet\u00f6\u00f6d<\/h3>\n<p>Ekskavaatorites v\u00f5imaldab noole silinder kopal t\u00f5husalt pinnasesse tungida, v\u00f5imaldades sujuvat kaevamist. See v\u00f5ime on \u00fclioluline ehitus- ja haljastusprojektides, kus on vaja t\u00e4pset pinnase eemaldamist.<\/p>\n<h3>Laadija funktsioonid<\/h3>\n<p>Esilaaduritel aitavad noolesilindrid materjale t\u00f5husalt t\u00f5sta ja t\u00fchjendada. Nende vastupidav konstruktsioon tagab raskete koormate h\u00f5lpsa k\u00e4sitsemise, pakkudes operaatoritele vajalikke t\u00f6\u00f6riistu oma \u00fclesannete t\u00f5husaks t\u00e4itmiseks.<\/p>\n<h2>Projekteerimiskaalutlused ja valikukriteeriumid<\/h2>\n<h3>Kandev\u00f5ime<\/h3>\n<p>Poomi silindri valimisel on \u00fclioluline m\u00f5ista selle kandev\u00f5imet. Silinder peab suutma taluda t\u00f5stetavate v\u00f5i liigutatavate materjalide maksimaalset raskust ilma rikkeohtu ohtu seadmata. See h\u00f5lmab mitte ainult vahetu raskuse, vaid ka v\u00f5imalike d\u00fcnaamiliste koormuste arvestamist t\u00f6\u00f6tamise ajal. H\u00e4sti disainitud silindri kandev\u00f5imesse on sisse ehitatud ohutusfaktorid, et tulla toime ootamatute pingetega.<\/p>\n<h3>Tihendus ja vastupidavus<\/h3>\n<p>Tihendus on kriitilise t\u00e4htsusega h\u00fcdraulilise vedeliku lekete v\u00e4ltimiseks, mis v\u00f5ivad v\u00e4hendada j\u00f5udlust ja viia kulukate remondit\u00f6\u00f6deni. Poomi silindri tihenduss\u00fcsteem peaks olema vastupidav ja valmistatud materjalidest, mis taluvad kulumist ja kokkupuudet h\u00fcdrauliliste vedelikega. Lisaks on silindri \u00fcldine vastupidavus oluline, kuna see t\u00f6\u00f6tab keskkondades, mis v\u00f5ivad p\u00f5hjustada kulumist. Kvaliteetsete materjalide ja t\u00e4ppistootmisprotsesside kasutamine suurendab silindri vastupidavust ja t\u00f6\u00f6kindlust.<\/p>\n<h3>Turvaelemendid<\/h3>\n<p>Ohutus on noolesilindrite projekteerimisel \u00fclioluline kaalutlus. Selliste funktsioonide nagu r\u00f5huvabastusventiilid ja ohutuslukud lisamine aitab v\u00e4ltida \u00f5nnetusi ja seadmete rikkeid. Need ohutusmehhanismid tagavad, et silinder t\u00f6\u00f6tab ohututes parameetrites ja kaitseb nii masinaid kui ka nende operaatoreid kahjustuste eest.<\/p>\n<p><img decoding=\"async\" src=\"https:\/\/www.hydraulic-cylinders.net\/wp-content\/uploads\/2025\/04\/songte-oil-pipes-and-spare-parts.webp\" alt=\"H\u00fcdraulilised osad\"><\/p>\n<h2>Silindri tihendamine ja m\u00e4\u00e4rimine<\/h2>\n<p>Erinevate tihenduskomponentide, n\u00e4iteks kolvitihendite ja varrastihendite kasutamine on oluline noolesilindrite efektiivsuse s\u00e4ilitamiseks. Nende vastupidavuse tagamiseks on soovitatav kasutada kulumiskindlatest materjalidest, n\u00e4iteks pol\u00fcuretaanist ja nitriilkummist, valmistatud tihendeid. Silindri korpus ja keermestatud otsapinnad tuleks kulumiskindluse suurendamiseks peent\u00f6\u00f6delda. H\u00f5\u00f5rdumise v\u00e4ltimiseks ja sujuva t\u00f6\u00f6 tagamiseks on vajalik regulaarne m\u00e4\u00e4rimine h\u00fcdraulika\u00f5liga.<\/p>\n<h2>Ennetavad hooldusmeetmed<\/h2>\n<ul>\n<li><strong>Regulaarsed kontrollid:<\/strong> Planeerige regulaarseid kontrolle, et tuvastada kulumine ja rebenemine enne, kui need p\u00f5hjustavad olulisi probleeme. Kontrollige v\u00e4liste kahjustuste v\u00f5i lekete suhtes.<\/li>\n<li><strong>\u00d5ige m\u00e4\u00e4rimine:<\/strong> Veenduge, et silinder oleks piisavalt m\u00e4\u00e4ritud \u00f5iget t\u00fc\u00fcpi ja koguse h\u00fcdraulika\u00f5liga, et tagada sujuv liikumine ja v\u00e4ltida \u00fclekuumenemist.<\/li>\n<li><strong>Tihendi vahetamine:<\/strong> J\u00e4lgige tihendite seisukorda ja vahetage need kohe v\u00e4lja, et v\u00e4ltida vedelikulekkeid, mis v\u00f5ivad j\u00f5udlust halvendada.<\/li>\n<\/ul>\n<h2>Paigaldusjuhised<\/h2>\n<p>N\u00f5uetekohane paigaldamine on poomi silindri t\u00f5husa toimimise jaoks kriitilise t\u00e4htsusega. Alustage veendumisest, et kinnituspinnad on puhtad ja prahist vabad. Joondage silinder t\u00e4pselt kinnituspunktidega, et v\u00e4ltida silindri ja selle \u00fchenduste liigset pinget. Kasutage silindri kindlale kinnitamiseks sobivaid kinnitusklambreid, tagades, et t\u00f6\u00f6tamise ajal ei tekiks joondamata joondamist. P\u00e4rast paigaldamist kontrollige h\u00fcdraulika lekete suhtes ja tehke s\u00fcsteemi r\u00f5hutest, et kinnitada \u00f5iget paigaldust.<\/p>\n<h2>Levinumad hooldust\u00f6\u00f6d<\/h2>\n<ul>\n<li><strong>Regulaarsed kontrollid:<\/strong> Tehke plaanip\u00e4raseid kontrolle kulumis- v\u00f5i kahjustuste tunnuste suhtes. See h\u00f5lmab voolikute, liitmike ja silindri kontrollimist pragude v\u00f5i lekete suhtes.<\/li>\n<li><strong>M\u00e4\u00e4rimine:<\/strong> S\u00e4ilitage sobiv m\u00e4\u00e4rimistase, lisades s\u00fcsteemi regulaarselt h\u00fcdraulika\u00f5li, tagades t\u00f6\u00f6 efektiivsuse.<\/li>\n<li><strong>Tihendi vahetamine:<\/strong> Lekete v\u00e4ltimiseks ja h\u00fcdraulilise r\u00f5hu t\u00f5husaks s\u00e4ilitamiseks vahetage kulunud v\u00f5i kahjustatud tihendid v\u00e4lja.<\/li>\n<\/ul>\n<h2>Ohutuskaalutlused ja keskkonnategurid<\/h2>\n<p>Poomisilindrite kasutamisel on oluline rakendada ohutusmeetmeid, kuna h\u00fcdraulikas\u00fcsteemid v\u00f5ivad olla ohtlikud, kui neid ei k\u00e4sitseta \u00f5igesti. Operaatorid peaksid olema koolitatud \u00e4ra tundma v\u00f5imalikke riske ja j\u00e4rgima ohutuid t\u00f6\u00f6protseduure. Keskkonnategurid, n\u00e4iteks karmid tingimused, v\u00f5ivad m\u00f5jutada h\u00fcdraulikakomponentide j\u00f5udlust ja eluiga; seet\u00f5ttu on soovitatav kasutada kaitsemeetmeid masinate kaitsmiseks keskkonnakahjustuste eest.<\/p>\n<h2>Levinud probleemide t\u00f5rkeotsing<\/h2>\n<ul>\n<li><strong>V\u00f5imsuse kaotus:<\/strong> Kui poomi silindri v\u00f5imsus v\u00e4heneb, kontrollige h\u00fcdraulikavedeliku taset ja otsige s\u00fcsteemist lekkeid. Veenduge, et k\u00f5ik \u00fchendused on kindlalt paigas.<\/li>\n<li><strong>Aeglane t\u00f6\u00f6:<\/strong> Aeglane reageering v\u00f5ib viidata madalale h\u00fcdraulikavedeliku tasemele v\u00f5i s\u00fcsteemi ummistusele. Kontrollige vedelikku ja k\u00f5rvaldage k\u00f5ik takistused.<\/li>\n<li><strong>Ebatavalised helid:<\/strong> Krigisev v\u00f5i koputav heli v\u00f5ib viidata mehaanilistele probleemidele v\u00f5i ebapiisavale m\u00e4\u00e4rimisele. Uurige v\u00f5imalikke p\u00f5hjuseid ja k\u00f5rvaldage need viivitamatult.<\/li>\n<\/ul>\n<h2>Hooldusnipid<\/h2>\n<p>Poomi silindri eluea pikendamiseks rakendage ennetavaid meetmeid. Kontrollige regulaarselt h\u00fcdraulikavedeliku taset, kuna madal tase v\u00f5ib p\u00f5hjustada \u00fclekuumenemist ja kahjustusi. Veenduge, et k\u00f5ik tihendid on terved ja toimivad korralikult, et v\u00e4ltida lekkeid. Hoidke silindrit puhtana ja prahist vabana; see v\u00e4hendab tihendite ja komponentide kulumist. Kaaluge professionaalsete hoolduskontrollide planeerimist, et tagada h\u00fcdraulikas\u00fcsteemi k\u00f5igi aspektide optimaalne toimimine.<\/p>\n<p><img decoding=\"async\" src=\"https:\/\/www.hydraulic-cylinders.net\/wp-content\/uploads\/2025\/04\/songte-bushings-with-all-kinds-of-excavator-models.webp\" alt=\"Puksidega ekskavaatorimudelid\"><\/p>\n<h2>Meie ettev\u00f5ttest<\/h2>\n<p>Oleme juhtiv asendush\u00fcdrauliliste silindrite tootja, pakkudes laia tootevalikut, mis on teinud meist \u00fche juhtiva tootja ja hulgim\u00fc\u00fcja nii sise- kui ka rahvusvahelisel turul. J\u00e4rgime k\u00f5rgeimaid kvaliteedistandardeid, tuginedes hoolikatele tootmisstrateegiatele ja t\u00e4iustatud tootmisjuhtimisele. Meie ettev\u00f5te t\u00e4iustab pidevalt oma tootmisplatvormi oskusliku personali, tipptasemel digitaalsete tootmisseadmete ja professionaalsete testimiss\u00fcsteemide abil, tagades, et rahuldame klientide mitmekesiseid vajadusi suure t\u00f5hususega, t\u00e4psuse ja kvaliteediga.<\/p>\n<p><img decoding=\"async\" src=\"https:\/\/www.hydraulic-cylinders.net\/wp-content\/uploads\/2025\/04\/songte-company-4.webp\" alt=\"Ettev\u00f5tte \u00fclevaade\"><br \/>\n<img decoding=\"async\" src=\"https:\/\/www.hydraulic-cylinders.net\/wp-content\/uploads\/2025\/04\/songte-company-3.webp\" alt=\"Ettev\u00f5tte rajatised\"><\/p>\n<p>Autor: lyl<\/p>","protected":false},"excerpt":{"rendered":"<p>Boom Cylinder For Nante NT60 Understanding the Boom Cylinder The boom cylinder is a vital component in hydraulic systems, specifically designed for controlling the motion of various heavy machinery, such as excavators, backhoe loaders, and front loaders. This hydraulic cylinder enables the boom or bucket to lift, lower, and tilt, facilitating material handling tasks efficiently. [&hellip;]<\/p>","protected":false},"featured_media":17874,"comment_status":"open","ping_status":"closed","template":"","meta":{"_et_pb_use_builder":"","_et_pb_old_content":"","_et_gb_content_width":""},"product_brand":[],"product_cat":[1546],"product_tag":[1547,1496],"class_list":{"0":"post-19551","1":"product","2":"type-product","3":"status-publish","4":"has-post-thumbnail","6":"product_cat-boom-cylinders","7":"product_tag-boom-cylinders","8":"product_tag-hydraulic-cylinders","10":"first","11":"instock","12":"shipping-taxable","13":"product-type-simple"},"amp_enabled":true,"_links":{"self":[{"href":"https:\/\/www.hydraulic-cylinders.net\/et\/wp-json\/wp\/v2\/product\/19551","targetHints":{"allow":["GET"]}}],"collection":[{"href":"https:\/\/www.hydraulic-cylinders.net\/et\/wp-json\/wp\/v2\/product"}],"about":[{"href":"https:\/\/www.hydraulic-cylinders.net\/et\/wp-json\/wp\/v2\/types\/product"}],"replies":[{"embeddable":true,"href":"https:\/\/www.hydraulic-cylinders.net\/et\/wp-json\/wp\/v2\/comments?post=19551"}],"wp:featuredmedia":[{"embeddable":true,"href":"https:\/\/www.hydraulic-cylinders.net\/et\/wp-json\/wp\/v2\/media\/17874"}],"wp:attachment":[{"href":"https:\/\/www.hydraulic-cylinders.net\/et\/wp-json\/wp\/v2\/media?parent=19551"}],"wp:term":[{"taxonomy":"product_brand","embeddable":true,"href":"https:\/\/www.hydraulic-cylinders.net\/et\/wp-json\/wp\/v2\/product_brand?post=19551"},{"taxonomy":"product_cat","embeddable":true,"href":"https:\/\/www.hydraulic-cylinders.net\/et\/wp-json\/wp\/v2\/product_cat?post=19551"},{"taxonomy":"product_tag","embeddable":true,"href":"https:\/\/www.hydraulic-cylinders.net\/et\/wp-json\/wp\/v2\/product_tag?post=19551"}],"curies":[{"name":"wp","href":"https:\/\/api.w.org\/{rel}","templated":true}]}}