{"id":19552,"date":"2025-04-07T06:54:07","date_gmt":"2025-04-07T06:54:07","guid":{"rendered":"https:\/\/www.hydraulic-cylinders.net\/product\/boom-cylinder-for-nante-nt130uu\/"},"modified":"2025-04-07T06:54:10","modified_gmt":"2025-04-07T06:54:10","slug":"boom-cylinder-for-nante-nt130uu","status":"publish","type":"product","link":"https:\/\/www.hydraulic-cylinders.net\/et\/toode\/boom-cylinder-for-nante-nt130uu\/","title":{"rendered":"Nante NT130UU poomi silinder"},"content":{"rendered":"<h1>Nante NT130UU poomi silinder<\/h1>\n<h2>Toote \u00fclevaade<\/h2>\n<p>Nante NT130UU poomi silinder on h\u00fcdros\u00fcsteemide oluline komponent, mis on spetsiaalselt loodud rasketehnika koppade liikumise juhtimiseks. Need h\u00fcdrosilindrid on eluliselt t\u00e4htsad ekskavaatorite, laadur-ekskavaatori ja esilaaduri jaoks, h\u00f5lbustades kopa t\u00f5husat t\u00f5stmist, langetamist ja kallutamist, et materjali k\u00e4itlemise \u00fclesandeid sujuvamaks muuta.<\/p>\n<p>Kopa silinder on teatud t\u00fc\u00fcpi h\u00fcdrauliline silinder, mis t\u00f6\u00f6tab k\u00f5rge r\u00f5hu all seadmete lisaseadmete liikumise juhtimiseks. Sellel on oluline roll erinevates rakendustes, v\u00f5imaldades operaatoritel h\u00f5lpsalt t\u00e4ita selliseid \u00fclesandeid nagu kaevamine, laadimine ja materjalide transportimine.<\/p>\n<p><img decoding=\"async\" src=\"https:\/\/www.hydraulic-cylinders.net\/wp-content\/uploads\/2025\/04\/songte-company-1.webp\" alt=\"Nante NT130UU poomi silinder\"><\/p>\n<h2>Poomi silindri omadused<\/h2>\n<ul>\n<li>\n<h3>Suur tugevus ja vastupidavus<\/h3>\n<p>    Tavaliselt \u00fclitugevast terasest v\u00f5i alumiiniumist valmistatud silindrid taluvad k\u00f5rget r\u00f5hku ja suuri koormusi, mist\u00f5ttu sobivad need karmidesse t\u00f6\u00f6keskkondadesse. Nende disain arvestab kulumiskindluse ja korrosioonikindlusega, pikendades nende eluiga.<\/li>\n<li>\n<h3>T\u00f5hus h\u00fcdrauliline t\u00f6\u00f6<\/h3>\n<p>    H\u00fcdraulika\u00f5li r\u00f5hu kasutamine v\u00f5imaldab sujuvat teleskoopliikumist, tagades kiire reageerimise juhtimisk\u00e4sklustele ning v\u00f5imsad t\u00f5uke- ja t\u00f5mbej\u00f5ud, mis sobivad raskete koormate ja keerukate \u00fclesannete k\u00e4sitsemiseks.<\/li>\n<li>\n<h3>Mitmekesised t\u00fc\u00fcbid<\/h3>\n<p>    Silindreid saab valida vastavalt t\u00f6\u00f6vajadustele, n\u00e4iteks \u00fchetoimelised (h\u00fcdrauliline \u00fches suunas) v\u00f5i kahetoimelised (h\u00fcdrauliline m\u00f5lemas suunas). M\u00f5ned mudelid on teleskoopilised, mis v\u00f5imaldab suuremat pikendamist ilma v\u00e4lism\u00f5\u00f5tmeid suurendamata, mis sobib ideaalselt ruumipiirangutega rakenduste jaoks.<\/li>\n<\/ul>\n<p>Meie toode asendab neid h\u00fcdrosilindreid ideaalselt.<\/p>\n<p><img decoding=\"async\" src=\"https:\/\/www.hydraulic-cylinders.net\/wp-content\/uploads\/2025\/04\/songte-cylinder-head-with-all-kinds-excavator-models.webp\" alt=\"Asenduspoomi silinder\"><\/p>\n<h2>Rakendused<\/h2>\n<ul>\n<li>\n<h3>Ehitustehnika<\/h3>\n<p>    Ekskavaatorites on noole silinder oluline kaevamiseks, laadimiseks ja mulla v\u00f5i prahi teisaldamiseks. See v\u00f5imaldab kopal h\u00f5lpsalt pinnasesse tungida, muutes kaevamist\u00f6\u00f6d t\u00f5husaks. Ekskavaatoritel aitab kopa silinder nii kaevamis- kui ka t\u00f5stmist\u00f6\u00f6del, tagades t\u00f6\u00f6 mitmek\u00fclgsuse.<\/h3>\n<\/li>\n<li>\n<h3>P\u00f5llumajandustehnika<\/h3>\n<p>    Esilaadurites kasutatavad silindrid on olulised mulla, heina ja muude materjalide kopeerimiseks, t\u00f5stmiseks ja transportimiseks. Need suurendavad p\u00f5llumajandust\u00f6\u00f6de tootlikkust, v\u00f5imaldades kiiret ja t\u00f5husat materjali k\u00e4itlemist.<\/h3>\n<\/li>\n<li>\n<h3>Ekskavaatorid<\/h3>\n<p>    Noole silinder v\u00f5imaldab kopal s\u00fcgavale pinnasesse kaevata, h\u00f5lbustades t\u00f5husat kaevamist. Selle vastupidav konstruktsioon tagab, et see saab hakkama raskete pinnasetingimustega, muutes selle hindamatuks abivahendiks ehitus- ja kaevandust\u00f6\u00f6del.<\/h3>\n<\/li>\n<li>\n<h3>Laadurid<\/h3>\n<p>    Frontaallaadurites aitavad need silindrid koormaid t\u00f5husalt t\u00f5sta ja t\u00fchjendada. Nende usaldusv\u00e4\u00e4rne j\u00f5udlus tagab sujuva t\u00f6\u00f6, minimeerides seisakuid ja suurendades tootlikkust.<\/h3>\n<\/li>\n<\/ul>\n<h2>Projekteerimiskaalutlused ja valikukriteeriumid<\/h2>\n<ul>\n<li>\n<h3>Kandev\u00f5ime<\/h3>\n<p>    Noolesilindri kandev\u00f5ime hindamine on \u00fclioluline. See peab suutma taluda t\u00f6\u00f6 ajal eeldatavaid maksimaalseid koormusi. See h\u00f5lmab materjalide kaalu ja t\u00f5stmisel rakendatavate j\u00f5udude m\u00f5istmist ning silindri vastavust nendele tingimustele. H\u00e4sti konstrueeritud silinder, mis \u00fcletab vajaliku kandev\u00f5ime, v\u00e4hendab rikkeohtu, mis v\u00f5ib kaasa tuua kulukaid seisakuid ja remonti.<\/h3>\n<\/li>\n<li>\n<h3>Tihendusv\u00f5ime<\/h3>\n<p>    Tihenditel on h\u00fcdrauliliste silindrite j\u00f5udluses ja pikaealisuses oluline roll. Kvaliteetsed tihendid hoiavad \u00e4ra h\u00fcdraulilise vedeliku lekke, mis on r\u00f5hu ja efektiivsuse s\u00e4ilitamiseks h\u00e4davajalik. S\u00f5ltuvalt konstruktsioonist kasutatakse erinevat t\u00fc\u00fcpi tihendeid, n\u00e4iteks kolvitihendeid ja vardatihendeid. T\u00f5hus tihendamine v\u00e4hendab hooldusvajadust ja suurendab t\u00f6\u00f6kindlust.<\/h3>\n<\/li>\n<li>\n<h3>Vastupidavus<\/h3>\n<p>    Poomi silindri vastupidavust m\u00f5jutavad selle valmistamisel kasutatud materjalid ja katted. Kulumis- ja korrosioonikindlad \u00fclitugevad materjalid tagavad, et silinder talub karme tingimusi. Lisaks saab pinna vastupidavuse suurendamiseks, seadme eluea pikendamiseks ja hoolduskulude v\u00e4hendamiseks kanda kaitsekatteid.<\/h3>\n<\/li>\n<li>\n<h3>Turvaelemendid<\/h3>\n<p>    H\u00fcdrauliliste s\u00fcsteemide puhul on ohutus esmat\u00e4htis. Projekteerimisel peavad olema ohutusfunktsioonid, mis takistavad juhuslikku k\u00e4ivitumist ja kaitsevad \u00fclekoormuse eest. See h\u00f5lmab kaitseklappe ja r\u00f5hu alandamise mehhanisme, mis aitavad leevendada h\u00fcdrauliliste riketega seotud riske.<\/h3>\n<\/li>\n<li>\n<h3>Hooldatavus<\/h3>\n<p>    H\u00e4sti disainitud noole silinder peaks h\u00f5lbustama ka lihtsat hooldust. Ligip\u00e4\u00e4supunktid tihendite v\u00f5i komponentide kontrollimiseks ja vahetamiseks on olulised. Lihtsa hooldusprotsessi v\u00f5imaldava konstruktsiooni rakendamine tagab t\u00f6\u00f6 efektiivsuse ja v\u00e4hendab seisakuid.<\/h3>\n<\/li>\n<\/ul>\n<p><img decoding=\"async\" src=\"https:\/\/www.hydraulic-cylinders.net\/wp-content\/uploads\/2025\/04\/songte-oil-pipes-and-spare-parts.webp\" alt=\"H\u00fcdrauliliste silindrite osad\"><\/p>\n<h2>Tihendus ja m\u00e4\u00e4rimine<\/h2>\n<p>T\u00f5hus tihendus on h\u00fcdrauliliste silindrite j\u00f5udluse s\u00e4ilitamiseks \u00fclioluline. Optimaalse j\u00f5udluse tagamiseks kasutatakse mitmesuguseid tihenduselemente, n\u00e4iteks kolvitihendeid ja varrastihendeid. Vastupidavatest materjalidest, nagu pol\u00fcuretaan ja nitriilkummi, valmistatud tihendid valitakse nende kulumiskindluse omaduste t\u00f5ttu, mis on silindri pikaealisuse jaoks \u00fcliolulised.<\/p>\n<p>Silindri korpus ja keermestatud otsapinnad l\u00e4bivad t\u00e4psed t\u00f6\u00f6tlusprotsessid, et suurendada kulumiskindlust. Samuti on oluline regulaarne m\u00e4\u00e4rimine; h\u00fcdraulika\u00f5li on vaja perioodiliselt lisada, et tagada k\u00f5igi liikuvate osade t\u00f5rgeteta toimimine. N\u00f5uetekohane m\u00e4\u00e4rimine mitte ainult ei v\u00e4henda h\u00f5\u00f5rdumist, vaid hoiab \u00e4ra ka \u00fclekuumenemise ja pikendab silindri eluiga.<\/p>\n<h2>Regulaarne kontroll ja ennetav hooldus<\/h2>\n<ul>\n<li>\n<h3>Regulaarsed kontrollid<\/h3>\n<p>    On \u00fclioluline teha regulaarseid kontrolle, et tuvastada potentsiaalsed probleemid enne, kui need muutuvad olulisteks. Kulumis-, lekete- v\u00f5i kahjustuste m\u00e4rke tuleks kontrollida tavap\u00e4rase hooldusgraafiku osana. Varajane avastamine aitab s\u00e4ilitada j\u00f5udlust ja v\u00e4ltida kulukaid remondit\u00f6id.<\/h3>\n<\/li>\n<li>\n<h3>\u00d5ige m\u00e4\u00e4rimine<\/h3>\n<p>    H\u00fcdrauliliste silindrite sujuva t\u00f6\u00f6 tagamiseks on oluline piisav m\u00e4\u00e4rimine. \u00d5iget t\u00fc\u00fcpi h\u00fcdraulika\u00f5li kasutamine ja selle \u00f5ige taseme tagamine hoiab \u00e4ra sisemiste komponentide kulumise. Optimaalse j\u00f5udluse tagamiseks on oluline pidada kinni m\u00e4\u00e4rimise ajakavast.<\/h3>\n<\/li>\n<li>\n<h3>Tihendi vahetamine ja kalibreerimise kontrollimine<\/h3>\n<p>    Tihendid on kuluosad, mis vajavad l\u00f5puks v\u00e4ljavahetamist. Tihendite regulaarne kontrollimine ja vajadusel vahetamine hoiab \u00e4ra lekked ja s\u00e4ilitab h\u00fcdraulilise r\u00f5hu. Kalibreerimiskontrollid tagavad, et silinder t\u00f6\u00f6tab etten\u00e4htud parameetrite piires, mis on j\u00f5udluse, efektiivsuse ja ohutuse seisukohalt kriitilise t\u00e4htsusega.<\/h3>\n<\/li>\n<\/ul>\n<p>Paigaldamise ajal on silindri \u00f5ige joondamine oluline. Kasutage silindri kinnitamiseks sobivaid kinnitusklambreid, veendudes selle \u00f5iges asendis, et v\u00e4ltida komponentidele liigset pinget. Pikaealisuse ja j\u00f5udluse tagamiseks j\u00e4rgige soovitatud kontrolli-, remondi- ja asendusprotseduure.<\/p>\n<p><img decoding=\"async\" src=\"https:\/\/www.hydraulic-cylinders.net\/wp-content\/uploads\/2025\/04\/songte-chushion-collar.webp\" alt=\"H\u00fcdraulilise silindri padjakaelus\"><\/p>\n<h2>Ohutuskaalutlused ja keskkonnategurid<\/h2>\n<p>H\u00fcdraulikas\u00fcsteemidega t\u00f6\u00f6tamisel on ohutusmeetmed \u00fcliolulised. Operaatorite n\u00f5uetekohane v\u00e4lja\u00f5pe, regulaarsed ohutuskontrollid ja t\u00f6\u00f6juhiste j\u00e4rgimine aitavad riske maandada. Ohutusfunktsioonide olemasolu ja toimimise tagamine v\u00e4hendab \u00f5nnetuste t\u00f5en\u00e4osust ja parandab \u00fcldist t\u00f6\u00f6ohutust.<\/p>\n<h2>Veaotsing ja levinud probleemid<\/h2>\n<ul>\n<li>\n<h3>Lekkeprobleemid<\/h3>\n<p>    \u00dcks levinumaid probleeme on leke, mille p\u00f5hjuseks on sageli kulunud tihendid v\u00f5i eba\u00f5ige paigaldus. Regulaarsed kontrollid aitavad lekkeid varakult tuvastada. Lekke avastamisel tuleks viivitamatult v\u00f5tta meetmeid tihendite vahetamiseks v\u00f5i \u00fchenduste pingutamiseks vastavalt vajadusele.<\/h3>\n<\/li>\n<li>\n<h3>Aeglane t\u00f6\u00f6<\/h3>\n<p>    Kui silinder t\u00f6\u00f6tab aeglaselt, v\u00f5ib see viidata madalale h\u00fcdraulikavedeliku tasemele v\u00f5i ummistustele s\u00fcsteemis. Kontrollige vedeliku taset ja otsige voolikutest v\u00f5i liitmikest takistusi, mis v\u00f5iksid voolu takistada. \u00d5ige h\u00fcdraulikavedeliku taseme tagamine on j\u00f5udluse s\u00e4ilitamiseks oluline.<\/h3>\n<\/li>\n<li>\n<h3>M\u00fcrane t\u00f6\u00f6<\/h3>\n<p>    Ebatavalised helid t\u00f6\u00f6tamise ajal v\u00f5ivad viidata mehaanilistele probleemidele. See v\u00f5ib olla tingitud ebapiisavast m\u00e4\u00e4rimisest, \u00f5hust h\u00fcdros\u00fcsteemis v\u00f5i kahjustatud komponentidest. M\u00fcra allika \u00f5igeaegne uurimine aitab v\u00e4ltida edasisi kahjustusi ja tagada sujuva t\u00f6\u00f6.<\/h3>\n<\/li>\n<\/ul>\n<p>Nende probleemide lahendamiseks on oluline kehtestada ennetava hoolduse plaan, mis h\u00f5lmab regulaarseid kontrolle ja viivitamatut t\u00e4helepanu k\u00f5ikidele probleemidele. Ennetavad meetmed, n\u00e4iteks kvaliteetsete vedelike ja komponentide kasutamine, v\u00f5ivad rikkeohtu oluliselt v\u00e4hendada.<\/p>\n<p><img decoding=\"async\" src=\"https:\/\/www.hydraulic-cylinders.net\/wp-content\/uploads\/2025\/04\/songte-bushings-with-all-kinds-of-excavator-models.webp\" alt=\"H\u00fcdrauliliste s\u00fcsteemide puksid\"><\/p>\n<h2>Ettev\u00f5tte \u00fclevaade<\/h2>\n<p>Oleme tootja, mis on spetsialiseerunud asendush\u00fcdrauliliste silindrite tootmisele. Pakume laia tootevalikut, mis positsioneerib meid juhtiva tootja ja hulgim\u00fc\u00fcjana nii sise- kui ka rahvusvahelistel turgudel. J\u00e4rgime rangeid kvaliteedistandardeid ja kasutame t\u00e4iustatud tootmise juhtimise strateegiaid. Meie asjatundlikkus tuleneb oskuslike spetsialistide, tipptasemel digitaalsete tootmisseadmete ja p\u00f5hjalike testimiss\u00fcsteemide kombinatsioonist, mis suurendavad meie tootmisv\u00f5imalusi.<\/p>\n<p>Meie p\u00fchendumus kvaliteedile peegeldub meie t\u00f5husates, t\u00e4psetes ja kvaliteetsetes tootmisp\u00f5him\u00f5tetes, mis vastavad meie klientide mitmekesistele vajadustele. Keskendume pidevale t\u00e4iustamisele ja innovatsioonile, tagades, et meie tooted p\u00fcsiksid valdkonna esirinnas.<\/p>\n<p><img decoding=\"async\" src=\"https:\/\/www.hydraulic-cylinders.net\/wp-content\/uploads\/2025\/04\/songte-company-4.webp\" alt=\"Ettev\u00f5tte rajatised\"><br \/>\n<img decoding=\"async\" src=\"https:\/\/www.hydraulic-cylinders.net\/wp-content\/uploads\/2025\/04\/songte-company-3.webp\" alt=\"Tootmisliin\"><\/p>\n<p>Autor: lyl<\/p>","protected":false},"excerpt":{"rendered":"<p>Boom Cylinder For Nante NT130UU Product Overview The Boom Cylinder for Nante NT130UU is a crucial component in hydraulic systems, specifically designed for controlling the movement of heavy machinery buckets. These hydraulic cylinders are vital for excavators, backhoe loaders, and front loaders, facilitating efficient lifting, lowering, and tilting of the bucket to streamline material handling [&hellip;]<\/p>","protected":false},"featured_media":17875,"comment_status":"open","ping_status":"closed","template":"","meta":{"_et_pb_use_builder":"","_et_pb_old_content":"","_et_gb_content_width":""},"product_brand":[],"product_cat":[1546],"product_tag":[1547,1496],"class_list":{"0":"post-19552","1":"product","2":"type-product","3":"status-publish","4":"has-post-thumbnail","6":"product_cat-boom-cylinders","7":"product_tag-boom-cylinders","8":"product_tag-hydraulic-cylinders","10":"first","11":"instock","12":"shipping-taxable","13":"product-type-simple"},"amp_enabled":true,"_links":{"self":[{"href":"https:\/\/www.hydraulic-cylinders.net\/et\/wp-json\/wp\/v2\/product\/19552","targetHints":{"allow":["GET"]}}],"collection":[{"href":"https:\/\/www.hydraulic-cylinders.net\/et\/wp-json\/wp\/v2\/product"}],"about":[{"href":"https:\/\/www.hydraulic-cylinders.net\/et\/wp-json\/wp\/v2\/types\/product"}],"replies":[{"embeddable":true,"href":"https:\/\/www.hydraulic-cylinders.net\/et\/wp-json\/wp\/v2\/comments?post=19552"}],"wp:featuredmedia":[{"embeddable":true,"href":"https:\/\/www.hydraulic-cylinders.net\/et\/wp-json\/wp\/v2\/media\/17875"}],"wp:attachment":[{"href":"https:\/\/www.hydraulic-cylinders.net\/et\/wp-json\/wp\/v2\/media?parent=19552"}],"wp:term":[{"taxonomy":"product_brand","embeddable":true,"href":"https:\/\/www.hydraulic-cylinders.net\/et\/wp-json\/wp\/v2\/product_brand?post=19552"},{"taxonomy":"product_cat","embeddable":true,"href":"https:\/\/www.hydraulic-cylinders.net\/et\/wp-json\/wp\/v2\/product_cat?post=19552"},{"taxonomy":"product_tag","embeddable":true,"href":"https:\/\/www.hydraulic-cylinders.net\/et\/wp-json\/wp\/v2\/product_tag?post=19552"}],"curies":[{"name":"wp","href":"https:\/\/api.w.org\/{rel}","templated":true}]}}