{"id":19556,"date":"2025-04-07T06:54:18","date_gmt":"2025-04-07T06:54:18","guid":{"rendered":"https:\/\/www.hydraulic-cylinders.net\/product\/boom-cylinder-for-yanmar-vi35-6b\/"},"modified":"2025-04-07T06:54:20","modified_gmt":"2025-04-07T06:54:20","slug":"boom-cylinder-for-yanmar-vi35-6b","status":"publish","type":"product","link":"https:\/\/www.hydraulic-cylinders.net\/et\/toode\/boom-cylinder-for-yanmar-vi35-6b\/","title":{"rendered":"Yanmar VI35-6B poomi silinder"},"content":{"rendered":"<h1>Yanmar VI35-6B poomi silinder<\/h1>\n<h2>Sissejuhatus kopasilindritesse<\/h2>\n<p>Yanmar VI35-6B noole silinder on rasketehnika h\u00fcdraulikas\u00fcsteemide oluline komponent. See h\u00fcdrauliline silinder juhib spetsiaalselt kopa liikumist erinevatel rasketehnika seadmetel, n\u00e4iteks ekskavaatoritel, laadur-ekskavaatoritel ja esilaaduritel. See v\u00f5imaldab kopal t\u00f5sta, langetada ja kallutada, h\u00f5lbustades materjalide k\u00e4itlemise \u00fclesandeid t\u00f5husalt. Kopa silinder on konstrueeritud taluma k\u00f5rget r\u00f5hku ja raskeid koormusi karmides tingimustes t\u00f6\u00f6tades, pikendades selle eluiga ja t\u00f6\u00f6kindlust.<\/p>\n<p><img decoding=\"async\" src=\"https:\/\/www.hydraulic-cylinders.net\/wp-content\/uploads\/2025\/04\/songte-company-1.webp\" alt=\"Poomi silindri pilt\" \/><\/p>\n<h2>Poomi silindri omadused<\/h2>\n<ul>\n<li>\n<h3>Suur tugevus ja vastupidavus<\/h3>\n<p>Tavaliselt \u00fclitugevast terasest v\u00f5i alumiiniumist valmistatud noole silinder talub k\u00f5rget r\u00f5hku ja suuri koormusi. See on konstrueeritud kulumis- ja korrosioonikindlaks, tagades pikema kasutusea isegi keerulistes tingimustes.<\/p>\n<\/li>\n<li>\n<h3>T\u00f5hus h\u00fcdrauliline t\u00f6\u00f6<\/h3>\n<p>See silinder kasutab sujuva pikenemise ja tagasit\u00f5mbamise saavutamiseks h\u00fcdraulika\u00f5li r\u00f5hku. See reageerib juhtimisk\u00e4sklustele kiiresti, pakkudes m\u00e4rkimisv\u00e4\u00e4rset t\u00f5uke- ja t\u00f5mbej\u00f5udu, mis sobib ideaalselt raskete materjalide ja keerukate \u00fclesannete k\u00e4sitsemiseks.<\/p>\n<\/li>\n<li>\n<h3>Mitmekesised t\u00fc\u00fcbid<\/h3>\n<p>Saadaval \u00fchetoimelise (\u00fches suunas t\u00f6\u00f6tav) v\u00f5i kahetoimelise (m\u00f5lemas suunas t\u00f6\u00f6tav) konstruktsioonina on noole silinder, mida saab kohandada vastavalt erinevatele t\u00f6\u00f6vajadustele. Teatud mudelid on teleskoopilised, v\u00f5imaldades suuremat pikendamist ilma v\u00e4lism\u00f5\u00f5tmeid suurendamata, mis sobib piiratud ruumiga rakenduste jaoks.<\/p>\n<\/li>\n<\/ul>\n<p>Meie tooted suudavad neid h\u00fcdrosilindreid ideaalselt asendada.<\/p>\n<p><img decoding=\"async\" src=\"https:\/\/www.hydraulic-cylinders.net\/wp-content\/uploads\/2025\/04\/songte-cylinder-head-with-all-kinds-excavator-models.webp\" alt=\"Silindripea pilt\" \/><\/p>\n<h2>Poomi silindri rakendused<\/h2>\n<ul>\n<li>\n<h3>Ehitustehnika<\/h3>\n<p>Ekskavaatorites on noolesilindrid \u00fcliolulised kaevamiseks, laadimiseks ja pinnase v\u00f5i prahi teisaldamiseks. Need v\u00f5imaldavad kopa kaevamistoimingut, mis v\u00f5imaldab sellel t\u00f5husalt pinnasesse tungida. H\u00fcdraulilise silindri tugevus ja t\u00e4psus tagavad, et operaatorid saavad raskeid \u00fclesandeid h\u00f5lpsalt t\u00e4ita.<\/p>\n<\/li>\n<li>\n<h3>P\u00f5llumajandustehnika<\/h3>\n<p>Esilaadurites kasutatakse neid silindreid mulla, heina ja muude materjalide kopeerimiseks, t\u00f5stmiseks ja transportimiseks. Poomi silindri efektiivsus suurendab p\u00f5llumajanduses tootlikkust, muutes selle oluliseks komponendiks mitmesuguste p\u00f5llumajandust\u00f6\u00f6de jaoks.<\/p>\n<\/li>\n<li>\n<h3>Ekskavaatorid<\/h3>\n<p>Noole silinder v\u00f5imaldab kopal pinnasesse tungida, teostades t\u00f5husaid kaevet\u00f6id. See v\u00f5ime on kriitilise t\u00e4htsusega nii ehituses kui ka p\u00f5llumajanduses, tagades projektide kiire ja t\u00f5husa l\u00f5puleviimise.<\/p>\n<\/li>\n<li>\n<h3>Laadurid<\/h3>\n<p>Esilaadurites aitavad noolesilindrid koormaid t\u00f5husalt t\u00f5sta ja t\u00fchjendada. Nende t\u00f6\u00f6kindlus ja tugevus on laaduri t\u00f6\u00f6 tootlikkuse maksimeerimise v\u00f5tmeks, muutes need ehitusplatsidel ja materjalik\u00e4itlusrakendustes asendamatuks.<\/p>\n<\/li>\n<\/ul>\n<h2>Projekteerimiskaalutlused ja valikukriteeriumid<\/h2>\n<ul>\n<li>\n<h3>Kandev\u00f5ime<\/h3>\n<p>Noole silindri valimisel on oluline hinnata selle kandev\u00f5imet. Silinder peab suutma taluda t\u00f6\u00f6 ajal oodatavaid maksimaalseid koormusi. \u00dclekoormus v\u00f5ib p\u00f5hjustada silindri rikke, mis omakorda p\u00f5hjustab seisakuid ja v\u00f5imalikke ohutusriske. Piisava ohutusvaruga silindri valimine tagab t\u00f6\u00f6kindluse ja t\u00f5hususe rasketes rakendustes.<\/p>\n<\/li>\n<li>\n<h3>Tihendi terviklikkus<\/h3>\n<p>T\u00f5husa t\u00f6\u00f6 tagamiseks on oluline usaldusv\u00e4\u00e4rne tihenduss\u00fcsteem. Tihenduskomponendid peavad v\u00e4ltima h\u00fcdraulikavedeliku lekkeid ja saastumist, mis v\u00f5ivad s\u00fcsteemi efektiivsust kahjustada. Optimaalse j\u00f5udluse ja pikaealisuse s\u00e4ilitamiseks on vajalikud vastupidavatest materjalidest, n\u00e4iteks pol\u00fcuretaanist ja nitriilkummist, valmistatud kvaliteetsed tihendid.<\/p>\n<\/li>\n<li>\n<h3>Vastupidavus<\/h3>\n<p>Vastupidavus on noolesilindrite projekteerimisel kriitilise t\u00e4htsusega tegur. Need peaksid vastu pidama karmidele tingimustele, sealhulgas \u00e4\u00e4rmuslikele temperatuuridele ja abrasiivsetele materjalidele. Materjalide ja pinnat\u00f6\u00f6tluste valik m\u00f5jutab oluliselt silindri kulumis- ja korrosioonikindlust, avaldades m\u00f5ju selle elueale ja t\u00f6\u00f6efektiivsusele.<\/p>\n<\/li>\n<li>\n<h3>Turvaelemendid<\/h3>\n<p>H\u00fcdrosilindri konstruktsiooni ohutusfunktsioonide lisamine on \u00fclioluline. See h\u00f5lmab \u00fcler\u00f5huklappe, mis takistavad \u00fcler\u00f5hu teket ja tagavad, et silinder talub ootamatuid koormusi ilma riketeta. Ohutusele keskendumine aitab kaitsta nii masinaid kui ka nende operaatoreid, v\u00e4hendades \u00f5nnetuste ohtu.<\/p>\n<\/li>\n<li>\n<h3>Hoolduse ligip\u00e4\u00e4setavus<\/h3>\n<p>Lihtne juurdep\u00e4\u00e4s hoolduseks on oluline disainiaspekt. Kiire juurdep\u00e4\u00e4s tihenditele, h\u00fcdraulikavoolikutele ja muudele komponentidele v\u00f5imaldab teha rutiinseid kontrolle ja \u00f5igeaegseid remondit\u00f6id. H\u00e4sti disainitud silinder h\u00f5lbustab hooldust, v\u00e4hendades seisakuid ja pikendades seadmete kasutusiga.<\/p>\n<\/li>\n<\/ul>\n<p><img decoding=\"async\" src=\"https:\/\/www.hydraulic-cylinders.net\/wp-content\/uploads\/2025\/04\/songte-oil-pipes-and-spare-parts.webp\" alt=\"H\u00fcdrauliliste osade pilt\" \/><\/p>\n<h2>Tihendus ja m\u00e4\u00e4rimine<\/h2>\n<p>T\u00f5hus tihendamine ja m\u00e4\u00e4rimine on poomi silindri optimaalse j\u00f5udluse tagamiseks \u00fcliolulised. Lekkevaba t\u00f6\u00f6 tagamiseks kasutatakse mitmesuguseid tihendeid, sealhulgas kolvi- ja vardatihendeid. Kulumiskindlatest materjalidest, nagu pol\u00fcuretaan ja nitriilkummi, valmistatud tihendid pakuvad vastupidavust karmides tingimustes. Silindri korpus ja keermestatud otsad on peenelt t\u00f6\u00f6deldud, et suurendada kulumiskindlust. Regulaarne m\u00e4\u00e4rimine h\u00fcdraulika\u00f5liga on vajalik h\u00f5\u00f5rdumise ja kulumise minimeerimiseks, tagades h\u00fcdraulikas\u00fcsteemi sujuva t\u00f6\u00f6 ja pikaealisuse.<\/p>\n<h2>Ennetavad hooldusmeetmed<\/h2>\n<ul>\n<li>\n<h3>Regulaarsed kontrollid<\/h3>\n<p>Poomi silindri regulaarne kontrollimine on \u00fclioluline kulumise ja v\u00f5imalike probleemide tuvastamiseks enne nende s\u00fcvenemist. Otsige lekke, korrosiooni v\u00f5i tihendite ja komponentide kahjustuste m\u00e4rke. Varajane avastamine aitab v\u00e4ltida kulukaid remondit\u00f6id ja parandada seadmete ohutust.<\/p>\n<\/li>\n<li>\n<h3>\u00d5ige m\u00e4\u00e4rimine<\/h3>\n<p>H\u00fcdraulikas\u00fcsteemi n\u00f5uetekohase m\u00e4\u00e4rimise tagamine on optimaalse j\u00f5udluse tagamiseks h\u00e4davajalik. T\u00f5husa t\u00f6\u00f6 s\u00e4ilitamiseks kontrollige regulaarselt h\u00fcdraulika\u00f5li taset ja lisage vastavalt vajadusele \u00f5li. Ebapiisav m\u00e4\u00e4rimine v\u00f5ib p\u00f5hjustada suurenenud kulumist ja s\u00fcsteemi v\u00f5imalikke rikkeid.<\/p>\n<\/li>\n<li>\n<h3>Tihendi vahetamine<\/h3>\n<p>Aja jooksul v\u00f5ivad tihendid kuluda ja vajada v\u00e4ljavahetamist. Kontrollige tihendeid regulaarselt kahjustuste v\u00f5i kulumise tunnuste suhtes. Tihendite \u00f5igeaegne vahetamine on \u00fclioluline h\u00fcdraulilise terviklikkuse s\u00e4ilitamiseks ja lekete v\u00e4ltimiseks, tagades s\u00fcsteemi t\u00f6\u00f6korras p\u00fcsimise.<\/p>\n<\/li>\n<\/ul>\n<h2>Paigaldusjuhised<\/h2>\n<p>Poomi silindri \u00f5ige paigaldamine on optimaalse j\u00f5udluse ja pikaealisuse tagamiseks h\u00e4davajalik. Alustage veendumaks, et k\u00f5ik komponendid on puhtad ja prahist vabad. Joondage silinder \u00f5igesti kinnitusklambritega, et v\u00e4ltida silindrile liigset survet. Kasutage silindri kindlalt paigale kinnitamiseks sobivaid kinnitusklambreid. Paigaldamise ajal veenduge, et h\u00fcdraulikavoolikud on \u00f5igesti \u00fchendatud, ilma igasuguste keerdude v\u00f5i paindumisteta. P\u00e4rast paigaldamist tehke p\u00f5hjalik kontroll ja testige s\u00fcsteemi, et veenduda selle funktsionaalsuses ja otsida lekkeid. Nende sammude j\u00e4rgimine tagab silindri t\u00f5husa t\u00f6\u00f6 ja pikendab selle eluiga.<\/p>\n<h2>Hooldus\u00fclesanded<\/h2>\n<ul>\n<li>\n<h3>Regulaarsed kontrollid<\/h3>\n<p>H\u00fcdraulikas\u00fcsteemi seisukorra hindamiseks on vaja regulaarselt kontrollida. Kontrollige lekkeid, ebatavalisi helisid v\u00f5i j\u00f5udlusprobleeme. Regulaarne j\u00e4lgimine aitab probleeme varakult tuvastada ja ennetab ulatuslikke kahjustusi.<\/p>\n<\/li>\n<li>\n<h3>M\u00e4\u00e4rimine<\/h3>\n<p>Silindri regulaarne m\u00e4\u00e4rimine on sujuva t\u00f6\u00f6 tagamiseks \u00fclioluline. Kontrollige regulaarselt h\u00fcdraulika\u00f5li taset ja lisage vajadusel juurde. \u00d5ige t\u00fc\u00fcpi h\u00fcdraulika\u00f5li kasutamine on optimaalse j\u00f5udluse s\u00e4ilitamiseks ja kulumise v\u00e4ltimiseks \u00fclioluline.<\/p>\n<\/li>\n<li>\n<h3>Tihendi vahetamine<\/h3>\n<p>Tihendite kulumist tuleks sageli kontrollida ja vajadusel v\u00e4lja vahetada. N\u00f5uetekohaselt hooldatud tihendid hoiavad \u00e4ra lekked ja suurendavad silindri efektiivsust. Optimaalse j\u00f5udluse s\u00e4ilitamiseks veenduge, et vahetustihendid sobivad silindri t\u00fc\u00fcbiga.<\/p>\n<\/li>\n<\/ul>\n<p><img decoding=\"async\" src=\"https:\/\/www.hydraulic-cylinders.net\/wp-content\/uploads\/2025\/04\/songte-chushion-collar.webp\" alt=\"Padjakrae pilt\" \/><\/p>\n<h2>Ohutuskaalutlused ja keskkonnategurid<\/h2>\n<p>H\u00fcdrauliliste silindrite kasutamisel on \u00f5nnetuste v\u00e4ltimiseks ja operaatori ohutuse tagamiseks oluline rakendada ohutusmeetmeid. Veenduge, et k\u00f5ik kaitseseadised on paigas ja operaatorid on koolitatud ohutu k\u00e4sitsemise tavade osas. Kontrollige regulaarselt h\u00fcdraulikavoolikuid ja \u00fchendusi kahjustuste suhtes, kuna lekked v\u00f5ivad kujutada endast keskkonnaohtu. Lisaks on keskkonnam\u00f5ju minimeerimiseks \u00fclioluline h\u00fcdraulikavedelike n\u00f5uetekohane k\u00f5rvaldamine. Ohutuse ja keskkonnakaalutluste esikohale seadmisega saate luua ohutuma ja j\u00e4tkusuutlikuma t\u00f6\u00f6keskkonna.<\/p>\n<h2>Veaotsing ja levinud probleemid<\/h2>\n<ul>\n<li>\n<h3>Lekkiv h\u00fcdraulikavedelik<\/h3>\n<p>Lekkeid v\u00f5ib p\u00f5hjustada kulunud tihendid v\u00f5i kahjustatud h\u00fcdraulikavoolikud. Kontrollige tihendeid regulaarselt ja vahetage need vastavalt vajadusele. Veenduge, et k\u00f5ik \u00fchendused on tihedad, et v\u00e4ltida vedeliku kadu.<\/p>\n<\/li>\n<li>\n<h3>Ebaj\u00e4rjekindel silindri liikumine<\/h3>\n<p>Kui poomi silinder ei ulatu sujuvalt v\u00e4lja ega t\u00f5mbu tagasi, kontrollige h\u00fcdraulikavedeliku taset ja tihendite terviklikkust. H\u00fcdraulikas\u00fcsteemis olev \u00f5hk v\u00f5ib samuti p\u00f5hjustada eba\u00fchtlast t\u00f6\u00f6d, mis n\u00f5uab s\u00fcsteemi \u00f5hutamist.<\/p>\n<\/li>\n<li>\n<h3>\u00dclekuumenemine<\/h3>\n<p>\u00dclekuumenemist v\u00f5ib p\u00f5hjustada liigne koormus v\u00f5i ebapiisav m\u00e4\u00e4rimine. Veenduge, et silinder poleks \u00fcle koormatud ja et h\u00fcdraulika\u00f5li tase oleks piisav. Kontrollige regulaarselt kulumisj\u00e4lgi ja vajadusel vahetage komponendid v\u00e4lja.<\/p>\n<\/li>\n<\/ul>\n<h2>Veaotsingu n\u00e4pun\u00e4ited<\/h2>\n<p>Poomi silindri probleemide t\u00f5husaks diagnoosimiseks ja lahendamiseks alustage k\u00f5igi komponentide s\u00fcstemaatilise kontrollimisega. Otsige kulumise, lekete v\u00f5i tihendite kahjustuste m\u00e4rke. Tehke regulaarset hooldust, et probleeme ennetada. Kui probleemid p\u00fcsivad, p\u00f6\u00f6rduge abi saamiseks kvalifitseeritud tehniku \u200b\u200bpoole. Ennetavad meetmed, n\u00e4iteks hooldusgraafikute j\u00e4rgimine ja kvaliteetsete komponentide kasutamine, v\u00f5ivad probleemide tekkimise t\u00f5en\u00e4osust oluliselt v\u00e4hendada.<\/p>\n<p><img decoding=\"async\" src=\"https:\/\/www.hydraulic-cylinders.net\/wp-content\/uploads\/2025\/04\/songte-bushings-with-all-kinds-of-excavator-models.webp\" alt=\"Pukside pilt\" \/><\/p>\n<h2>Meie ettev\u00f5ttest<\/h2>\n<p>Oleme asendush\u00fcdrauliliste silindrite tootja, pakkudes laia tootevalikut, mis positsioneerib meid \u00fche juhtiva tootja ja hulgim\u00fc\u00fcjana nii sise- kui ka rahvusvahelisel turul. Meie eesm\u00e4rk on pakkuda tipptasemel kvaliteeti, mida toetavad t\u00e4iustatud tootmisjuhtimise strateegiad. Meie ettev\u00f5te t\u00e4iustab pidevalt oma tootmisv\u00f5imekust oskusliku personali, t\u00e4iustatud digitaalsete tootmisseadmete ja professionaalse testimiss\u00fcsteemi abil. Oleme p\u00fchendunud pakkuma suurt efektiivsust, t\u00e4psust ja kvaliteeti, et rahuldada klientide mitmekesiseid vajadusi.<\/p>\n<ul>\n<li>\n<h3>Professionaalsus<\/h3>\n<p>Meie meeskond koosneb h\u00fcdraulika ja inseneriteaduse ekspertidest, tagades, et meie tooted vastavad k\u00f5rgeimatele j\u00f5udlus- ja t\u00f6\u00f6kindluse standarditele.<\/p>\n<\/li>\n<li>\n<h3>Rahvusvaheline sertifitseerimine<\/h3>\n<p>Meie tooted on sertifitseeritud vastavalt rahvusvahelistele kvaliteedistandarditele, mis tagab klientidele nende vastupidavuse ja t\u00f5hususe.<\/p>\n<\/li>\n<li>\n<h3>Kohandatud teenused<\/h3>\n<p>Pakume erilahendusi, mis on kohandatud konkreetsete vajaduste rahuldamiseks, suurendades oma v\u00f5imet teenindada erinevaid t\u00f6\u00f6stusharusid.<\/p>\n<\/li>\n<li>\n<h3>T\u00e4iustatud tootmisseadmed<\/h3>\n<p>Meie tipptasemel tootmis\u00fcksused kasutavad uusimat tehnoloogiat, et tagada iga toote t\u00e4psus ja kvaliteet.<\/p>\n<\/li>\n<li>\n<h3>M\u00fc\u00fcgij\u00e4rgne tugi<\/h3>\n<p>Pakume igak\u00fclgset m\u00fc\u00fcgij\u00e4rgset tuge, tagades, et meie kliendid saavad abi alati, kui seda vaja on, parandades seel\u00e4bi nende \u00fcldist kogemust.<\/p>\n<\/li>\n<\/ul>\n<p><img decoding=\"async\" src=\"https:\/\/www.hydraulic-cylinders.net\/wp-content\/uploads\/2025\/04\/songte-company-4.webp\" alt=\"Ettev\u00f5tte pilt 1\" \/><br \/>\n<img decoding=\"async\" src=\"https:\/\/www.hydraulic-cylinders.net\/wp-content\/uploads\/2025\/04\/songte-company-3.webp\" alt=\"Ettev\u00f5tte pilt 2\" \/><\/p>\n<p>Autor: lyl<\/p>","protected":false},"excerpt":{"rendered":"<p>Boom Cylinder For Yanmar VI35-6B Introduction to Bucket Cylinders The Boom Cylinder for Yanmar VI35-6B is a crucial component in hydraulic systems used in heavy machinery. This hydraulic cylinder specifically controls the movement of the bucket on various heavy equipment such as excavators, backhoe loaders, and front loaders. It allows the bucket to lift, lower, [&hellip;]<\/p>","protected":false},"featured_media":17879,"comment_status":"open","ping_status":"closed","template":"","meta":{"_et_pb_use_builder":"","_et_pb_old_content":"","_et_gb_content_width":""},"product_brand":[],"product_cat":[1546],"product_tag":[1547,1496],"class_list":{"0":"post-19556","1":"product","2":"type-product","3":"status-publish","4":"has-post-thumbnail","6":"product_cat-boom-cylinders","7":"product_tag-boom-cylinders","8":"product_tag-hydraulic-cylinders","10":"first","11":"instock","12":"shipping-taxable","13":"product-type-simple"},"amp_enabled":true,"_links":{"self":[{"href":"https:\/\/www.hydraulic-cylinders.net\/et\/wp-json\/wp\/v2\/product\/19556","targetHints":{"allow":["GET"]}}],"collection":[{"href":"https:\/\/www.hydraulic-cylinders.net\/et\/wp-json\/wp\/v2\/product"}],"about":[{"href":"https:\/\/www.hydraulic-cylinders.net\/et\/wp-json\/wp\/v2\/types\/product"}],"replies":[{"embeddable":true,"href":"https:\/\/www.hydraulic-cylinders.net\/et\/wp-json\/wp\/v2\/comments?post=19556"}],"wp:featuredmedia":[{"embeddable":true,"href":"https:\/\/www.hydraulic-cylinders.net\/et\/wp-json\/wp\/v2\/media\/17879"}],"wp:attachment":[{"href":"https:\/\/www.hydraulic-cylinders.net\/et\/wp-json\/wp\/v2\/media?parent=19556"}],"wp:term":[{"taxonomy":"product_brand","embeddable":true,"href":"https:\/\/www.hydraulic-cylinders.net\/et\/wp-json\/wp\/v2\/product_brand?post=19556"},{"taxonomy":"product_cat","embeddable":true,"href":"https:\/\/www.hydraulic-cylinders.net\/et\/wp-json\/wp\/v2\/product_cat?post=19556"},{"taxonomy":"product_tag","embeddable":true,"href":"https:\/\/www.hydraulic-cylinders.net\/et\/wp-json\/wp\/v2\/product_tag?post=19556"}],"curies":[{"name":"wp","href":"https:\/\/api.w.org\/{rel}","templated":true}]}}