{"id":19558,"date":"2025-04-07T06:54:23","date_gmt":"2025-04-07T06:54:23","guid":{"rendered":"https:\/\/www.hydraulic-cylinders.net\/product\/boom-cylinder-for-yanmar-sv025-6\/"},"modified":"2025-04-07T06:54:25","modified_gmt":"2025-04-07T06:54:25","slug":"boom-cylinder-for-yanmar-sv025-6","status":"publish","type":"product","link":"https:\/\/www.hydraulic-cylinders.net\/et\/toode\/boom-cylinder-for-yanmar-sv025-6\/","title":{"rendered":"Yanmar SV025-6 poomi silinder"},"content":{"rendered":"<h1>Yanmar SV025-6 poomi silinder<\/h1>\n<h2>Poomi silindri m\u00f5istmine<\/h2>\n<p>Noole silinder on oluline h\u00fcdrauliline komponent, mis on spetsiaalselt loodud raskete masinate, n\u00e4iteks ekskavaatorite, laadur-ekskavaatori ja esilaaduri koppade liikumise juhtimiseks. See h\u00fcdrauliline silinder v\u00f5imaldab t\u00f5stmis-, langetamis- ja kallutusliigutusi, h\u00f5lbustades seel\u00e4bi materjalide k\u00e4itlemise \u00fclesandeid t\u00f5husalt.<\/p>\n<p>Ehitus- ja kaevamisplatside n\u00f5udlikele tingimustele vastu pidama loodud noolesilindrid m\u00e4ngivad h\u00fcdraulikas\u00fcsteemides kriitilist rolli. Nende peamine \u00fclesanne on muuta h\u00fcdrauliline r\u00f5hk mehaaniliseks j\u00f5uks, v\u00f5imaldades operaatoritel seadmeid t\u00e4pselt k\u00e4sitseda. Kasutades h\u00fcdraulika\u00f5li keskkonnana, saavutavad need silindrid sujuva ja kontrollitud liikumise, muutes need asendamatuks raskeid koormaid k\u00e4sitsevatele operaatoritele.<\/p>\n<p><img decoding=\"async\" src=\"https:\/\/www.hydraulic-cylinders.net\/wp-content\/uploads\/2025\/04\/songte-company-1.webp\" alt=\"Poomi silinder\" \/><\/p>\n<h2>Poomi silindri p\u00f5hijooned<\/h2>\n<ul>\n<li><strong>Suur tugevus ja vastupidavus:<\/strong> Tavaliselt \u00fclitugevast terasest v\u00f5i alumiiniumist valmistatud silindrid taluvad k\u00f5rget r\u00f5hku ja suuri koormusi, kohandudes h\u00e4sti karmide t\u00f6\u00f6keskkondadega. Nende disain r\u00f5hutab kulumiskindlust ja korrosioonikaitset, pikendades nende eluiga.<\/li>\n<li><strong>T\u00f5hus h\u00fcdrauliline t\u00f6\u00f6:<\/strong> Poomi silinder kasutab sujuva pikenduse ja tagasit\u00f5mbamise h\u00f5lbustamiseks h\u00fcdraulika\u00f5li r\u00f5hku, tagades kiire reageerimise juhi k\u00e4skudele ja tugeva t\u00f5uke- ja t\u00f5mbej\u00f5u raskete t\u00f6\u00f6de jaoks.<\/li>\n<li><strong>Erinevad t\u00fc\u00fcbid:<\/strong> Poomi silindreid saab valida \u00fchetoimeliste (h\u00fcdrauliline j\u00f5ud \u00fches suunas) v\u00f5i kahetoimeliste (m\u00f5lemas suunas) konfiguratsioonidena, et rahuldada erinevaid t\u00f6\u00f6vajadusi. M\u00f5ned mudelid on teleskoopilised, mis v\u00f5imaldab suuremat pikendamist ilma v\u00e4lism\u00f5\u00f5tmeid suurendamata, mis sobib ideaalselt ruumipiirangutega rakenduste jaoks.<\/li>\n<li><strong>Kohandatud tootmine:<\/strong> Oleme spetsialiseerunud poomisilindrite tootmisele, mis sobivad ideaalselt teiste h\u00fcdrauliliste silindrite asemele, tagades \u00fchilduvuse ja optimaalse j\u00f5udluse.<\/li>\n<li><strong>Mitmek\u00fclgsed rakendused:<\/strong> Need silindrid on loodud mitmesuguste raskete masinate jaoks, mist\u00f5ttu on need h\u00e4davajalikud mitmetes t\u00f6\u00f6stusharudes.<\/li>\n<\/ul>\n<p><img decoding=\"async\" src=\"https:\/\/www.hydraulic-cylinders.net\/wp-content\/uploads\/2025\/04\/songte-cylinder-head-with-all-kinds-excavator-models.webp\" alt=\"Ekskavaatori mudelid\" \/><\/p>\n<h2>Poomi silindri rakendused<\/h2>\n<h3>Ehitustehnika<\/h3>\n<p>Ekskavaatorites on noolesilindrid \u00fcliolulised kaevamiseks, laadimiseks ja pinnase v\u00f5i prahi teisaldamiseks. Need annavad vajaliku j\u00f5u kopa langetamiseks ja t\u00f5stmiseks, v\u00f5imaldades operaatoritel \u00fclesandeid t\u00f5husalt t\u00e4ita. Ekskavaator-laadurites aitavad need silindrid mitte ainult kaevamisel, vaid ka materjalide t\u00f5stmisel, n\u00e4idates nende mitmek\u00fclgsust ehitust\u00f6\u00f6del.<\/p>\n<h3>P\u00f5llumajandustehnika<\/h3>\n<p>Esilaadurites kasutatakse noole silindreid mulla, heina ja muude materjalide kopeerimiseks, t\u00f5stmiseks ja transportimiseks. Nende vastupidav konstruktsioon aitab p\u00f5llumeestel raskeid koormaid k\u00e4sitseda, parandades talu tootlikkust ja t\u00f5husust. Noole silindrite sujuv t\u00f6\u00f6 tagab, et masin saab katkestusteta mitmesuguseid \u00fclesandeid t\u00e4ita.<\/p>\n<h3>Ekskavaatorid<\/h3>\n<p>Ekskavaatorites v\u00f5imaldab noole silinder kopal t\u00f5husalt pinnasesse tungida, tagades t\u00f5husa kaevamise. See funktsioon on \u00fclioluline kaevet\u00f6\u00f6de puhul, kus on vaja t\u00e4psust ja v\u00f5imsust suurte materjalimahtude kiireks ja ohutuks teisaldamiseks.<\/p>\n<h3>Laadurid<\/h3>\n<p>Esilaadurites h\u00f5lbustavad noolesilindrid koormate t\u00f5husat t\u00f5stmist ja t\u00fchjendamist. Need v\u00f5imaldavad operaatoritel koppa t\u00f5sta, et materjale k\u00f5rgele t\u00fchjendada, parandades t\u00f6\u00f6voogu ja v\u00e4hendades t\u00f6\u00f6aega ehitusplatsil.<\/p>\n<h2>Projekteerimiskaalutlused ja valikukriteeriumid<\/h2>\n<h3>Kandev\u00f5ime<\/h3>\n<p>Poomi silindri valimisel on kandev\u00f5ime m\u00f5istmine kriitilise t\u00e4htsusega. See viitab maksimaalsele raskusele, mida silinder suudab taluda, s\u00e4ilitades samal ajal t\u00f6\u00f6 efektiivsuse. Kandev\u00f5ime m\u00e4\u00e4ratakse selliste tegurite abil nagu silindri suurus, materjali tugevus ja h\u00fcdraulilise r\u00f5hu piirid. Oluline on valida piisava kandev\u00f5imega silinder, mis mitte ainult ei vasta t\u00f6\u00f6n\u00f5uetele, vaid tagab ka ohutuse kasutamise ajal.<\/p>\n<h3>Tihendi terviklikkus<\/h3>\n<p>Tihenditel on h\u00fcdrauliliste silindrite j\u00f5udluses oluline roll. \u00d5iged tihendid hoiavad \u00e4ra h\u00fcdraulilise vedeliku lekked, mis v\u00f5ivad v\u00e4hendada efektiivsust ja kahjustada masinaid. Tihendid peavad olema valmistatud vastupidavatest materjalidest, mis taluvad \u00e4\u00e4rmuslikke temperatuure ja r\u00f5huk\u00f5ikumisi. N\u00f5uetekohane tihendamine tagab silindri pikema t\u00f6\u00f6ea ja parema t\u00f6\u00f6kindluse.<\/p>\n<h3>Vastupidavus<\/h3>\n<p>Vastupidavus on h\u00fcdrosilindrite konstruktsioonis \u00fclioluline tegur. Ehitusmaterjalid peaksid olema kulumiskindlad, korrosioonikindlad ja vastupidavad muudele keskkonnateguritele. See on eriti oluline silindrite puhul, mis t\u00f6\u00f6tavad karmides tingimustes, kus kokkupuude tolmu, niiskuse ja kemikaalidega v\u00f5ib j\u00f5udlust negatiivselt m\u00f5jutada. Vastupidava poomisilindri valimine tagab j\u00e4rjepideva j\u00f5udluse ja minimeerib sagedase vahetamise vajaduse.<\/p>\n<h3>Turvaelemendid<\/h3>\n<p>H\u00fcdrauliliste silindrite projekteerimisel ja valimisel peaks ohutus alati olema prioriteet. T\u00f6\u00f6tamise ajal \u00f5nnetuste v\u00e4ltimiseks on oluline lisada ohutusfunktsioonid, n\u00e4iteks r\u00f5hukaitseventiilid ja vastupidavad kinnitusdetailid. Need omadused mitte ainult ei kaitse seadmeid, vaid tagavad ka l\u00e4heduses t\u00f6\u00f6tavate operaatorite ohutuse.<\/p>\n<h3>Hoolduse ligip\u00e4\u00e4setavus<\/h3>\n<p>Hoolduse lihtsus on veel \u00fcks oluline kaalutlus. H\u00e4sti disainitud poomi silinder peaks v\u00f5imaldama kriitiliste komponentide h\u00f5lpsat juurdep\u00e4\u00e4su rutiinseteks kontrollideks ja hoolduseks. See mitte ainult ei h\u00f5lbusta regulaarset hooldust, vaid aitab kaasa ka silindri pikaealisusele ja seadme \u00fcldisele t\u00f5hususele.<\/p>\n<p><img decoding=\"async\" src=\"https:\/\/www.hydraulic-cylinders.net\/wp-content\/uploads\/2025\/04\/songte-oil-pipes-and-spare-parts.webp\" alt=\"H\u00fcdraulilised komponendid\" \/><\/p>\n<h2>Tihendus ja m\u00e4\u00e4rimine<\/h2>\n<p>H\u00fcdrauliliste silindrite terviklikkuse s\u00e4ilitamiseks on \u00fclioluline kasutada erinevaid tihenduskomponente, sealhulgas kolvitihendeid ja varrastihendeid. Vastupidavatest materjalidest, nagu pol\u00fcuretaan ja nitriilkummi, valmistatud tihendid on kulumiskindluse tagamiseks h\u00e4davajalikud. Silindri korpus ja keermestatud otsapinnad l\u00e4bivad t\u00e4pse t\u00f6\u00f6tlemise, et suurendada kulumiskindlust ja pikendada seel\u00e4bi silindri t\u00f6\u00f6iga.<\/p>\n<p>Optimaalse j\u00f5udluse s\u00e4ilitamiseks on vajalik regulaarne m\u00e4\u00e4rimine. Silindri sujuva liikumise tagamiseks on oluline tagada piisav kogus h\u00fcdraulika\u00f5li. M\u00e4\u00e4rimise eiramine v\u00f5ib suurendada h\u00f5\u00f5rdumist, kulumist ja potentsiaalseid rikkeid, mis r\u00f5hutab regulaarse m\u00e4\u00e4rimisgraafiku olulisust.<\/p>\n<h2>Regulaarne kontroll ja ennetav hooldus<\/h2>\n<ul>\n<li><strong>Regulaarsed kontrollid:<\/strong> Rutiinsete kontrollide l\u00e4biviimine on \u00fclioluline kulumise v\u00f5i kahjustuste varajaseks tuvastamiseks. Operaatorid peaksid seadmete t\u00f6\u00f6tamise ajal visuaalselt kontrollima lekete, pragude v\u00f5i ebatavaliste helide suhtes ning tegelema k\u00f5igi probleemidega kohe.<\/li>\n<li><strong>\u00d5ige m\u00e4\u00e4rimine:<\/strong> Optimaalse j\u00f5udluse tagamiseks on oluline tagada silindrite piisav m\u00e4\u00e4rimine. T\u00f5hususe s\u00e4ilitamiseks peaksid operaatorid j\u00e4rgima tootja juhiseid m\u00e4\u00e4rdeaine t\u00fc\u00fcbi ja pealekandmissageduse kohta.<\/li>\n<li><strong>Tihendi vahetamine:<\/strong> Aja jooksul v\u00f5ivad tihendid kuluda ja vajada v\u00e4ljavahetamist. Tihendite regulaarne kulumise kontrollimine ja nende \u00f5igeaegne v\u00e4ljavahetamine aitab v\u00e4ltida lekkeid ja s\u00e4ilitada h\u00fcdraulilise efektiivsuse.<\/li>\n<\/ul>\n<h2>Paigaldusjuhised<\/h2>\n<p>Poomi silindri \u00f5ige paigaldamine on optimaalse j\u00f5udluse saavutamiseks \u00fclioluline. Siin on m\u00f5ned sammud, mida j\u00e4rgida:<\/p>\n<ul>\n<li>Enne paigaldamist veenduge, et kinnitusklambrid ja -pinnad oleksid puhtad ja prahist vabad. See minimeerib kahjustuste ohtu paigaldusprotsessi ajal.<\/li>\n<li>Joondage silinder t\u00e4pselt kinnituspunktidega. Vale joondamine v\u00f5ib silindrile pinget tekitada, m\u00f5jutades selle j\u00f5udlust ja pikaealisust.<\/li>\n<li>Kasutage silindri kinnitamiseks sobivaid kinnitusklambreid, veendudes, et see on kindlalt kinnitatud ilma liigse j\u00f5uta, mis v\u00f5iks seda kahjustada.<\/li>\n<li>Lekete v\u00e4ltimiseks kontrollige hoolikalt k\u00f5igi h\u00fcdraulikavoolikute ja \u00fchenduste tihedust. K\u00f5ik l\u00f5dvad \u00fchendused v\u00f5ivad p\u00f5hjustada s\u00fcsteemi ebaefektiivsust ja v\u00f5imalikke rikkeid.<\/li>\n<li>P\u00e4rast paigaldamist tehke katsek\u00e4ivitus, et veenduda silindri sujuvas ja t\u00f5husas t\u00f6\u00f6s, kontrollides v\u00f5imalikke probleeme.<\/li>\n<\/ul>\n<h2>Levinumad hooldust\u00f6\u00f6d<\/h2>\n<ul>\n<li><strong>Regulaarsed kontrollid:<\/strong> Rutiinne visuaalne kontroll aitab kulumise v\u00f5i lekete m\u00e4rke varakult tuvastada, ennetades hilisemaid t\u00f5sisemaid probleeme. J\u00e4lgige alati h\u00fcdraulikavedeliku taset ja otsige t\u00f6\u00f6s mingeid k\u00f5rvalekaldeid.<\/li>\n<li><strong>M\u00e4\u00e4rimine:<\/strong> Silindri sujuva t\u00f6\u00f6 tagamiseks on oluline \u00f5ige m\u00e4\u00e4rimine. Tootja juhiste j\u00e4rgimine m\u00e4\u00e4rdeaine t\u00fc\u00fcbi ja sageduse osas parandab j\u00f5udlust ja pikaealisust.<\/li>\n<li><strong>Tihendi vahetamine:<\/strong> Tihendeid tuleks regulaarselt kontrollida. Kui ilmneb mingeid lagunemism\u00e4rke, on tihendite viivitamatu vahetamine h\u00fcdraulilise efektiivsuse s\u00e4ilitamiseks ja lekete v\u00e4ltimiseks \u00fclioluline.<\/li>\n<\/ul>\n<h2>Ohutuskaalutlused ja keskkonnategurid<\/h2>\n<p>H\u00fcdrauliliste silindrite k\u00e4itamisel on ohutusmeetmed \u00fcliolulised. Operaatorid peaksid olema koolitatud m\u00f5istma ohutusprotokollide olulisust, sealhulgas sobivate isikukaitsevahendite kandmist ja silindrite k\u00e4itamisega seotud v\u00f5imalike ohtude m\u00f5istmist. Regulaarselt tuleks l\u00e4bi viia ohutuskoolitusi, et tagada kogu personali teadlikkus protseduuridest ja v\u00f5ime h\u00e4daolukordades t\u00f5husalt reageerida.<\/p>\n<h2>Levinud probleemide t\u00f5rkeotsing<\/h2>\n<ul>\n<li><strong>Leke:<\/strong> \u00dcks levinumaid probleeme h\u00fcdrosilindritega on leke. Kui vedelikku lekib, v\u00f5ib see olla tingitud kulunud tihenditest v\u00f5i kahjustatud \u00fchendustest. Tihendite kiire tuvastamine ja vahetamine aitab selle probleemi lahendada.<\/li>\n<li><strong>Ebaj\u00e4rjekindel toimimine:<\/strong> Kui poomi silinder t\u00f6\u00f6tab eba\u00fchtlaselt, v\u00f5ib see viidata h\u00fcdraulikavedeliku taseme probleemidele v\u00f5i ummistustele h\u00fcdraulikavoolikutes. Vedelikutaseme kontrollimine ja voolikute puhtuse tagamine on h\u00e4davajalik.<\/li>\n<li><strong>Aeglane reageering:<\/strong> Aeglane reageering t\u00f6\u00f6 ajal v\u00f5ib olla tingitud \u00f5hust h\u00fcdraulikas\u00fcsteemis v\u00f5i ebapiisavast h\u00fcdraulikavedelikust. S\u00fcsteemi \u00f5hutamine \u00f5hu eemaldamiseks ja h\u00fcdraulikavedeliku lisamine v\u00f5ib selle probleemi lahendada.<\/li>\n<\/ul>\n<p>Ennetavate meetmete, n\u00e4iteks regulaarsete hoolduskontrollide rakendamine v\u00f5ib nende probleemide tekkimise t\u00f5en\u00e4osust oluliselt v\u00e4hendada. Operaatorid peaksid hooldusele l\u00e4henema ennetavalt, j\u00e4rgides kehtestatud protseduure, et tagada h\u00fcdros\u00fcsteemi t\u00f6\u00f6korras p\u00fcsimine.<\/p>\n<p><img decoding=\"async\" src=\"https:\/\/www.hydraulic-cylinders.net\/wp-content\/uploads\/2025\/04\/songte-bushings-with-all-kinds-of-excavator-models.webp\" alt=\"Ekskavaatori puksid\" \/><\/p>\n<h2>Meie ettev\u00f5ttest<\/h2>\n<p>Oleme juhtiv h\u00fcdrosilindrite tootja ja hulgim\u00fc\u00fcja, mis on spetsialiseerunud kvaliteetsete alternatiivide pakkumisele. Meie lai tootevalik positsioneerib meid nii sise- kui ka rahvusvahelistel turgudel \u00fche tipptegijana. Tipptaseme p\u00f5him\u00f5tet j\u00e4rgides rakendame t\u00e4iustatud tootmisstrateegiaid, kasutades t\u00e4iustatud digitaalseid seadmeid ja professionaalseid testimiss\u00fcsteeme.<\/p>\n<p>Meie p\u00fchendumus kvaliteedile peegeldub investeeringutes oskuslikesse t\u00f6\u00f6tajatesse ja uuenduslikesse tootmistehnikatesse, mis t\u00e4iustavad meie tootmisplatvorme ja parandavad toodete kvaliteeti. P\u00fchendudes t\u00f5hususele, t\u00e4psusele ja k\u00f5rgele kvaliteedile, rahuldame klientide mitmekesiseid vajadusi, pakkudes individuaalseid lahendusi.<\/p>\n<p><img decoding=\"async\" src=\"https:\/\/www.hydraulic-cylinders.net\/wp-content\/uploads\/2025\/04\/songte-company-4.webp\" alt=\"Ettev\u00f5tte \u00fclevaade\" \/><br \/>\n<img decoding=\"async\" src=\"https:\/\/www.hydraulic-cylinders.net\/wp-content\/uploads\/2025\/04\/songte-company-3.webp\" alt=\"Tootmisrajatised\" \/><\/p>\n<p>Kokkuv\u00f5ttes paistab meie ettev\u00f5te silma oma professionaalsuse, rahvusvaheliste sertifikaatide, eritellimusel teenuste, t\u00e4iustatud tootmisseadmete ja erakordse m\u00fc\u00fcgij\u00e4rgse toe poolest.<\/p>\n<p>Autor: lyl<\/p>","protected":false},"excerpt":{"rendered":"<p>Boom Cylinder For Yanmar SV025-6 Understanding the Boom Cylinder The boom cylinder is an essential hydraulic component, specifically designed for controlling the movement of buckets in heavy machinery such as excavators, backhoe loaders, and front loaders. This hydraulic cylinder allows for lifting, lowering, and tilting motions, thereby facilitating material handling tasks efficiently. Constructed to endure [&hellip;]<\/p>","protected":false},"featured_media":17881,"comment_status":"open","ping_status":"closed","template":"","meta":{"_et_pb_use_builder":"","_et_pb_old_content":"","_et_gb_content_width":""},"product_brand":[],"product_cat":[1546],"product_tag":[1547,1496],"class_list":{"0":"post-19558","1":"product","2":"type-product","3":"status-publish","4":"has-post-thumbnail","6":"product_cat-boom-cylinders","7":"product_tag-boom-cylinders","8":"product_tag-hydraulic-cylinders","10":"first","11":"instock","12":"shipping-taxable","13":"product-type-simple"},"amp_enabled":true,"_links":{"self":[{"href":"https:\/\/www.hydraulic-cylinders.net\/et\/wp-json\/wp\/v2\/product\/19558","targetHints":{"allow":["GET"]}}],"collection":[{"href":"https:\/\/www.hydraulic-cylinders.net\/et\/wp-json\/wp\/v2\/product"}],"about":[{"href":"https:\/\/www.hydraulic-cylinders.net\/et\/wp-json\/wp\/v2\/types\/product"}],"replies":[{"embeddable":true,"href":"https:\/\/www.hydraulic-cylinders.net\/et\/wp-json\/wp\/v2\/comments?post=19558"}],"wp:featuredmedia":[{"embeddable":true,"href":"https:\/\/www.hydraulic-cylinders.net\/et\/wp-json\/wp\/v2\/media\/17881"}],"wp:attachment":[{"href":"https:\/\/www.hydraulic-cylinders.net\/et\/wp-json\/wp\/v2\/media?parent=19558"}],"wp:term":[{"taxonomy":"product_brand","embeddable":true,"href":"https:\/\/www.hydraulic-cylinders.net\/et\/wp-json\/wp\/v2\/product_brand?post=19558"},{"taxonomy":"product_cat","embeddable":true,"href":"https:\/\/www.hydraulic-cylinders.net\/et\/wp-json\/wp\/v2\/product_cat?post=19558"},{"taxonomy":"product_tag","embeddable":true,"href":"https:\/\/www.hydraulic-cylinders.net\/et\/wp-json\/wp\/v2\/product_tag?post=19558"}],"curies":[{"name":"wp","href":"https:\/\/api.w.org\/{rel}","templated":true}]}}