{"id":19561,"date":"2025-04-07T06:54:31","date_gmt":"2025-04-07T06:54:31","guid":{"rendered":"https:\/\/www.hydraulic-cylinders.net\/product\/boom-cylinder-for-yanmar-v55-6\/"},"modified":"2025-04-07T06:54:37","modified_gmt":"2025-04-07T06:54:37","slug":"boom-cylinder-for-yanmar-v55-6","status":"publish","type":"product","link":"https:\/\/www.hydraulic-cylinders.net\/et\/toode\/boom-cylinder-for-yanmar-v55-6\/","title":{"rendered":"Yanmar V55-6 poomi silinder"},"content":{"rendered":"<h1>Yanmar V55-6 poomi silinder<\/h1>\n<h2>Sissejuhatus poomi silindrisse<\/h2>\n<p>Noole silinder on rasketehnika oluline komponent, mis on spetsiaalselt loodud sellistele masinatele nagu ekskavaatorid, laadur-ekskavaatorid ja esilaadurid. Sellel on oluline roll kopa liikumise juhtimisel, v\u00f5imaldades sellel t\u00f5sta, langetada ja kallutada. See funktsioon on oluline t\u00f5husate materjalik\u00e4itlust\u00f6\u00f6de jaoks erinevates rakendustes, sealhulgas ehitus- ja p\u00f5llumajandust\u00f6\u00f6del.<\/p>\n<p><img decoding=\"async\" src=\"https:\/\/www.hydraulic-cylinders.net\/wp-content\/uploads\/2025\/04\/songte-company-1.webp\" alt=\"Yanmar V55-6 poomi silinder\" \/><\/p>\n<h3>Definitsioon ja \u00fclevaade<\/h3>\n<p>Noolesilinder, tuntud ka kui kopa silinder, on h\u00fcdraulilise silindri t\u00fc\u00fcp, mida kasutatakse spetsiaalselt rasketehnika koppade liikumise juhtimiseks. See on h\u00fcdraulikas\u00fcsteemides \u00fclioluline, v\u00f5imaldades mitmesuguseid liigutusi, muutes h\u00fcdraulilise energia mehaaniliseks energiaks. Noolesilinder v\u00f5imaldab operaatoritel kopa asendit t\u00e4pselt juhtida, tagades materjalide t\u00f5stmise ja teisaldamise t\u00e4psuse ja efektiivsuse.<\/p>\n<h2>Poomi silindri omadused<\/h2>\n<ul>\n<li><strong>Suur tugevus ja vastupidavus:<\/strong> See on valmistatud \u00fclitugevast terasest v\u00f5i alumiiniumist, mis talub k\u00f5rget r\u00f5hku ja suuri koormusi. Selle disain arvestab kulumiskindluse ja korrosioonikindlusega, pikendades oluliselt selle eluiga.<\/li>\n<li><strong>T\u00f5hus h\u00fcdrauliline t\u00f6\u00f6:<\/strong> Kasutab sujuvaks pikendamiseks ja tagasit\u00f5mbamiseks h\u00fcdraulilist \u00f5lir\u00f5hku, pakkudes kiiret reageerimist juhtimisk\u00e4sklustele ja v\u00f5imsat t\u00f5uke- ja t\u00f5mbej\u00f5udu, mis sobib ideaalselt raskete esemete ja keerukate \u00fclesannete k\u00e4sitsemiseks.<\/li>\n<li><strong>T\u00fc\u00fcpide mitmekesisus:<\/strong> Saadaval \u00fchetoimelise (h\u00fcdrauliline \u00fches suunas) v\u00f5i kahetoimelise (h\u00fcdrauliline m\u00f5lemas suunas) konfiguratsioonina, et rahuldada erinevaid t\u00f6\u00f6vajadusi. M\u00f5nedel mudelitel on teleskoopkonstruktsioonid, mis v\u00f5imaldavad suuremat pikendamist ilma v\u00e4lism\u00f5\u00f5tmeid suurendamata, sobides ruumipiirangutega rakenduste jaoks.<\/li>\n<\/ul>\n<h3>Meie tootmisv\u00f5imalused<\/h3>\n<p>Oleme spetsialiseerunud selle toote tootmisele, tagades, et meie silindrid suudavad ideaalselt asendada olemasolevaid h\u00fcdrosilindreid.<\/p>\n<p><img decoding=\"async\" src=\"https:\/\/www.hydraulic-cylinders.net\/wp-content\/uploads\/2025\/04\/songte-cylinder-head-with-all-kinds-excavator-models.webp\" alt=\"Ekskavaatorite h\u00fcdrauliline silinder\" \/><\/p>\n<h2>Poomi silindri rakendused<\/h2>\n<h3>Ehitustehnika<\/h3>\n<p>Ekskavaatorites on noolesilindrid olulised kaevamiseks, laadimiseks ja mulla v\u00f5i prahi teisaldamiseks. Need v\u00f5imaldavad t\u00e4pseid kaevamistoiminguid, tagades, et operaator saab vajalikke materjale t\u00f5husalt v\u00e4lja kaevata. Ekskavaatoritel aitab noolesilinder nii kaevamisel kui ka t\u00f5stmisel, muutes selle ehitust\u00f6\u00f6de asendamatuks osaks.<\/p>\n<h3>P\u00f5llumajandustehnika<\/h3>\n<p>Esilaadurites aitavad noolesilindrid mulda, heina ja muid materjale kaevata, t\u00f5sta ja transportida. Need rakendused on t\u00f5husa p\u00f5llumajandustegevuse jaoks \u00fcliolulised, tagades raskete koormate h\u00f5lpsa ja t\u00e4pse teisaldamise.<\/p>\n<h3>Ekskavaatorid<\/h3>\n<p>Ekskavaatorites v\u00f5imaldab noole silinder kopal pinnasesse tungida, h\u00f5lbustades kaevamist. Selle vastupidav konstruktsioon tagab, et see talub k\u00f5va pinnase l\u00e4bistamisega seotud pingeid, muutes selle mullat\u00f6\u00f6del kriitiliseks komponendiks.<\/p>\n<h3>Laadurid<\/h3>\n<p>Esilaaduritel aitavad noolesilindrid koormaid t\u00f5husalt t\u00f5sta ja t\u00fchjendada. Nende v\u00f5ime pakkuda suurt t\u00f5stev\u00f5imet tagab, et juhid saavad materjali transporti t\u00f5husalt hallata, suurendades t\u00f6\u00f6platsi tootlikkust.<\/p>\n<h2>Projekteerimiskaalutlused ja valikukriteeriumid<\/h2>\n<h3>Kandev\u00f5ime<\/h3>\n<p>Poomi silindri kandev\u00f5ime on selle konstruktsioonis kriitilise t\u00e4htsusega tegur. See peab suutma taluda maksimaalset raskust, millega see t\u00f6\u00f6tamise ajal kokku puutub. Tootjad esitavad tavaliselt kandev\u00f5ime hinnangud, mis p\u00f5hinevad rangetel katsetel, et tagada ohutus ja t\u00f6\u00f6kindlus. Sobiva kandev\u00f5ime valimine on \u00fclioluline, et v\u00e4ltida v\u00f5imalikke rikkeid raskete t\u00f6\u00f6de ajal.<\/p>\n<h3>Tihendusmehhanismid<\/h3>\n<p>T\u00f5hus tihendamine on h\u00fcdraulikas\u00fcsteemi terviklikkuse s\u00e4ilitamiseks h\u00e4davajalik. Tihendite, n\u00e4iteks kolvi- ja vardatihendite valik m\u00f5jutab silindri t\u00f6\u00f6 efektiivsust ja pikaealisust. Kvaliteetsetest materjalidest, n\u00e4iteks pol\u00fcuretaanist v\u00f5i nitriilkummist, valmistatud tihendid minimeerivad kulumist ja hoiavad \u00e4ra lekkeid, tagades seel\u00e4bi optimaalse j\u00f5udluse. Tihendite regulaarne kontroll on vajalik, et kulumism\u00e4rke varakult avastada, mis aitab pikas perspektiivis remondikulusid kokku hoida.<\/p>\n<h3>Vastupidavus<\/h3>\n<p>Poomisilindrite projekteerimisel on vastupidavus v\u00f5tmet\u00e4htsusega. Need peavad vastu pidama karmidele keskkonnatingimustele, sealhulgas \u00e4\u00e4rmuslikele temperatuuridele, niiskusele ja kokkupuutele kemikaalidega. Materjalid ja katted valitakse spetsiaalselt nende korrosiooni- ja kulumiskindluse tagamiseks. Vastupidav konstruktsioon mitte ainult ei paranda silindri eluiga, vaid v\u00e4hendab ka hooldus- v\u00f5i asendusvajadusest tingitud seisakuid.<\/p>\n<h3>Turvaelemendid<\/h3>\n<p>H\u00fcdrauliliste silindrite konstruktsioonis on ohutus esmat\u00e4htis. Sellised omadused nagu \u00fclekoormuskaitse ja r\u00f5huvabastusventiilid aitavad v\u00e4ltida ootamatuid rikkeid. Need ohutusmeetmed tagavad, et operaatorid saavad t\u00f6\u00f6tada enesekindlalt, v\u00e4hendades \u00f5nnetuste ja vigastuste ohtu t\u00f6\u00f6kohal.<\/p>\n<h3>Hoolduse lihtsus<\/h3>\n<p>Poomi silindrite lihtne hooldus ja remont on pikaajalise kasutamise ja efektiivsuse tagamiseks \u00fclioluline. Ligip\u00e4\u00e4setavate komponentide ja selgete hooldusjuhiste lisamine v\u00f5imaldab kiiremat remonti ja minimeerib seisakuid. Tootjad peaksid silindri projekteerimisel arvestama l\u00f5ppkasutaja hooldusv\u00f5imalustega, tagades, et seda saab t\u00f5husalt hooldada ilma spetsiaalsete t\u00f6\u00f6riistade v\u00f5i v\u00e4lja\u00f5ppeta.<\/p>\n<p><img decoding=\"async\" src=\"https:\/\/www.hydraulic-cylinders.net\/wp-content\/uploads\/2025\/04\/songte-oil-pipes-and-spare-parts.webp\" alt=\"H\u00fcdrauliliste silindrite osad\" \/><\/p>\n<h2>Tihendus ja m\u00e4\u00e4rimine<\/h2>\n<p>T\u00f5hus tihendamine ja m\u00e4\u00e4rimine on poomi silindrite j\u00f5udluse s\u00e4ilitamiseks h\u00e4davajalikud. H\u00fcdraulilise vedeliku lekke v\u00e4ltimiseks on kriitilise t\u00e4htsusega mitmesugused tihenduselemendid, n\u00e4iteks kolvi- ja varrastihendid. Oluline on valida vastupidavatest materjalidest, n\u00e4iteks pol\u00fcuretaanist ja nitriilkummist, tihendid, mis pakuvad suurep\u00e4rast kulumiskindlust. Silindri korpus ja keermestatud otsad on peenelt t\u00f6\u00f6deldud, et suurendada vastupidavust ja kulumiskindlust. Regulaarne m\u00e4\u00e4rimine sobiva h\u00fcdraulika\u00f5liga on vajalik silindri sujuva t\u00f6\u00f6 tagamiseks ja h\u00f5\u00f5rdumise minimeerimiseks, mis v\u00f5ib p\u00f5hjustada enneaegset kulumist ja rikkeid.<\/p>\n<h2>Ennetavad hooldusmeetmed<\/h2>\n<ul>\n<li><strong>Regulaarsed kontrollid:<\/strong> H\u00fcdraulikas\u00fcsteemi regulaarsete kontrollide tegemine aitab tuvastada kulumise v\u00f5i kahjustuste varajasi m\u00e4rke. Kontrollige lekkeid, pingepunkte ja \u00fcldist funktsionaalsust.<\/li>\n<li><strong>\u00d5ige m\u00e4\u00e4rimine:<\/strong> Piisava m\u00e4\u00e4rimistaseme s\u00e4ilitamine on silindri kulumise v\u00e4hendamiseks ja eluea pikendamiseks \u00fclioluline. Veenduge, et kasutate sobivat h\u00fcdraulika\u00f5li ja et taset kontrollitakse regulaarselt.<\/li>\n<li><strong>Tihendi vahetamine:<\/strong> Kontrollige regulaarselt tihendeid kulumisj\u00e4lgede suhtes ja vahetage need kohe v\u00e4lja, et v\u00e4ltida lekkeid ja s\u00e4ilitada s\u00fcsteemi t\u00f5husus.<\/li>\n<\/ul>\n<h2>Paigaldusjuhised<\/h2>\n<p>Poomi silindri \u00f5ige paigaldamine on optimaalse j\u00f5udluse saavutamiseks \u00fclioluline. Alustuseks veenduge, et silinder on kinnitusklambritega \u00f5igesti joondatud. Silindri kinnitamiseks paigale kasutage sobivaid kinnitustugesid. Oluline on j\u00e4rgida tootja spetsifikatsioone p\u00f6\u00f6rdemomendi s\u00e4tete ja joondustolerantside kohta. P\u00e4rast paigaldamist kontrollige h\u00fcdraulika\u00fchendusi lekete puudumise osas. P\u00e4rast paigaldamist on soovitatav s\u00fcsteemil lasta kogu liikumisulatus l\u00e4bi t\u00f6\u00f6tada, et veenduda selle n\u00f5uetekohases toimimises ja avastada probleeme varakult.<\/p>\n<h2>Levinumad hooldust\u00f6\u00f6d<\/h2>\n<ul>\n<li><strong>Regulaarsed kontrollid:<\/strong> Rutiinsete kontrollide tegemine v\u00f5imaldab teil tuvastada potentsiaalseid probleeme enne, kui need s\u00fcvenevad. Otsige silindrilt ja \u00fcmbritsevatelt osadelt kulumise, lekete v\u00f5i v\u00e4simuse m\u00e4rke.<\/li>\n<li><strong>Sobiv m\u00e4\u00e4rimine:<\/strong> J\u00e4rjepidev m\u00e4\u00e4rimine on oluline h\u00f5\u00f5rdumise ja kulumise v\u00e4hendamiseks. Veenduge, et kasutate \u00f5iget t\u00fc\u00fcpi ja kogust h\u00fcdraulika\u00f5li ning j\u00e4rgige tootja juhiseid m\u00e4\u00e4rimissageduse kohta.<\/li>\n<li><strong>Tihendi vahetamine ja kalibreerimise kontrollimine:<\/strong> Kontrollige regulaarselt tihendite kulumist ja vajadusel vahetage need v\u00e4lja. Kalibreerimiskontrollid tagavad, et silinder t\u00f6\u00f6tab etten\u00e4htud parameetrite piires, s\u00e4ilitades s\u00fcsteemi t\u00f5hususe ja ohutuse.<\/li>\n<\/ul>\n<p>N\u00f5uetekohane paigaldamine, m\u00e4\u00e4rimine ja reguleerimine on poomi silindri pikaealisuse ja efektiivsuse tagamiseks \u00fcliolulised. Paigaldamise ajal veenduge, et silinder on \u00f5igesti joondatud ja sobivate tugede abil kindlalt kinnitatud. Komponentide kontrollimise, parandamise ja vahetamise soovituslikke tavasid tuleks t\u00e4pselt j\u00e4rgida. Nende strateegiate rakendamine pikendab poomi silindri eluiga ja j\u00f5udlust.<\/p>\n<p><img decoding=\"async\" src=\"https:\/\/www.hydraulic-cylinders.net\/wp-content\/uploads\/2025\/04\/songte-chushion-collar.webp\" alt=\"H\u00fcdrauliliste silindrite padjakrae\" \/><\/p>\n<h2>Ohutuskaalutlused ja keskkonnategurid<\/h2>\n<p>H\u00fcdrosilindrite kasutamisel on ohutusmeetmete rakendamine \u00e4\u00e4rmiselt oluline. Operaatorid peaksid olema koolitatud ohutute t\u00f6\u00f6meetodite osas, et minimeerida \u00f5nnetuste ohtu. Lisaks on oluline m\u00f5ista keskkonnategureid, mis v\u00f5ivad m\u00f5jutada h\u00fcdrauliliste silindrite toimimist, n\u00e4iteks temperatuurik\u00f5ikumisi ja kokkupuudet ohtlike ainetega. Regulaarsed ohutusauditid aitavad tuvastada v\u00f5imalikke riske ja tagada ohutusn\u00f5uete j\u00e4rgimise.<\/p>\n<h2>Rikete diagnoosimine ja levinud probleemid<\/h2>\n<ul>\n<li><strong>H\u00fcdraulilised lekked:<\/strong> Lekkeid v\u00f5ib p\u00f5hjustada kulunud tihendid v\u00f5i kahjustatud komponendid. Regulaarne kontroll ja \u00f5igeaegne asendamine aitavad seda probleemi leevendada.<\/li>\n<li><strong>Aeglane t\u00f6\u00f6:<\/strong> Kui silinder t\u00f6\u00f6tab aeglaselt, v\u00f5ib see viidata madalale h\u00fcdraulikavedeliku tasemele v\u00f5i saastumisele. Regulaarne hooldus ja vedelike kontrollimine on h\u00e4davajalikud.<\/li>\n<li><strong>Ebatavalised helid:<\/strong> T\u00f6\u00f6tamise ajal tekkivad m\u00fcrad v\u00f5ivad viidata mehaanilisele kulumisele v\u00f5i \u00f5hule h\u00fcdros\u00fcsteemis. Nende probleemide \u00f5igeaegne tuvastamine ja lahendamine aitab edasisi kahjustusi v\u00e4ltida.<\/li>\n<\/ul>\n<h2>Veaotsingu n\u00e4pun\u00e4ited ja lahendused<\/h2>\n<p>Poomi silindrite probleemide t\u00f5husaks diagnoosimiseks ja lahendamiseks peaksid operaatorid j\u00e4rgima kindlaid samme. Alustage h\u00fcdraulikavedeliku taseme kontrollimisest ja lekete otsimisest. Kui t\u00e4heldate aeglast t\u00f6\u00f6d, hinnake s\u00fcsteemi saastumise suhtes ja vajadusel vahetage vedelikud v\u00e4lja. Ebatavaliste helide uurimiseks tuleks kontrollida tihendeid ja mehaanilisi komponente kulumise v\u00f5i kahjustuste suhtes. Ennetavate meetmete rakendamine, n\u00e4iteks regulaarne hooldus ja kasutusjuhiste j\u00e4rgimine, aitab nende probleemide esinemist oluliselt v\u00e4hendada.<\/p>\n<p><img decoding=\"async\" src=\"https:\/\/www.hydraulic-cylinders.net\/wp-content\/uploads\/2025\/04\/songte-bushings-with-all-kinds-of-excavator-models.webp\" alt=\"H\u00fcdrauliliste silindrite puksid\" \/><\/p>\n<h2>Ettev\u00f5tte \u00fclevaade<\/h2>\n<p>Oleme juhtiv asendush\u00fcdrauliliste silindrite tootja, mis on spetsialiseerunud laiale tootevalikule. Meie ettev\u00f5te on ennast sisse seadnud v\u00f5tmeisikuna nii sise- kui ka rahvusvahelistel h\u00fcdrauliliste silindrite tootmise ja hulgim\u00fc\u00fcgi turgudel. Peame kinni tippkvaliteedist ja kasutame t\u00e4iustatud tootmisjuhtimise strateegiaid. Keskendudes t\u00e4ppistootmisele, t\u00e4iustatud digitaalsetele seadmetele ja professionaalsetele testimiss\u00fcsteemidele, t\u00e4iustame pidevalt oma tootmisv\u00f5imsust. Meie tugev v\u00f5imekus tagab, et rahuldame oma klientide mitmekesiseid vajadusi suure efektiivsuse, t\u00e4psuse ja kvaliteediga.<\/p>\n<p><img decoding=\"async\" src=\"https:\/\/www.hydraulic-cylinders.net\/wp-content\/uploads\/2025\/04\/songte-company-4.webp\" alt=\"Ettev\u00f5tte \u00fclevaade 1\" \/><br \/>\n<img decoding=\"async\" src=\"https:\/\/www.hydraulic-cylinders.net\/wp-content\/uploads\/2025\/04\/songte-company-3.webp\" alt=\"Ettev\u00f5tte \u00fclevaade 2\" \/><\/p>\n<h2>Kokkuv\u00f5te<\/h2>\n<p>P\u00fchendumusega professionaalsele teenindusele, rahvusvahelistele sertifikaatidele ja kohandatavatele lahendustele tagame, et meie tooted turul silma paistavad. Meie tipptasemel tootmis\u00fcksused ja p\u00fchendunud m\u00fc\u00fcgij\u00e4rgne teenindus suurendavad veelgi meie usaldusv\u00e4\u00e4rsust ja klientide rahulolu.<\/p>\n<p>Autor: lyl<\/p>","protected":false},"excerpt":{"rendered":"<p>Boom Cylinder For Yanmar V55-6 Introduction to Boom Cylinder The Boom Cylinder is a vital component in heavy machinery, specifically designed for machines like excavators, backhoe loaders, and front loaders. It plays a crucial role in controlling the movement of the bucket, allowing it to lift, lower, and tilt. This functionality is essential for efficient [&hellip;]<\/p>","protected":false},"featured_media":17869,"comment_status":"open","ping_status":"closed","template":"","meta":{"_et_pb_use_builder":"","_et_pb_old_content":"","_et_gb_content_width":""},"product_brand":[],"product_cat":[1546],"product_tag":[1547,1496],"class_list":{"0":"post-19561","1":"product","2":"type-product","3":"status-publish","4":"has-post-thumbnail","6":"product_cat-boom-cylinders","7":"product_tag-boom-cylinders","8":"product_tag-hydraulic-cylinders","10":"first","11":"instock","12":"shipping-taxable","13":"product-type-simple"},"amp_enabled":true,"_links":{"self":[{"href":"https:\/\/www.hydraulic-cylinders.net\/et\/wp-json\/wp\/v2\/product\/19561","targetHints":{"allow":["GET"]}}],"collection":[{"href":"https:\/\/www.hydraulic-cylinders.net\/et\/wp-json\/wp\/v2\/product"}],"about":[{"href":"https:\/\/www.hydraulic-cylinders.net\/et\/wp-json\/wp\/v2\/types\/product"}],"replies":[{"embeddable":true,"href":"https:\/\/www.hydraulic-cylinders.net\/et\/wp-json\/wp\/v2\/comments?post=19561"}],"wp:featuredmedia":[{"embeddable":true,"href":"https:\/\/www.hydraulic-cylinders.net\/et\/wp-json\/wp\/v2\/media\/17869"}],"wp:attachment":[{"href":"https:\/\/www.hydraulic-cylinders.net\/et\/wp-json\/wp\/v2\/media?parent=19561"}],"wp:term":[{"taxonomy":"product_brand","embeddable":true,"href":"https:\/\/www.hydraulic-cylinders.net\/et\/wp-json\/wp\/v2\/product_brand?post=19561"},{"taxonomy":"product_cat","embeddable":true,"href":"https:\/\/www.hydraulic-cylinders.net\/et\/wp-json\/wp\/v2\/product_cat?post=19561"},{"taxonomy":"product_tag","embeddable":true,"href":"https:\/\/www.hydraulic-cylinders.net\/et\/wp-json\/wp\/v2\/product_tag?post=19561"}],"curies":[{"name":"wp","href":"https:\/\/api.w.org\/{rel}","templated":true}]}}