{"id":19562,"date":"2025-04-07T06:54:37","date_gmt":"2025-04-07T06:54:37","guid":{"rendered":"https:\/\/www.hydraulic-cylinders.net\/product\/boom-cylinder-for-yanmar-vi085\/"},"modified":"2025-04-07T06:54:39","modified_gmt":"2025-04-07T06:54:39","slug":"boom-cylinder-for-yanmar-vi085","status":"publish","type":"product","link":"https:\/\/www.hydraulic-cylinders.net\/et\/toode\/boom-cylinder-for-yanmar-vi085\/","title":{"rendered":"Yanmar VI085 poomi silinder"},"content":{"rendered":"<h1>Yanmar VI085 poomi silinder<\/h1>\n<h2>Toote \u00fclevaade<\/h2>\n<p>Yanmar VI085 poomi silinder on oluline komponent, mis on loodud rasketehnika, eriti ekskavaatorite, laadurite ja esilaadurite jaoks. See h\u00fcdrauliline silinder vastutab poomivarre liikumise juhtimise eest, v\u00f5imaldades sellel t\u00f5husalt t\u00f5sta, langetada ja kallutada. H\u00fcdraulilistes s\u00fcsteemides m\u00e4ngib poomi silinder materjali k\u00e4itlemisel keskset rolli, pakkudes t\u00e4psust ja v\u00f5imsust. See v\u00f5imaldab operaatoritel raskeid koormaid sujuvalt k\u00e4sitseda, mist\u00f5ttu on see h\u00e4davajalik erinevates ehitus- ja p\u00f5llumajandust\u00f6\u00f6des.<\/p>\n<p><img decoding=\"async\" src=\"https:\/\/www.hydraulic-cylinders.net\/wp-content\/uploads\/2025\/04\/songte-company-1.webp\" alt=\"Poomi silinder\" \/><\/p>\n<h3>Kopasilindrite definitsioon ja \u00fclevaade<\/h3>\n<p>Kopa silinder on spetsiaalne h\u00fcdrauliline silinder, mis on loodud raskete seadmete, n\u00e4iteks ekskavaatorite ja laadurite koppade liikumise juhtimiseks. Selle peamine \u00fclesanne on h\u00f5lbustada kopa liikumist, v\u00f5imaldades operaatoritel t\u00e4ita selliseid \u00fclesandeid nagu kaevamine, t\u00f5stmine ja materjalide t\u00fchjendamine. Kopa silindri efektiivsus ja t\u00f6\u00f6kindlus m\u00f5jutavad otseselt h\u00fcdrauliliste masinate \u00fcldist j\u00f5udlust, muutes selle oluliseks komponendiks p\u00f5llul efektiivsuse ja tootlikkuse tagamiseks.<\/p>\n<h2>Poomi silindri omadused<\/h2>\n<ul>\n<li><strong>Suur tugevus ja vastupidavus:<\/strong> Need silindrid on valmistatud \u00fclitugevast terasest v\u00f5i alumiiniumist ning on loodud taluma k\u00f5rget r\u00f5hku ja suuri koormusi, mist\u00f5ttu sobivad need ka karmidesse t\u00f6\u00f6keskkondadesse.<\/li>\n<li><strong>T\u00f5hus h\u00fcdrauliline t\u00f6\u00f6:<\/strong> H\u00fcdraulilise \u00f5li r\u00f5hu abil v\u00f5imaldab poomi silinder sujuvaid ja tundlikke liigutusi, pakkudes m\u00e4rkimisv\u00e4\u00e4rset t\u00f5uke- ja t\u00f5mbej\u00f5udu, mis sobib ideaalselt raskete materjalide ja keerukate \u00fclesannete k\u00e4sitsemiseks.<\/li>\n<li><strong>Erinevad t\u00fc\u00fcbid:<\/strong> Saadaval \u00fchetoimelise (\u00fches suunas t\u00f6\u00f6tav) v\u00f5i kahetoimelise (m\u00f5lemas suunas t\u00f6\u00f6tav) konfiguratsioonina, mis v\u00f5imaldab kohandamist vastavalt t\u00f6\u00f6vajadustele.<\/li>\n<li><strong>Ruumis\u00e4\u00e4stlikud kujundused:<\/strong> M\u00f5nedel mudelitel on teleskoopkonstruktsioonid, mis v\u00f5imaldavad suuremat pikendamist ilma v\u00e4lism\u00f5\u00f5tmeid suurendamata, mis sobib ideaalselt piiratud ruumiga rakenduste jaoks.<\/li>\n<li><strong>Pikendatud pikaealisus:<\/strong> Projekteerimisel on arvestatud kulumiskindluse ja korrosioonikaitsega, pikendades poomi silindri eluiga isegi keerulistes tingimustes.<\/li>\n<\/ul>\n<p>Meie ettev\u00f5te on spetsialiseerunud nende oluliste h\u00fcdrauliliste komponentide tootmisele, pakkudes tooteid, mis asendavad ideaalselt olemasolevaid h\u00fcdraulilisi silindreid.<\/p>\n<p><img decoding=\"async\" src=\"https:\/\/www.hydraulic-cylinders.net\/wp-content\/uploads\/2025\/04\/songte-cylinder-head-with-all-kinds-excavator-models.webp\" alt=\"H\u00fcdrauliliste silindrite mudelid\" \/><\/p>\n<h2>Poomi silindri rakendused<\/h2>\n<h3>Ehitustehnika<\/h3>\n<p>Ehitusmasinates, n\u00e4iteks ekskavaatorites, on noolesilindrid olulised kaevamiseks, laadimiseks ja mulla v\u00f5i prahi teisaldamiseks. Nende v\u00f5ime koormaid t\u00e4pselt t\u00f5sta ja paigutada v\u00f5imaldab ehitusplatsidel t\u00f5husat t\u00f6\u00f6d, tagades projekti \u00f5igeaegse valmimise.<\/p>\n<h3>P\u00f5llumajandustehnika<\/h3>\n<p>P\u00f5llumajandusrakendustes kasutatakse noolesilindritega esilaadureid mulla, heina ja muude materjalide kopeerimiseks, t\u00f5stmiseks ja transportimiseks. See funktsioon on p\u00f5llumajandustegevuse tootlikkuse s\u00e4ilitamiseks \u00fclioluline, v\u00f5imaldades p\u00f5llumeestel oma ressursse t\u00f5husalt hallata.<\/p>\n<h3>Ekskavaatorid<\/h3>\n<p>Ekskavaatorid kasutavad noolesilindreid, et kopp saaks t\u00f5husalt pinnasesse tungida. See kaevamisliigutus on oluline mitmesuguste t\u00f6\u00f6de, sealhulgas vundamendit\u00f6\u00f6de, kaevamise ja haljastuse jaoks, muutes selle ehitusplatsidel asendamatuks t\u00f6\u00f6riistaks.<\/p>\n<h3>Laadurid<\/h3>\n<p>Esilaadurites h\u00f5lbustavad noolesilindrid koormate t\u00f5husat t\u00f5stmist ja t\u00fchjendamist. Nende konstruktsioon v\u00f5imaldab optimaalset kaalujaotust ja kontrolli, tagades, et operaatorid saavad suuri materjalimahte ohutult ja t\u00f5husalt teisaldada.<\/p>\n<h2>Projekteerimiskaalutlused ja valikukriteeriumid<\/h2>\n<h3>Kandev\u00f5ime<\/h3>\n<p>Poomi silindri kandev\u00f5ime on oluline projekteerimiskaalutlus. See peab olema piisav, et taluda maksimaalseid eeldatavaid koormusi t\u00f6\u00f6tamise ajal. Selle kandev\u00f5ime \u00fcle- v\u00f5i alahindamine v\u00f5ib p\u00f5hjustada rikkeid v\u00f5i ebaefektiivsust.<\/p>\n<h3>Tihendus<\/h3>\n<p>T\u00f5hus tihendus on silindri h\u00fcdraulilise r\u00f5hu s\u00e4ilitamiseks \u00fclioluline. Kvaliteetsed tihendid hoiavad \u00e4ra lekked, tagades t\u00f5husa t\u00f6\u00f6. Tihendusmaterjalide, n\u00e4iteks pol\u00fcuretaani v\u00f5i nitriilkummi valik m\u00f5jutab oluliselt silindri \u00fcldist j\u00f5udlust ja pikaealisust.<\/p>\n<h3>Vastupidavus<\/h3>\n<p>Vastupidavus on noolesilindrite projekteerimisel v\u00f5tmetegur. Need peavad vastu pidama karmidele keskkonnatingimustele ja pidevale t\u00f6\u00f6le. Kvaliteetsete materjalide ja kaitsekatete kasutamine v\u00f5ib suurendada nende kulumis- ja korrosioonikindlust.<\/p>\n<h3>Ohutus<\/h3>\n<p>H\u00fcdrauliliste silindrite ohutusfunktsioonid on t\u00f6\u00f6 ajal \u00f5nnetuste v\u00e4ltimiseks h\u00e4davajalikud. Integreeritud kaitseklapid ja r\u00f5hu alandamise mehhanismid aitavad riske maandada, kaitstes nii operaatoreid kui ka seadmeid v\u00f5imalike ohtude eest.<\/p>\n<h3>Hooldatavus<\/h3>\n<p>Hooldatavust silmas pidades projekteerimine tagab, et noole silindreid saab h\u00f5lpsalt ja t\u00f5husalt hooldada. See h\u00f5lmab komponentide ligip\u00e4\u00e4setavuse arvestamist kontrollimiseks ja remondiks, mis l\u00f5ppkokkuv\u00f5ttes aitab kaasa pikemale kasutuseale ja madalamatele tegevuskuludele.<\/p>\n<p><img decoding=\"async\" src=\"https:\/\/www.hydraulic-cylinders.net\/wp-content\/uploads\/2025\/04\/songte-oil-pipes-and-spare-parts.webp\" alt=\"H\u00fcdraulilised osad\" \/><\/p>\n<h2>Silindri tihendamine ja m\u00e4\u00e4rimine<\/h2>\n<p>Erinevate tihenduselementide, n\u00e4iteks kolvi- ja varrastihendite kasutamine on h\u00fcdrauliliste silindrite t\u00f5husa t\u00f6\u00f6 tagamiseks \u00fclioluline. Vastupidavatest materjalidest, nagu pol\u00fcuretaan ja nitriilkummi, valmistatud tihendid suurendavad kulumiskindlust. Silindri korpus ja keermestatud otsad l\u00e4bivad hoolika pinnat\u00f6\u00f6tluse, et parandada nende kulumiskindlust. Optimaalse t\u00f6\u00f6 s\u00e4ilitamiseks ja enneaegse kulumise v\u00e4ltimiseks on vajalik regulaarne m\u00e4\u00e4rimine h\u00fcdraulika\u00f5liga.<\/p>\n<h2>Regulaarne hooldus ja ennetavad meetmed<\/h2>\n<ul>\n<li><strong>Rutiinsed kontrollid:<\/strong> Kontrollige regulaarselt h\u00fcdros\u00fcsteemi lekete ja j\u00f5udlusprobleemide suhtes. Probleemide varajane avastamine aitab v\u00e4ltida kulukaid remondit\u00f6id.<\/li>\n<li><strong>\u00d5ige m\u00e4\u00e4rimine:<\/strong> Veenduge, et silinder oleks piisavalt m\u00e4\u00e4ritud, et minimeerida h\u00f5\u00f5rdumist ja kulumist. Seda tuleks teha vastavalt tootja soovitustele.<\/li>\n<li><strong>Tihendi vahetamine:<\/strong> J\u00e4lgige tihendite seisukorda ja vahetage need vastavalt vajadusele, et v\u00e4ltida lekkeid ja s\u00e4ilitada h\u00fcdrauliline r\u00f5hk.<\/li>\n<\/ul>\n<h2>Paigaldusjuhised<\/h2>\n<p>Poomi silindri \u00f5ige paigaldamine on optimaalse j\u00f5udluse saavutamiseks kriitilise t\u00e4htsusega. Alustage kinnitusklambrite ja lisaseadmete \u00f5ige joondamise veendumusest. Silindri kinnitamiseks kasutage sobivaid t\u00f6\u00f6riistu, v\u00e4ltides igasugust joondusviga, mis v\u00f5ib p\u00f5hjustada t\u00f6\u00f6probleeme. T\u00e4psete paigaldusm\u00f5\u00f5tude saamiseks on soovitatav tutvuda tootja spetsifikatsioonidega. P\u00e4rast paigaldamist tehke p\u00f5hjalik kontroll, et veenduda k\u00f5igi \u00fchenduste kinnituses ja lekkevabas olekus. L\u00f5puks tehke enne t\u00e4ielikku kasutuselev\u00f5ttu katsek\u00e4ivitus, et veenduda funktsionaalsuses.<\/p>\n<h2>Levinumad hooldust\u00f6\u00f6d<\/h2>\n<h3>Regulaarsed kontrollid<\/h3>\n<p>Rutiinsed kontrollid on olulised v\u00f5imalike probleemide tuvastamiseks enne nende s\u00fcvenemist. Kontrollige k\u00f5iki \u00fchendusi ja silindrit kulumis- v\u00f5i kahjustuste suhtes. V\u00e4iksemate probleemide varajane lahendamine aitab v\u00e4ltida olulisi rikkeid.<\/p>\n<h3>\u00d5ige m\u00e4\u00e4rimine<\/h3>\n<p>\u00d5ige t\u00fc\u00fcpi ja koguse h\u00fcdraulika\u00f5li kasutamine on silindri pikaealisuse tagamiseks \u00fclioluline. Ebapiisav m\u00e4\u00e4rimine v\u00f5ib suurendada h\u00f5\u00f5rdumist ja kulumist, samas kui \u00fclem\u00e4\u00e4rane m\u00e4\u00e4rimine v\u00f5ib p\u00f5hjustada h\u00fcdraulilise r\u00f5hu probleeme. J\u00e4rgige alati tootja juhiseid.<\/p>\n<h3>Tihendi vahetamine ja kalibreerimise kontrollimine<\/h3>\n<p>Tihendite regulaarne vahetamine tagab h\u00fcdros\u00fcsteemi r\u00f5hu ja efektiivsuse s\u00e4ilimise. Kalibreerimiskontrollid aitavad tagada silindri t\u00f6\u00f6tamise etten\u00e4htud parameetrite piires, ennetades ootamatuid rikkeid t\u00f6\u00f6 ajal.<\/p>\n<p><img decoding=\"async\" src=\"https:\/\/www.hydraulic-cylinders.net\/wp-content\/uploads\/2025\/04\/songte-chushion-collar.webp\" alt=\"Padjakaelus\" \/><\/p>\n<h2>Ohutuskaalutlused ja keskkonnategurid<\/h2>\n<p>H\u00fcdrauliliste silindritega t\u00f6\u00f6tamisel on ohutusmeetmete eelistamine oluline \u00f5nnetuste v\u00e4ltimiseks ja operaatori ohutuse tagamiseks. N\u00f5uetekohase v\u00e4lja\u00f5ppe rakendamine ja ohutusprotokollide j\u00e4rgimine aitavad leevendada h\u00fcdrauliliste seadmetega seotud riske.<\/p>\n<h2>Rikete diagnoosimine ja levinud probleemid<\/h2>\n<ul>\n<li><strong>Leke:<\/strong> Sageli on p\u00f5hjuseks kulunud tihendid, mis v\u00e4hendavad silindri efektiivsust. Regulaarne kontroll aitab seda probleemi kiiresti tuvastada ja parandada.<\/li>\n<li><strong>Ebaj\u00e4rjekindel liikumine:<\/strong> See v\u00f5ib viidata sisemistele kahjustustele v\u00f5i h\u00fcdraulikavedeliku saastumisele. Regulaarne hooldus ja s\u00fcsteemi kontrollimine aitavad selliseid probleeme v\u00e4ltida.<\/li>\n<li><strong>R\u00f5hu k\u00f5ikumised:<\/strong> V\u00f5ib viidata h\u00fcdraulikas\u00fcsteemi probleemidele, n\u00e4iteks ummistustele v\u00f5i rikkis komponentidele. Nende probleemide lahendamiseks on vaja p\u00f5hjalikku diagnostikat.<\/li>\n<\/ul>\n<h2>Veaotsingu n\u00e4pun\u00e4ited<\/h2>\n<p>Rikete t\u00f5husaks diagnoosimiseks ja lahendamiseks tehke h\u00fcdraulikas\u00fcsteemi s\u00fcstemaatilisi kontrolle. Tuvastage lekkeid, kontrollige vedeliku taset ja hinnake tihendite terviklikkust. Rakendage regulaarseid hooldusgraafikuid, et minimeerida v\u00f5imalikke probleeme ja tagada seadmete t\u00f5hus t\u00f6\u00f6.<\/p>\n<p><img decoding=\"async\" src=\"https:\/\/www.hydraulic-cylinders.net\/wp-content\/uploads\/2025\/04\/songte-bushings-with-all-kinds-of-excavator-models.webp\" alt=\"Ekskavaatori puksid\" \/><\/p>\n<h2>Ettev\u00f5tte \u00fclevaade<\/h2>\n<p>Oleme juhtiv asendush\u00fcdrauliliste silindrite tootja, pakkudes laia tootevalikut, mis on meid positsioneerinud nii sise- kui ka rahvusvahelistel turgudel v\u00f5tmeisikuks. Meie p\u00fchendumust kvaliteedile tugevdavad t\u00e4iustatud tootmistavad ja ranged kvaliteedikontrolli meetmed. T\u00e4iustame pidevalt oma tootmisplatvormi oskusliku personali, tipptasemel digitaalsete tootmisseadmete ja spetsiaalsete testimiss\u00fcsteemide integreerimise kaudu, tagades klientide mitmekesiste vajaduste t\u00f5husa rahuldamise.<\/p>\n<h3>Ekspertiis ja sertifitseerimine<\/h3>\n<p>Meie tooted on sertifitseeritud vastavalt rahvusvahelistele standarditele, mis tagab nende t\u00f6\u00f6kindluse ja ohutuse. Pakume ka kohandatud lahendusi, mis vastavad konkreetsetele n\u00f5uetele, tagades, et meie kliendid saavad oma vajadustele parimad v\u00f5imalikud tooted.<\/p>\n<h3>Tootmisseadmed<\/h3>\n<p>Tipptasemel tootmisseadmetega tagame iga loodud toote k\u00f5rge efektiivsuse, t\u00e4psuse ja kvaliteedi. See t\u00e4iustatud tehnoloogia v\u00f5imaldab meil s\u00e4ilitada rangeid tootmisstandardeid, kohandudes samal ajal turu n\u00f5udmistega.<\/p>\n<h3>M\u00fc\u00fcgij\u00e4rgne teenindus<\/h3>\n<p>Meie jaoks on klientide rahulolu esmat\u00e4htis ja pakume igak\u00fclgset m\u00fc\u00fcgij\u00e4rgset tuge, sealhulgas t\u00f5rkeotsingu abi ja hooldusn\u00f5ustamist. Meie p\u00fchendunud meeskond on alati valmis aitama klientidel meie toodete j\u00f5udlust ja eluiga maksimeerida.<\/p>\n<p><img decoding=\"async\" src=\"https:\/\/www.hydraulic-cylinders.net\/wp-content\/uploads\/2025\/04\/songte-company-4.webp\" alt=\"Ettev\u00f5tte tootmine\" \/><br \/>\n<img decoding=\"async\" src=\"https:\/\/www.hydraulic-cylinders.net\/wp-content\/uploads\/2025\/04\/songte-company-3.webp\" alt=\"Ettev\u00f5tte \u00fclevaade\" \/><\/p>\n<p>Autor: lyl<\/p>","protected":false},"excerpt":{"rendered":"<p>Boom Cylinder For Yanmar VI085 Product Overview The Boom Cylinder for Yanmar VI085 is a crucial component designed for heavy machinery, particularly in excavators, backhoes, and front loaders. This hydraulic cylinder is responsible for controlling the movement of the boom arm, enabling it to lift, lower, and tilt effectively. In hydraulic systems, the boom cylinder [&hellip;]<\/p>","protected":false},"featured_media":17870,"comment_status":"open","ping_status":"closed","template":"","meta":{"_et_pb_use_builder":"","_et_pb_old_content":"","_et_gb_content_width":""},"product_brand":[],"product_cat":[1546],"product_tag":[1547,1496],"class_list":{"0":"post-19562","1":"product","2":"type-product","3":"status-publish","4":"has-post-thumbnail","6":"product_cat-boom-cylinders","7":"product_tag-boom-cylinders","8":"product_tag-hydraulic-cylinders","10":"first","11":"instock","12":"shipping-taxable","13":"product-type-simple"},"amp_enabled":true,"_links":{"self":[{"href":"https:\/\/www.hydraulic-cylinders.net\/et\/wp-json\/wp\/v2\/product\/19562","targetHints":{"allow":["GET"]}}],"collection":[{"href":"https:\/\/www.hydraulic-cylinders.net\/et\/wp-json\/wp\/v2\/product"}],"about":[{"href":"https:\/\/www.hydraulic-cylinders.net\/et\/wp-json\/wp\/v2\/types\/product"}],"replies":[{"embeddable":true,"href":"https:\/\/www.hydraulic-cylinders.net\/et\/wp-json\/wp\/v2\/comments?post=19562"}],"wp:featuredmedia":[{"embeddable":true,"href":"https:\/\/www.hydraulic-cylinders.net\/et\/wp-json\/wp\/v2\/media\/17870"}],"wp:attachment":[{"href":"https:\/\/www.hydraulic-cylinders.net\/et\/wp-json\/wp\/v2\/media?parent=19562"}],"wp:term":[{"taxonomy":"product_brand","embeddable":true,"href":"https:\/\/www.hydraulic-cylinders.net\/et\/wp-json\/wp\/v2\/product_brand?post=19562"},{"taxonomy":"product_cat","embeddable":true,"href":"https:\/\/www.hydraulic-cylinders.net\/et\/wp-json\/wp\/v2\/product_cat?post=19562"},{"taxonomy":"product_tag","embeddable":true,"href":"https:\/\/www.hydraulic-cylinders.net\/et\/wp-json\/wp\/v2\/product_tag?post=19562"}],"curies":[{"name":"wp","href":"https:\/\/api.w.org\/{rel}","templated":true}]}}