{"id":19571,"date":"2025-04-07T06:55:09","date_gmt":"2025-04-07T06:55:09","guid":{"rendered":"https:\/\/www.hydraulic-cylinders.net\/product\/boom-cylinder-for-john-deere-e230lc\/"},"modified":"2025-04-07T06:55:12","modified_gmt":"2025-04-07T06:55:12","slug":"boom-cylinder-for-john-deere-e230lc","status":"publish","type":"product","link":"https:\/\/www.hydraulic-cylinders.net\/et\/toode\/boom-cylinder-for-john-deere-e230lc\/","title":{"rendered":"John Deere E230LC poomi silinder"},"content":{"rendered":"<h1>John Deere E230LC poomi silinder<\/h1>\n<h2>Toote \u00fclevaade<\/h2>\n<p>John Deere E230LC noole silinder on oluline h\u00fcdrauliline komponent, mis on loodud rasketehnika noole liikumise juhtimiseks. Need silindrid on spetsiaalselt loodud ekskavaatorite, laadurite ja tagalaadurite jaoks, v\u00f5imaldades noolel t\u00f5sta, langetada ja kallutada, h\u00f5lbustades t\u00f5husaid materjalik\u00e4itlust\u00f6id. H\u00fcdraulikas\u00fcsteemide liikumapaneva j\u00f5una toimides muudavad kopasilindrid h\u00fcdraulilise r\u00f5hu mehaaniliseks liikumiseks, v\u00f5imaldades t\u00e4pset juhtimist ja toimimist erinevates rakendustes.<\/p>\n<p><img decoding=\"async\" src=\"https:\/\/www.hydraulic-cylinders.net\/wp-content\/uploads\/2025\/04\/songte-company-1.webp\" alt=\"Poomi silinder\"><\/p>\n<h3>Kopasilindrite m\u00f5istmine<\/h3>\n<p>Kopasilindrid on h\u00fcdraulilised silindrid, millel on oluline roll rasketehnika tegevuse juhtimisel. Need on olulised selliste \u00fclesannete t\u00e4itmisel nagu kaevamine, t\u00f5stmine ja materjalide transportimine. Nende silindrite t\u00f6\u00f6 p\u00f5hineb h\u00fcdraulika p\u00f5him\u00f5tetel, kus vedeliku r\u00f5hku kasutatakse sujuva ja t\u00f5husa liikumise tagamiseks. Nende konstruktsioonikaalutluste hulka kuuluvad tugevus, vastupidavus ja pikaajaline j\u00f5udlus karmides keskkondades.<\/p>\n<h2>Poomi silindri p\u00f5hijooned<\/h2>\n<ul>\n<li><strong>Suur tugevus ja vastupidavus:<\/strong> Need silindrid on valmistatud \u00fclitugevast terasest v\u00f5i alumiiniumist ning taluvad k\u00f5rget r\u00f5hku ja suuri koormusi, mist\u00f5ttu sobivad need ka karmideks t\u00f6\u00f6tingimusteks.<\/li>\n<li><strong>T\u00f5hus h\u00fcdrauliline t\u00f6\u00f6:<\/strong> H\u00fcdraulilise \u00f5li r\u00f5hu abil v\u00f5imaldab poomi silinder sujuvat pikendamist ja tagasit\u00f5mbamist, pakkudes tugevat t\u00f5uke- ja t\u00f5mbev\u00f5imet raskete t\u00f5stet\u00f6\u00f6de jaoks.<\/li>\n<li><strong>Erinevad t\u00fc\u00fcbid:<\/strong> Saadaval \u00fchetoimelise (\u00fches suunas t\u00f6\u00f6tav) v\u00f5i kahetoimelise (m\u00f5lemas suunas t\u00f6\u00f6tav) konfiguratsioonina, et rahuldada erinevaid t\u00f6\u00f6vajadusi.<\/li>\n<li><strong>Ruumis\u00e4\u00e4stlikud kujundused:<\/strong> Teatud mudelitel on teleskoopkonstruktsioonid, mis v\u00f5imaldavad suuremat pikendamist ilma v\u00e4lism\u00f5\u00f5tmeid suurendamata, mis sobib ideaalselt piiratud ruumiga rakenduste jaoks.<\/li>\n<li><strong>Kohandatud tootmine:<\/strong> Oleme v\u00f5imelised tootma seda toodet olemasolevate h\u00fcdrosilindrite ideaalseks asendamiseks, pakkudes oma klientidele kohandatud lahendusi.<\/li>\n<\/ul>\n<p><img decoding=\"async\" src=\"https:\/\/www.hydraulic-cylinders.net\/wp-content\/uploads\/2025\/04\/songte-cylinder-head-with-all-kinds-excavator-models.webp\" alt=\"Kohandatud tootmine\"><\/p>\n<h2>Poomi silindri rakendused<\/h2>\n<h3>Ehitustehnika<\/h3>\n<p>Ehitusmasinates, n\u00e4iteks ekskavaatorites, on noolesilindrid lahutamatu osa pinnase v\u00f5i prahi kaevamisel, laadimisel ja teisaldamisel. Need pakuvad vajalikku j\u00f5udu pinnasesse tungimiseks, raskete koormate t\u00f5stmiseks ja noole positsioneerimiseks t\u00e4psete kaevamist\u00f6\u00f6de jaoks. See efektiivsus suurendab t\u00f6\u00f6platside tootlikkust, v\u00f5imaldades projektide kiiremat l\u00f5puleviimist ja tegevuskulude v\u00e4hendamist.<\/p>\n<h3>P\u00f5llumajandustehnika<\/h3>\n<p>Esilaadurites kasutatavad noolesilindrid on olulised mulla, heina ja muude materjalide kopeerimiseks, t\u00f5stmiseks ja transportimiseks. Nende v\u00f5ime raskeid koormaid h\u00f5lpsalt k\u00e4sitseda muudab need p\u00f5llumajandustegevuses asendamatuks, tagades \u00fclesannete kiire ja t\u00f5husa t\u00e4itmise.<\/p>\n<h3>Ekskavaatorid<\/h3>\n<p>Ekskavaatorites v\u00f5imaldab noole silinder kopal t\u00f5husalt pinnasesse tungida, h\u00f5lbustades ehitus- ja haljastusprojektides vajalikke kaevamistoiminguid. Nende v\u00f5imas t\u00f6\u00f6 tagab, et ekskavaatorid saavad hakkama raskete materjalidega, pakkudes turul konkurentsieelist.<\/p>\n<h3>Laadurid<\/h3>\n<p>Esilaadurites aitavad noolesilindrid koormaid t\u00f5husalt t\u00f5sta ja t\u00fchjendada. Need tagavad, et materjale saab t\u00fchjendamiseks vajalikule k\u00f5rgusele t\u00f5sta, mis on oluline mitmesuguste haljastus-, ehitus- ja kaevandust\u00f6\u00f6de puhul.<\/p>\n<h2>Projekteerimiskaalutlused ja valikukriteeriumid<\/h2>\n<h3>Kandev\u00f5ime<\/h3>\n<p>Poomi silindri kandev\u00f5ime on \u00fclioluline, et see suudaks t\u00f6\u00f6tamise ajal materjalide ja seadmete raskust taluda. Silindri valimiseks, mis vastab t\u00f6\u00f6n\u00f5uetele v\u00f5i \u00fcletab neid, tuleb teha n\u00f5uetekohased arvutused ja hinnangud, v\u00e4ltides seel\u00e4bi rikkeid, mis v\u00f5ivad p\u00f5hjustada \u00f5nnetusi v\u00f5i seadmete kahjustusi.<\/p>\n<h3>Tihendus<\/h3>\n<p>T\u00f5husad tihendusmehhanismid on olulised h\u00fcdraulilise vedeliku silindris hoidmiseks ja lekete v\u00e4ltimiseks. Kvaliteetsete ja vastupidavatest materjalidest tihendite valik on \u00fclioluline, et tagada pikaealisus ja j\u00f5udlus k\u00f5rge r\u00f5hu all. Optimaalse funktsionaalsuse s\u00e4ilitamiseks on vaja tihendeid regulaarselt kontrollida ja vahetada.<\/p>\n<h3>Vastupidavus<\/h3>\n<p>Vastupidavus on noolesilindrite projekteerimisel kriitilise t\u00e4htsusega tegur, kuna need puutuvad kokku \u00e4\u00e4rmuslike tingimuste ja suure koormusega. Materjalide ja ehitusmeetodite valikul tuleks esikohale seada kulumiskindlus, keskkonnam\u00f5jude ja aja jooksul tekkiva v\u00e4simuse vastupidavus. Tugevate disainistandardite rakendamine tagab, et need silindrid taluvad karme keskkondi ilma j\u00f5udlust kahjustamata.<\/p>\n<h3>Ohutus<\/h3>\n<p>Poomi silindrite konstruktsiooni tuleks integreerida ohutusfunktsioonid, et v\u00e4ltida \u00f5nnetusi t\u00f6\u00f6tamise ajal. See h\u00f5lmab kaitseklappe ja r\u00f5hualanduss\u00fcsteeme, mis leevendavad \u00fcler\u00f5hu tekkimise ohtu ja pakuvad operaatoritele seadmete kasutamise ajal meelerahu.<\/p>\n<h3>Hooldatavus<\/h3>\n<p>Lihtne hooldus on samuti oluline kaalutlus. Projekteerimine peaks v\u00f5imaldama kiiret kontrolli ja hooldust, v\u00f5imaldades \u00f5igeaegset remonti ja reguleerimist. Komponentide hooldatavus m\u00f5jutab seisakuid ja t\u00f6\u00f6 efektiivsust negatiivselt, kui seda projekteerimisetapis piisavalt ei arvestata.<\/p>\n<p><img decoding=\"async\" src=\"https:\/\/www.hydraulic-cylinders.net\/wp-content\/uploads\/2025\/04\/songte-oil-pipes-and-spare-parts.webp\" alt=\"H\u00fcdraulilised osad\"><\/p>\n<h2>Tihendus ja m\u00e4\u00e4rimine<\/h2>\n<p>Tihendid ja m\u00e4\u00e4rimine on poomi silindrite j\u00f5udluse s\u00e4ilitamiseks kriitilise t\u00e4htsusega. H\u00fcdraulikavedeliku lekke ja saastumise v\u00e4ltimiseks kasutatakse mitmesuguseid tihendeid, n\u00e4iteks kolvi- ja varrastihendeid. Selliste materjalide nagu pol\u00fcuretaan ja nitriilkummi kasutamine on tavaliselt nende kulumiskindluse ja karmidele tingimustele vastupidavuse t\u00f5ttu oluline. Silindri korpus ja keermestatud otsad l\u00e4bivad t\u00e4ppist\u00f6\u00f6tluse, et suurendada kulumiskindlust, samas kui regulaarne m\u00e4\u00e4rimine h\u00fcdraulika\u00f5liga tagab sujuva t\u00f6\u00f6 ja pikendab silindri eluiga.<\/p>\n<h2>Regulaarne hooldus ja ennetavad meetmed<\/h2>\n<ul>\n<li><strong>Regulaarsed kontrollid:<\/strong> Rutiinsete kontrollide tegemine aitab tuvastada kulumist ja v\u00f5imalikke rikkeid enne, kui need s\u00fcvenevad. Otsige lekete m\u00e4rke v\u00f5i tihendite ja komponentide ebatavalist kulumist.<\/li>\n<li><strong>\u00d5ige m\u00e4\u00e4rimine:<\/strong> M\u00e4\u00e4rige liikuvaid osi regulaarselt sobiva h\u00fcdraulika\u00f5liga, et v\u00e4hendada h\u00f5\u00f5rdumist ja kulumist. Veenduge, et kasutatav \u00f5li vastab optimaalse j\u00f5udluse tagamiseks vajalikele spetsifikatsioonidele.<\/li>\n<li><strong>Tihendi vahetamine:<\/strong> Aja jooksul tihendid lagunevad ja v\u00f5ivad p\u00f5hjustada lekkeid. Koostage tihendite kontrollimise ja vajaduse korral vahetamise ajakava, et s\u00e4ilitada h\u00fcdraulikas\u00fcsteemi terviklikkus.<\/li>\n<\/ul>\n<h2>Paigaldusjuhised<\/h2>\n<p>Poomi silindri \u00f5ige paigaldamine on selle j\u00f5udluse ja pikaealisuse tagamiseks h\u00e4davajalik. Paigaldamise ajal j\u00e4rgige j\u00e4rgmisi samme:<\/p>\n<ol>\n<li>Joondage silinder \u00f5igesti kinnituspunktidega, et v\u00e4ltida liigset pinget ja tagada sujuv t\u00f6\u00f6.<\/li>\n<li>Kasutage silindri kinnitamiseks sobivaid kinnitusklambreid ja riistvara, v\u00e4ltides igasugust liikumist, mis v\u00f5ib p\u00f5hjustada joondush\u00e4ireid.<\/li>\n<li>Lekete v\u00e4ltimiseks kontrollige k\u00f5igi h\u00fcdrauliliste \u00fchenduste tihedust.<\/li>\n<li>T\u00e4itke h\u00fcdros\u00fcsteem soovitatud vedelikuga, veendudes, et torudes ei oleks \u00f5hutaskuid.<\/li>\n<li>Enne t\u00e4iskoormusel t\u00f6\u00f6tamist testige s\u00fcsteemi v\u00e4ikese koormuse all, et veenduda k\u00f5igi korrektses toimimises.<\/li>\n<\/ol>\n<h2>Levinumad hooldust\u00f6\u00f6d<\/h2>\n<h3>Regulaarsed kontrollid<\/h3>\n<p>Rutiinsed kontrollid on olulised kulumis- v\u00f5i v\u00f5imalike rikete varajaseks tuvastamiseks. Kontrollige regulaarselt h\u00fcdraulikavoolikuid, tihendeid ja silindri korpust lekete v\u00f5i kahjustuste suhtes. Lahendage k\u00f5ik probleemid kohe, et v\u00e4ltida kulukaid remondit\u00f6id hiljem.<\/p>\n<h3>Sobiv m\u00e4\u00e4rimine<\/h3>\n<p>Regular lubrication of the boom cylinder is crucial to ensure smooth operation. Use the correct hydraulic oil and ensure that the lubrication schedule aligns with the manufacturer&#8217;s recommendations. Proper lubrication significantly enhances the lifespan of the hydraulic system.<\/p>\n<h3>Tihendi vahetamine ja kalibreerimine<\/h3>\n<p>Aja jooksul v\u00f5ivad tihendid kuluda ja vajada v\u00e4ljavahetamist, et s\u00e4ilitada h\u00fcdraulikas\u00fcsteemi terviklikkus. Rakendage tihendite kontrollimise ja vahetamise ajakava. H\u00fcdraulikas\u00fcsteemi kalibreerimine m\u00e4ngib samuti olulist rolli optimaalse j\u00f5udluse tagamisel, v\u00e4hendades rikete v\u00f5i rikete tekkimise v\u00f5imalust.<\/p>\n<p><img decoding=\"async\" src=\"https:\/\/www.hydraulic-cylinders.net\/wp-content\/uploads\/2025\/04\/songte-chushion-collar.webp\" alt=\"Padjakaelus\"><\/p>\n<h2>Ohutuskaalutlused ja keskkonnategurid<\/h2>\n<p>H\u00fcdrauliliste silindritega t\u00f6\u00f6tamisel on ohutusmeetmed \u00fcliolulised. Operaatorid peaksid olema koolitatud seadmete ohutuks kasutamiseks ja m\u00f5istma h\u00fcdrauliliste s\u00fcsteemidega seotud riske. Oluline on rakendada ohutusprotokolle, n\u00e4iteks kasutada sobivaid isikukaitsevahendeid ja tagada, et k\u00f5ik seadmed oleksid heas t\u00f6\u00f6korras. Lisaks tuleb arvestada h\u00fcdrauliliste vedelike keskkonnam\u00f5juga ja tagada, et k\u00f5ik protseduurid vastavad kohalikele eeskirjadele lekete ja j\u00e4\u00e4tmete k\u00f5rvaldamise kohta.<\/p>\n<h2>Veaotsing ja levinud probleemid<\/h2>\n<h3>Levinud probleemid<\/h3>\n<ul>\n<li><strong>Leke:<\/strong> See v\u00f5ib tuleneda kulunud tihenditest v\u00f5i l\u00f5dvadest liitmikest. Regulaarne kontroll aitab lekkeid varakult tuvastada.<\/li>\n<li><strong>Aeglane t\u00f6\u00f6:<\/strong> Kui silinder liigub aeglaselt, v\u00f5ib see viidata madalale h\u00fcdraulikavedeliku tasemele v\u00f5i \u00f5hule s\u00fcsteemis. Kontrollige vedeliku taset ja vajadusel \u00f5hutage s\u00fcsteemi.<\/li>\n<li><strong>Ebatavalised helid:<\/strong> Krigisev v\u00f5i vinguv heli v\u00f5ib viidata mehaanilisele kulumisele v\u00f5i ebapiisavale m\u00e4\u00e4rimisele. Uurige ja k\u00f5rvaldage igasugune heli kohe.<\/li>\n<\/ul>\n<h3>Veaotsingu n\u00e4pun\u00e4ited<\/h3>\n<p>Probleemide t\u00f5husaks diagnoosimiseks ja lahendamiseks peaksid operaatorid pidama s\u00fcmptomite ja v\u00f5imalike p\u00f5hjuste kontrollnimekirja. N\u00e4iteks lekke ilmnemisel kontrollige k\u00f5igepealt tihendeid ja liitmikke. Aeglase t\u00f6\u00f6 korral kontrollige h\u00fcdraulikavedeliku taset ja otsige torudest \u00f5hku. Nende probleemide kiire lahendamine aitab v\u00e4ltida t\u00f5sisemaid kahjustusi ja t\u00f6\u00f6seisakuid.<\/p>\n<p><img decoding=\"async\" src=\"https:\/\/www.hydraulic-cylinders.net\/wp-content\/uploads\/2025\/04\/songte-bushings-with-all-kinds-of-excavator-models.webp\" alt=\"Puksid\"><\/p>\n<h2>Meie ettev\u00f5ttest<\/h2>\n<p>We are a leading manufacturer of replacement hydraulic cylinders, offering a comprehensive range of products to meet the diverse needs of domestic and international markets. Our commitment to excellence is backed by a refined manufacturing strategy that incorporates high standards of quality control. Our facilities are equipped with advanced technology, enabling us to produce cylinders that meet rigorous performance criteria. We pride ourselves on our innovative capabilities and our ability to provide customized solutions tailored to our clients&#8217; specific needs.<\/p>\n<p><img decoding=\"async\" src=\"https:\/\/www.hydraulic-cylinders.net\/wp-content\/uploads\/2025\/04\/songte-company-4.webp\" alt=\"Ettev\u00f5tte \u00fclevaade\"><br \/>\n<img decoding=\"async\" src=\"https:\/\/www.hydraulic-cylinders.net\/wp-content\/uploads\/2025\/04\/songte-company-3.webp\" alt=\"Tootmis\u00fcksus\"><\/p>\n<h3>Professionaalsus ja sertifikaadid<\/h3>\n<p>Our company adheres to international standards and certifications, ensuring that our products meet the highest quality benchmarks. We focus on delivering customized services tailored to our clients&#8217; requirements, ensuring satisfaction and reliability.<\/p>\n<h3>Tootmisseadmed<\/h3>\n<p>Meie tipptasemel tootmisseadmed v\u00f5imaldavad meil toota kvaliteetseid h\u00fcdrosilindreid t\u00e4pselt ja t\u00f5husalt. Keskendudes kvaliteedile ja j\u00f5udlusele, on meie tootmisprotsessid loodud vastama turu n\u00f5udmistele, j\u00e4rgides samal ajal ohutusn\u00f5udeid.<\/p>\n<h3>M\u00fc\u00fcgij\u00e4rgne teenindus<\/h3>\n<p>Pakume igak\u00fclgset m\u00fc\u00fcgij\u00e4rgset teenindust, sh tuge paigaldamisel, hooldusel ja t\u00f5rkeotsingul. Meie p\u00fchendunud klienditeenindusmeeskond on valmis kliente abistama k\u00f5igi probleemide korral, tagades sujuva kogemuse ostust kuni kasutamiseni.<\/p>\n<p>Autor: lyl<\/p>","protected":false},"excerpt":{"rendered":"<p>Boom Cylinder For John Deere E230LC Product Overview The Boom Cylinder for John Deere E230LC is a vital hydraulic component designed to control the movement of the boom in heavy machinery. These cylinders are specifically engineered for use in excavators, backhoes, and loaders, enabling the boom to lift, lower, and tilt, facilitating efficient material handling [&hellip;]<\/p>","protected":false},"featured_media":17879,"comment_status":"open","ping_status":"closed","template":"","meta":{"_et_pb_use_builder":"","_et_pb_old_content":"","_et_gb_content_width":""},"product_brand":[],"product_cat":[1546],"product_tag":[1547,1496],"class_list":{"0":"post-19571","1":"product","2":"type-product","3":"status-publish","4":"has-post-thumbnail","6":"product_cat-boom-cylinders","7":"product_tag-boom-cylinders","8":"product_tag-hydraulic-cylinders","10":"first","11":"instock","12":"shipping-taxable","13":"product-type-simple"},"amp_enabled":true,"_links":{"self":[{"href":"https:\/\/www.hydraulic-cylinders.net\/et\/wp-json\/wp\/v2\/product\/19571","targetHints":{"allow":["GET"]}}],"collection":[{"href":"https:\/\/www.hydraulic-cylinders.net\/et\/wp-json\/wp\/v2\/product"}],"about":[{"href":"https:\/\/www.hydraulic-cylinders.net\/et\/wp-json\/wp\/v2\/types\/product"}],"replies":[{"embeddable":true,"href":"https:\/\/www.hydraulic-cylinders.net\/et\/wp-json\/wp\/v2\/comments?post=19571"}],"wp:featuredmedia":[{"embeddable":true,"href":"https:\/\/www.hydraulic-cylinders.net\/et\/wp-json\/wp\/v2\/media\/17879"}],"wp:attachment":[{"href":"https:\/\/www.hydraulic-cylinders.net\/et\/wp-json\/wp\/v2\/media?parent=19571"}],"wp:term":[{"taxonomy":"product_brand","embeddable":true,"href":"https:\/\/www.hydraulic-cylinders.net\/et\/wp-json\/wp\/v2\/product_brand?post=19571"},{"taxonomy":"product_cat","embeddable":true,"href":"https:\/\/www.hydraulic-cylinders.net\/et\/wp-json\/wp\/v2\/product_cat?post=19571"},{"taxonomy":"product_tag","embeddable":true,"href":"https:\/\/www.hydraulic-cylinders.net\/et\/wp-json\/wp\/v2\/product_tag?post=19571"}],"curies":[{"name":"wp","href":"https:\/\/api.w.org\/{rel}","templated":true}]}}