{"id":19572,"date":"2025-04-07T06:55:12","date_gmt":"2025-04-07T06:55:12","guid":{"rendered":"https:\/\/www.hydraulic-cylinders.net\/product\/boom-cylinder-for-john-deere-e300lc\/"},"modified":"2025-04-07T06:55:14","modified_gmt":"2025-04-07T06:55:14","slug":"boom-cylinder-for-john-deere-e300lc","status":"publish","type":"product","link":"https:\/\/www.hydraulic-cylinders.net\/et\/toode\/boom-cylinder-for-john-deere-e300lc\/","title":{"rendered":"John Deere E300LC poomi silinder"},"content":{"rendered":"<h1>John Deere E300LC poomi silinder<\/h1>\n<h2>Poomi silindri m\u00f5istmine<\/h2>\n<p>See <strong>Poomi silinder<\/strong> m\u00e4ngib olulist rolli rasketehnika, eriti ekskavaatorite, laadur-ekskavaatori ja esilaaduri h\u00fcdros\u00fcsteemides. See h\u00fcdrosilinder on spetsiaalselt loodud kopa liikumise juhtimiseks, v\u00f5imaldades sellel t\u00f5husalt t\u00f5sta, langetada ja kallutada. Poomi silindri t\u00f5hus t\u00f6\u00f6 on materjali k\u00e4itlemise \u00fclesannete puhul \u00fclioluline, tagades seadmete optimaalse toimimise n\u00f5udlikes keskkondades.<\/p>\n<p><img decoding=\"async\" src=\"https:\/\/www.hydraulic-cylinders.net\/wp-content\/uploads\/2025\/04\/songte-company-1.webp\" alt=\"Poomi silindri pilt\"><\/p>\n<h3>Definitsioon ja \u00fclevaade<\/h3>\n<p>H\u00fcdrauliline silinder, n\u00e4iteks noole silinder, on ajam, mis muundab h\u00fcdraulilise energia mehaaniliseks j\u00f5uks. Need silindrid on ehitatud taluma k\u00f5rget r\u00f5hku ja raskeid koormusi, mist\u00f5ttu sobivad need ehitus- ja p\u00f5llumajandustehnika jaoks. Noole silinder v\u00f5imaldab operaatoritel kopa asendit t\u00e4pselt hallata, h\u00f5lbustades selliseid \u00fclesandeid nagu kaevamine, t\u00f5stmine ja kallutamine. Selle disaini eesm\u00e4rk on pakkuda vastupidavust ja t\u00f6\u00f6kindlust erinevates t\u00f6\u00f6tingimustes, tagades, et see talub aja jooksul kulumist.<\/p>\n<h2>Poomi silindri omadused<\/h2>\n<ul>\n<li><strong>Suur tugevus ja vastupidavus:<\/strong> Tavaliselt \u00fclitugevast terasest v\u00f5i alumiiniumist valmistatud poomi silinder talub suurt r\u00f5hku ja suuri koormusi, mist\u00f5ttu sobib see karmideks t\u00f6\u00f6keskkondadeks.<\/li>\n<li><strong>T\u00f5hus h\u00fcdrauliline t\u00f6\u00f6:<\/strong> H\u00fcdraulika\u00f5li r\u00f5hku kasutades saavutab see sujuva pikenemise ja tagasit\u00f5mbumise, pakkudes kiiret reageerimist operaatori k\u00e4skudele ja tugevat t\u00f5uke- ja t\u00f5mbej\u00f5udu.<\/li>\n<li><strong>Erinevad t\u00fc\u00fcbid:<\/strong> Saadaval \u00fchetoimelise (\u00fches suunas t\u00f6\u00f6tav) v\u00f5i kahetoimelise (kahes suunas t\u00f6\u00f6tav) konfiguratsioonina, et rahuldada erinevaid t\u00f6\u00f6vajadusi.<\/li>\n<li><strong>Ruumis\u00e4\u00e4stlikud kujundused:<\/strong> M\u00f5ned mudelid on teleskoopilised, mis v\u00f5imaldab suuremat pikendamist ilma v\u00e4lism\u00f5\u00f5tmeid suurendamata, mist\u00f5ttu sobivad need ideaalselt ruumikitsastesse rakendustesse.<\/li>\n<li><strong>Korrosioonikindlus:<\/strong> Valmistatud korrosioonikindlatest materjalidest, tagades t\u00f6\u00f6kindluse ja pikaealisuse erinevates keskkonnatingimustes.<\/li>\n<\/ul>\n<h3>Toote tootmine<\/h3>\n<p>Oleme spetsialiseerunud noolesilindrite tootmisele, mis asendavad ideaalselt olemasolevaid h\u00fcdraulilisi silindreid. Meie tooted on konstrueeritud t\u00e4iustatud tehnoloogiat ja kvaliteetseid materjale kasutades, et tagada j\u00f5udlus ja pikaealisus.<\/p>\n<p><img decoding=\"async\" src=\"https:\/\/www.hydraulic-cylinders.net\/wp-content\/uploads\/2025\/04\/songte-cylinder-head-with-all-kinds-excavator-models.webp\" alt=\"Silindripea pilt\"><\/p>\n<h2>Poomi silindri rakendused<\/h2>\n<h3>Ehitustehnika<\/h3>\n<p>Ekskavaatorites on noolesilindrid \u00fcliolulised kaevamiseks, laadimiseks ja pinnase v\u00f5i prahi teisaldamiseks. Need v\u00f5imaldavad kopa liikumist t\u00e4pselt juhtida, mis on ehitusplatsidel t\u00f5husa materjalik\u00e4itluse jaoks h\u00e4davajalik. Kiire pikendamise ja kokkut\u00f5mbamise v\u00f5imalus aitab \u00fclesandeid t\u00f5husalt t\u00e4ita, suurendades tootlikkust ja v\u00e4hendades seisakuid.<\/p>\n<h3>P\u00f5llumajandustehnika<\/h3>\n<p>Esilaadurites m\u00e4ngivad noolesilindrid olulist rolli mulla, heina ja muude materjalide kopeerimisel, t\u00f5stmisel ja transportimisel. Nende h\u00fcdrauliline funktsioon v\u00f5imaldab sujuvat t\u00f6\u00f6d, v\u00f5imaldades p\u00f5llumeestel oma koormaid t\u00f5husalt hallata. See v\u00f5imekus on oluline mitmesuguste p\u00f5llumajandust\u00f6\u00f6de jaoks, parandades t\u00f6\u00f6voogu ja tootlikkust p\u00f5llumajandustegevuses.<\/p>\n<h3>Ekskavaatori t\u00f6\u00f6<\/h3>\n<p>Ekskavaatorites v\u00f5imaldab noole silinder kopal kaevamist\u00f6\u00f6deks t\u00f5husalt pinnasesse tungida. See omadus on h\u00e4davajalik s\u00fcgavat kaevamist n\u00f5udvate t\u00f6\u00f6de puhul, kuna see v\u00f5imaldab operaatoril rakendada vajalikku j\u00f5udu erinevat t\u00fc\u00fcpi pinnase l\u00e4bisurumiseks. Noole silindri pakutav t\u00e4pne juhtimine tagab kaevamist\u00f6\u00f6de t\u00e4psuse, mis on ehitus- ja haljastusprojektide puhul h\u00e4davajalik.<\/p>\n<h3>Laadija funktsionaalsus<\/h3>\n<p>Esilaadurites aitab noole silinder koormaid t\u00f5husalt t\u00f5sta ja t\u00fchjendada. See funktsioon on kriitilise t\u00e4htsusega t\u00f6\u00f6del, mis n\u00f5uavad raskete materjalide, n\u00e4iteks kruusa v\u00f5i prahi teisaldamist. H\u00fcdraulikas\u00fcsteemi tugevus v\u00f5imaldab laaduril k\u00e4sitseda m\u00e4rkimisv\u00e4\u00e4rseid raskusi, s\u00e4ilitades samal ajal stabiilsuse ja kontrolli, h\u00f5lbustades t\u00f5husaid laadimis- ja mahalaadimisprotsesse.<\/p>\n<h2>Projekteerimiskaalutlused ja valikukriteeriumid<\/h2>\n<h3>Kandev\u00f5ime<\/h3>\n<p>Noole silindri valimisel on oluline arvestada selle kandev\u00f5imega. Silinder peab suutma taluda t\u00f6\u00f6 k\u00e4igus esinevaid maksimaalseid koormusi. Selleks tuleb arvutada materjalide kaalu ja kasutamise ajal avaldatavaid j\u00f5ude. Alahinnatud silinder v\u00f5ib p\u00f5hjustada rikkeid, tekitades ohutusriske ja lisakulusid remondiks v\u00f5i asendamiseks.<\/p>\n<h3>Tihendus ja vastupidavus<\/h3>\n<p>Tihendid m\u00e4ngivad h\u00fcdrauliliste silindrite funktsionaalsuses olulist rolli. Tihendusmaterjalide, n\u00e4iteks pol\u00fcuretaani ja nitriilkummi valik m\u00f5jutab otseselt silindri vastupidavust ja j\u00f5udlust. T\u00f5hus tihendus hoiab \u00e4ra h\u00fcdraulilise vedeliku lekke, s\u00e4ilitades s\u00fcsteemi r\u00f5hu ja tagades usaldusv\u00e4\u00e4rse t\u00f6\u00f6. Silindri eluea pikendamiseks ja t\u00f6\u00f6 efektiivsuse s\u00e4ilitamiseks on vaja regulaarset hooldust ja tihendite \u00f5igeaegset vahetamist.<\/p>\n<h3>Turvaelemendid<\/h3>\n<p>H\u00fcdrauliliste silindrite projekteerimisel on ohutus esmat\u00e4htis. Sellised omadused nagu r\u00f5hukaitseventiilid ja turvalukud aitavad v\u00e4ltida liigset r\u00f5hku ja silindri juhuslikku liikumist. Oluline on tagada, et need ohutusfunktsioonid toimiksid \u00f5igesti, et minimeerida riske operaatoritele ja seadmetele. Ohutusmeetmete lisamine konstruktsiooni suurendab t\u00f6\u00f6kindlust ja kaitseb t\u00f6\u00f6tajaid t\u00f6\u00f6kohal.<\/p>\n<h2>Tihendus ja m\u00e4\u00e4rimine<\/h2>\n<p>T\u00f5hus tihendamine ja m\u00e4\u00e4rimine on poomi silindrite pikaealisuse jaoks kriitilise t\u00e4htsusega. Erinevate tihendite, sealhulgas kolvi- ja vardatihendite kasutamine tagab h\u00fcdraulikavedeliku p\u00fcsimise silindris. Kulumiskindluse tagamiseks on soovitatav kasutada vastupidavatest materjalidest, n\u00e4iteks pol\u00fcuretaanist ja nitriilkummist, valmistatud tihendeid. Lisaks tuleks silindri korpust ja keermestatud otsi kulumiskindluse suurendamiseks t\u00e4ppist\u00f6\u00f6tlusega t\u00f6\u00f6delda. H\u00f5\u00f5rdumise ja kulumise minimeerimiseks ning sujuva t\u00f6\u00f6 tagamiseks on vajalik regulaarne h\u00fcdraulika\u00f5liga m\u00e4\u00e4rimine.<\/p>\n<h2>Ennetavad hooldusmeetmed<\/h2>\n<ul>\n<li><strong>Regulaarsed kontrollid:<\/strong> Tehke h\u00fcdraulilise silindri kulumise v\u00f5i kahjustuste tuvastamiseks sagedasi kontrolle. Otsige lekkeid, pragusid v\u00f5i rooste m\u00e4rke, mis v\u00f5ivad viidata probleemidele, mis vajavad t\u00e4helepanu.<\/li>\n<li><strong>\u00d5ige m\u00e4\u00e4rimine:<\/strong> Veenduge, et silindril on tootja juhiste kohaselt piisav m\u00e4\u00e4rimine. Kontrollige regulaarselt \u00f5litaset ja lisage \u00f5li vastavalt vajadusele, et s\u00e4ilitada optimaalne j\u00f5udlus.<\/li>\n<li><strong>Tihendi vahetamine:<\/strong> J\u00e4lgige tihendite seisukorda ja vahetage need vastavalt vajadusele. Kulunud tihendid v\u00f5ivad p\u00f5hjustada lekkeid ja v\u00e4hendada efektiivsust, m\u00f5jutades masina \u00fcldist j\u00f5udlust.<\/li>\n<\/ul>\n<h2>Paigaldusjuhised<\/h2>\n<p>Poomi silindri \u00f5ige paigaldamine on optimaalse j\u00f5udluse saavutamiseks h\u00e4davajalik. Alustage t\u00f6\u00f6keskkonna puhtuse ja prahivaba olemise tagamisega. Joondage silinder t\u00e4pselt kinnituspunktidega, et v\u00e4ltida liigset pinget t\u00f6\u00f6tamise ajal. Kasutage silindri kindlale kohale kinnitamiseks sobivaid kinnitusklambreid. Kui silinder on paigas, \u00fchendage h\u00fcdraulikavoolikud, veendudes, et lekkeid pole. P\u00e4rast paigaldamist tehke funktsionaalsustest, et veenduda silindri sujuvas ja t\u00f5husas t\u00f6\u00f6s.<\/p>\n<h2>Levinumad hooldust\u00f6\u00f6d<\/h2>\n<h3>Regulaarsed kontrollid<\/h3>\n<p>Poomi silindri regulaarne kontrollimine on ootamatute rikete v\u00e4ltimiseks \u00fclioluline. Kontrollige silindrit n\u00e4htavate kulumis- v\u00f5i kahjustuste, n\u00e4iteks pragude v\u00f5i lekete suhtes. Hooldusp\u00e4eviku pidamine aitab j\u00e4lgida silindri j\u00f5udlust aja jooksul, v\u00f5imaldades ennetavaid meetmeid v\u00f5tta enne probleemide tekkimist.<\/p>\n<h3>\u00d5ige m\u00e4\u00e4rimine<\/h3>\n<p>Poomi silindri \u00f5ige m\u00e4\u00e4rimine on sujuva t\u00f6\u00f6 tagamiseks \u00fclioluline. Kasutage kvaliteetset h\u00fcdraulika\u00f5li ja j\u00e4rgige tootja soovitusi m\u00e4\u00e4rimisintervallide ja -koguste kohta. Silindri hea m\u00e4\u00e4rimine v\u00e4hendab h\u00f5\u00f5rdumist, pikendab selle eluiga ja s\u00e4ilitab j\u00f5udluse.<\/p>\n<h3>Tihendi vahetamine ja kalibreerimine<\/h3>\n<p>Tihendite vahetamine sobivate intervallidega on oluline poomi silindri terviklikkuse s\u00e4ilitamiseks. Kulunud tihendid v\u00f5ivad p\u00f5hjustada lekkeid, mis m\u00f5jutavad j\u00f5udlust. Lisaks tagavad regulaarsed kalibreerimiskontrollid silindri korrektse toimimise, v\u00f5imaldades t\u00e4pset ja t\u00f5husat t\u00f6\u00f6d.<\/p>\n<p><img decoding=\"async\" src=\"https:\/\/www.hydraulic-cylinders.net\/wp-content\/uploads\/2025\/04\/songte-chushion-collar.webp\" alt=\"Padjakrae pilt\"><\/p>\n<h2>Ohutuskaalutlused ja keskkonnategurid<\/h2>\n<p>H\u00fcdrauliliste silindrite k\u00e4itamisel on oluline j\u00e4rgida ohutusmeetmeid personali ja seadmete kaitsmiseks. Kandke alati sobivat kaitsevarustust ja veenduge, et k\u00f5ik operaatorid on seadmete kasutamise osas koolitatud. Regulaarsed ohutusauditid aitavad tuvastada v\u00f5imalikke ohte ja leevendada riske. Lisaks arvestage h\u00fcdrauliliste vedelike keskkonnam\u00f5juga ning rakendage n\u00f5uetekohaseid k\u00f5rvaldamis- ja ringlussev\u00f5tu tavasid, et minimeerida \u00f6koloogilist kahju.<\/p>\n<h2>Veaotsing ja levinud probleemid<\/h2>\n<ul>\n<li><strong>Leke:<\/strong> Kui poomi silindrist lekib h\u00fcdraulikavedelikku, kontrollige kahjustatud tihendeid v\u00f5i lahtisi liitmikke. Vajadusel vahetage tihendid v\u00e4lja ja veenduge, et k\u00f5ik \u00fchendused on tihedad.<\/li>\n<li><strong>V\u00e4hendatud j\u00f5udlus:<\/strong> Kui silinder ei t\u00f6\u00f6ta ootusp\u00e4raselt, kontrollige h\u00fcdraulikavoolikute ummistusi v\u00f5i madalat vedelikutaset. Parandage need probleemid funktsionaalsuse taastamiseks.<\/li>\n<li><strong>M\u00fcrane t\u00f6\u00f6:<\/strong> Ebatavaline m\u00fcra t\u00f6\u00f6tamise ajal v\u00f5ib viidata ebapiisavale m\u00e4\u00e4rimisele v\u00f5i mehaanilisele kulumisele. Hinnake m\u00e4\u00e4rimistaset ja kontrollige silindrit kahjustuste v\u00f5i kulumise suhtes.<\/li>\n<\/ul>\n<h3>Veaotsingu n\u00e4pun\u00e4ited<\/h3>\n<p>Poomi silindri probleemide t\u00f5husaks t\u00f5rkeotsinguks pidage s\u00fcmptomite ja varasema hoolduse kohta \u00fcksikasjalikku logi. See dokumentatsioon aitab probleeme diagnoosida. T\u00e4psemate t\u00f5rkeotsingu toimingute kohta lugege alati tootja juhiseid ja vajadusel p\u00f6\u00f6rduge keerukate probleemide korral professionaalse abi poole.<\/p>\n<p><img decoding=\"async\" src=\"https:\/\/www.hydraulic-cylinders.net\/wp-content\/uploads\/2025\/04\/songte-bushings-with-all-kinds-of-excavator-models.webp\" alt=\"Pukside pilt\"><\/p>\n<h2>Ettev\u00f5tte \u00fclevaade<\/h2>\n<p>Oleme juhtiv asendush\u00fcdrauliliste silindrite tootja, pakkudes laia tootevalikut nii sise- kui ka rahvusvahelisele turule. Meie p\u00fchendumust tipptasemele toetab t\u00e4iustatud tootmisstrateegia, mis r\u00f5hutab kvaliteetset tootmisjuhtimist. T\u00e4iustame pidevalt oma tootmisplatvormi oskusliku personali, t\u00e4iustatud digitaalsete seadmete ja professionaalsete testimiss\u00fcsteemidega, tagades, et k\u00f5ik tooted vastavad rangetele kvaliteedistandarditele. P\u00fchendumus klientide rahulolule ajendab meid pakkuma kohandatud lahendusi, professionaalset teenindust ja tugevat m\u00fc\u00fcgij\u00e4rgset tuge.<\/p>\n<p><img decoding=\"async\" src=\"https:\/\/www.hydraulic-cylinders.net\/wp-content\/uploads\/2025\/04\/songte-company-4.webp\" alt=\"Ettev\u00f5tte pilt 1\"><br \/>\n<img decoding=\"async\" src=\"https:\/\/www.hydraulic-cylinders.net\/wp-content\/uploads\/2025\/04\/songte-company-3.webp\" alt=\"Ettev\u00f5tte pilt 2\"><\/p>\n<p>Autor: lyl<\/p>","protected":false},"excerpt":{"rendered":"<p>Boom Cylinder For John Deere E300LC Understanding the Boom Cylinder The Boom Cylinder plays a pivotal role in the hydraulic systems of heavy machinery, particularly in excavators, backhoe loaders, and front loaders. This hydraulic cylinder is specifically designed to control the movement of the bucket, enabling it to lift, lower, and tilt effectively. The boom [&hellip;]<\/p>","protected":false},"featured_media":17880,"comment_status":"open","ping_status":"closed","template":"","meta":{"_et_pb_use_builder":"","_et_pb_old_content":"","_et_gb_content_width":""},"product_brand":[],"product_cat":[1546],"product_tag":[1547,1496],"class_list":{"0":"post-19572","1":"product","2":"type-product","3":"status-publish","4":"has-post-thumbnail","6":"product_cat-boom-cylinders","7":"product_tag-boom-cylinders","8":"product_tag-hydraulic-cylinders","10":"first","11":"instock","12":"shipping-taxable","13":"product-type-simple"},"amp_enabled":true,"_links":{"self":[{"href":"https:\/\/www.hydraulic-cylinders.net\/et\/wp-json\/wp\/v2\/product\/19572","targetHints":{"allow":["GET"]}}],"collection":[{"href":"https:\/\/www.hydraulic-cylinders.net\/et\/wp-json\/wp\/v2\/product"}],"about":[{"href":"https:\/\/www.hydraulic-cylinders.net\/et\/wp-json\/wp\/v2\/types\/product"}],"replies":[{"embeddable":true,"href":"https:\/\/www.hydraulic-cylinders.net\/et\/wp-json\/wp\/v2\/comments?post=19572"}],"wp:featuredmedia":[{"embeddable":true,"href":"https:\/\/www.hydraulic-cylinders.net\/et\/wp-json\/wp\/v2\/media\/17880"}],"wp:attachment":[{"href":"https:\/\/www.hydraulic-cylinders.net\/et\/wp-json\/wp\/v2\/media?parent=19572"}],"wp:term":[{"taxonomy":"product_brand","embeddable":true,"href":"https:\/\/www.hydraulic-cylinders.net\/et\/wp-json\/wp\/v2\/product_brand?post=19572"},{"taxonomy":"product_cat","embeddable":true,"href":"https:\/\/www.hydraulic-cylinders.net\/et\/wp-json\/wp\/v2\/product_cat?post=19572"},{"taxonomy":"product_tag","embeddable":true,"href":"https:\/\/www.hydraulic-cylinders.net\/et\/wp-json\/wp\/v2\/product_tag?post=19572"}],"curies":[{"name":"wp","href":"https:\/\/api.w.org\/{rel}","templated":true}]}}