{"id":19574,"date":"2025-04-07T06:55:18","date_gmt":"2025-04-07T06:55:18","guid":{"rendered":"https:\/\/www.hydraulic-cylinders.net\/product\/boom-cylinder-for-yuchai-yc08-8\/"},"modified":"2025-04-07T06:55:20","modified_gmt":"2025-04-07T06:55:20","slug":"boom-cylinder-for-yuchai-yc08-8","status":"publish","type":"product","link":"https:\/\/www.hydraulic-cylinders.net\/et\/toode\/boom-cylinder-for-yuchai-yc08-8\/","title":{"rendered":"Yuchai YC08-8 poomi silinder"},"content":{"rendered":"<h1>Yuchai YC08-8 poomi silinder<\/h1>\n<h2>Toote \u00fclevaade<\/h2>\n<p>Yuchai YC08-8 noole silinder on rasketehnika h\u00fcdraulikas\u00fcsteemide oluline komponent. H\u00fcdraulilise silindri t\u00fc\u00fcbina on see spetsiaalselt loodud koppade liikumise juhtimiseks erinevates seadmetes, n\u00e4iteks ekskavaatorites, laadur-ekskavaatorites ja esilaadurites. Noole silindri peamine \u00fclesanne on v\u00f5imaldada kopa t\u00f5stmist, langetamist ja kallutamist, h\u00f5lbustades t\u00f5husaid materjalik\u00e4itlust\u00f6id.<\/p>\n<p>Noolesilindri t\u00f6\u00f6 on kriitilise t\u00e4htsusega ehitus- ja p\u00f5llumajandusmasinate puhul, kus on vaja t\u00e4pset juhtimist ja v\u00f5imast j\u00f5udlust. See v\u00f5imaldab sujuvaid liikumisi ja annab vajaliku j\u00f5u raskete koormate t\u00f5husaks k\u00e4sitsemiseks. H\u00fcdraulikas\u00fcsteem kasutab vedeliku r\u00f5hku, mis v\u00f5imaldab noolesilindril sujuvalt v\u00e4lja ja sisse liikuda. See funktsioon on \u00fclioluline mitmesuguste toimingute, sealhulgas kaevamise, t\u00f5stmise ja materjalide transportimise jaoks.<\/p>\n<p><img decoding=\"async\" src=\"https:\/\/www.hydraulic-cylinders.net\/wp-content\/uploads\/2025\/04\/songte-company-1.webp\" alt=\"Poomi silinder\"><\/p>\n<h2>Peamised omadused<\/h2>\n<ul>\n<li>\n<h3>Suur tugevus ja vastupidavus<\/h3>\n<p>K\u00f5rgtugevast terasest v\u00f5i alumiiniumist valmistatud poomi silinder on loodud taluma k\u00f5rget r\u00f5hku ja suuri koormusi. Selle konstruktsioonis on arvestatud kulumiskindluse ja korrosioonikaitsega, tagades pika kasutusea isegi karmides t\u00f6\u00f6keskkondades.<\/p>\n<\/li>\n<li>\n<h3>T\u00f5hus h\u00fcdrauliline t\u00f6\u00f6<\/h3>\n<p>Poomi silinder kasutab sujuva pikendus- ja tagasit\u00f5mbamise saavutamiseks h\u00fcdraulika\u00f5li r\u00f5hku. See reageerib operaatori k\u00e4sklustele kiiresti, pakkudes tugevaid t\u00f5uke- ja t\u00f5mbej\u00f5ude, mis sobivad raskete esemete ja keerukate \u00fclesannete k\u00e4sitsemiseks.<\/p>\n<\/li>\n<li>\n<h3>T\u00fc\u00fcpide mitmekesisus<\/h3>\n<p>S\u00f5ltuvalt rakenduse vajadustest saab poomi silindri valida kas \u00fchetoimelise (\u00fches suunas t\u00f6\u00f6tava) v\u00f5i kahetoimelise (kahes suunas t\u00f6\u00f6tava) silindrina. Teatud mudelid on teleskoopilised, mis v\u00f5imaldab suuremat pikendust ilma v\u00e4lism\u00f5\u00f5tmeid suurendamata, mist\u00f5ttu need sobivad kitsastesse ruumidesse.<\/p>\n<\/li>\n<li>\n<h3>Kohandatud tootmine<\/h3>\n<p>Meie ettev\u00f5te on spetsialiseerunud konkreetsetele n\u00f5uetele vastavate noolesilindrite tootmisele. Meie tooted suudavad ideaalselt asendada olemasolevaid h\u00fcdrosilindreid, tagades \u00fchilduvuse ja j\u00f5udluse.<\/p>\n<\/li>\n<li>\n<h3>T\u00e4iustatud tehnoloogia integreerimine<\/h3>\n<p>Meie tootmisprotsessides kasutatakse tipptehnoloogiat, mis parandab meie poomisilindrite t\u00e4psust ja kvaliteeti.<\/p>\n<\/li>\n<\/ul>\n<p><img decoding=\"async\" src=\"https:\/\/www.hydraulic-cylinders.net\/wp-content\/uploads\/2025\/04\/songte-cylinder-head-with-all-kinds-excavator-models.webp\" alt=\"H\u00fcdraulilise silindri pea\"><\/p>\n<h2>Rakendusstsenaariumid<\/h2>\n<h3>Ehitustehnika<\/h3>\n<p>Ekskavaatorites m\u00e4ngivad noolesilindrid olulist rolli pinnase v\u00f5i prahi kaevamisel, laadimisel ja teisaldamisel. Need v\u00f5imaldavad kopal t\u00f5husalt pinnasesse tungida, v\u00f5imaldades operaatoritel kaevet\u00f6id t\u00f5husalt teha. Ekskavaator-laadurites aitavad need silindrid mitte ainult kaevamisel, vaid ka materjalide t\u00f5stmisel, tagades mitmek\u00fclgsuse ehitust\u00f6\u00f6del.<\/p>\n<h3>P\u00f5llumajandustehnika<\/h3>\n<p>Esilaadurites on noolesilindrid h\u00e4davajalikud mulla, heina ja muude materjalide kopeerimiseks, t\u00f5stmiseks ja transportimiseks. Nende h\u00fcdrauliline j\u00f5ud tagab suurte mahtude kiire ja t\u00f5husa teisaldamise, suurendades tootlikkust taludes ja p\u00f5llumajanduslikel aladel.<\/p>\n<h3>Ekskavaatorid<\/h3>\n<p>Ekskavaatorid toetuvad kaevamisliigutuste h\u00f5lbustamiseks noole silindritele, mis v\u00f5imaldavad kopal t\u00f5husalt pinnasesse tungida. See v\u00f5ime on \u00fclioluline mitmesuguste \u00fclesannete, sealhulgas kaevet\u00f6\u00f6de, tasandamise ja platsi ettevalmistamise jaoks, kus on vaja t\u00e4psust ja v\u00f5imsust.<\/p>\n<h3>Laadurid<\/h3>\n<p>Esilaaduritel aitavad noolesilindrid oluliselt kaasa koormate t\u00f5husale t\u00f5stmisele ja t\u00fchjendamisele. Need on loodud raskete esemete t\u00f5stmiseks, s\u00e4ilitades samal ajal stabiilsuse ja kontrolli, muutes need materjalik\u00e4itlust\u00f6\u00f6del asendamatuks.<\/p>\n<h2>Kujunduskaalutlused<\/h2>\n<h3>Kandev\u00f5ime<\/h3>\n<p>Poomi silindri kandev\u00f5ime on selle konstruktsioonis \u00fclioluline tegur. See peab olema konstrueeritud nii, et see taluks maksimaalset raskust, millega see kokku puutub, ilma et see ohustaks ohutust v\u00f5i j\u00f5udlust. See h\u00f5lmab sobivate materjalide ja m\u00f5\u00f5tmete valimist, et tagada konstruktsiooni terviklikkus koormuse all.<\/p>\n<h3>Tihendus<\/h3>\n<p>H\u00fcdrauliliste silindrite puhul on efektiivne tihendus oluline, et v\u00e4ltida vedeliku leket ja saastumist. S\u00fcsteemis r\u00f5hu hoidmiseks, silindri optimaalse j\u00f5udluse ja pikaealisuse tagamiseks tuleb kasutada kvaliteetseid tihendeid. Konstruktsioon peaks sobima erinevat t\u00fc\u00fcpi tihenditega, et see vastaks konkreetsetele t\u00f6\u00f6tingimustele.<\/p>\n<h3>Vastupidavus<\/h3>\n<p>Poomisilindrite puhul on vastupidavus \u00fclioluline, kuna need t\u00f6\u00f6tavad karmides keskkondades. Kasutatavad materjalid peaksid olema kulumis- ja korrosioonikindlad, pikendades silindri eluiga. Regulaarne hooldus ja kvaliteedikontroll tootmise ajal aitavad tagada, et silindrid vastavad vastupidavusstandarditele.<\/p>\n<h3>Ohutus<\/h3>\n<p>H\u00fcdrauliliste silindrite konstruktsiooni ohutusfunktsioonide lisamine on oluline \u00f5nnetuste v\u00e4ltimiseks ja raskete masinate ohutu t\u00f6\u00f6 tagamiseks. See h\u00f5lmab r\u00f5huvabastusventiile ja rikke korral aktiveeruvaid rikkeohutusmehhanisme.<\/p>\n<h3>Hooldatavus<\/h3>\n<p>Poomi silindrite konstruktsioon peaks h\u00f5lbustama h\u00f5lpsat hooldust ja remonti. See h\u00f5lmab tihendite vahetamist ja osade m\u00e4\u00e4rimist ning selgete hooldusjuhiste andmist. H\u00e4sti l\u00e4bim\u00f5eldud hooldusprotseduurid aitavad pikendada h\u00fcdros\u00fcsteemi eluiga.<\/p>\n<p><img decoding=\"async\" src=\"https:\/\/www.hydraulic-cylinders.net\/wp-content\/uploads\/2025\/04\/songte-oil-pipes-and-spare-parts.webp\" alt=\"H\u00fcdraulilised osad\"><\/p>\n<h2>Tihendus ja m\u00e4\u00e4rimine<\/h2>\n<p>Tihendus ja m\u00e4\u00e4rimine on h\u00fcdrauliliste silindrite j\u00f5udluse s\u00e4ilitamise olulised komponendid. Vedeliku lekke v\u00e4ltimiseks ja s\u00fcsteemi r\u00f5hu s\u00e4ilitamiseks kasutatakse mitmesuguseid tihenduselemente, n\u00e4iteks kolvitihendeid ja varrastihendeid. Eelistatud on pol\u00fcuretaanist ja nitriilkummist valmistatud tihendid nende kulumiskindluse ja vastupidavuse t\u00f5ttu.<\/p>\n<p>Silindri korpus ja keermestatud otsapinnad on kulumiskindluse suurendamiseks tavaliselt peenelt t\u00f6\u00f6deldud. Liikuvate osade h\u00f5\u00f5rdumise ja kulumise minimeerimiseks on vaja regulaarset m\u00e4\u00e4rimist sobiva h\u00fcdraulika\u00f5liga, tagades seega sujuva t\u00f6\u00f6. Regulaarse m\u00e4\u00e4rimisgraafiku rakendamine on h\u00fcdraulikas\u00fcsteemi efektiivsuse ja pikaealisuse s\u00e4ilitamiseks \u00fclioluline.<\/p>\n<h2>Regulaarne kontroll ja ennetav hooldus<\/h2>\n<ul>\n<li>\n<h3>Rutiinsed kontrollid<\/h3>\n<p>Poomi silindri regulaarne kontrollimine on oluline v\u00f5imalike probleemide tuvastamiseks enne nende s\u00fcvenemist. Operaatorid peaksid kontrollima tihendite ja muude komponentide lekete, korrosiooni v\u00f5i kulumise m\u00e4rke. Varajane avastamine aitab v\u00e4ltida kulukaid remondit\u00f6id ja pikendada seadmete eluiga.<\/p>\n<\/li>\n<li>\n<h3>\u00d5ige m\u00e4\u00e4rimine<\/h3>\n<p>Poomi silindri piisav m\u00e4\u00e4rimine on selle t\u00f5husa t\u00f6\u00f6 tagamiseks h\u00e4davajalik. Operaatorid peaksid j\u00e4rgima tootja juhiseid m\u00e4\u00e4rimissageduse ja kasutatava h\u00fcdraulika\u00f5li t\u00fc\u00fcbi kohta. Ebapiisav m\u00e4\u00e4rimine v\u00f5ib p\u00f5hjustada suurenenud h\u00f5\u00f5rdumist ja enneaegset kulumist.<\/p>\n<\/li>\n<li>\n<h3>Tihendi vahetamine<\/h3>\n<p>Aja jooksul v\u00f5ivad tihendid kuluda ja s\u00fcsteemi terviklikkuse s\u00e4ilitamiseks tuleb need v\u00e4lja vahetada. Regulaarne hooldus peaks h\u00f5lmama tihendite kulumise kontrollimist ja vajadusel v\u00e4ljavahetamist, et v\u00e4ltida vedeliku lekkeid ja tagada optimaalne j\u00f5udlus.<\/p>\n<\/li>\n<\/ul>\n<h2>Paigaldusjuhised<\/h2>\n<p>Poomi silindri \u00f5ige paigaldamine on selle optimaalse j\u00f5udluse ja pikaealisuse tagamiseks kriitilise t\u00e4htsusega. Alustage t\u00f6\u00f6ruumi puhtusest ja prahist vaba olekust. Joondage silinder t\u00e4pselt kinnituspunktidega, kasutades kinnitamiseks sobivaid kinnitusvahendeid. Oluline on kontrollida, et k\u00f5ik \u00fchendused oleksid tihedalt kinni ja et h\u00fcdraulikavoolikud oleksid \u00f5igesti paigutatud, et v\u00e4ltida painutamist v\u00f5i r\u00f5hukadu.<\/p>\n<p>Voolikute \u00fchendamisel veenduge lekete puudumises, kontrollides k\u00f5iki liitmikke ja \u00fchendusi. P\u00e4rast paigaldamist testige silindrit, lastes sellel kogu liikumisulatuses t\u00f6\u00f6tada, et veenduda selle sujuvas toimimises ilma takistusteta. Kontrollige regulaarselt joondust ja kinnituse turvalisust, et v\u00e4ltida t\u00f6\u00f6probleeme.<\/p>\n<h2>Levinumad hooldust\u00f6\u00f6d<\/h2>\n<ul>\n<li>\n<h3>Regulaarsed kontrollid<\/h3>\n<p>Poomi silindri seisukorra j\u00e4lgimiseks tuleks teha plaanip\u00e4raseid kontrolle. See h\u00f5lmab kulumisj\u00e4lgede kontrollimist, vedelikutaseme hindamist ning k\u00f5igi komponentide kinnituse ja n\u00f5uetekohase toimimise tagamist.<\/p>\n<\/li>\n<li>\n<h3>\u00d5ige m\u00e4\u00e4rimine<\/h3>\n<p>M\u00e4\u00e4rimisgraafiku koostamine on oluline. Kasutage soovitatud h\u00fcdraulika\u00f5lisid ja veenduge, et silinder oleks m\u00e4\u00e4ritud vastavalt tootja spetsifikatsioonidele, et v\u00e4ltida liigset kulumist ja s\u00e4ilitada efektiivsus.<\/p>\n<\/li>\n<li>\n<h3>Tihendi vahetamine ja kalibreerimise kontrollimine<\/h3>\n<p>J\u00e4lgige tihendeid kulumise m\u00e4rkide suhtes. Tihendite vahetamisel veenduge, et k\u00f5ik komponendid oleksid \u00f5igesti kalibreeritud, et s\u00e4ilitada h\u00fcdraulikas\u00fcsteemi optimaalne j\u00f5udlus.<\/p>\n<\/li>\n<\/ul>\n<p><img decoding=\"async\" src=\"https:\/\/www.hydraulic-cylinders.net\/wp-content\/uploads\/2025\/04\/songte-chushion-collar.webp\" alt=\"H\u00fcdrauliline padjakrae\"><\/p>\n<h2>Ohutuskaalutlused ja keskkonnategurid<\/h2>\n<p>H\u00fcdrauliliste s\u00fcsteemide k\u00e4itamisel on ohutusmeetmed \u00fcliolulised. Operaatorid peaksid kandma sobivaid isikukaitsevahendeid ja tagama, et t\u00f6\u00f6tamise ja hoolduse ajal j\u00e4rgitakse k\u00f5iki ohutusprotokolle. Regulaarne koolitus ja ohutus\u00f5ppused aitavad v\u00e4hendada \u00f5nnetuste ohtu t\u00f6\u00f6kohal. Lisaks tuleks arvestada keskkonnaga, et v\u00e4ltida h\u00fcdraulilise vedeliku lekkeid, mis v\u00f5ivad kahjustada \u00fcmbrust.<\/p>\n<h2>Rikete diagnoosimine ja levinud probleemid<\/h2>\n<ul>\n<li>\n<h3>Vedeliku lekked<\/h3>\n<p>Vedeliku lekked on h\u00fcdrauliliste silindrite \u00fcks levinumaid probleeme. Selle s\u00fcmptomiteks on masina all olevad lombid v\u00f5i h\u00fcdraulilise r\u00f5hu langus. Lekke allika tuvastamiseks ja k\u00f5rvaldamiseks kontrollige tihendeid, liitmikke ja voolikuid.<\/p>\n<\/li>\n<li>\n<h3>V\u00e4hendatud j\u00f5udlus<\/h3>\n<p>Kui poomi silinder ei t\u00f5sta ega t\u00f6\u00f6ta ootusp\u00e4raselt, kontrollige, kas h\u00fcdraulikavedeliku tase on madal, voolikutes on ummistusi v\u00f5i tihendid on kulunud. \u00d5ige h\u00fcdraulikavedeliku taseme tagamine ja takistuste kontrollimine aitab sageli j\u00f5udlusprobleeme lahendada.<\/p>\n<\/li>\n<li>\n<h3>\u00dclekuumenemine<\/h3>\n<p>\u00dclekuumenemine v\u00f5ib tekkida liigse kasutamise, ebapiisava m\u00e4\u00e4rimise v\u00f5i rikkis h\u00fcdros\u00fcsteemi t\u00f5ttu. Veenduge, et hooldust tehakse regulaarselt ja h\u00fcdro\u00f5li vahetatakse vastavalt tootja soovitustele, et v\u00e4ltida \u00fclekuumenemise probleeme.<\/p>\n<\/li>\n<\/ul>\n<p>Probleemide t\u00f5husaks diagnoosimiseks ja lahendamiseks peaksid operaatorid olema koolitatud s\u00fcmptomite \u00e4ratundmiseks ja p\u00f5hiliste t\u00f5rkeotsingu tegemiseks. Ennetavad meetmed, n\u00e4iteks regulaarne hooldus ja vedelikutaseme j\u00e4lgimine, aitavad potentsiaalseid probleeme minimeerida.<\/p>\n<p><img decoding=\"async\" src=\"https:\/\/www.hydraulic-cylinders.net\/wp-content\/uploads\/2025\/04\/songte-bushings-with-all-kinds-of-excavator-models.webp\" alt=\"H\u00fcdraulilised puksid\"><\/p>\n<h2>Meie ettev\u00f5ttest<\/h2>\n<p>Oleme juhtiv asendush\u00fcdrauliliste silindrite tootja, pakkudes laia tootevalikut nii sise- kui ka rahvusvahelistele turgudele. Meie p\u00fchendumust tippkvaliteedile toetavad meie t\u00e4iustatud tootmisjuhtimise strateegiad. T\u00e4iustame pidevalt oma tootmisv\u00f5imsust, kasutades t\u00e4iustatud tehnoloogiat, oskust\u00f6\u00f6lisi ja professionaalseid testimiss\u00fcsteeme, tagades suure efektiivsuse, suure t\u00e4psuse ja kvaliteetsed tulemused, mis vastavad klientide mitmekesistele vajadustele.<\/p>\n<p>Meie spetsialiseerumine h\u00f5lmab professionaalseid teenuseid, rahvusvahelisi sertifikaate ja kohandatavaid lahendusi, mis vastavad erinevate t\u00f6\u00f6stusharude n\u00f5uetele. Meie tipptasemel tootmisseadmed ja tugev m\u00fc\u00fcgij\u00e4rgne teenindus kinnitavad veelgi meie p\u00fchendumust klientide rahulolule.<\/p>\n<p><img decoding=\"async\" src=\"https:\/\/www.hydraulic-cylinders.net\/wp-content\/uploads\/2025\/04\/songte-company-4.webp\" alt=\"Ettev\u00f5tte rajatis\"><br \/>\n<img decoding=\"async\" src=\"https:\/\/www.hydraulic-cylinders.net\/wp-content\/uploads\/2025\/04\/songte-company-3.webp\" alt=\"Ettev\u00f5tte tootmine\"><\/p>\n<p>Autor: lyl<\/p>","protected":false},"excerpt":{"rendered":"<p>Boom Cylinder For Yuchai YC08-8 Product Overview The Boom Cylinder for Yuchai YC08-8 is an essential component in hydraulic systems used in heavy machinery. As a type of hydraulic cylinder, it is specifically designed to control the movement of buckets in various equipment such as excavators, backhoe loaders, and front-end loaders. The primary function of [&hellip;]<\/p>","protected":false},"featured_media":17867,"comment_status":"open","ping_status":"closed","template":"","meta":{"_et_pb_use_builder":"","_et_pb_old_content":"","_et_gb_content_width":""},"product_brand":[],"product_cat":[1546],"product_tag":[1547,1496],"class_list":{"0":"post-19574","1":"product","2":"type-product","3":"status-publish","4":"has-post-thumbnail","6":"product_cat-boom-cylinders","7":"product_tag-boom-cylinders","8":"product_tag-hydraulic-cylinders","10":"first","11":"instock","12":"shipping-taxable","13":"product-type-simple"},"amp_enabled":true,"_links":{"self":[{"href":"https:\/\/www.hydraulic-cylinders.net\/et\/wp-json\/wp\/v2\/product\/19574","targetHints":{"allow":["GET"]}}],"collection":[{"href":"https:\/\/www.hydraulic-cylinders.net\/et\/wp-json\/wp\/v2\/product"}],"about":[{"href":"https:\/\/www.hydraulic-cylinders.net\/et\/wp-json\/wp\/v2\/types\/product"}],"replies":[{"embeddable":true,"href":"https:\/\/www.hydraulic-cylinders.net\/et\/wp-json\/wp\/v2\/comments?post=19574"}],"wp:featuredmedia":[{"embeddable":true,"href":"https:\/\/www.hydraulic-cylinders.net\/et\/wp-json\/wp\/v2\/media\/17867"}],"wp:attachment":[{"href":"https:\/\/www.hydraulic-cylinders.net\/et\/wp-json\/wp\/v2\/media?parent=19574"}],"wp:term":[{"taxonomy":"product_brand","embeddable":true,"href":"https:\/\/www.hydraulic-cylinders.net\/et\/wp-json\/wp\/v2\/product_brand?post=19574"},{"taxonomy":"product_cat","embeddable":true,"href":"https:\/\/www.hydraulic-cylinders.net\/et\/wp-json\/wp\/v2\/product_cat?post=19574"},{"taxonomy":"product_tag","embeddable":true,"href":"https:\/\/www.hydraulic-cylinders.net\/et\/wp-json\/wp\/v2\/product_tag?post=19574"}],"curies":[{"name":"wp","href":"https:\/\/api.w.org\/{rel}","templated":true}]}}