{"id":19575,"date":"2025-04-07T06:55:20","date_gmt":"2025-04-07T06:55:20","guid":{"rendered":"https:\/\/www.hydraulic-cylinders.net\/product\/boom-cylinder-for-yuchai-yc18sr\/"},"modified":"2025-04-07T06:55:22","modified_gmt":"2025-04-07T06:55:22","slug":"boom-cylinder-for-yuchai-yc18sr","status":"publish","type":"product","link":"https:\/\/www.hydraulic-cylinders.net\/et\/toode\/boom-cylinder-for-yuchai-yc18sr\/","title":{"rendered":"Yuchai YC18SR poomi silinder"},"content":{"rendered":"<h1>Yuchai YC18SR poomi silinder<\/h1>\n<h2>Toote m\u00e4\u00e4ratlus<\/h2>\n<p>Yuchai YC18SR poomi silinder on oluline h\u00fcdrauliline komponent, mis on loodud mitmesuguste raskete masinate, n\u00e4iteks ekskavaatorite, laadur-ekskavaatori ja esilaaduri t\u00f5ste-, langetus- ja kallutusfunktsioonide juhtimiseks. See h\u00fcdrauliline silinder v\u00f5imaldab kopal t\u00f5husalt t\u00e4ita olulisi \u00fclesandeid, h\u00f5lbustades materjalide k\u00e4itlemist t\u00e4pselt ja t\u00f5husalt. Sellel on h\u00fcdraulikas\u00fcsteemides lahutamatu roll, kandes r\u00f5hu h\u00fcdraulikavedelikust mehaanilisele j\u00f5ule, v\u00f5imaldades sujuvaid ja kontrollitud liikumisi n\u00f5udlikes t\u00f6\u00f6keskkondades.<\/p>\n<p><img decoding=\"async\" src=\"https:\/\/www.hydraulic-cylinders.net\/wp-content\/uploads\/2025\/04\/songte-company-1.webp\" alt=\"Yuchai YC18SR poomi silinder\"><\/p>\n<h2>Toote omadused<\/h2>\n<ul>\n<li>\n<h3>Suur tugevus ja vastupidavus<\/h3>\n<p>See \u00fclitugevast terasest v\u00f5i alumiiniumist valmistatud poomi silinder on loodud taluma k\u00f5rget r\u00f5hku ja suuri koormusi, mist\u00f5ttu sobib see karmideks t\u00f6\u00f6tingimusteks. Selle konstruktsioonis on prioriteediks kulumiskindlus ja korrosioonikindlus, pikendades oluliselt selle eluiga.<\/p>\n<\/li>\n<li>\n<h3>T\u00f5hus h\u00fcdrauliline t\u00f6\u00f6<\/h3>\n<p>Silinder kasutab sujuva pikenemise ja tagasit\u00f5mbamise saavutamiseks h\u00fcdraulilise vedeliku r\u00f5hku, mis v\u00f5imaldab kiiret reageerimist juhtimisk\u00e4sklustele ning pakub v\u00f5imsat t\u00f5uke- ja t\u00f5mbej\u00f5udu, mis sobib ideaalselt raskete materjalide ja keerukate \u00fclesannete k\u00e4sitsemiseks.<\/p>\n<\/li>\n<li>\n<h3>Mitmekesised t\u00fc\u00fcbid<\/h3>\n<p>Poomi silindrit saab kohandada nii \u00fchetoimelise (\u00fches suunas t\u00f6\u00f6tava) kui ka kahetoimelise (m\u00f5lemas suunas t\u00f6\u00f6tava) mudelina ning seda saab kohandada vastavalt erinevatele t\u00f6\u00f6vajadustele. Teatud mudelid on teleskoopilised, mis v\u00f5imaldab suuremat pikendamist ilma v\u00e4lism\u00f5\u00f5tmeid suurendamata, mis sobib ideaalselt piiratud ruumiga rakenduste jaoks.<\/p>\n<\/li>\n<\/ul>\n<p>Oleme spetsialiseerunud selle toote tootmisele, pakkudes h\u00fcdrosilindreid, mis asendavad ideaalselt olemasolevaid.<\/p>\n<p><img decoding=\"async\" src=\"https:\/\/www.hydraulic-cylinders.net\/wp-content\/uploads\/2025\/04\/songte-cylinder-head-with-all-kinds-excavator-models.webp\" alt=\"Ekskavaatorite h\u00fcdrauliline silinder\"><\/p>\n<h2>Poomi silindri rakendused<\/h2>\n<ul>\n<li>\n<h3>Ehitustehnika<\/h3>\n<p>Ekskavaatorites on noolesilindrid kriitilise t\u00e4htsusega kaevamisel, laadimisel ja mulla v\u00f5i prahi teisaldamisel. Need aitavad nii kaevamisel kui ka t\u00f5stmisel ekskavaator-laaduritel, muutes need ehitusplatsidel asendamatuks.<\/p>\n<\/li>\n<li>\n<h3>P\u00f5llumajandustehnika<\/h3>\n<p>Esilaadurites v\u00f5imaldavad noolesilindrid operaatoritel mulda, heina ja muid materjale t\u00f5husalt t\u00f5sta, t\u00f5sta ja transportida. Neil on oluline roll p\u00f5llumajandust\u00f6\u00f6de tootlikkuse suurendamisel.<\/p>\n<\/li>\n<li>\n<h3>Ekskavaatorid<\/h3>\n<p>Noole silinder v\u00f5imaldab kopal t\u00f5husalt pinnasesse tungida, h\u00f5lbustades kaevamisprotsessi. Selle vastupidav konstruktsioon tagab t\u00f6\u00f6kindluse raskete t\u00f6\u00f6de ajal.<\/p>\n<\/li>\n<li>\n<h3>Laadurid<\/h3>\n<p>Frontaallaadurites on need silindrid materjalide t\u00f5stmiseks ja t\u00fchjendamiseks h\u00e4davajalikud, suurendades laadimistoimingute t\u00f5husust erinevates t\u00f6\u00f6stusharudes.<\/p>\n<\/li>\n<\/ul>\n<h2>Projekteerimiskaalutlused ja valikustandardid<\/h2>\n<ul>\n<li>\n<h3>Kandev\u00f5ime<\/h3>\n<p>Poomi silindri kandev\u00f5ime peab vastama masina t\u00f6\u00f6n\u00f5uetele. Silindri v\u00f5imekus eeldatavatele koormustele vastu pidada hoiab \u00e4ra enneaegse rikke ja suurendab ohutust t\u00f6\u00f6 ajal.<\/p>\n<\/li>\n<li>\n<h3>Tihendusv\u00f5ime<\/h3>\n<p>T\u00f5hus tihendamine on \u00fclioluline h\u00fcdraulilise vedeliku lekke v\u00e4ltimiseks, mis v\u00f5ib p\u00f5hjustada j\u00f5udlusprobleeme ja ohutusriske. Vastupidavatest materjalidest valmistatud kvaliteetsed tihendid pikendavad h\u00fcdraulilise silindri eluiga.<\/p>\n<\/li>\n<li>\n<h3>Vastupidavus<\/h3>\n<p>Vastupidavus on n\u00f5udlikes keskkondades t\u00f6\u00f6tavate h\u00fcdrauliliste silindrite puhul v\u00f5tmet\u00e4htsusega. Kasutatavad materjalid peavad olema kulumiskindlad, tagades silindri pikaajalise t\u00f6\u00f6korras p\u00fcsimise. Regulaarne hooldus v\u00f5ib samuti vastupidavust suurendada.<\/p>\n<\/li>\n<li>\n<h3>Turvaelemendid<\/h3>\n<p>Ohutusn\u00f5uded, n\u00e4iteks \u00fcler\u00f5huventiilid, on \u00fcler\u00f5hu ja v\u00f5imalike rikete v\u00e4ltimiseks olulised. Need omadused kaitsevad nii masinaid kui ka operaatorit kasutamise ajal.<\/p>\n<\/li>\n<li>\n<h3>Kasutusk\u00f5lblikkus<\/h3>\n<p>H\u00fcdrauliliste silindrite lihtne hooldus parandab nende kasutatavust. Kiire juurdep\u00e4\u00e4s tihenditele ja komponentidele v\u00f5imaldab t\u00f5husat remonti ja vahetust, minimeerides seisakuid ja maksimeerides tootlikkust.<\/p>\n<\/li>\n<\/ul>\n<p><img decoding=\"async\" src=\"https:\/\/www.hydraulic-cylinders.net\/wp-content\/uploads\/2025\/04\/songte-oil-pipes-and-spare-parts.webp\" alt=\"H\u00fcdrauliliste silindrite osad\"><\/p>\n<h2>Tihendus ja m\u00e4\u00e4rimine<\/h2>\n<p>Erinevate tihenduskomponentide, n\u00e4iteks kolvi- ja vardatihendite kasutamine on h\u00fcdraulilise silindri j\u00f5udluse s\u00e4ilitamiseks \u00fclioluline. Kulumiskindlatest materjalidest, nagu pol\u00fcuretaan ja nitriilkummi, valmistatud tihendid tagavad pikaealisuse ja t\u00f6\u00f6kindluse. Silindri korpus ja keermestatud otsapinnad l\u00e4bivad t\u00e4ppist\u00f6\u00f6tluse, et suurendada kulumiskindlust. \u00d5ige koguse h\u00fcdraulika\u00f5li regulaarne lisamine on m\u00e4\u00e4rimiseks h\u00e4davajalik, v\u00e4ltides h\u00f5\u00f5rdumist ja kulumist s\u00fcsteemis. N\u00f5uetekohased tihendus- ja m\u00e4\u00e4rimistavad aitavad oluliselt kaasa h\u00fcdraulilise silindri \u00fcldisele efektiivsusele ja elueale.<\/p>\n<h2>Regulaarne kontroll ja ennetav hooldus<\/h2>\n<ul>\n<li>\n<h3>Rutiinsed kontrollid<\/h3>\n<p>H\u00fcdrosilindri regulaarne kontroll aitab varakult tuvastada kulumise v\u00f5i kahjustuste m\u00e4rke. See ennetav l\u00e4henemine v\u00f5imaldab \u00f5igeaegset remonti ja v\u00e4hendab ootamatute rikete ohtu.<\/p>\n<\/li>\n<li>\n<h3>\u00d5ige m\u00e4\u00e4rimine<\/h3>\n<p>Silindri hea m\u00e4\u00e4rimine v\u00e4hendab sisemiste komponentide h\u00f5\u00f5rdumist ja kulumist. Tootja juhiste j\u00e4rgimine m\u00e4\u00e4rimisgraafikute osas on optimaalse j\u00f5udluse s\u00e4ilitamiseks \u00fclioluline.<\/p>\n<\/li>\n<li>\n<h3>Tihendi vahetamine<\/h3>\n<p>Tihendite regulaarne kontrollimine ja vajadusel vahetamine hoiab \u00e4ra h\u00fcdraulikavedeliku lekked, tagades silindri t\u00f5husa ja ohutu t\u00f6\u00f6. Tihendite vahetamise ajakava j\u00e4rgimine aitab s\u00e4ilitada s\u00fcsteemi terviklikkust.<\/p>\n<\/li>\n<\/ul>\n<h2>Paigaldusjuhised<\/h2>\n<p>Poomi silindri \u00f5ige paigaldamine on optimaalse j\u00f5udluse saavutamiseks \u00fclioluline. Alustage veendumaks, et masina ja silindri kinnituspinnad on puhtad ja prahist vabad. Joondage silinder \u00f5igesti kinnituspunktidega, et v\u00e4ltida joondusprobleeme, mis v\u00f5ivad p\u00f5hjustada enneaegset kulumist v\u00f5i riket. Silindri kinnitamiseks on soovitatav kasutada sobivaid kinnitusklambreid. P\u00e4rast paigaldamist tehke p\u00f5hjalik kontroll, et k\u00f5ik \u00fchendused oleksid tihedad ja silinder t\u00f6\u00f6taks sujuvalt ja takistusteta. Nende juhiste j\u00e4rgimine tagab h\u00fcdros\u00fcsteemi ohutu ja t\u00f5husa t\u00f6\u00f6.<\/p>\n<h2>Levinumad hooldust\u00f6\u00f6d<\/h2>\n<ul>\n<li>\n<h3>Regulaarsed kontrollid<\/h3>\n<p>Sagedased kontrollid v\u00f5imaldavad potentsiaalseid probleeme varakult avastada. T\u00f6\u00f6tamise ajal otsige kulumise m\u00e4rke, lekkeid v\u00f5i ebatavalisi helisid. Kontrollide arvestuse pidamine aitab j\u00e4lgida ballooni seisukorda aja jooksul.<\/p>\n<\/li>\n<li>\n<h3>Sobiv m\u00e4\u00e4rimine<\/h3>\n<p>\u00d5ige t\u00fc\u00fcpi ja koguse h\u00fcdraulika\u00f5li kasutamine on oluline. J\u00e4rgige tootja soovitusi m\u00e4\u00e4rimissageduse kohta ja veenduge, et kasutatav \u00f5li vastab optimaalse j\u00f5udluse tagamiseks n\u00f5utavatele spetsifikatsioonidele.<\/p>\n<\/li>\n<li>\n<h3>Tihendi vahetamine<\/h3>\n<p>Vahetage regulaarselt kulumis- v\u00f5i kahjustusj\u00e4lgi omavaid tihendeid. See ennetav meede on kriitilise t\u00e4htsusega h\u00fcdraulikavedeliku taseme s\u00e4ilitamiseks ja silindri t\u00f5husa t\u00f6\u00f6 tagamiseks. Hoidke varutihendeid k\u00e4ep\u00e4rast, et neid vajadusel kiiresti vahetada.<\/p>\n<\/li>\n<\/ul>\n<p><img decoding=\"async\" src=\"https:\/\/www.hydraulic-cylinders.net\/wp-content\/uploads\/2025\/04\/songte-chushion-collar.webp\" alt=\"H\u00fcdraulilised silindripadjad\"><\/p>\n<h2>Ohutuskaalutlused ja keskkonnategurid<\/h2>\n<p>H\u00fcdrauliliste silindritega t\u00f6\u00f6tamisel on ohutusmeetmete rakendamine \u00fclioluline. Kandke alati sobivaid isikukaitsevahendeid (IKV), et maandada h\u00fcdraulilise vedeliku lekete v\u00f5i silindrite ootamatute liikumistega seotud riske. H\u00fcdraulikas\u00fcsteemi t\u00f6\u00f6piiride m\u00f5istmine ja ohutusprotokollide j\u00e4rgimine aitavad \u00f5nnetusi \u00e4ra hoida. Lisaks on keskkonnam\u00f5ju minimeerimiseks oluline h\u00fcdrauliliste vedelike n\u00f5uetekohane k\u00f5rvaldamine ja keskkonnas\u00f5braliku hoolduspraktika j\u00e4rgimine.<\/p>\n<h2>Rikete diagnoosimine ja levinud probleemid<\/h2>\n<ul>\n<li>\n<h3>Leke<\/h3>\n<p>H\u00fcdraulikavedeliku leke on levinud probleem, mis v\u00f5ib tuleneda kulunud tihenditest v\u00f5i kahjustatud silindrite korpustest. Regulaarne kontroll aitab lekkeid varakult tuvastada, v\u00f5imaldades \u00f5igeaegset remonti, et v\u00e4ltida vedeliku kadu ja s\u00e4ilitada t\u00f6\u00f6 efektiivsus.<\/p>\n<\/li>\n<li>\n<h3>V\u00e4hendatud j\u00f5udlus<\/h3>\n<p>Kui silinder ei reageeri ootusp\u00e4raselt, v\u00f5ib see viidata h\u00fcdraulikavedeliku sisemisele kulumisele v\u00f5i saastumisele. Regulaarne hooldus ja vedeliku kontrollimine aitavad tagada optimaalse j\u00f5udluse ja pikendada silindri eluiga.<\/p>\n<\/li>\n<li>\n<h3>Ebatavalised m\u00fcrad<\/h3>\n<p>Ebatavalised helid t\u00f6\u00f6tamise ajal, n\u00e4iteks krigisev v\u00f5i kolksuv heli, v\u00f5ivad viidata mehaanilistele probleemidele. Nende helide allika \u00f5igeaegne uurimine aitab v\u00e4ltida t\u00f5sisemaid kahjustusi ja tagada ohutu t\u00f6\u00f6.<\/p>\n<\/li>\n<\/ul>\n<h2>Veaotsingu n\u00e4pun\u00e4ited<\/h2>\n<p>Poomi silindri probleemide diagnoosimisel alustage n\u00e4htavate lekete kontrollimisest ja kontrollige tihendite kulumist. Kui ilmnevad j\u00f5udlusprobleemid, kaaluge h\u00fcdraulikavedeliku kvaliteedi ja taseme hindamist. Veenduge, et k\u00f5ik \u00fchendused on tihedad ja kontrollige v\u00f5imalikke joondamisvigu. Regulaarsed ennetusmeetmed, n\u00e4iteks \u00f5igeaegne m\u00e4\u00e4rimine ja tihendite vahetamine, v\u00f5ivad potentsiaalsete probleemide esinemist oluliselt v\u00e4hendada. Ennetavate hooldusstrateegiate rakendamisega saate suurendada h\u00fcdraulikas\u00fcsteemi t\u00f6\u00f6kindlust ja minimeerida seisakuid.<\/p>\n<p><img decoding=\"async\" src=\"https:\/\/www.hydraulic-cylinders.net\/wp-content\/uploads\/2025\/04\/songte-bushings-with-all-kinds-of-excavator-models.webp\" alt=\"H\u00fcdraulilised puksid\"><\/p>\n<h2>Meie ettev\u00f5ttest<\/h2>\n<p>Oleme juhtiv asendush\u00fcdrauliliste silindrite tootja, pakkudes laia tootevalikut nii sise- kui ka v\u00e4listurule. Meie p\u00fchendumus tipptasemele peegeldub meie t\u00e4iustatud tootmisstrateegiates ja tipptehnoloogias. Investeerime pidevalt oskust\u00f6\u00f6listesse ja t\u00e4iustatud tootmisseadmetesse, et parandada oma tootmisv\u00f5imalusi, tagades oma pakkumiste k\u00f5rge efektiivsuse, t\u00e4psuse ja kvaliteedi. Meie ulatuslik kohandatud teenuste valik ja tugev m\u00fc\u00fcgij\u00e4rgne tugi kindlustavad veelgi meie positsiooni usaldusv\u00e4\u00e4rse partnerina h\u00fcdrosilindrite t\u00f6\u00f6stuses.<\/p>\n<p><img decoding=\"async\" src=\"https:\/\/www.hydraulic-cylinders.net\/wp-content\/uploads\/2025\/04\/songte-company-4.webp\" alt=\"Ettev\u00f5tte \u00fclevaade\"><br \/>\n<img decoding=\"async\" src=\"https:\/\/www.hydraulic-cylinders.net\/wp-content\/uploads\/2025\/04\/songte-company-3.webp\" alt=\"Ettev\u00f5tte rajatis\"><\/p>\n<p>Autor lyl<\/p>","protected":false},"excerpt":{"rendered":"<p>Boom Cylinder For Yuchai YC18SR Product Definition The Boom Cylinder for Yuchai YC18SR is a crucial hydraulic component designed to control the lifting, lowering, and tilting functions of various heavy machinery, such as excavators, backhoe loaders, and front loaders. This hydraulic cylinder enables the bucket to perform essential tasks effectively, facilitating material handling operations with [&hellip;]<\/p>","protected":false},"featured_media":17868,"comment_status":"open","ping_status":"closed","template":"","meta":{"_et_pb_use_builder":"","_et_pb_old_content":"","_et_gb_content_width":""},"product_brand":[],"product_cat":[1546],"product_tag":[1547,1496],"class_list":{"0":"post-19575","1":"product","2":"type-product","3":"status-publish","4":"has-post-thumbnail","6":"product_cat-boom-cylinders","7":"product_tag-boom-cylinders","8":"product_tag-hydraulic-cylinders","10":"first","11":"instock","12":"shipping-taxable","13":"product-type-simple"},"amp_enabled":true,"_links":{"self":[{"href":"https:\/\/www.hydraulic-cylinders.net\/et\/wp-json\/wp\/v2\/product\/19575","targetHints":{"allow":["GET"]}}],"collection":[{"href":"https:\/\/www.hydraulic-cylinders.net\/et\/wp-json\/wp\/v2\/product"}],"about":[{"href":"https:\/\/www.hydraulic-cylinders.net\/et\/wp-json\/wp\/v2\/types\/product"}],"replies":[{"embeddable":true,"href":"https:\/\/www.hydraulic-cylinders.net\/et\/wp-json\/wp\/v2\/comments?post=19575"}],"wp:featuredmedia":[{"embeddable":true,"href":"https:\/\/www.hydraulic-cylinders.net\/et\/wp-json\/wp\/v2\/media\/17868"}],"wp:attachment":[{"href":"https:\/\/www.hydraulic-cylinders.net\/et\/wp-json\/wp\/v2\/media?parent=19575"}],"wp:term":[{"taxonomy":"product_brand","embeddable":true,"href":"https:\/\/www.hydraulic-cylinders.net\/et\/wp-json\/wp\/v2\/product_brand?post=19575"},{"taxonomy":"product_cat","embeddable":true,"href":"https:\/\/www.hydraulic-cylinders.net\/et\/wp-json\/wp\/v2\/product_cat?post=19575"},{"taxonomy":"product_tag","embeddable":true,"href":"https:\/\/www.hydraulic-cylinders.net\/et\/wp-json\/wp\/v2\/product_tag?post=19575"}],"curies":[{"name":"wp","href":"https:\/\/api.w.org\/{rel}","templated":true}]}}