{"id":19576,"date":"2025-04-07T06:55:23","date_gmt":"2025-04-07T06:55:23","guid":{"rendered":"https:\/\/www.hydraulic-cylinders.net\/product\/boom-cylinder-for-yuchai-yc35-8\/"},"modified":"2025-04-07T06:55:25","modified_gmt":"2025-04-07T06:55:25","slug":"boom-cylinder-for-yuchai-yc35-8","status":"publish","type":"product","link":"https:\/\/www.hydraulic-cylinders.net\/et\/toode\/boom-cylinder-for-yuchai-yc35-8\/","title":{"rendered":"Yuchai YC35-8 poomi silinder"},"content":{"rendered":"<h1>Yuchai YC35-8 poomi silinder<\/h1>\n<h2>Toote \u00fclevaade<\/h2>\n<p>Yuchai YC35-8 poomi silinder on spetsiaalne h\u00fcdrauliline silinder, mis on loodud poomi liikumise juhtimiseks rasketes masinates, n\u00e4iteks ekskavaatorites, laadur-ekskavaatorites ja esilaadurites. Seda t\u00fc\u00fcpi h\u00fcdrauliline silinder m\u00e4ngib olulist rolli erinevates materjalik\u00e4itlust\u00f6\u00f6des, v\u00f5imaldades operaatoritel koppa t\u00e4pselt t\u00f5sta, langetada ja kallutada. See on oluline h\u00fcdraulikas\u00fcsteemides, kus see kasutab h\u00fcdraulilist r\u00f5hku v\u00f5imsa liikumise tekitamiseks, tagades t\u00f6\u00f6kohal t\u00f5hususe ja efektiivsuse.<\/p>\n<p><img decoding=\"async\" src=\"https:\/\/www.hydraulic-cylinders.net\/wp-content\/uploads\/2025\/04\/songte-company-1.webp\" alt=\"Poomi silinder\"><\/p>\n<h3>Poomi silindri funktsioon<\/h3>\n<p>Kopa silinder on h\u00fcdrosilindri t\u00fc\u00fcp, mis on spetsiaalselt loodud rasketehnika jaoks ja h\u00f5lbustab kopa asendi muutmist. See funktsioon on \u00fclioluline ekskavaatorite jaoks, mis vajavad t\u00e4pseid kaevamistoiminguid ja materjalide t\u00f5husat transportimist. H\u00fcdraulikas\u00fcsteem kasutab h\u00fcdraulikavedeliku v\u00f5imsust, et luua tugevaid t\u00f5uke- ja t\u00f5mbej\u00f5ude, mis on ehitus- ja p\u00f5llumajandust\u00f6\u00f6del \u00fclioluline.<\/p>\n<h2>Poomi silindri omadused<\/h2>\n<ul>\n<li><strong>Suur tugevus ja vastupidavus:<\/strong> Need silindrid on valmistatud \u00fclitugevast terasest v\u00f5i alumiiniumist ning taluvad k\u00f5rget r\u00f5hku ja suuri koormusi, mist\u00f5ttu sobivad need kasutamiseks karmides t\u00f6\u00f6keskkondades.<\/li>\n<li><strong>T\u00f5hus h\u00fcdrauliline t\u00f6\u00f6:<\/strong> Silinder kasutab sujuvaks pikendamiseks ja tagasit\u00f5mbamiseks h\u00fcdraulilise vedeliku r\u00f5hku, mis v\u00f5imaldab kiiret reageerimist operaatori k\u00e4skudele.<\/li>\n<li><strong>T\u00fc\u00fcpide mitmekesisus:<\/strong> Saadaval \u00fchetoimelise (\u00fches suunas t\u00f6\u00f6tav) v\u00f5i kahetoimelise (m\u00f5lemas suunas t\u00f6\u00f6tav) konfiguratsioonina, m\u00f5ned mudelid on teleskoopilised, et tagada suurem pikendus ilma v\u00e4lism\u00f5\u00f5tmeid suurendamata.<\/li>\n<li><strong>Kohandatavad valikud:<\/strong> Meie tooted suudavad ideaalselt asendada mitmesuguseid h\u00fcdraulilisi silindreid, pakkudes lahendusi, mis on kohandatud erinevatele t\u00f6\u00f6vajadustele.<\/li>\n<li><strong>Hoolduss\u00f5bralik disain:<\/strong> Disain sisaldab funktsioone, mis lihtsustavad hooldust\u00f6id, tagades pikaealisuse ja t\u00f6\u00f6kindluse.<\/li>\n<\/ul>\n<p><img decoding=\"async\" src=\"https:\/\/www.hydraulic-cylinders.net\/wp-content\/uploads\/2025\/04\/songte-cylinder-head-with-all-kinds-excavator-models.webp\" alt=\"Ekskavaatori mudelid\"><\/p>\n<h2>Poomi silindri rakendused<\/h2>\n<h3>Ehitustehnika<\/h3>\n<p>Ekskavaatorites on noole silinder \u00fclioluline kaevamiseks, laadimiseks ja pinnase v\u00f5i prahi teisaldamiseks. Selle h\u00fcdrauliline j\u00f5ud annab vajaliku j\u00f5u pinnasesse tungimiseks, muutes selle t\u00f5husate kaevet\u00f6\u00f6de oluliseks komponendiks.<\/p>\n<h3>P\u00f5llumajandustehnika<\/h3>\n<p>Esilaadurites kasutatakse noole silindrit mulla, heina ja muude materjalide kopeerimiseks, t\u00f5stmiseks ja transportimiseks. See mitmek\u00fclgsus v\u00f5imaldab p\u00f5llumeestel mitmesuguseid \u00fclesandeid t\u00f5husalt t\u00e4ita, suurendades p\u00f5llumajandustegevuse tootlikkust.<\/p>\n<h3>Ekskavaatorid<\/h3>\n<p>Noole silinder v\u00f5imaldab kopal pinnasesse tungida, h\u00f5lbustades kaevamistoiminguid, mis on ehitus- ja haljastusprojektide jaoks olulised. See v\u00f5ime on \u00fclioluline mitmesuguste kaevet\u00f6\u00f6de tegemiseks.<\/p>\n<h3>Laadurid<\/h3>\n<p>Frontaallaaduritel aitavad noolesilindrid koormaid t\u00f5husalt t\u00f5sta ja t\u00fchjendada. See funktsioon on ehituse ja materjalide k\u00e4itlemise jaoks kriitilise t\u00e4htsusega, parandades tegevuse efektiivsust ja tulemuslikkust.<\/p>\n<h2>Projekteerimiskaalutlused ja valikukriteeriumid<\/h2>\n<h3>Kandev\u00f5ime<\/h3>\n<p>Noole silindri konstruktsioon peab olema selline, mis mahutab t\u00f5stetava raskuse. Silindri t\u00f6\u00f6kindla toimimise tagamiseks t\u00f6\u00f6tingimustes on oluline arvutada eeldatav maksimaalne koormus.<\/p>\n<h3>Tihendusv\u00f5ime<\/h3>\n<p>H\u00fcdraulilise vedeliku lekke v\u00e4ltimiseks, mis v\u00f5ib viia s\u00fcsteemi ebaefektiivsuseni, on oluline korralik tihendamine. H\u00fcdraulilise r\u00f5hu s\u00e4ilitamiseks on h\u00e4davajalikud kvaliteetsed tihendid, mis on valmistatud sellistest materjalidest nagu pol\u00fcuretaan ja nitriilkummi.<\/p>\n<h3>Vastupidavus<\/h3>\n<p>Vastupidavus on v\u00f5tmetegur, kuna poomi silinder puutub kokku karmide keskkondadega. Kulumis- ja korrosioonikindlad materjalid ja katted on pikaealisuse tagamiseks vajalikud, v\u00e4hendades vahetuste sagedust ja kulusid.<\/p>\n<h3>Turvaelemendid<\/h3>\n<p>H\u00fcdrauliliste s\u00fcsteemidega tegelemisel on ohutus esmat\u00e4htis. Projekteerimisel peavad olema ohutusfunktsioonid ootamatute rikete v\u00e4ltimiseks, sealhulgas \u00fcler\u00f5huventiilid ja sobivad kinnitusmehhanismid silindri stabiliseerimiseks t\u00f6\u00f6tamise ajal.<\/p>\n<h3>Hooldatavus<\/h3>\n<p>Hea disain peaks h\u00f5lbustama hooldust. Komponendid, millele on lihtne ligi p\u00e4\u00e4seda kontrollimiseks, m\u00e4\u00e4rimiseks ja osade vahetamiseks, aitavad kaasa masina \u00fcldisele efektiivsusele.<\/p>\n<p><img decoding=\"async\" src=\"https:\/\/www.hydraulic-cylinders.net\/wp-content\/uploads\/2025\/04\/songte-oil-pipes-and-spare-parts.webp\" alt=\"\u00d5litorud ja varuosad\"><\/p>\n<h2>Tihendus ja m\u00e4\u00e4rimine<\/h2>\n<p>H\u00fcdrosilindri t\u00f5husa t\u00f6\u00f6 tagamiseks on h\u00e4davajalik kasutada mitmesuguseid tihenduskomponente, n\u00e4iteks kolvitihendeid ja vardatihendeid. Vastupidavatest materjalidest, nagu pol\u00fcuretaan ja nitriilkummi, valmistatud tihendid pakuvad kulumiskindlust. Silindri korpus ja keermestatud pinnad l\u00e4bivad peene t\u00f6\u00f6tluse, et suurendada nende kulumiskindlust. Optimaalse j\u00f5udluse s\u00e4ilitamiseks ja kahjustuste v\u00e4ltimiseks on vajalik ka regulaarne m\u00e4\u00e4rimine h\u00fcdraulika\u00f5liga.<\/p>\n<h2>Ennetavad hooldusmeetmed<\/h2>\n<ul>\n<li><strong>Regulaarsed kontrollid:<\/strong> Planeerige regulaarseid kontrolle, et tuvastada kulumine enne, kui see t\u00f5siseks probleemiks muutub.<\/li>\n<li><strong>\u00d5ige m\u00e4\u00e4rimine:<\/strong> Veenduge, et h\u00fcdraulika\u00f5li tase on piisav ja et m\u00e4\u00e4rimiseks kasutatakse \u00f5iget t\u00fc\u00fcpi \u00f5li.<\/li>\n<li><strong>Tihendi vahetamine:<\/strong> J\u00e4lgige tihendeid kulumisj\u00e4lgede suhtes ja vahetage need vastavalt vajadusele v\u00e4lja, et v\u00e4ltida vedeliku lekkeid.<\/li>\n<\/ul>\n<h2>Paigaldusjuhised<\/h2>\n<p>Poomi silindri paigaldamisel veenduge, et k\u00f5ik komponendid oleksid \u00f5igesti joondatud, et v\u00e4ltida silindrile liigset pinget. Kasutage silindri kinnitamiseks sobivaid kinnitusklambreid. Kahjustuste v\u00e4ltimiseks j\u00e4rgige tootja juhiseid p\u00f6\u00f6rdemomentide kohta. Veenduge, et h\u00fcdraulikavoolikud oleksid takistustest vabad ja korralikult \u00fchendatud, et tagada sujuv t\u00f6\u00f6.<\/p>\n<h2>Levinumad hooldust\u00f6\u00f6d<\/h2>\n<ul>\n<li><strong>Regulaarne kontroll:<\/strong> Tehke sagedasi kontrolle, et kontrollida kulumise v\u00f5i lekete m\u00e4rke. Varajane avastamine aitab v\u00e4ltida suuremaid remondit\u00f6id tulevikus.<\/li>\n<li><strong>\u00d5ige m\u00e4\u00e4rimine:<\/strong> H\u00fcdraulikas\u00fcsteemi sujuva t\u00f6\u00f6 tagamiseks hoidke \u00f5iget m\u00e4\u00e4rimistaset. See v\u00e4hendab h\u00f5\u00f5rdumist ja pikendab komponentide eluiga.<\/li>\n<li><strong>Tihendi vahetamine:<\/strong> Kontrollige regulaarselt tihendite kulumist ja vahetage need vastavalt vajadusele, et v\u00e4ltida h\u00fcdraulikavedeliku lekkeid, tagades s\u00fcsteemi t\u00f5hususe s\u00e4ilimise.<\/li>\n<\/ul>\n<h2>Ohutuskaalutlused ja keskkonnategurid<\/h2>\n<p>H\u00fcdrauliliste s\u00fcsteemidega t\u00f6\u00f6tamisel on \u00fclioluline rakendada ohutusmeetmeid. Operaatorid peaksid kandma sobivaid isikukaitsevahendeid ja olema koolitatud h\u00fcdrauliliste masinate ohutuks k\u00e4sitsemiseks. Keskkonnam\u00f5ju leevendamiseks on vajalik h\u00fcdrauliliste vedelike ja kasutatud komponentide n\u00f5uetekohane utiliseerimine.<\/p>\n<h2>Veaotsing ja levinud probleemid<\/h2>\n<ul>\n<li><strong>Leke:<\/strong> Kontrollige tihendite v\u00f5i \u00fchenduste lekkeid; vahetage kahjustatud tihendid v\u00e4lja ja veenduge, et \u00fchendused on tihedad.<\/li>\n<li><strong>Aeglane t\u00f6\u00f6:<\/strong> Kontrollige h\u00fcdraulikavedeliku taset ja vajadusel vahetage see v\u00e4lja, samuti kontrollige h\u00fcdraulikavoolikute ummistusi.<\/li>\n<li><strong>Ebaj\u00e4rjekindel j\u00f5udlus:<\/strong> Kontrollige silindris kahjustatud komponente ja veenduge, et k\u00f5ik tihendid on terved ja t\u00f6\u00f6tavad.<\/li>\n<\/ul>\n<p>Ennetavate meetmete rakendamine v\u00f5ib potentsiaalseid probleeme oluliselt v\u00e4hendada. Regulaarne hooldus aitab s\u00fcsteemi sujuvalt t\u00f6\u00f6korras hoida, minimeerides seisakuid.<\/p>\n<p><img decoding=\"async\" src=\"https:\/\/www.hydraulic-cylinders.net\/wp-content\/uploads\/2025\/04\/songte-bushings-with-all-kinds-of-excavator-models.webp\" alt=\"Ekskavaatorimudelite puksid\"><\/p>\n<h2>Meie ettev\u00f5te<\/h2>\n<p>Oleme asendush\u00fcdrauliliste silindrite tootja, kes on tuntud oma laia tootevaliku poolest, mis on teinud meist \u00fche juhtiva tootja ja hulgim\u00fc\u00fcja nii sise- kui ka rahvusvahelisel turul. Meie p\u00fchendumust tipptasemele toetab t\u00e4iustatud tootmisjuhtimise strateegia meie tipptasemel tootmis\u00fcksustes.<\/p>\n<p>T\u00e4iustame pidevalt oma tootmisplatvormi, investeerides oskuslikesse tehnilistesse t\u00f6\u00f6tajatesse, t\u00e4iustatud digitaalsetesse tootmisseadmetesse ja professionaalsetesse testimiss\u00fcsteemidesse. Meie keskendumine k\u00f5rgele t\u00f5hususele, t\u00e4psusele ja kvaliteedile on koosk\u00f5las meie klientide mitmekesiste vajadustega.<\/p>\n<p><img decoding=\"async\" src=\"https:\/\/www.hydraulic-cylinders.net\/wp-content\/uploads\/2025\/04\/songte-company-4.webp\" alt=\"Ettev\u00f5tte \u00fclevaade\"><br \/>\n<img decoding=\"async\" src=\"https:\/\/www.hydraulic-cylinders.net\/wp-content\/uploads\/2025\/04\/songte-company-3.webp\" alt=\"Tootmisseadmed\"><\/p>\n<p>Autor: lyl<\/p>","protected":false},"excerpt":{"rendered":"<p>Boom Cylinder For Yuchai YC35-8 Product Overview The Boom Cylinder for Yuchai YC35-8 is a specialized hydraulic cylinder designed to control the movement of the boom in heavy machinery such as excavators, backhoe loaders, and front loaders. This type of hydraulic cylinder plays a crucial role in various material handling tasks, allowing operators to lift, [&hellip;]<\/p>","protected":false},"featured_media":17869,"comment_status":"open","ping_status":"closed","template":"","meta":{"_et_pb_use_builder":"","_et_pb_old_content":"","_et_gb_content_width":""},"product_brand":[],"product_cat":[1546],"product_tag":[1547,1496],"class_list":{"0":"post-19576","1":"product","2":"type-product","3":"status-publish","4":"has-post-thumbnail","6":"product_cat-boom-cylinders","7":"product_tag-boom-cylinders","8":"product_tag-hydraulic-cylinders","10":"first","11":"instock","12":"shipping-taxable","13":"product-type-simple"},"amp_enabled":true,"_links":{"self":[{"href":"https:\/\/www.hydraulic-cylinders.net\/et\/wp-json\/wp\/v2\/product\/19576","targetHints":{"allow":["GET"]}}],"collection":[{"href":"https:\/\/www.hydraulic-cylinders.net\/et\/wp-json\/wp\/v2\/product"}],"about":[{"href":"https:\/\/www.hydraulic-cylinders.net\/et\/wp-json\/wp\/v2\/types\/product"}],"replies":[{"embeddable":true,"href":"https:\/\/www.hydraulic-cylinders.net\/et\/wp-json\/wp\/v2\/comments?post=19576"}],"wp:featuredmedia":[{"embeddable":true,"href":"https:\/\/www.hydraulic-cylinders.net\/et\/wp-json\/wp\/v2\/media\/17869"}],"wp:attachment":[{"href":"https:\/\/www.hydraulic-cylinders.net\/et\/wp-json\/wp\/v2\/media?parent=19576"}],"wp:term":[{"taxonomy":"product_brand","embeddable":true,"href":"https:\/\/www.hydraulic-cylinders.net\/et\/wp-json\/wp\/v2\/product_brand?post=19576"},{"taxonomy":"product_cat","embeddable":true,"href":"https:\/\/www.hydraulic-cylinders.net\/et\/wp-json\/wp\/v2\/product_cat?post=19576"},{"taxonomy":"product_tag","embeddable":true,"href":"https:\/\/www.hydraulic-cylinders.net\/et\/wp-json\/wp\/v2\/product_tag?post=19576"}],"curies":[{"name":"wp","href":"https:\/\/api.w.org\/{rel}","templated":true}]}}