{"id":19578,"date":"2025-04-07T06:55:27","date_gmt":"2025-04-07T06:55:27","guid":{"rendered":"https:\/\/www.hydraulic-cylinders.net\/product\/boom-cylinder-for-yuchai-yc55-8\/"},"modified":"2025-04-07T06:55:30","modified_gmt":"2025-04-07T06:55:30","slug":"boom-cylinder-for-yuchai-yc55-8","status":"publish","type":"product","link":"https:\/\/www.hydraulic-cylinders.net\/et\/toode\/boom-cylinder-for-yuchai-yc55-8\/","title":{"rendered":"Yuchai YC55-8 poomi silinder"},"content":{"rendered":"<h1>Yuchai YC55-8 poomi silinder<\/h1>\n<h2>Toote \u00fclevaade<\/h2>\n<p>Yuchai YC55-8 poomi silinder on rasketehnika oluline komponent, mis on spetsiaalselt loodud koppade liikumise juhtimiseks erinevates rakendustes. See h\u00fcdrauliline silinder on oluline ekskavaatorite, laadurite ja esilaadurite jaoks, v\u00f5imaldades kopa t\u00f5stmist, langetamist ja kallutamist t\u00e4pselt juhtida. Nende liikumiste h\u00f5lbustamisega m\u00e4ngib see olulist rolli materjali k\u00e4itlemise \u00fclesannetes, tagades tegevuse t\u00f5hususe ja tulemuslikkuse.<\/p>\n<p><img decoding=\"async\" src=\"https:\/\/www.hydraulic-cylinders.net\/wp-content\/uploads\/2025\/04\/songte-company-1.webp\" alt=\"Poomi silinder\"><\/p>\n<h3>Definitsioon ja funktsioon<\/h3>\n<p>Kopa silinder on spetsiaalne h\u00fcdrauliline silinder, mida kasutatakse raskete masinate kopa liikumise juhtimiseks. Selle peamine \u00fclesanne on kopa t\u00f5stmine, langetamine ja kallutamine materjali k\u00e4itlemise optimeerimiseks. Need silindrid kasutavad liikumise tekitamiseks r\u00f5hu all olevat h\u00fcdraulilist vedelikku, mis v\u00f5imaldab operaatoritel h\u00f5lpsalt t\u00e4ita selliseid \u00fclesandeid nagu kaevamine, laadimine ja materjalide transportimine. Poomi silindrite konstruktsioonis on arvestatud suure tugevuse ja vastupidavusega, mist\u00f5ttu on need olulised mitmesugustes n\u00f5udlikes keskkondades.<\/p>\n<h2>Peamised omadused<\/h2>\n<ul>\n<li><strong>Suur tugevus ja vastupidavus:<\/strong> Tavaliselt valmistatud \u00fclitugevast terasest v\u00f5i alumiiniumist, taluvad need silindrid k\u00f5rget r\u00f5hku ja suuri koormusi, mist\u00f5ttu sobivad need karmideks t\u00f6\u00f6tingimusteks.<\/li>\n<li><strong>T\u00f5hus h\u00fcdrauliline t\u00f6\u00f6:<\/strong> Poomi silinder t\u00f6\u00f6tab sujuvalt, reageerides juhtimisk\u00e4sklustele kiiresti ning pakkudes m\u00e4rkimisv\u00e4\u00e4rseid t\u00f5uke- ja t\u00f5mbej\u00f5ude raskete ja keerukate \u00fclesannete t\u00e4itmiseks.<\/li>\n<li><strong>Erinevad t\u00fc\u00fcbid:<\/strong> Saadaval nii \u00fche- kui ka kahetoimelise variandina, mis v\u00f5imaldab kohandatud lahendusi vastavalt erinevatele t\u00f6\u00f6vajadustele. M\u00f5ned mudelid on teleskoopilised, v\u00f5imaldades suuremat pikendamist ilma v\u00e4lism\u00f5\u00f5tmeid suurendamata, mis sobib ideaalselt kitsastesse ruumidesse.<\/li>\n<\/ul>\n<p>Saame seda toodet ideaalselt toota, et olemasolevaid h\u00fcdrosilindreid sujuvalt asendada. <\/p>\n<p><img decoding=\"async\" src=\"https:\/\/www.hydraulic-cylinders.net\/wp-content\/uploads\/2025\/04\/songte-cylinder-head-with-all-kinds-excavator-models.webp\" alt=\"Ekskavaatori mudelid\"><\/p>\n<h2>Rakendused<\/h2>\n<h3>Ehitustehnika<\/h3>\n<p>Ekskavaatorites on noolesilindrid \u00fcliolulised kaevamiseks, laadimiseks ja mulla v\u00f5i prahi teisaldamiseks. Need t\u00e4iustavad kaevamisprotsessi, v\u00f5imaldades operaatoritel kontrollida kopa s\u00fcgavust ja nurka, maksimeerides materjali eemaldamise efektiivsust.<\/p>\n<h3>P\u00f5llumajandustehnika<\/h3>\n<p>Esilaadurites aitavad noolesilindrid mulda, heina ja mitmesuguseid materjale \u00fcles korjata, t\u00f5sta ja transportida. Nende vastupidav konstruktsioon tagab usaldusv\u00e4\u00e4rse j\u00f5udluse p\u00f5llumajanduslikes tingimustes, kus need saavad keeruliste \u00fclesannetega t\u00f5husalt hakkama.<\/p>\n<h3>Ekskavaatorid<\/h3>\n<p>Kopasilindrid v\u00f5imaldavad ekskavaatoritel t\u00f5husalt pinnasesse tungida, v\u00f5imaldades sujuvat kaevamist. Nende disain v\u00f5imaldab kopa t\u00e4pset positsioneerimist, tagades optimaalse j\u00f5udluse kaevamist\u00f6\u00f6de ajal.<\/p>\n<h3>Laadurid<\/h3>\n<p>Esilaadurites aitavad noolesilindrid materjale t\u00f5husalt t\u00f5sta ja t\u00fchjendada. Nende usaldusv\u00e4\u00e4rne t\u00f6\u00f6 tagab raskete koormate ohutu k\u00e4sitsemise, suurendades t\u00f6\u00f6objektide tootlikkust.<\/p>\n<h2>Projekteerimiskaalutlused ja valikukriteeriumid<\/h2>\n<h3>Kandev\u00f5ime<\/h3>\n<p>Kandev\u00f5ime on noolesilindri valimisel kriitilise t\u00e4htsusega tegur. See viitab maksimaalsele raskusele, mida silinder suudab ohutult t\u00f5sta, ning selle m\u00e4\u00e4ravad silindri materjal, suurus ja h\u00fcdrauliline konstruktsioon. Ohutu t\u00f6\u00f6 tagamiseks on oluline tagada, et silinder suudaks vajaliku koormusega riketeta hakkama saada.<\/p>\n<h3>Tihendusmehhanismid<\/h3>\n<p>T\u00f5hus tihendamine on h\u00fcdraulilise vedeliku lekete v\u00e4ltimiseks ja optimaalse j\u00f5udluse tagamiseks \u00fclioluline. Kvaliteetsete tihendite, n\u00e4iteks kolvi- ja varrastihendite valik, mis on valmistatud vastupidavatest materjalidest nagu pol\u00fcuretaan v\u00f5i nitriilkummi, suurendab silindri pikaealisust ja efektiivsust.<\/p>\n<h3>Vastupidavus<\/h3>\n<p>Vastupidavus on karmides keskkondades, kus noolesilindrid t\u00f6\u00f6tavad, \u00fclioluline. Konstruktsioon peaks sisaldama kulumiskindlaid materjale ja katteid, mis taluvad h\u00f5\u00f5rdumist, korrosiooni ja r\u00f5huk\u00f5ikumisi, tagades pika kasutusea ja v\u00e4hendatud hooldusvajaduse.<\/p>\n<h3>Turvaelemendid<\/h3>\n<p>Silindri rikete p\u00f5hjustatud \u00f5nnetuste v\u00e4ltimiseks on vaja arvestada ohutusfunktsioonidega, nagu r\u00f5huvabastusventiilid ja tugevad kinnitusklambrid. Need omadused tagavad h\u00fcdros\u00fcsteemi ohutu t\u00f6\u00f6 erinevates tingimustes.<\/p>\n<h3>Hoolduse ligip\u00e4\u00e4setavus<\/h3>\n<p>H\u00fcdrosilindrite projekteerimine hooldust silmas pidades h\u00f5lbustab lihtsat kontrolli ja remonti. Sellised omadused nagu ligip\u00e4\u00e4setavad m\u00e4\u00e4rdeniplid ja h\u00f5lpsasti vahetatavad tihendid aitavad minimeerida seisakuid ja t\u00f6\u00f6katkestusi.<\/p>\n<p><img decoding=\"async\" src=\"https:\/\/www.hydraulic-cylinders.net\/wp-content\/uploads\/2025\/04\/songte-oil-pipes-and-spare-parts.webp\" alt=\"H\u00fcdraulilised osad\"><\/p>\n<h2>Tihendus ja m\u00e4\u00e4rimine<\/h2>\n<p>Poomi silindrite pikaealisuse tagamine h\u00f5lmab mitmesuguste tihenduskomponentide, n\u00e4iteks kolvitihendite ja varrastihendite kasutamist. Kvaliteetsed materjalid, sealhulgas pol\u00fcuretaan ja nitriilkummi, on valitud nende kulumiskindluse ja vastupidavuse t\u00f5ttu. Silindri korpuse ja keermestatud otste n\u00f5uetekohane pinnat\u00f6\u00f6tlus suurendab kulumiskindlust, hoides \u00e4ra enneaegse rikke. Regulaarne m\u00e4\u00e4rimine h\u00fcdraulika\u00f5liga on optimaalse j\u00f5udluse s\u00e4ilitamiseks ja kulumise v\u00e4ltimiseks h\u00e4davajalik.<\/p>\n<h2>Regulaarne kontroll ja ennetav hooldus<\/h2>\n<ul>\n<li><strong>Regulaarsed kontrollid:<\/strong> Regulaarsete visuaalsete kontrollide tegemine aitab kulumist varakult tuvastada. Otsige \u00f5lilekke, korrosiooni v\u00f5i konstruktsioonikahjustuste m\u00e4rke.<\/li>\n<li><strong>\u00d5ige m\u00e4\u00e4rimine:<\/strong> Veenduge, et h\u00fcdraulika\u00f5li tase on piisav ja \u00f5li puhas, et s\u00e4ilitada efektiivne m\u00e4\u00e4rimine, mis on silindrite toimimise jaoks \u00fclioluline.<\/li>\n<li><strong>Tihendi vahetamine:<\/strong> Kontrollige regulaarselt tihendite kulumist. Nende vahetamine esimeste kulumism\u00e4rkide ilmnemisel aitab v\u00e4ltida kulukaid remondit\u00f6id ja seisakuid.<\/li>\n<\/ul>\n<h2>Paigaldusjuhised<\/h2>\n<p>Poomi silindri \u00f5ige paigaldamine on optimaalse j\u00f5udluse saavutamiseks \u00fclioluline. Alustage veendumisest, et kinnituspinnad on puhtad ja prahist vabad. Kasutage silindri t\u00e4pseks positsioneerimiseks \u00f5igeid joondust\u00f6\u00f6riistu, v\u00e4ltides joondusvigu, mis v\u00f5ivad p\u00f5hjustada enneaegset kulumist. Kinnitage silinder sobivate kinnitusklambritega, et v\u00e4ltida liikumist t\u00f6\u00f6tamise ajal. P\u00f6\u00f6rdemomendi s\u00e4tete osas j\u00e4rgige alati tootja spetsifikatsioone, et tagada kindel paigaldus. P\u00e4rast paigaldamist testige s\u00fcsteemi kontrollitud tingimustes, et veenduda, et k\u00f5ik toimib \u00f5igesti.<\/p>\n<h2>Levinumad hooldust\u00f6\u00f6d<\/h2>\n<ul>\n<li><strong>Regulaarsed kontrollid:<\/strong> Kulumis- v\u00f5i kahjustuste m\u00e4rke tuleks j\u00e4lgida regulaarselt. See h\u00f5lmab ballooni lekete kontrollimist ja k\u00f5igi \u00fchenduste kinnituse veendumist.<\/li>\n<li><strong>\u00d5ige m\u00e4\u00e4rimine:<\/strong> Veenduge, et k\u00f5ik liikuvad osad oleksid piisavalt m\u00e4\u00e4ritud, et v\u00e4hendada h\u00f5\u00f5rdumist ja kulumist. Kontrollige regulaarselt m\u00e4\u00e4rimistaset ja lisage vastavalt vajadusele.<\/li>\n<li><strong>Tihendi vahetamine:<\/strong> H\u00fcdraulikavedeliku lekete v\u00e4ltimiseks, mis v\u00f5ivad p\u00f5hjustada j\u00f5udluse v\u00e4henemist ja s\u00fcsteemi rikkeid, tuleks tihendeid regulaarselt kulumise suhtes kontrollida ja vajadusel vahetada.<\/li>\n<\/ul>\n<h2>Ohutuskaalutlused ja keskkonnategurid<\/h2>\n<p>H\u00fcdrauliliste s\u00fcsteemide k\u00e4itamisel on ohutusmeetmed \u00fcliolulised. Operaatorid peaksid olema koolitatud seadmete ohutuks kasutamiseks ja olema teadlikud v\u00f5imalikest ohtudest. Kanda tuleks kaitsevarustust ja teha regulaarseid hoolduskontrolle, et maandada mis tahes t\u00f6\u00f6riske. Lisaks on h\u00fcdrauliliste vedelike ja j\u00e4\u00e4tmete n\u00f5uetekohane k\u00f5rvaldamine keskkonnam\u00f5ju minimeerimiseks \u00fclioluline, j\u00e4rgides kohalikke eeskirju.<\/p>\n<h2>Levinud probleemide t\u00f5rkeotsing<\/h2>\n<ul>\n<li><strong>Leke:<\/strong> Kui silindrist lekib h\u00fcdraulikavedelikku, kontrollige tihendeid ja \u00fchendusi kulumise v\u00f5i kahjustuste suhtes. T\u00f6\u00f6 taastamiseks vahetage k\u00f5ik vigased komponendid v\u00e4lja.<\/li>\n<li><strong>V\u00e4hendatud j\u00f5udlus:<\/strong> Kui silinder ei ulatu v\u00e4lja ega t\u00f5mbu sisse sujuvalt, kontrollige h\u00fcdraulikavedeliku taset ja kvaliteeti. Saastunud vedelik v\u00f5ib vajada v\u00e4ljavahetamist.<\/li>\n<li><strong>Ebatavalised helid:<\/strong> T\u00f6\u00f6tamise ajal tekkivad m\u00fcrad v\u00f5ivad viidata mehaanilistele probleemidele v\u00f5i \u00f5hule h\u00fcdraulikas\u00fcsteemis. \u00d5hutage s\u00fcsteemi \u00f5hk v\u00e4lja ja kontrollige kahjustatud komponente.<\/li>\n<\/ul>\n<p>Ennetusmeetmete hulka kuuluvad regulaarsed kontrollid ja kiire remont, et minimeerida v\u00f5imalikke probleeme, tagades s\u00fcsteemi t\u00f5rgeteta toimimise.<\/p>\n<p><img decoding=\"async\" src=\"https:\/\/www.hydraulic-cylinders.net\/wp-content\/uploads\/2025\/04\/songte-bushings-with-all-kinds-of-excavator-models.webp\" alt=\"Ekskavaatori osad\"><\/p>\n<h2>Meie ettev\u00f5ttest<\/h2>\n<p>Oleme juhtiv asendush\u00fcdrauliliste silindrite tootja, pakkudes laia tootevalikut nii sise- kui ka rahvusvahelistele turgudele. Meie p\u00fchendumust tipptasemele toetab t\u00e4iustatud tootmisjuhtimise strateegia, mis keskendub kvaliteetsele tootmisele. Oskusliku t\u00f6\u00f6j\u00f5u, t\u00e4iustatud k\u00f5rgtehnoloogiliste tootmisseadmete ja tugeva kvaliteedikontrollis\u00fcsteemi abil t\u00e4iustame pidevalt oma tootmisv\u00f5imalusi, tagades, et rahuldame klientide mitmekesiseid vajadusi suure t\u00f5hususega, t\u00e4psuse ja kvaliteediga.<\/p>\n<p>Meie ekspertiis h\u00f5lmab j\u00e4rgmist:<\/p>\n<ul>\n<li><strong>Professionaalsus:<\/strong> Meie meeskond koosneb h\u00fcdraulikas\u00fcsteemide ekspertidest, kes tagavad tipptasemel toodete tarnimise.<\/li>\n<li><strong>Rahvusvahelised sertifikaadid:<\/strong> J\u00e4rgime \u00fclemaailmseid standardeid, pakkudes tooteid, mis vastavad rangetele kvaliteedin\u00f5uetele.<\/li>\n<li><strong>Kohandatud teenused:<\/strong> Pakume kliendi erivajaduste rahuldamiseks kohandatud lahendusi.<\/li>\n<li><strong>T\u00e4iustatud tootmisseadmed:<\/strong> Meie tipptasemel tootmisseadmed tagavad kvaliteetse toodangu.<\/li>\n<li><strong>M\u00fc\u00fcgij\u00e4rgne tugi:<\/strong> Meie p\u00fchendunud tugimeeskond on valmis kliente abistama k\u00f5igi ostuj\u00e4rgsete k\u00fcsimuste v\u00f5i probleemide korral.<\/li>\n<\/ul>\n<p><img decoding=\"async\" src=\"https:\/\/www.hydraulic-cylinders.net\/wp-content\/uploads\/2025\/04\/songte-company-4.webp\" alt=\"Ettev\u00f5tte \u00fclevaade\"><br \/>\n<img decoding=\"async\" src=\"https:\/\/www.hydraulic-cylinders.net\/wp-content\/uploads\/2025\/04\/songte-company-3.webp\" alt=\"Ettev\u00f5tte rajatised\"><\/p>\n<p>Autor: lyl<\/p>","protected":false},"excerpt":{"rendered":"<p>Boom Cylinder For Yuchai YC55-8 Product Overview The Boom Cylinder for Yuchai YC55-8 is a critical component in heavy machinery, specifically designed to control the movement of buckets in various applications. This hydraulic cylinder is essential for excavators, backhoes, and front loaders, allowing for precise manipulation of the bucket&#8217;s elevation, lowering, and tilting. By facilitating [&hellip;]<\/p>","protected":false},"featured_media":17871,"comment_status":"open","ping_status":"closed","template":"","meta":{"_et_pb_use_builder":"","_et_pb_old_content":"","_et_gb_content_width":""},"product_brand":[],"product_cat":[1546],"product_tag":[1547,1496],"class_list":{"0":"post-19578","1":"product","2":"type-product","3":"status-publish","4":"has-post-thumbnail","6":"product_cat-boom-cylinders","7":"product_tag-boom-cylinders","8":"product_tag-hydraulic-cylinders","10":"first","11":"instock","12":"shipping-taxable","13":"product-type-simple"},"amp_enabled":true,"_links":{"self":[{"href":"https:\/\/www.hydraulic-cylinders.net\/et\/wp-json\/wp\/v2\/product\/19578","targetHints":{"allow":["GET"]}}],"collection":[{"href":"https:\/\/www.hydraulic-cylinders.net\/et\/wp-json\/wp\/v2\/product"}],"about":[{"href":"https:\/\/www.hydraulic-cylinders.net\/et\/wp-json\/wp\/v2\/types\/product"}],"replies":[{"embeddable":true,"href":"https:\/\/www.hydraulic-cylinders.net\/et\/wp-json\/wp\/v2\/comments?post=19578"}],"wp:featuredmedia":[{"embeddable":true,"href":"https:\/\/www.hydraulic-cylinders.net\/et\/wp-json\/wp\/v2\/media\/17871"}],"wp:attachment":[{"href":"https:\/\/www.hydraulic-cylinders.net\/et\/wp-json\/wp\/v2\/media?parent=19578"}],"wp:term":[{"taxonomy":"product_brand","embeddable":true,"href":"https:\/\/www.hydraulic-cylinders.net\/et\/wp-json\/wp\/v2\/product_brand?post=19578"},{"taxonomy":"product_cat","embeddable":true,"href":"https:\/\/www.hydraulic-cylinders.net\/et\/wp-json\/wp\/v2\/product_cat?post=19578"},{"taxonomy":"product_tag","embeddable":true,"href":"https:\/\/www.hydraulic-cylinders.net\/et\/wp-json\/wp\/v2\/product_tag?post=19578"}],"curies":[{"name":"wp","href":"https:\/\/api.w.org\/{rel}","templated":true}]}}