{"id":19579,"date":"2025-04-07T06:55:30","date_gmt":"2025-04-07T06:55:30","guid":{"rendered":"https:\/\/www.hydraulic-cylinders.net\/product\/boom-cylinder-for-yuchai-yc85-8\/"},"modified":"2025-04-07T06:55:39","modified_gmt":"2025-04-07T06:55:39","slug":"boom-cylinder-for-yuchai-yc85-8","status":"publish","type":"product","link":"https:\/\/www.hydraulic-cylinders.net\/et\/toode\/boom-cylinder-for-yuchai-yc85-8\/","title":{"rendered":"Yuchai YC85-8 poomi silinder"},"content":{"rendered":"<h1>Yuchai YC85-8 poomi silinder<\/h1>\n<h2>Sissejuhatus poomi silindritesse<\/h2>\n<p>Noole silinder on h\u00fcdraulikas\u00fcsteemide oluline komponent, mis on spetsiaalselt loodud poomi liikumise juhtimiseks rasketes masinates, nagu ekskavaatorid, laadur-ekskavaatorid ja esilaadurid. See h\u00fcdrauliline silinder v\u00f5imaldab poomil t\u00f5sta, langetada ja kallutada, h\u00f5lbustades t\u00f5husaid materjalik\u00e4itlust\u00f6id. Noole silinder on sisuliselt h\u00fcdrauliline ajam, mis tugineb liikumise loomiseks vedeliku r\u00f5hule, m\u00e4ngides seega olulist rolli ehitus- ja p\u00f5llumajandustehnika \u00fcldises funktsionaalsuses.<\/p>\n<p><img decoding=\"async\" src=\"https:\/\/www.hydraulic-cylinders.net\/wp-content\/uploads\/2025\/04\/songte-company-1.webp\" alt=\"Yuchai YC85-8 poomi silinder\"><\/p>\n<h3>Poomi silindri omadused<\/h3>\n<ul>\n<li><strong>Suur tugevus ja vastupidavus:<\/strong> Need \u00fclitugevast terasest v\u00f5i alumiiniumist valmistatud silindrid taluvad k\u00f5rget r\u00f5hku ja suuri koormusi, mist\u00f5ttu sobivad need karmidesse t\u00f6\u00f6keskkondadesse. Need on konstrueeritud kulumiskindlaks ja korrosioonikindlaks, mis pikendab nende eluiga.<\/li>\n<li><strong>T\u00f5hus h\u00fcdrauliline t\u00f6\u00f6:<\/strong> Poomi silinder kasutab sujuvaks pikendamiseks ja tagasit\u00f5mbamiseks h\u00fcdraulika\u00f5li r\u00f5hku, tagades kiire reageerimise juhtimisk\u00e4sklustele ning tugeva t\u00f5uke- ja t\u00f5mbej\u00f5u, mis sobib ideaalselt raskete ja keerukate \u00fclesannete t\u00e4itmiseks.<\/li>\n<li><strong>Erinevad t\u00fc\u00fcbid:<\/strong> Saadaval \u00fchetoimelise (h\u00fcdrauliline toime \u00fches suunas) v\u00f5i kahetoimelise (h\u00fcdrauliline toime m\u00f5lemas suunas) konstruktsioonina, et rahuldada erinevaid t\u00f6\u00f6vajadusi. Teatud mudelid on teleskoopilised, mis v\u00f5imaldab suuremat pikendamist ilma v\u00e4lism\u00f5\u00f5tmeid suurendamata, sobides ruumikitsastes rakendustes.<\/li>\n<li><strong>Kohandatud tootmine:<\/strong> Saame toota noolesilindreid, mis asendavad ideaalselt olemasolevaid h\u00fcdrosilindreid, tagades \u00fchilduvuse ja j\u00f5udluse.<\/li>\n<li><strong>Kvaliteedi tagamine:<\/strong> Meie tootmisprotsess h\u00f5lmab suurt t\u00e4psust ja ranget kvaliteedikontrolli, et tagada optimaalne j\u00f5udlus ja t\u00f6\u00f6kindlus.<\/li>\n<\/ul>\n<p><img decoding=\"async\" src=\"https:\/\/www.hydraulic-cylinders.net\/wp-content\/uploads\/2025\/04\/songte-cylinder-head-with-all-kinds-excavator-models.webp\" alt=\"H\u00fcdrauliliste silindrite tootmine\"><\/p>\n<h2>Poomi silindrite rakendused<\/h2>\n<h3>Ehitustehnika<\/h3>\n<p>Ekskavaatorites on noolesilindrid kaevamise, laadimise ja mulla v\u00f5i prahi teisaldamise lahutamatu osa. Need mitte ainult ei h\u00f5lbusta kaevamist, vaid aitavad ka koppa t\u00f5sta ja nurka seada optimaalse materjali k\u00e4itlemise jaoks. Nende silindrite t\u00f5husus parandab ehitusplatsidel \u00fcldist tootlikkust, v\u00f5imaldades masinatel t\u00e4ita laiemat valikut \u00fclesandeid t\u00e4pselt.<\/p>\n<h3>P\u00f5llumajandustehnika<\/h3>\n<p>Esilaadurites kasutatavad noolesilindrid on olulised mulla, heina ja muude materjalide kopeerimiseks, t\u00f5stmiseks ja transportimiseks. Nende vastupidav konstruktsioon v\u00f5imaldab t\u00f6\u00f6tamist n\u00f5udlikes p\u00f5llumajanduskeskkondades, muutes need hindamatuks selliste \u00fclesannete jaoks nagu s\u00f6\u00f6da laadimine, j\u00e4\u00e4tmete k\u00e4itlemine ja puistematerjalide teisaldamine.<\/p>\n<h3>Kaevet\u00f6\u00f6d<\/h3>\n<p>Ekskavaatorites v\u00f5imaldab noole silinder kopal pinnasesse tungida, aidates kaasa t\u00f5husatele kaevamist\u00f6\u00f6dele. See h\u00fcdrauliline komponent suurendab masina v\u00f5imet toime tulla erineva pinnase tiheduse ja t\u00fc\u00fcpidega, muutes selle kohandatavaks erinevateks kaevamistingimusteks.<\/p>\n<h3>Laadimismasinad<\/h3>\n<p>Esilaaduritel aitavad noolesilindrid oluliselt kaasa koormate t\u00f5husale t\u00f5stmisele ja t\u00fchjendamisele. H\u00fcdrauliline konstruktsioon v\u00f5imaldab sujuvat liikumist ja t\u00e4pset juhtimist, tagades, et operaatorid saavad koormaid ohutult ja t\u00f5husalt man\u00f6\u00f6verdada.<\/p>\n<h2>Projekteerimiskaalutlused ja valikukriteeriumid<\/h2>\n<h3>Kandev\u00f5ime<\/h3>\n<p>Poomi silindri kandev\u00f5ime on kriitilise t\u00e4htsusega selle sobivuse m\u00e4\u00e4ramisel konkreetseteks rakendusteks. Ohutuse ja pikaealisuse tagamiseks on oluline valida silinder, mille kandev\u00f5ime \u00fcletab maksimaalset eeldatavat koormust. \u00dclekoormus v\u00f5ib p\u00f5hjustada silindri rikke, mis kujutab endast ohtu nii operaatorile kui ka seadmetele.<\/p>\n<h3>Tihendusmehhanismid<\/h3>\n<p>Tihendus on silindri h\u00fcdraulilise r\u00f5hu s\u00e4ilitamiseks \u00fclioluline. Kvaliteetsed tihendid, mis on valmistatud sellistest materjalidest nagu pol\u00fcuretaan v\u00f5i nitriilkummi, takistavad vedeliku lekkimist ja kaitsevad saasteainete eest. T\u00f5husad tihendusmehhanismid parandavad j\u00f5udlust ja pikendavad h\u00fcdraulikas\u00fcsteemi eluiga.<\/p>\n<h3>Vastupidavus<\/h3>\n<p>Poomi silindri vastupidavust m\u00f5jutavad selle valmistamisel kasutatud materjalid ja disain. Korrosioonikindlatest materjalidest valmistatud ja kulumisele vastupidavad silindrid toimivad paremini keerulistes keskkondades, v\u00e4hendades hooldusvajadust ja seisakuid.<\/p>\n<h3>Turvaelemendid<\/h3>\n<p>H\u00fcdrauliliste s\u00fcsteemidega t\u00f6\u00f6tamisel on ohutus esmat\u00e4htis. Poomi silindritel peaksid olema sellised funktsioonid nagu r\u00f5huvabastusventiilid ja ohutuslukud, et v\u00e4ltida juhuslikke liikumisi ja tagada ohutu t\u00f6\u00f6. Nende ohutusmeetmete m\u00f5istmine ja rakendamine on \u00fclioluline nii operaatorite kui ka masinate kaitsmiseks.<\/p>\n<h3>Hooldus ja remonditavus<\/h3>\n<p>Hoolduse lihtsus on oluline disainialane kaalutlus. Kiireks lahtiv\u00f5tmiseks konstrueeritud ja ligip\u00e4\u00e4setavate komponentidega noolesilindrid h\u00f5lbustavad rutiinseid kontrolle ja remonti. See v\u00e4hendab seisakuid ja hoolduskulusid, tagades samal ajal silindri maksimaalse efektiivsuse.<\/p>\n<p><img decoding=\"async\" src=\"https:\/\/www.hydraulic-cylinders.net\/wp-content\/uploads\/2025\/04\/songte-oil-pipes-and-spare-parts.webp\" alt=\"H\u00fcdrauliliste silindrite osad ja hooldus\"><\/p>\n<h2>Poomi silindrite tihendamine ja m\u00e4\u00e4rimine<\/h2>\n<p>T\u00f5hus tihendamine ja m\u00e4\u00e4rimine on poomi silindrite optimaalseks toimimiseks h\u00e4davajalikud. \u00d5hukindla sulgemise tagamiseks tuleks kasutada mitmesuguseid tihendite t\u00fc\u00fcpe, n\u00e4iteks kolvitihendeid ja vardatihendeid. Need tihendid on sageli valmistatud kulumiskindlatest materjalidest, sealhulgas pol\u00fcuretaanist ja nitriilkummist, mis pakuvad tugevat kaitset kulumise eest.<\/p>\n<p>Lisaks tuleb silindri korpust ja keermestatud otsi peenelt t\u00f6\u00f6delda, et parandada kulumiskindlust ja pinna terviklikkust. Regulaarne m\u00e4\u00e4rimine h\u00fcdraulika\u00f5liga on vajalik sujuva t\u00f6\u00f6 s\u00e4ilitamiseks ja sisemise kulumise v\u00e4ltimiseks. N\u00f5uetekohane m\u00e4\u00e4rimine v\u00e4hendab liikuvate osade vahelist h\u00f5\u00f5rdumist, pikendades oluliselt h\u00fcdraulikas\u00fcsteemi eluiga.<\/p>\n<h2>Regulaarne kontroll ja ennetav hooldus<\/h2>\n<ul>\n<li><strong>Rutiinsed kontrollid:<\/strong> Regulaarsed lekete, kulumise ja muude j\u00f5udlusprobleemide n\u00e4itajate kontrollid on h\u00e4davajalikud. P\u00f5hjalikud kontrollid aitavad tuvastada potentsiaalseid probleeme enne nende s\u00fcvenemist, tagades h\u00fcdrosilindri t\u00f5husa t\u00f6\u00f6.<\/li>\n<li><strong>\u00d5ige m\u00e4\u00e4rimine:<\/strong> H\u00fcdraulika\u00f5li \u00f5ige taseme hoidmine on kriitilise t\u00e4htsusega. Operaatorid peaksid j\u00e4lgima m\u00e4\u00e4rimisgraafikuid ja tagama, et s\u00fcsteem oleks piisavalt m\u00e4\u00e4ritud, et v\u00e4ltida h\u00f5\u00f5rdumisest tulenevaid kahjustusi.<\/li>\n<li><strong>Tihendi vahetamine:<\/strong> H\u00fcdraulilise terviklikkuse s\u00e4ilitamiseks tuleks tihendeid perioodiliselt vahetada. Aja jooksul v\u00f5ivad tihendid kuluda v\u00f5i kahjustuda, mis p\u00f5hjustab lekkeid ja v\u00e4hendab efektiivsust.<\/li>\n<\/ul>\n<h2>Poomi silindrite paigaldusjuhised<\/h2>\n<p>Poomi silindrite \u00f5ige paigaldamine on optimaalse j\u00f5udluse saavutamiseks \u00fclioluline. Alustage veendumisest, et k\u00f5ik komponendid on puhtad ja prahist vabad. Joondage silinder t\u00e4pselt masina kinnituspunktidega, et v\u00e4ltida joonduspingeid. Kasutage silindri kinnitamiseks sobivaid kinnitusklambreid, veendudes, et see on stabiilne ja \u00f5igesti paigutatud.<\/p>\n<p>J\u00e4rgige tootja spetsifikatsioone p\u00f6\u00f6rdemomendi s\u00e4tete kohta ja kinnitage k\u00f5ik kinnitusdetailid kindlalt. P\u00e4rast paigaldamist tehke funktsionaalne test, et veenduda silindri sujuvas toimimises koormuse all. Kontrollige paigaldust regulaarselt kulumise v\u00f5i joondamise m\u00e4rke suhtes ja reguleerige vastavalt vajadusele, et s\u00e4ilitada j\u00f5udlus.<\/p>\n<h2>Levinumad hooldust\u00f6\u00f6d<\/h2>\n<h3>Rutiinne kontroll<\/h3>\n<p>Regulaarsed kontrollid on \u00fcliolulised kulumise ja v\u00f5imalike rikete varajaseks tuvastamiseks. Tehnikud peaksid otsima \u00f5lilekke m\u00e4rke, ebatavalisi helisid v\u00f5i j\u00f5udluse k\u00f5ikumisi. J\u00e4rjepideva kontrolligraafiku kehtestamine aitab s\u00e4ilitada h\u00fcdraulikas\u00fcsteemi terviklikkust.<\/p>\n<h3>Sobiv m\u00e4\u00e4rimine<\/h3>\n<p>H\u00fcdraulika\u00f5li \u00f5ige taseme tagamine on poomi silindrite sujuva t\u00f6\u00f6 tagamiseks \u00fclioluline. Operaatorid peaksid j\u00e4rgima tootja soovitusi \u00f5li t\u00fc\u00fcbi ja vahetusintervallide kohta, et v\u00e4ltida ebapiisavast m\u00e4\u00e4rimisest tingitud v\u00f5imalikke rikkeid.<\/p>\n<h3>Tihendi vahetamine ja kalibreerimise kontrollimine<\/h3>\n<p>Lekete v\u00e4ltimiseks ja h\u00fcdraulilise r\u00f5hu s\u00e4ilitamiseks on vaja tihendeid regulaarselt vahetada. Samuti tuleks teha kalibreerimiskontrolle, et tagada silindri t\u00f6\u00f6tamine etten\u00e4htud parameetrite piires. See h\u00f5lmab s\u00e4tete reguleerimist j\u00f5udluse optimeerimiseks ja t\u00f6\u00f6probleemide v\u00e4ltimiseks.<\/p>\n<p><img decoding=\"async\" src=\"https:\/\/www.hydraulic-cylinders.net\/wp-content\/uploads\/2025\/04\/songte-chushion-collar.webp\" alt=\"H\u00fcdraulilise silindri paigaldamine\"><\/p>\n<h2>Ohutuskaalutlused ja keskkonnategurid<\/h2>\n<p>\u00d5nnetuste v\u00e4ltimiseks ja ohutu t\u00f6\u00f6 tagamiseks on oluline rakendada noolesilindrite kasutamisel n\u00f5uetekohaseid ohutusmeetmeid. Operaatorid peaksid olema koolitatud h\u00fcdrauliliste seadmete ohutuks kasutamiseks, sealhulgas koormuspiirangute m\u00f5istmiseks, rikke m\u00e4rkide \u00e4ratundmiseks ja h\u00e4daolukorra protseduuride tundmiseks. Lisaks tuleb h\u00fcdrauliliste silindrite valimisel ja hooldamisel arvestada keskkonnateguritega, nagu \u00e4\u00e4rmuslikud temperatuurid ja kokkupuude s\u00f6\u00f6vitavate ainetega.<\/p>\n<h2>Veaotsing ja levinud probleemid<\/h2>\n<ul>\n<li><strong>Leke:<\/strong> \u00dcks levinumaid probleeme h\u00fcdrosilindritega on \u00f5lileke. See v\u00f5ib tekkida kulunud tihendite v\u00f5i kahjustatud komponentide t\u00f5ttu. Regulaarne kontroll aitab probleeme tuvastada ja parandada enne, kui need p\u00f5hjustavad suuri rikkeid.<\/li>\n<li><strong>Aeglane t\u00f6\u00f6:<\/strong> Kui poomi silinder t\u00f6\u00f6tab aeglaselt, v\u00f5ib see viidata madalale h\u00fcdraulikavedeliku tasemele v\u00f5i \u00f5hule s\u00fcsteemis. Vedelikutaseme kontrollimine ja s\u00fcsteemi \u00f5hutamine aitab neid probleeme sageli lahendada.<\/li>\n<li><strong>Ebatavalised helid:<\/strong> T\u00f6\u00f6tamise ajal kostvad krigistavad v\u00f5i kl\u00f5psavad helid v\u00f5ivad viidata sisemistele kahjustustele v\u00f5i saastumisele. Edasiste kahjustuste v\u00e4ltimiseks on vaja kiiresti diagnoosida ja parandada.<\/li>\n<\/ul>\n<p>Nende probleemide kiire lahendamine v\u00f5ib parandada h\u00fcdros\u00fcsteemi t\u00f5husust ja eluiga, tagades rasketehnika sujuva t\u00f6\u00f6.<\/p>\n<p><img decoding=\"async\" src=\"https:\/\/www.hydraulic-cylinders.net\/wp-content\/uploads\/2025\/04\/songte-bushings-with-all-kinds-of-excavator-models.webp\" alt=\"H\u00fcdrauliliste silindrite puksid\"><\/p>\n<h2>Ettev\u00f5tte \u00fclevaade<\/h2>\n<p>Oleme juhtiv h\u00fcdrosilindrite tootja ja tarnija, keda tuntakse laia tootevaliku ja kvaliteedile p\u00fchendumise poolest. Meie ettev\u00f5te p\u00fc\u00fcdleb tipptaseme poole, kasutades t\u00e4iustatud tootmisjuhtimise strateegiat, mis h\u00f5lmab t\u00e4iustatud tehnoloogiat, oskuslikku t\u00f6\u00f6j\u00f5udu ja professionaalset testimiss\u00fcsteemi. T\u00e4iustame pidevalt oma tootmisv\u00f5imalusi, et rahuldada oma klientide mitmekesiseid vajadusi, tagades k\u00f5rge efektiivsuse, t\u00e4psuse ja kvaliteedi.<\/p>\n<p>Meie p\u00fchendumus professionaalsusele peegeldub meie sertifikaatides ja rahvusvaheliste standardite j\u00e4rgimises, mis tagavad meie toodete vastavuse rangetele ohutus- ja kvaliteedin\u00f5uetele. Pakume kohandatud teenuseid, et rahuldada klientide konkreetseid n\u00f5udeid, tagades, et iga toode on kohandatud erinevate rakenduste ainulaadsetele n\u00f5udmistele. Meie tipptasemel tootmisseadmed ja -protsessid tagavad iga meie toodetud h\u00fcdrosilindri t\u00e4psuse ja t\u00f6\u00f6kindluse.<\/p>\n<p><img decoding=\"async\" src=\"https:\/\/www.hydraulic-cylinders.net\/wp-content\/uploads\/2025\/04\/songte-company-4.webp\" alt=\"H\u00fcdrauliliste silindrite tootmise ettev\u00f5te\"><br \/>\n<img decoding=\"async\" src=\"https:\/\/www.hydraulic-cylinders.net\/wp-content\/uploads\/2025\/04\/songte-company-3.webp\" alt=\"H\u00fcdrauliliste silindrite tootmis\u00fcksus\"><\/p>\n<p>Autor: lyl<\/p>","protected":false},"excerpt":{"rendered":"<p>Boom Cylinder For Yuchai YC85-8 Introduction to Boom Cylinders The Boom Cylinder is a crucial component in hydraulic systems, specifically designed to control the movement of the boom in heavy machinery such as excavators, backhoe loaders, and front loaders. This hydraulic cylinder enables the boom to lift, lower, and tilt, facilitating efficient material handling tasks. [&hellip;]<\/p>","protected":false},"featured_media":17872,"comment_status":"open","ping_status":"closed","template":"","meta":{"_et_pb_use_builder":"","_et_pb_old_content":"","_et_gb_content_width":""},"product_brand":[],"product_cat":[1546],"product_tag":[1547,1496],"class_list":{"0":"post-19579","1":"product","2":"type-product","3":"status-publish","4":"has-post-thumbnail","6":"product_cat-boom-cylinders","7":"product_tag-boom-cylinders","8":"product_tag-hydraulic-cylinders","10":"first","11":"instock","12":"shipping-taxable","13":"product-type-simple"},"amp_enabled":true,"_links":{"self":[{"href":"https:\/\/www.hydraulic-cylinders.net\/et\/wp-json\/wp\/v2\/product\/19579","targetHints":{"allow":["GET"]}}],"collection":[{"href":"https:\/\/www.hydraulic-cylinders.net\/et\/wp-json\/wp\/v2\/product"}],"about":[{"href":"https:\/\/www.hydraulic-cylinders.net\/et\/wp-json\/wp\/v2\/types\/product"}],"replies":[{"embeddable":true,"href":"https:\/\/www.hydraulic-cylinders.net\/et\/wp-json\/wp\/v2\/comments?post=19579"}],"wp:featuredmedia":[{"embeddable":true,"href":"https:\/\/www.hydraulic-cylinders.net\/et\/wp-json\/wp\/v2\/media\/17872"}],"wp:attachment":[{"href":"https:\/\/www.hydraulic-cylinders.net\/et\/wp-json\/wp\/v2\/media?parent=19579"}],"wp:term":[{"taxonomy":"product_brand","embeddable":true,"href":"https:\/\/www.hydraulic-cylinders.net\/et\/wp-json\/wp\/v2\/product_brand?post=19579"},{"taxonomy":"product_cat","embeddable":true,"href":"https:\/\/www.hydraulic-cylinders.net\/et\/wp-json\/wp\/v2\/product_cat?post=19579"},{"taxonomy":"product_tag","embeddable":true,"href":"https:\/\/www.hydraulic-cylinders.net\/et\/wp-json\/wp\/v2\/product_tag?post=19579"}],"curies":[{"name":"wp","href":"https:\/\/api.w.org\/{rel}","templated":true}]}}