{"id":19581,"date":"2025-04-07T06:55:51","date_gmt":"2025-04-07T06:55:51","guid":{"rendered":"https:\/\/www.hydraulic-cylinders.net\/product\/boom-cylinder-for-yuchai-yc13-8\/"},"modified":"2025-04-07T06:55:53","modified_gmt":"2025-04-07T06:55:53","slug":"boom-cylinder-for-yuchai-yc13-8","status":"publish","type":"product","link":"https:\/\/www.hydraulic-cylinders.net\/et\/toode\/boom-cylinder-for-yuchai-yc13-8\/","title":{"rendered":"Yuchai YC13-8 poomi silinder"},"content":{"rendered":"<h1>Yuchai YC13-8 poomi silinder<\/h1>\n<h2>Sissejuhatus poomi silindrisse<\/h2>\n<p>Noole silinder on h\u00fcdraulikas\u00fcsteemide oluline komponent, mis on spetsiaalselt loodud koppade liikumise juhtimiseks erinevates rasketes masinates, n\u00e4iteks ekskavaatorites, laadur-ekskavaatorites ja esilaadurites. See h\u00fcdrauliline silinder v\u00f5imaldab koppa t\u00f5sta, langetada ja kallutada, h\u00f5lbustades t\u00f5husaid materjalik\u00e4itlust\u00f6id. Kopa silinder on \u00fclioluline t\u00f5husa t\u00f6\u00f6 tagamiseks ehitus- ja p\u00f5llumajandusrakendustes, v\u00f5imaldades operaatoritel raskeid koormaid t\u00e4pselt ja h\u00f5lpsalt man\u00f6\u00f6verdada.<\/p>\n<p><img decoding=\"async\" src=\"https:\/\/www.hydraulic-cylinders.net\/wp-content\/uploads\/2025\/04\/songte-company-1.webp\" alt=\"Poomi silindri pilt\"><\/p>\n<h2>Poomi silindri omadused<\/h2>\n<ul>\n<li>\n<h3>Suur tugevus ja vastupidavus<\/h3>\n<p>K\u00f5rgtugevast terasest v\u00f5i alumiiniumist valmistatud poomi silinder on loodud taluma k\u00f5rget r\u00f5hku ja suuri koormusi. Selle vastupidav konstruktsioon tagab vastupidavuse karmides t\u00f6\u00f6keskkondades, pakkudes kulumiskindlust ja korrosioonikindlust pikema kasutusea tagamiseks.<\/p>\n<\/li>\n<li>\n<h3>T\u00f5hus h\u00fcdrauliline t\u00f6\u00f6<\/h3>\n<p>Silinder kasutab sujuva pikendus- ja tagasit\u00f5mbamise saavutamiseks h\u00fcdraulika\u00f5li r\u00f5hku. See reageerib operaatori k\u00e4sklustele kiiresti, pakkudes v\u00f5imsat t\u00f5uke- ja t\u00f5mbej\u00f5udu, mis sobib raskete esemete ja keerukate \u00fclesannete k\u00e4sitsemiseks.<\/p>\n<\/li>\n<li>\n<h3>Mitmekesised t\u00fc\u00fcbid<\/h3>\n<p>Poomi silinder on saadaval erinevates konfiguratsioonides, mis v\u00f5imaldab valida \u00fchetoimelise (\u00fches suunas t\u00f6\u00f6tava) v\u00f5i kahetoimelise (m\u00f5lemas suunas t\u00f6\u00f6tava) silindri vahel vastavalt t\u00f6\u00f6vajadustele. M\u00f5nedel mudelitel on teleskoopkonstruktsioon, mis v\u00f5imaldab suuremat pikendamist ilma v\u00e4lism\u00f5\u00f5tmeid suurendamata, mis sobib ideaalselt ruumikitsastes rakendustes.<\/p>\n<\/li>\n<li>\n<h3>Kohandatud tootmine<\/h3>\n<p>Meie ettev\u00f5te on spetsialiseerunud asendush\u00fcdrauliliste silindrite tootmisele, tagades, et meie tooted sobivad ideaalselt erinevatele mudelitele. Oleme uhked, et pakume kvaliteetseid alternatiive, mis vastavad originaalvarustuse standarditele v\u00f5i \u00fcletavad neid.<\/p>\n<\/li>\n<li>\n<h3>Mitmek\u00fclgsed rakendused<\/h3>\n<p>Poomi silindri mitmek\u00fclgsus muudab selle sobivaks mitmesugusteks rakendusteks erinevates t\u00f6\u00f6stusharudes, alates ehitusest kuni p\u00f5llumajanduseni, suurendades tootlikkust ja t\u00f5husust materjalik\u00e4itlust\u00f6\u00f6del.<\/p>\n<\/li>\n<\/ul>\n<p><img decoding=\"async\" src=\"https:\/\/www.hydraulic-cylinders.net\/wp-content\/uploads\/2025\/04\/songte-cylinder-head-with-all-kinds-excavator-models.webp\" alt=\"Poomi silindri rakenduste pilt\"><\/p>\n<h2>Poomi silindri rakendusstsenaariumid<\/h2>\n<ul>\n<li>\n<h3>Ehitustehnika<\/h3>\n<p>Ekskavaatorites m\u00e4ngivad noolesilindrid olulist rolli kaevamisel, laadimisel ja mulla v\u00f5i prahi teisaldamisel. Need v\u00f5imaldavad kopa liikumise t\u00e4pset juhtimist, h\u00f5lbustades t\u00f5husaid kaevamisprotsesse. Ekskavaator-laadurites aitavad need silindrid nii kaevamisel kui ka t\u00f5stmisel, optimeerides masina \u00fcldist funktsionaalsust ja mitmek\u00fclgsust ehitusplatsil.<\/p>\n<\/li>\n<li>\n<h3>P\u00f5llumajandustehnika<\/h3>\n<p>Esilaadurites on noolesilindrid h\u00e4davajalikud mulla, heina ja muude materjalide kopeerimiseks, t\u00f5stmiseks ja transportimiseks. Nende v\u00f5ime pakkuda v\u00f5imsat t\u00f5stev\u00f5imet suurendab t\u00f6\u00f6 efektiivsust, muutes need asendamatuks p\u00f5llumajandust\u00f6\u00f6del, n\u00e4iteks laadimisel ja mahalaadimisel.<\/p>\n<\/li>\n<li>\n<h3>Ekskavaatorid<\/h3>\n<p>Ekskavaatorite puhul v\u00f5imaldavad noolesilindrid kopal pinnasesse tungida, teostades t\u00f5husalt kaevamistoiminguid. See funktsioon v\u00f5imaldab operaatoritel toime tulla erinevat t\u00fc\u00fcpi maastikuga ja teha t\u00e4pseid kaevet\u00f6id, mis on ehitus- ja haljastusprojektide puhul \u00fclioluline.<\/p>\n<\/li>\n<li>\n<h3>Laadurid<\/h3>\n<p>Frontaallaadurites aitavad need silindrid materjale t\u00f5husalt t\u00f5sta ja t\u00fchjendada. Need tagavad sujuva ja kontrollitud liikumise, mis on ehitus- ja materjalik\u00e4itlusrakenduste laadimist\u00f6\u00f6del \u00fclioluline, aidates kaasa \u00fcldisele tootlikkusele.<\/p>\n<\/li>\n<\/ul>\n<h2>Projekteerimiskaalutlused ja valikukriteeriumid<\/h2>\n<ul>\n<li>\n<h3>Kandev\u00f5ime<\/h3>\n<p>Poomi silindri konstruktsioon peab arvestama kandev\u00f5imega, tagades, et see suudab taluda t\u00f6\u00f6olukordades esinevaid maksimaalseid raskusi. N\u00f5uetekohased arvutused ja materjalivalikud on kriitilise t\u00e4htsusega rikete v\u00e4ltimiseks ja ohutuse tagamiseks kasutamise ajal. See h\u00f5lmab nii kasutatud materjalide kui ka konstruktsiooni geomeetria hindamist, et optimeerida tugevust ja j\u00f5udlust koormustingimustes.<\/p>\n<\/li>\n<li>\n<h3>Tihendus ja vastupidavus<\/h3>\n<p>H\u00fcdrauliliste silindrite puhul on efektiivne tihendus \u00fclioluline, et v\u00e4ltida vedeliku lekkeid ja s\u00e4ilitada r\u00f5hku. Tihendite, n\u00e4iteks kolvi- ja varrastihendite valik peaks h\u00f5lmama k\u00f5rge kulumiskindlusega materjale, n\u00e4iteks pol\u00fcuretaani v\u00f5i nitriilkummi. Lisaks tuleb silindri korpus ja keermed olla kulumiskindluse suurendamiseks ja pikaealisuse tagamiseks hoolikalt viimistletud.<\/p>\n<\/li>\n<li>\n<h3>Turvaelemendid<\/h3>\n<p>Ohutuselementide lisamine on noolesilindrite konstruktsioonis oluline, et v\u00e4hendada t\u00f6\u00f6 ajal tekkivaid riske. See h\u00f5lmab r\u00f5hualandusventiile \u00fcler\u00f5hu v\u00e4ltimiseks, vastupidavat konstruktsiooni juhuslike l\u00f6\u00f6kide talumiseks ja turvalukke silindri asendi fikseerimiseks, kui seda ei kasutata. Sellised elemendid suurendavad operaatori ohutust ja seadmete t\u00f6\u00f6kindlust.<\/p>\n<\/li>\n<li>\n<h3>Hoolduse ligip\u00e4\u00e4setavus<\/h3>\n<p>Konstruktsioon peaks v\u00f5imaldama h\u00f5lpsat juurdep\u00e4\u00e4su kriitilistele hoolduspunktidele, h\u00f5lbustades rutiinseid kontrolle ja remonti. Sellised omadused nagu eemaldatavad kaaned v\u00f5i ligip\u00e4\u00e4setavad m\u00e4\u00e4rimispunktid on olulised, et tagada hoolduse t\u00f5hus teostamine, minimeerida seisakuid ja suurendada tootlikkust.<\/p>\n<\/li>\n<\/ul>\n<p><img decoding=\"async\" src=\"https:\/\/www.hydraulic-cylinders.net\/wp-content\/uploads\/2025\/04\/songte-oil-pipes-and-spare-parts.webp\" alt=\"H\u00fcdraulilise silindri kujunduspilt\"><\/p>\n<h2>H\u00fcdraulilise silindri tihendamine ja m\u00e4\u00e4rimine<\/h2>\n<p>H\u00fcdrauliliste silindrite funktsionaalsuse tagamiseks on oluline n\u00f5uetekohane tihendamine. H\u00fcdraulilise vedeliku lekete v\u00e4ltimiseks on olulised erinevat t\u00fc\u00fcpi tihendid, sealhulgas kolvi- ja varrastihendid. Vastupidavatest materjalidest, n\u00e4iteks pol\u00fcuretaanist ja nitriilkummist, valmistatud tihendite valimine suurendab kulumiskindlust ja pikaealisust. Silindri korpus ja keermestatud pinnad l\u00e4bivad peene t\u00f6\u00f6tluse, et parandada kulumiskindlust ja vastupidavust. Sujuva t\u00f6\u00f6 tagamiseks ja kulumise v\u00e4ltimiseks on vajalik ka regulaarne m\u00e4\u00e4rimine h\u00fcdraulika\u00f5liga, mis n\u00f5uab optimaalse j\u00f5udluse s\u00e4ilitamiseks perioodilisi kontrolle ja t\u00e4itmisi.<\/p>\n<h2>Ennetavad hooldusmeetmed<\/h2>\n<ul>\n<li>\n<h3>Regulaarsed kontrollid<\/h3>\n<p>Poomi silindri regulaarne kontrollimine on \u00fclioluline, et varakult tuvastada kulumise v\u00f5i kahjustuste m\u00e4rke. Soovitatav on regulaarselt kontrollida lekkeid, ebanormaalseid helisid ja j\u00f5udluse ebaj\u00e4rjekindlust. See ennetav l\u00e4henemisviis aitab probleeme ennetada, tagades seadmete t\u00f6\u00f6kindluse.<\/p>\n<\/li>\n<li>\n<h3>Sobiv m\u00e4\u00e4rimine<\/h3>\n<p>H\u00fcdraulilise silindri pikaealisuse tagamiseks on oluline s\u00e4ilitada \u00f5ige m\u00e4\u00e4rimine. \u00d5ige t\u00fc\u00fcpi ja koguse h\u00fcdraulika\u00f5li kasutamine hoiab \u00e4ra h\u00f5\u00f5rdumise ja kulumise, h\u00f5lbustades sujuvat t\u00f6\u00f6d. Operaatorid peaksid j\u00e4rgima m\u00e4\u00e4rimisgraafikut, mis p\u00f5hineb kasutamisel ja keskkonnatingimustel, tagades silindri t\u00f5husa t\u00f6\u00f6.<\/p>\n<\/li>\n<li>\n<h3>Tihendi vahetamine<\/h3>\n<p>Aja jooksul v\u00f5ivad tihendid kuluda ja vajada v\u00e4ljavahetamist. Tihendite seisukorra regulaarne hindamine ja vajadusel v\u00e4ljavahetamine on h\u00fcdraulilise r\u00f5hu ja j\u00f5udluse s\u00e4ilitamiseks \u00fclioluline. Optimaalse toimimise tagamiseks peaksid operaatorid j\u00e4rgima tootja juhiseid tihendite vahetamise intervallide kohta.<\/p>\n<\/li>\n<\/ul>\n<h2>Paigaldusjuhised<\/h2>\n<p>Poomi silindri \u00f5ige paigaldamine on selle j\u00f5udluse ja pikaealisuse seisukohalt kriitilise t\u00e4htsusega. Alustage veendumaks, et k\u00f5ik komponendid on puhtad ja prahist vabad. Joondage silinder t\u00e4pselt kinnituspunktidega, kasutades sobivaid kronsteine \u200b\u200bkindla kinnituse tagamiseks. Oluline on pingutada k\u00f5ik poldid vastavalt tootja spetsifikatsioonidele, et v\u00e4ltida t\u00f6\u00f6tamise ajal valesti joondamist v\u00f5i l\u00f5dvenemist. P\u00e4rast paigaldamist tehke p\u00f5hjalik kontroll, et veenduda k\u00f5igi \u00fchenduste kinnituses, ja tehke proovis\u00f5it, et kinnitada n\u00f5uetekohast toimimist. Regulaarsed kontrollid p\u00e4rast paigaldamist aitavad tuvastada v\u00f5imalikke probleeme varakult, tagades sujuva t\u00f6\u00f6.<\/p>\n<h2>Levinumad hooldust\u00f6\u00f6d<\/h2>\n<ul>\n<li>\n<h3>Regulaarsed kontrollid<\/h3>\n<p>Regulaarsete kontrollide tegemine on h\u00fcdrosilindri tervise seisukohalt \u00fclioluline. Lekete, kulumise ja \u00fcldise seisukorra kontrollimine aitab probleeme varakult avastada, v\u00e4ltides kulukaid remondit\u00f6id hiljem. Hooldusp\u00e4eviku pidamine aitab j\u00e4lgida j\u00f5udlust ja seisukorda aja jooksul.<\/p>\n<\/li>\n<li>\n<h3>\u00d5ige m\u00e4\u00e4rimine<\/h3>\n<p>H\u00fcdrosilindri piisav m\u00e4\u00e4rimine on selle sujuva t\u00f6\u00f6 tagamiseks \u00fclioluline. \u00d5ige h\u00fcdro\u00f5li kasutamine ja \u00f5ige \u00f5litaseme hoidmine v\u00e4hendab h\u00f5\u00f5rdumist ja kulumist, pikendades silindri eluiga. Operaatorid peaksid kehtestama m\u00e4\u00e4rimisgraafiku, mis on koosk\u00f5las kasutussagedusega.<\/p>\n<\/li>\n<li>\n<h3>Tihendi vahetamine ja kalibreerimise kontrollimine<\/h3>\n<p>H\u00fcdraulilise silindri t\u00f6\u00f6korras terviklikkuse s\u00e4ilitamiseks on oluline regulaarselt tihendeid vahetada ja kalibreerimiskontrolle teha. See h\u00f5lmab ka silindri korrektse toimimise tagamist etten\u00e4htud parameetrite piires ja k\u00f5igi tihendite tervete tingimuste tagamist lekete v\u00e4ltimiseks.<\/p>\n<\/li>\n<\/ul>\n<p><img decoding=\"async\" src=\"https:\/\/www.hydraulic-cylinders.net\/wp-content\/uploads\/2025\/04\/songte-chushion-collar.webp\" alt=\"Hooldust\u00f6\u00f6de pilt\"><\/p>\n<h2>Ohutuskaalutlused ja keskkonnategurid<\/h2>\n<p>H\u00fcdrauliliste silindrite k\u00e4itamisel on ohutusmeetmed kriitilise t\u00e4htsusega. Operaatorid peaksid olema teadlikud h\u00fcdrauliliste s\u00fcsteemidega seotud v\u00f5imalikest ohtudest, sealhulgas h\u00fcdraulilise vedeliku lekete ja silindrite ootamatute liikumiste riskist. N\u00f5uetekohase koolituse ja ohutusprotokollide rakendamine aitab neid riske leevendada, tagades ohutu t\u00f6\u00f6keskkonna. Lisaks on t\u00f6\u00f6koha ohutuse ja keskkonnan\u00f5uete j\u00e4rgimise tagamiseks \u00fclioluline arvestada keskkonnateguritega, n\u00e4iteks h\u00fcdraulilise vedeliku lekete p\u00f5hjustatud v\u00f5imaliku saastumisega.<\/p>\n<h2>Veaotsing ja levinud probleemid<\/h2>\n<ul>\n<li>\n<h3>Leke<\/h3>\n<p>Leke on h\u00fcdrauliliste silindrite puhul levinud probleem. See v\u00f5ib tekkida kulunud tihendite v\u00f5i kahjustatud komponentide t\u00f5ttu. Operaatorid peaksid tihendeid kontrollima ja vajadusel v\u00e4lja vahetama, veendudes, et k\u00f5ik komponendid on terved ja toimivad korralikult.<\/p>\n<\/li>\n<li>\n<h3>R\u00f5hu langus<\/h3>\n<p>H\u00fcdraulilise r\u00f5hu langus v\u00f5ib silindri j\u00f5udlust oluliselt m\u00f5jutada. Selle p\u00f5hjuseks v\u00f5ivad olla lekked, ummistused h\u00fcdraulikavoolikus v\u00f5i vigased pumbad. Veaotsing h\u00f5lmab lekete kontrollimist, h\u00fcdraulikavedeliku \u00f5ige taseme tagamist ja kogu h\u00fcdraulikas\u00fcsteemi kontrollimist ummistuste v\u00f5i rikete suhtes.<\/p>\n<\/li>\n<li>\n<h3>Aeglane liikumine<\/h3>\n<p>Kui poomi silinder t\u00f6\u00f6tab aeglaselt, v\u00f5ib see viidata ebapiisavale h\u00fcdraulikavedeliku tasemele v\u00f5i ummistunud filtritele. Regulaarne hooldus ja kontrollid aitavad selliseid probleeme v\u00e4ltida. Operaatorid peaksid tagama, et h\u00fcdraulikavedeliku tase on soovituslikul tasemel ning et filtrid on puhtad ja t\u00f6\u00f6korras.<\/p>\n<\/li>\n<\/ul>\n<h2>Veaotsingu n\u00e4pun\u00e4ited ja lahendused<\/h2>\n<p>Poomi silindri probleemide t\u00f5husaks t\u00f5rkeotsinguks peaksid operaatorid alustama s\u00fcstemaatilisest l\u00e4henemisviisist. Tehke visuaalne kontroll, et tuvastada k\u00f5ik ilmsed kulumise v\u00f5i kahjustuste tunnused. Kontrollige vedeliku taset ja otsige lekkeid h\u00fcdros\u00fcsteemist. Kui kahtlustate r\u00f5hulangust, veenduge, et h\u00fcdropump t\u00f6\u00f6tab korralikult ja et vedeliku voolu ei takistaks ummistused. Regulaarne hooldus ja soovitatud hooldusgraafikute j\u00e4rgimine aitavad neid probleeme veelgi ennetada, tagades silindri t\u00f5husa t\u00f6\u00f6.<\/p>\n<p><img decoding=\"async\" src=\"https:\/\/www.hydraulic-cylinders.net\/wp-content\/uploads\/2025\/04\/songte-bushings-with-all-kinds-of-excavator-models.webp\" alt=\"Pildi t\u00f5rkeotsing\"><\/p>\n<h2>Ettev\u00f5tte \u00fclevaade<\/h2>\n<p>Oleme tootja, mis on spetsialiseerunud asendush\u00fcdrauliliste silindrite tootmisele ja pakub laia tootevalikut. Meie ettev\u00f5te on ennast sisse seadnud h\u00fcdrosilindrite juhtiva tootja ja hulgim\u00fc\u00fcjana nii sise- kui ka rahvusvahelistel turgudel. J\u00e4rgime tipptaseme p\u00f5him\u00f5tteid ja tugineme t\u00e4iustatud tootmisstrateegiatele, kasutades oma tootmisv\u00f5imaluste suurendamiseks t\u00e4iustatud digitaalseid tootmisseadmeid ja professionaalseid testimiss\u00fcsteeme. Meie tugev loominguline v\u00f5imekus ja p\u00fchendumus k\u00f5rgele efektiivsusele, t\u00e4psusele ja kvaliteedile v\u00f5imaldavad meil rahuldada klientide mitmekesiseid vajadusi.<\/p>\n<p><img decoding=\"async\" src=\"https:\/\/www.hydraulic-cylinders.net\/wp-content\/uploads\/2025\/04\/songte-company-4.webp\" alt=\"Ettev\u00f5tte \u00fclevaate pilt\"><br \/>\n<img decoding=\"async\" src=\"https:\/\/www.hydraulic-cylinders.net\/wp-content\/uploads\/2025\/04\/songte-company-3.webp\" alt=\"Ettev\u00f5tte tootmispilt\"><\/p>\n<h2>Kokkuv\u00f5te<\/h2>\n<p>Kokkuv\u00f5ttes on Yuchai YC13-8 poomi silinder h\u00fcdraulikas\u00fcsteemide oluline komponent, millel on rasketehnika funktsionaalsuses oluline roll. Selle omaduste, rakenduste ja hooldusn\u00f5uete m\u00f5istmine on optimaalse j\u00f5udluse ja pikaealisuse tagamiseks \u00fclioluline. N\u00f5uetekohaste paigaldus- ja hooldustavade j\u00e4rgimisega saavad operaatorid tagada t\u00f5husa t\u00f6\u00f6 ja v\u00e4hendada probleemide t\u00f5en\u00e4osust.<\/p>\n<p>Autor: lyl<\/p>","protected":false},"excerpt":{"rendered":"<p>Boom Cylinder For Yuchai YC13-8 Introduction to Boom Cylinder The Boom Cylinder is a vital component in hydraulic systems, specifically designed for controlling the movement of buckets in various heavy machinery such as excavators, backhoe loaders, and front loaders. This hydraulic cylinder enables the bucket to lift, lower, and tilt, facilitating efficient material handling tasks. [&hellip;]<\/p>","protected":false},"featured_media":17874,"comment_status":"open","ping_status":"closed","template":"","meta":{"_et_pb_use_builder":"","_et_pb_old_content":"","_et_gb_content_width":""},"product_brand":[],"product_cat":[1546],"product_tag":[1547,1496],"class_list":{"0":"post-19581","1":"product","2":"type-product","3":"status-publish","4":"has-post-thumbnail","6":"product_cat-boom-cylinders","7":"product_tag-boom-cylinders","8":"product_tag-hydraulic-cylinders","10":"first","11":"instock","12":"shipping-taxable","13":"product-type-simple"},"amp_enabled":true,"_links":{"self":[{"href":"https:\/\/www.hydraulic-cylinders.net\/et\/wp-json\/wp\/v2\/product\/19581","targetHints":{"allow":["GET"]}}],"collection":[{"href":"https:\/\/www.hydraulic-cylinders.net\/et\/wp-json\/wp\/v2\/product"}],"about":[{"href":"https:\/\/www.hydraulic-cylinders.net\/et\/wp-json\/wp\/v2\/types\/product"}],"replies":[{"embeddable":true,"href":"https:\/\/www.hydraulic-cylinders.net\/et\/wp-json\/wp\/v2\/comments?post=19581"}],"wp:featuredmedia":[{"embeddable":true,"href":"https:\/\/www.hydraulic-cylinders.net\/et\/wp-json\/wp\/v2\/media\/17874"}],"wp:attachment":[{"href":"https:\/\/www.hydraulic-cylinders.net\/et\/wp-json\/wp\/v2\/media?parent=19581"}],"wp:term":[{"taxonomy":"product_brand","embeddable":true,"href":"https:\/\/www.hydraulic-cylinders.net\/et\/wp-json\/wp\/v2\/product_brand?post=19581"},{"taxonomy":"product_cat","embeddable":true,"href":"https:\/\/www.hydraulic-cylinders.net\/et\/wp-json\/wp\/v2\/product_cat?post=19581"},{"taxonomy":"product_tag","embeddable":true,"href":"https:\/\/www.hydraulic-cylinders.net\/et\/wp-json\/wp\/v2\/product_tag?post=19581"}],"curies":[{"name":"wp","href":"https:\/\/api.w.org\/{rel}","templated":true}]}}