{"id":19582,"date":"2025-04-07T06:55:53","date_gmt":"2025-04-07T06:55:53","guid":{"rendered":"https:\/\/www.hydraulic-cylinders.net\/product\/boom-cylinder-for-yuchai-yc18-8\/"},"modified":"2025-04-07T06:55:56","modified_gmt":"2025-04-07T06:55:56","slug":"boom-cylinder-for-yuchai-yc18-8","status":"publish","type":"product","link":"https:\/\/www.hydraulic-cylinders.net\/et\/toode\/boom-cylinder-for-yuchai-yc18-8\/","title":{"rendered":"Yuchai YC18-8 poomi silinder"},"content":{"rendered":"<h1>Yuchai YC18-8 poomi silinder<\/h1>\n<h2>Toote \u00fclevaade<\/h2>\n<p>Yuchai YC18-8 poomi silinder on spetsiaalne h\u00fcdrauliline silinder, millel on oluline roll kopa liikumise juhtimisel erinevatel rasketel masinatel, sealhulgas ekskavaatoritel, laadur-ekskavaatoritel ja esilaaduritel. See h\u00fcdrauliline silinder v\u00f5imaldab kopal t\u00f5sta, langetada ja kallutada, h\u00f5lbustades t\u00f5husat materjali k\u00e4itlemist. Need silindrid on loodud taluma k\u00f5rget r\u00f5hku ja raskeid koormusi ning on h\u00fcdraulikas\u00fcsteemide olulised komponendid, tagades optimaalse j\u00f5udluse ehitus- ja p\u00f5llumajandusmasinates.<\/p>\n<p><img decoding=\"async\" src=\"https:\/\/www.hydraulic-cylinders.net\/wp-content\/uploads\/2025\/04\/songte-company-1.webp\" alt=\"Yuchai YC18-8 poomi silinder\" \/><\/p>\n<h2>Peamised omadused<\/h2>\n<ul>\n<li>\n<h3>Suur tugevus ja vastupidavus<\/h3>\n<p>Need \u00fclitugevast terasest v\u00f5i alumiiniumist valmistatud silindrid taluvad k\u00f5rget r\u00f5hku ja suuri koormusi, kohandudes samal ajal karmide t\u00f6\u00f6keskkondadega. Need on konstrueeritud kulumiskindlust ja korrosioonikindlust silmas pidades, pikendades nende eluiga.<\/li>\n<li>\n<h3>T\u00f5hus h\u00fcdrauliline t\u00f6\u00f6<\/h3>\n<p>H\u00fcdraulika\u00f5li r\u00f5hku kasutades saavutavad need silindrid sujuva pikenemise ja tagasit\u00f5mbumise, reageerides kiiresti juhtimisk\u00e4sklustele ning pakkudes v\u00f5imsaid t\u00f5uke- ja t\u00f5mbev\u00f5imeid, mis sobivad raskete esemete ja keerukate \u00fclesannete k\u00e4sitsemiseks.<\/li>\n<li>\n<h3>Mitmekesised t\u00fc\u00fcbid<\/h3>\n<p>Silindreid on saadaval erinevat t\u00fc\u00fcpi, sealhulgas \u00fchetoimeliste (\u00fches suunas t\u00f6\u00f6tavate) ja kahetoimeliste (m\u00f5lemas suunas t\u00f6\u00f6tavate) konfiguratsioonidena, et rahuldada erinevaid t\u00f6\u00f6vajadusi. M\u00f5ned mudelid on teleskoopilised, mis v\u00f5imaldab suuremat pikendamist ilma v\u00e4lism\u00f5\u00f5tmeid suurendamata, mis sobib ideaalselt ruumipiirangutega rakenduste jaoks.<\/li>\n<li>\n<h3>Kohandatud tootmine<\/h3>\n<p>Me valmistame seda toodet olemasolevate h\u00fcdrosilindrite ideaalseks asendamiseks, tagades \u00fchilduvuse ja t\u00f6\u00f6kindluse.<\/li>\n<li>\n<h3>Mitmek\u00fclgsed rakendused<\/h3>\n<p>Need on loodud mitut t\u00fc\u00fcpi raskete masinate jaoks ja neid saab kohandada erinevate t\u00f6\u00f6olukordadega, suurendades tootlikkust erinevates sektorites.<\/li>\n<\/ul>\n<p><img decoding=\"async\" src=\"https:\/\/www.hydraulic-cylinders.net\/wp-content\/uploads\/2025\/04\/songte-cylinder-head-with-all-kinds-excavator-models.webp\" alt=\"H\u00fcdrauliliste silindrite variandid\" \/><\/p>\n<h2>Poomi silindri rakendused<\/h2>\n<h3>Ehitustehnika<\/h3>\n<p>Ekskavaatorites on noole silinder oluline kaevamiseks, laadimiseks ja mulla v\u00f5i prahi teisaldamiseks. See annab vajaliku j\u00f5u kopa t\u00f5stmiseks ja v\u00f5imaldab t\u00f6\u00f6 ajal t\u00e4pset positsioneerimist. Ekskavaator-laadurites h\u00f5lbustab silinder nii kaevamis- kui ka t\u00f5stet\u00f6id, aidates oluliselt kaasa ehitusplatside t\u00f5hususele.<\/p>\n<h3>P\u00f5llumajandustehnika<\/h3>\n<p>Need silindrid on esilaadurites \u00fcliolulised, kus neid kasutatakse mulla, heina ja muude materjalide kopeerimiseks, t\u00f5stmiseks ja transportimiseks. Nende h\u00fcdrauliline j\u00f5ud v\u00f5imaldab sujuvat t\u00f6\u00f6d p\u00f5llumajanduskeskkonnas, suurendades tootlikkust ja v\u00e4hendades k\u00e4sitsi t\u00f6\u00f6d.<\/p>\n<h3>Ekskavaatorid<\/h3>\n<p>Noole silinder v\u00f5imaldab kopal pinnasesse tungida, h\u00f5lbustades t\u00f5husat kaevamist. H\u00fcdrauliline j\u00f5ud annab v\u00f5imaluse t\u00f6\u00f6tada keerulistes tingimustes, muutes selle asendamatuks komponendiks kaevet\u00f6\u00f6del erinevatel maastikel.<\/p>\n<h3>Laadurid<\/h3>\n<p>Esilaaduritel aitab noole silinder materjale t\u00f5husalt t\u00f5sta ja t\u00fchjendada. See tagab raskete koormate h\u00f5lpsa teisaldamise, parandades laadimist\u00f6\u00f6de \u00fcldist tootlikkust.<\/p>\n<h2>Projekteerimiskaalutlused ja valikukriteeriumid<\/h2>\n<h3>Kandev\u00f5ime<\/h3>\n<p>Poomi silindri kandev\u00f5ime on kriitilise t\u00e4htsusega projekteerimiskaalutlus. See tuleb konstrueerida nii, et see taluks teisaldatavate v\u00f5i t\u00f5stetavate materjalide erikaalu. Kandev\u00f5ime \u00f5ige arvutamine tagab silindri t\u00f5rgeteta toimimise maksimaalsete t\u00f6\u00f6koormuste korral.<\/p>\n<h3>Tihendusv\u00f5ime<\/h3>\n<p>T\u00f5hus tihendamine on h\u00fcdraulilise vedeliku lekete ja saastumise v\u00e4ltimiseks \u00fclioluline. S\u00fcsteemi terviklikkuse ja j\u00f5udluse s\u00e4ilitamiseks aja jooksul peab konstruktsioon sisaldama vastupidavaid tihendeid, n\u00e4iteks kolvi- ja varrastihendeid. Kvaliteetsed tihendid minimeerivad kulumist ja parandavad h\u00fcdrosilindri pikaealisust.<\/p>\n<h3>Vastupidavus<\/h3>\n<p>Vastupidavus on oluline, eriti rasketes t\u00f6\u00f6tingimustes. Poomi silindri valmistamisel kasutatud materjalid peaksid olema kulumis- ja korrosioonikindlad, tagades silindri pikaajalise toimimise. Materjali terviklikkuse regulaarne hindamine aitab v\u00e4ltida enneaegseid rikkeid.<\/p>\n<h3>Turvaelemendid<\/h3>\n<p>H\u00fcdrauliliste silindrite projekteerimisel peaks ohutus olema esmat\u00e4htis. Selliste funktsioonide nagu r\u00f5hukaitseventiilide lisamine aitab v\u00e4ltida \u00fclekoormust ja v\u00f5imalikke \u00f5nnetusi t\u00f6\u00f6tamise ajal. Ohutusstandardite j\u00e4rgimise tagamine kaitseb nii seadmeid kui ka operaatoreid.<\/p>\n<h3>Hooldatavus<\/h3>\n<p>Hooldatavust silmas pidades projekteerimine v\u00f5imaldab lihtsamaid kontrolle ja remonte. Komponendid peaksid olema ligip\u00e4\u00e4setavad ning projekteerimine peaks h\u00f5lbustama rutiinseid hooldust\u00f6id, n\u00e4iteks tihendite vahetamist ja m\u00e4\u00e4rimist, et pikendada h\u00fcdraulikas\u00fcsteemi eluiga.<\/p>\n<p><img decoding=\"async\" src=\"https:\/\/www.hydraulic-cylinders.net\/wp-content\/uploads\/2025\/04\/songte-oil-pipes-and-spare-parts.webp\" alt=\"H\u00fcdrauliliste silindrite komponendid\" \/><\/p>\n<h2>Tihendus ja m\u00e4\u00e4rimine<\/h2>\n<p>H\u00fcdrosilindri efektiivsus s\u00f5ltub oluliselt selle tihendus- ja m\u00e4\u00e4rimiss\u00fcsteemidest. H\u00fcdraulilise r\u00f5hu s\u00e4ilitamiseks ja lekete v\u00e4ltimiseks on \u00fcliolulised mitmesugused tihendid, sealhulgas kolvitihendid ja vardatihendid. Nende kulumiskindlate omaduste t\u00f5ttu kasutatakse sageli selliseid materjale nagu pol\u00fcuretaan ja nitriilkummi.<\/p>\n<p>Lisaks on silindri korpus ja keermestatud otsapinnad peenelt t\u00f6\u00f6deldud, et suurendada kulumiskindlust. Regulaarne m\u00e4\u00e4rimine h\u00fcdraulika\u00f5liga on oluline, et tagada k\u00f5igi liikuvate osade sujuv t\u00f6\u00f6 ja minimeerida h\u00f5\u00f5rdumist, mis v\u00f5ib p\u00f5hjustada enneaegset kulumist.<\/p>\n<h2>Ennetavad hooldusmeetmed<\/h2>\n<ul>\n<li>\n<h3>Regulaarsed kontrollid<\/h3>\n<p>Poomi silindri regulaarne kontrollimine kulumise v\u00f5i kahjustuste suhtes on oluline. Lekete kontrollimine, tihendite tervena hoidmine ja h\u00fcdraulikavoolikute seisukorra hindamine aitavad probleeme enne nende s\u00fcvenemist tuvastada.<\/li>\n<li>\n<h3>Sobiv m\u00e4\u00e4rimine<\/h3>\n<p>H\u00fcdraulika\u00f5li piisava taseme ja liikuvate osade n\u00f5uetekohase m\u00e4\u00e4rimise tagamine parandab j\u00f5udlust ja pikendab silindri eluiga. Oluline on j\u00e4rgida tootja soovitusi m\u00e4\u00e4rimisintervallide kohta.<\/li>\n<li>\n<h3>Tihendi vahetamine<\/h3>\n<p>Tihendite regulaarne vahetamine hooldusgraafiku osana hoiab \u00e4ra lekked ja s\u00e4ilitab h\u00fcdraulika efektiivsuse. Kulunud tihendite vahetamata j\u00e4tmine v\u00f5ib p\u00f5hjustada olulisi j\u00f5udlusprobleeme ja kulukaid remondit\u00f6id.<\/li>\n<\/ul>\n<h2>Paigaldusjuhised<\/h2>\n<p>Poomi silindri n\u00f5uetekohase toimimise ja pikaealisuse tagamiseks on oluline j\u00e4rgida \u00f5igeid paigaldusprotseduure. Alustage veendumaks, et kinnituspinnad on puhtad ja prahist vabad. Joondage silinder \u00f5igesti kinnituspunktidega, s\u00e4ilitades \u00f5ige orientatsiooni, et v\u00e4ltida tihendite pinget.<\/p>\n<p>Kasutage silindri kinnitamiseks ja t\u00f6\u00f6tamise ajal igasuguse liikumise v\u00e4ltimiseks sobivaid kinnitusklambreid. P\u00e4rast paigaldamist kontrollige h\u00fcdraulikavedeliku taset ja \u00f5hutage s\u00fcsteem, et eemaldada \u00f5humullid, mis v\u00f5ivad j\u00f5udlust m\u00f5jutada. L\u00f5puks tehke proovik\u00e4ivitus, et veenduda silindri sujuvas ja t\u00f5husas t\u00f6\u00f6s, tehes vajalikud muudatused.<\/p>\n<h2>Levinumad hooldust\u00f6\u00f6d<\/h2>\n<ul>\n<li>\n<h3>Regulaarsed kontrollid<\/h3>\n<p>Regulaarsete kontrollide tegemine aitab potentsiaalseid probleeme varakult tuvastada. Kontrollige tihendite kulumist, n\u00e4htavaid lekkeid ja \u00fcldist seisukorda. \u00d5igeaegne sekkumine aitab v\u00e4ltida suuremaid rikkeid ja kulukaid remondit\u00f6id.<\/li>\n<li>\n<h3>\u00d5ige m\u00e4\u00e4rimine<\/h3>\n<p>Piisava m\u00e4\u00e4rimistaseme s\u00e4ilitamine on h\u00fcdraulikas\u00fcsteemi sujuva t\u00f6\u00f6 jaoks \u00fclioluline. Kontrollige ja lisage h\u00fcdraulika\u00f5li regulaarselt, veendudes, et see vastab n\u00f5utavatele spetsifikatsioonidele, et v\u00e4ltida j\u00f5udlusprobleeme.<\/li>\n<li>\n<h3>Tihendi vahetamine ja kalibreerimine<\/h3>\n<p>H\u00fcdraulilise r\u00f5hu s\u00e4ilitamiseks vahetage kulumis- v\u00f5i kahjustusj\u00e4lgi n\u00e4itavad tihendid v\u00e4lja. Lisaks tagab h\u00fcdros\u00fcsteemi kalibreerimine, et see t\u00f6\u00f6tab etten\u00e4htud parameetrite piires, optimeerides j\u00f5udlust ja ohutust.<\/li>\n<\/ul>\n<h2>Ohutuskaalutlused ja keskkonnategurid<\/h2>\n<p>H\u00fcdrauliliste silindrite kasutamisel on ohutusmeetmed \u00fcliolulised. Operaatorid peaksid olema koolitatud \u00e4ra tundma h\u00fcdraulilise rikke v\u00f5i talitlush\u00e4ire m\u00e4rke. Regulaarsed ohutusauditid ja kasutusjuhiste j\u00e4rgimine aitavad riske maandada. Lisaks tuleks rakendada keskkonnas\u00f5bralikke tavasid, n\u00e4iteks h\u00fcdrauliliste vedelike n\u00f5uetekohane k\u00f5rvaldamine ja materjalide ringlussev\u00f5tt, kus v\u00f5imalik.<\/p>\n<h2>Rikete diagnoosimine ja levinud probleemid<\/h2>\n<ul>\n<li>\n<h3>H\u00fcdraulilised lekked<\/h3>\n<p>Lekkeid v\u00f5ib p\u00f5hjustada kulunud tihendid v\u00f5i kahjustatud voolikud. S\u00fcsteemi regulaarne kontrollimine on oluline, et lekkeid kiiresti tuvastada ja parandada.<\/li>\n<li>\n<h3>R\u00f5hu langus<\/h3>\n<p>J\u00e4rsk r\u00f5hulangus v\u00f5ib viidata sisemistele kahjustustele v\u00f5i vedelikuleketele. M\u00f5\u00f5diku n\u00e4itude j\u00e4lgimine aitab kindlaks teha, kas probleem on olemas, v\u00f5imaldades \u00f5igeaegset remonti.<\/li>\n<li>\n<h3>Reageerimatu silinder<\/h3>\n<p>Kui silinder ei reageeri juhtk\u00e4sklustele, v\u00f5ib see viidata h\u00fcdraulikas\u00fcsteemi ummistusele v\u00f5i juhtimismehhanismi rikkele. Juhtventiilide ja voolikute t\u00f5rkeotsing aitab p\u00f5hjust kindlaks teha.<\/li>\n<\/ul>\n<h2>Veaotsingu n\u00e4pun\u00e4ited<\/h2>\n<p>Poomi silindri probleemide t\u00f5husaks diagnoosimiseks ja lahendamiseks peaksid operaatorid pidama \u00fcksikasjalikku s\u00fcmptomite ja hooldusajaloo logi. Regulaarne t\u00f5rkeotsingu tehnikate koolitus aitab personalil probleeme varakult tuvastada.<\/p>\n<p>Ennetusmeetmete rakendamine, n\u00e4iteks regulaarsed hooldusgraafikud ja k\u00e4itusjuhiste j\u00e4rgimine, minimeerib v\u00f5imalikke probleeme. Lisaks soodustab ohutuma t\u00f6\u00f6keskkonna tagamine, kui operaatorid on ohutusprotokollidega kursis.<\/p>\n<p><img decoding=\"async\" src=\"https:\/\/www.hydraulic-cylinders.net\/wp-content\/uploads\/2025\/04\/songte-bushings-with-all-kinds-of-excavator-models.webp\" alt=\"Ekskavaatori komponendid\" \/><\/p>\n<h2>Meie ettev\u00f5ttest<\/h2>\n<p>Oleme juhtiv asendush\u00fcdrauliliste silindrite tootja, pakkudes rahvusvahelistele turgudele laia tootevalikut. J\u00e4rgides erakordseid kvaliteedistandardeid ja rakendades t\u00e4iustatud tootmisjuhtimise strateegiat, t\u00e4iustame pidevalt oma tootmisv\u00f5imsust. Keskendudes tehnoloogilisele talendile, t\u00e4iustatud tootmisseadmetele ja spetsialiseeritud testimiss\u00fcsteemidele, suudame rahuldada klientide mitmekesiseid n\u00f5udmisi suure t\u00f5hususega, t\u00e4psuse ja kvaliteediga.<\/p>\n<p>Meie ettev\u00f5te on rahvusvaheliselt sertifitseeritud ja pakub kliendi vajadustele vastavaid kohandatud teenuseid. Tipptasemel tootmisseadmete ja p\u00fchendunud m\u00fc\u00fcgij\u00e4rgse teeninduse meeskonnaga tagame oma klientidele tippkvaliteediga tooted ja toe.<\/p>\n<p><img decoding=\"async\" src=\"https:\/\/www.hydraulic-cylinders.net\/wp-content\/uploads\/2025\/04\/songte-company-4.webp\" alt=\"Ettev\u00f5tte \u00fclevaade\" \/><br \/>\n<img decoding=\"async\" src=\"https:\/\/www.hydraulic-cylinders.net\/wp-content\/uploads\/2025\/04\/songte-company-3.webp\" alt=\"Tootmis\u00fcksus\" \/><\/p>\n<p>Autor: lyl<\/p>","protected":false},"excerpt":{"rendered":"<p>Boom Cylinder For Yuchai YC18-8 Product Overview The Boom Cylinder for Yuchai YC18-8 is a specialized hydraulic cylinder that plays a critical role in controlling the movement of the bucket on various heavy machinery, including excavators, backhoe loaders, and front loaders. This hydraulic cylinder enables the bucket to lift, lower, and tilt, facilitating efficient material [&hellip;]<\/p>","protected":false},"featured_media":17875,"comment_status":"open","ping_status":"closed","template":"","meta":{"_et_pb_use_builder":"","_et_pb_old_content":"","_et_gb_content_width":""},"product_brand":[],"product_cat":[1546],"product_tag":[1547,1496],"class_list":{"0":"post-19582","1":"product","2":"type-product","3":"status-publish","4":"has-post-thumbnail","6":"product_cat-boom-cylinders","7":"product_tag-boom-cylinders","8":"product_tag-hydraulic-cylinders","10":"first","11":"instock","12":"shipping-taxable","13":"product-type-simple"},"amp_enabled":true,"_links":{"self":[{"href":"https:\/\/www.hydraulic-cylinders.net\/et\/wp-json\/wp\/v2\/product\/19582","targetHints":{"allow":["GET"]}}],"collection":[{"href":"https:\/\/www.hydraulic-cylinders.net\/et\/wp-json\/wp\/v2\/product"}],"about":[{"href":"https:\/\/www.hydraulic-cylinders.net\/et\/wp-json\/wp\/v2\/types\/product"}],"replies":[{"embeddable":true,"href":"https:\/\/www.hydraulic-cylinders.net\/et\/wp-json\/wp\/v2\/comments?post=19582"}],"wp:featuredmedia":[{"embeddable":true,"href":"https:\/\/www.hydraulic-cylinders.net\/et\/wp-json\/wp\/v2\/media\/17875"}],"wp:attachment":[{"href":"https:\/\/www.hydraulic-cylinders.net\/et\/wp-json\/wp\/v2\/media?parent=19582"}],"wp:term":[{"taxonomy":"product_brand","embeddable":true,"href":"https:\/\/www.hydraulic-cylinders.net\/et\/wp-json\/wp\/v2\/product_brand?post=19582"},{"taxonomy":"product_cat","embeddable":true,"href":"https:\/\/www.hydraulic-cylinders.net\/et\/wp-json\/wp\/v2\/product_cat?post=19582"},{"taxonomy":"product_tag","embeddable":true,"href":"https:\/\/www.hydraulic-cylinders.net\/et\/wp-json\/wp\/v2\/product_tag?post=19582"}],"curies":[{"name":"wp","href":"https:\/\/api.w.org\/{rel}","templated":true}]}}