{"id":19585,"date":"2025-04-07T06:56:01","date_gmt":"2025-04-07T06:56:01","guid":{"rendered":"https:\/\/www.hydraulic-cylinders.net\/product\/boom-cylinder-for-yuchai-yc60-8\/"},"modified":"2025-04-07T06:56:03","modified_gmt":"2025-04-07T06:56:03","slug":"boom-cylinder-for-yuchai-yc60-8","status":"publish","type":"product","link":"https:\/\/www.hydraulic-cylinders.net\/et\/toode\/boom-cylinder-for-yuchai-yc60-8\/","title":{"rendered":"Yuchai YC60-8 poomi silinder"},"content":{"rendered":"<h1>Yuchai YC60-8 poomi silinder<\/h1>\n<h2>Toote \u00fclevaade<\/h2>\n<p>Yuchai YC60-8 noole silinder on oluline h\u00fcdrauliline komponent, mis on spetsiaalselt loodud mitmesuguste rasketehnika koppade, n\u00e4iteks ekskavaatorite, laadur-ekskavaatori ja esilaaduri liikumise juhtimiseks. See h\u00fcdrauliline silinder v\u00f5imaldab koppal t\u00f5usta, langetada ja kallutada, h\u00f5lbustades t\u00f5husaid materjalik\u00e4itlust\u00f6id. Usaldusv\u00e4\u00e4rse kopa silindri olulisust ei saa \u00fcle hinnata, kuna see m\u00f5jutab otseselt ehitus- ja p\u00f5llumajandustehnika t\u00f6\u00f6v\u00f5imet ja tootlikkust.<\/p>\n<p><img decoding=\"async\" src=\"https:\/\/www.hydraulic-cylinders.net\/wp-content\/uploads\/2025\/04\/songte-company-1.webp\" alt=\"Poomi silinder\"><\/p>\n<h3>Definitsioon ja funktsioon<\/h3>\n<p>Kopa silinder on h\u00fcdraulilise silindri t\u00fc\u00fcp, mis on kohandatud rasketehnika ainulaadsete vajaduste jaoks. See t\u00f6\u00f6tab h\u00fcdraulika\u00f5li abil, mis tekitab r\u00f5hu, mis v\u00f5imaldab silindri sujuvat pikendamist ja tagasit\u00f5mbamist. See funktsioon on \u00fclioluline rakendustes, mis h\u00f5lmavad raskete esemete t\u00f5stmist ja materjalide t\u00e4pset man\u00f6\u00f6verdamist. N\u00e4iteks ekskavaatorite kontekstis m\u00e4ngib kopa silinder olulist rolli kaevamis- ja kopat\u00f6\u00f6del, suurendades \u00fcldist efektiivsust.<\/p>\n<h2>Peamised omadused<\/h2>\n<ul>\n<li><strong>Suur tugevus ja vastupidavus:<\/strong> Tavaliselt valmistatud \u00fclitugevast terasest v\u00f5i alumiiniumist, need silindrid taluvad k\u00f5rget r\u00f5hku ja suuri koormusi, mist\u00f5ttu sobivad need karmideks t\u00f6\u00f6tingimusteks.<\/li>\n<li><strong>T\u00f5hus h\u00fcdrauliline t\u00f6\u00f6:<\/strong> Kasutades h\u00fcdraulika\u00f5li r\u00f5hku, v\u00f5imaldavad need silindrid sujuvat ja kiiret reageerimist t\u00f6\u00f6k\u00e4skudele, pakkudes m\u00e4rkimisv\u00e4\u00e4rset t\u00f5uke- ja t\u00f5mbej\u00f5udu.<\/li>\n<li><strong>Erinevad t\u00fc\u00fcbid:<\/strong> Saadaval on \u00fchetoimelised (h\u00fcdraulikat \u00fches suunas kasutades) v\u00f5i kahetoimelised (h\u00fcdraulikat m\u00f5lemas suunas kasutades) silindrid, mis vastavad erinevatele t\u00f6\u00f6vajadustele.<\/li>\n<li><strong>Ruumis\u00e4\u00e4stlikud disainilahendused:<\/strong> M\u00f5ned mudelid on teleskoopilised, mis v\u00f5imaldab suuremat pikendamist ilma v\u00e4lism\u00f5\u00f5tmeid suurendamata, mis sobib ideaalselt kitsastes kohtades kasutamiseks.<\/li>\n<\/ul>\n<p>Meie tootmisv\u00f5imalused v\u00f5imaldavad meil toota neid silindreid, mis sobivad ideaalselt olemasolevate h\u00fcdrauliliste silindrite asendamiseks, tagades sujuva integreerimise teie masinaparki.<\/p>\n<p><img decoding=\"async\" src=\"https:\/\/www.hydraulic-cylinders.net\/wp-content\/uploads\/2025\/04\/songte-cylinder-head-with-all-kinds-excavator-models.webp\" alt=\"Ekskavaatori mudelid\"><\/p>\n<h2>Rakendused<\/h2>\n<h3>Ehitustehnika<\/h3>\n<p>Ehituses on noole silinder ekskavaatorite t\u00f6\u00f6 lahutamatu osa, h\u00f5lbustades selliseid \u00fclesandeid nagu kaevamine, laadimine ja pinnase v\u00f5i prahi teisaldamine. Kopa liikumise t\u00e4pne juhtimine tagab materjali t\u00f5husa ja efektiivse k\u00e4itlemise, suurendades seel\u00e4bi tootlikkust ehitusplatsil.<\/p>\n<h3>P\u00f5llumajandustehnika<\/h3>\n<p>Esilaadurite puhul on noole silinder oluline mulla, heina ja muude materjalide kopeerimiseks, t\u00f5stmiseks ja transportimiseks. Kopa asendi reguleerimise v\u00f5imalus v\u00f5imaldab p\u00f5llumeestel h\u00f5lpsalt mitmesuguseid \u00fclesandeid t\u00e4ita, parandades p\u00f5llumajandust\u00f6\u00f6de t\u00f5husust.<\/p>\n<h3>Ekskavaatorid<\/h3>\n<p>Ekskavaatorite kopa silinder v\u00f5imaldab efektiivset kaevamist, v\u00f5imaldades kopal pinnasesse tungida. See toiming on kaevet\u00f6\u00f6de puhul \u00fclioluline, h\u00f5lbustades kraavide, vundamentide ja muude oluliste konstruktsioonide rajamist.<\/p>\n<h3>Laadurid<\/h3>\n<p>Esilaaduritel aitavad noolesilindrid koormaid t\u00f5husalt t\u00f5sta ja t\u00fchjendada. See v\u00f5ime on ehituses ja j\u00e4\u00e4tmek\u00e4itluses materjalide k\u00e4itlemisel v\u00f5tmet\u00e4htsusega, v\u00f5imaldades operaatoritel oma tootlikkust v\u00e4iksema f\u00fc\u00fcsilise pingutusega maksimeerida.<\/p>\n<h2>Projekteerimiskaalutlused ja valikukriteeriumid<\/h2>\n<h3>Kandev\u00f5ime<\/h3>\n<p>Noole silindri valimisel on kandev\u00f5ime kriitilise t\u00e4htsusega tegur. Silinder peab suutma kanda k\u00e4ideldava koorma maksimaalset raskust ilma purunemise riskita. Koormusn\u00f5uete n\u00f5uetekohane hindamine tagab t\u00f6\u00f6 pikaealisuse ja ohutuse.<\/p>\n<h3>Tihendi kvaliteet<\/h3>\n<p>H\u00fcdrauliliste silindrite toimimise seisukohalt on tihendus \u00fclioluline. Kvaliteetsed tihendid hoiavad \u00e4ra h\u00fcdraulilise vedeliku lekke, mis v\u00f5ib kahjustada s\u00fcsteemi t\u00f5husust ja viia kulukate remondit\u00f6\u00f6deni. H\u00e4sti tihendatud silinder suurendab t\u00f6\u00f6kindlust ja t\u00f6\u00f6ohutust.<\/p>\n<h3>Vastupidavus<\/h3>\n<p>Vastupidavus on v\u00f5tmet\u00e4htsusega, kuna h\u00fcdraulilised silindrid t\u00f6\u00f6tavad karmides keskkondades. Materjalid peaksid olema kulumis-, korrosiooni- ja v\u00e4simuskindlad, et tagada silindri funktsionaalsuse s\u00e4ilimine pikema aja jooksul isegi keerulistes tingimustes.<\/p>\n<h3>Turvaelemendid<\/h3>\n<p>Ohutust silmas pidades projekteerimine h\u00f5lmab funktsioonide lisamist, mis minimeerivad t\u00f6\u00f6 ajal tekkivaid riske. See h\u00f5lmab \u00fcler\u00f5huklappe ja vastupidavat konstruktsiooni, mis talub etten\u00e4gematuid pingeid, tagades nii seadmete kui ka operaatorite kaitse.<\/p>\n<h3>Hoolduse ligip\u00e4\u00e4setavus<\/h3>\n<p>L\u00f5puks on hoolduse lihtsus oluline disainiaspekt. Balloonid peaksid olema konstrueeritud kiireks kontrollimiseks ja parandamiseks, v\u00f5imaldades minimaalset seisakut. Ligip\u00e4\u00e4setavus v\u00f5ib oluliselt m\u00f5jutada tegevuse efektiivsust ja hoolduskulusid.<\/p>\n<p><img decoding=\"async\" src=\"https:\/\/www.hydraulic-cylinders.net\/wp-content\/uploads\/2025\/04\/songte-oil-pipes-and-spare-parts.webp\" alt=\"\u00d5litorud ja varuosad\"><\/p>\n<h2>Tihendus ja m\u00e4\u00e4rimine<\/h2>\n<p>T\u00f5hus tihendamine ja m\u00e4\u00e4rimine on h\u00fcdrauliliste silindrite pikaealisuse ja j\u00f5udluse seisukohalt \u00fcliolulised. Kulumiskindluse suurendamiseks kasutatakse mitmesuguseid tihenduselemente, n\u00e4iteks kolvitihendeid ja varrastihendeid, mis on valmistatud vastupidavatest materjalidest nagu pol\u00fcuretaan ja nitriilkummi. Silindri korpus ja keermestatud otsapinnad l\u00e4bivad peent\u00f6\u00f6tluse, et parandada kulumisomadusi. Regulaarne m\u00e4\u00e4rimine h\u00fcdraulika\u00f5liga on vajalik sujuva t\u00f6\u00f6 s\u00e4ilitamiseks ja h\u00f5\u00f5rdumisest tingitud kulumise v\u00e4ltimiseks.<\/p>\n<h2>Ennetavad hooldusmeetmed<\/h2>\n<ul>\n<li><strong>Regulaarsed kontrollid:<\/strong> Tehke p\u00f5hjalik kontroll, et tuvastada kulumise, kahjustuste v\u00f5i lekete m\u00e4rke. Varajane avastamine aitab \u00e4ra hoida katastroofilisi rikkeid ja kulukaid remondit\u00f6id.<\/li>\n<li><strong>\u00d5ige m\u00e4\u00e4rimine:<\/strong> Veenduge, et m\u00e4\u00e4rimine toimub vastavalt tootja spetsifikatsioonidele. Piisav m\u00e4\u00e4rimine v\u00e4hendab h\u00f5\u00f5rdumist ja pikendab liikuvate osade eluiga.<\/li>\n<li><strong>Tihendi vahetamine:<\/strong> Kontrollige regulaarselt tihendite kulumist ja vajadusel vahetage need v\u00e4lja. H\u00e4sti hooldatud tihendid on olulised h\u00fcdraulikavedeliku lekete v\u00e4ltimiseks ja t\u00f6\u00f6 efektiivsuse s\u00e4ilitamiseks.<\/li>\n<\/ul>\n<h2>Paigaldusjuhised<\/h2>\n<p>Poomi silindri paigaldamisel veenduge, et silinder oleks kinnituspunktidega \u00f5igesti joondatud, et v\u00e4ltida liigset pinget t\u00f6\u00f6tamise ajal. Kasutage silindri kindlalt kinnitamiseks sobivaid kinnitusklambreid. Enne kasutamist kontrollige, kas k\u00f5ik \u00fchendused on tihedalt kinni ja et h\u00fcdros\u00fcsteemis pole lekkeid. J\u00e4rgige tootja soovitusi paigaldusprotseduuride kohta, et v\u00e4ltida v\u00f5imalikke probleeme ja tagada optimaalne j\u00f5udlus.<\/p>\n<h2>Levinumad hooldust\u00f6\u00f6d<\/h2>\n<h3>Regulaarsed kontrollid<\/h3>\n<p>Regulaarsete kontrollide l\u00e4biviimine on \u00fclioluline, et tuvastada potentsiaalsed probleemid enne nende s\u00fcvenemist. Kontrollige tihendite ja \u00fchenduste v\u00e4liseid kahjustusi, lekkeid ja kulumist. Varajane avastamine v\u00f5imaldab \u00f5igeaegset remonti, mis v\u00f5ib s\u00e4\u00e4sta ulatuslikke seisakuid ja remondikulusid.<\/p>\n<h3>\u00d5ige m\u00e4\u00e4rimine<\/h3>\n<p>Veenduge, et h\u00fcdraulika\u00f5li tase on soovituslikul tasemel ja et see on teie silindri jaoks \u00f5iget t\u00fc\u00fcpi. Piisav m\u00e4\u00e4rimine v\u00e4hendab sisemiste komponentide h\u00f5\u00f5rdumist ja kulumist, mis pikendab silindri kasutusiga.<\/p>\n<h3>Tihendi vahetamine<\/h3>\n<p>Tihendite regulaarne kontroll on \u00fclioluline. Kui ilmnevad kulumise v\u00f5i kahjustuste m\u00e4rgid, vahetage tihendid viivitamatult v\u00e4lja, et v\u00e4ltida h\u00fcdraulikavedeliku lekkeid. Regulaarne tihendite vahetamine on v\u00e4ike investeering, mis aitab pikas perspektiivis suuremaid remondikulusid kokku hoida.<\/p>\n<p><img decoding=\"async\" src=\"https:\/\/www.hydraulic-cylinders.net\/wp-content\/uploads\/2025\/04\/songte-chushion-collar.webp\" alt=\"Padjakaelus\"><\/p>\n<h2>Ohutuskaalutlused ja keskkonnategurid<\/h2>\n<p>H\u00fcdrauliliste silindrite k\u00e4itamisel on ohutusmeetmed \u00fcliolulised. Veenduge alati, et operaatorid on koolitatud ohutusprotokollide osas ja et seadmed vastavad ohutusstandarditele. N\u00f5uetekohane k\u00e4sitsemine ja kasutamine v\u00e4hendavad \u00f5nnetuste ohtu ja soodustavad ohutumat t\u00f6\u00f6keskkonda.<\/p>\n<h2>Rikete diagnoosimine ja levinud probleemid<\/h2>\n<ul>\n<li><strong>Leke:<\/strong> Lekkeid v\u00f5ib p\u00f5hjustada kulunud tihendid v\u00f5i liitmike kahjustused. Regulaarne kontroll aitab lekkeid varakult avastada ja parandada.<\/li>\n<li><strong>V\u00e4hendatud j\u00f5udlus:<\/strong> Kui silinder ei reageeri ootusp\u00e4raselt, v\u00f5ib see viidata madalale h\u00fcdraulikavedeliku tasemele v\u00f5i sisemistele kahjustustele. Kontrollige vedeliku taset ja silindri sisemist kulumist.<\/li>\n<li><strong>\u00dclekuumenemine:<\/strong> \u00dclekuumenemine v\u00f5ib p\u00f5hjustada vedeliku lagunemist, seega on t\u00f6\u00f6temperatuuride j\u00e4lgimine oluline. Piisav ventilatsioon ja \u00f5ige vedelikutase aitavad \u00fclekuumenemist v\u00e4ltida.<\/li>\n<\/ul>\n<h2>Veaotsingu n\u00e4pun\u00e4ited<\/h2>\n<p>Poomi silindri probleemide t\u00f5husaks t\u00f5rkeotsinguks alustage h\u00fcdraulikavedeliku taseme kontrollimisest ja lekete otsimisest. \u00d5ige h\u00fcdraulikavedeliku kasutamine ja selle puhtuse tagamine minimeerib probleeme. Regulaarne hooldus, sealhulgas tihendite \u00f5igeaegne vahetamine ja m\u00e4\u00e4rimine, on probleemide tekkimise v\u00e4ltimise v\u00f5ti. Ennetava hooldusstrateegia rakendamine v\u00f5ib oluliselt v\u00e4hendada t\u00f5siste probleemide tekkimise t\u00f5en\u00e4osust.<\/p>\n<p><img decoding=\"async\" src=\"https:\/\/www.hydraulic-cylinders.net\/wp-content\/uploads\/2025\/04\/songte-bushings-with-all-kinds-of-excavator-models.webp\" alt=\"Puksid ekskavaatorimudelitega\"><\/p>\n<h2>Ettev\u00f5tte \u00fclevaade<\/h2>\n<p>Oleme juhtiv h\u00fcdrosilindrite tootja, pakkudes laia tootevalikut nii sise- kui ka v\u00e4listurgudele. Meie p\u00fchendumust tippkvaliteedile toetab keerukas tootmisjuhtimise strateegia, mis h\u00f5lmab oskuslikku tehnilist personali ja t\u00e4iustatud digitaalseid tootmisseadmeid. T\u00e4iustades pidevalt oma tootmisprotsesse, tagame klientide n\u00f5udmiste rahuldamise suure efektiivsuse, t\u00e4psuse ja kvaliteediga.<\/p>\n<p><img decoding=\"async\" src=\"https:\/\/www.hydraulic-cylinders.net\/wp-content\/uploads\/2025\/04\/songte-company-4.webp\" alt=\"Ettev\u00f5tte \u00fclevaade\"><br \/>\n<img decoding=\"async\" src=\"https:\/\/www.hydraulic-cylinders.net\/wp-content\/uploads\/2025\/04\/songte-company-3.webp\" alt=\"Tootmis\u00fcksus\"><\/p>\n<h3>Professionaalsus ja sertifikaadid<\/h3>\n<p>Meie tooted vastavad rahvusvahelistele standarditele ja pakume klientide erivajadustele kohandatud teenuseid. Meie t\u00e4iustatud tootmisseadmed ja ranged kvaliteedikontrolli protsessid tagavad iga toodetud \u00fcksuse t\u00f6\u00f6kindluse ja k\u00f5rge kvaliteedi.<\/p>\n<h3>M\u00fc\u00fcgij\u00e4rgne teenindus<\/h3>\n<p>Samuti oleme uhked suurep\u00e4rase m\u00fc\u00fcgij\u00e4rgse teeninduse \u00fcle, tagades oma klientidele vajaliku toe paigaldamise, hoolduse ja k\u00f5igi ostuj\u00e4rgselt tekkida v\u00f5ivate probleemide lahendamiseks.<\/p>\n<p>Autor: lyl<\/p>","protected":false},"excerpt":{"rendered":"<p>Boom Cylinder For Yuchai YC60-8 Product Overview The Boom Cylinder for Yuchai YC60-8 is a vital hydraulic component designed specifically for controlling the movement of various heavy machinery buckets, such as excavators, backhoe loaders, and front loaders. This hydraulic cylinder enables the bucket to lift, lower, and tilt, facilitating efficient material handling tasks. The importance [&hellip;]<\/p>","protected":false},"featured_media":17878,"comment_status":"open","ping_status":"closed","template":"","meta":{"_et_pb_use_builder":"","_et_pb_old_content":"","_et_gb_content_width":""},"product_brand":[],"product_cat":[1546],"product_tag":[1547,1496],"class_list":{"0":"post-19585","1":"product","2":"type-product","3":"status-publish","4":"has-post-thumbnail","6":"product_cat-boom-cylinders","7":"product_tag-boom-cylinders","8":"product_tag-hydraulic-cylinders","10":"first","11":"instock","12":"shipping-taxable","13":"product-type-simple"},"amp_enabled":true,"_links":{"self":[{"href":"https:\/\/www.hydraulic-cylinders.net\/et\/wp-json\/wp\/v2\/product\/19585","targetHints":{"allow":["GET"]}}],"collection":[{"href":"https:\/\/www.hydraulic-cylinders.net\/et\/wp-json\/wp\/v2\/product"}],"about":[{"href":"https:\/\/www.hydraulic-cylinders.net\/et\/wp-json\/wp\/v2\/types\/product"}],"replies":[{"embeddable":true,"href":"https:\/\/www.hydraulic-cylinders.net\/et\/wp-json\/wp\/v2\/comments?post=19585"}],"wp:featuredmedia":[{"embeddable":true,"href":"https:\/\/www.hydraulic-cylinders.net\/et\/wp-json\/wp\/v2\/media\/17878"}],"wp:attachment":[{"href":"https:\/\/www.hydraulic-cylinders.net\/et\/wp-json\/wp\/v2\/media?parent=19585"}],"wp:term":[{"taxonomy":"product_brand","embeddable":true,"href":"https:\/\/www.hydraulic-cylinders.net\/et\/wp-json\/wp\/v2\/product_brand?post=19585"},{"taxonomy":"product_cat","embeddable":true,"href":"https:\/\/www.hydraulic-cylinders.net\/et\/wp-json\/wp\/v2\/product_cat?post=19585"},{"taxonomy":"product_tag","embeddable":true,"href":"https:\/\/www.hydraulic-cylinders.net\/et\/wp-json\/wp\/v2\/product_tag?post=19585"}],"curies":[{"name":"wp","href":"https:\/\/api.w.org\/{rel}","templated":true}]}}