{"id":19586,"date":"2025-04-07T06:56:04","date_gmt":"2025-04-07T06:56:04","guid":{"rendered":"https:\/\/www.hydraulic-cylinders.net\/product\/boom-cylinder-for-yuchai-yc135-8\/"},"modified":"2025-04-07T06:56:07","modified_gmt":"2025-04-07T06:56:07","slug":"boom-cylinder-for-yuchai-yc135-8","status":"publish","type":"product","link":"https:\/\/www.hydraulic-cylinders.net\/et\/toode\/boom-cylinder-for-yuchai-yc135-8\/","title":{"rendered":"Yuchai YC135-8 poomi silinder"},"content":{"rendered":"<h1>Yuchai YC135-8 poomi silinder<\/h1>\n<h2>Sissejuhatus poomi silindrisse<\/h2>\n<p>Noole silinder on h\u00fcdros\u00fcsteemide oluline komponent, eriti rasketes masinates, nagu ekskavaatorid, laadur-ekskavaatorid ja esilaadurid. See h\u00fcdrosilinder, mis on loodud kopa liikumise juhtimiseks, v\u00f5imaldab kopa t\u00f5stmist, langetamist ja kallutamist, h\u00f5lbustades materjalide k\u00e4itlemise \u00fclesandeid t\u00f5husalt. Kopa silinder on oluline h\u00fcdrosilinder, mis on spetsiaalselt nende rakenduste jaoks loodud, muutes selle v\u00f5tmeteguriks erinevate ehitus- ja p\u00f5llumajandusmasinate t\u00f6\u00f6s.<\/p>\n<p><img decoding=\"async\" src=\"https:\/\/www.hydraulic-cylinders.net\/wp-content\/uploads\/2025\/04\/songte-company-1.webp\" alt=\"Poomi silindri pilt\" \/><\/p>\n<h3>Kopasilindri funktsioon ja rakendus<\/h3>\n<p>Kopasilindrid m\u00e4ngivad rasketehnika h\u00fcdros\u00fcsteemides olulist rolli. Need pakuvad materjalide t\u00f5stmiseks ja k\u00e4sitsemiseks vajalikku j\u00f5udu, tagades masinate sujuva t\u00f6\u00f6. Olenemata sellest, kas neid kasutatakse ehituses, p\u00f5llumajanduses v\u00f5i kaevanduses, on kopasilindrid konstrueeritud taluma k\u00f5rget r\u00f5hku ja \u00e4\u00e4rmuslikke tingimusi, muutes need asendamatuks erinevates sektorites.<\/p>\n<h2>Yuchai YC135-8 poomisilindri omadused<\/h2>\n<ul>\n<li><strong>Suur tugevus ja vastupidavus:<\/strong> Need \u00fclitugevast terasest v\u00f5i alumiiniumist valmistatud silindrid taluvad k\u00f5rget r\u00f5hku ja suuri koormusi, sobides karmidesse t\u00f6\u00f6keskkondadesse.<\/li>\n<li><strong>T\u00f5hus h\u00fcdrauliline t\u00f6\u00f6:<\/strong> Silinder kasutab sujuvaks pikendamiseks ja tagasit\u00f5mbamiseks h\u00fcdraulika\u00f5li r\u00f5hku, mis v\u00f5imaldab kiiret reageerimist t\u00f6\u00f6k\u00e4skudele.<\/li>\n<li><strong>T\u00fc\u00fcpide mitmekesisus:<\/strong> Valikute hulka kuuluvad \u00fchetoimelised silindrid (t\u00f6\u00f6tavad \u00fches suunas) ja kahetoimelised silindrid (t\u00f6\u00f6tavad m\u00f5lemas suunas), mis vastavad erinevatele t\u00f6\u00f6vajadustele.<\/li>\n<li><strong>Teleskoopmudelid:<\/strong> M\u00f5ned mudelid on konstrueeritud teleskoopiliseks, mis v\u00f5imaldab suuremat pikendamist ilma v\u00e4lism\u00f5\u00f5tmeid suurendamata, mis sobib ideaalselt piiratud ruumiga rakenduste jaoks.<\/li>\n<li><strong>Korrosiooni- ja kulumiskindlus:<\/strong> Spetsiaalselt loodud kulumis- ja korrosioonikindlaks muutmiseks, pikendades toote eluiga.<\/li>\n<\/ul>\n<p>Me toodame seda toodet, pakkudes ideaalseid asendusi erinevatele h\u00fcdrosilindritele.<\/p>\n<p><img decoding=\"async\" src=\"https:\/\/www.hydraulic-cylinders.net\/wp-content\/uploads\/2025\/04\/songte-cylinder-head-with-all-kinds-excavator-models.webp\" alt=\"Ekskavaatori mudelid\" \/><\/p>\n<h2>Poomi silindri rakendused<\/h2>\n<h3>Ehitustehnika<\/h3>\n<p>Ekskavaatorites on noolesilindrid h\u00e4davajalikud kaevamiseks, laadimiseks ja mulla v\u00f5i prahi teisaldamiseks. Need v\u00f5imaldavad kopal v\u00f5i ekskavaatoril maasse kaevuda ja raskeid koormaid t\u00f5sta. Nende silindrite disain ja v\u00f5imsus muudavad need ehitusplatsidel nii kaevamis- kui ka t\u00f5stet\u00f6\u00f6del \u00fclioluliseks.<\/p>\n<h3>P\u00f5llumajandustehnika<\/h3>\n<p>Esilaadurites kasutatavad silindrid aitavad mulda, heina ja muid materjale kopaga t\u00f5sta, t\u00f5sta ja transportida. Nende v\u00f5ime raskeid koormaid k\u00e4sitseda v\u00f5imaldab p\u00f5llumeestel \u00fclesandeid t\u00f5husalt t\u00e4ita, suurendades talu tootlikkust.<\/p>\n<h3>Ekskavaatorid<\/h3>\n<p>Ekskavaatorites v\u00f5imaldab noole silinder kopal pinnasesse tungida, h\u00f5lbustades kaevamist\u00f6id. Selle vastupidav konstruktsioon tagab, et see talub kaevamisega kaasnevaid j\u00f5ude, muutes selle usaldusv\u00e4\u00e4rseks valikuks ehitus- ja pinnase teisaldamise t\u00f6\u00f6de jaoks.<\/p>\n<h3>Laadurid<\/h3>\n<p>Esilaaduritel aitavad noolesilindrid materjale t\u00f5husalt t\u00f5sta ja t\u00fchjendada. Nende h\u00fcdrauliline mehhanism tagab vajaliku tugevuse erinevate koormate k\u00e4sitsemiseks, parandades laadimist\u00f6\u00f6de efektiivsust.<\/p>\n<h2>Projekteerimiskaalutlused ja valikukriteeriumid<\/h2>\n<h3>Kandev\u00f5ime<\/h3>\n<p>Noole silindri valimisel on \u00fclioluline m\u00f5ista selle kandev\u00f5imet. Silindri konstruktsioon peab vastu pidama maksimaalsele koormusele, mida see kannab, tagades ohutuse ja t\u00f6\u00f6 efektiivsuse. Oluline on valida toode, mis mitte ainult ei vasta n\u00f5utavatele spetsifikatsioonidele, vaid pakub ka varu ootamatute koormuste jaoks, v\u00e4hendades rikkeohtu kasutamise ajal.<\/p>\n<h3>Tihendusn\u00f5uded<\/h3>\n<p>T\u00f5hus tihendus on h\u00fcdraulilise r\u00f5hu s\u00e4ilitamiseks ja lekete v\u00e4ltimiseks \u00fclioluline. Tihendite, n\u00e4iteks kolvi- ja varrastihendite valimisel tuleks kasutada kvaliteetseid materjale, mis taluvad t\u00f6\u00f6keskkonda. N\u00f5uetekohane tihendus tagab h\u00fcdraulilise vedeliku tiheduse, optimeerides j\u00f5udlust ja pikendades silindri eluiga.<\/p>\n<h3>Vastupidavus<\/h3>\n<p>Vastupidavus on poomi silindrite disainimisel v\u00f5tmetegur. Need peavad vastu pidama karmidele tingimustele, sealhulgas \u00e4\u00e4rmuslikele temperatuuridele ja abrasiivsetele materjalidele. Kulumis- ja korrosioonikindlate materjalide, n\u00e4iteks spetsiaalsete katete v\u00f5i t\u00f6\u00f6tluste valimine v\u00f5ib silindri pikaealisust oluliselt pikendada.<\/p>\n<h3>Turvaelemendid<\/h3>\n<p>Ohutuskaalutlused peavad olema projekteerimisetapis esiplaanil. Selliste funktsioonide nagu r\u00f5hukaitseventiilide ja \u00fclekoormuskaitse lisamine aitab v\u00e4ltida katastroofilisi rikkeid. H\u00fcdraulikas\u00fcsteemi varustamine vajalike ohutusmeetmetega on oluline nii operaatorite kui ka masinate kaitsmiseks.<\/p>\n<h3>Hoolduskaalutlused<\/h3>\n<p>Hoolduse lihtsus on veel \u00fcks oluline disainiaspekt. Balloonid peaksid olema konstrueeritud nii, et tihenditele, avadele ja muudele regulaarset hooldust vajavatele komponentidele oleks lihtne juurde p\u00e4\u00e4seda. Hooldusprotseduuride lihtsustamine tagab, et operaatorid saavad seadmeid optimaalses seisukorras hoida minimaalse seisakuajaga.<\/p>\n<p><img decoding=\"async\" src=\"https:\/\/www.hydraulic-cylinders.net\/wp-content\/uploads\/2025\/04\/songte-oil-pipes-and-spare-parts.webp\" alt=\"H\u00fcdraulilised komponendid\" \/><\/p>\n<h2>Poomi silindri tihendamine ja m\u00e4\u00e4rimine<\/h2>\n<p>T\u00f5hus tihendamine ja m\u00e4\u00e4rimine on poomi silindrite j\u00f5udluse seisukohalt \u00fcliolulised. H\u00fcdraulikas\u00fcsteemi terviklikkuse tagamiseks kasutatakse mitmesuguseid tihenduselemente, n\u00e4iteks kolvitihendeid ja varrastihendeid. Pol\u00fcuretaanist v\u00f5i nitriilkummist tihendid pakuvad suurep\u00e4rast kulumiskindlust, mis on t\u00f6\u00f6 efektiivsuse s\u00e4ilitamiseks \u00fclioluline.<\/p>\n<p>Silindri korpus ja keermestatud otsad tuleb kulumiskindluse suurendamiseks peent\u00f6\u00f6tlusega t\u00f6\u00f6delda. Regulaarne m\u00e4\u00e4rimine h\u00fcdraulika\u00f5liga on oluline, et minimeerida h\u00f5\u00f5rdumist ja kulumist liikuvate osade vahel. M\u00e4\u00e4rimistaseme kontrollimise ja s\u00e4ilitamise rutiini kehtestamine v\u00f5ib silindri eluiga oluliselt pikendada.<\/p>\n<h2>Ennetavad hooldusmeetmed<\/h2>\n<ul>\n<li><strong>Regulaarsed kontrollid:<\/strong> Regulaarsete kontrollide tegemine kulumis- v\u00f5i kahjustuste m\u00e4rke tuvastamiseks aitab v\u00e4ltida ootamatuid rikkeid.<\/li>\n<li><strong>\u00d5ige m\u00e4\u00e4rimine:<\/strong> Liikuvate osade piisav m\u00e4\u00e4rimine v\u00e4hendab h\u00f5\u00f5rdumist ja pikendab silindri eluiga.<\/li>\n<li><strong>Tihendi vahetamine:<\/strong> Tihendite regulaarne kontrollimine ja vajadusel vahetamine aitab v\u00e4ltida h\u00fcdraulika lekkeid ja s\u00e4ilitada s\u00fcsteemi t\u00f5husust.<\/li>\n<\/ul>\n<h2>Paigaldusjuhised<\/h2>\n<p>Poomi silindri \u00f5ige paigaldamine on selle j\u00f5udluse ja pikaealisuse tagamiseks kriitilise t\u00e4htsusega. Alustage veendumisest, et k\u00f5ik komponendid on puhtad ja saasteainetevabad. Joondage silinder \u00f5igesti kinnituspunktidega, kasutades sobivaid joondamisvahendeid, et v\u00e4ltida silindrile liigset pinget. Kinnitage silinder sobivate kinnitusklambritega, et tagada stabiilsus t\u00f6\u00f6 ajal.<\/p>\n<p>P\u00e4rast paigaldamist kontrollige lekete v\u00f5i joondamise m\u00e4rke. Enne seadme uuesti kasutuselev\u00f5ttu on oluline teha p\u00f5hjalik test, et veenduda k\u00f5igi funktsioonide t\u00f5rgeteta toimimises. Tootja juhiste ja soovituste j\u00e4rgimine tagab h\u00fcdrosilindri ohutu ja t\u00f5husa kasutamise.<\/p>\n<h2>Levinumad hooldust\u00f6\u00f6d<\/h2>\n<h3>Regulaarsed kontrollid<\/h3>\n<p>Regulaarsed kontrollid v\u00f5imaldavad operaatoritel tuvastada potentsiaalseid probleeme enne nende s\u00fcvenemist. H\u00fcdrauliliste \u00fchenduste, tihendite ja silindrite \u00fcldise seisukorra kontrollimine aitab s\u00e4ilitada seadmete t\u00f6\u00f6kindlust. Operaatorid peaksid olema koolitatud \u00e4ra tundma kulumism\u00e4rke, n\u00e4iteks kriimustusi v\u00f5i lekkeid, ja v\u00f5tma asjakohaseid meetmeid.<\/p>\n<h3>\u00d5ige m\u00e4\u00e4rimine<\/h3>\n<p>Sujuva t\u00f6\u00f6 tagamiseks on oluline s\u00e4ilitada sobiv m\u00e4\u00e4rimistase. H\u00fcdraulika\u00f5li regulaarne kontrollimine ja t\u00e4iendamine tagab silindri liikuvate osade t\u00f5husa toimimise. Operaatorid peaksid j\u00e4rgima soovitatud m\u00e4\u00e4rimisgraafikut, et v\u00e4ltida liigset kulumist ja pikendada seadmete eluiga.<\/p>\n<h3>Tihendi vahetamine ja kalibreerimise kontrollimine<\/h3>\n<p>Tihendite regulaarne vahetamine aitab v\u00e4ltida h\u00fcdraulilisi lekkeid ja s\u00e4ilitada s\u00fcsteemi terviklikkust. Lisaks tagab kalibreerimiskontrollide tegemine, et silinder t\u00f6\u00f6tab etten\u00e4htud spetsifikatsioonide piires, parandades \u00fcldist j\u00f5udlust. Operaatorid peaksid m\u00f5istma \u00f5igeaegse hoolduse olulisust v\u00f5imalike rikete leevendamiseks.<\/p>\n<p><img decoding=\"async\" src=\"https:\/\/www.hydraulic-cylinders.net\/wp-content\/uploads\/2025\/04\/songte-chushion-collar.webp\" alt=\"Padjakaelus\" \/><\/p>\n<h2>Ohutuskaalutlused ja keskkonnategurid<\/h2>\n<p>H\u00fcdrauliliste silindrite kasutamisel on ohutusmeetmete rakendamine kriitilise t\u00e4htsusega. Operaatorid peaksid olema koolitatud seadmete \u00f5ige kasutamise osas, et v\u00e4ltida \u00f5nnetusi. Regulaarsed ohutusauditid ja ohutusprotokollide j\u00e4rgimine on ohutu t\u00f6\u00f6keskkonna tagamiseks h\u00e4davajalikud. Lisaks on oluline arvestada h\u00fcdraulikas\u00fcsteemide keskkonnam\u00f5juga, n\u00e4iteks tagada h\u00fcdraulikavedelike n\u00f5uetekohane k\u00f5rvaldamine saastumise v\u00e4ltimiseks.<\/p>\n<h2>Rikete diagnoosimine ja levinud probleemid<\/h2>\n<h3>Levinud probleemid<\/h3>\n<ul>\n<li><strong>H\u00fcdraulilised lekked:<\/strong> Sageli p\u00f5hjustatud kulunud tihenditest v\u00f5i kahjustatud voolikutest, mis viib j\u00f5udluse v\u00e4henemiseni.<\/li>\n<li><strong>V\u00e4hendatud liikumine:<\/strong> V\u00f5ib viidata sisemistele kahjustustele v\u00f5i ebapiisavale h\u00fcdraulikavedeliku tasemele.<\/li>\n<li><strong>Ebatavalised helid:<\/strong> Krigisev v\u00f5i koputav heli v\u00f5ib viidata silindri mehaanilistele probleemidele.<\/li>\n<\/ul>\n<h3>Diagnoos ja t\u00f5rkeotsing<\/h3>\n<p>Probleemide t\u00f5husaks diagnoosimiseks peaksid operaatorid tegema visuaalseid kontrolle ja j\u00e4lgima j\u00f5udlusparameetreid. Lekete korral aitab allikat tuvastada k\u00f5igi \u00fchenduste ja tihendite kontrollimine. Kui liikumine on v\u00e4henenud, v\u00f5ib probleemi lahendada vedeliku taseme kontrollimine ja h\u00fcdraulikavoolikute ummistuste otsimine. Ebatavaliste m\u00fcrade korral on vaja sisemisi komponente p\u00f5hjalikult kontrollida.<\/p>\n<h3>Ennetavad meetmed<\/h3>\n<p>Ennetavate meetmete rakendamine, n\u00e4iteks regulaarne hooldus ja \u00fclevaatused, aitab minimeerida nende probleemide tekkimise ohtu. Operaatorite koolitamine probleemide varajaste m\u00e4rkide \u00e4ratundmiseks ja kiirete meetmete v\u00f5tmiseks aitab oluliselt v\u00e4hendada seisakuid ja remondikulusid.<\/p>\n<p><img decoding=\"async\" src=\"https:\/\/www.hydraulic-cylinders.net\/wp-content\/uploads\/2025\/04\/songte-bushings-with-all-kinds-of-excavator-models.webp\" alt=\"Puksid\" \/><\/p>\n<h2>Ettev\u00f5tte \u00fclevaade<\/h2>\n<p>Oleme juhtiv asendush\u00fcdrauliliste silindrite tootja, pakkudes laia tootevalikut nii sise- kui ka rahvusvahelistele turgudele. Meie p\u00fchendumus tipptasemele on teinud meist h\u00fcdrosilindrite tootmise ja hulgim\u00fc\u00fcgi teerajaja. J\u00e4rgime k\u00f5rgeid kvaliteedistandardeid ja kasutame t\u00e4iustatud tootmisstrateegiaid.<\/p>\n<p>Keskendudes tugevalt tehnoloogiale ja innovatsioonile, t\u00e4iustavad meie oskuslik t\u00f6\u00f6j\u00f5ud, t\u00e4iustatud tootmisseadmed ja professionaalsed testimiss\u00fcsteemid pidevalt meie tootmisv\u00f5imekust. Oleme uhked oma t\u00f5hususe, t\u00e4psuse ja kvaliteedi \u00fcle, mis on kohandatud meie klientide mitmekesiste vajaduste rahuldamiseks.<\/p>\n<p><img decoding=\"async\" src=\"https:\/\/www.hydraulic-cylinders.net\/wp-content\/uploads\/2025\/04\/songte-company-4.webp\" alt=\"Ettev\u00f5tte kuvand\" \/><br \/>\n<img decoding=\"async\" src=\"https:\/\/www.hydraulic-cylinders.net\/wp-content\/uploads\/2025\/04\/songte-company-3.webp\" alt=\"Ettev\u00f5tte kuvand\" \/><\/p>\n<p>Meie spetsialiseerumine h\u00f5lmab rahvusvahelisi sertifikaate, klientide konkreetsetele vajadustele vastavaid kohandatud teenuseid, tipptasemel tootmisseadmeid ja erakordset m\u00fc\u00fcgij\u00e4rgset tuge.<\/p>\n<p>Autor: lyl<\/p>","protected":false},"excerpt":{"rendered":"<p>Boom Cylinder For Yuchai YC135-8 Introduction to Boom Cylinder The Boom Cylinder is a vital component in hydraulic systems, especially in heavy machinery such as excavators, backhoe loaders, and front loaders. Designed to control the movement of a bucket, this hydraulic cylinder enables the raising, lowering, and tilting of the bucket, facilitating material handling tasks [&hellip;]<\/p>","protected":false},"featured_media":17879,"comment_status":"open","ping_status":"closed","template":"","meta":{"_et_pb_use_builder":"","_et_pb_old_content":"","_et_gb_content_width":""},"product_brand":[],"product_cat":[1546],"product_tag":[1547,1496],"class_list":{"0":"post-19586","1":"product","2":"type-product","3":"status-publish","4":"has-post-thumbnail","6":"product_cat-boom-cylinders","7":"product_tag-boom-cylinders","8":"product_tag-hydraulic-cylinders","10":"first","11":"instock","12":"shipping-taxable","13":"product-type-simple"},"amp_enabled":true,"_links":{"self":[{"href":"https:\/\/www.hydraulic-cylinders.net\/et\/wp-json\/wp\/v2\/product\/19586","targetHints":{"allow":["GET"]}}],"collection":[{"href":"https:\/\/www.hydraulic-cylinders.net\/et\/wp-json\/wp\/v2\/product"}],"about":[{"href":"https:\/\/www.hydraulic-cylinders.net\/et\/wp-json\/wp\/v2\/types\/product"}],"replies":[{"embeddable":true,"href":"https:\/\/www.hydraulic-cylinders.net\/et\/wp-json\/wp\/v2\/comments?post=19586"}],"wp:featuredmedia":[{"embeddable":true,"href":"https:\/\/www.hydraulic-cylinders.net\/et\/wp-json\/wp\/v2\/media\/17879"}],"wp:attachment":[{"href":"https:\/\/www.hydraulic-cylinders.net\/et\/wp-json\/wp\/v2\/media?parent=19586"}],"wp:term":[{"taxonomy":"product_brand","embeddable":true,"href":"https:\/\/www.hydraulic-cylinders.net\/et\/wp-json\/wp\/v2\/product_brand?post=19586"},{"taxonomy":"product_cat","embeddable":true,"href":"https:\/\/www.hydraulic-cylinders.net\/et\/wp-json\/wp\/v2\/product_cat?post=19586"},{"taxonomy":"product_tag","embeddable":true,"href":"https:\/\/www.hydraulic-cylinders.net\/et\/wp-json\/wp\/v2\/product_tag?post=19586"}],"curies":[{"name":"wp","href":"https:\/\/api.w.org\/{rel}","templated":true}]}}