{"id":19588,"date":"2025-04-07T06:56:10","date_gmt":"2025-04-07T06:56:10","guid":{"rendered":"https:\/\/www.hydraulic-cylinders.net\/product\/boom-cylinder-for-yuchai-yc240lc-8\/"},"modified":"2025-04-07T06:56:12","modified_gmt":"2025-04-07T06:56:12","slug":"boom-cylinder-for-yuchai-yc240lc-8","status":"publish","type":"product","link":"https:\/\/www.hydraulic-cylinders.net\/et\/toode\/boom-cylinder-for-yuchai-yc240lc-8\/","title":{"rendered":"Yuchai YC240LC-8 poomi silinder"},"content":{"rendered":"<h1>Yuchai YC240LC-8 poomi silinder<\/h1>\n<h2>Toote \u00fclevaade<\/h2>\n<p>Yuchai YC240LC-8 noole silinder on h\u00fcdraulikas\u00fcsteemides kriitilise t\u00e4htsusega komponent, mis on spetsiaalselt loodud kopa liikumise juhtimiseks erinevates rasketes masinates, n\u00e4iteks ekskavaatorites, laadur-ekskavaatorites ja esilaadurites. See h\u00fcdraulika silinder v\u00f5imaldab kopa t\u00f5sta, langetada ja kallutada, h\u00f5lbustades t\u00f5husat materjali k\u00e4itlemist. Kopa silinder on h\u00fcdraulikas\u00fcsteemi oluline osa, mis kasutab h\u00fcdraulilist vedelikku v\u00f5imsate ja t\u00e4psete liigutuste loomiseks.<\/p>\n<p><img decoding=\"async\" src=\"https:\/\/www.hydraulic-cylinders.net\/wp-content\/uploads\/2025\/04\/songte-company-1.webp\" alt=\"Poomi silindri pilt\" \/><\/p>\n<h3>Definitsioon ja eesm\u00e4rk<\/h3>\n<p>Kopa silinder on h\u00fcdraulilise ajamiga mehhanism, mis muundab h\u00fcdraulilise energia mehaaniliseks energiaks, v\u00f5imaldades rasketel masinatel h\u00f5lpsalt mitmesuguseid funktsioone t\u00e4ita. Need silindrid on konstrueeritud taluma k\u00f5rget r\u00f5hku ja raskeid koormusi, mist\u00f5ttu sobivad need n\u00f5udlikesse keskkondadesse. Kopa silindri pakutav funktsionaalsus suurendab t\u00f6\u00f6 efektiivsust, v\u00e4hendab seisakuid ja tagab operaatorite ohutuse raskete t\u00f5stmis- ja teisaldamist\u00f6\u00f6de ajal.<\/p>\n<h2>Poomi silindri omadused<\/h2>\n<ul>\n<li><strong>Suur tugevus ja vastupidavus:<\/strong> Valmistatud \u00fclitugevast terasest v\u00f5i alumiiniumist, mis talub k\u00f5rget r\u00f5hku ja suuri koormusi, on loodud vastu pidama karmidele t\u00f6\u00f6tingimustele ning on kulumis- ja korrosioonikindlad pikema eluea tagamiseks.<\/li>\n<li><strong>T\u00f5hus h\u00fcdrauliline t\u00f6\u00f6:<\/strong> Kasutab sujuva pikenduse ja tagasit\u00f5mbamise saavutamiseks h\u00fcdraulilise vedeliku r\u00f5hku, reageerib operaatori k\u00e4sklustele kiiresti, pakkudes tugevat t\u00f5uke- ja t\u00f5mbej\u00f5udu, ideaalne raskete ja keerukate \u00fclesannete t\u00e4itmiseks.<\/li>\n<li><strong>Erinevad t\u00fc\u00fcbid:<\/strong> Saadaval \u00fchetoimeliste (h\u00fcdraulilise vedeliku k\u00e4itamine \u00fches suunas) v\u00f5i kahetoimeliste (m\u00f5lemas suunas) silindritega, et rahuldada erinevaid t\u00f6\u00f6vajadusi, kusjuures teatud mudelid on teleskoopilised, mis v\u00f5imaldavad suuremat pikendamist ilma v\u00e4lism\u00f5\u00f5tmeid suurendamata, mis sobib ideaalselt ruumipiirangutega rakenduste jaoks.<\/li>\n<li><strong>Kohandatud lahendused:<\/strong> Meie tooted suudavad ideaalselt asendada mitmesuguseid h\u00fcdraulilisi silindreid, tagades \u00fchilduvuse ja j\u00f5udluse.<\/li>\n<\/ul>\n<p><img decoding=\"async\" src=\"https:\/\/www.hydraulic-cylinders.net\/wp-content\/uploads\/2025\/04\/songte-cylinder-head-with-all-kinds-excavator-models.webp\" alt=\"H\u00fcdraulilise silindri \u00fchilduvus\" \/><\/p>\n<h2>Poomi silindri rakendused<\/h2>\n<h3>Ehitustehnika<\/h3>\n<p>Ekskavaatorites m\u00e4ngivad noolesilindrid olulist rolli pinnase v\u00f5i prahi kaevamisel, laadimisel ja teisaldamisel. Need annavad kopale vajaliku j\u00f5u t\u00f5husaks pinnasesse tungimiseks, suurendades masina \u00fcldist tootlikkust. Nende silindrite pakutav t\u00e4pne juhtimine tagab, et operaatorid saavad keerulisi \u00fclesandeid t\u00e4pselt ja h\u00f5lpsalt t\u00e4ita. Lisaks abistavad ekskavaator-laadurites kopasilindrid nii kaevamis- kui ka t\u00f5stetoimingutes, muutes need ehitusprojektides asendamatuks.<\/p>\n<h3>P\u00f5llumajandustehnika<\/h3>\n<p>Esilaadurites on noolesilindrid \u00fcliolulised mulla, heina ja muude materjalide kopeerimiseks, t\u00f5stmiseks ja transportimiseks. Nende vastupidav konstruktsioon v\u00f5imaldab neil hakkama saada p\u00f5llumajanduses sageli vajalike n\u00f5udlike \u00fclesannetega, tagades t\u00f6\u00f6kindluse ja vastupidavuse. T\u00f5husa materjalik\u00e4itluse h\u00f5lbustamisega aitavad need silindrid oluliselt kaasa tootlikkuse suurendamisele taludes ja p\u00f5llumajandustegevustes.<\/p>\n<h3>Ekskavaatorid<\/h3>\n<p>Ekskavaatorites v\u00f5imaldavad kopasilindrid kopal pinnasesse tungida, mis on t\u00f5husate kaevamist\u00f6\u00f6de jaoks h\u00e4davajalik. Nende silindrite pakutav h\u00fcdrauliline j\u00f5ud v\u00f5imaldab s\u00fcgavat kaevamist minimaalse operaatori pingutusega, parandades t\u00f6\u00f6 efektiivsust ja v\u00e4hendades projektidele kuluvat aega.<\/p>\n<h3>Laadurid<\/h3>\n<p>Esilaadurites aitavad noolesilindrid koormaid t\u00f5husalt t\u00f5sta ja maha laadida. Nende v\u00f5ime pakkuda suurt t\u00f5stev\u00f5imet tagab raskete materjalide t\u00f5husa peale- ja mahalaadimise, aidates kaasa ehitus-, kaevandus- ja materjalik\u00e4itlust\u00f6\u00f6de sujuvale toimimisele.<\/p>\n<h2>Projekteerimiskaalutlused ja valikukriteeriumid<\/h2>\n<h3>Kandev\u00f5ime<\/h3>\n<p>Poomi silindri valimisel on kandev\u00f5ime kriitilise t\u00e4htsusega tegur. Silinder peab olema konstrueeritud nii, et see taluks maksimaalset raskust, millega t\u00f6\u00f6 ajal kokku puututakse. See tagab ohutuse ja efektiivsuse, kuna ebapiisavalt nimiv\u00e4\u00e4rtusega silinder v\u00f5ib pinge all puruneda, mis v\u00f5ib p\u00f5hjustada seadmete kahjustusi v\u00f5i \u00f5nnetusi. Tootjad esitavad tavaliselt kandev\u00f5ime kohta \u00fcksikasjalikud spetsifikatsioonid, mis v\u00f5imaldab operaatoritel teha teadlikke otsuseid vastavalt oma konkreetsetele vajadustele.<\/p>\n<h3>Tihendus ja vastupidavus<\/h3>\n<p>T\u00f5hus tihendus on poomi silindri pikaealisuse tagamiseks \u00fclioluline. Kvaliteetsed tihendid hoiavad \u00e4ra h\u00fcdraulikavedeliku lekke, mis v\u00f5ib kahjustada j\u00f5udlust ja ohutust. Kulumis- ja lagunemiskindlate tihendite valmistamiseks kasutatakse mitmesuguseid materjale, n\u00e4iteks pol\u00fcuretaani ja nitriilkummi. N\u00f5uetekohane tihendus suurendab ka silindri v\u00f5imet taluda karme keskkonnatingimusi, tagades j\u00e4rjepideva j\u00f5udluse aja jooksul.<\/p>\n<h3>Turvaelemendid<\/h3>\n<p>Ohutus on noolesilindrite projekteerimisel esmat\u00e4htis. Sellised omadused nagu r\u00f5hukaitseventiilid ja \u00fclekoormuskaitse on olulised rikete v\u00e4ltimiseks ja ohutu t\u00f6\u00f6 tagamiseks. Operaatorid peaksid olema neist ohutusfunktsioonidest teadlikud ja m\u00f5istma, kuidas need h\u00fcdraulikas\u00fcsteemis toimivad. Lisaks on regulaarne hooldus ja \u00fclevaatused vajalikud, et tuvastada v\u00f5imalikke ohutusprobleeme enne, kui need \u00f5nnetusteni viivad.<\/p>\n<h3>Hoolduse lihtsus<\/h3>\n<p>Poomi silindrite projekteerimine hoolduse h\u00f5lbustamiseks v\u00f5ib oluliselt pikendada nende t\u00f6\u00f6iga. Komponendid peaksid olema kontrollimiseks ja parandamiseks ligip\u00e4\u00e4setavad, v\u00e4hendades seisakuid ja hoolduskulusid. Modulaarsete konstruktsioonide pakkumine, mis v\u00f5imaldab osade h\u00f5lpsat vahetamist, v\u00f5ib samuti aidata kaasa \u00fcldisele t\u00f5hususele, tagades seadmete t\u00f6\u00f6korras ja tootlikkuse.<\/p>\n<p><img decoding=\"async\" src=\"https:\/\/www.hydraulic-cylinders.net\/wp-content\/uploads\/2025\/04\/songte-oil-pipes-and-spare-parts.webp\" alt=\"H\u00fcdraulilised komponendid\" \/><\/p>\n<h2>Tihendus ja m\u00e4\u00e4rimine<\/h2>\n<p>Poomi silindrite tihendamine ja m\u00e4\u00e4rimine on nende j\u00f5udluse ja pikaealisuse jaoks \u00fcliolulised. H\u00fcdraulilise r\u00f5hu s\u00e4ilitamiseks ja vedeliku lekete v\u00e4ltimiseks kasutatakse mitmesuguseid tihenduskomponente, n\u00e4iteks kolvitihendeid ja varrastihendeid. Vastupidavatest materjalidest, nagu pol\u00fcuretaan ja nitriilkummi, valmistatud tihendid on vastupidavad kulumisele ja keemilisele lagunemisele, pikendades silindri eluiga.<\/p>\n<p>Lisaks on silindri korpus ja keermestatud otsapinnad kulumiskindluse parandamiseks t\u00e4ppist\u00f6\u00f6deldud, tagades komponentide sujuva t\u00f6\u00f6 aja jooksul. Regulaarne m\u00e4\u00e4rimine on h\u00e4davajalik; operaatorid peaksid optimaalse j\u00f5udluse s\u00e4ilitamiseks ja kulumise v\u00e4hendamiseks perioodiliselt h\u00fcdraulika\u00f5li t\u00e4iendama, pikendades seel\u00e4bi h\u00fcdraulikas\u00fcsteemi eluiga. N\u00f5uetekohane m\u00e4\u00e4rimine v\u00e4hendab ka \u00fclekuumenemise ohtu ja v\u00e4hendab h\u00f5\u00f5rdumist, v\u00f5imaldades sujuvamat t\u00f6\u00f6d.<\/p>\n<h2>Regulaarne kontroll ja ennetav hooldus<\/h2>\n<ul>\n<li><strong>Rutiinsed kontrollid:<\/strong> H\u00fcdrauliliste silindrite regulaarne kontrollimine on oluline v\u00f5imalike probleemide varajaseks tuvastamiseks. Kontrollige lekkeid, kulumist ja muid kahjustuste m\u00e4rke. Varajane avastamine aitab v\u00e4ltida kulukaid remondit\u00f6id ja tagada ohutuse.<\/li>\n<li><strong>\u00d5ige m\u00e4\u00e4rimine:<\/strong> Veenduge, et h\u00fcdraulika\u00f5li tase oleks piisav ja et m\u00e4\u00e4rimispunkte hooldataks regulaarselt. N\u00f5uetekohane m\u00e4\u00e4rimine v\u00e4hendab h\u00f5\u00f5rdumist ja kulumist, parandades silindri j\u00f5udlust ja eluiga.<\/li>\n<li><strong>Tihendi vahetamine:<\/strong> Aja jooksul v\u00f5ivad tihendid laguneda ja vajada v\u00e4ljavahetamist. Kontrollige regulaarselt tihendite seisukorda ja vahetage need vastavalt vajadusele, et v\u00e4ltida lekkeid ja s\u00e4ilitada s\u00fcsteemi terviklikkus.<\/li>\n<\/ul>\n<h2>Paigaldusjuhised<\/h2>\n<p>Poomi silindri \u00f5ige paigaldamine on selle j\u00f5udluse ja ohutuse seisukohalt \u00fclioluline. Alustage veendumisest, et paigalduskoht on puhas ja prahist vaba. Joondage silinder \u00f5igesti, et v\u00e4ltida joondusvigu, mis v\u00f5ivad p\u00f5hjustada enneaegset kulumist v\u00f5i riket. Kasutage silindri kinnitamiseks sobivaid kinnitusklambreid, veendudes, et see on kindlalt kinnitatud ja stabiilne.<\/p>\n<p>J\u00e4rgige tootja spetsifikatsioone p\u00f6\u00f6rdemomendi s\u00e4tete osas ja kasutage kvaliteetseid kinnitusvahendeid, et v\u00e4ltida aja jooksul lahti tulemist. P\u00e4rast paigaldamist tehke proovik\u00e4ivitus, et kontrollida lekkeid ja veenduda silindri sujuvas t\u00f6\u00f6s. P\u00f6\u00f6rake t\u00e4helepanu ebatavalistele helidele v\u00f5i liikumistele, mis v\u00f5ivad viidata probleemile. L\u00f5puks dokumenteerige paigaldusprotsess, et s\u00e4ilitada andmeid edaspidiseks kasutamiseks.<\/p>\n<h2>Levinumad hooldust\u00f6\u00f6d<\/h2>\n<h3>Rutiinsed kontrollid<\/h3>\n<p>Regulaarsed kontrollid on h\u00fcdrauliliste s\u00fcsteemide hooldamiseks \u00fcliolulised. Tehnikud peaksid kontrollima kulumise, lekete ja muude v\u00f5imalike probleemide m\u00e4rke. Sagedased kontrollid aitavad tagada, et k\u00f5ik vajalikud remondit\u00f6\u00f6d v\u00f5i vahetused tehakse kiiresti, minimeerides seisakuid ja suurendades ohutust. Kontrollitulemuste regulaarne dokumenteerimine aitab j\u00e4lgida ka seadmete seisukorda aja jooksul.<\/p>\n<h3>Sobiv m\u00e4\u00e4rimine<\/h3>\n<p>H\u00fcdrauliliste silindrite korralik m\u00e4\u00e4rimine on nende pikaealisuse tagamiseks \u00fclioluline. Tehnikud peaksid koostama m\u00e4\u00e4rimisgraafiku, mis on koosk\u00f5las tootja soovitustega. See mitte ainult ei hoia \u00e4ra kulumist ja \u00fclekuumenemist, vaid aitab kaasa ka h\u00fcdros\u00fcsteemi \u00fcldisele efektiivsusele. Optimaalse j\u00f5udluse s\u00e4ilitamiseks on oluline regulaarselt kontrollida vedeliku taset ja vajadusel vedelikke vahetada.<\/p>\n<h3>Tihendi vahetamine ja kalibreerimise kontrollimine<\/h3>\n<p>Aja jooksul tihendid kuluvad ja s\u00fcsteemi terviklikkuse s\u00e4ilitamiseks tuleb need v\u00e4lja vahetada. Tehnikud peaksid olema koolitatud tuvastama tihendite kulumise m\u00e4rke ja m\u00f5istma vahetamisprotsessi. Lisaks tagavad regulaarsed kalibreerimiskontrollid, et h\u00fcdros\u00fcsteem t\u00f6\u00f6tab etten\u00e4htud parameetrite piires, ennetades j\u00f5udlusprobleeme ja suurendades ohutust. N\u00f5uetekohane v\u00e4lja\u00f5pe ja hooldusgraafikute j\u00e4rgimine on h\u00fcdrosilindrite eluea pikendamisel \u00fcliolulised.<\/p>\n<p><img decoding=\"async\" src=\"https:\/\/www.hydraulic-cylinders.net\/wp-content\/uploads\/2025\/04\/songte-chushion-collar.webp\" alt=\"Paigaldamine ja hooldus\" \/><\/p>\n<h2>Ohutuskaalutlused ja keskkonnategurid<\/h2>\n<p>Poomi silindritega t\u00f6\u00f6tamisel on ohutusmeetmed h\u00e4davajalikud. Operaatorid peavad j\u00e4rgima ohutusprotokolle, sealhulgas kandma sobivaid isikukaitsevahendeid (IKV) ja m\u00f5istma h\u00fcdraulikas\u00fcsteemidega seotud spetsiifilisi ohte. Regulaarne ohutute t\u00f6\u00f6protseduuride koolitus aitab riske minimeerida. Lisaks on keskkonnan\u00f5uete j\u00e4rgimine \u00fclioluline, tagades h\u00fcdraulikavedelike ja muude materjalide ohutu k\u00e4itlemise ja utiliseerimise.<\/p>\n<h2>Veaotsing ja levinud probleemid<\/h2>\n<ul>\n<li><strong>Leke:<\/strong> H\u00fcdraulikavedeliku lekked v\u00f5ivad tekkida kulunud tihendite v\u00f5i kahjustatud komponentide t\u00f5ttu. Lekke allika tuvastamine ja tihendite v\u00f5i kahjustatud osade kiire v\u00e4ljavahetamine on s\u00fcsteemi terviklikkuse s\u00e4ilitamiseks oluline.<\/li>\n<li><strong>Ebatavalised helid:<\/strong> Kui noole silinder tekitab t\u00f6\u00f6tamise ajal ebatavalisi h\u00e4\u00e4li, v\u00f5ib see viidata ebapiisavale m\u00e4\u00e4rimisele v\u00f5i sisemistele kahjustustele. L\u00fclitage seade v\u00e4lja ja tehke p\u00f5hjalik kontroll, et probleem tuvastada ja parandada.<\/li>\n<li><strong>Ebaj\u00e4rjekindel j\u00f5udlus:<\/strong> Kui silinder ei t\u00f6\u00f6ta sujuvalt v\u00f5i selle j\u00f5udlus on eba\u00fchtlane, v\u00f5ib see olla tingitud \u00f5hust h\u00fcdraulikavoolikutes v\u00f5i madalast vedeliku tasemest. H\u00fcdraulikas\u00fcsteemi \u00f5hutamine ja vedeliku taseme kontrollimine v\u00f5ivad need probleemid lahendada.<\/li>\n<\/ul>\n<h3>Veaotsingu n\u00e4pun\u00e4ited<\/h3>\n<p>Poomi silindrite probleemide t\u00f5husaks diagnoosimiseks ja lahendamiseks peaksid operaatorid pidama hooldus- ja \u00fclevaatustegevuste \u00fcksikasjalikke andmeid. Nende andmete regulaarne \u00fclevaatamine aitab tuvastada mustreid ja v\u00f5imalikke probleeme. Ennetusmeetmete, n\u00e4iteks regulaarse hoolduse ja \u00fclevaatuste rakendamine aitab minimeerida probleemide esinemist ja parandada s\u00fcsteemi \u00fcldist j\u00f5udlust.<\/p>\n<p><img decoding=\"async\" src=\"https:\/\/www.hydraulic-cylinders.net\/wp-content\/uploads\/2025\/04\/songte-bushings-with-all-kinds-of-excavator-models.webp\" alt=\"H\u00fcdrauliliste silindrite t\u00f5rkeotsing\" \/><\/p>\n<h2>Meie ettev\u00f5ttest<\/h2>\n<p>Oleme juhtiv asendush\u00fcdrauliliste silindrite tootja, pakkudes laia tootevalikut, mis on teinud meist \u00fche silmapaistvama tootja ja hulgim\u00fc\u00fcja nii sise- kui ka rahvusvahelisel turul. P\u00fchendunud tipptasemele, tugineme t\u00e4iustatud tootmisstrateegiale, mis r\u00f5hutab t\u00f6\u00f6stusliku tootmise juhtimist. Meie ettev\u00f5te t\u00e4iustab pidevalt oma tootmisplatvormi tehnilise oskusteabe, t\u00e4iustatud digitaalsete tootmisseadmete ja professionaalsete testimiss\u00fcsteemide integreerimise kaudu.<\/p>\n<p>Meie tugev v\u00f5imekus v\u00f5imaldab meil t\u00f5husalt rahuldada klientide mitmekesiseid n\u00f5udmisi, keskendudes k\u00f5rgele efektiivsusele, t\u00e4psusele ja kvaliteedile. Pakume kohandatud lahendusi, tagades, et meie kliendid saavad tooteid, mis on kohandatud nende konkreetsetele vajadustele. Lisaks oleme omandanud rahvusvahelised sertifikaadid, mis kinnitavad meie p\u00fchendumust kvaliteedi- ja ohutusstandarditele.<\/p>\n<p><img decoding=\"async\" src=\"https:\/\/www.hydraulic-cylinders.net\/wp-content\/uploads\/2025\/04\/songte-company-4.webp\" alt=\"Ettev\u00f5tte \u00fclevaade\" \/><br \/>\n<img decoding=\"async\" src=\"https:\/\/www.hydraulic-cylinders.net\/wp-content\/uploads\/2025\/04\/songte-company-3.webp\" alt=\"Meie tootmis\u00fcksus\" \/><\/p>\n<p>Autor: lyl<\/p>","protected":false},"excerpt":{"rendered":"<p>Boom Cylinder For Yuchai YC240LC-8 Product Overview The Boom Cylinder for Yuchai YC240LC-8 is a critical component in hydraulic systems, designed specifically for controlling the movement of the bucket in various heavy machinery, such as excavators, backhoe loaders, and front loaders. This hydraulic cylinder enables the bucket to lift, lower, and tilt, facilitating efficient material [&hellip;]<\/p>","protected":false},"featured_media":17881,"comment_status":"open","ping_status":"closed","template":"","meta":{"_et_pb_use_builder":"","_et_pb_old_content":"","_et_gb_content_width":""},"product_brand":[],"product_cat":[1546],"product_tag":[1547,1496],"class_list":{"0":"post-19588","1":"product","2":"type-product","3":"status-publish","4":"has-post-thumbnail","6":"product_cat-boom-cylinders","7":"product_tag-boom-cylinders","8":"product_tag-hydraulic-cylinders","10":"first","11":"instock","12":"shipping-taxable","13":"product-type-simple"},"amp_enabled":true,"_links":{"self":[{"href":"https:\/\/www.hydraulic-cylinders.net\/et\/wp-json\/wp\/v2\/product\/19588","targetHints":{"allow":["GET"]}}],"collection":[{"href":"https:\/\/www.hydraulic-cylinders.net\/et\/wp-json\/wp\/v2\/product"}],"about":[{"href":"https:\/\/www.hydraulic-cylinders.net\/et\/wp-json\/wp\/v2\/types\/product"}],"replies":[{"embeddable":true,"href":"https:\/\/www.hydraulic-cylinders.net\/et\/wp-json\/wp\/v2\/comments?post=19588"}],"wp:featuredmedia":[{"embeddable":true,"href":"https:\/\/www.hydraulic-cylinders.net\/et\/wp-json\/wp\/v2\/media\/17881"}],"wp:attachment":[{"href":"https:\/\/www.hydraulic-cylinders.net\/et\/wp-json\/wp\/v2\/media?parent=19588"}],"wp:term":[{"taxonomy":"product_brand","embeddable":true,"href":"https:\/\/www.hydraulic-cylinders.net\/et\/wp-json\/wp\/v2\/product_brand?post=19588"},{"taxonomy":"product_cat","embeddable":true,"href":"https:\/\/www.hydraulic-cylinders.net\/et\/wp-json\/wp\/v2\/product_cat?post=19588"},{"taxonomy":"product_tag","embeddable":true,"href":"https:\/\/www.hydraulic-cylinders.net\/et\/wp-json\/wp\/v2\/product_tag?post=19588"}],"curies":[{"name":"wp","href":"https:\/\/api.w.org\/{rel}","templated":true}]}}