{"id":1959,"date":"2023-10-20T08:06:56","date_gmt":"2023-10-20T08:06:56","guid":{"rendered":"https:\/\/hydraulic-cylinders.net\/?post_type=product&#038;p=1959"},"modified":"2023-10-20T08:06:57","modified_gmt":"2023-10-20T08:06:57","slug":"v30g-series-heavy-duty-piston-hydraulic-pump","status":"publish","type":"product","link":"https:\/\/www.hydraulic-cylinders.net\/et\/toode\/v30g-series-heavy-duty-piston-hydraulic-pump\/","title":{"rendered":"V30G seeria raskeveokite kolbh\u00fcdrauliline pump"},"content":{"rendered":"<h1 style=\"text-align: center;\"><strong>V30G seeria raskeveokite kolbh\u00fcdrauliline pump <\/strong><\/h1>\n<p><img loading=\"lazy\" decoding=\"async\" class=\"aligncenter wp-image-1960\" src=\"https:\/\/hydraulic-cylinders.net\/wp-content\/uploads\/2023\/10\/v30g-series-heavy-duty-piston-hydraulic-pump-1-300x300.webp\" alt=\"\" width=\"400\" height=\"400\" \/><\/p>\n<p>V30G seeria vastupidav kolbh\u00fcdrauliline pump on mitmek\u00fclgne ja vastupidav h\u00fcdrauliline pump, mis on loodud pakkuma suure j\u00f5udlusega v\u00f5imsust n\u00f5udlikes t\u00f6\u00f6stuslikes rakendustes. Oma vastupidava konstruktsiooni, t\u00f5husa disaini ja erakordse t\u00f6\u00f6kindlusega on see pump usaldusv\u00e4\u00e4rne valik vastupidavate h\u00fcdraulikas\u00fcsteemide jaoks. Selles artiklis uurime V30G seeria vastupidava kolbh\u00fcdraulilise pumba peamisi omadusi, kasutusviise ja hooldusjuhiseid.<\/p>\n<p>V30G seeria vastupidav kolbh\u00fcdrauliline pump pakub suurep\u00e4rast j\u00f5udlust ja t\u00f6\u00f6kindlust rasketes t\u00f6\u00f6stusrakendustes. Oma vastupidava konstruktsiooni, k\u00f5rgsurvev\u00f5ime ja sujuva t\u00f6\u00f6ga on see pump usaldusv\u00e4\u00e4rne valik n\u00f5udlike h\u00fcdraulikas\u00fcsteemide jaoks. Soovitatavate kasutusmeetodite ja regulaarsete hooldustavade j\u00e4rgimisel tagab v30g seeria pump j\u00e4tkuvalt erakordse v\u00f5imsuse ja t\u00f6\u00f6kindluse, aidates kaasa t\u00f6\u00f6stusliku tegevuse edule. Rakendage v30g seeria vastupidava kolbh\u00fcdraulilise pumba v\u00f5imsust ja t\u00f6\u00f6kindlust oma h\u00fcdraulikas\u00fcsteemi v\u00f5imekuse optimeerimiseks.<\/p>\n<p>V30G seeria raskeveokite kolbh\u00fcdraulilise pumba p\u00f5hiomadused:<\/p>\n<ul>\n<li>Vastupidav konstruktsioon: V30G seeria pump on ehitatud vastu pidama karmidele t\u00f6\u00f6tingimustele. Sellel on vastupidav konstruktsioon ja kvaliteetsed materjalid, mis tagavad erakordse vastupidavuse ja pikaealisuse isegi keerulistes keskkondades.<\/li>\n<li>K\u00f5rgsurvev\u00f5ime: See h\u00fcdrauliline pump sobib suurep\u00e4raselt k\u00f5rgsurverakendustesse, pakkudes n\u00f5udlike t\u00f6\u00f6stus\u00fclesannete jaoks vajalikku v\u00f5imsust. Oma vastupidava kolvikonstruktsiooni ja t\u00e4pse insenerit\u00f6\u00f6ga s\u00e4ilitab V30G seeria pump \u00fchtlase j\u00f5udluse isegi k\u00f5rge r\u00f5hu korral, tagades optimaalse efektiivsuse.<\/li>\n<li>Lai valik t\u00f6\u00f6mahtu: V30G seeria pakub mitmesuguseid t\u00f6\u00f6mahtu, mis v\u00f5imaldab kasutajatel valida oma h\u00fcdros\u00fcsteemi konkreetsetele n\u00f5uetele vastava pumba suuruse. See paindlikkus tagab t\u00f5husa energia\u00fclekande ja optimeeritud j\u00f5udluse.<\/li>\n<li>Sujuv ja vaikne t\u00f6\u00f6: V30G seeria pump sisaldab t\u00e4iustatud tehnoloogiat m\u00fcra ja vibratsiooni minimeerimiseks t\u00f6\u00f6tamise ajal. Selle t\u00e4ppiskomponendid ja suurep\u00e4rane insenerit\u00f6\u00f6 tagavad sujuva ja vaikse t\u00f6\u00f6, v\u00e4hendades operaatori v\u00e4simust ja suurendades \u00fcldist mugavust.<\/li>\n<\/ul>\n<h2><strong>V30G seeria raskeveokite kolbh\u00fcdraulilise pumba parameeter:<\/strong><\/h2>\n<table class=\"table table-bordered table-hover table-colored\" data-sort=\"sortDisabled\">\n<tbody>\n<tr class=\"firstRow\">\n<td colspan=\"1\" rowspan=\"2\" align=\"center\" valign=\"middle\">Suurus<\/td>\n<td rowspan=\"2\" align=\"center\" valign=\"middle\">T\u00f6\u00f6maht cm\u00b3\/p\u00f6\u00f6re<\/td>\n<td colspan=\"2\" rowspan=\"1\" align=\"center\" valign=\"middle\">R\u00f5hubaar<\/td>\n<td colspan=\"2\" rowspan=\"1\" align=\"center\" valign=\"middle\">P\u00f6\u00f6rlemiskiirus p\/min<\/td>\n<\/tr>\n<tr>\n<td align=\"center\" valign=\"middle\">Hinnatud<\/td>\n<td align=\"center\" valign=\"middle\">Tipp<\/td>\n<td align=\"center\" valign=\"middle\">Ilma tiivikuta<\/td>\n<td align=\"center\" valign=\"middle\">Tiivikuga<\/td>\n<\/tr>\n<tr>\n<td align=\"center\" valign=\"middle\">V30G65<\/td>\n<td align=\"center\" valign=\"middle\">65<\/td>\n<td align=\"center\" valign=\"middle\">420<\/td>\n<td align=\"center\" valign=\"middle\">450<\/td>\n<td align=\"center\" valign=\"middle\">2500<\/td>\n<td align=\"center\" valign=\"middle\">&#8211;<\/td>\n<\/tr>\n<tr>\n<td align=\"center\" valign=\"middle\">V30G110<\/td>\n<td align=\"center\" valign=\"middle\">110<\/td>\n<td align=\"center\" valign=\"middle\">420<\/td>\n<td align=\"center\" valign=\"middle\">450<\/td>\n<td align=\"center\" valign=\"middle\">2400<\/td>\n<td align=\"center\" valign=\"middle\">&#8211;<\/td>\n<\/tr>\n<tr>\n<td align=\"center\" valign=\"middle\">V30G145<\/td>\n<td align=\"center\" valign=\"middle\">145<\/td>\n<td align=\"center\" valign=\"middle\">420<\/td>\n<td align=\"center\" valign=\"middle\">450<\/td>\n<td align=\"center\" valign=\"middle\">2300<\/td>\n<td align=\"center\" valign=\"middle\">2600<\/td>\n<\/tr>\n<tr>\n<td align=\"center\" valign=\"middle\">V30G160<\/td>\n<td align=\"center\" valign=\"middle\">160<\/td>\n<td align=\"center\" valign=\"middle\">420<\/td>\n<td align=\"center\" valign=\"middle\">450<\/td>\n<td align=\"center\" valign=\"middle\">2200<\/td>\n<td align=\"center\" valign=\"middle\">2500<\/td>\n<\/tr>\n<tr>\n<td align=\"center\" valign=\"middle\">V30G205<\/td>\n<td align=\"center\" valign=\"middle\">205<\/td>\n<td align=\"center\" valign=\"middle\">420<\/td>\n<td align=\"center\" valign=\"middle\">450<\/td>\n<td align=\"center\" valign=\"middle\">2100<\/td>\n<td align=\"center\" valign=\"middle\">2500<\/td>\n<\/tr>\n<tr>\n<td align=\"center\" valign=\"middle\">V30G280<\/td>\n<td align=\"center\" valign=\"middle\">280<\/td>\n<td align=\"center\" valign=\"middle\">420<\/td>\n<td align=\"center\" valign=\"middle\">450<\/td>\n<td align=\"center\" valign=\"middle\">1800<\/td>\n<td align=\"center\" valign=\"middle\">2150<\/td>\n<\/tr>\n<\/tbody>\n<\/table>\n<h2><strong>V30G seeria raskeveokite kolbh\u00fcdraulilise pumba eelised:<\/strong><\/h2>\n<p>\u2022 Kasutatakse k\u00f5rgsurve avatud ahelaga h\u00fcdraulikas\u00fcsteemides<br \/>\n\u2022 Nurgaandur on valikuline ja seda saab kasutada koos kontrolleriga suletud ahelaga \u00fclit\u00e4pse juhtimise saavutamiseks<br \/>\n\u2022 Hea iseimeva j\u00f5udlusega v\u00f5imenduspump on valikuline<br \/>\n\u2022 K\u00f5rgem tippr\u00f5hk, suurem vastupidavus l\u00f6\u00f6gile ja korrosioonile<br \/>\n\u2022 Tagakaane integreerimise disain v\u00e4hendab lekkeohtu<br \/>\n\u2022 Optimeeritud korpuse kujundus v\u00e4hendab vibratsiooni ja m\u00fcra<br \/>\n\u2022 Tugevdatud vastupidavad laagrid tagavad pikema kasutusea<br \/>\n\u2022 Kompaktne konstruktsioon, k\u00f5rge v\u00f5imsuse ja kaalu suhe<br \/>\n\u2022 Mitmed juhtimismeetodid<\/p>\n<h2><strong>V30G seeria raskeveokite kolbh\u00fcdrauliline pump <\/strong><strong>Rakendus:<\/strong><\/h2>\n<p><img loading=\"lazy\" decoding=\"async\" class=\"alignnone wp-image-1962 size-full\" src=\"https:\/\/hydraulic-cylinders.net\/wp-content\/uploads\/2023\/10\/v30g-series-heavy-duty-piston-hydraulic-pump-2.webp\" alt=\"\" width=\"1155\" height=\"382\" srcset=\"https:\/\/hydraulic-cylinders.net\/wp-content\/uploads\/2023\/10\/v30g-series-heavy-duty-piston-hydraulic-pump-2.webp 1155w, https:\/\/hydraulic-cylinders.net\/wp-content\/uploads\/2023\/10\/v30g-series-heavy-duty-piston-hydraulic-pump-2-980x324.webp 980w, https:\/\/hydraulic-cylinders.net\/wp-content\/uploads\/2023\/10\/v30g-series-heavy-duty-piston-hydraulic-pump-2-480x159.webp 480w\" sizes=\"(min-width: 0px) and (max-width: 480px) 480px, (min-width: 481px) and (max-width: 980px) 980px, (min-width: 981px) 1155px, 100vw\" \/><\/p>\n<h2><strong>V30G seeria raskeveokite kolbh\u00fcdraulilise pumba kasutusmeetod<\/strong><strong>:<\/strong><\/h2>\n<ul>\n<li><strong>Pumba paigaldamine:<\/strong> Valige V30G seeria raskeveokite kolbh\u00fcdraulilise pumba paigaldamiseks h\u00fcdros\u00fcsteemis sobiv koht. Veenduge \u00f5iges joonduses ja paigaldage pump kindlalt sobivate kronsteinide v\u00f5i lisatarvikute abil.<\/li>\n<li><strong>Vedeliku \u00fchilduvus:<\/strong> Veenduge, et s\u00fcsteemis kasutatav h\u00fcdraulikavedelik \u00fchildub V30G seeria pumbaga. Sobiva vedeliku t\u00fc\u00fcbi, viskoossuse ja temperatuurivahemiku kohta vaadake tootja soovitusi. Pumba optimaalse t\u00f6\u00f6 ja pikaealisuse tagamiseks j\u00e4lgige ja hooldage h\u00fcdraulikavedelikku regulaarselt.<\/li>\n<li><strong>Integreerimine h\u00fcdraulikas\u00fcsteemiga:<\/strong> \u00dchendage pump h\u00fcdros\u00fcsteemiga \u00fchilduvate voolikute, liitmike ja ventiilide abil. Veenduge, et k\u00f5ik \u00fchendused oleksid kindlad, lekkevabad ja piisavalt pingutatud, et maksimeerida h\u00fcdraulilist j\u00f5udlust.<\/li>\n<li><strong>Juhtimine ja kasutamine:<\/strong> Tutvuge V30G seeria pumba juhtimisv\u00f5imalustega. S\u00f5ltuvalt konkreetsest mudelist v\u00f5ib see pakkuda erinevaid juhtimismeetodeid, n\u00e4iteks k\u00e4sitsi, kaugjuhtimisega v\u00f5i elektroh\u00fcdraulilist juhtimist. Saage aru soovitatavatest juhtimisseadetest ja kohandage neid vastavalt pumba j\u00f5udluse optimeerimiseks.<\/li>\n<\/ul>\n<h2><strong>Kuidas h\u00fcdraulilist silindrit uuesti pakkida?<\/strong><\/h2>\n<p>H\u00fcdrosilindri pakkimine h\u00f5lmab tihendite ja muude komponentide vahetamist, et taastada silindri j\u00f5udlus ja v\u00e4ltida lekkeid. Siin on samm-sammult juhend h\u00fcdrosilindri pakkimiseks:<\/p>\n<ol>\n<li><strong>Koguge vajalikud t\u00f6\u00f6riistad ja materjalid:<\/strong>\n<ul>\n<li>Teie konkreetsele h\u00fcdrosilindrile sobivad vahetustihendid ja O-r\u00f5ngad.<\/li>\n<li>Silindri tihenduskomplekt (kui on olemas).<\/li>\n<li>Mutriv\u00f5tmed, tangid v\u00f5i pistikupesade komplekt.<\/li>\n<li>Teie s\u00fcsteemiga \u00fchilduv h\u00fcdraulikavedelik.<\/li>\n<li>Puhastage kaltsud v\u00f5i r\u00e4tikud.<\/li>\n<li>Kaitsekindad ja kaitseprillid.<\/li>\n<\/ul>\n<\/li>\n<li><strong>T\u00f6\u00f6ala ettevalmistamine:<\/strong>\n<ul>\n<li>Ballooni lahtiv\u00f5tmiseks ja uuesti pakkimiseks valige puhas ja h\u00e4sti valgustatud t\u00f6\u00f6koht.<\/li>\n<li>Katke silindri v\u00f5i t\u00f6\u00f6pinnaga, et v\u00e4ltida selle kahjustamist.<\/li>\n<\/ul>\n<\/li>\n<li><strong>Silindri ohutu lahti\u00fchendamine:<\/strong>\n<ul>\n<li>L\u00fclitage h\u00fcdros\u00fcsteem v\u00e4lja ja vabastage r\u00f5hk, aktiveerides r\u00f5huvabastusklapi.<\/li>\n<li>\u00dchendage lahti k\u00f5ik silindri k\u00fclge kinnitatud voolikud v\u00f5i liitmikud.<\/li>\n<li>Toestage ballooni raskust sobivate seadmete v\u00f5i t\u00f5stemehhanismide abil.<\/li>\n<\/ul>\n<\/li>\n<li><strong>Eemaldage silinder:<\/strong>\n<ul>\n<li>Keerake lahti kinnituspoldid v\u00f5i kronsteinid, mis kinnitavad silindri seadme v\u00f5i masina k\u00fclge.<\/li>\n<li>Eemaldage silinder ettevaatlikult paigalduskohast.<\/li>\n<\/ul>\n<\/li>\n<li><strong>Silindri lahtiv\u00f5tmine:<\/strong>\n<ul>\n<li>Asetage silinder stabiilsele t\u00f6\u00f6pinnale ja eemaldage silindri m\u00f5lemast otsast otsakork(id).<\/li>\n<li>T\u00fchjendage h\u00fcdraulikavedelik silindrist, kallutades seda v\u00f5i kasutades t\u00fchjenduskorki, kui see on olemas.<\/li>\n<li>Silindri lahtiv\u00f5tmisel p\u00f6\u00f6rake t\u00e4helepanu komponentide j\u00e4rjekorrale ja asukohale, et h\u00f5lbustada kokkupanekut.<\/li>\n<\/ul>\n<\/li>\n<li><strong>Silindri kontrollimine ja puhastamine:<\/strong>\n<ul>\n<li>Kontrollige silindri sisemisi komponente, sealhulgas kolbi, varda ja silindri seinu, kahjustuste, kulumise v\u00f5i kriimustuste suhtes.<\/li>\n<li>Puhastage k\u00f5ik komponendid hoolikalt sobiva lahusti v\u00f5i h\u00fcdraulika puhastusvahendi ja puhaste lappidega. Veenduge, et pindadele ei oleks j\u00e4\u00e4nud prahti ega saasteaineid.<\/li>\n<\/ul>\n<\/li>\n<li><strong>Tihendite ja O-r\u00f5ngaste vahetamine:<\/strong>\n<ul>\n<li>Eemaldage vanad tihendid ja O-r\u00f5ngad ettevaatlikult silindrist.<\/li>\n<li>Paigaldage uued tihendid ja O-r\u00f5ngad sobivate paigaldust\u00f6\u00f6riistade v\u00f5i -tehnikate abil. J\u00e4rgige tootja juhiseid n\u00f5uetekohaseks paigaldamiseks.<\/li>\n<\/ul>\n<\/li>\n<li><strong>Silindri uuesti kokkupanek:<\/strong>\n<ul>\n<li>Paigaldage silinder lahtiv\u00f5tmisele vastupidises j\u00e4rjekorras, veendudes, et iga komponent on \u00f5igesti paigutatud.<\/li>\n<li>Enne paigaldamist kandke tihenditele ja O-r\u00f5ngastele \u00f5huke kiht h\u00fcdraulikavedelikku v\u00f5i soovitatud m\u00e4\u00e4rdeainet.<\/li>\n<li>Pingutage k\u00f5ik poldid v\u00f5i kinnitusdetailid tootja m\u00e4\u00e4ratud p\u00f6\u00f6rdemomendi s\u00e4tetega.<\/li>\n<\/ul>\n<\/li>\n<li><strong>Paigaldage silinder uuesti:<\/strong>\n<ul>\n<li>Asetage silinder ettevaatlikult tagasi oma kinnituskohta.<\/li>\n<li>Kinnitage kinnitusklambrid v\u00f5i poldid uuesti, veendudes, et need on kindlalt kinni keeratud.<\/li>\n<li>\u00dchendage k\u00f5ik voolikud v\u00f5i liitmikud uuesti, veendudes \u00f5iges joonduses ja tihedates \u00fchendustes.<\/li>\n<\/ul>\n<\/li>\n<li><strong>Lekete testimine ja kontrollimine:<\/strong>\n<ul>\n<li>T\u00e4itke h\u00fcdros\u00fcsteem soovitatud h\u00fcdraulika\u00f5liga.<\/li>\n<li>Survestage s\u00fcsteem aeglaselt ja kontrollige lekete m\u00e4rke.<\/li>\n<li>K\u00e4ivitage h\u00fcdros\u00fcsteem m\u00f5ne ts\u00fckli jooksul, et tagada uuesti pakitud silindri sujuv ja n\u00f5uetekohane toimimine.<\/li>\n<\/ul>\n<\/li>\n<\/ol>\n<h2><strong>Tehase v\u00f5imekus ja suutlikkus:<\/strong><\/h2>\n<h3>(1) Kokkupanek<\/h3>\n<p>Meil on esmaklassiline s\u00f5ltumatu teadus- ja arendustegevuse montaa\u017eiplatvorm. H\u00fcdrosilindrite tootmist\u00f6\u00f6kojas on neli poolautomaatset t\u00f5stesilindrite koosteliini ja \u00fcks automaatne kallutussilindrite koosteliin, mille kavandatud aastane tootmisv\u00f5imsus on 1 miljon t\u00fckki. Spetsiaalsete silindrite t\u00f6\u00f6koda on varustatud erinevate spetsifikatsioonidega poolautomaatse puhastusmontaa\u017eis\u00fcsteemiga, mille kavandatud aastane tootmisv\u00f5imsus on 200 000 ja mis on varustatud kuulsate CNC-t\u00f6\u00f6tlemisseadmete, mehaanilise t\u00f6\u00f6tlemise keskuse, suure t\u00e4psusega silindrite t\u00f6\u00f6tlemise eriseadmete, robotkeevitusmasina, automaatse puhastusmasina, automaatse silindri kokkupanemise masina ja automaatse v\u00e4rvimise tootmisliiniga. Olemasolevad kriitilised seadmed rohkem kui 300 komplekti (komplekti). Seadmete ressursside optimaalne jaotamine ja t\u00f5hus kasutamine tagavad toodete t\u00e4psusn\u00f5uded ja vastavad toodete kvaliteedin\u00f5uetele.<\/p>\n<p><img loading=\"lazy\" decoding=\"async\" class=\"alignnone wp-image-626\" src=\"https:\/\/hydraulic-cylinders.net\/wp-content\/uploads\/2023\/08\/hydraulic-cylinder-product-1-300x158.webp\" alt=\"\" width=\"495\" height=\"260\" srcset=\"https:\/\/hydraulic-cylinders.net\/wp-content\/uploads\/2023\/08\/hydraulic-cylinder-product-1-300x158.webp 495w, https:\/\/hydraulic-cylinders.net\/wp-content\/uploads\/2023\/08\/hydraulic-cylinder-product-1-480x252.webp 480w\" sizes=\"(min-width: 0px) and (max-width: 480px) 480px, (min-width: 481px) 495px, 100vw\" \/> <img loading=\"lazy\" decoding=\"async\" class=\"alignnone wp-image-627\" src=\"https:\/\/hydraulic-cylinders.net\/wp-content\/uploads\/2023\/08\/hydraulic-cylinder-product-2-300x189.webp\" alt=\"\" width=\"413\" height=\"260\" \/><\/p>\n<h3>(2) T\u00f6\u00f6tlemine<\/h3>\n<p>T\u00f6\u00f6deldav t\u00f6\u00f6koda on varustatud kohandatud kallutatud r\u00f6\u00f6pse treipingi keskuse, mehaanilise keskuse, kiire lihvimismasina, keevitusroboti ja muude seotud seadmetega, mis suudavad t\u00f6\u00f6delda silindritorusid, mille maksimaalne sisel\u00e4bim\u00f5\u00f5t on 400 mm ja maksimaalne pikkus on 6 meetrit.<\/p>\n<p><img loading=\"lazy\" decoding=\"async\" class=\"alignnone wp-image-628 size-large\" src=\"https:\/\/hydraulic-cylinders.net\/wp-content\/uploads\/2023\/08\/hydraulic-cylinder-product-3-1024x391.webp\" alt=\"\" width=\"1024\" height=\"391\" srcset=\"https:\/\/hydraulic-cylinders.net\/wp-content\/uploads\/2023\/08\/hydraulic-cylinder-product-3-980x374.webp 980w, https:\/\/hydraulic-cylinders.net\/wp-content\/uploads\/2023\/08\/hydraulic-cylinder-product-3-480x183.webp 480w\" sizes=\"(min-width: 0px) and (max-width: 480px) 480px, (min-width: 481px) and (max-width: 980px) 980px, (min-width: 981px) 1024px, 100vw\" \/><\/p>\n<h3>(3) Keevitamine<\/h3>\n<p><img loading=\"lazy\" decoding=\"async\" class=\"alignnone wp-image-629 size-large\" src=\"https:\/\/hydraulic-cylinders.net\/wp-content\/uploads\/2023\/08\/hydraulic-cylinder-product-4-1024x510.webp\" alt=\"\" width=\"1024\" height=\"510\" srcset=\"https:\/\/hydraulic-cylinders.net\/wp-content\/uploads\/2023\/08\/hydraulic-cylinder-product-4-980x488.webp 980w, https:\/\/hydraulic-cylinders.net\/wp-content\/uploads\/2023\/08\/hydraulic-cylinder-product-4-480x239.webp 480w\" sizes=\"(min-width: 0px) and (max-width: 480px) 480px, (min-width: 481px) and (max-width: 980px) 980px, (min-width: 981px) 1024px, 100vw\" \/><\/p>\n<h3>(4) V\u00e4rvimine ja katmine<\/h3>\n<p>V\u00e4ikese ja keskmise suurusega silindri automaatse veep\u00f5hise v\u00e4rvipinnakattega liinide abil, et saavutada automaatne robotlaadimine ja mahalaadimine ning automaatne pihustamine, projekteerimisv\u00f5imsus 4000 t\u00fckki vahetuse kohta;<br \/>\nMeil on ka poolautomaatne suurte balloonide v\u00e4rvimise tootmisliin, mis t\u00f6\u00f6tab j\u00f5ukettaga ja mille projekteerimisv\u00f5imsus on 60 kasti \u00fche vahetuse kohta.<\/p>\n<p><img loading=\"lazy\" decoding=\"async\" class=\"alignnone wp-image-630\" src=\"https:\/\/hydraulic-cylinders.net\/wp-content\/uploads\/2023\/08\/hydraulic-cylinder-product-5-300x213.webp\" alt=\"\" width=\"366\" height=\"260\" \/> <img loading=\"lazy\" decoding=\"async\" class=\"alignnone wp-image-631\" src=\"https:\/\/hydraulic-cylinders.net\/wp-content\/uploads\/2023\/08\/hydraulic-cylinder-product-6-300x225.webp\" alt=\"\" width=\"347\" height=\"260\" \/><\/p>\n<h3>(5) Testimine<\/h3>\n<p>Meil on esmaklassilised kontrolliseadmed ja katsestendid, et tagada silindri j\u00f5udlus vastavus n\u00f5uetele.<\/p>\n<p><img loading=\"lazy\" decoding=\"async\" class=\"alignnone wp-image-632\" src=\"https:\/\/hydraulic-cylinders.net\/wp-content\/uploads\/2023\/08\/hydraulic-cylinder-product-8-300x200.webp\" alt=\"\" width=\"389\" height=\"260\" \/><\/p>\n<p>&nbsp;<\/p>\n<p>&nbsp;<\/p>\n<p>Oleme \u00fcks parimaid h\u00fcdrosilindrite tootjaid. Pakume laia valikut h\u00fcdrosilindreid. Pakume ka vastavaid... <a href=\"https:\/\/hzpt.com\/agricultural-pto-gearbox\/\" target=\"_blank\" rel=\"noopener\">p\u00f5llumajanduslikud k\u00e4igukastid<\/a>. Oleme eksportinud oma tooteid klientidele \u00fcle maailma ja teeninud hea maine t\u00e4nu meie suurep\u00e4rasele tootekvaliteedile ja m\u00fc\u00fcgij\u00e4rgsele teenindusele. Me tervitame kliente kodus ja v\u00e4lismaal, et v\u00f5tta meiega \u00fchendust, et pidada l\u00e4bir\u00e4\u00e4kimisi \u00e4ri, vahetada teavet ja <a href=\"https:\/\/www.hydraulic-cylinders.net\/et\/contact-us\/\">teha meiega koost\u00f6\u00f6d<\/a>!<\/p>\n<p>&nbsp;<\/p>","protected":false},"excerpt":{"rendered":"<p>V30G Series Heavy Duty Piston Hydraulic Pump The V30G series heavy duty piston hydraulic pump is a versatile and robust hydraulic pump designed to deliver high-performance power for demanding industrial applications. With its durable construction, efficient design, and exceptional reliability, this pump is a trusted choice for heavy-duty hydraulic systems. In this article, we will [&hellip;]<\/p>","protected":false},"featured_media":1961,"comment_status":"open","ping_status":"closed","template":"","meta":{"_et_pb_use_builder":"","_et_pb_old_content":"","_et_gb_content_width":""},"product_brand":[],"product_cat":[1425],"product_tag":[1426],"class_list":{"0":"post-1959","1":"product","2":"type-product","3":"status-publish","4":"has-post-thumbnail","6":"product_cat-piston-pump","7":"product_tag-hydraulic-pump","9":"first","10":"instock","11":"shipping-taxable","12":"product-type-simple"},"amp_enabled":true,"_links":{"self":[{"href":"https:\/\/www.hydraulic-cylinders.net\/et\/wp-json\/wp\/v2\/product\/1959","targetHints":{"allow":["GET"]}}],"collection":[{"href":"https:\/\/www.hydraulic-cylinders.net\/et\/wp-json\/wp\/v2\/product"}],"about":[{"href":"https:\/\/www.hydraulic-cylinders.net\/et\/wp-json\/wp\/v2\/types\/product"}],"replies":[{"embeddable":true,"href":"https:\/\/www.hydraulic-cylinders.net\/et\/wp-json\/wp\/v2\/comments?post=1959"}],"wp:featuredmedia":[{"embeddable":true,"href":"https:\/\/www.hydraulic-cylinders.net\/et\/wp-json\/wp\/v2\/media\/1961"}],"wp:attachment":[{"href":"https:\/\/www.hydraulic-cylinders.net\/et\/wp-json\/wp\/v2\/media?parent=1959"}],"wp:term":[{"taxonomy":"product_brand","embeddable":true,"href":"https:\/\/www.hydraulic-cylinders.net\/et\/wp-json\/wp\/v2\/product_brand?post=1959"},{"taxonomy":"product_cat","embeddable":true,"href":"https:\/\/www.hydraulic-cylinders.net\/et\/wp-json\/wp\/v2\/product_cat?post=1959"},{"taxonomy":"product_tag","embeddable":true,"href":"https:\/\/www.hydraulic-cylinders.net\/et\/wp-json\/wp\/v2\/product_tag?post=1959"}],"curies":[{"name":"wp","href":"https:\/\/api.w.org\/{rel}","templated":true}]}}