{"id":19591,"date":"2025-04-07T06:56:17","date_gmt":"2025-04-07T06:56:17","guid":{"rendered":"https:\/\/www.hydraulic-cylinders.net\/product\/boom-cylinder-for-tota-tx60c\/"},"modified":"2025-04-07T06:56:19","modified_gmt":"2025-04-07T06:56:19","slug":"boom-cylinder-for-tota-tx60c","status":"publish","type":"product","link":"https:\/\/www.hydraulic-cylinders.net\/et\/toode\/boom-cylinder-for-tota-tx60c\/","title":{"rendered":"Tota TX60C poomi silinder"},"content":{"rendered":"<h1>Tota TX60C poomi silinder<\/h1>\n<h2>Toote \u00fclevaade<\/h2>\n<p>Noole silinder on oluline h\u00fcdrauliline komponent, mis on spetsiaalselt loodud Tota TX60C jaoks. See h\u00fcdrauliline silinder juhib rasketehnika koppade liikumist, v\u00f5imaldades selliseid funktsioone nagu t\u00f5stmine, langetamine ja kallutamine. Sellel on oluline roll erinevates rakendustes, h\u00f5lbustades materjalide k\u00e4itlemise \u00fclesandeid ehitus- ja p\u00f5llumajandussektoris.<\/p>\n<p><img decoding=\"async\" src=\"https:\/\/www.hydraulic-cylinders.net\/wp-content\/uploads\/2025\/04\/songte-company-1.webp\" alt=\"Poomi silinder\" \/><\/p>\n<h3>Definitsioon ja funktsionaalsus<\/h3>\n<p>Kopa silinder ehk noole silinder on spetsiaalne h\u00fcdrauliline ajam, mida kasutatakse rasketehnikas, n\u00e4iteks ekskavaatorites, laadur-ekskavaatorites ja esilaadurites. Selle peamine \u00fclesanne on juhtida kopa liikumist, v\u00f5imaldades sellel t\u00e4ita selliseid \u00fclesandeid nagu materjalide t\u00f5stmine, kaevamine ja t\u00fchjendamine. H\u00fcdraulikas\u00fcsteem annab silindrile j\u00f5udu, luues sujuva ja t\u00f5husa t\u00f6\u00f6, mis on ehitusplatsidel tootlikkuse seisukohalt \u00fclioluline.<\/p>\n<h2>Peamised omadused<\/h2>\n<ul>\n<li><strong>Suur tugevus ja vastupidavus:<\/strong> Need \u00fclitugevast terasest v\u00f5i alumiiniumist valmistatud silindrid taluvad k\u00f5rget r\u00f5hku ja suuri koormusi. Need on loodud t\u00f6\u00f6tama karmides keskkondades ning neil on omadused, mis parandavad kulumiskindlust ja korrosioonikaitset, pikendades nende eluiga.<\/li>\n<li><strong>T\u00f5hus h\u00fcdrauliline t\u00f6\u00f6:<\/strong> H\u00fcdrauliline s\u00fcsteem tagab silindri sujuva ja kiire tagasit\u00f5mbamise ja pikendamise, v\u00f5imaldades kiiret reageerimist juhtimissisenditele ning v\u00f5imsate t\u00f5uke- ja t\u00f5mbej\u00f5udude teket, mis sobib ideaalselt raskete ja keerukate \u00fclesannete t\u00e4itmiseks.<\/li>\n<li><strong>Erinevad variandid:<\/strong> Need silindrid on saadaval \u00fchetoimelise (\u00fches suunas t\u00f6\u00f6tava) v\u00f5i kahetoimelise (m\u00f5lemas suunas t\u00f6\u00f6tava) konstruktsioonina ning sobivad mitmesugusteks t\u00f6\u00f6vajadusteks. M\u00f5ned mudelid on teleskoopilised, v\u00f5imaldades suuremat pikendamist ilma v\u00e4lism\u00f5\u00f5tmeid suurendamata, mis sobib ideaalselt piiratud ruumidesse.<\/li>\n<\/ul>\n<p>Me toodame seda toodet, pakkudes ideaalseid asendusi erinevatele h\u00fcdrosilindritele.<\/p>\n<p><img decoding=\"async\" src=\"https:\/\/www.hydraulic-cylinders.net\/wp-content\/uploads\/2025\/04\/songte-cylinder-head-with-all-kinds-excavator-models.webp\" alt=\"H\u00fcdrauliliste silindrite mudelid\" \/><\/p>\n<h2>Rakendused<\/h2>\n<ul>\n<li><strong>Ehitustehnika:<\/strong> Ekskavaatorites on noolesilindrid olulised kaevamiseks, laadimiseks ja pinnase v\u00f5i prahi teisaldamiseks. Need aitavad nii kaevamisel kui ka ekskavaator-laaduritel t\u00f5stmisel, muutes need objekti tootlikkuse seisukohalt \u00fclioluliseks.<\/li>\n<li><strong>P\u00f5llumajandusmasinad:<\/strong> Esilaadurites kasutatakse neid silindreid mulla, heina ja muude materjalide k\u00fchveldamiseks, t\u00f5stmiseks ja transportimiseks, suurendades p\u00f5llumajandustegevuse t\u00f5husust.<\/li>\n<li><strong>Ekskavaatorid:<\/strong> Kopa silinder v\u00f5imaldab kopal pinnasesse tungida, h\u00f5lbustades t\u00f5husaid kaevamist\u00f6id, mis on ehitus- ja haljastusprojektide puhul \u00fcliolulised.<\/li>\n<li><strong>Laadurid:<\/strong> Esilaadurites aitavad need materjalide t\u00f5husale t\u00f5stmisele ja t\u00fchjendamisele kaasa, optimeerides laadimis- ja mahalaadimisprotsesse.<\/li>\n<\/ul>\n<h2>Kujunduskaalutlused<\/h2>\n<ul>\n<li><strong>Kandev\u00f5ime:<\/strong> Poomi silindri konstruktsioon peab kandma m\u00e4rkimisv\u00e4\u00e4rset raskust ilma purunemata. See h\u00f5lmab materjalide valimist ja komponentide ehitamist, mis on v\u00f5imelised t\u00f6\u00f6tamise ajal etten\u00e4htud koormustega toime tulema.<\/li>\n<li><strong>Tihendusv\u00f5ime:<\/strong> T\u00f5hus tihendamine on \u00fclioluline h\u00fcdraulilise vedeliku lekete v\u00e4ltimiseks, tagades optimaalse j\u00f5udluse ja pikaealisuse. Erinevate t\u00f6\u00f6tingimuste n\u00f5uete t\u00e4itmiseks tuleb kasutada kvaliteetseid tihendeid.<\/li>\n<li><strong>Vastupidavus:<\/strong> Balloon peab vastu pidama pideva kasutamise kulumisele. Ballooni eluea maksimeerimiseks on oluline valida materjalid, mis on vastupidavad h\u00f5\u00f5rdumisele ja korrosioonile.<\/li>\n<li><strong>Ohutus:<\/strong> T\u00f6\u00f6 ajal \u00f5nnetuste v\u00e4ltimiseks tuleb konstruktsiooni integreerida ohutusfunktsioonid. See h\u00f5lmab ka t\u00f5rkekindlaid l\u00fcliteid, mis tagavad funktsionaalsuse ka ootamatutes tingimustes.<\/li>\n<li><strong>Hoolduse ligip\u00e4\u00e4setavus:<\/strong> Konstruktsioon peaks v\u00f5imaldama komponentidele h\u00f5lpsat juurdep\u00e4\u00e4su hoolduseks ja remondiks, tagades seisakuaja minimeerimise ja t\u00f6\u00f6 efektiivsuse maksimeerimise.<\/li>\n<\/ul>\n<p><img decoding=\"async\" src=\"https:\/\/www.hydraulic-cylinders.net\/wp-content\/uploads\/2025\/04\/songte-oil-pipes-and-spare-parts.webp\" alt=\"H\u00fcdraulilised osad\" \/><\/p>\n<h2>Tihendus ja m\u00e4\u00e4rimine<\/h2>\n<p>T\u00f5hus tihendamine on h\u00fcdraulikas\u00fcsteemides kriitilise t\u00e4htsusega. S\u00fcsteemi terviklikkuse s\u00e4ilitamiseks kasutatakse mitmesuguseid tihenduskomponente, n\u00e4iteks kolvi- ja varrastihendeid. Vastupidavatest materjalidest, nagu pol\u00fcuretaan ja nitriilkummi, valmistatud tihendid tagavad vastupidavuse kulumisele. Lisaks l\u00e4bivad silindri korpus ja keermestatud otsad t\u00e4pse viimistluse, et suurendada nende kulumiskindlust. Regulaarne m\u00e4\u00e4rimine h\u00fcdraulika\u00f5liga on oluline h\u00f5\u00f5rdumise minimeerimiseks ja silindri eluea pikendamiseks.<\/p>\n<h2>Ennetavad hooldusmeetmed<\/h2>\n<ul>\n<li><strong>Regulaarsed kontrollid:<\/strong> Tehke silindril regulaarseid kontrolle kulumis- v\u00f5i lekete tunnuste suhtes. Probleemide varajane avastamine aitab v\u00e4ltida kulukaid remondit\u00f6id.<\/li>\n<li><strong>\u00d5ige m\u00e4\u00e4rimine:<\/strong> H\u00f5\u00f5rdumisest tingitud kahjustuste v\u00e4ltimiseks veenduge, et h\u00fcdraulika\u00f5li tase oleks piisav ja seda kasutataks regulaarselt.<\/li>\n<li><strong>Tihendi vahetamine:<\/strong> J\u00e4lgige tihendeid kulumisj\u00e4lgede suhtes ja vahetage need optimaalse j\u00f5udluse s\u00e4ilitamiseks ja lekete v\u00e4ltimiseks kohe v\u00e4lja.<\/li>\n<\/ul>\n<h2>Paigaldusjuhised<\/h2>\n<p>Poomi silindri \u00f5ige paigaldamine on efektiivse t\u00f6\u00f6 tagamiseks \u00fclioluline. Alustage veendumaks, et kinnituspinnad on puhtad ja prahist vabad, et v\u00e4ltida joondamise valesti paigutamist. Paigaldamise ajal joondage silinder t\u00e4pselt, kasutades sobivaid kinnitusklambreid, et see kindlalt paigale kinnitada. P\u00e4rast paigaldamist kontrollige h\u00fcdraulika\u00fchendusi lekete suhtes ja veenduge, et silinder t\u00f6\u00f6tab sujuvalt oma etten\u00e4htud vahemikus. Kontrollige regulaarselt paigalduse terviklikkust ja reguleerige vastavalt vajadusele, et s\u00e4ilitada j\u00f5udlus.<\/p>\n<h2>Hooldus\u00fclesanded<\/h2>\n<ul>\n<li><strong>Regulaarne kontroll:<\/strong> Sagedased kontrollid aitavad tuvastada v\u00f5imalikke rikkeid enne, kui need s\u00fcvenevad. Otsige kulumise, korrosiooni v\u00f5i lekete m\u00e4rke.<\/li>\n<li><strong>\u00d5ige m\u00e4\u00e4rimine:<\/strong> M\u00e4\u00e4rimine on oluline h\u00f5\u00f5rdumise v\u00e4hendamiseks ja sujuva t\u00f6\u00f6 tagamiseks. Kasutage soovitatud h\u00fcdraulika\u00f5li ja j\u00e4rgige tootja juhiseid m\u00e4\u00e4rimissageduse ja koguse osas.<\/li>\n<li><strong>Tihendi vahetamine:<\/strong> Aja jooksul tihendid kuluvad ja vajavad v\u00e4ljavahetamist. Tihendite rikkumatuse tagamiseks tuleks neid regulaarselt kontrollida ja vajadusel v\u00e4lja vahetada.<\/li>\n<\/ul>\n<h2>Ohutuskaalutlused<\/h2>\n<p>H\u00fcdrauliliste seadmete k\u00e4itamisel tuleb ohutusmeetmeid esikohale seada. J\u00e4rgige alati kasutusjuhiseid ja veenduge, et k\u00f5ik ohutusfunktsioonid toimivad \u00f5igesti. Operaatorid peaksid olema koolitatud h\u00fcdraulikas\u00fcsteemide \u00f5igeks k\u00e4sitsemiseks, et minimeerida \u00f5nnetuste ohtu. Regulaarsed ohutusauditid aitavad tuvastada v\u00f5imalikke ohte ja tagada ohutusprotokollide j\u00e4rgimise.<\/p>\n<h2>Levinud probleemide t\u00f5rkeotsing<\/h2>\n<ul>\n<li><strong>Leke:<\/strong> Levinud probleem, mille p\u00f5hjuseks on sageli kulunud tihendid. Kontrollige tihendeid ja vahetage v\u00e4lja k\u00f5ik, millel on kahjustuste m\u00e4rke.<\/li>\n<li><strong>Aeglane t\u00f6\u00f6:<\/strong> See v\u00f5ib viidata madalale h\u00fcdraulikavedeliku tasemele v\u00f5i ummistustele s\u00fcsteemis. Kontrollige vedeliku taset ja k\u00f5rvaldage k\u00f5ik ummistused.<\/li>\n<li><strong>Ebatavalised helid:<\/strong> M\u00fcra v\u00f5ib viidata mehaanilistele probleemidele v\u00f5i ebapiisavale m\u00e4\u00e4rimisele. Uurige m\u00fcra allikat ja tehke vajalikud hooldust\u00f6\u00f6d.<\/li>\n<\/ul>\n<p><img decoding=\"async\" src=\"https:\/\/www.hydraulic-cylinders.net\/wp-content\/uploads\/2025\/04\/songte-bushings-with-all-kinds-of-excavator-models.webp\" alt=\"Ekskavaatori puksid\" \/><\/p>\n<h2>Probleemide lahendamise n\u00e4pun\u00e4ited<\/h2>\n<p>H\u00fcdrauliliste probleemide t\u00f5husaks diagnoosimiseks ja lahendamiseks peaksid operaatorid pidama \u00fcksikasjalikku logi k\u00f5igist ebakorrap\u00e4rasustest. Regulaarne hooldus ja \u00fclevaatused aitavad sageli probleemide tekkimist \u00e4ra hoida. Kasulik on ka operaatorite piisav koolitus levinud probleemide ja nende lahenduste osas. Ennetava l\u00e4henemisviisi rakendamine hooldusele aitab minimeerida seisakuid ja parandada tegevuse efektiivsust.<\/p>\n<h2>Meie ettev\u00f5ttest<\/h2>\n<p>Oleme juhtiv asendush\u00fcdrauliliste silindrite tootja, pakkudes laia tootevalikut, mis on teinud meist nii sise- kui ka rahvusvahelistel turgudel v\u00f5tmeisiku. Meie p\u00fchendumus tipptasemele peegeldub meie t\u00e4iustatud tootmisjuhtimise strateegiates ja t\u00e4iustatud tehnoloogia kasutamises. T\u00e4iustame pidevalt oma tootmisv\u00f5imsust, tagades k\u00f5rge efektiivsuse, t\u00e4psuse ja kvaliteedi. Meie kogenud tehniline meeskond ja professionaalsed testimiss\u00fcsteemid aitavad kaasa meie tugevale tootevalikule.<\/p>\n<p><img decoding=\"async\" src=\"https:\/\/www.hydraulic-cylinders.net\/wp-content\/uploads\/2025\/04\/songte-company-4.webp\" alt=\"Ettev\u00f5tte \u00fclevaade\" \/><br \/>\n<img decoding=\"async\" src=\"https:\/\/www.hydraulic-cylinders.net\/wp-content\/uploads\/2025\/04\/songte-company-3.webp\" alt=\"Tootmis\u00fcksus\" \/><\/p>\n<p>Meie asjatundlikkus h\u00f5lmab mitmesuguseid valdkondi, sealhulgas spetsialiseerumist kohandatud lahendustele, rahvusvaheliste sertifikaatide j\u00e4rgimist ja tugevat m\u00fc\u00fcgij\u00e4rgset tugis\u00fcsteemi. Meie eesm\u00e4rk on rahuldada oma klientide mitmekesiseid vajadusi, keskendudes innovatsioonile ja kvaliteetsele teenindusele.<\/p>\n<p>Autor: lyl<\/p>","protected":false},"excerpt":{"rendered":"<p>Boom Cylinder For Tota TX60C Product Overview The Boom Cylinder is a crucial hydraulic component specifically designed for the Tota TX60C. This hydraulic cylinder operates the movement of heavy machinery buckets, enabling functions such as lifting, lowering, and tilting. It plays an essential role in various applications, facilitating material handling tasks in construction and agricultural [&hellip;]<\/p>","protected":false},"featured_media":17869,"comment_status":"open","ping_status":"closed","template":"","meta":{"_et_pb_use_builder":"","_et_pb_old_content":"","_et_gb_content_width":""},"product_brand":[],"product_cat":[1546],"product_tag":[1547,1496],"class_list":{"0":"post-19591","1":"product","2":"type-product","3":"status-publish","4":"has-post-thumbnail","6":"product_cat-boom-cylinders","7":"product_tag-boom-cylinders","8":"product_tag-hydraulic-cylinders","10":"first","11":"instock","12":"shipping-taxable","13":"product-type-simple"},"amp_enabled":true,"_links":{"self":[{"href":"https:\/\/www.hydraulic-cylinders.net\/et\/wp-json\/wp\/v2\/product\/19591","targetHints":{"allow":["GET"]}}],"collection":[{"href":"https:\/\/www.hydraulic-cylinders.net\/et\/wp-json\/wp\/v2\/product"}],"about":[{"href":"https:\/\/www.hydraulic-cylinders.net\/et\/wp-json\/wp\/v2\/types\/product"}],"replies":[{"embeddable":true,"href":"https:\/\/www.hydraulic-cylinders.net\/et\/wp-json\/wp\/v2\/comments?post=19591"}],"wp:featuredmedia":[{"embeddable":true,"href":"https:\/\/www.hydraulic-cylinders.net\/et\/wp-json\/wp\/v2\/media\/17869"}],"wp:attachment":[{"href":"https:\/\/www.hydraulic-cylinders.net\/et\/wp-json\/wp\/v2\/media?parent=19591"}],"wp:term":[{"taxonomy":"product_brand","embeddable":true,"href":"https:\/\/www.hydraulic-cylinders.net\/et\/wp-json\/wp\/v2\/product_brand?post=19591"},{"taxonomy":"product_cat","embeddable":true,"href":"https:\/\/www.hydraulic-cylinders.net\/et\/wp-json\/wp\/v2\/product_cat?post=19591"},{"taxonomy":"product_tag","embeddable":true,"href":"https:\/\/www.hydraulic-cylinders.net\/et\/wp-json\/wp\/v2\/product_tag?post=19591"}],"curies":[{"name":"wp","href":"https:\/\/api.w.org\/{rel}","templated":true}]}}