{"id":19593,"date":"2025-04-07T06:56:22","date_gmt":"2025-04-07T06:56:22","guid":{"rendered":"https:\/\/www.hydraulic-cylinders.net\/product\/boom-cylinder-for-xinyuan-crawler-excavator-xy55-8\/"},"modified":"2025-04-07T06:56:24","modified_gmt":"2025-04-07T06:56:24","slug":"boom-cylinder-for-xinyuan-crawler-excavator-xy55-8","status":"publish","type":"product","link":"https:\/\/www.hydraulic-cylinders.net\/et\/toode\/boom-cylinder-for-xinyuan-crawler-excavator-xy55-8\/","title":{"rendered":"Xinyuani roomikekskavaatori XY55-8 poomi silinder"},"content":{"rendered":"<h1>Xinyuani roomikekskavaatori XY55-8 poomi silinder<\/h1>\n<h2>Toote \u00fclevaade<\/h2>\n<p>Noole silinder on Xinyuani roomikekskavaatori XY55-8 oluline komponent, mis on peamiselt m\u00f5eldud ekskavaatori poomi liikumise juhtimiseks. See h\u00fcdrauliline silinder v\u00f5imaldab ekskavaatoril koppa t\u00f5sta, langetada ja kallutada, h\u00f5lbustades t\u00f5husaid materjalik\u00e4itlust\u00f6id. Noole silinder on h\u00fcdraulikas\u00fcsteemi oluline osa, mis v\u00f5imaldab rasketehnika sujuvat t\u00f6\u00f6d.<\/p>\n<p><img decoding=\"async\" src=\"https:\/\/www.hydraulic-cylinders.net\/wp-content\/uploads\/2025\/04\/songte-company-1.webp\" alt=\"Poomi silindri pilt\"><\/p>\n<h2>Poomi silindri omadused<\/h2>\n<ul>\n<li><strong>Suur tugevus ja vastupidavus:<\/strong> Tavaliselt \u00fclitugevast terasest v\u00f5i alumiiniumist valmistatud poomi silinder talub k\u00f5rget r\u00f5hku ja suuri koormusi, mist\u00f5ttu sobib see karmideks t\u00f6\u00f6keskkondadeks.<\/li>\n<li><strong>T\u00f5hus h\u00fcdrauliline t\u00f6\u00f6:<\/strong> Kasutab sujuvaks pikendamiseks ja tagasit\u00f5mbamiseks h\u00fcdraulika\u00f5li r\u00f5hku, pakkudes kiiret reageerimist juhtimisk\u00e4sklustele ning v\u00f5imsat t\u00f5uke- ja t\u00f5mbej\u00f5udu.<\/li>\n<li><strong>Erinevad t\u00fc\u00fcbid:<\/strong> Saadaval \u00fchetoimelise (\u00fches suunas h\u00fcdrauliline) v\u00f5i kahetoimelise (m\u00f5lemas suunas h\u00fcdrauliline) konfiguratsioonina, et rahuldada erinevaid t\u00f6\u00f6vajadusi. M\u00f5ned mudelid on teleskoopilised, mis v\u00f5imaldab suuremat pikendamist ilma v\u00e4lism\u00f5\u00f5tmeid suurendamata, mis sobib ideaalselt ruumipiirangutega rakenduste jaoks.<\/li>\n<li><strong>Lihtne asendamine:<\/strong> Meie tooted on loodud olemasolevate h\u00fcdrosilindrite ideaalseks asendamiseks, tagades sujuva integratsiooni ja j\u00f5udluse.<\/li>\n<li><strong>T\u00e4iustatud disain:<\/strong> Sisaldab omadusi, mis parandavad kulumiskindlust ja korrosioonikaitset, pikendades silindri eluiga.<\/li>\n<\/ul>\n<p><img decoding=\"async\" src=\"https:\/\/www.hydraulic-cylinders.net\/wp-content\/uploads\/2025\/04\/songte-cylinder-head-with-all-kinds-excavator-models.webp\" alt=\"Ekskavaatori mudeli pilt\"><\/p>\n<h2>Poomi silindri rakendused<\/h2>\n<h3>Ehitustehnika<\/h3>\n<p>Ekskavaatorites on noolesilindrid \u00fcliolulised kaevamiseks, laadimiseks ja pinnase v\u00f5i prahi teisaldamiseks. Need v\u00f5imaldavad kopa liikumise t\u00e4pset juhtimist, muutes keerulised \u00fclesanded paremini hallatavaks.<\/p>\n<h3>P\u00f5llumajandustehnika<\/h3>\n<p>Esilaadurites kasutatavad noolesilindrid on olulised mulla, heina ja muude materjalide kopeerimiseks, t\u00f5stmiseks ja transportimiseks. Nende konstruktsioon tagab t\u00f5husa t\u00f6\u00f6 p\u00f5llumajanduslikes tingimustes.<\/p>\n<h3>Ekskavaatorid<\/h3>\n<p>Ekskavaatorites v\u00f5imaldab noole silinder kopal t\u00f5husalt pinnasesse tungida, h\u00f5lbustades kaevamisprotsessi. See v\u00f5ime on oluline mitmesuguste kaevet\u00f6\u00f6de puhul.<\/p>\n<h3>Laadurid<\/h3>\n<p>Esilaaduritel aitavad noolesilindrid koormaid t\u00f5husalt t\u00f5sta ja t\u00fchjendada. See funktsioon on t\u00f6\u00f6objektidel tootlikkuse suurendamise v\u00f5tmeks.<\/p>\n<h2>Projekteerimiskaalutlused ja valikukriteeriumid<\/h2>\n<h3>Kandev\u00f5ime<\/h3>\n<p>Poomi silindri valimisel tuleb arvestada konkreetse rakenduse jaoks vajaliku kandev\u00f5imega. See h\u00f5lmab silindri poolt t\u00f5stetava maksimaalse raskuse hindamist ja selle sobiva nimiv\u00e4\u00e4rtuse tagamist rikete v\u00e4ltimiseks.<\/p>\n<h3>Tihendi kvaliteet<\/h3>\n<p>Tihendi kvaliteet on h\u00fcdraulilise r\u00f5hu s\u00e4ilitamiseks ja vedeliku lekete v\u00e4ltimiseks \u00fclioluline. Tihendite valik m\u00f5jutab oluliselt silindri j\u00f5udlust ja pikaealisust, mist\u00f5ttu on oluline valida kvaliteetsetest materjalidest tihendid.<\/p>\n<h3>Vastupidavus<\/h3>\n<p>Vastupidavus on noole silindri projekteerimisel v\u00f5tmetegur. See peab vastu pidama \u00e4\u00e4rmuslikele tingimustele, sealhulgas muutuvatele temperatuuridele ja karmidele elementidele. Kasutatavad materjalid peaksid olema kulumis- ja korrosioonikindlad, tagades pika kasutusea.<\/p>\n<h3>Turvaelemendid<\/h3>\n<p>H\u00fcdrauliliste silindrite projekteerimisel on ohutusfunktsioonid \u00fcliolulised. Kaitseventiilide ja r\u00f5hu alandamise mehhanismide lisamine aitab v\u00e4ltida \u00fclekoormusest tingitud \u00f5nnetusi, tagades operaatorite ohutuse.<\/p>\n<h3>Hoolduse ligip\u00e4\u00e4setavus<\/h3>\n<p>Poomi silindri lihtne hooldus on oluline. Sellised omadused nagu kergesti vahetatavad tihendid ja ligip\u00e4\u00e4setavad m\u00e4\u00e4rimispunktid lihtsustavad rutiinseid hooldust\u00f6id, pikendades silindri eluiga.<\/p>\n<p><img decoding=\"async\" src=\"https:\/\/www.hydraulic-cylinders.net\/wp-content\/uploads\/2025\/04\/songte-oil-pipes-and-spare-parts.webp\" alt=\"H\u00fcdrauliliste osade pilt\"><\/p>\n<h2>Tihendus ja m\u00e4\u00e4rimine<\/h2>\n<p>H\u00fcdrosilinder kasutab r\u00f5hu s\u00e4ilitamiseks ja lekete v\u00e4ltimiseks mitmesuguseid tihenduskomponente, n\u00e4iteks kolvitihendeid ja vardatihendeid. Tihendid on sageli valmistatud vastupidavatest materjalidest, nagu pol\u00fcuretaan ja nitriilkummi, mis pakuvad suurep\u00e4rast kulumiskindlust. Lisaks sellele t\u00f6\u00f6deldakse silindri korpust ja keermestatud otsapinda peeneks, et suurendada vastupidavust. Sujuva t\u00f6\u00f6 tagamiseks ja kulumise v\u00e4ltimiseks on vajalik regulaarne m\u00e4\u00e4rimine sobiva h\u00fcdraulika\u00f5liga.<\/p>\n<h2>Hooldusmeetmed<\/h2>\n<ul>\n<li><strong>Regulaarsed kontrollid:<\/strong> Kontrollige regulaarselt poomi silindrit kulumis-, lekete- v\u00f5i muude kahjustuste suhtes. Probleemide varajane tuvastamine aitab v\u00e4ltida hilisemaid suuremaid remondit\u00f6id.<\/li>\n<li><strong>\u00d5ige m\u00e4\u00e4rimine:<\/strong> Veenduge, et h\u00fcdraulika\u00f5li on lisatud ja m\u00e4\u00e4rimispunktid on korralikult hooldatud. See v\u00e4hendab liikuvate osade h\u00f5\u00f5rdumist ja kulumist.<\/li>\n<li><strong>Tihendi vahetamine:<\/strong> Aja jooksul v\u00f5ivad tihendid kuluda ja vajada v\u00e4ljavahetamist. Kontrollige tihendeid regulaarselt ja vahetage need vastavalt vajadusele, et s\u00e4ilitada optimaalne j\u00f5udlus.<\/li>\n<\/ul>\n<h2>Paigaldusjuhised<\/h2>\n<p>Poomi silindri \u00f5ige paigaldamine on selle toimivuse seisukohalt \u00fclioluline. Veenduge paigaldamise ajal, et silinder oleks \u00f5igesti joondatud, et v\u00e4ltida komponentidele liigset pinget. Silindri kinnitamiseks on soovitatav kasutada sobivaid kinnitusklambreid. Usaldusv\u00e4\u00e4rse paigalduse tagamiseks j\u00e4rgige tootja juhiseid p\u00f6\u00f6rdemomendi spetsifikatsioonide ja \u00fchendusmeetodite kohta. P\u00e4rast paigaldamist tehke p\u00f5hjalik kontroll, et veenduda k\u00f5igi komponentide kindlas \u00fchenduses ja korrektses toimimises.<\/p>\n<h2>Levinumad hooldust\u00f6\u00f6d<\/h2>\n<h3>Regulaarsed kontrollid<\/h3>\n<p>Tehke regulaarseid kontrolle, et potentsiaalsed probleemid varakult tuvastada. Kontrollige t\u00f6\u00f6 ajal lekkeid, kulumist ja ebatavalisi helisid. Varajane avastamine aitab s\u00e4\u00e4sta kulusid ja v\u00e4ltida t\u00f5sisemaid kahjustusi.<\/p>\n<h3>\u00d5ige m\u00e4\u00e4rimine<\/h3>\n<p>Hoidke h\u00fcdraulikas\u00fcsteemis sobivat m\u00e4\u00e4rimistaset. Veenduge, et kasutatav \u00f5li vastab tootja spetsifikatsioonidele. Ebapiisav m\u00e4\u00e4rimine v\u00f5ib p\u00f5hjustada silindri suurenenud kulumist ja v\u00f5imalikku riket.<\/p>\n<h3>Tihendi vahetamine ja kalibreerimine<\/h3>\n<p>H\u00fcdraulikavedeliku lekete v\u00e4ltimiseks vahetage regulaarselt tihendeid. Kalibreerimise kontrollimine on oluline, et tagada silindri optimaalne j\u00f5udlus. N\u00f5uetekohase reguleerimise ja joondamise tagamiseks j\u00e4rgige tootja juhiseid.<\/p>\n<p><img decoding=\"async\" src=\"https:\/\/www.hydraulic-cylinders.net\/wp-content\/uploads\/2025\/04\/songte-chushion-collar.webp\" alt=\"Padjakrae pilt\"><\/p>\n<h2>Ohutuskaalutlused ja keskkonnategurid<\/h2>\n<p>H\u00fcdrauliliste silindrite kasutamisel on ohutusmeetmed \u00fcliolulised. Operaatorid peaksid olema koolitatud ohutute t\u00f6\u00f6protseduuride osas ja olema teadlikud v\u00f5imalikest ohtudest. Lisaks arvestage keskkonnateguritega, n\u00e4iteks kokkupuutega karmide elementidega, mis v\u00f5ivad m\u00f5jutada silindri pikaealisust ja j\u00f5udlust. Regulaarne hooldus ja \u00fclevaatused aitavad leevendada keskkonnakahjustustega seotud riske.<\/p>\n<h2>Levinud probleemide t\u00f5rkeotsing<\/h2>\n<ul>\n<li><strong>Leke:<\/strong> Kui h\u00fcdraulikavedelik lekib, kontrollige tihendeid ja \u00fchendusi. Kulunud tihendite vahetamine ja tihedate \u00fchenduste tagamine v\u00f5ib selle probleemi lahendada.<\/li>\n<li><strong>Ebaj\u00e4rjekindel j\u00f5udlus:<\/strong> Kui silinder ei ulatu v\u00e4lja ega t\u00f5mbu sisse sujuvalt, kontrollige takistusi, madalat h\u00fcdraulikavedeliku taset v\u00f5i kahjustatud tihendeid, mis v\u00f5ivad t\u00f6\u00f6d m\u00f5jutada.<\/li>\n<li><strong>\u00dclekuumenemine:<\/strong> Kui h\u00fcdraulikas\u00fcsteem kuumeneb \u00fcle, v\u00f5ib see viidata madalale vedeliku tasemele v\u00f5i liigsele koormusele. Tagage \u00f5ige vedeliku tase ja v\u00e4ltige seadme \u00fclekoormamist.<\/li>\n<\/ul>\n<h2>Ennetavad meetmed<\/h2>\n<p>V\u00f5imalike probleemide minimeerimiseks rakendage ennetavaid meetmeid, n\u00e4iteks regulaarseid hoolduskontrolle ja operaatorite koolitamist. H\u00fcdraulikas\u00fcsteemi hoolikas j\u00e4lgimine aitab v\u00e4ltida rikkeid ja pikendada poomi silindri eluiga.<\/p>\n<p><img decoding=\"async\" src=\"https:\/\/www.hydraulic-cylinders.net\/wp-content\/uploads\/2025\/04\/songte-bushings-with-all-kinds-of-excavator-models.webp\" alt=\"Pukside pilt\"><\/p>\n<h2>Ettev\u00f5tte \u00fclevaade<\/h2>\n<p>Oleme juhtiv asendush\u00fcdrauliliste silindrite tootja, pakkudes t\u00e4ielikku tootevalikut nii sise- kui ka rahvusvahelistele turgudele. Meie p\u00fchendumust kvaliteedile toetavad peenelt h\u00e4\u00e4lestatud tootmisprotsess ja t\u00e4iustatud tootmisjuhtimise strateegiad. T\u00e4iustame pidevalt oma tootmisplatvorme kvalifitseeritud tehnilise personali, tipptasemel digitaalsete tootmisseadmete ja professionaalsete testimiss\u00fcsteemidega. See l\u00e4henemisviis v\u00f5imaldab meil rahuldada klientide mitmekesiseid vajadusi suure t\u00f5hususega, t\u00e4psuse ja kvaliteediga.<\/p>\n<p><img decoding=\"async\" src=\"https:\/\/www.hydraulic-cylinders.net\/wp-content\/uploads\/2025\/04\/songte-company-4.webp\" alt=\"Ettev\u00f5tte kuvand\"><br \/>\n<img decoding=\"async\" src=\"https:\/\/www.hydraulic-cylinders.net\/wp-content\/uploads\/2025\/04\/songte-company-3.webp\" alt=\"Ettev\u00f5tte kuvand\"><\/p>\n<p>Meie ettev\u00f5te on uhke oma professionaalsuse, rahvusvaheliste sertifikaatide, kohandatud teenuste, t\u00e4iustatud tootmisseadmete ja erakordse m\u00fc\u00fcgij\u00e4rgse toe \u00fcle. P\u00fc\u00fcame tagada, et meie kliendid saaksid turul parimad tooted ja teenused.<\/p>\n<p>Autor: lyl<\/p>","protected":false},"excerpt":{"rendered":"<p>Boom Cylinder For Xinyuan Crawler Excavator XY55-8 Product Overview The Boom Cylinder is a vital component for the Xinyuan Crawler Excavator XY55-8, primarily designed to control the movement of the excavator&#8217;s arm. This hydraulic cylinder allows the excavator to lift, lower, and tilt its bucket, facilitating efficient material handling tasks. The boom cylinder is an [&hellip;]<\/p>","protected":false},"featured_media":17871,"comment_status":"open","ping_status":"closed","template":"","meta":{"_et_pb_use_builder":"","_et_pb_old_content":"","_et_gb_content_width":""},"product_brand":[],"product_cat":[1546],"product_tag":[1547,1496],"class_list":{"0":"post-19593","1":"product","2":"type-product","3":"status-publish","4":"has-post-thumbnail","6":"product_cat-boom-cylinders","7":"product_tag-boom-cylinders","8":"product_tag-hydraulic-cylinders","10":"first","11":"instock","12":"shipping-taxable","13":"product-type-simple"},"amp_enabled":true,"_links":{"self":[{"href":"https:\/\/www.hydraulic-cylinders.net\/et\/wp-json\/wp\/v2\/product\/19593","targetHints":{"allow":["GET"]}}],"collection":[{"href":"https:\/\/www.hydraulic-cylinders.net\/et\/wp-json\/wp\/v2\/product"}],"about":[{"href":"https:\/\/www.hydraulic-cylinders.net\/et\/wp-json\/wp\/v2\/types\/product"}],"replies":[{"embeddable":true,"href":"https:\/\/www.hydraulic-cylinders.net\/et\/wp-json\/wp\/v2\/comments?post=19593"}],"wp:featuredmedia":[{"embeddable":true,"href":"https:\/\/www.hydraulic-cylinders.net\/et\/wp-json\/wp\/v2\/media\/17871"}],"wp:attachment":[{"href":"https:\/\/www.hydraulic-cylinders.net\/et\/wp-json\/wp\/v2\/media?parent=19593"}],"wp:term":[{"taxonomy":"product_brand","embeddable":true,"href":"https:\/\/www.hydraulic-cylinders.net\/et\/wp-json\/wp\/v2\/product_brand?post=19593"},{"taxonomy":"product_cat","embeddable":true,"href":"https:\/\/www.hydraulic-cylinders.net\/et\/wp-json\/wp\/v2\/product_cat?post=19593"},{"taxonomy":"product_tag","embeddable":true,"href":"https:\/\/www.hydraulic-cylinders.net\/et\/wp-json\/wp\/v2\/product_tag?post=19593"}],"curies":[{"name":"wp","href":"https:\/\/api.w.org\/{rel}","templated":true}]}}