{"id":19595,"date":"2025-04-07T06:56:28","date_gmt":"2025-04-07T06:56:28","guid":{"rendered":"https:\/\/www.hydraulic-cylinders.net\/product\/boom-cylinder-for-xinyuan-crawler-excavator-xy90\/"},"modified":"2025-04-07T06:56:30","modified_gmt":"2025-04-07T06:56:30","slug":"boom-cylinder-for-xinyuan-crawler-excavator-xy90","status":"publish","type":"product","link":"https:\/\/www.hydraulic-cylinders.net\/et\/toode\/boom-cylinder-for-xinyuan-crawler-excavator-xy90\/","title":{"rendered":"Xinyuani roomikekskavaatori XY90 poomi silinder"},"content":{"rendered":"<h1>Xinyuani roomikekskavaatori XY90 poomi silinder<\/h1>\n<h2>Toote \u00fclevaade<\/h2>\n<p>Xinyuani roomikekskavaatori XY90 noole silinder on oluline komponent, mis on loodud rasketehnika t\u00f6\u00f6 efektiivsuse parandamiseks. Need silindrid on spetsiaalselt loodud ekskavaatorite, laadur-ekskavaatori ja esilaaduri erinevate lisaseadmete, n\u00e4iteks koppade liikumise juhtimiseks. V\u00f5imaldades noolel t\u00f5usta, langetada ja kallutada, h\u00f5lbustavad need silindrid materjali k\u00e4itlemise \u00fclesandeid t\u00f5husalt.<\/p>\n<p><img decoding=\"async\" src=\"https:\/\/www.hydraulic-cylinders.net\/wp-content\/uploads\/2025\/04\/songte-company-1.webp\" alt=\"Ekskavaatori poomi silinder\" \/><\/p>\n<h3>Kopasilindrite m\u00f5istmine<\/h3>\n<p>Kopasilindrid on h\u00fcdraulilised silindrid, millel on ehitusseadmete h\u00fcdros\u00fcsteemides oluline roll. Need v\u00f5imaldavad kopa t\u00e4pset liikumist, v\u00f5imaldades operaatoritel h\u00f5lpsalt materjale kaevata, t\u00f5sta ja transportida. Vastupidavatest materjalidest valmistatud silindrid tagavad t\u00f6\u00f6kindluse ja t\u00f5hususe n\u00f5udlikes tingimustes, muutes need iga kaevet\u00f6\u00f6 jaoks h\u00e4davajalikuks.<\/p>\n<h2>Poomi silindri omadused<\/h2>\n<ul>\n<li><strong>Suur tugevus ja vastupidavus:<\/strong> Need \u00fclitugevast terasest v\u00f5i alumiiniumist valmistatud silindrid taluvad k\u00f5rget r\u00f5hku ja suuri koormusi ning on loodud suurep\u00e4raseks t\u00f6\u00f6ks karmides keskkondades, pakkudes samal ajal kulumiskindlust ja korrosioonikaitset pika eluea tagamiseks.<\/li>\n<li><strong>T\u00f5hus h\u00fcdrauliline t\u00f6\u00f6:<\/strong> Kasutades sujuvaks pikendamiseks ja tagasit\u00f5mbamiseks h\u00fcdraulika\u00f5li r\u00f5hku, reageerib poomi silinder kiiresti juhtimisk\u00e4sklustele, pakkudes m\u00e4rkimisv\u00e4\u00e4rset t\u00f5uke- ja t\u00f5mbej\u00f5udu, mis sobib ideaalselt raskete esemete t\u00f5stmiseks ja keerukate \u00fclesannete t\u00e4itmiseks.<\/li>\n<li><strong>Erinevad t\u00fc\u00fcbid:<\/strong> Valikute hulka kuuluvad \u00fchetoimelised silindrid (kasutavad h\u00fcdraulilist j\u00f5udu \u00fches suunas) v\u00f5i kahetoimelised silindrid (kasutavad h\u00fcdraulilist j\u00f5udu m\u00f5lemas suunas), et rahuldada erinevaid t\u00f6\u00f6vajadusi. M\u00f5ned mudelid on teleskoopilised, v\u00f5imaldades suuremat pikendust ilma v\u00e4lism\u00f5\u00f5tmeid suurendamata, mis sobib ideaalselt ruumipiirangutega rakenduste jaoks.<\/li>\n<\/ul>\n<p>Me toodame kvaliteetseid poomi silindreid, mis sobivad ideaalselt olemasolevate h\u00fcdraulikasilindrite asendamiseks, tagades sujuva integratsiooni ja j\u00f5udluse.<\/p>\n<p><img decoding=\"async\" src=\"https:\/\/www.hydraulic-cylinders.net\/wp-content\/uploads\/2025\/04\/songte-cylinder-head-with-all-kinds-excavator-models.webp\" alt=\"H\u00fcdraulilise silindri vahetamine\" \/><\/p>\n<h2>Poomi silindri rakendused<\/h2>\n<h3>Ehitustehnika<\/h3>\n<p>Ekskavaatorites on noole silinder oluline kaevamiseks, laadimiseks ja pinnase v\u00f5i prahi teisaldamiseks. See v\u00f5imaldab operaatoritel \u00fclesandeid t\u00f5husalt t\u00e4ita, olgu selleks kaevet\u00f6\u00f6 v\u00f5i platsi ettevalmistamine.<\/p>\n<h3>P\u00f5llumajandustehnika<\/h3>\n<p>Esilaadurites aitavad noolesilindrid mulda, heina ja muid materjale \u00fcles korjata, t\u00f5sta ja transportida, m\u00e4ngides olulist rolli talude tootlikkuse suurendamisel.<\/p>\n<h3>Ekskavaatorid<\/h3>\n<p>Kopa silinder v\u00f5imaldab ekskavaatori kopal t\u00f5husalt pinnasesse tungida, muutes kaevamist\u00f6\u00f6d sujuvamaks ja t\u00f5husamaks.<\/p>\n<h3>Laadurid<\/h3>\n<p>Esilaaduritel h\u00f5lbustavad noolesilindrid koormate t\u00f5stmist ja t\u00fchjendamist, tagades t\u00f5husa materjali k\u00e4itlemise ja t\u00f6\u00f6 efektiivsuse.<\/p>\n<h2>Projekteerimiskaalutlused ja valikukriteeriumid<\/h2>\n<h3>Kandev\u00f5ime<\/h3>\n<p>Noolesilindri valimisel tuleb hoolikalt kaaluda selle kandev\u00f5imet. See peab vastama ekskavaatori t\u00f6\u00f6n\u00f5uetele, et tagada ohutu ja t\u00f5hus t\u00f6\u00f6. Kandev\u00f5ime m\u00e4\u00e4ravad silindri l\u00e4bim\u00f5\u00f5t ja materjal, samuti selle konstruktsioonispetsifikatsioonid.<\/p>\n<h3>Tihendus<\/h3>\n<p>T\u00f5hus tihendus on h\u00fcdrauliliste silindrite puhul kriitilise t\u00e4htsusega, et v\u00e4ltida lekkeid ja s\u00e4ilitada r\u00f5hku. Kvaliteetsed tihendid, mis on valmistatud sellistest materjalidest nagu pol\u00fcuretaan v\u00f5i nitriilkummi, on pikaealisuse ja j\u00f5udluse tagamiseks h\u00e4davajalikud, kuna need taluvad karme tingimusi ja kulumist.<\/p>\n<h3>Vastupidavus<\/h3>\n<p>Vastupidavus on h\u00fcdrauliliste silindrite projekteerimisel v\u00f5tmetegur. Need peavad vastu pidama mitte ainult t\u00f6\u00f6koormustele, vaid ka keskkonnatingimustele, millega nad kokku puutuvad, n\u00e4iteks temperatuurimuutustele ja kokkupuutele saasteainetega. \u00d5iged materjalid ja kaitsekatted v\u00f5ivad vastupidavust m\u00e4rkimisv\u00e4\u00e4rselt suurendada.<\/p>\n<h3>Ohutus<\/h3>\n<p>Poomi silindrite konstruktsioonis on ohutusfunktsioonid \u00fcliolulised. Nende hulka kuuluvad kaitseklapid, mis takistavad \u00fcler\u00f5hu teket, ja mehhanismid, mis tagavad stabiilsuse t\u00f6\u00f6tamise ajal. N\u00f5uetekohased ohutuskaalutlused v\u00e4hendavad \u00f5nnetuste ja seadmete rikete ohtu.<\/p>\n<h3>Hooldatavus<\/h3>\n<p>Hooldatavust silmas pidades projekteerimine tagab silindrite h\u00f5lpsa hooldamise. See h\u00f5lmab ligip\u00e4\u00e4setavust kontrollimiseks, m\u00e4\u00e4rimispunktidele ning tihendite ja muude komponentide vahetamise v\u00f5imalust ilma olulise seisakuajata.<\/p>\n<p><img decoding=\"async\" src=\"https:\/\/www.hydraulic-cylinders.net\/wp-content\/uploads\/2025\/04\/songte-oil-pipes-and-spare-parts.webp\" alt=\"H\u00fcdrauliliste silindrite osad\" \/><\/p>\n<h2>Tihendus ja m\u00e4\u00e4rimine<\/h2>\n<p>H\u00fcdraulilised silindrid kasutavad r\u00f5hu s\u00e4ilitamiseks ja vedeliku lekke v\u00e4ltimiseks mitmesuguseid tihendusmeetodeid. Selles protsessis m\u00e4ngivad olulist rolli komponendid, n\u00e4iteks kolvi- ja varrastihendid. Vastupidavatest materjalidest, nagu pol\u00fcuretaan ja nitriilkummi, valmistatud tihendid tagavad pikaealisuse ja t\u00f5husa tihenduse r\u00f5hu all. Lisaks on silindri korpuse pind ja keermestatud otsad peenelt t\u00f6\u00f6deldud, et suurendada kulumiskindlust.<\/p>\n<p>Regulaarne m\u00e4\u00e4rimine on optimaalse j\u00f5udluse tagamiseks h\u00e4davajalik. H\u00fcdraulika\u00f5li tuleb perioodiliselt lisada, et hoida sisemised komponendid m\u00e4\u00e4ritud, v\u00e4ltida kulumist ja tagada sujuv t\u00f6\u00f6. N\u00f5uetekohane m\u00e4\u00e4rimine v\u00e4hendab ka h\u00f5\u00f5rdumist, suurendades h\u00fcdraulikas\u00fcsteemi efektiivsust ja eluiga.<\/p>\n<h2>Ennetavad hooldusmeetmed<\/h2>\n<ul>\n<li><strong>Regulaarsed kontrollid:<\/strong> H\u00fcdraulikas\u00fcsteemi regulaarsete kontrollide tegemine aitab potentsiaalseid probleeme varakult tuvastada. Kontrollige lekkeid, kulumist ja silindri n\u00f5uetekohast toimimist.<\/li>\n<li><strong>\u00d5ige m\u00e4\u00e4rimine:<\/strong> Ensure that the cylinders are adequately lubricated according to the manufacturer&#8217;s recommendations. This helps minimize wear and tear on the internal components.<\/li>\n<li><strong>Tihendi vahetamine:<\/strong> Kontrollige regulaarselt tihendeid kulumise v\u00f5i kahjustuste suhtes. Kiire vahetamine aitab v\u00e4ltida lekkeid ja s\u00e4ilitada s\u00fcsteemi t\u00f5husust.<\/li>\n<\/ul>\n<h2>Paigaldusjuhised<\/h2>\n<p>Poomi silindri \u00f5ige paigaldamine on optimaalse j\u00f5udluse saavutamiseks \u00fclioluline. Alustage veendumisest, et kinnituspinnad on puhtad ja prahist vabad. Joondage silinder \u00f5igesti seadmega, et v\u00e4ltida joondusprobleeme, mis v\u00f5ivad p\u00f5hjustada enneaegset kulumist v\u00f5i rikkeid.<\/p>\n<p>Kasutage silindri kinnitamiseks sobivaid kinnitusklambreid. Veenduge, et h\u00fcdraulikavoolikud on \u00f5igesti \u00fchendatud ja k\u00f5ik liitmikud on tihedalt kinnitatud. P\u00e4rast paigaldamist kontrollige p\u00f5hjalikult, et silinder t\u00f6\u00f6taks sujuvalt, ilma takistuste v\u00f5i leketeta.<\/p>\n<h2>Levinumad hooldust\u00f6\u00f6d<\/h2>\n<ul>\n<li><strong>Regulaarsed kontrollid:<\/strong> Sagedased kontrollid aitavad probleeme enne nende s\u00fcvenemist avastada. Otsige kulumisj\u00e4lgi ja lekkeid ning veenduge, et k\u00f5ik komponendid t\u00f6\u00f6taksid korralikult.<\/li>\n<li><strong>\u00d5ige m\u00e4\u00e4rimine:<\/strong> Sujuva t\u00f6\u00f6 tagamiseks ja enneaegse kulumise v\u00e4ltimiseks j\u00e4rgige m\u00e4\u00e4rimisgraafikuid. Kasutage soovitatud h\u00fcdraulika\u00f5li ja j\u00e4rgige t\u00e4iteintervallide juhiseid.<\/li>\n<li><strong>Tihendi vahetamine:<\/strong> J\u00e4lgige tihendeid kulumisj\u00e4lgede suhtes ja vahetage need vastavalt vajadusele. See on \u00fclioluline h\u00fcdraulikas\u00fcsteemi terviklikkuse s\u00e4ilitamiseks ja lekete v\u00e4ltimiseks.<\/li>\n<\/ul>\n<p>Proper alignment during installation is essential to prevent undue stress on the cylinder. Utilize appropriate mounts to secure the cylinder, ensuring it operates within its design specifications. Regular checks for alignment and calibration will prolong the cylinder&#8217;s life.<\/p>\n<p><img decoding=\"async\" src=\"https:\/\/www.hydraulic-cylinders.net\/wp-content\/uploads\/2025\/04\/songte-chushion-collar.webp\" alt=\"Padjakaelus\" \/><\/p>\n<h2>Ohutuskaalutlused ja keskkonnategurid<\/h2>\n<p>H\u00fcdrauliliste silindritega t\u00f6\u00f6tamisel on ohutusmeetmete m\u00f5istmine \u00fclioluline. Operaatorid peaksid alati kandma sobivaid isikukaitsevahendeid (IKV) ja tagama k\u00f5igi ohutusprotokollide j\u00e4rgimise. H\u00fcdrauliliste s\u00fcsteemide kasutamise n\u00f5uetekohane v\u00e4lja\u00f5pe v\u00e4hendab \u00f5nnetuste ohtu ja parandab \u00fcldist t\u00f6\u00f6ohutust.<\/p>\n<h2>Rikete diagnoosimine ja levinud probleemid<\/h2>\n<ul>\n<li><strong>Leke:<\/strong> \u00dcks levinumaid probleeme on h\u00fcdraulikavedeliku leke, mis v\u00f5ib tuleneda kulunud tihenditest v\u00f5i kahjustatud liitmikest. Regulaarne kontroll aitab neid probleeme varakult tuvastada ja lahendada.<\/li>\n<li><strong>Aeglane reageering:<\/strong> Kui silinder reageerib aeglaselt, v\u00f5ib see viidata h\u00fcdros\u00fcsteemi probleemile, n\u00e4iteks madalale vedelikutasemele v\u00f5i rikkis pumbale.<\/li>\n<li><strong>Liigne kulumine:<\/strong> Ebatavalised kulumismustrid v\u00f5ivad viidata joondusveale, eba\u00f5igele m\u00e4\u00e4rimisele v\u00f5i liigsele koormusele. Regulaarne hooldus aitab neid tegureid j\u00e4lgida ja reguleerida.<\/li>\n<\/ul>\n<h2>Veaotsingu n\u00e4pun\u00e4ited<\/h2>\n<p>H\u00fcdrauliliste probleemide t\u00f5husaks diagnoosimiseks ja lahendamiseks alustage vedeliku taseme kontrollimisest ja lekete olemasolu kontrollimisest. Veenduge, et k\u00f5ik \u00fchendused on tihedad ja tihendid heas seisukorras. Regulaarne hooldus aitab nende probleemide esinemist oluliselt v\u00e4hendada.<\/p>\n<p>Ennetavate meetmete rakendamine, n\u00e4iteks hooldusgraafikute j\u00e4rgimine ja kulunud osade v\u00e4ljavahetamine, aitab minimeerida v\u00f5imalikke probleeme ja pikendada h\u00fcdros\u00fcsteemi eluiga.<\/p>\n<p><img decoding=\"async\" src=\"https:\/\/www.hydraulic-cylinders.net\/wp-content\/uploads\/2025\/04\/songte-bushings-with-all-kinds-of-excavator-models.webp\" alt=\"Ekskavaatori mudelid\" \/><\/p>\n<h2>Ettev\u00f5tte \u00fclevaade<\/h2>\n<p>Oleme juhtiv h\u00fcdrosilindrite tootja ja hulgim\u00fc\u00fcja, mis on spetsialiseerunud kvaliteetsetele varuosadele. Meie ulatuslik tootevalik on teinud meist nii sise- kui ka rahvusvahelisel turul v\u00f5tmeisiku. J\u00e4rgime tipptaseme strateegiat, kasutades t\u00e4iustatud tootmisprotsesse ja tipptehnoloogiat oma tootmisv\u00f5imaluste suurendamiseks.<\/p>\n<p>Meie keskendumist kvaliteedile toetab oskuslike spetsialistide meeskond, kes on p\u00fchendunud pidevale t\u00e4iustamisele. Pakume kohandatud teenuseid, et rahuldada oma klientide mitmekesiseid vajadusi, tagades, et pakume t\u00f5husaid lahendusi, mis on kohandatud konkreetsetele rakendustele.<\/p>\n<p><img decoding=\"async\" src=\"https:\/\/www.hydraulic-cylinders.net\/wp-content\/uploads\/2025\/04\/songte-company-4.webp\" alt=\"Ettev\u00f5tte \u00fclevaade\" \/><br \/>\n<img decoding=\"async\" src=\"https:\/\/www.hydraulic-cylinders.net\/wp-content\/uploads\/2025\/04\/songte-company-3.webp\" alt=\"Tootmis\u00fcksus\" \/><\/p>\n<p>Autor: lyl<\/p>","protected":false},"excerpt":{"rendered":"<p>Boom Cylinder For Xinyuan Crawler Excavator XY90 Product Overview The Boom Cylinder for the Xinyuan Crawler Excavator XY90 is a vital component designed to enhance the operational efficiency of heavy machinery. These cylinders are specifically engineered to control the movement of various attachments, such as buckets, on excavators, backhoe loaders, and front loaders. By allowing [&hellip;]<\/p>","protected":false},"featured_media":17873,"comment_status":"open","ping_status":"closed","template":"","meta":{"_et_pb_use_builder":"","_et_pb_old_content":"","_et_gb_content_width":""},"product_brand":[],"product_cat":[1546],"product_tag":[1547,1496],"class_list":{"0":"post-19595","1":"product","2":"type-product","3":"status-publish","4":"has-post-thumbnail","6":"product_cat-boom-cylinders","7":"product_tag-boom-cylinders","8":"product_tag-hydraulic-cylinders","10":"first","11":"instock","12":"shipping-taxable","13":"product-type-simple"},"amp_enabled":true,"_links":{"self":[{"href":"https:\/\/www.hydraulic-cylinders.net\/et\/wp-json\/wp\/v2\/product\/19595","targetHints":{"allow":["GET"]}}],"collection":[{"href":"https:\/\/www.hydraulic-cylinders.net\/et\/wp-json\/wp\/v2\/product"}],"about":[{"href":"https:\/\/www.hydraulic-cylinders.net\/et\/wp-json\/wp\/v2\/types\/product"}],"replies":[{"embeddable":true,"href":"https:\/\/www.hydraulic-cylinders.net\/et\/wp-json\/wp\/v2\/comments?post=19595"}],"wp:featuredmedia":[{"embeddable":true,"href":"https:\/\/www.hydraulic-cylinders.net\/et\/wp-json\/wp\/v2\/media\/17873"}],"wp:attachment":[{"href":"https:\/\/www.hydraulic-cylinders.net\/et\/wp-json\/wp\/v2\/media?parent=19595"}],"wp:term":[{"taxonomy":"product_brand","embeddable":true,"href":"https:\/\/www.hydraulic-cylinders.net\/et\/wp-json\/wp\/v2\/product_brand?post=19595"},{"taxonomy":"product_cat","embeddable":true,"href":"https:\/\/www.hydraulic-cylinders.net\/et\/wp-json\/wp\/v2\/product_cat?post=19595"},{"taxonomy":"product_tag","embeddable":true,"href":"https:\/\/www.hydraulic-cylinders.net\/et\/wp-json\/wp\/v2\/product_tag?post=19595"}],"curies":[{"name":"wp","href":"https:\/\/api.w.org\/{rel}","templated":true}]}}