{"id":19597,"date":"2025-04-07T06:56:33","date_gmt":"2025-04-07T06:56:33","guid":{"rendered":"https:\/\/www.hydraulic-cylinders.net\/product\/boom-cylinder-for-xinyuan-wheel-excavator-xy75w-8-9\/"},"modified":"2025-04-07T06:56:35","modified_gmt":"2025-04-07T06:56:35","slug":"boom-cylinder-for-xinyuan-wheel-excavator-xy75w-8-9","status":"publish","type":"product","link":"https:\/\/www.hydraulic-cylinders.net\/et\/toode\/boom-cylinder-for-xinyuan-wheel-excavator-xy75w-8-9\/","title":{"rendered":"Xinyuani ratasekskavaatori XY75W-8-9 poomi silinder"},"content":{"rendered":"<h1>Xinyuani ratasekskavaatori XY75W-8-9 poomi silinder<\/h1>\n<h2>Sissejuhatus poomi silindritesse<\/h2>\n<p>Noole silinder on rasketehnika h\u00fcdraulikas\u00fcsteemide oluline komponent, mis on spetsiaalselt loodud ekskavaatorite, laadur-ekskavaatori ja esilaaduri noole liikumise juhtimiseks. See h\u00fcdrauliline silinder vastutab noole t\u00f5stmise, langetamise ja kallutamise eest, h\u00f5lbustades seel\u00e4bi mitmesuguseid materjali k\u00e4itlemise \u00fclesandeid. Noole silinder t\u00f6\u00f6tab h\u00fcdraulilise vedeliku r\u00f5hu abil, mis v\u00f5imaldab sujuvaid ja v\u00f5imsaid liigutusi, mis on olulised t\u00f5husaks t\u00f6\u00f6ks ehituses, kaevanduses ja p\u00f5llumajanduses.<\/p>\n<p><img decoding=\"async\" src=\"https:\/\/www.hydraulic-cylinders.net\/wp-content\/uploads\/2025\/04\/songte-company-1.webp\" alt=\"Poomi silindri pilt\" \/><\/p>\n<h2>Poomi silindri p\u00f5hijooned<\/h2>\n<ul>\n<li><strong>Suur tugevus ja vastupidavus:<\/strong> Need silindrid on valmistatud \u00fclitugevast terasest v\u00f5i alumiiniumist ning on konstrueeritud taluma k\u00f5rget r\u00f5hku ja suuri koormusi, mist\u00f5ttu sobivad need ka karmidesse t\u00f6\u00f6keskkondadesse.<\/li>\n<li><strong>T\u00f5hus h\u00fcdrauliline t\u00f6\u00f6:<\/strong> Poomi silinder kasutab sujuvaks pikendamiseks ja tagasit\u00f5mbamiseks h\u00fcdraulika\u00f5li r\u00f5hku, pakkudes kiiret reageerimist juhtimisk\u00e4sklustele ja v\u00f5imsaid t\u00f5uke- ja t\u00f5mbej\u00f5ude.<\/li>\n<li><strong>Erinevad t\u00fc\u00fcbid:<\/strong> Saadaval \u00fchetoimelise (\u00fches suunas t\u00f6\u00f6tav) v\u00f5i kahetoimelise (m\u00f5lemas suunas t\u00f6\u00f6tav) konfiguratsioonina, m\u00f5ned mudelid on teleskoopilised, et v\u00f5imaldada suuremat pikendamist ilma v\u00e4lism\u00f5\u00f5tmeid suurendamata.<\/li>\n<li><strong>Kohandatavad valikud:<\/strong> Meie noole silindreid saab kohandada vastavalt konkreetsetele t\u00f6\u00f6vajadustele, tagades \u00fchilduvuse erinevate ekskavaatorimudelitega.<\/li>\n<li><strong>Hoolduss\u00f5bralik disain:<\/strong> Need silindrid on loodud hoolduse h\u00f5lbustamiseks ning neil on funktsioonid, mis lihtsustavad kontrolli ja hooldust, v\u00e4hendades seisakuid ja tegevuskulusid.<\/li>\n<\/ul>\n<p><img decoding=\"async\" src=\"https:\/\/www.hydraulic-cylinders.net\/wp-content\/uploads\/2025\/04\/songte-cylinder-head-with-all-kinds-excavator-models.webp\" alt=\"Ekskavaatori mudelid\" \/><\/p>\n<h2>Poomi silindrite rakendused<\/h2>\n<h3>Ehitustehnika<\/h3>\n<p>Ekskavaatorites on noolesilindrid kriitilise t\u00e4htsusega kaevamisel, laadimisel ja pinnase v\u00f5i prahi teisaldamisel. Nende silindrite t\u00e4pne juhtimine suurendab masina efektiivsust, v\u00f5imaldades operaatoritel \u00fclesandeid t\u00e4pselt ja kiiresti t\u00e4ita. Ekskavaator-laadurites abistavad need nii kaevamis- kui ka t\u00f5stet\u00f6\u00f6del, muutes need ehitusplatsidel asendamatuks.<\/p>\n<h3>P\u00f5llumajandustehnika<\/h3>\n<p>Esilaadurites kasutatavad noolesilindrid on olulised mulla, heina ja muude materjalide kopeerimiseks, t\u00f5stmiseks ja transportimiseks. Nende v\u00f5ime raskeid koormaid k\u00e4sitseda aitab p\u00f5llumeestel oma tegevust t\u00f5husalt hallata, parandades p\u00f5llumajandust\u00f6\u00f6de tootlikkust.<\/p>\n<h3>Kaevamine ja kaevamine<\/h3>\n<p>Ekskavaatorites v\u00f5imaldab noole silinder kopal t\u00f5husalt maasse tungida, alustades kaevamisprotsessi. See funktsioon on kriitilise t\u00e4htsusega mitmesuguste kaevet\u00f6\u00f6de puhul, alates vundamendi rajamisest kuni haljastuseni.<\/p>\n<h3>Laadimisseadmed<\/h3>\n<p>Esilaadurites h\u00f5lbustavad noolesilindrid materjalide t\u00f5husat t\u00f5stmist ja t\u00fchjendamist. Nende vastupidav konstruktsioon tagab, et need saavad h\u00f5lpsalt hakkama suurte koormatega, aidates kaasa masina \u00fcldisele tootlikkusele.<\/p>\n<h2>Projekteerimiskaalutlused ja valikukriteeriumid<\/h2>\n<h3>Kandev\u00f5ime<\/h3>\n<p>Noolesilindri valimisel on \u00fclioluline m\u00f5ista selle kandev\u00f5imet. Silinder peab suutma taluda t\u00f6\u00f6tamise ajal eeldatavat maksimaalset koormust ilma rikkeohuta. See h\u00f5lmab teisaldatavate materjalide kaalu ja konkreetse masina v\u00f5imete arvestamist, et tagada ohutus ja j\u00f5udlus.<\/p>\n<h3>Tihendi terviklikkus<\/h3>\n<p>H\u00fcdraulikavedeliku lekete v\u00e4ltimiseks on oluline korralik tihendamine, mis v\u00f5ib v\u00e4hendada efektiivsust ja suurendada komponentide kulumist. Kvaliteetsed tihendid, n\u00e4iteks pol\u00fcuretaanist v\u00f5i nitriilkummist valmistatud tihendid, suurendavad vastupidavust ja tagavad silindri pikaealisuse.<\/p>\n<h3>Vastupidavus<\/h3>\n<p>Poomi silindri ehitamisel kasutatud materjalid on selle pikaealisuse jaoks kriitilise t\u00e4htsusega. K\u00f5rgtugev teras v\u00f5i alumiinium pakuvad vajalikku vastupidavust kulumisele n\u00f5udlikes tingimustes, pikendades seel\u00e4bi silindri kasutusiga.<\/p>\n<h3>Ohutusstandardid<\/h3>\n<p>H\u00fcdrauliliste silindrite projekteerimisel on ohutus oluline kaalutlus. Kehtestatud ohutusstandardite j\u00e4rgimine v\u00e4hendab \u00f5nnetuste ja seadmete rikete ohtu. Tootjad peaksid tagama, et nende tooted vastavad rahvusvahelistele ohutusn\u00f5uetele, pakkudes operaatoritele meelerahu.<\/p>\n<h3>Hoolduse ligip\u00e4\u00e4setavus<\/h3>\n<p>Lihtsaks hoolduseks konstrueeritud noolesilindrid v\u00f5ivad seisakuid oluliselt v\u00e4hendada. Sellised omadused nagu eemaldatavad tihendid ja ligip\u00e4\u00e4setavad m\u00e4\u00e4rimispunktid h\u00f5lbustavad regulaarset kontrolli ja hooldust, mis on optimaalse j\u00f5udluse ja t\u00f6\u00f6kindluse s\u00e4ilitamiseks h\u00e4davajalikud.<\/p>\n<p><img decoding=\"async\" src=\"https:\/\/www.hydraulic-cylinders.net\/wp-content\/uploads\/2025\/04\/songte-oil-pipes-and-spare-parts.webp\" alt=\"H\u00fcdraulilised komponendid\" \/><\/p>\n<h2>Tihendus ja m\u00e4\u00e4rimine<\/h2>\n<p>T\u00f5hus tihendamine ja m\u00e4\u00e4rimine on poomi silindrite j\u00f5udluse seisukohalt \u00fcliolulised. H\u00fcdraulilise r\u00f5hu s\u00e4ilitamiseks ja lekete v\u00e4ltimiseks kasutatakse mitmesuguseid tihenduskomponente, sealhulgas kolvitihendeid ja vardatihendeid. Kulumiskindlatest materjalidest, n\u00e4iteks pol\u00fcuretaanist v\u00f5i nitriilkummist, valmistatud tihendite valimine suurendab vastupidavust. Lisaks parandab silindri korpuse ja keermestatud otste t\u00e4pne viimistlus kulumiskindlust, tagades pikaajalise j\u00f5udluse. Regulaarne m\u00e4\u00e4rimine h\u00fcdraulika\u00f5liga on oluline liikuvate osade h\u00f5\u00f5rdumise ja kulumise minimeerimiseks, mis aitab veelgi kaasa silindri pikaealisusele.<\/p>\n<h2>Regulaarne kontroll ja ennetavad hooldusmeetmed<\/h2>\n<ul>\n<li><strong>Regulaarsed kontrollid:<\/strong> Rutiinsete kontrollide l\u00e4biviimine on \u00fclioluline v\u00f5imalike probleemide tuvastamiseks enne nende s\u00fcvenemist. Kontrollige kulumism\u00e4rke, lekkeid ja \u00fcldist seisukorda, et tagada ballooni t\u00f5hus t\u00f6\u00f6.<\/li>\n<li><strong>\u00d5ige m\u00e4\u00e4rimine:<\/strong> Silindri piisav m\u00e4\u00e4rimine h\u00fcdraulika\u00f5liga aitab v\u00e4hendada komponentide h\u00f5\u00f5rdumist ja kulumist, pikendades silindri eluiga ja s\u00e4ilitades j\u00f5udluse.<\/li>\n<li><strong>Tihendi vahetamine:<\/strong> Hoolduse osana tehtav tihendite regulaarne vahetamine tagab h\u00fcdraulikavedeliku t\u00f5husa kogumise ja hoiab \u00e4ra lekked, mis v\u00f5ivad p\u00f5hjustada j\u00f5udlusprobleeme ja ohutusriske.<\/li>\n<\/ul>\n<h2>Paigaldusjuhised<\/h2>\n<p>Poomi silindrite \u00f5ige paigaldamine on optimaalse j\u00f5udluse saavutamiseks h\u00e4davajalik. Alustage silindri \u00f5ige joondamise tagamisest ekskavaatori kinnituspunktidega. Kasutage silindri kinnitamiseks sobivaid kinnitusklambreid, et v\u00e4ltida joondamise k\u00f5rvalekaldeid, mis v\u00f5ivad p\u00f5hjustada liigset kulumist v\u00f5i riket. Paigaldamise ajal on oluline j\u00e4rgida tootja spetsifikatsioone p\u00f6\u00f6rdemomendi s\u00e4tete kohta, et v\u00e4ltida komponentide kahjustamist. P\u00e4rast paigaldamist kontrollige h\u00fcdraulika\u00fchendusi lekete suhtes ja veenduge, et silinder t\u00f6\u00f6tab sujuvalt kogu oma liikumisulatuses. Kontrollige regulaarselt \u00f5iget joondamist ja kinnitage k\u00f5ik liitmikud, et s\u00e4ilitada j\u00f5udlus.<\/p>\n<h2>Levinumad hooldust\u00f6\u00f6d<\/h2>\n<h3>Regulaarsed tervisekontrollid<\/h3>\n<p>Sagedased kontrollid aitavad kulumist ja v\u00f5imalikke probleeme varakult tuvastada. Operaatorid peaksid kehtestama rutiini silindri kontrollimiseks h\u00fcdraulikavedeliku lekete, kahjustuste v\u00f5i ebanormaalsete kulumismustrite suhtes, tagades, et k\u00f5ik probleemid lahendatakse viivitamatult ja s\u00e4ilitatakse t\u00f6\u00f6 efektiivsus.<\/p>\n<h3>Sobiv m\u00e4\u00e4rimine<\/h3>\n<p>N\u00f5uetekohase m\u00e4\u00e4rimise s\u00e4ilitamine on poomi silindrite pikaealisuse tagamiseks kriitilise t\u00e4htsusega. Operaatorid peaksid tagama, et silindrit m\u00e4\u00e4ritakse regulaarselt sobiva h\u00fcdraulika\u00f5liga, keskendudes tihendite ja liikuvate osade heale m\u00e4\u00e4rimisele, et minimeerida h\u00f5\u00f5rdumist ja kulumist.<\/p>\n<h3>Tihendi vahetamine ja kalibreerimise kontrollimine<\/h3>\n<p>Tihendite regulaarne kontrollimine ja vahetamine on lekete v\u00e4ltimiseks ja h\u00fcdraulilise r\u00f5hu s\u00e4ilitamiseks h\u00e4davajalik. Kalibreerimiskontrollid tagavad, et silinder t\u00f6\u00f6tab kindlaksm\u00e4\u00e4ratud parameetrite piires, v\u00f5imaldades t\u00e4pseid liigutusi ja t\u00f5husat materjali k\u00e4itlemist. See ennetav hooldus on \u00fclioluline t\u00f6\u00f6 efektiivsuse s\u00e4ilitamiseks ja seadmete eluea pikendamiseks.<\/p>\n<p><img decoding=\"async\" src=\"https:\/\/www.hydraulic-cylinders.net\/wp-content\/uploads\/2025\/04\/songte-chushion-collar.webp\" alt=\"Padjakaelus\" \/><\/p>\n<h2>Ohutuskaalutlused ja keskkonnategurid<\/h2>\n<p>Poomi silindritega t\u00f6\u00f6tamisel on ohutusmeetmed \u00fcliolulised. Operaatorid peaksid j\u00e4rgima ohutusprotokolle, n\u00e4iteks kandma kaitsevarustust ja veenduma, et h\u00fcdros\u00fcsteem on enne hooldust\u00f6\u00f6de tegemist r\u00f5huvaba. Lisaks tuleb arvestada keskkonnakaalutlustega, n\u00e4iteks h\u00fcdraulikavedelike n\u00f5uetekohane utiliseerimine ja seadmete hooldamine, et v\u00e4ltida lekkeid, mis v\u00f5ivad keskkonda kahjustada. Need tavad mitte ainult ei suurenda ohutust, vaid edendavad ka tegevuse j\u00e4tkusuutlikkust.<\/p>\n<h2>Veaotsing ja levinud probleemid<\/h2>\n<ul>\n<li><strong>Vedeliku lekked:<\/strong> \u00dcks levinumaid probleeme poomi silindritega on vedeliku leke. Selle p\u00f5hjuseks v\u00f5ivad sageli olla kulunud tihendid. Tihendite regulaarne kontrollimine ja vahetamine aitab seda probleemi v\u00e4ltida.<\/li>\n<li><strong>Ebapiisav pikendamine v\u00f5i tagasit\u00f5mbamine:<\/strong> Kui silinder ei ulatu t\u00e4ielikult v\u00e4lja ega t\u00f5mbu sisse, v\u00f5ib see olla tingitud madalast h\u00fcdraulikavedeliku tasemest v\u00f5i s\u00fcsteemis olevast \u00f5hust. H\u00fcdraulikavedeliku taseme kontrollimine ja s\u00fcsteemi \u00f5hutamine v\u00f5ivad selle probleemi lahendada.<\/li>\n<li><strong>Ebatavalised helid:<\/strong> Ebatavalised helid t\u00f6\u00f6tamise ajal v\u00f5ivad viidata sisemistele kahjustustele v\u00f5i eba\u00f5igele m\u00e4\u00e4rimisele. Nende helide \u00f5igeaegne uurimine aitab v\u00e4ltida silindri edasist kahjustamist.<\/li>\n<\/ul>\n<h2>Ennetavad meetmed<\/h2>\n<p>Ennetavate meetmete rakendamine on oluline noolesilindrite probleemide t\u00f5en\u00e4osuse v\u00e4hendamiseks. Regulaarsed hooldusgraafikud, sealhulgas \u00fclevaatused ja m\u00e4\u00e4rimine, aitavad probleeme varakult tuvastada. Operaatorite koolitamine kulumise v\u00f5i rikete m\u00e4rke \u00e4ra tundma aitab potentsiaalseid probleeme veelgi minimeerida. Lisaks saab hooldusvajaduste kohta usaldusv\u00e4\u00e4rse aruandluss\u00fcsteemi loomisega tagada \u00f5igeaegse sekkumise, s\u00e4ilitades seadmete funktsionaalsuse ja ohutuse.<\/p>\n<p><img decoding=\"async\" src=\"https:\/\/www.hydraulic-cylinders.net\/wp-content\/uploads\/2025\/04\/songte-bushings-with-all-kinds-of-excavator-models.webp\" alt=\"Ekskavaatorimudelite puksid\" \/><\/p>\n<h2>Meie ettev\u00f5ttest<\/h2>\n<p>Oleme juhtiv asendush\u00fcdrauliliste silindrite tootja, pakkudes laia tootevalikut, mis teeb meist \u00fche juhtiva tootja ja hulgim\u00fc\u00fcja nii sise- kui ka rahvusvahelistel turgudel. Meie p\u00fchendumus tipptasemele ajendab meid rakendama t\u00e4iustatud tootmisstrateegiaid, kasutades t\u00e4iustatud tehnoloogiat ja spetsiaalseid testimiss\u00fcsteeme oma tootmisv\u00f5imaluste suurendamiseks. Meie tugev loominguline v\u00f5imekus v\u00f5imaldab meil t\u00e4ita klientide mitmekesiseid n\u00f5udmisi suure t\u00f5hususega, t\u00e4psuse ja kvaliteediga.<\/p>\n<p>Oleme uhked oma professionaalsuse \u00fcle ja omame rahvusvahelisi sertifikaate, mis peegeldavad meie p\u00fchendumust kvaliteedile. Meie kohandatavad teenused vastavad klientide konkreetsetele vajadustele, tagades, et nad saavad t\u00e4pselt need tooted, mida nad vajavad. Meie tipptasemel tootmisseadmed v\u00f5imaldavad meil s\u00e4ilitada tootmisprotsessides k\u00f5rgeid standardeid, tagades k\u00f5igi toodete \u00fchtlase kvaliteedi. Lisaks tagab meie p\u00fchendunud m\u00fc\u00fcgij\u00e4rgne teenindus klientide rahulolu ja toe kogu toote eluts\u00fckli v\u00e4ltel.<\/p>\n<p><img decoding=\"async\" src=\"https:\/\/www.hydraulic-cylinders.net\/wp-content\/uploads\/2025\/04\/songte-company-4.webp\" alt=\"Ettev\u00f5tte \u00fclevaade\" \/><br \/>\n<img decoding=\"async\" src=\"https:\/\/www.hydraulic-cylinders.net\/wp-content\/uploads\/2025\/04\/songte-company-3.webp\" alt=\"Ettev\u00f5tte rajatis\" \/><\/p>\n<p>Autor: lyl<\/p>","protected":false},"excerpt":{"rendered":"<p>Boom Cylinder For Xinyuan Wheel Excavator XY75W-8-9 Introduction to Boom Cylinders The boom cylinder is a vital component in hydraulic systems used in heavy machinery, specifically designed to control the movement of the boom of excavators, backhoe loaders, and front loaders. This hydraulic cylinder is responsible for lifting, lowering, and tilting the boom, thus facilitating [&hellip;]<\/p>","protected":false},"featured_media":17875,"comment_status":"open","ping_status":"closed","template":"","meta":{"_et_pb_use_builder":"","_et_pb_old_content":"","_et_gb_content_width":""},"product_brand":[],"product_cat":[1546],"product_tag":[1547,1496],"class_list":{"0":"post-19597","1":"product","2":"type-product","3":"status-publish","4":"has-post-thumbnail","6":"product_cat-boom-cylinders","7":"product_tag-boom-cylinders","8":"product_tag-hydraulic-cylinders","10":"first","11":"instock","12":"shipping-taxable","13":"product-type-simple"},"amp_enabled":true,"_links":{"self":[{"href":"https:\/\/www.hydraulic-cylinders.net\/et\/wp-json\/wp\/v2\/product\/19597","targetHints":{"allow":["GET"]}}],"collection":[{"href":"https:\/\/www.hydraulic-cylinders.net\/et\/wp-json\/wp\/v2\/product"}],"about":[{"href":"https:\/\/www.hydraulic-cylinders.net\/et\/wp-json\/wp\/v2\/types\/product"}],"replies":[{"embeddable":true,"href":"https:\/\/www.hydraulic-cylinders.net\/et\/wp-json\/wp\/v2\/comments?post=19597"}],"wp:featuredmedia":[{"embeddable":true,"href":"https:\/\/www.hydraulic-cylinders.net\/et\/wp-json\/wp\/v2\/media\/17875"}],"wp:attachment":[{"href":"https:\/\/www.hydraulic-cylinders.net\/et\/wp-json\/wp\/v2\/media?parent=19597"}],"wp:term":[{"taxonomy":"product_brand","embeddable":true,"href":"https:\/\/www.hydraulic-cylinders.net\/et\/wp-json\/wp\/v2\/product_brand?post=19597"},{"taxonomy":"product_cat","embeddable":true,"href":"https:\/\/www.hydraulic-cylinders.net\/et\/wp-json\/wp\/v2\/product_cat?post=19597"},{"taxonomy":"product_tag","embeddable":true,"href":"https:\/\/www.hydraulic-cylinders.net\/et\/wp-json\/wp\/v2\/product_tag?post=19597"}],"curies":[{"name":"wp","href":"https:\/\/api.w.org\/{rel}","templated":true}]}}