{"id":19605,"date":"2025-04-07T06:57:03","date_gmt":"2025-04-07T06:57:03","guid":{"rendered":"https:\/\/www.hydraulic-cylinders.net\/product\/boom-cylinder-for-volwa-small-excavator-dls815-9\/"},"modified":"2025-04-07T06:57:05","modified_gmt":"2025-04-07T06:57:05","slug":"boom-cylinder-for-volwa-small-excavator-dls815-9","status":"publish","type":"product","link":"https:\/\/www.hydraulic-cylinders.net\/et\/toode\/boom-cylinder-for-volwa-small-excavator-dls815-9\/","title":{"rendered":"Volwa v\u00e4ikese ekskavaatori DLS815-9 poomi silinder"},"content":{"rendered":"<h1>Volwa v\u00e4ikese ekskavaatori DLS815-9 poomi silinder<\/h1>\n<h2>Sissejuhatus poomi silindritesse<\/h2>\n<p>Noole silinder on h\u00fcdros\u00fcsteemide oluline komponent, eriti rasketes masinates, nagu ekskavaatorid, kopalaadurid ja esilaadurid. See h\u00fcdrosilinder juhib noolehoova liikumist, v\u00f5imaldades sellel t\u00f5sta, langetada ja kallutada, h\u00f5lbustades seel\u00e4bi mitmesuguseid materjali k\u00e4itlemise \u00fclesandeid. Kopa silinder on spetsiaalselt loodud nende masinate k\u00fclge kinnitatud kopa t\u00f6\u00f6 juhtimiseks. See t\u00f6\u00f6tab t\u00f5husalt k\u00f5rgsurve tingimustes ja on oluline selliste \u00fclesannete jaoks nagu kaevamine, t\u00f5stmine ja materjalide, n\u00e4iteks pinnase v\u00f5i prahi, teisaldamine.<\/p>\n<p><img decoding=\"async\" src=\"https:\/\/www.hydraulic-cylinders.net\/wp-content\/uploads\/2025\/04\/songte-company-1.webp\" alt=\"Poomi silinder\"><\/p>\n<h2>Poomi silindri p\u00f5hijooned<\/h2>\n<ul>\n<li><strong>Suur tugevus ja vastupidavus:<\/strong> K\u00f5rgtugevast terasest v\u00f5i alumiiniumist valmistatud silinder talub k\u00f5rget r\u00f5hku ja suuri koormusi, mist\u00f5ttu sobib see karmidesse t\u00f6\u00f6keskkondadesse.<\/li>\n<li><strong>T\u00f5hus h\u00fcdrauliline t\u00f6\u00f6:<\/strong> Kasutab h\u00fcdraulika\u00f5li r\u00f5hku sujuva pikenduse ja tagasit\u00f5mbamise tagamiseks, reageerides kiiresti juhtimisk\u00e4sklustele ja pakkudes samal ajal m\u00e4rkimisv\u00e4\u00e4rset t\u00f5uke- ja t\u00f5mbej\u00f5udu.<\/li>\n<li><strong>Erinevad t\u00fc\u00fcbid:<\/strong> Saadaval \u00fche- v\u00f5i kahetoimelise konfiguratsioonina, et rahuldada erinevaid t\u00f6\u00f6vajadusi. M\u00f5ned mudelid on teleskoopilised, mis v\u00f5imaldab suuremat pikendamist ilma v\u00e4lism\u00f5\u00f5tmeid suurendamata.<\/li>\n<li><strong>Hoolduss\u00f5bralik disain:<\/strong> Loodud hoolduse lihtsust silmas pidades, tagades pikaealisuse ja t\u00f6\u00f6kindluse.<\/li>\n<li><strong>Korrosioonikindlus:<\/strong> Rooste ja kulumise eest kaitsmiseks kantakse peale spetsiaalsed katted, mis pikendavad h\u00fcdrosilindri eluiga.<\/li>\n<\/ul>\n<p>Meie ettev\u00f5te on spetsialiseerunud poomisilindrite tootmisele, mis asendavad ideaalselt olemasolevaid h\u00fcdraulilisi silindreid erinevates rakendustes.<\/p>\n<p><img decoding=\"async\" src=\"https:\/\/www.hydraulic-cylinders.net\/wp-content\/uploads\/2025\/04\/songte-cylinder-head-with-all-kinds-excavator-models.webp\" alt=\"Ekskavaatori mudelid\"><\/p>\n<h2>Poomi silindrite rakendused<\/h2>\n<h3>Ehitustehnika<\/h3>\n<p>Ekskavaatorites on noolesilindrid olulised kaevamiseks, laadimiseks ja pinnase v\u00f5i prahi teisaldamiseks. Nende pakutav t\u00e4pne juhtimine v\u00f5imaldab operaatoritel t\u00e4ita \u00fclesandeid suure t\u00e4psusega, suurendades \u00fcldist tootlikkust ehitusplatsidel. Lisaks aitavad need silindrid ekskavaator-laadurites nii kaevamis- kui ka t\u00f5stet\u00f6\u00f6del, muutes need hindamatuks mitmek\u00fclgseteks ehitusrakendusteks.<\/p>\n<h3>P\u00f5llumajandustehnika<\/h3>\n<p>Esilaadurites kasutatakse noolesilindreid mulla, heina ja muude materjalide kopeerimiseks, t\u00f5stmiseks ja transportimiseks. Nende vastupidav konstruktsioon tagab, et need saavad hakkama p\u00f5llumajandust\u00f6\u00f6de koormusega, pakkudes usaldusv\u00e4\u00e4rset j\u00f5udlust \u00fclesannetes, mis on p\u00f5llumajandustegevuse jaoks \u00fcliolulised. Materjalide k\u00e4itlemise t\u00f5hus haldamine parandab \u00fcldist p\u00f5llumajandustootlikkust ja tegevuse efektiivsust.<\/p>\n<h3>Ekskavaatorid<\/h3>\n<p>Ekskavaatorites v\u00f5imaldab noole silinder kopal pinnasesse tungida, h\u00f5lbustades t\u00f5husat kaevamist. H\u00fcdrauliline t\u00e4psus v\u00f5imaldab s\u00fcgavuse kontrolli ja t\u00e4psust, mis on oluline ehitus- ja haljastusprojektide puhul, kus detail on kriitilise t\u00e4htsusega. Noole silindri reageerimisv\u00f5ime parandab operaatori kontrolli masina \u00fcle, mis viib kaevamisprojektide paremate tulemusteni.<\/p>\n<h3>Laadurid<\/h3>\n<p>Esilaadurites aitavad noolesilindrid koormaid t\u00f5husalt t\u00f5sta ja t\u00fchjendada. Need pakuvad vajalikku j\u00f5udu raskete materjalide t\u00f5stmiseks, tagades, et operaatorid saavad t\u00f5husalt hallata selliseid \u00fclesandeid nagu veoautode laadimine v\u00f5i materjalide teisaldamine t\u00f6\u00f6kohal. Nende vastupidavus ja t\u00f6\u00f6kindlus muudavad need oluliseks komponendiks erinevates laadimisrakendustes.<\/p>\n<h2>Projekteerimiskaalutlused ja valikukriteeriumid<\/h2>\n<h3>Kandev\u00f5ime<\/h3>\n<p>Noole silindri valimisel on \u00fclioluline m\u00f5ista selle kandev\u00f5imet. Silinder peab suutma taluda t\u00f6\u00f6 k\u00e4igus eeldatavat maksimaalset koormust, ilma et see ohustaks ohutust. Tootjad esitavad sageli \u00fcksikasjalikke spetsifikatsioone, mis aitavad kasutajatel silindrit oma masinaga sobitada, tagades, et see vastab t\u00f6\u00f6 n\u00f5uetele.<\/p>\n<h3>Tihendusmehhanismid<\/h3>\n<p>T\u00f5hus tihendamine on h\u00fcdrauliliste silindrite pikaealisuse ja j\u00f5udluse jaoks \u00fclioluline. Tihendite, n\u00e4iteks kolvi- ja varrastihendite valikul tuleb arvestada t\u00f6\u00f6tingimustega. Vastupidavatest materjalidest, n\u00e4iteks pol\u00fcuretaanist v\u00f5i nitriilkummist, valmistatud tihendid parandavad j\u00f5udlust ja v\u00e4hendavad hooldusvajadust, hoides samal ajal \u00e4ra vedeliku lekkeid, mis v\u00f5ivad p\u00f5hjustada j\u00f5udlusprobleeme.<\/p>\n<h3>Vastupidavus<\/h3>\n<p>Vastupidavus on noolesilindrite disainimisel v\u00f5tmetegur. Need peavad vastu pidama karmidele keskkonnatingimustele ja raske kasutusega kaasnevale kulumisele. Tootjad keskenduvad suure kulumiskindluse, korrosioonivastaste katete ja vastupidava konstruktsiooniga silindrite loomisele, et tagada pikk kasutusiga ja minimaalne seisakuaeg t\u00f6\u00f6 ajal.<\/p>\n<h3>Turvaelemendid<\/h3>\n<p>H\u00fcdraulilistes s\u00fcsteemides on ohutus esmat\u00e4htis. Silindrid peavad sisaldama selliseid funktsioone nagu \u00fcler\u00f5huventiilid, et v\u00e4ltida \u00fclekoormust ja v\u00f5imalikke rikkeid. Lisaks aitavad vastupidav konstruktsioon ja detailidele t\u00e4helepanu p\u00f6\u00f6ramine disainis v\u00e4ltida \u00f5nnetusi ja tagada usaldusv\u00e4\u00e4rse t\u00f6\u00f6, mist\u00f5ttu on ohutus valikuprotsessis kriitilise t\u00e4htsusega komponent.<\/p>\n<h3>Hooldatavus<\/h3>\n<p>Hea disain arvestab hoolduse lihtsusega, v\u00f5imaldades kiireid kontrolle ja remonte. See h\u00f5lmab funktsioone, mis h\u00f5lbustavad tihendite ja muude komponentide vahetamist ilma ulatusliku lahtiv\u00f5tmiseta. Regulaarne hooldus on oluline h\u00fcdrauliliste silindrite t\u00f5husa t\u00f6\u00f6 tagamiseks, seega aitab seda toetav disain pikendada seadmete eluiga.<\/p>\n<p><img decoding=\"async\" src=\"https:\/\/www.hydraulic-cylinders.net\/wp-content\/uploads\/2025\/04\/songte-oil-pipes-and-spare-parts.webp\" alt=\"\u00d5litorud ja varuosad\"><\/p>\n<h2>Poomi silindrite tihendamine ja m\u00e4\u00e4rimine<\/h2>\n<p>Poomi silindrite tihendamine ja m\u00e4\u00e4rimine on nende t\u00f5husa t\u00f6\u00f6 tagamiseks kriitilise t\u00e4htsusega. H\u00fcdraulilise r\u00f5hu s\u00e4ilitamiseks ja vedeliku lekke v\u00e4ltimiseks kasutatakse mitmesuguseid tihenduskomponente, n\u00e4iteks kolvitihendeid ja vardatihendeid. Vastupidavatest materjalidest, n\u00e4iteks pol\u00fcuretaanist v\u00f5i nitriilkummist, valmistatud tihendite valimine v\u00f5ib silindri eluiga oluliselt pikendada.<\/p>\n<p>Lisaks on silindri korpus ja keermestatud otsapinnad kulumiskindluse parandamiseks hoolikalt t\u00f6\u00f6deldud. Regulaarne h\u00fcdraulika\u00f5liga m\u00e4\u00e4rimine on vajalik tihendite n\u00f5uetekohaseks toimimiseks ja h\u00f5\u00f5rdumisest tingitud kulumise v\u00e4ltimiseks. See h\u00f5lmab h\u00fcdraulika\u00f5li perioodilisi kontrolle ja lisamisi optimaalse j\u00f5udluse s\u00e4ilitamiseks.<\/p>\n<h2>Ennetavad hooldusmeetmed<\/h2>\n<ul>\n<li><strong>Regulaarsed kontrollid:<\/strong> H\u00fcdrosilindri sagedane visuaalne ja funktsionaalne kontroll aitab potentsiaalseid probleeme varakult tuvastada. Otsige kulumise, lekete v\u00f5i kahjustuste m\u00e4rke.<\/li>\n<li><strong>\u00d5ige m\u00e4\u00e4rimine:<\/strong> Veenduge, et h\u00fcdraulika\u00f5li tase on soovituslikul tasemel ja saastevaba. N\u00f5uetekohane m\u00e4\u00e4rimine aitab v\u00e4ltida enneaegset kulumist ja s\u00e4ilitada j\u00f5udlust.<\/li>\n<li><strong>Tihendi vahetamine:<\/strong> Kontrollige regulaarselt tihendite kulumist ja vajadusel vahetage need v\u00e4lja. See on \u00fclioluline h\u00fcdraulilise r\u00f5hu s\u00e4ilitamiseks ja lekete v\u00e4ltimiseks.<\/li>\n<\/ul>\n<h2>Poomi silindrite paigaldusjuhised<\/h2>\n<p>Poomi silindrite \u00f5ige paigaldamine on optimaalse j\u00f5udluse ja ohutuse tagamiseks h\u00e4davajalik. Alustage veendumisest, et silinder on kinnituspunktidega \u00f5igesti joondatud. Kasutage silindri kinnitamiseks sobivaid kinnitusklambreid, v\u00e4ltides joondamise puudumist, mis v\u00f5ib p\u00f5hjustada enneaegset kulumist v\u00f5i riket.<\/p>\n<p>Kindla kinnituse tagamiseks on oluline j\u00e4rgida tootja spetsifikatsioone p\u00f6\u00f6rdemomentide s\u00e4tete ja kokkupanekuprotseduuride kohta. Paigaldamise ajal p\u00f6\u00f6rake t\u00e4helepanu h\u00fcdrauliliste \u00fchenduste lekkevabale ja korralikult kinnitatud olemisele. P\u00e4rast paigaldamist \u00f5hutage h\u00fcdraulikas\u00fcsteemi, et eemaldada \u00f5humullid, mis v\u00f5ivad j\u00f5udlust negatiivselt m\u00f5jutada.<\/p>\n<p>L\u00f5puks tehke p\u00f5hjalik t\u00f6\u00f6katse, et veenduda ballooni sujuvas ja t\u00f5husas t\u00f6\u00f6s ning kinnitada k\u00f5igi ohutusfunktsioonide etten\u00e4htud funktsioneerimist.<\/p>\n<h2>Levinumad hooldust\u00f6\u00f6d<\/h2>\n<ul>\n<li><strong>Regulaarsed kontrollid:<\/strong> Kontrollige regulaarselt poomi silindrit kulumis- ja v\u00f5imalike rikete suhtes. Probleemide varajane avastamine aitab v\u00e4ltida kulukaid remondit\u00f6id ja seisakuid.<\/li>\n<li><strong>\u00d5ige m\u00e4\u00e4rimine:<\/strong> Veenduge, et h\u00fcdraulikas\u00fcsteem on korralikult m\u00e4\u00e4ritud, kontrollides \u00f5litaset ja lisades \u00f5li vastavalt vajadusele. N\u00f5uetekohane m\u00e4\u00e4rimine v\u00e4hendab h\u00f5\u00f5rdumist ja pikendab silindri eluiga.<\/li>\n<li><strong>Tihendi vahetamine:<\/strong> J\u00e4lgige tihendite kulumist ja vajadusel vahetage need v\u00e4lja. Kulunud tihendid v\u00f5ivad p\u00f5hjustada lekkeid, mis kahjustavad h\u00fcdros\u00fcsteemi efektiivsust ja ohutust.<\/li>\n<\/ul>\n<p>Iga hooldust\u00f6\u00f6 on \u00fclioluline poomi silindri pikaealisuse ja efektiivsuse maksimeerimiseks. N\u00f5uetekohane paigaldus, m\u00e4\u00e4rimine ja reguleerimine m\u00e4ngivad j\u00f5udluses olulist rolli.<\/p>\n<p><img decoding=\"async\" src=\"https:\/\/www.hydraulic-cylinders.net\/wp-content\/uploads\/2025\/04\/songte-chushion-collar.webp\" alt=\"Padjakaelus\"><\/p>\n<h2>Ohutuskaalutlused ja keskkonnategurid<\/h2>\n<p>Poomisilindrite kasutamisel on ohutusmeetmete rakendamine \u00fclioluline. Operaatorid peaksid alati kandma sobivaid isikukaitsevahendeid (IKV) ja enne t\u00f6\u00f6 alustamist veenduma, et k\u00f5ik seadmed t\u00f6\u00f6tavad korralikult. T\u00f6\u00f6\u00f5nnetuste ja vigastuste v\u00e4ltimiseks on oluline j\u00e4rgida ohutusjuhiseid.<\/p>\n<p>Lisaks on oluline tegeleda keskkonnateguritega. H\u00fcdrauliliste vedelike ja kulunud komponentide n\u00f5uetekohane k\u00f5rvaldamine kaitseb keskkonda ja edendab j\u00e4tkusuutlikkust. T\u00f5husate j\u00e4\u00e4tmek\u00e4itlusstrateegiate rakendamine h\u00fcdraulilistes operatsioonides tagab keskkonnan\u00f5uete j\u00e4rgimise ja peegeldab ettev\u00f5tte vastutust.<\/p>\n<h2>Rikete diagnoosimine ja levinud probleemid<\/h2>\n<ul>\n<li><strong>Leke:<\/strong> \u00dcks levinumaid probleeme, millega h\u00fcdraulilised silindrid kokku puutuvad, on leke. See v\u00f5ib tuleneda kulunud tihenditest v\u00f5i kahjustatud liitmikest. Regulaarne kontroll aitab seda probleemi varakult avastada.<\/li>\n<li><strong>R\u00f5huprobleemid:<\/strong> Ebapiisav v\u00f5i liigne r\u00f5hk v\u00f5ib p\u00f5hjustada t\u00f6\u00f6h\u00e4ireid. R\u00f5hutaseme j\u00e4lgimine ja selle kindlaksm\u00e4\u00e4ratud piirides p\u00fcsimise tagamine on usaldusv\u00e4\u00e4rse t\u00f6\u00f6 tagamiseks \u00fclioluline.<\/li>\n<li><strong>J\u00f5udluse halvenemine:<\/strong> Aja jooksul v\u00f5ib h\u00fcdrosilindrite j\u00f5udlus kulumise t\u00f5ttu v\u00e4heneda. Regulaarne hooldus ja \u00f5igeaegne vahetamine aitavad seda probleemi leevendada.<\/li>\n<\/ul>\n<p>Nende probleemide kiire lahendamine on h\u00fcdraulikas\u00fcsteemide t\u00f5hususe ja ohutuse s\u00e4ilitamiseks h\u00e4davajalik.<\/p>\n<h2>Veaotsingu n\u00e4pun\u00e4ited ja ennetavad meetmed<\/h2>\n<p>Poomi silindrite probleemide t\u00f5husaks diagnoosimiseks ja lahendamiseks on oluline regulaarselt kontrollida ja j\u00f5udlust t\u00e4helepanelikult j\u00e4lgida. Lekete korral veenduge, et k\u00f5ik tihendid ja liitmikud on heas seisukorras, ning vahetage k\u00f5ik kulunud komponendid viivitamatult v\u00e4lja.<\/p>\n<p>R\u00f5huga seotud probleemide korral kontrollige h\u00fcdraulikavedeliku taset ja h\u00fcdraulikapumba seisukorda. \u00d5ige vedeliku taseme hoidmine on optimaalse j\u00f5udluse tagamiseks h\u00e4davajalik. Lisaks tagab regulaarse hooldusgraafiku rakendamine, et potentsiaalsed probleemid lahendatakse enne nende s\u00fcvenemist.<\/p>\n<p>L\u00f5puks v\u00f5ib operaatorite koolitamine n\u00f5uetekohase kasutamise ja hoolduse osas oluliselt v\u00e4hendada probleemide tekkimise riski, mis viib \u00fcldiselt t\u00f5husama t\u00f6\u00f6ni.<\/p>\n<p><img decoding=\"async\" src=\"https:\/\/www.hydraulic-cylinders.net\/wp-content\/uploads\/2025\/04\/songte-bushings-with-all-kinds-of-excavator-models.webp\" alt=\"Puksidega ekskavaatorimudelid\"><\/p>\n<h2>Meie ettev\u00f5ttest<\/h2>\n<p>Oleme juhtiv h\u00fcdrosilindrite tootja, mis on spetsialiseerunud kvaliteetsete asendusv\u00f5imaluste pakkumisele erinevatele masinatele. Meie lai tootevalik ja p\u00fchendumus tipptasemele on positsioneerinud meid tipptootja ja hulgim\u00fc\u00fcjana nii sise- kui ka rahvusvahelistel turgudel. J\u00e4rgime rangeid kvaliteedistandardeid, kasutades t\u00e4iustatud tootmistavasid ja oskuslikku t\u00f6\u00f6j\u00f5udu, et tagada meie toodete vastavus k\u00f5rgeimatele t\u00f6\u00f6stusharu ootustele.<\/p>\n<p>Meie rahvusvahelised sertifikaadid kinnitavad meie p\u00fchendumust kvaliteedile ja ohutusele ning meie kohandamisteenused v\u00f5imaldavad meil rahuldada klientide erivajadusi. Investeerime pidevalt kaasaegsetesse tootmisseadmetesse ja kvaliteedikontrollis\u00fcsteemidesse, et parandada oma tootmisv\u00f5imalusi.<\/p>\n<p>Suurep\u00e4rase m\u00fc\u00fcgij\u00e4rgse toega tagame oma klientidele igak\u00fclgse abi ja hooldusn\u00f5ustamise, mis aitab neil oma h\u00fcdraulikas\u00fcsteemide j\u00f5udlust ja pikaealisust maksimeerida.<\/p>\n<p><img decoding=\"async\" src=\"https:\/\/www.hydraulic-cylinders.net\/wp-content\/uploads\/2025\/04\/songte-company-4.webp\" alt=\"Ettev\u00f5tte \u00fclevaade\"><br \/>\n<img decoding=\"async\" src=\"https:\/\/www.hydraulic-cylinders.net\/wp-content\/uploads\/2025\/04\/songte-company-3.webp\" alt=\"Ettev\u00f5tte tootmis\u00fcksus\"><\/p>\n<p>Autor: lyl<\/p>","protected":false},"excerpt":{"rendered":"<p>Boom Cylinder For Volwa Small Excavator DLS815-9 Introduction to Boom Cylinders The boom cylinder is a crucial component in hydraulic systems, particularly in heavy machinery such as excavators, backhoes, and front loaders. This hydraulic cylinder controls the movement of the boom arm, enabling it to lift, lower, and tilt, thereby facilitating various material handling tasks. [&hellip;]<\/p>","protected":false},"featured_media":17868,"comment_status":"open","ping_status":"closed","template":"","meta":{"_et_pb_use_builder":"","_et_pb_old_content":"","_et_gb_content_width":""},"product_brand":[],"product_cat":[1546],"product_tag":[1547,1496],"class_list":{"0":"post-19605","1":"product","2":"type-product","3":"status-publish","4":"has-post-thumbnail","6":"product_cat-boom-cylinders","7":"product_tag-boom-cylinders","8":"product_tag-hydraulic-cylinders","10":"first","11":"instock","12":"shipping-taxable","13":"product-type-simple"},"amp_enabled":true,"_links":{"self":[{"href":"https:\/\/www.hydraulic-cylinders.net\/et\/wp-json\/wp\/v2\/product\/19605","targetHints":{"allow":["GET"]}}],"collection":[{"href":"https:\/\/www.hydraulic-cylinders.net\/et\/wp-json\/wp\/v2\/product"}],"about":[{"href":"https:\/\/www.hydraulic-cylinders.net\/et\/wp-json\/wp\/v2\/types\/product"}],"replies":[{"embeddable":true,"href":"https:\/\/www.hydraulic-cylinders.net\/et\/wp-json\/wp\/v2\/comments?post=19605"}],"wp:featuredmedia":[{"embeddable":true,"href":"https:\/\/www.hydraulic-cylinders.net\/et\/wp-json\/wp\/v2\/media\/17868"}],"wp:attachment":[{"href":"https:\/\/www.hydraulic-cylinders.net\/et\/wp-json\/wp\/v2\/media?parent=19605"}],"wp:term":[{"taxonomy":"product_brand","embeddable":true,"href":"https:\/\/www.hydraulic-cylinders.net\/et\/wp-json\/wp\/v2\/product_brand?post=19605"},{"taxonomy":"product_cat","embeddable":true,"href":"https:\/\/www.hydraulic-cylinders.net\/et\/wp-json\/wp\/v2\/product_cat?post=19605"},{"taxonomy":"product_tag","embeddable":true,"href":"https:\/\/www.hydraulic-cylinders.net\/et\/wp-json\/wp\/v2\/product_tag?post=19605"}],"curies":[{"name":"wp","href":"https:\/\/api.w.org\/{rel}","templated":true}]}}