{"id":19608,"date":"2025-04-07T06:57:10","date_gmt":"2025-04-07T06:57:10","guid":{"rendered":"https:\/\/www.hydraulic-cylinders.net\/product\/boom-cylinder-for-volwa-middle-excavator-dls200-8b\/"},"modified":"2025-04-07T06:57:13","modified_gmt":"2025-04-07T06:57:13","slug":"boom-cylinder-for-volwa-middle-excavator-dls200-8b","status":"publish","type":"product","link":"https:\/\/www.hydraulic-cylinders.net\/et\/toode\/boom-cylinder-for-volwa-middle-excavator-dls200-8b\/","title":{"rendered":"Volwa keskmise ekskavaatori DLS200-8B poomi silinder"},"content":{"rendered":"<h1>Volwa keskmise ekskavaatori DLS200-8B poomi silinder<\/h1>\n<h2>Kopasilindri m\u00e4\u00e4ratlus<\/h2>\n<p>Noole silinder, tuntud ka kui kopa silinder, on h\u00fcdraulikas\u00fcsteemide oluline komponent, mis on spetsiaalselt loodud erinevate rasketehnika koppade, n\u00e4iteks ekskavaatorite, laadur-ekskavaatoritel ja esilaaduritel, liikumise juhtimiseks. See h\u00fcdraulika silinder v\u00f5imaldab kopal t\u00f5sta, langetada ja kallutada, h\u00f5lbustades t\u00f5husaid materjalik\u00e4itlust\u00f6id. Kopa silinder m\u00e4ngib olulist rolli nende masinate t\u00f6\u00f6 efektiivsuse parandamisel, v\u00f5imaldades neil t\u00e4ita keerulisi kaevamis-, t\u00f5stmis- ja transportimisfunktsioone.<\/p>\n<p>Tavaliselt on kopa silinder valmistatud \u00fclitugevatest materjalidest, et see taluks rasketes rakendustes esinevaid n\u00f5udlikke tingimusi. Selle disain keskendub vastupidavusele, tagades, et see talub t\u00f6\u00f6tamise ajal esinevaid suuri r\u00f5hke ja koormusi. Oma p\u00f5hifunktsiooni t\u00f5ttu on kopa silinder konstrueeritud sujuvate ja kontrollitud liikumiste tagamiseks, v\u00f5imaldades materjalide t\u00e4pset k\u00e4sitsemist ehitusplatsidel ja muudes t\u00f6\u00f6stuslikes keskkondades.<\/p>\n<p><img decoding=\"async\" src=\"https:\/\/www.hydraulic-cylinders.net\/wp-content\/uploads\/2025\/04\/songte-company-1.webp\" alt=\"Poomi silindri pilt\"><\/p>\n<h2>Poomi silindri omadused<\/h2>\n<ul>\n<li>\n<h3>Suur tugevus ja vastupidavus<\/h3>\n<p>Tavaliselt \u00fclitugevast terasest v\u00f5i alumiiniumist valmistatud poomi silinder on konstrueeritud taluma k\u00f5rget r\u00f5hku ja suuri koormusi. Selle konstruktsioon arvestab kulumiskindluse ja korrosioonikindlusega, mis pikendab selle eluiga isegi karmides t\u00f6\u00f6keskkondades.<\/p>\n<\/li>\n<li>\n<h3>T\u00f5hus h\u00fcdrauliline t\u00f6\u00f6<\/h3>\n<p>H\u00fcdraulilise \u00f5li r\u00f5hu abil saavutab poomi silinder sujuva pikenemise ja tagasit\u00f5mbumise. See v\u00f5imaldab kiiret reageerimist juhtimisk\u00e4sklustele, pakkudes samal ajal m\u00e4rkimisv\u00e4\u00e4rset t\u00f5uke- ja t\u00f5mbej\u00f5udu, muutes selle sobivaks raskete esemete ja keerukate \u00fclesannete k\u00e4sitsemiseks.<\/p>\n<\/li>\n<li>\n<h3>Mitmekesised t\u00fc\u00fcbid<\/h3>\n<p>Poomi silindrit saab valida kas \u00fchetoimelisena (kasutades h\u00fcdraulilist r\u00f5hku \u00fches suunas) v\u00f5i kahetoimelisena (kasutades h\u00fcdraulilist r\u00f5hku m\u00f5lemas suunas), et see vastaks erinevatele t\u00f6\u00f6vajadustele. Teatud mudelid on teleskoopilised, mis v\u00f5imaldab suuremat pikendust ilma v\u00e4lism\u00f5\u00f5tmeid suurendamata, mist\u00f5ttu need sobivad ideaalselt ruumikitsastes rakendustes.<\/p>\n<\/li>\n<\/ul>\n<p>Meie ettev\u00f5te on v\u00f5imeline seda toodet tootma ja meie tooted suudavad neid h\u00fcdrosilindreid ideaalselt asendada.<\/p>\n<p><img decoding=\"async\" src=\"https:\/\/www.hydraulic-cylinders.net\/wp-content\/uploads\/2025\/04\/songte-cylinder-head-with-all-kinds-excavator-models.webp\" alt=\"Ekskavaatori mudelid\"><\/p>\n<h2>H\u00fcdraulilise silindri rakendused<\/h2>\n<ul>\n<li>\n<h3>Ehitustehnika<\/h3>\n<p>Ekskavaatorites on noolesilindrid olulised kaevamiseks, laadimiseks ja pinnase v\u00f5i prahi teisaldamiseks. Need v\u00f5imaldavad kopal t\u00f5husalt pinnasesse tungida, v\u00f5imaldades t\u00f5husat kaevamist ja materjali k\u00e4itlemist. Ekskavaator-laadurites h\u00f5lbustavad need silindrid nii kaevamist kui ka t\u00f5stmist, muutes need mitmek\u00fclgseteks masinateks mitmesugusteks ehitust\u00f6\u00f6deks.<\/p>\n<\/li>\n<li>\n<h3>P\u00f5llumajandustehnika<\/h3>\n<p>Esilaadurites on noole silindrid \u00fcliolulised mulla, heina ja muude materjalide kraapimiseks, t\u00f5stmiseks ja transportimiseks. Need h\u00fcdraulilised silindrid v\u00f5imaldavad p\u00f5llumajandusmasinatel t\u00f5husalt t\u00f6\u00f6tada, aidates kaasa p\u00f5llumajandustegevuse tootlikkuse suurenemisele.<\/p>\n<\/li>\n<li>\n<h3>Ekskavaatorid<\/h3>\n<p>Ekskavaatorite noole silinder annab kopale pinnasesse tungimiseks vajaliku j\u00f5u, saavutades t\u00f5husa kaevamisliigutuse. See v\u00f5ime on eluliselt t\u00e4htis ehitus- ja mullat\u00f6\u00f6stust\u00f6\u00f6stuses, kus t\u00e4psus ja v\u00f5imsus on t\u00f6\u00f6ks h\u00e4davajalikud.<\/p>\n<\/li>\n<li>\n<h3>Laadurid<\/h3>\n<p>Esilaaduritel aitavad noolesilindrid koormaid t\u00f5husalt t\u00f5sta ja t\u00fchjendada. Need v\u00f5imaldavad operaatoritel materjale h\u00f5lpsalt k\u00e4sitseda, aidates kaasa masina \u00fcldisele tootlikkusele erinevates t\u00f6\u00f6tingimustes.<\/p>\n<\/li>\n<\/ul>\n<h2>Projekteerimiskaalutlused ja valikukriteeriumid<\/h2>\n<ul>\n<li>\n<h3>Kandev\u00f5ime<\/h3>\n<p>H\u00fcdrosilindri kandev\u00f5ime on selle projekteerimisel kriitilise t\u00e4htsusega tegur. See peab olema konstrueeritud nii, et see taluks t\u00f6\u00f6 ajal eeldatavaid maksimaalseid koormusi ilma rikkeohuta. See h\u00f5lmab hoolikat arvutamist ja materjalide valikut, et tagada ohutus ja t\u00f6\u00f6kindlus.<\/p>\n<\/li>\n<li>\n<h3>Tihendus<\/h3>\n<p>T\u00f5hus tihendus on oluline h\u00fcdraulilise vedeliku lekete v\u00e4ltimiseks ja s\u00fcsteemi r\u00f5hu s\u00e4ilitamiseks. Silindri pikaealisuse ja j\u00f5udluse suurendamiseks kasutatakse vastupidavatest materjalidest, n\u00e4iteks pol\u00fcuretaanist v\u00f5i nitriilkummist, valmistatud kvaliteetseid tihendeid.<\/p>\n<\/li>\n<li>\n<h3>Vastupidavus<\/h3>\n<p>Poomi silindri vastupidavus on \u00fclioluline, kuna see on pideva kulumise all. Tootjad kasutavad sageli pinnat\u00f6\u00f6tlusi ja katteid, et parandada vastupidavust h\u00f5\u00f5rdumisele ja korrosioonile, tagades pikaajalise funktsionaalsuse isegi n\u00f5udlikes keskkondades.<\/p>\n<\/li>\n<li>\n<h3>Ohutus<\/h3>\n<p>Ohutus on h\u00fcdrauliliste silindrite projekteerimisel esmat\u00e4htis. See h\u00f5lmab funktsioonide rakendamist, mis takistavad \u00fclepinget, piiravad r\u00f5hutaset ja sisaldavad avariiv\u00e4ljalaskemehhanisme operaatorite ja masinate kaitsmiseks.<\/p>\n<\/li>\n<li>\n<h3>Hooldus<\/h3>\n<p>H\u00fcdrosilindrite projekteerimisel on oluline arvestada hooldusvajadustega. See h\u00f5lmab h\u00f5lpsat juurdep\u00e4\u00e4su tihenditele, m\u00e4\u00e4rimispunktidele ja muudele komponentidele, mis vajavad regulaarset kontrolli ja hooldust optimaalse j\u00f5udluse ja pikaealisuse tagamiseks.<\/p>\n<\/li>\n<\/ul>\n<p><img decoding=\"async\" src=\"https:\/\/www.hydraulic-cylinders.net\/wp-content\/uploads\/2025\/04\/songte-oil-pipes-and-spare-parts.webp\" alt=\"H\u00fcdraulilised osad\"><\/p>\n<h2>Toote tihendamine ja m\u00e4\u00e4rimine<\/h2>\n<p>Poomi silindrite t\u00f5husa t\u00f6\u00f6 tagamiseks kasutatakse mitmesuguseid tihenduskomponente, sealhulgas kolvitihendeid ja varrastihendeid. Tihendid on tavaliselt valmistatud kulumiskindlatest materjalidest, n\u00e4iteks pol\u00fcuretaanist v\u00f5i nitriilkummist, mis suurendavad nende vastupidavust ja t\u00f5husust. Silindri korpus ja keermestatud otsapinnad l\u00e4bivad t\u00e4pse t\u00f6\u00f6tlemise, et suurendada kulumiskindlust ja funktsionaalsust.<\/p>\n<p>Regulaarne m\u00e4\u00e4rimine h\u00fcdraulika\u00f5liga on sujuva t\u00f6\u00f6 tagamiseks h\u00e4davajalik. Piisav m\u00e4\u00e4rimine v\u00e4hendab h\u00f5\u00f5rdumist liikuvate osade vahel, minimeerides kulumist ja pikendades silindri eluiga. Operaatorid peaksid j\u00e4rgima hooldusgraafikuid, et h\u00fcdraulikas\u00fcsteem t\u00f6\u00f6taks optimaalselt.<\/p>\n<h2>Regulaarne kontroll ja ennetavad hooldusmeetmed<\/h2>\n<ul>\n<li>\n<h3>Regulaarsed kontrollid<\/h3>\n<p>Rutiinsete kontrollide l\u00e4biviimine on \u00fclioluline v\u00f5imalike probleemide tuvastamiseks enne nende s\u00fcvenemist. Operaatorid peaksid t\u00f6\u00f6 efektiivsuse s\u00e4ilitamiseks kontrollima lekkeid, tihendite kulumist ja ballooni \u00fcldist seisukorda.<\/p>\n<\/li>\n<li>\n<h3>Sobiv m\u00e4\u00e4rimine<\/h3>\n<p>H\u00fcdrosilindri piisava m\u00e4\u00e4rimise tagamine on \u00fclioluline. Operaatorid peaksid regulaarselt kontrollima ja t\u00e4iendama h\u00fcdraulika\u00f5li taset, j\u00e4rgides tootja soovitusi hooldusintervallide kohta.<\/p>\n<\/li>\n<li>\n<h3>Tihendi vahetamine<\/h3>\n<p>Aja jooksul v\u00f5ivad tihendid kulumise ja h\u00fcdraulikavedelikuga kokkupuute t\u00f5ttu halveneda. Operaatorid peavad j\u00e4lgima tihendite seisukorda ja vajadusel need v\u00e4lja vahetama, et v\u00e4ltida lekkeid ja tagada t\u00f5hus t\u00f6\u00f6.<\/p>\n<\/li>\n<\/ul>\n<h2>Paigaldusjuhised<\/h2>\n<p>\u00d5ige paigaldamine on poomi silindri toimimise seisukohalt \u00fclioluline. Alustage veendumaks, et kinnitusklambrid on \u00f5igesti joondatud, et v\u00e4ltida silindrile liigset survet. Kasutage silindri kinnitamiseks sobivaid paigaldust\u00f6\u00f6riistu ja veenduge, et k\u00f5ik h\u00fcdraulika\u00fchendused on lekete v\u00e4ltimiseks tihedad.<\/p>\n<p>P\u00f6\u00f6rdemomendi s\u00e4tete ja joondamisprotseduuride osas on \u00fclioluline j\u00e4rgida tootja spetsifikatsioone. Sobivate kinnitusklambrite ja kinnituste kasutamine v\u00f5ib t\u00f6\u00f6 ajal parandada stabiilsust ja ohutust. P\u00e4rast paigaldamist tehke enne t\u00f6\u00f6 alustamist p\u00f5hjalik kontroll, et veenduda h\u00fcdraulikavedeliku taseme sobivuses ja s\u00fcsteemis lekete puudumises.<\/p>\n<h2>Levinumad hooldust\u00f6\u00f6d<\/h2>\n<ul>\n<li>\n<h3>Regulaarsed kontrollid<\/h3>\n<p>Poomi silindri regulaarne kontrollimine on v\u00f5imalike probleemide varajaseks avastamiseks h\u00e4davajalik. Kontrollige kulumism\u00e4rke, lekkeid ja \u00f5iget joondust. Probleemide varajane avastamine aitab \u00e4ra hoida suuremaid rikkeid ja kulukaid remonte.<\/p>\n<\/li>\n<li>\n<h3>Sobiv m\u00e4\u00e4rimine<\/h3>\n<p>M\u00e4\u00e4rimine tuleks teha vastavalt hooldusgraafikule. Veenduge, et k\u00f5ik m\u00e4\u00e4rimispunktid oleksid ligip\u00e4\u00e4setavad ja et kasutaksite \u00f5iget h\u00fcdraulika\u00f5li. See aitab v\u00e4hendada h\u00f5\u00f5rdumist ja kulumist, pikendades seel\u00e4bi silindri eluiga.<\/p>\n<\/li>\n<li>\n<h3>Tihendi vahetamine ja kalibreerimise kontrollimine<\/h3>\n<p>Lekete v\u00e4ltimiseks tuleks tihendeid regulaarselt vahetada. Ballooni korrektse toimimise tagamiseks on oluline ka kalibreerimiskontroll. Regulaarsed hooldusprotseduurid tuleks dokumenteerida viitamiseks ja pidevaks t\u00e4iustamiseks.<\/p>\n<\/li>\n<\/ul>\n<p><img decoding=\"async\" src=\"https:\/\/www.hydraulic-cylinders.net\/wp-content\/uploads\/2025\/04\/songte-chushion-collar.webp\" alt=\"Silindri paigaldamine\"><\/p>\n<h2>Ohutuskaalutlused ja keskkonnategurid<\/h2>\n<p>H\u00fcdrauliliste silindrite kasutamisel on ohutusmeetmete rakendamine kriitilise t\u00e4htsusega. Operaatorid peaksid olema koolitatud m\u00f5istma h\u00fcdrauliliste s\u00fcsteemidega seotud v\u00f5imalikke ohte, sealhulgas k\u00f5rgsurvevedeliku lekke ja seadmete rikete riske. N\u00f5uetekohaste isikukaitsevahendite (IKV) kasutamine aitab v\u00e4hendada vigastuste ohtu t\u00f6\u00f6tamise ajal.<\/p>\n<p>Lisaks on oluline arvestada keskkonnateguritega, nagu lekke ohjeldamine ja h\u00fcdraulikavedelike n\u00f5uetekohane k\u00f5rvaldamine. Ohutusstandardite ja -m\u00e4\u00e4ruste j\u00e4rgimine tagab h\u00fcdraulikas\u00fcsteemide t\u00f5husa toimimise, kaitstes samal ajal nii personali kui ka keskkonda.<\/p>\n<h2>Rikete diagnoosimine ja levinud probleemid<\/h2>\n<ul>\n<li>\n<h3>Leke<\/h3>\n<p>H\u00fcdraulikavedeliku lekked v\u00f5ivad tekkida kulunud tihendite v\u00f5i kahjustatud komponentide t\u00f5ttu. Lekke allika kindlakstegemine on \u00fclioluline ja kahjustatud osad tuleks viivitamatult v\u00e4lja vahetada, et v\u00e4ltida t\u00f6\u00f6probleeme.<\/p>\n<\/li>\n<li>\n<h3>J\u00f5udlusprobleemid<\/h3>\n<p>J\u00f5udluse v\u00e4henemine v\u00f5ib viidata h\u00fcdraulikas\u00fcsteemi probleemidele, n\u00e4iteks madalale vedeliku tasemele v\u00f5i torudesse j\u00e4\u00e4nud \u00f5hule. Veaotsing peaks h\u00f5lmama vedeliku taseme kontrollimist ja s\u00fcsteemist \u00f5hu eemaldamist, et taastada funktsionaalsus.<\/p>\n<\/li>\n<li>\n<h3>\u00dclekuumenemine<\/h3>\n<p>Kui h\u00fcdros\u00fcsteem kuumeneb \u00fcle, v\u00f5ib see olla tingitud ebapiisavast m\u00e4\u00e4rimisest v\u00f5i liigsest koormusest. S\u00fcsteemi temperatuuri j\u00e4lgimine ja sobiva m\u00e4\u00e4rimise tagamine aitab v\u00e4ltida \u00fclekuumenemise probleeme.<\/p>\n<\/li>\n<\/ul>\n<h2>Veaotsingu n\u00e4pun\u00e4ited ja ennetavad meetmed<\/h2>\n<p>Poomi silindri probleemide t\u00f5husaks diagnoosimiseks ja lahendamiseks peaksid operaatorid j\u00e4rgima s\u00fcstemaatilist l\u00e4henemisviisi. Alustage lekete kontrollimisest ja veenduge, et k\u00f5ik tihendid on terved. Kui ilmnevad j\u00f5udlusprobleemid, kontrollige, kas h\u00fcdraulikavedeliku tase on piisav, ja kontrollige, kas voolikutes on \u00f5hku.<\/p>\n<p>Ennetusmeetmete rakendamine, n\u00e4iteks regulaarne hooldus ja \u00fclevaatused, v\u00f5ib probleemide tekkimise t\u00f5en\u00e4osust oluliselt v\u00e4hendada. Operaatorid peaksid pidama \u00fcksikasjalikku hooldustegevuste logi, mis aitab tuvastada mustreid ja parandada tulevasi hooldustavasid.<\/p>\n<p><img decoding=\"async\" src=\"https:\/\/www.hydraulic-cylinders.net\/wp-content\/uploads\/2025\/04\/songte-bushings-with-all-kinds-of-excavator-models.webp\" alt=\"Ekskavaatori puksid\"><\/p>\n<h2>Ettev\u00f5tte \u00fclevaade<\/h2>\n<p>Oleme asendush\u00fcdrauliliste silindrite tootja, keda tunnustatakse nii sise- kui ka rahvusvahelistel turgudel juhtiva tootja ja hulgim\u00fc\u00fcjana. Meie p\u00fchendumus tipptasemele peegeldub meie mitmekesises tootevalikus, mis toetab mitmesuguseid t\u00f6\u00f6stusrakendusi.<\/p>\n<p>Meie ettev\u00f5te j\u00e4rgib k\u00f5rgeid kvaliteedistandardeid, kasutades t\u00e4iustatud tootmisprotsessi, mida juhivad t\u00e4iustatud digitaalsed seadmed ja professionaalsed testimiss\u00fcsteemid. Tugeva tootmisplatvormi abil t\u00e4iustame pidevalt oma tootmisv\u00f5imalusi, tagades, et rahuldame oma klientide mitmekesiseid vajadusi suure t\u00f5hususega, t\u00e4psuse ja kvaliteediga.<\/p>\n<p>Pakume professionaalseid teenuseid, oma toodete rahvusvahelisi sertifikaate ja kohandamisv\u00f5imalusi, et rahuldada klientide konkreetseid vajadusi. Meie m\u00fc\u00fcgij\u00e4rgne teenindus on loodud klientide rahulolu ja toe tagamiseks kogu meie toodete eluts\u00fckli v\u00e4ltel.<\/p>\n<p><img decoding=\"async\" src=\"https:\/\/www.hydraulic-cylinders.net\/wp-content\/uploads\/2025\/04\/songte-company-4.webp\" alt=\"Ettev\u00f5tte \u00fclevaade\"><br \/>\n<img decoding=\"async\" src=\"https:\/\/www.hydraulic-cylinders.net\/wp-content\/uploads\/2025\/04\/songte-company-3.webp\" alt=\"Tootmisprotsessid\"><\/p>\n<p>Autor: lyl<\/p>","protected":false},"excerpt":{"rendered":"<p>Boom Cylinder For Volwa Middle Excavator DLS200-8B Definition of the Bucket Cylinder The boom cylinder, also known as the bucket cylinder, is a crucial component in hydraulic systems, specifically designed to control the movement of various heavy machinery buckets, such as those found in excavators, backhoe loaders, and front-end loaders. This hydraulic cylinder allows the [&hellip;]<\/p>","protected":false},"featured_media":17871,"comment_status":"open","ping_status":"closed","template":"","meta":{"_et_pb_use_builder":"","_et_pb_old_content":"","_et_gb_content_width":""},"product_brand":[],"product_cat":[1546],"product_tag":[1547,1496],"class_list":{"0":"post-19608","1":"product","2":"type-product","3":"status-publish","4":"has-post-thumbnail","6":"product_cat-boom-cylinders","7":"product_tag-boom-cylinders","8":"product_tag-hydraulic-cylinders","10":"first","11":"instock","12":"shipping-taxable","13":"product-type-simple"},"amp_enabled":true,"_links":{"self":[{"href":"https:\/\/www.hydraulic-cylinders.net\/et\/wp-json\/wp\/v2\/product\/19608","targetHints":{"allow":["GET"]}}],"collection":[{"href":"https:\/\/www.hydraulic-cylinders.net\/et\/wp-json\/wp\/v2\/product"}],"about":[{"href":"https:\/\/www.hydraulic-cylinders.net\/et\/wp-json\/wp\/v2\/types\/product"}],"replies":[{"embeddable":true,"href":"https:\/\/www.hydraulic-cylinders.net\/et\/wp-json\/wp\/v2\/comments?post=19608"}],"wp:featuredmedia":[{"embeddable":true,"href":"https:\/\/www.hydraulic-cylinders.net\/et\/wp-json\/wp\/v2\/media\/17871"}],"wp:attachment":[{"href":"https:\/\/www.hydraulic-cylinders.net\/et\/wp-json\/wp\/v2\/media?parent=19608"}],"wp:term":[{"taxonomy":"product_brand","embeddable":true,"href":"https:\/\/www.hydraulic-cylinders.net\/et\/wp-json\/wp\/v2\/product_brand?post=19608"},{"taxonomy":"product_cat","embeddable":true,"href":"https:\/\/www.hydraulic-cylinders.net\/et\/wp-json\/wp\/v2\/product_cat?post=19608"},{"taxonomy":"product_tag","embeddable":true,"href":"https:\/\/www.hydraulic-cylinders.net\/et\/wp-json\/wp\/v2\/product_tag?post=19608"}],"curies":[{"name":"wp","href":"https:\/\/api.w.org\/{rel}","templated":true}]}}