{"id":19609,"date":"2025-04-07T06:57:14","date_gmt":"2025-04-07T06:57:14","guid":{"rendered":"https:\/\/www.hydraulic-cylinders.net\/product\/boom-cylinder-for-volwa-middle-excavator-dls220-8b\/"},"modified":"2025-04-07T06:57:16","modified_gmt":"2025-04-07T06:57:16","slug":"boom-cylinder-for-volwa-middle-excavator-dls220-8b","status":"publish","type":"product","link":"https:\/\/www.hydraulic-cylinders.net\/et\/toode\/boom-cylinder-for-volwa-middle-excavator-dls220-8b\/","title":{"rendered":"Volwa keskmise ekskavaatori DLS220-8B poomi silinder"},"content":{"rendered":"<h1>Volwa keskmise ekskavaatori DLS220-8B poomi silinder<\/h1>\n<h2>Toote \u00fclevaade<\/h2>\n<p>Volwa keskmise ekskavaatori DLS220-8B noole silinder on rasketehnika oluline komponent, mis on spetsiaalselt loodud kopa liikumise juhtimiseks ekskavaatorites, laadur-ekskavaatorites ja esilaadurites. See h\u00fcdrauliline silinder v\u00f5imaldab kopa t\u00f5stmist, langetamist ja kallutamist, muutes selle oluliseks t\u00f6\u00f6riistaks materjali k\u00e4itlemise \u00fclesannete t\u00e4itmisel. Kopa silinder t\u00f6\u00f6tab h\u00fcdraulikas\u00fcsteemides, kus r\u00f5hu all olev h\u00fcdraulika\u00f5li v\u00f5imaldab raskete koormate t\u00f5husat liikumist ja t\u00e4pset juhtimist. Selle disain mitte ainult ei paranda j\u00f5udlust, vaid tagab ka vastupidavuse ja t\u00f6\u00f6kindluse \u00e4\u00e4rmuslikes t\u00f6\u00f6tingimustes.<\/p>\n<p><img decoding=\"async\" src=\"https:\/\/www.hydraulic-cylinders.net\/wp-content\/uploads\/2025\/04\/songte-company-1.webp\" alt=\"Ekskavaatori poomi silinder\" \/><\/p>\n<h2>Peamised omadused<\/h2>\n<ul>\n<li><strong>Suur tugevus ja vastupidavus:<\/strong> K\u00f5rgtugevast terasest v\u00f5i alumiiniumist valmistatud poomi silinder talub k\u00f5rget r\u00f5hku ja suuri koormusi, olles loodud vastu pidama karmidele t\u00f6\u00f6keskkondadele, keskendudes kulumiskindlusele ja korrosioonikaitsele, pikendades seel\u00e4bi selle eluiga.<\/li>\n<li><strong>T\u00f5hus h\u00fcdrauliline t\u00f6\u00f6:<\/strong> H\u00fcdraulilise \u00f5li r\u00f5hu kasutamine v\u00f5imaldab sujuvat pikendamist ja tagasit\u00f5mbamist, mis v\u00f5imaldab kiiret reageerimist juhtimisk\u00e4sklustele ning pakub m\u00e4rkimisv\u00e4\u00e4rseid t\u00f5uke- ja t\u00f5mbej\u00f5ude, mis sobivad raskete esemete ja keerukate \u00fclesannete k\u00e4sitsemiseks.<\/li>\n<li><strong>Erinevad t\u00fc\u00fcbid:<\/strong> Saadaval \u00fchetoimelise (h\u00fcdrauliline \u00fches suunas) v\u00f5i kahetoimelise (h\u00fcdrauliline m\u00f5lemas suunas) konfiguratsioonina, et rahuldada erinevaid t\u00f6\u00f6vajadusi. M\u00f5nedel mudelitel on teleskoopkonstruktsioonid, mis v\u00f5imaldavad suuremat pikendust ilma v\u00e4lism\u00f5\u00f5tmeid suurendamata, mis sobib ideaalselt ruumipiirangutega rakenduste jaoks.<\/li>\n<li><strong>Kohandatud tootmine:<\/strong> Saame seda toodet toota olemasolevate h\u00fcdrosilindrite ideaalseks asendamiseks, tagades \u00fchilduvuse ja t\u00f6\u00f6kindluse.<\/li>\n<li><strong>P\u00f5hjalik kvaliteeditagamine:<\/strong> Meie tootmisprotsess j\u00e4rgib rangeid kvaliteedikontrolle, tagades, et iga poomi silinder vastab t\u00f6\u00f6stusstandarditele j\u00f5udluse ja ohutuse osas.<\/li>\n<\/ul>\n<p><img decoding=\"async\" src=\"https:\/\/www.hydraulic-cylinders.net\/wp-content\/uploads\/2025\/04\/songte-cylinder-head-with-all-kinds-excavator-models.webp\" alt=\"Ekskavaatori silinder\" \/><\/p>\n<h2>Rakendused<\/h2>\n<h3>Ehitustehnika<\/h3>\n<p>Ekskavaatorites on noolesilindrid \u00fcliolulised kaevamiseks, laadimiseks ja pinnase v\u00f5i prahi teisaldamiseks. Need h\u00f5lbustavad mitte ainult kaevamisprotsessi, vaid aitavad ka raskeid koormaid t\u00f5sta, muutes need h\u00e4davajalikuks ehitusplatsidel, kus on vaja efektiivsust ja t\u00e4psust.<\/p>\n<h3>P\u00f5llumajandustehnika<\/h3>\n<p>Esilaadurites m\u00e4ngivad need silindrid olulist rolli mulla, heina ja muude materjalide kopeerimisel, t\u00f5stmisel ja transportimisel. Nende v\u00f5ime sujuvalt t\u00f6\u00f6tada erinevates tingimustes muudab need oluliseks p\u00f5llumajandust\u00f6\u00f6de jaoks, mis n\u00f5uavad t\u00f6\u00f6kindlust ja j\u00f5udlust.<\/p>\n<h3>Ekskavaatorid<\/h3>\n<p>Noole silinder v\u00f5imaldab kopal t\u00f5husalt pinnasesse tungida, v\u00f5imaldades s\u00fcgavat kaevamist. Selle disain tagab, et ekskavaator saab keerulisi \u00fclesandeid h\u00f5lpsalt ja t\u00f5husalt t\u00e4ita, muutes selle t\u00f6\u00f6stuses eelistatud valikuks.<\/p>\n<h3>Laadurid<\/h3>\n<p>Esilaadurites aitavad noolesilindrid koormaid t\u00f5husalt t\u00f5sta ja t\u00fchjendada. Nende usaldusv\u00e4\u00e4rne toimimine tagab materjalide kiire ja ohutu teisaldamise, suurendades tootlikkust ehitusplatsil.<\/p>\n<h2>Kujunduskaalutlused<\/h2>\n<h3>Kandev\u00f5ime<\/h3>\n<p>Noolesilindri kandev\u00f5ime on kriitilise t\u00e4htsusega tagamaks, et see suudab k\u00e4sitseda erinevates rakendustes esineda v\u00f5ivate materjalide maksimaalset kaalu. Oluline on valida silinder, mis vastab eeldatavatele koormuspiirangutele v\u00f5i \u00fcletab neid, et v\u00e4ltida rikkeid t\u00f6\u00f6 ajal. Koormusn\u00f5uete usaldusv\u00e4\u00e4rne hindamine aitab valida t\u00f6\u00f6 jaoks \u00f5ige silindri, tagades ohutuse ja t\u00f5hususe.<\/p>\n<h3>Tihendus ja vastupidavus<\/h3>\n<p>Tihendid on \u00fcliolulised h\u00fcdraulikavedeliku lekke v\u00e4ltimiseks, mis v\u00f5ib p\u00f5hjustada s\u00fcsteemi rikke. Kvaliteetsed tihendid on konstrueeritud taluma raskete masinate r\u00f5hku ja keskkonnatingimusi. Tihendite vastupidavus m\u00f5jutab h\u00fcdraulikas\u00fcsteemi \u00fcldist j\u00f5udlust ja hooldussagedust, mist\u00f5ttu on see projekteerimisprotsessis v\u00f5tmetegur.<\/p>\n<h3>Turvaelemendid<\/h3>\n<p>H\u00fcdrauliliste silindrite konstruktsioonis on ohutusfunktsioonid \u00fcliolulised, sealhulgas r\u00f5hukaitseventiilid ja rikkekaitsed, mis ennetavad katastroofilisi rikkeid. Ohutuse tagamine konstruktsioonis aitab kaitsta operaatoreid ja masinaid, v\u00e4hendades \u00f5nnetuste ohtu ja suurendades t\u00f6\u00f6kindlust.<\/p>\n<h3>Hoolduse ligip\u00e4\u00e4setavus<\/h3>\n<p>Designing for easy maintenance is crucial for a hydraulic cylinder&#8217;s longevity. Features that facilitate easy access to seals, lubrication points, and other maintenance-relevant components simplify the upkeep process, ensuring that the cylinder performs optimally over time.<\/p>\n<p><img decoding=\"async\" src=\"https:\/\/www.hydraulic-cylinders.net\/wp-content\/uploads\/2025\/04\/songte-oil-pipes-and-spare-parts.webp\" alt=\"H\u00fcdrauliliste silindrite osad\" \/><\/p>\n<h2>Tihendus ja m\u00e4\u00e4rimine<\/h2>\n<p>Poomi silindri tihendusmehhanism koosneb erinevatest tihenditest, sealhulgas kolvi- ja vardatihenditest, mis on valmistatud vastupidavatest materjalidest, nagu pol\u00fcuretaan ja nitriilkummi. Need materjalid on valitud kulumiskindluse ja karmidele t\u00f6\u00f6tingimustele vastupidamise v\u00f5ime t\u00f5ttu. Silindri korpus ja keermestatud otsapinnad on peenelt viimistletud, et suurendada kulumiskindlust ja tagada pikem kasutusiga. Lisaks on sujuva t\u00f6\u00f6 s\u00e4ilitamiseks ja liikuvate osade kulumise v\u00e4ltimiseks vajalik regulaarne m\u00e4\u00e4rimine sobiva h\u00fcdraulika\u00f5liga, mis aitab kaasa \u00fcldisele t\u00f5hususele ja funktsionaalsusele.<\/p>\n<h2>Ennetavad hooldusmeetmed<\/h2>\n<ul>\n<li><strong>Regulaarsed kontrollid:<\/strong> Tehke ballooni visuaalne kontroll lekete v\u00f5i kahjustuste suhtes. P\u00f6\u00f6rake erilist t\u00e4helepanu tihenditele ja \u00fchenduspunktidele, sest probleemide varajane avastamine aitab v\u00e4ltida kulukaid remondit\u00f6id.<\/li>\n<li><strong>\u00d5ige m\u00e4\u00e4rimine:<\/strong> Veenduge, et silinder on piisavalt m\u00e4\u00e4ritud soovitatud h\u00fcdraulika\u00f5liga. Kontrollige regulaarselt \u00f5litaset ja vahetage \u00f5li vastavalt vajadusele, et s\u00e4ilitada optimaalne j\u00f5udlus.<\/li>\n<li><strong>Tihendi vahetamine:<\/strong> J\u00e4lgige regulaarselt tihendite seisukorda ja vahetage need esimeste kulumism\u00e4rkide ilmnemisel v\u00e4lja, et v\u00e4ltida h\u00fcdraulikavedeliku lekkeid ja tagada silindri sujuv t\u00f6\u00f6.<\/li>\n<\/ul>\n<h2>Paigaldusjuhised<\/h2>\n<p>Poomi silindri paigaldamisel on oluline j\u00e4rgida j\u00e4rgmisi juhiseid:<\/p>\n<ul>\n<li>Veenduge, et kinnitusklambrid ja muud komponendid on \u00f5igesti joondatud, et v\u00e4ltida silindrile liigset pinget.<\/li>\n<li>Kasutage silindri paigal kinnitamiseks sobivaid kinnitusvahendeid, et v\u00e4ltida liikumist t\u00f6\u00f6tamise ajal.<\/li>\n<li>P\u00e4rast paigaldamist kontrollige h\u00fcdraulika\u00fchendusi lekete suhtes ja veenduge, et k\u00f5ik tihendid on terved ja t\u00f6\u00f6korras.<\/li>\n<li>Enne t\u00e4ism\u00f5\u00f5dulist kasutamist testige ballooni kontrollitud tingimustes, et veenduda selle ootusp\u00e4rases toimimises.<\/li>\n<\/ul>\n<h2>Levinumad hooldust\u00f6\u00f6d<\/h2>\n<ul>\n<li><strong>Regulaarsed kontrollid:<\/strong> Planeerige regulaarseid kontrolle, et avastada probleeme varakult, tagades pikaajalise j\u00f5udluse ja t\u00f6\u00f6kindluse.<\/li>\n<li><strong>Sobiv m\u00e4\u00e4rimine:<\/strong> Optimaalse t\u00f6\u00f6 tagamiseks hoidke \u00f5iget m\u00e4\u00e4rimistaset ja kasutage etten\u00e4htud h\u00fcdraulika\u00f5li.<\/li>\n<li><strong>Tihendi vahetamine ja kalibreerimine:<\/strong> T\u00f6\u00f6t\u00e4psuse s\u00e4ilitamiseks vahetage regulaarselt tihendeid ning kontrollige joondust ja kalibreerimist. Silindri \u00f5ige joondamine paigaldamise ajal on \u00fclioluline kulumise v\u00e4ltimiseks ja eluea pikendamiseks.<\/li>\n<\/ul>\n<p><img decoding=\"async\" src=\"https:\/\/www.hydraulic-cylinders.net\/wp-content\/uploads\/2025\/04\/songte-chushion-collar.webp\" alt=\"Padjakaelus\" \/><\/p>\n<h2>Ohutuskaalutlused ja keskkonnategurid<\/h2>\n<p>H\u00fcdrauliliste silindritega t\u00f6\u00f6tamisel on oluline rakendada ohutusmeetmeid nii operaatorite kui ka keskkonna kaitsmiseks. N\u00f5uetekohane v\u00e4lja\u00f5pe ja t\u00f6\u00f6juhiste j\u00e4rgimine on \u00f5nnetuste v\u00e4ltimiseks \u00fcliolulised. Lisaks aitab keskkonnas\u00f5bralike h\u00fcdrauliliste vedelike kasutamine leevendada leketega seotud riske, tagades keskkonnan\u00f5uete j\u00e4rgimise ja edendades s\u00e4\u00e4stvaid tavasid.<\/p>\n<h2>Rikete diagnoosimine ja levinud probleemid<\/h2>\n<ul>\n<li><strong>Leke:<\/strong> Lekkeid, mida tavaliselt seostatakse kulunud tihendite v\u00f5i eba\u00f5ige paigaldusega, v\u00f5ib oluliselt v\u00e4hendada j\u00f5udlust. Lekete kiireks tuvastamiseks ja k\u00f5rvaldamiseks tuleks teha regulaarseid kontrolle.<\/li>\n<li><strong>Aeglane t\u00f6\u00f6:<\/strong> See probleem v\u00f5ib tuleneda ebapiisavast h\u00fcdraulikavedelikust v\u00f5i ummistunud filtritest, mis n\u00f5uab optimaalse funktsionaalsuse taastamiseks kohest t\u00e4helepanu.<\/li>\n<li><strong>Reageerimatud juhtnupud:<\/strong> See v\u00f5ib viidata h\u00fcdros\u00fcsteemi talitlush\u00e4irele, mis n\u00f5uab probleemi diagnoosimiseks ja parandamiseks k\u00f5igi komponentide p\u00f5hjalikku kontrollimist.<\/li>\n<\/ul>\n<h2>Veaotsingu n\u00e4pun\u00e4ited<\/h2>\n<p>Poomi silindri probleemide t\u00f5husaks diagnoosimiseks ja lahendamiseks:<\/p>\n<ul>\n<li>Tehke rutiinseid kontrolle, et tuvastada potentsiaalsed probleemid enne nende s\u00fcvenemist. Varajane avastamine on tegevuse efektiivsuse s\u00e4ilitamise v\u00f5ti.<\/li>\n<li>Refer to the manufacturer&#8217;s specifications for troubleshooting guidelines, ensuring that all components are functioning correctly.<\/li>\n<li>Rakendage ennetavaid meetmeid, n\u00e4iteks regulaarset hooldust, et minimeerida v\u00f5imalikke probleeme ja pikendada h\u00fcdrosilindri eluiga.<\/li>\n<\/ul>\n<p><img decoding=\"async\" src=\"https:\/\/www.hydraulic-cylinders.net\/wp-content\/uploads\/2025\/04\/songte-bushings-with-all-kinds-of-excavator-models.webp\" alt=\"Ekskavaatori puksid\" \/><\/p>\n<h2>Meie ettev\u00f5ttest<\/h2>\n<p>Oleme juhtiv asendush\u00fcdrauliliste silindrite tootja, pakkudes laia tootevalikut nii sise- kui ka rahvusvahelistele turgudele. Meie p\u00fchendumus tipptasemele ilmneb meie peentes tootmisprotsessides ja t\u00f6\u00f6stusliku tootmise juhtimisstrateegiates. T\u00e4iustame pidevalt oma tootmisplatvormi, kasutades oskuslikku tehnilist personali, tipptasemel digitaalseid tootmisseadmeid ja professionaalseid testimiss\u00fcsteeme. See p\u00fchendumus tagab suure efektiivsuse, t\u00e4psuse ja kvaliteedi, v\u00f5imaldades meil rahuldada klientide mitmekesiseid vajadusi.<\/p>\n<p><img decoding=\"async\" src=\"https:\/\/www.hydraulic-cylinders.net\/wp-content\/uploads\/2025\/04\/songte-company-4.webp\" alt=\"Ettev\u00f5tte \u00fclevaade\" \/><br \/>\n<img decoding=\"async\" src=\"https:\/\/www.hydraulic-cylinders.net\/wp-content\/uploads\/2025\/04\/songte-company-3.webp\" alt=\"Tootmisrajatised\" \/><\/p>\n<p>Meie ettev\u00f5te on uhke oma professionaalsuse, rahvusvaheliste sertifikaatide, eritellimusel teenuste, t\u00e4iustatud tootmisseadmete ja erakordse m\u00fc\u00fcgij\u00e4rgse toe \u00fcle. Meie eesm\u00e4rk on pakkuda parimaid h\u00fcdraulikalahendusi ja tagada klientide rahulolu.<\/p>\n<p>Autor: lyl<\/p>","protected":false},"excerpt":{"rendered":"<p>Boom Cylinder For Volwa Middle Excavator DLS220-8B Product Overview The Boom Cylinder for Volwa Middle Excavator DLS220-8B is a crucial component in heavy machinery, specifically designed to control the motion of the bucket in excavators, backhoe loaders, and front loaders. This hydraulic cylinder allows for the lifting, lowering, and tilting of the bucket, making it [&hellip;]<\/p>","protected":false},"featured_media":17872,"comment_status":"open","ping_status":"closed","template":"","meta":{"_et_pb_use_builder":"","_et_pb_old_content":"","_et_gb_content_width":""},"product_brand":[],"product_cat":[1546],"product_tag":[1547,1496],"class_list":{"0":"post-19609","1":"product","2":"type-product","3":"status-publish","4":"has-post-thumbnail","6":"product_cat-boom-cylinders","7":"product_tag-boom-cylinders","8":"product_tag-hydraulic-cylinders","10":"first","11":"instock","12":"shipping-taxable","13":"product-type-simple"},"amp_enabled":true,"_links":{"self":[{"href":"https:\/\/www.hydraulic-cylinders.net\/et\/wp-json\/wp\/v2\/product\/19609","targetHints":{"allow":["GET"]}}],"collection":[{"href":"https:\/\/www.hydraulic-cylinders.net\/et\/wp-json\/wp\/v2\/product"}],"about":[{"href":"https:\/\/www.hydraulic-cylinders.net\/et\/wp-json\/wp\/v2\/types\/product"}],"replies":[{"embeddable":true,"href":"https:\/\/www.hydraulic-cylinders.net\/et\/wp-json\/wp\/v2\/comments?post=19609"}],"wp:featuredmedia":[{"embeddable":true,"href":"https:\/\/www.hydraulic-cylinders.net\/et\/wp-json\/wp\/v2\/media\/17872"}],"wp:attachment":[{"href":"https:\/\/www.hydraulic-cylinders.net\/et\/wp-json\/wp\/v2\/media?parent=19609"}],"wp:term":[{"taxonomy":"product_brand","embeddable":true,"href":"https:\/\/www.hydraulic-cylinders.net\/et\/wp-json\/wp\/v2\/product_brand?post=19609"},{"taxonomy":"product_cat","embeddable":true,"href":"https:\/\/www.hydraulic-cylinders.net\/et\/wp-json\/wp\/v2\/product_cat?post=19609"},{"taxonomy":"product_tag","embeddable":true,"href":"https:\/\/www.hydraulic-cylinders.net\/et\/wp-json\/wp\/v2\/product_tag?post=19609"}],"curies":[{"name":"wp","href":"https:\/\/api.w.org\/{rel}","templated":true}]}}