{"id":19613,"date":"2025-04-07T06:57:24","date_gmt":"2025-04-07T06:57:24","guid":{"rendered":"https:\/\/www.hydraulic-cylinders.net\/product\/boom-cylinder-for-volwa-middle-excavator-dls270-8b\/"},"modified":"2025-04-07T06:57:27","modified_gmt":"2025-04-07T06:57:27","slug":"boom-cylinder-for-volwa-middle-excavator-dls270-8b","status":"publish","type":"product","link":"https:\/\/www.hydraulic-cylinders.net\/et\/toode\/boom-cylinder-for-volwa-middle-excavator-dls270-8b\/","title":{"rendered":"Volwa keskmise ekskavaatori DLS270-8B poomi silinder"},"content":{"rendered":"<h1>Volwa keskmise ekskavaatori DLS270-8B poomi silinder<\/h1>\n<h2>Toote \u00fclevaade<\/h2>\n<p>Volwa keskmise ekskavaatori DLS270-8B noole silinder on rasketehnika oluline komponent, mis on spetsiaalselt loodud ekskavaatorite noole liikumise juhtimiseks. See h\u00fcdrosilinder m\u00e4ngib olulist rolli mitmesuguste rasketehnika t\u00f6\u00f6s, tagades materjalide t\u00f5husa k\u00e4itlemise ehitus- ja kaevet\u00f6\u00f6del.<\/p>\n<p>Spetsiaalse h\u00fcdrosilindrina v\u00f5imaldab kopa silinder poomi t\u00f5stmist, langetamist ja kallutamist, h\u00f5lbustades mitmesuguseid materjalik\u00e4itlustoiminguid. See funktsioon on \u00fclioluline sellistes rakendustes nagu kaevamine, laadimine ja mulla v\u00f5i prahi teisaldamine. H\u00fcdraulikas\u00fcsteem kasutab liikumise loomiseks survestatud vedelikku, mis v\u00f5imaldab sujuvaid ja v\u00f5imsaid liigutusi, mis on olulised raskete t\u00f6\u00f6de jaoks.<\/p>\n<p><img decoding=\"async\" src=\"https:\/\/www.hydraulic-cylinders.net\/wp-content\/uploads\/2025\/04\/songte-company-1.webp\" alt=\"Poomi silinder\" \/><\/p>\n<h2>Peamised omadused<\/h2>\n<ul>\n<li><strong>Suur tugevus ja vastupidavus:<\/strong> See \u00fclitugevast terasest v\u00f5i alumiiniumist valmistatud silinder talub k\u00f5rget r\u00f5hku ja suuri koormusi, mist\u00f5ttu sobib see karmidesse t\u00f6\u00f6keskkondadesse. Selle disain arvestab kulumiskindluse ja korrosioonikaitsega, pikendades selle eluiga.<\/li>\n<li><strong>T\u00f5hus h\u00fcdrauliline t\u00f6\u00f6:<\/strong> Kasutab sujuvaks pikendamiseks ja tagasit\u00f5mbamiseks h\u00fcdraulilise vedeliku r\u00f5hku, reageerides kiiresti t\u00f6\u00f6k\u00e4skudele ning pakkudes m\u00e4rkimisv\u00e4\u00e4rset t\u00f5uke- ja t\u00f5mbej\u00f5udu, mis sobib ideaalselt raskete ja keerukate \u00fclesannete t\u00e4itmiseks.<\/li>\n<li><strong>Erinevad t\u00fc\u00fcbid:<\/strong> Saadaval \u00fchetoimelise (h\u00fcdrauliline \u00fches suunas) v\u00f5i kahetoimelise (h\u00fcdrauliline m\u00f5lemas suunas) konfiguratsioonina, mis on kohandatud vastavalt erinevatele t\u00f6\u00f6vajadustele, m\u00f5nedel mudelitel on teleskoopkonstruktsioonid suuremaks pikendamiseks ilma v\u00e4lism\u00f5\u00f5tmeid suurendamata.<\/li>\n<\/ul>\n<p>Me toodame seda toodet ja meie tooted saavad neid h\u00fcdrosilindreid ideaalselt asendada.<\/p>\n<p><img decoding=\"async\" src=\"https:\/\/www.hydraulic-cylinders.net\/wp-content\/uploads\/2025\/04\/songte-cylinder-head-with-all-kinds-excavator-models.webp\" alt=\"Ekskavaatori mudelid\" \/><\/p>\n<h2>Rakendused<\/h2>\n<h3>Ehitustehnika<\/h3>\n<p>Noole silinder on ekskavaatorite lahutamatu osa ning see on \u00fclioluline kaevamisel, laadimisel ja pinnase v\u00f5i prahi teisaldamisel. Ekskavaatorites abistab kopa silinder nii kaevamisel kui ka t\u00f5stmisel, muutes selle ehitust\u00f6\u00f6deks mitmek\u00fclgseks.<\/p>\n<h3>P\u00f5llumajandustehnika<\/h3>\n<p>Esilaadurites kasutatakse kopasilindrit mulla, heina ja muude materjalide k\u00fchveldamiseks, t\u00f5stmiseks ja transportimiseks. Selle efektiivsus nendes rollides suurendab tootlikkust p\u00f5llumajanduses.<\/p>\n<h3>Ekskavaatorid<\/h3>\n<p>Kopa silinder v\u00f5imaldab ekskavaatori kopal pinnasesse tungida, h\u00f5lbustades t\u00f5husaid kaevamistoiminguid, mis on ehitus- ja ehitusplatsi ettevalmistusprotsesside jaoks h\u00e4davajalikud.<\/p>\n<h3>Laadurid<\/h3>\n<p>Esilaadurites aitavad noolesilindrid koormaid t\u00f5husalt t\u00f5sta ja t\u00fchjendada, aidates kaasa t\u00f5husale materjalik\u00e4itlusele ja t\u00f6\u00f6 efektiivsusele erinevates t\u00f6\u00f6stusharudes.<\/p>\n<h2>Projekteerimiskaalutlused ja valikukriteeriumid<\/h2>\n<h3>Kandev\u00f5ime<\/h3>\n<p>Poomi silindri kandev\u00f5ime hindamine on kriitilise t\u00e4htsusega. Konstruktsioon peab kandma ekskavaatori maksimaalset raskust, tagades ohutuse ja funktsionaalsuse t\u00f6\u00f6 ajal. H\u00e4sti disainitud h\u00fcdrosilinder hoiab \u00e4ra rikkeid pinge all, v\u00f5imaldades usaldusv\u00e4\u00e4rset j\u00f5udlust pikas perspektiivis.<\/p>\n<h3>Tihendusv\u00f5ime<\/h3>\n<p>Tihendus on h\u00fcdraulilise r\u00f5hu s\u00e4ilitamiseks ja lekete v\u00e4ltimiseks \u00fclioluline. Kvaliteetsed tihendid, n\u00e4iteks kolvitihendid ja varrastihendid, mis on valmistatud vastupidavatest materjalidest nagu pol\u00fcuretaan ja nitriilkummi, parandavad silindri j\u00f5udlust ja pikaealisust. Korralikult tihendatud h\u00fcdraulilised silindrid aitavad kaasa t\u00f5husale t\u00f6\u00f6le ja v\u00e4hendavad hooldusvajadust.<\/p>\n<h3>Vastupidavus<\/h3>\n<p>Vastupidavus on h\u00fcdrauliliste silindrite projekteerimisel v\u00f5tmet\u00e4htsusega. Need peavad vastu pidama \u00e4\u00e4rmuslikele tingimustele, sealhulgas k\u00f5rgele r\u00f5hule ja muutuvatele temperatuuridele. Ehitusmaterjalid peaksid olema kulumis- ja korrosioonikindlad, tagades pikaajalise t\u00f6\u00f6kindluse ja j\u00f5udluse.<\/p>\n<h3>Turvaelemendid<\/h3>\n<p>H\u00fcdraulilise silindri konstruktsiooni ohutusfunktsioonide lisamine on t\u00f6\u00f6 ajal \u00f5nnetuste v\u00e4ltimiseks oluline. Kaitseklapid, \u00fclekoormuskaitse ja n\u00f5uetekohane paigaldus aitavad minimeerida h\u00fcdrauliliste masinatega seotud riske, edendades ohutut kasutamist erinevates keskkondades.<\/p>\n<h3>Hooldatavus<\/h3>\n<p>H\u00fcdrauliliste silindrite puhul on hoolduse lihtsus \u00fclioluline. Konstruktsioonid peaksid h\u00f5lbustama lihtsat kontrolli, tihendite vahetamist ja m\u00e4\u00e4rimist. See v\u00e4hendab seisakuid ja parandab seadmete \u00fcldist efektiivsust, tagades, et k\u00f5ik probleemid saab kiiresti lahendada.<\/p>\n<p><img decoding=\"async\" src=\"https:\/\/www.hydraulic-cylinders.net\/wp-content\/uploads\/2025\/04\/songte-oil-pipes-and-spare-parts.webp\" alt=\"H\u00fcdraulilised osad\" \/><\/p>\n<h2>Tihendus ja m\u00e4\u00e4rimine<\/h2>\n<p>H\u00fcdrauliliste silindrite tihendamine ja m\u00e4\u00e4rimine on nende j\u00f5udluse seisukohalt kriitilise t\u00e4htsusega. H\u00fcdraulilise r\u00f5hu s\u00e4ilitamiseks ja lekete v\u00e4ltimiseks on olulised mitmesugused tihendid, sealhulgas kolvi- ja varrastihendid. Kulumiskindlatest materjalidest, nagu pol\u00fcuretaan ja nitriilkummi, valmistatud tihendid tagavad pikaealisuse ja t\u00f6\u00f6kindluse.<\/p>\n<p>Silindri korpus ja keermestatud otsapinnad on kulumiskindluse suurendamiseks t\u00e4ppist\u00f6\u00f6tluse l\u00e4binud. Optimaalse funktsiooni s\u00e4ilitamiseks, v\u00e4hendades h\u00f5\u00f5rdumist ja liikuvate osade kulumist, on vajalik regulaarne m\u00e4\u00e4rimine sobiva h\u00fcdraulika\u00f5liga.<\/p>\n<h2>Ennetavad hooldusmeetmed<\/h2>\n<ul>\n<li><strong>Regulaarsed kontrollid:<\/strong> H\u00fcdrauliliste silindrite regulaarsete kontrollide tegemine on \u00fclioluline kulumise tuvastamiseks, tagades v\u00f5imalike probleemide varajase avastamise enne, kui need riketeni viivad.<\/li>\n<li><strong>Sobiv m\u00e4\u00e4rimine:<\/strong> N\u00f5uetekohane m\u00e4\u00e4rimine v\u00e4hendab h\u00f5\u00f5rdumist ja kulumist, pikendades h\u00fcdrosilindri eluiga. Veenduge, et kasutate \u00f5iget t\u00fc\u00fcpi h\u00fcdro\u00f5li ja kandke seda peale soovitatud intervallidega.<\/li>\n<li><strong>Tihendi vahetamine:<\/strong> Kontrollige ja vahetage hoolduse osana regulaarselt tihendeid, et s\u00e4ilitada j\u00f5udlus ja v\u00e4ltida lekkeid, tagades h\u00fcdraulikas\u00fcsteemi pikaealisuse.<\/li>\n<\/ul>\n<h2>Paigaldusjuhend<\/h2>\n<p>Poomi silindri \u00f5ige paigaldamine on optimaalse j\u00f5udluse saavutamiseks \u00fclioluline. Veenduge, et paigalduskoht oleks puhas ja prahist vaba. Joondage h\u00fcdrosilinder \u00f5igesti kinnitusklambritega, veendudes, et k\u00f5ik poldid on tootja spetsifikatsioonide kohaselt pingutatud.<\/p>\n<p>Paigaldamise ajal kasutage silindri paigal kinnitamiseks sobivaid paigaldustugesid. Enne kokkupaneku l\u00f5plikku vormistamist on oluline kontrollida, et silinder oleks \u00f5igesti joondatud, et v\u00e4ltida joondusprobleeme, mis v\u00f5ivad t\u00f6\u00f6d m\u00f5jutada.<\/p>\n<p>P\u00e4rast paigaldamist kontrollige h\u00fcdraulikas\u00fcsteemi lekete suhtes ja veenduge, et silinder liigub vabalt ja takistusteta. J\u00e4rgige tootja juhiseid k\u00f5igi konkreetsete paigaldusn\u00f5uete kohta.<\/p>\n<h2>Hooldus\u00fclesanded<\/h2>\n<ul>\n<li><strong>Regulaarsed kontrollid:<\/strong> H\u00fcdrosilindri regulaarne kontroll aitab probleeme varakult avastada. Kontrollide k\u00e4igus otsige kulumise, lekete v\u00f5i joondamise m\u00e4rke.<\/li>\n<li><strong>\u00d5ige m\u00e4\u00e4rimine:<\/strong> Silindri toimimise s\u00e4ilitamiseks ja selle eluea pikendamiseks lisage h\u00fcdraulika\u00f5li sobivate intervallidega.<\/li>\n<li><strong>Tihendi vahetamine:<\/strong> Kontrollige regulaarselt tihendeid ja vahetage need vastavalt vajadusele, et s\u00e4ilitada h\u00fcdrauliline r\u00f5hk ja v\u00e4ltida lekkeid.<\/li>\n<\/ul>\n<p>H\u00fcdrauliliste silindrite efektiivsuse tagamiseks on \u00fclioluline \u00f5ige paigaldamine, m\u00e4\u00e4rimine ja reguleerimine. Paigaldamise ajal veenduge, et silinder oleks \u00f5igesti joondatud. Silindri t\u00f5husaks kinnitamiseks on soovitatav kasutada sobivaid kinnitusklambreid. Regulaarse kontrolli, remondi ja vahetuse programmi rakendamine aitab s\u00e4ilitada silindri j\u00f5udlust ja pikendada selle kasutusiga.<\/p>\n<p><img decoding=\"async\" src=\"https:\/\/www.hydraulic-cylinders.net\/wp-content\/uploads\/2025\/04\/songte-chushion-collar.webp\" alt=\"Padjakaelus\" \/><\/p>\n<h2>Ohutuskaalutlused ja keskkonnategurid<\/h2>\n<p>H\u00fcdrauliliste silindrite kasutamisel on oluline rakendada ohutusmeetmeid. Operaatorid peaksid olema koolitatud m\u00f5istma seadmete t\u00f6\u00f6piiranguid ja ohutusfunktsioone. Ohutusprotokollide j\u00e4rgimise tagamine minimeerib h\u00fcdrauliliste masinatega seotud \u00f5nnetuste ja vigastuste ohtu.<\/p>\n<h2>Rikete diagnoosimine ja levinud probleemid<\/h2>\n<ul>\n<li><strong>H\u00fcdraulilised lekked:<\/strong> H\u00fcdraulikas\u00fcsteemides on lekkeid sageli p\u00f5hjustavate kulunud tihendid v\u00f5i kahjustatud voolikud. Nende kiire k\u00f5rvaldamine on s\u00fcsteemi t\u00f5hususe s\u00e4ilitamiseks \u00fclioluline.<\/li>\n<li><strong>Halb toimimine:<\/strong> Kui poomi silinder ei t\u00f6\u00f6ta sujuvalt, v\u00f5ib see viidata madalale h\u00fcdraulikavedeliku tasemele v\u00f5i silindri sisemisele kahjustusele. Regulaarne kontroll ja hooldus aitavad neid probleeme v\u00e4ltida.<\/li>\n<li><strong>Ebatavalised helid:<\/strong> T\u00f6\u00f6tamise ajal tekkivad m\u00fcrad v\u00f5ivad viidata probleemidele, nagu ebapiisav m\u00e4\u00e4rimine v\u00f5i mehaaniline rike. Nende helide varajane tuvastamine ja k\u00f5rvaldamine aitab v\u00e4hendada t\u00f5siste kahjustuste ohtu.<\/li>\n<\/ul>\n<h2>Vigade k\u00e4sitlemise n\u00e4pun\u00e4ited<\/h2>\n<p>H\u00fcdrauliliste silindrite probleemide t\u00f5husaks diagnoosimiseks ja lahendamiseks peaksid operaatorid j\u00e4rgima s\u00fcstemaatilist l\u00e4henemisviisi. Alustage selliste s\u00fcmptomite tuvastamisest nagu lekked, halb toimimine v\u00f5i kummalised helid. Kontrollige h\u00fcdraulikavedeliku taset ning kontrollige tihendeid ja voolikuid kulumise v\u00f5i kahjustuste suhtes. Kui probleemid p\u00fcsivad, lugege konkreetsete probleemide t\u00f5rkeotsingu kohta tootja juhiseid.<\/p>\n<p>Ennetavad meetmed, nagu regulaarne hooldus ja kulunud osade \u00f5igeaegne v\u00e4ljavahetamine, v\u00f5ivad oluliselt v\u00e4hendada probleemide tekkimise t\u00f5en\u00e4osust, tagades h\u00fcdros\u00fcsteemi sujuva t\u00f6\u00f6.<\/p>\n<p><img decoding=\"async\" src=\"https:\/\/www.hydraulic-cylinders.net\/wp-content\/uploads\/2025\/04\/songte-bushings-with-all-kinds-of-excavator-models.webp\" alt=\"Puksid\" \/><\/p>\n<h2>Meie ettev\u00f5ttest<\/h2>\n<p>Oleme asendush\u00fcdrauliliste silindrite tootja, pakkudes laia tootevalikut. Meie ettev\u00f5ttest on saanud \u00fcks juhtivaid h\u00fcdrosilindrite tootjaid ja hulgim\u00fc\u00fcjaid nii sise- kui ka rahvusvahelistel turgudel. J\u00e4rgime tipptaseme p\u00f5him\u00f5tteid, tuginedes peenh\u00e4\u00e4lestatud tootmisjuhtimise strateegiale.<\/p>\n<p>Meie l\u00e4henemisviis keskendub oskusliku personali, t\u00e4iustatud digitaalsete tootmisseadmete ja professionaalsete testimiss\u00fcsteemide kasutamisele, et suurendada oma tootmisv\u00f5imsust. T\u00e4iustame pidevalt oma tootmisprotsesse, tagades kvaliteetsed tootmismarsruudid ja tugeva loomingulise v\u00f5imekuse, et rahuldada klientide mitmekesiseid vajadusi.<\/p>\n<p>P\u00fchendudes professionaalsusele, rahvusvahelisele sertifitseerimisele, kohandatud teenustele, t\u00e4iustatud tootmisseadmetele ja igak\u00fclgsele m\u00fc\u00fcgij\u00e4rgsele toele, p\u00fc\u00fcame pakkuda oma klientidele parimaid lahendusi.<\/p>\n<p><img decoding=\"async\" src=\"https:\/\/www.hydraulic-cylinders.net\/wp-content\/uploads\/2025\/04\/songte-company-4.webp\" alt=\"Ettev\u00f5tte \u00fclevaade\" \/><br \/>\n<img decoding=\"async\" src=\"https:\/\/www.hydraulic-cylinders.net\/wp-content\/uploads\/2025\/04\/songte-company-3.webp\" alt=\"Ettev\u00f5tte rajatis\" \/><\/p>\n<p>Autor: lyl<\/p>","protected":false},"excerpt":{"rendered":"<p>Boom Cylinder For Volwa Middle Excavator DLS270-8B Product Overview The Boom Cylinder for Volwa Middle Excavator DLS270-8B is an essential component of heavy machinery, specifically designed to control the movement of the boom on excavators. This hydraulic cylinder plays a crucial role in the operation of various heavy equipment, ensuring efficient handling of materials in [&hellip;]<\/p>","protected":false},"featured_media":17876,"comment_status":"open","ping_status":"closed","template":"","meta":{"_et_pb_use_builder":"","_et_pb_old_content":"","_et_gb_content_width":""},"product_brand":[],"product_cat":[1546],"product_tag":[1547,1496],"class_list":{"0":"post-19613","1":"product","2":"type-product","3":"status-publish","4":"has-post-thumbnail","6":"product_cat-boom-cylinders","7":"product_tag-boom-cylinders","8":"product_tag-hydraulic-cylinders","10":"first","11":"instock","12":"shipping-taxable","13":"product-type-simple"},"amp_enabled":true,"_links":{"self":[{"href":"https:\/\/www.hydraulic-cylinders.net\/et\/wp-json\/wp\/v2\/product\/19613","targetHints":{"allow":["GET"]}}],"collection":[{"href":"https:\/\/www.hydraulic-cylinders.net\/et\/wp-json\/wp\/v2\/product"}],"about":[{"href":"https:\/\/www.hydraulic-cylinders.net\/et\/wp-json\/wp\/v2\/types\/product"}],"replies":[{"embeddable":true,"href":"https:\/\/www.hydraulic-cylinders.net\/et\/wp-json\/wp\/v2\/comments?post=19613"}],"wp:featuredmedia":[{"embeddable":true,"href":"https:\/\/www.hydraulic-cylinders.net\/et\/wp-json\/wp\/v2\/media\/17876"}],"wp:attachment":[{"href":"https:\/\/www.hydraulic-cylinders.net\/et\/wp-json\/wp\/v2\/media?parent=19613"}],"wp:term":[{"taxonomy":"product_brand","embeddable":true,"href":"https:\/\/www.hydraulic-cylinders.net\/et\/wp-json\/wp\/v2\/product_brand?post=19613"},{"taxonomy":"product_cat","embeddable":true,"href":"https:\/\/www.hydraulic-cylinders.net\/et\/wp-json\/wp\/v2\/product_cat?post=19613"},{"taxonomy":"product_tag","embeddable":true,"href":"https:\/\/www.hydraulic-cylinders.net\/et\/wp-json\/wp\/v2\/product_tag?post=19613"}],"curies":[{"name":"wp","href":"https:\/\/api.w.org\/{rel}","templated":true}]}}