{"id":19616,"date":"2025-04-07T06:57:32","date_gmt":"2025-04-07T06:57:32","guid":{"rendered":"https:\/\/www.hydraulic-cylinders.net\/product\/boom-cylinder-for-volwa-large-excavator-dls450-8b\/"},"modified":"2025-04-07T06:57:34","modified_gmt":"2025-04-07T06:57:34","slug":"boom-cylinder-for-volwa-large-excavator-dls450-8b","status":"publish","type":"product","link":"https:\/\/www.hydraulic-cylinders.net\/et\/toode\/boom-cylinder-for-volwa-large-excavator-dls450-8b\/","title":{"rendered":"Volwa suure ekskavaatori DLS450-8B poomi silinder"},"content":{"rendered":"<h1>Volwa suure ekskavaatori DLS450-8B poomi silinder<\/h1>\n<h2>Toote \u00fclevaade<\/h2>\n<p>See <strong>Volwa suure ekskavaatori DLS450-8B poomi silinder<\/strong> on raskete masinate h\u00fcdros\u00fcsteemide oluline komponent. Seda t\u00fc\u00fcpi h\u00fcdrosilinder on spetsiaalselt loodud mitmesuguste raskete seadmete, n\u00e4iteks ekskavaatorite, laadur-ekskavaatori ja esilaaduri koppade liikumise juhtimiseks. See v\u00f5imaldab koppal t\u00f5usta, langetada ja kallutada, h\u00f5lbustades materjalide k\u00e4itlemise \u00fclesandeid t\u00f5husalt. Kopa silinder on oluline vajaliku j\u00f5u ja liikumise tagamiseks nende masinate t\u00f5husaks t\u00f6\u00f6ks.<\/p>\n<p><img decoding=\"async\" src=\"https:\/\/www.hydraulic-cylinders.net\/wp-content\/uploads\/2025\/04\/songte-company-1.webp\" alt=\"Poomi silinder\" \/><\/p>\n<h2>Poomi silindri omadused<\/h2>\n<ul>\n<li><strong>Suur tugevus ja vastupidavus:<\/strong> See \u00fclitugevast terasest v\u00f5i alumiiniumist valmistatud silinder talub k\u00f5rget r\u00f5hku ja suuri koormusi, mist\u00f5ttu sobib see karmidesse t\u00f6\u00f6keskkondadesse. Selle konstruktsioonis on arvestatud kulumiskindluse ja korrosioonikindlusega, tagades pikema eluea.<\/li>\n<li><strong>T\u00f5hus h\u00fcdrauliline t\u00f6\u00f6:<\/strong> H\u00fcdraulilise \u00f5li r\u00f5hu abil tagab silinder sujuva pikenemise ja tagasit\u00f5mbumise, v\u00f5imaldades kiiret reageerimist juhtimisk\u00e4sklustele ning v\u00f5imsate t\u00f5uke- ja t\u00f5mbej\u00f5udude pakkumist raskete ja keerukate \u00fclesannete t\u00e4itmiseks.<\/li>\n<li><strong>Erinevad t\u00fc\u00fcbid:<\/strong> Saadaval \u00fchetoimelise (h\u00fcdrauliline funktsioon \u00fches suunas) v\u00f5i kahetoimelise (h\u00fcdrauliline funktsioon m\u00f5lemas suunas) variandina, et rahuldada erinevaid t\u00f6\u00f6vajadusi. M\u00f5ned mudelid on teleskoopilised, v\u00f5imaldades suuremat pikendust ilma v\u00e4lism\u00f5\u00f5tmeid suurendamata, mis sobib ideaalselt piiratud ruumiga rakenduste jaoks.<\/li>\n<li><strong>Kohandatavad lahendused:<\/strong> Meie tooted suudavad ideaalselt asendada mitmesuguseid h\u00fcdraulilisi silindreid, pakkudes paindlikkust klientide konkreetsete vajaduste rahuldamisel.<\/li>\n<\/ul>\n<p><img decoding=\"async\" src=\"https:\/\/www.hydraulic-cylinders.net\/wp-content\/uploads\/2025\/04\/songte-cylinder-head-with-all-kinds-excavator-models.webp\" alt=\"Silindripea\" \/><\/p>\n<h2>Poomi silindri rakendused<\/h2>\n<h3>Ehitustehnika<\/h3>\n<p>Ekskavaatorites on noolesilindrid \u00fcliolulised kaevamiseks, laadimiseks ja mulla v\u00f5i prahi teisaldamiseks. Need aitavad tagada vajaliku j\u00f5u tungida l\u00e4bi k\u00f5vade materjalide, muutes need iga ehitusprojekti jaoks asendamatuks.<\/p>\n<h3>P\u00f5llumajandustehnika<\/h3>\n<p>Esilaadurites m\u00e4ngivad noolesilindrid olulist rolli mulla, heina ja muude materjalide t\u00f5stmisel, kopal ja transportimisel. Nende t\u00f5husus suurendab p\u00f5llumajandust\u00f6\u00f6de tootlikkust, muutes need p\u00f5llumajandustegevuse v\u00f5tmekomponendiks.<\/p>\n<h3>Ekskavaatorid<\/h3>\n<p>Kaevamist\u00f6\u00f6del v\u00f5imaldavad noolesilindrid kopal t\u00f5husalt pinnasesse tungida, h\u00f5lbustades kaevamist\u00f6id. Nende konstruktsioon tagab, et need suudavad hakkama saada nende protsessidega kaasnevate pingetega, parandades seel\u00e4bi masina \u00fcldist j\u00f5udlust.<\/p>\n<h3>Laadurid<\/h3>\n<p>Frontaallaadurites aitavad need silindrid koormaid t\u00f5husalt t\u00f5sta ja t\u00fchjendada. Nende usaldusv\u00e4\u00e4rne t\u00f6\u00f6 tagab materjalide kiire ja t\u00e4pse teisaldamise, mis on iga laadimis\u00fclesande puhul oluline.<\/p>\n<h2>Projekteerimiskaalutlused ja valikukriteeriumid<\/h2>\n<h3>Kandev\u00f5ime<\/h3>\n<p>Noole silindri valimisel on oluline hinnata selle kandev\u00f5imet. Silinder peab suutma taluda maksimaalseid koormusi, millega t\u00f6\u00f6tamise ajal kokku puutuda v\u00f5ib. Koormusreitingute n\u00f5uetekohane hindamine tagab ohutu ja t\u00f5husa kasutamise, ennetades \u00fclekoormusest tulenevaid v\u00f5imalikke rikkeid.<\/p>\n<h3>Tihenduss\u00fcsteem<\/h3>\n<p>H\u00fcdrauliliste silindrite puhul on tihendamine oluline aspekt. Kvaliteetsed tihendid hoiavad \u00e4ra h\u00fcdraulilise vedeliku lekked, mis v\u00f5ivad v\u00e4hendada j\u00f5udlust ja suurendada hoolduskulusid. \u00d5iged tihendid pikendavad silindri eluiga ja s\u00e4ilitavad selle efektiivsuse aja jooksul.<\/p>\n<h3>Vastupidavus<\/h3>\n<p>Vastupidavus on v\u00f5tmet\u00e4htsusega, eriti karmides t\u00f6\u00f6keskkondades. Kulumis- ja korrosioonikindlate materjalide valimine v\u00f5ib oluliselt pikendada poomi silindri eluiga. Materjali terviklikkuse regulaarne hindamine aitab ka ennetavalt potentsiaalseid probleeme lahendada.<\/p>\n<h3>Turvaelemendid<\/h3>\n<p>Ohutust disainimisel ei tohiks kunagi ohtu seada. Selliste omaduste nagu r\u00f5huvabastusventiilide lisamine aitab v\u00e4ltida ballooni rikkeid. T\u00f6\u00f6ohutuse standardite j\u00e4rgimine kaitseb mitte ainult seadmeid, vaid ka operaatoreid ja \u00fcmbritsevat personali.<\/p>\n<h3>Hooldatavus<\/h3>\n<p>L\u00f5puks on hoolduse lihtsus \u00fclioluline. H\u00e4sti disainitud silinder peaks v\u00f5imaldama lihtsat kontrolli ja hooldust. Lihtne juurdep\u00e4\u00e4s komponentidele, nagu tihendid ja m\u00e4\u00e4rdeained, v\u00f5imaldab teha regulaarseid hoolduskontrolle, pikendades toote kasutusiga.<\/p>\n<p><img decoding=\"async\" src=\"https:\/\/www.hydraulic-cylinders.net\/wp-content\/uploads\/2025\/04\/songte-oil-pipes-and-spare-parts.webp\" alt=\"\u00d5litorud ja varuosad\" \/><\/p>\n<h2>Tihendus ja m\u00e4\u00e4rimine<\/h2>\n<p>H\u00fcdraulilise silindri terviklikkuse s\u00e4ilitamiseks on oluline kasutada mitmesuguseid tihenduskomponente, n\u00e4iteks kolvitihendeid ja varrastihendeid. Tihendid on tavaliselt valmistatud kulumiskindlatest materjalidest, nagu pol\u00fcuretaan ja nitriilkummi, mis on valitud vastupidavuse ja k\u00f5rge r\u00f5hu taluvuse t\u00f5ttu. Silindri korpus ja keermestatud otsad l\u00e4bivad t\u00e4pse t\u00f6\u00f6tlemise, et suurendada kulumiskindlust. Silindri sujuva t\u00f6\u00f6 tagamiseks ja liikuvate osade kulumise minimeerimiseks on vajalik regulaarne m\u00e4\u00e4rimine sobiva h\u00fcdraulika\u00f5liga.<\/p>\n<h2>Regulaarne kontroll ja ennetav hooldus<\/h2>\n<ul>\n<li><strong>Regulaarsed kontrollid:<\/strong> Planeerige regulaarseid visuaalseid ja t\u00f6\u00f6kontrolle, et tuvastada kulumise, lekete v\u00f5i kahjustuste m\u00e4rke. Probleemide varajane avastamine aitab v\u00e4ltida kulukaid remondit\u00f6id tulevikus.<\/li>\n<li><strong>\u00d5ige m\u00e4\u00e4rimine:<\/strong> Veenduge, et h\u00fcdraulika\u00f5li tase oleks piisav. M\u00e4\u00e4rimine toetab optimaalset j\u00f5udlust ja v\u00e4hendab h\u00f5\u00f5rdumist liikuvate osade vahel, minimeerides kulumist.<\/li>\n<li><strong>Tihendi vahetamine:<\/strong> Aja jooksul v\u00f5ivad tihendid kulumise v\u00f5i keskkonnam\u00f5jude t\u00f5ttu halveneda. Lekete v\u00e4ltimiseks ja efektiivsuse s\u00e4ilitamiseks kontrollige ja vahetage tihendeid regulaarselt.<\/li>\n<\/ul>\n<h2>Paigaldusjuhised<\/h2>\n<p>Poomi silindri \u00f5ige paigaldamine on usaldusv\u00e4\u00e4rse j\u00f5udluse tagamiseks kriitilise t\u00e4htsusega. Alustuseks veenduge, et k\u00f5ik komponendid on puhtad ja prahist vabad. Kasutage silindri kinnitamiseks sobivaid kinnitusklambreid, veendudes, et see on masina t\u00f6\u00f6komponentidega \u00f5igesti joondatud. J\u00e4rgige tootja spetsifikatsioone p\u00f6\u00f6rdemomendi s\u00e4tete kohta, et v\u00e4ltida \u00fclepingutamist, mis v\u00f5ib silindrit kahjustada. P\u00e4rast paigaldamist kontrollige p\u00f5hjalikult k\u00f5iki liitmikke ja \u00fchendusi, et need oleksid kindlalt paigas. L\u00f5puks testige s\u00fcsteemi enne t\u00e4ielikku t\u00f6\u00f6tamist madala r\u00f5hu all, et veenduda, et k\u00f5ik toimib \u00f5igesti.<\/p>\n<p><img decoding=\"async\" src=\"https:\/\/www.hydraulic-cylinders.net\/wp-content\/uploads\/2025\/04\/songte-chushion-collar.webp\" alt=\"Padjakaelus\" \/><\/p>\n<h2>Ohutuskaalutlused ja keskkonnategurid<\/h2>\n<p>Poomisilindrite kasutamisel on oluline j\u00e4rgida ohutusmeetmeid. Operaatorid peaksid olema koolitatud h\u00fcdraulikaseadmete n\u00f5uetekohaseks kasutamiseks ja k\u00e4sitsemiseks, et maandada riske. Lisaks tuleks j\u00e4rgida n\u00f5uetekohaseid keskkonnapraktikaid, et v\u00e4ltida h\u00fcdraulikavedeliku lekkeid, mis v\u00f5ivad kahjustada \u00f6kos\u00fcsteeme. Regulaarne koolitus ohutusprotokollide ja hooldustavade kohta edendab operaatorite seas ohutus- ja vastutustundlikkuse kultuuri.<\/p>\n<h2>Rikete diagnoosimine ja levinud probleemid<\/h2>\n<ul>\n<li><strong>Vedeliku leke:<\/strong> Kontrollige regulaarselt tihendeid ja \u00fchendusi. Vahetage kahjustatud tihendid viivitamatult v\u00e4lja, et v\u00e4ltida h\u00fcdraulikavedeliku kadu, mis v\u00f5ib v\u00e4hendada j\u00f5udlust.<\/li>\n<li><strong>M\u00fcrane t\u00f6\u00f6:<\/strong> Ebatavalised helid v\u00f5ivad viidata ebapiisavale m\u00e4\u00e4rimisele v\u00f5i sisemiste komponentide kulumisele. Kontrollige m\u00e4\u00e4rimistaset ja kaaluge silindri p\u00f5hjalikku \u00fclevaatust.<\/li>\n<li><strong>Ebaj\u00e4rjekindel liikumine:<\/strong> Kui silinder ei ulatu v\u00e4lja ega t\u00f5mbu sisse sujuvalt, v\u00f5ib see olla tingitud s\u00fcsteemis olevast \u00f5hust v\u00f5i ebapiisavast h\u00fcdraulikavedeliku tasemest. \u00d5hutage s\u00fcsteemi ja lisage vajadusel h\u00fcdraulikavedelikku.<\/li>\n<\/ul>\n<h2>Veaotsingu n\u00e4pun\u00e4ited<\/h2>\n<p>Probleemide t\u00f5husaks diagnoosimiseks ja lahendamiseks on oluline j\u00e4rgida s\u00fcstemaatilist l\u00e4henemisviisi. Alustage visuaalse kontrolliga, et tuvastada k\u00f5ik ilmsed kulumise v\u00f5i kahjustuste tunnused. Pidage hooldustegevuste logi, et j\u00e4lgida j\u00f5udlust ja probleeme aja jooksul. Rakendage regulaarset ennetava hoolduse ajakava, et minimeerida v\u00f5imalikke probleeme ja tagada optimaalne funktsionaalsus. L\u00f5puks tutvuge tootja juhistega konkreetsete t\u00f5rkeotsingu protseduuride ja soovituste kohta.<\/p>\n<p><img decoding=\"async\" src=\"https:\/\/www.hydraulic-cylinders.net\/wp-content\/uploads\/2025\/04\/songte-bushings-with-all-kinds-of-excavator-models.webp\" alt=\"Puksid\" \/><\/p>\n<h2>Meie ettev\u00f5ttest<\/h2>\n<p>Oleme tootja, mis on spetsialiseerunud asendush\u00fcdrauliliste silindrite tootmisele. Meie lai tootevalik on teinud meist \u00fche juhtiva h\u00fcdrauliliste silindrite tootja ja hulgim\u00fc\u00fcja nii sise- kui ka rahvusvahelisel turul. J\u00e4rgime tipptaseme p\u00f5him\u00f5tet, rakendades detailset tootmist\u00f6\u00f6koja strateegiat. Keskendudes tehnoloogilisele talendile, tipptasemel digitaalsetele tootmisseadmetele ja spetsialiseeritud kontrolls\u00fcsteemidele, t\u00e4iustame pidevalt oma tootmisv\u00f5imalusi. Meie p\u00fchendumus k\u00f5rgele efektiivsusele, t\u00e4psusele ja kvaliteedile tagab, et rahuldame oma klientide mitmekesiseid vajadusi.<\/p>\n<p><img decoding=\"async\" src=\"https:\/\/www.hydraulic-cylinders.net\/wp-content\/uploads\/2025\/04\/songte-company-4.webp\" alt=\"Ettev\u00f5tte \u00fclevaade\" \/><br \/>\n<img decoding=\"async\" src=\"https:\/\/www.hydraulic-cylinders.net\/wp-content\/uploads\/2025\/04\/songte-company-3.webp\" alt=\"Ettev\u00f5tte rajatised\" \/><\/p>\n<p>Autor: lyl<\/p>","protected":false},"excerpt":{"rendered":"<p>Boom Cylinder For Volwa Large Excavator DLS450-8B Product Overview The Boom Cylinder for Volwa Large Excavator DLS450-8B is a crucial component in the hydraulic systems of heavy machinery. This type of hydraulic cylinder is specifically designed to control the movement of buckets in various heavy equipment like excavators, backhoe loaders, and front-end loaders. It enables [&hellip;]<\/p>","protected":false},"featured_media":17879,"comment_status":"open","ping_status":"closed","template":"","meta":{"_et_pb_use_builder":"","_et_pb_old_content":"","_et_gb_content_width":""},"product_brand":[],"product_cat":[1546],"product_tag":[1547,1496],"class_list":{"0":"post-19616","1":"product","2":"type-product","3":"status-publish","4":"has-post-thumbnail","6":"product_cat-boom-cylinders","7":"product_tag-boom-cylinders","8":"product_tag-hydraulic-cylinders","10":"first","11":"instock","12":"shipping-taxable","13":"product-type-simple"},"amp_enabled":true,"_links":{"self":[{"href":"https:\/\/www.hydraulic-cylinders.net\/et\/wp-json\/wp\/v2\/product\/19616","targetHints":{"allow":["GET"]}}],"collection":[{"href":"https:\/\/www.hydraulic-cylinders.net\/et\/wp-json\/wp\/v2\/product"}],"about":[{"href":"https:\/\/www.hydraulic-cylinders.net\/et\/wp-json\/wp\/v2\/types\/product"}],"replies":[{"embeddable":true,"href":"https:\/\/www.hydraulic-cylinders.net\/et\/wp-json\/wp\/v2\/comments?post=19616"}],"wp:featuredmedia":[{"embeddable":true,"href":"https:\/\/www.hydraulic-cylinders.net\/et\/wp-json\/wp\/v2\/media\/17879"}],"wp:attachment":[{"href":"https:\/\/www.hydraulic-cylinders.net\/et\/wp-json\/wp\/v2\/media?parent=19616"}],"wp:term":[{"taxonomy":"product_brand","embeddable":true,"href":"https:\/\/www.hydraulic-cylinders.net\/et\/wp-json\/wp\/v2\/product_brand?post=19616"},{"taxonomy":"product_cat","embeddable":true,"href":"https:\/\/www.hydraulic-cylinders.net\/et\/wp-json\/wp\/v2\/product_cat?post=19616"},{"taxonomy":"product_tag","embeddable":true,"href":"https:\/\/www.hydraulic-cylinders.net\/et\/wp-json\/wp\/v2\/product_tag?post=19616"}],"curies":[{"name":"wp","href":"https:\/\/api.w.org\/{rel}","templated":true}]}}