{"id":19618,"date":"2025-04-07T06:57:50","date_gmt":"2025-04-07T06:57:50","guid":{"rendered":"https:\/\/www.hydraulic-cylinders.net\/product\/boom-cylinder-for-volwa-wheel-excavator-dls890-9a\/"},"modified":"2025-04-07T06:57:53","modified_gmt":"2025-04-07T06:57:53","slug":"boom-cylinder-for-volwa-wheel-excavator-dls890-9a","status":"publish","type":"product","link":"https:\/\/www.hydraulic-cylinders.net\/et\/toode\/boom-cylinder-for-volwa-wheel-excavator-dls890-9a\/","title":{"rendered":"Volwa ratasekskavaatori DLS890-9A poomi silinder"},"content":{"rendered":"<h1>Volwa ratasekskavaatori DLS890-9A poomi silinder<\/h1>\n<h2>Toote \u00fclevaade<\/h2>\n<p>The Boom Cylinder for Volwa Wheel Excavator DLS890-9A is a specialized hydraulic cylinder designed to optimize the functionality of excavators. These cylinders enable precise control of the bucket&#8217;s movement, which is crucial for various heavy machinery tasks. As a type of hydraulic cylinder, the bucket cylinder is essential in controlling the motion of the bucket in heavy equipment such as excavators, backhoe loaders, and front-end loaders. They facilitate the lifting, lowering, and tilting of the bucket, making them indispensable for material handling tasks.<\/p>\n<p><img decoding=\"async\" src=\"https:\/\/www.hydraulic-cylinders.net\/wp-content\/uploads\/2025\/04\/songte-company-1.webp\" alt=\"Ekskavaatori poomi silinder\" \/><\/p>\n<h3>Definitsioon ja t\u00e4htsus<\/h3>\n<p>Kopasilindrid on spetsiaalselt rasketehnika jaoks loodud h\u00fcdraulilised silindrid, mis v\u00f5imaldavad neil mitmesuguseid \u00fclesandeid t\u00f5husalt t\u00e4ita. Need silindrid t\u00f6\u00f6tavad h\u00fcdraulilise energia mehaaniliseks energiaks muutmise teel, pakkudes seel\u00e4bi vajalikku j\u00f5udu n\u00f5udlike \u00fclesannete t\u00e4itmiseks. Need on \u00fcliolulised ekskavaatorite ja sarnaste seadmete t\u00f6\u00f6 efektiivsuse ja t\u00f5hususe suurendamisel, v\u00f5imaldades operaatoritel materjalide k\u00e4sitsemisel, kaevamisel v\u00f5i koormate t\u00f5stmisel t\u00e4pseid toiminguid teha.<\/p>\n<h2>Poomi silindri omadused<\/h2>\n<ul>\n<li><strong>Suur tugevus ja vastupidavus:<\/strong> Need \u00fclitugevast terasest v\u00f5i alumiiniumist valmistatud silindrid taluvad k\u00f5rget r\u00f5hku ja suuri koormusi, kohandudes samal ajal karmide t\u00f6\u00f6keskkondadega. Need on konstrueeritud kulumiskindlaks ja korrosioonikindlaks, mis pikendab nende eluiga.<\/li>\n<li><strong>T\u00f5hus h\u00fcdrauliline t\u00f6\u00f6:<\/strong> H\u00fcdraulilise \u00f5li r\u00f5hu kasutamine v\u00f5imaldab sujuvat pikendamist ja tagasit\u00f5mbamist. Need silindrid reageerivad kiiresti t\u00f6\u00f6k\u00e4skudele, pakkudes v\u00f5imsaid t\u00f5uke- ja t\u00f5mbej\u00f5ude, mis sobivad raskete esemete ja keerukate \u00fclesannete k\u00e4sitsemiseks.<\/li>\n<li><strong>Erinevad t\u00fc\u00fcbid:<\/strong> Saadaval \u00fchetoimeliste (h\u00fcdraulilise r\u00f5hu kasutamine \u00fches suunas) v\u00f5i kahetoimeliste (h\u00fcdraulilise r\u00f5hu kasutamine m\u00f5lemas suunas) silindritega, et rahuldada erinevaid t\u00f6\u00f6vajadusi. Teatud mudelid on teleskoopilised, mis v\u00f5imaldab suuremat pikendamist ilma v\u00e4lism\u00f5\u00f5tmeid suurendamata, mis sobib ideaalselt ruumikitsastes rakendustes.<\/li>\n<li><strong>Kohandatavad valikud:<\/strong> Tooteid saab kohandada vastavalt konkreetsetele n\u00f5uetele, tagades \u00fchilduvuse erinevate ekskavaatorimudelite ja t\u00f6\u00f6n\u00f5uetega.<\/li>\n<li><strong>Kvaliteetne tootmine:<\/strong> Meie silindrid on toodetud t\u00e4ppistehnoloogia abil, vastates rangetele t\u00f6\u00f6stusstandarditele, et tagada t\u00f6\u00f6kindlus ja j\u00f5udlus.<\/li>\n<\/ul>\n<p>Me saame seda toodet toota ja meie h\u00fcdrosilindrid saavad olemasolevaid valikuid ideaalselt asendada.<\/p>\n<p><img decoding=\"async\" src=\"https:\/\/www.hydraulic-cylinders.net\/wp-content\/uploads\/2025\/04\/songte-cylinder-head-with-all-kinds-excavator-models.webp\" alt=\"Ekskavaatori mudelid\" \/><\/p>\n<h2>Poomi silindri rakendused<\/h2>\n<h3>Ehitustehnika<\/h3>\n<p>Ekskavaatorites on noolesilindrid \u00fcliolulised kaevamiseks, laadimiseks ja pinnase v\u00f5i prahi teisaldamiseks. Need v\u00f5imaldavad kaevamist ja h\u00f5lbustavad raskete koormate t\u00f5stmist, suurendades ehitust\u00f6\u00f6de efektiivsust. Ekskavaatorid kasutavad noolesilindreid nii kaevamiseks kui ka t\u00f5stmiseks, muutes need masina lahutamatuks osaks.<\/p>\n<h3>P\u00f5llumajandustehnika<\/h3>\n<p>Esilaadurites on noolesilindrid h\u00e4davajalikud mulla, heina ja muude materjalide kopeerimiseks, t\u00f5stmiseks ja transportimiseks. Nende usaldusv\u00e4\u00e4rne t\u00f6\u00f6 tagab p\u00f5llumajandust\u00f6\u00f6de kiire ja t\u00f5husa l\u00f5puleviimise, aidates kaasa p\u00f5llumajandustegevuse paremale tootlikkusele.<\/p>\n<h3>Ekskavaatorid<\/h3>\n<p>Ekskavaatori poomi silindrid v\u00f5imaldavad kopal kaevamise ajal pinnasesse tungida, mist\u00f5ttu on need ehitus- ja haljastusprojektides \u00fcliolulised. Need silindrid pakuvad vajalikku j\u00f5udu k\u00f5va pinnase l\u00e4bistamiseks ja materjalide t\u00f5husaks transportimiseks.<\/p>\n<h3>Laadurid<\/h3>\n<p>Esilaaduritel aitavad noolesilindrid koormaid t\u00f5husalt t\u00f5sta ja t\u00fchjendada. Nende v\u00f5ime r\u00f5hu all sujuvalt t\u00f6\u00f6tada v\u00f5imaldab laaduritel hakkama saada mitmesuguste \u00fclesannetega, alates kruusa teisaldamisest kuni prahi koristamiseni.<\/p>\n<h2>Projekteerimiskaalutlused ja valikukriteeriumid<\/h2>\n<h3>Kandev\u00f5ime<\/h3>\n<p>Poomi silindri valimisel on esmat\u00e4htis kaalutlus kandev\u00f5ime. Silinder peab suutma taluda t\u00f6\u00f6 ajal eeldatavat maksimaalset koormust, et v\u00e4ltida rikkeid ja tagada ohutus. Maksimaalse t\u00f5stetava raskuse osas tuleks alati j\u00e4rgida tehnilisi spetsifikatsioone.<\/p>\n<h3>Tihendusv\u00f5ime<\/h3>\n<p>Tihendus on silindri h\u00fcdraulilise r\u00f5hu s\u00e4ilitamiseks \u00fclioluline. Kvaliteetsed tihendid hoiavad \u00e4ra \u00f5lilekke, tagades t\u00f5husa t\u00f6\u00f6 ja minimeerides keskkonnam\u00f5ju. Kulunud komponentide v\u00e4ljavahetamiseks enne nende riket on vaja tihendeid regulaarselt kontrollida.<\/p>\n<h3>Vastupidavus<\/h3>\n<p>H\u00fcdrosilindri vastupidavus on oluline, eriti n\u00f5udlikes keskkondades. Kulumiskindlate materjalide, n\u00e4iteks karastatud terase kasutamine pikendab silindri eluiga ja v\u00e4hendab vahetuste sagedust.<\/p>\n<h3>Ohutus<\/h3>\n<p>Ohutusfunktsioonid on ballooni konstruktsiooni oluline aspekt. See h\u00f5lmab r\u00f5hualandusventiile, mis takistavad \u00fcler\u00f5hu tekkimist ja tagavad ohutu t\u00f6\u00f6. Operaatorid peaksid alati olema koolitatud \u00e4ra tundma ballooni v\u00f5imaliku rikke s\u00fcmptomeid, et v\u00e4hendada riske.<\/p>\n<h3>Hooldatavus<\/h3>\n<p>Hoolduse lihtsus on iga h\u00fcdrosilindri puhul oluline kaalutlus. Konstruktsioonid, mis v\u00f5imaldavad lihtsat juurdep\u00e4\u00e4su tihenditele ja sisemistele komponentidele, lihtsustavad operaatoritel regulaarset hooldust, pikendades seel\u00e4bi silindri eluiga.<\/p>\n<p><img decoding=\"async\" src=\"https:\/\/www.hydraulic-cylinders.net\/wp-content\/uploads\/2025\/04\/songte-oil-pipes-and-spare-parts.webp\" alt=\"H\u00fcdraulilised osad\" \/><\/p>\n<h2>Tihendus ja m\u00e4\u00e4rimine<\/h2>\n<p>H\u00fcdrauliliste silindrite pikaealisuse tagamiseks on oluline \u00f5ige tihendus ja m\u00e4\u00e4rimine. H\u00fcdraulilise \u00f5li lekke v\u00e4ltimiseks silindrist kasutatakse mitmesuguseid tihenduskomponente, n\u00e4iteks kolvitihendeid ja vardatihendeid. Kulumiskindlate omaduste t\u00f5ttu on soovitatav kasutada vastupidavatest materjalidest, n\u00e4iteks pol\u00fcuretaanist ja nitriilkummist, valmistatud tihendeid.<\/p>\n<p>Silindri korpus ja keermestatud otsapinnad on kulumiskindluse parandamiseks peenelt t\u00f6\u00f6deldud. Regulaarne m\u00e4\u00e4rimine sobiva h\u00fcdraulika\u00f5liga on oluline, et minimeerida sisemiste komponentide h\u00f5\u00f5rdumist ja kulumist, tagades sujuva t\u00f6\u00f6.<\/p>\n<h2>Ennetavad hooldusmeetmed<\/h2>\n<ul>\n<li><strong>Regulaarsed kontrollid:<\/strong> Tehke ballooni terviklikkuse regulaarseid kontrolle, sh lekete ja kulumise visuaalne kontroll.<\/li>\n<li><strong>M\u00e4\u00e4rimine:<\/strong> Veenduge, et h\u00fcdraulika\u00f5li tase on piisav ja et \u00f5li vahetatakse vastavalt tootja soovitustele, et s\u00e4ilitada optimaalne j\u00f5udlus.<\/li>\n<li><strong>Tihendi vahetamine:<\/strong> Lekete v\u00e4ltimiseks ja t\u00f6\u00f6korras olemise s\u00e4ilitamiseks vahetage tihendid esimeste kulumism\u00e4rkide ilmnemisel v\u00e4lja.<\/li>\n<\/ul>\n<h2>Paigaldusjuhised<\/h2>\n<p>Optimaalse j\u00f5udluse saavutamiseks on oluline poomi silindri \u00f5ige paigaldamine. Alustage veendumaks, et k\u00f5ik komponendid on \u00fchilduvad ja kahjustusteta. Silindri \u00f5ige joondamine masinaga on \u00fclioluline, et v\u00e4ltida selle kinnikiilumist t\u00f6\u00f6tamise ajal. Kasutage silindri kinnitamiseks sobivaid kinnitusklambreid, veendudes, et see on kindlalt fikseeritud ja et see t\u00f6\u00f6tamise ajal ei liiguks.<\/p>\n<p>The hydraulic connections must be tightened securely to prevent leaks. Once installed, it is advisable to test the system under low pressure to check for any leaks before operating at full capacity. Proper alignment and secure mounting are vital to extend the cylinder&#8217;s lifespan and improve performance.<\/p>\n<h2>Levinumad hooldust\u00f6\u00f6d<\/h2>\n<h3>Regulaarsed kontrollid<\/h3>\n<p>Conducting regular inspections of the boom cylinder is essential to identify any early signs of wear or damage. Operators should routinely check for leaks, cracks, or other irregularities in the cylinder&#8217;s surface. Early detection of issues can prevent more significant problems down the line, ensuring efficient operation.<\/p>\n<h3>\u00d5ige m\u00e4\u00e4rimine<\/h3>\n<p>H\u00fcdrosilindri piisav m\u00e4\u00e4rimine on selle toimimise seisukohalt \u00fclioluline. H\u00fcdraulika\u00f5li tuleb regulaarselt t\u00e4iendada ja \u00f5li peab vastama tootja spetsifikatsioonidele. N\u00f5uetekohane m\u00e4\u00e4rimine v\u00e4hendab h\u00f5\u00f5rdumist, mis v\u00f5ib p\u00f5hjustada silindri komponentide enneaegset kulumist ja rikkeid.<\/p>\n<h3>Tihendi vahetamine ja kalibreerimise kontrollimine<\/h3>\n<p>Tihendite vahetamine esimeste kulumism\u00e4rkide ilmnemisel on h\u00fcdraulilise r\u00f5hu s\u00e4ilitamiseks \u00fclioluline. Operaatorid peaksid tegema ka kalibreerimiskontrolle, et tagada silindri t\u00f6\u00f6tamine etten\u00e4htud parameetrite piires. Vale kalibreerimine v\u00f5ib p\u00f5hjustada ebaefektiivset t\u00f6\u00f6d ja silindri suuremat kulumist.<\/p>\n<p><img decoding=\"async\" src=\"https:\/\/www.hydraulic-cylinders.net\/wp-content\/uploads\/2025\/04\/songte-chushion-collar.webp\" alt=\"Padjakaelus\" \/><\/p>\n<h2>Ohutuskaalutlused ja keskkonnategurid<\/h2>\n<p>H\u00fcdrauliliste silindrite kasutamisel on ohutusmeetmed \u00fcliolulised. Operaatorid peavad olema teadlikud v\u00f5imalikest ohtudest, n\u00e4iteks h\u00fcdraulilise vedeliku leketest, mis v\u00f5ivad kujutada endast keskkonnaohtu. N\u00f5uetekohaste ohutusmeetmete rakendamine, n\u00e4iteks regulaarne kontroll ja seadmete hooldus, on ohutu t\u00f6\u00f6 tagamiseks ja keskkonnam\u00f5ju minimeerimiseks h\u00e4davajalik.<\/p>\n<h2>Rikete diagnoosimine ja levinud probleemid<\/h2>\n<ul>\n<li><strong>H\u00fcdraulilise vedeliku lekked:<\/strong> Lekete allika kiire tuvastamine on \u00fclioluline, kuna need v\u00f5ivad p\u00f5hjustada h\u00fcdraulilise r\u00f5hu languse. Regulaarsed kontrollid aitavad lekkeid varakult avastada.<\/li>\n<li><strong>Aeglane v\u00f5i ebaregulaarne liikumine:<\/strong> See v\u00f5ib viidata h\u00fcdraulilise r\u00f5hu probleemidele v\u00f5i rikkis tihendile. Probleemi varajane diagnoosimine aitab v\u00e4ltida edasisi kahjustusi.<\/li>\n<li><strong>Ebatavalised helid:<\/strong> K\u00f5iki ebanormaalseid helisid t\u00f6\u00f6tamise ajal tuleks uurida, kuna need v\u00f5ivad viidata s\u00fcsteemi kulumisele v\u00f5i kahjustustele.<\/li>\n<\/ul>\n<h2>Veaotsingu n\u00e4pun\u00e4ited<\/h2>\n<p>Poomi silindri probleemide t\u00f5husaks diagnoosimiseks ja lahendamiseks peaksid operaatorid pidama logi k\u00f5igist ebakorrap\u00e4rasustest ja tegema p\u00f5hjalikke kontrolle. Regulaarne hooldus ja detailidele t\u00e4helepanu p\u00f6\u00f6ramine aitavad \u00e4ra hoida paljusid levinud probleeme. Ennetava hooldusgraafiku rakendamine aitab minimeerida v\u00f5imalikke probleeme ja tagada h\u00fcdros\u00fcsteemi sujuva t\u00f6\u00f6.<\/p>\n<p><img decoding=\"async\" src=\"https:\/\/www.hydraulic-cylinders.net\/wp-content\/uploads\/2025\/04\/songte-bushings-with-all-kinds-of-excavator-models.webp\" alt=\"Ekskavaatori puksid\" \/><\/p>\n<h2>Ettev\u00f5tte \u00fclevaade<\/h2>\n<p>Oleme juhtiv asendush\u00fcdrauliliste silindrite tootja, pakkudes laia tootevalikut, mis on meid toonud esile silmapaistva tegijana nii sise- kui ka rahvusvahelistel turgudel. Meie p\u00fchendumus tipptasemele peegeldub rangete kvaliteedistandardite ja t\u00e4iustatud tootmistehnikate j\u00e4rgimises.<\/p>\n<p>Meie tootmisv\u00f5imsuste suurendamiseks kasutame keerukat tootmisjuhtimise strateegiat. Kasutades oskuslikku tehnilist personali, tipptasemel digitaalseid tootmisseadmeid ja professionaalseid testimiss\u00fcsteeme, t\u00e4iustame pidevalt oma tootmisplatvormi, et tagada toodete k\u00f5rge kvaliteet.<\/p>\n<p>Meie keskendumine t\u00f5hususele, t\u00e4psusele ja k\u00f5rgetele kvaliteedistandarditele v\u00f5imaldab meil rahuldada klientide mitmekesiseid vajadusi. Pakume kohandatavaid lahendusi, mida toetab tugev m\u00fc\u00fcgij\u00e4rgne tugi klientide rahulolu tagamiseks.<\/p>\n<p><img decoding=\"async\" src=\"https:\/\/www.hydraulic-cylinders.net\/wp-content\/uploads\/2025\/04\/songte-company-4.webp\" alt=\"Ettev\u00f5tte tootmine\" \/><br \/>\n<img decoding=\"async\" src=\"https:\/\/www.hydraulic-cylinders.net\/wp-content\/uploads\/2025\/04\/songte-company-3.webp\" alt=\"Ettev\u00f5tte varustus\" \/><\/p>\n<p>Autor: lyl<\/p>","protected":false},"excerpt":{"rendered":"<p>Boom Cylinder For Volwa Wheel Excavator DLS890-9A Product Overview The Boom Cylinder for Volwa Wheel Excavator DLS890-9A is a specialized hydraulic cylinder designed to optimize the functionality of excavators. These cylinders enable precise control of the bucket&#8217;s movement, which is crucial for various heavy machinery tasks. As a type of hydraulic cylinder, the bucket cylinder [&hellip;]<\/p>","protected":false},"featured_media":17881,"comment_status":"open","ping_status":"closed","template":"","meta":{"_et_pb_use_builder":"","_et_pb_old_content":"","_et_gb_content_width":""},"product_brand":[],"product_cat":[1546],"product_tag":[1547,1496],"class_list":{"0":"post-19618","1":"product","2":"type-product","3":"status-publish","4":"has-post-thumbnail","6":"product_cat-boom-cylinders","7":"product_tag-boom-cylinders","8":"product_tag-hydraulic-cylinders","10":"first","11":"instock","12":"shipping-taxable","13":"product-type-simple"},"amp_enabled":true,"_links":{"self":[{"href":"https:\/\/www.hydraulic-cylinders.net\/et\/wp-json\/wp\/v2\/product\/19618","targetHints":{"allow":["GET"]}}],"collection":[{"href":"https:\/\/www.hydraulic-cylinders.net\/et\/wp-json\/wp\/v2\/product"}],"about":[{"href":"https:\/\/www.hydraulic-cylinders.net\/et\/wp-json\/wp\/v2\/types\/product"}],"replies":[{"embeddable":true,"href":"https:\/\/www.hydraulic-cylinders.net\/et\/wp-json\/wp\/v2\/comments?post=19618"}],"wp:featuredmedia":[{"embeddable":true,"href":"https:\/\/www.hydraulic-cylinders.net\/et\/wp-json\/wp\/v2\/media\/17881"}],"wp:attachment":[{"href":"https:\/\/www.hydraulic-cylinders.net\/et\/wp-json\/wp\/v2\/media?parent=19618"}],"wp:term":[{"taxonomy":"product_brand","embeddable":true,"href":"https:\/\/www.hydraulic-cylinders.net\/et\/wp-json\/wp\/v2\/product_brand?post=19618"},{"taxonomy":"product_cat","embeddable":true,"href":"https:\/\/www.hydraulic-cylinders.net\/et\/wp-json\/wp\/v2\/product_cat?post=19618"},{"taxonomy":"product_tag","embeddable":true,"href":"https:\/\/www.hydraulic-cylinders.net\/et\/wp-json\/wp\/v2\/product_tag?post=19618"}],"curies":[{"name":"wp","href":"https:\/\/api.w.org\/{rel}","templated":true}]}}