{"id":19622,"date":"2025-04-07T06:58:03","date_gmt":"2025-04-07T06:58:03","guid":{"rendered":"https:\/\/www.hydraulic-cylinders.net\/product\/boom-cylinder-for-volwa-cane-unloader-dls210-9a\/"},"modified":"2025-04-07T06:58:05","modified_gmt":"2025-04-07T06:58:05","slug":"boom-cylinder-for-volwa-cane-unloader-dls210-9a","status":"publish","type":"product","link":"https:\/\/www.hydraulic-cylinders.net\/et\/toode\/boom-cylinder-for-volwa-cane-unloader-dls210-9a\/","title":{"rendered":"Volwa suhkruroo mahalaadija DLS210-9A poomi silinder"},"content":{"rendered":"<h1>Volwa suhkruroo mahalaadija DLS210-9A poomi silinder<\/h1>\n<h2>Toote \u00fclevaade<\/h2>\n<p>Volwa suhkruroo laaduri DLS210-9A noole silinder on oluline h\u00fcdrauliline komponent, mis on spetsiaalselt loodud raskete masinate, n\u00e4iteks suhkruroo laadurite funktsionaalsuse parandamiseks. Seda t\u00fc\u00fcpi h\u00fcdrauliline silinder vastutab kopa liikumise juhtimise eest erinevates rasketes rakendustes, n\u00e4iteks ekskavaatoritel, laaduritel ja esilaaduritel. See h\u00f5lbustab kopa t\u00f5stmist, langetamist ja kallutamist, parandades seel\u00e4bi materjali k\u00e4itlemise t\u00f5husust.<\/p>\n<p><img decoding=\"async\" src=\"https:\/\/www.hydraulic-cylinders.net\/wp-content\/uploads\/2025\/04\/songte-company-1.webp\" alt=\"Volwa Cane Unloaderi poomi silinder\" \/><\/p>\n<h3>Mis on \u00e4mbrisilinder?<\/h3>\n<p>Kopa silinder on spetsiaalne h\u00fcdrauliline silinder, mis on loodud rasketehnika koppade liikumise juhtimiseks. Need silindrid on konstrueeritud taluma k\u00f5rget r\u00f5hku ja suuri koormusi, mist\u00f5ttu sobivad need ideaalselt keskkondadesse, mis n\u00f5uavad vastupidavust ja t\u00f6\u00f6kindlust. Kopa silindri peamine \u00fclesanne on v\u00f5imaldada kopa liikumise t\u00e4pset juhtimist, mis on oluline selliste \u00fclesannete puhul nagu kaevamine, t\u00f5stmine ja materjalide transportimine. Nende silindrite taga olev projekteerimine h\u00f5lmab tugevuse, vastupidavuse ja efektiivsuse kaalutlusi, muutes need erinevate t\u00f6\u00f6stusharude h\u00fcdraulikas\u00fcsteemide p\u00f5hikomponendiks.<\/p>\n<h2>Poomi silindri omadused<\/h2>\n<ul>\n<li><strong>Suur tugevus ja vastupidavus:<\/strong> Tavaliselt \u00fclitugevast terasest v\u00f5i alumiiniumist valmistatud poomi silinder talub k\u00f5rget r\u00f5hku ja suuri koormusi, mist\u00f5ttu sobib see karmideks t\u00f6\u00f6keskkondadeks. Konstruktsioonis on r\u00f5hutatud kulumiskindlust ja korrosioonikaitset, pikendades selle eluiga.<\/li>\n<li><strong>T\u00f5hus h\u00fcdrauliline t\u00f6\u00f6:<\/strong> H\u00fcdraulilise \u00f5li r\u00f5hu abil v\u00f5imaldab silinder sujuvat v\u00e4lja- ja tagasit\u00f5mbamist, mis v\u00f5imaldab kiiret reageerimist t\u00f6\u00f6k\u00e4skudele. See v\u00f5imekus annab m\u00e4rkimisv\u00e4\u00e4rse t\u00f5uke- ja t\u00f5mbej\u00f5u, mis sobib ideaalselt raskete koormate ja keerukate \u00fclesannete k\u00e4sitsemiseks.<\/li>\n<li><strong>Saadaval on mitmesuguseid t\u00fc\u00fcpe:<\/strong> Kopasilindrid saab valida \u00fchetoimeliste (\u00fches suunas t\u00f6\u00f6tavate) v\u00f5i kahetoimeliste (m\u00f5lemas suunas t\u00f6\u00f6tavate) konfiguratsioonidena, et rahuldada erinevaid t\u00f6\u00f6vajadusi. Teatud mudelid on teleskoopilised, mis v\u00f5imaldab suuremat pikendamist ilma v\u00e4lism\u00f5\u00f5tmeid suurendamata, sobides ruumipiirangutega rakenduste jaoks.<\/li>\n<li><strong>\u00dchilduvus erinevate seadmetega:<\/strong> Meie tooted suudavad sujuvalt asendada olemasolevaid h\u00fcdrosilindreid, tagades \u00fchilduvuse paljude masinatega ja parandades nende j\u00f5udlust.<\/li>\n<li><strong>Hoolduss\u00f5bralik disain:<\/strong> Poomi silindri konstruktsioon lihtsustab hooldust ja remonti, muutes operaatorite jaoks optimaalse j\u00f5udluse tagamiseks vajaliku hoolduse lihtsamaks.<\/li>\n<\/ul>\n<p><img decoding=\"async\" src=\"https:\/\/www.hydraulic-cylinders.net\/wp-content\/uploads\/2025\/04\/songte-cylinder-head-with-all-kinds-excavator-models.webp\" alt=\"Kopa silindripea\" \/><\/p>\n<h2>Poomi silindri rakendused<\/h2>\n<h3>Ehitustehnika<\/h3>\n<p>Ehitusmasinates, n\u00e4iteks ekskavaatorites, m\u00e4ngib noole silinder olulist rolli pinnase v\u00f5i prahi kaevamisel, laadimisel ja teisaldamisel. Selle h\u00fcdraulilised v\u00f5imalused v\u00f5imaldavad operaatoril teha t\u00e4pseid liigutusi, mis on t\u00f5husate kaevet\u00f6\u00f6de jaoks h\u00e4davajalikud. Ekskavaator-laadurites abistab kopa silinder nii kaevamis- kui ka t\u00f5stet\u00f6\u00f6del, muutes selle v\u00f5tmekomponendiks erinevates ehitusprojektides.<\/p>\n<h3>P\u00f5llumajandustehnika<\/h3>\n<p>P\u00f5llumajanduskeskkonnas kasutavad esilaadurid mulla, heina ja muude materjalide kopeerimiseks, t\u00f5stmiseks ja transportimiseks noolesilindreid. Kopa asendi juhtimise v\u00f5imalus v\u00f5imaldab materjalide t\u00f5husat laadimist ja mahalaadimist, suurendades oluliselt talude tootlikkust.<\/p>\n<h3>Ekskavaatorid<\/h3>\n<p>Ekskavaatorites v\u00f5imaldab noole silinder kopal t\u00f5husalt pinnasesse tungida, h\u00f5lbustades kaevamist\u00f6id. See funktsioon on kriitilise t\u00e4htsusega, kuna see v\u00f5imaldab operaatoritel saavutada soovitud s\u00fcgavusi ja maksimeerida kaevamist\u00f6\u00f6d, m\u00f5jutades oluliselt projekti ajakava ja t\u00f5husust.<\/p>\n<h3>Laadurid<\/h3>\n<p>Esilaaduritel on poomi silindrid materjalide t\u00f5husaks t\u00f5stmiseks ja t\u00fchjendamiseks h\u00e4davajalikud. Nende silindrite pakutav h\u00fcdrauliline juhtimine tagab, et operaatorid saavad raskeid koormaid ohutult ja t\u00f5husalt k\u00e4sitseda, parandades masina \u00fcldist j\u00f5udlust.<\/p>\n<h2>Projekteerimiskaalutlused ja valikukriteeriumid<\/h2>\n<h3>Kandev\u00f5ime<\/h3>\n<p>Noole silindri valimisel on \u00fclioluline m\u00f5ista selle kandev\u00f5imet. Silinder peab suutma taluda maksimaalset eeldatavat koormust, s\u00e4ilitades samal ajal ohutus- ja j\u00f5udlusstandardid. See h\u00f5lmab arvutusi, mis arvestavad teisaldatavate materjalide kaalu, masina d\u00fcnaamikat ja ohutustegureid, et v\u00e4ltida rikkeid koormuse all.<\/p>\n<h3>Tihendusv\u00f5ime<\/h3>\n<p>Tihendus on h\u00fcdraulilise silindri konstruktsiooni oluline aspekt. T\u00f5husad tihendid hoiavad \u00e4ra vedeliku lekke, tagades h\u00fcdraulikas\u00fcsteemi t\u00f5husa t\u00f6\u00f6. Kvaliteetsed tihendid, mis on valmistatud sellistest materjalidest nagu pol\u00fcuretaan ja nitriilkummi, taluvad kulumist ja s\u00e4ilitavad samal ajal terviklikkuse r\u00f5hu all. Tihendite regulaarne kontroll ja vahetamine on vajalik h\u00fcdraulilise vedeliku kadude v\u00e4ltimiseks ja s\u00fcsteemi j\u00f5udluse s\u00e4ilitamiseks.<\/p>\n<h3>Vastupidavus<\/h3>\n<p>Vastupidavus on kriitilise t\u00e4htsusega, eriti karmides t\u00f6\u00f6keskkondades. Silinder peab olema kulumiskindel, korrosioonikindel ja \u00e4\u00e4rmuslike temperatuuride suhtes vastupidav. Tootjad kasutavad vastupidavuse suurendamiseks sageli t\u00e4iustatud materjale ja katteid, tagades, et toode talub keerulisi tingimusi ilma j\u00f5udlust kahjustamata.<\/p>\n<h3>Turvaelemendid<\/h3>\n<p>H\u00fcdrauliliste silindrite konstruktsioonis on ohutusfunktsioonid \u00fcliolulised. See h\u00f5lmab silindri ohutut t\u00f6\u00f6tamist maksimaalse r\u00f5hu tingimustes ning \u00f5nnetuste v\u00f5i seadmete rikete v\u00e4ltimiseks vajalike rikkekaitsete olemasolu. Silindri ohutusreitingute ja sertifikaatide m\u00f5istmine on oluline, et tagada vastavus t\u00f6\u00f6stusharu eeskirjadele ja standarditele.<\/p>\n<h3>Hoolduse ligip\u00e4\u00e4setavus<\/h3>\n<p>H\u00e4sti disainitud h\u00fcdrosilinder peaks h\u00f5lbustama hooldust. See h\u00f5lmab ligip\u00e4\u00e4sukohti tihendite ja muude komponentide m\u00e4\u00e4rimiseks, kontrollimiseks ja vahetamiseks. Regulaarne hooldus tagab pikaealisuse ja optimaalse j\u00f5udluse, v\u00e4hendades operaatorite seisakuid ja remondikulusid.<\/p>\n<p><img decoding=\"async\" src=\"https:\/\/www.hydraulic-cylinders.net\/wp-content\/uploads\/2025\/04\/songte-oil-pipes-and-spare-parts.webp\" alt=\"H\u00fcdraulilised osad\" \/><\/p>\n<h2>Tihendus ja m\u00e4\u00e4rimine<\/h2>\n<p>H\u00fcdrauliliste silindrite sujuva t\u00f6\u00f6 tagamiseks on h\u00e4davajalikud t\u00f5husad tihendus- ja m\u00e4\u00e4rimistavad. R\u00f5hu hoidmiseks ja lekete v\u00e4ltimiseks kasutatakse mitmesuguseid tihenduskomponente, n\u00e4iteks kolvitihendeid ja varrastihendeid. Vastupidavatest materjalidest, nagu pol\u00fcuretaan ja nitriilkummi, valmistatud tihendite valik on pikaealisuse ja kulumiskindluse tagamiseks \u00fclioluline.<\/p>\n<p>Lisaks on silindri korpus ja keermestatud otsapinnad kulumiskindluse suurendamiseks t\u00e4ppist\u00f6\u00f6deldud. Regulaarne m\u00e4\u00e4rimine h\u00fcdraulika\u00f5liga on vajalik liikuvate osade h\u00f5\u00f5rdumise ja kulumise v\u00e4hendamiseks, tagades t\u00f5husa t\u00f6\u00f6 ja pikendades silindri eluiga. Operaatorid peaksid kahjustuste v\u00e4ltimiseks ja optimaalse j\u00f5udluse tagamiseks pidama kinni m\u00e4\u00e4rimisgraafikust.<\/p>\n<h2>Ennetavad hooldusmeetmed<\/h2>\n<ul>\n<li><strong>Regulaarsed kontrollid:<\/strong> H\u00fcdrosilindri ja selle komponentide regulaarsete kontrollide tegemine on \u00fclioluline kulumise ja v\u00f5imalike probleemide tuvastamiseks enne, kui need muutuvad olulisteks probleemideks. Kontrollige tihendeid, \u00fchendusi ja silindri korpust kulumis- v\u00f5i kahjustuste suhtes.<\/li>\n<li><strong>Sobiv m\u00e4\u00e4rimine:<\/strong> Silindri piisav m\u00e4\u00e4rimine on selle t\u00f6\u00f6 jaoks \u00fclioluline. Kasutage soovitatud h\u00fcdraulika\u00f5lisid ja hoidke \u00f5iget taset, et v\u00e4ltida liikuvate osade kuivust ja liigset kulumist.<\/li>\n<li><strong>Tihendi vahetamine:<\/strong> Kontrollige regulaarselt tihendite kulumist ja vahetage need vastavalt vajadusele. Kulunud tihendid v\u00f5ivad p\u00f5hjustada lekkeid ja v\u00e4hendada efektiivsust, m\u00f5jutades h\u00fcdros\u00fcsteemi \u00fcldist j\u00f5udlust.<\/li>\n<\/ul>\n<h2>Paigaldusjuhend<\/h2>\n<p>Poomi silindri \u00f5ige paigaldamine on optimaalse j\u00f5udluse ja ohutuse tagamiseks h\u00e4davajalik. \u00d5ige paigaldamise tagamiseks j\u00e4rgige neid samme:<\/p>\n<ol>\n<li><strong>Ettevalmistus:<\/strong> Enne paigaldamist veenduge, et seade on v\u00e4lja l\u00fclitatud ja kogu h\u00fcdrauliline r\u00f5hk on vabastatud. Koguge kokku paigaldamiseks vajalikud t\u00f6\u00f6riistad ja komponendid.<\/li>\n<li><strong>Joondus:<\/strong> Joondage silinder \u00f5igesti masina kinnituspunktidega. Sobivate kinnitusklambrite kasutamine aitab saavutada \u00f5ige joonduse ja kinnitada silindri paigale.<\/li>\n<li><strong>\u00dchendus:<\/strong> \u00dchendage h\u00fcdraulikavoolikud hoolikalt, veendudes, et k\u00f5ik liitmikud on tihedad ja lekkevabad. Lekete v\u00e4ltimiseks kaaluge vajadusel keermetihendi kasutamist.<\/li>\n<li><strong>Testimine:<\/strong> P\u00e4rast paigaldamist testige s\u00fcsteemi, et veenduda selle n\u00f5uetekohases toimimises. Kontrollige lekkeid ja kuulake ebatavalisi helisid, mis v\u00f5ivad viidata paigaldusprobleemidele.<\/li>\n<\/ol>\n<h2>Levinumad hooldust\u00f6\u00f6d<\/h2>\n<ul>\n<li><strong>Regulaarsed kontrollid:<\/strong> Regulaarsete kontrollide tegemine v\u00f5imaldab potentsiaalseid probleeme varakult tuvastada. Otsige kulumise, lekete ja kahjustuste m\u00e4rke.<\/li>\n<li><strong>\u00d5ige m\u00e4\u00e4rimine:<\/strong> J\u00e4rgige regulaarseid m\u00e4\u00e4rimisgraafikuid, et tagada k\u00f5igi liikuvate osade sujuv t\u00f6\u00f6, v\u00e4hendades h\u00f5\u00f5rdumist ja kulumist.<\/li>\n<li><strong>Tihendi vahetamine:<\/strong> J\u00e4lgige tihendite seisukorda ja vahetage need vastavalt vajadusele, et s\u00e4ilitada h\u00fcdrauliline efektiivsus ja v\u00e4ltida lekkeid.<\/li>\n<\/ul>\n<h2>Ohutuskaalutlused ja keskkonnategurid<\/h2>\n<p>H\u00fcdrauliliste silindrite kasutamisel on oluline rakendada asjakohaseid ohutusmeetmeid. Operaatorid peaksid olema koolitatud m\u00f5istma h\u00fcdrauliliste s\u00fcsteemidega seotud v\u00f5imalikke riske, sealhulgas k\u00f5rgsurveohtusid, ning ohutusprotokollide j\u00e4rgimise olulisust t\u00f6\u00f6tamise ja hoolduse ajal. Isikukaitsevahendite (IKV) kasutamine ja tootja juhiste j\u00e4rgimine tagavad veelgi ohutu k\u00e4sitsemise ja kasutamise.<\/p>\n<h2>Veaotsing ja levinud probleemid<\/h2>\n<ul>\n<li><strong>Leke:<\/strong> Lekke m\u00e4rkamise korral kontrollige tihendeid ja \u00fchendusi kahjustuste suhtes. Vahetage kulunud tihendid v\u00e4lja ja veenduge, et \u00fchendused on kindlalt paigas, et v\u00e4ltida vedeliku kadu.<\/li>\n<li><strong>Aeglane reageering:<\/strong> Aeglane reageering v\u00f5ib viidata madalale h\u00fcdraulikavedeliku tasemele v\u00f5i \u00f5hu olemasolule s\u00fcsteemis. Kontrollige vedeliku taset ja \u00f5hutage s\u00fcsteemi vastavalt vajadusele.<\/li>\n<li><strong>Liikumine puudub:<\/strong> Kui silinder ei liigu, kontrollige takistuste suhtes, veenduge, et h\u00fcdrauliline r\u00f5hk on piisav, ja kontrollige, kas on kahjustatud komponente, mis v\u00f5ivad vajada v\u00e4ljavahetamist.<\/li>\n<\/ul>\n<h2>Veaotsingu n\u00e4pun\u00e4ited<\/h2>\n<p>H\u00fcdrauliliste silindrite probleemide t\u00f5husaks diagnoosimiseks ja lahendamiseks j\u00e4rgige neid t\u00f5rkeotsingu n\u00e4pun\u00e4iteid:<\/p>\n<ul>\n<li><strong>Regulaarne hooldus:<\/strong> Rakendage ennetava hoolduse programmi, et probleeme varakult tuvastada ja s\u00fcsteemi t\u00f5husalt t\u00f6\u00f6korras hoida.<\/li>\n<li><strong>Toimivuse j\u00e4lgimine:<\/strong> J\u00e4lgige h\u00fcdrosilindri j\u00f5udlust. K\u00f5ik ebakorrap\u00e4rasused tuleks viivitamatult uurida, et v\u00e4ltida t\u00f5siseid kahjustusi.<\/li>\n<li><strong>Konsultatsioonispetsialistid:<\/strong> Kui probleemid p\u00fcsivad, v\u00f5ib h\u00fcdros\u00fcsteemi spetsialistidega konsulteerimine anda v\u00e4\u00e4rtuslikku teavet ja soovitusi remondiks.<\/li>\n<\/ul>\n<p><img decoding=\"async\" src=\"https:\/\/www.hydraulic-cylinders.net\/wp-content\/uploads\/2025\/04\/songte-bushings-with-all-kinds-of-excavator-models.webp\" alt=\"Puksid\" \/><\/p>\n<h2>Ettev\u00f5tte \u00fclevaade<\/h2>\n<p>Oleme juhtiv asendush\u00fcdrauliliste silindrite tootja, pakkudes laia tootevalikut nii sise- kui ka rahvusvahelisele turule. Meie p\u00fchendumust tipptasemele toetab keerukas tootmisstrateegia ja kvaliteedile keskendumine. R\u00f5hku pannes t\u00e4ppistootmisele on meie tootmis\u00fcksused varustatud t\u00e4iustatud tehnoloogia ja oskuslike tehnikutega, et tagada k\u00f5rged kvaliteedikontrolli standardid.<\/p>\n<p>Meie spetsialiseerumine eritellimusel lahendustele v\u00f5imaldab meil rahuldada klientide mitmekesiseid vajadusi ning meie rahvusvahelised sertifikaadid kinnitavad meie vastavust \u00fclemaailmsetele tootmisstandarditele. Alates tootmisseadmetest kuni m\u00fc\u00fcgij\u00e4rgse teeninduseni seame esikohale klientide rahulolu ja p\u00fc\u00fcame s\u00e4ilitada pikaajalisi suhteid oma klientidega.<\/p>\n<p><img decoding=\"async\" src=\"https:\/\/www.hydraulic-cylinders.net\/wp-content\/uploads\/2025\/04\/songte-company-4.webp\" alt=\"Ettev\u00f5tte \u00fclevaade\" \/><br \/>\n<img decoding=\"async\" src=\"https:\/\/www.hydraulic-cylinders.net\/wp-content\/uploads\/2025\/04\/songte-company-3.webp\" alt=\"Ettev\u00f5tte rajatised\" \/><\/p>\n<p>Autor: lyl<\/p>","protected":false},"excerpt":{"rendered":"<p>Boom Cylinder For Volwa Cane Unloader DLS210-9A Product Overview The Boom Cylinder For Volwa Cane Unloader DLS210-9A is a crucial hydraulic component designed specifically for enhancing the functionality of heavy machinery like cane unloaders. This type of hydraulic cylinder is responsible for controlling the movement of the bucket in various heavy-duty applications, such as excavators, [&hellip;]<\/p>","protected":false},"featured_media":17870,"comment_status":"open","ping_status":"closed","template":"","meta":{"_et_pb_use_builder":"","_et_pb_old_content":"","_et_gb_content_width":""},"product_brand":[],"product_cat":[1546],"product_tag":[1547,1496],"class_list":{"0":"post-19622","1":"product","2":"type-product","3":"status-publish","4":"has-post-thumbnail","6":"product_cat-boom-cylinders","7":"product_tag-boom-cylinders","8":"product_tag-hydraulic-cylinders","10":"first","11":"instock","12":"shipping-taxable","13":"product-type-simple"},"amp_enabled":true,"_links":{"self":[{"href":"https:\/\/www.hydraulic-cylinders.net\/et\/wp-json\/wp\/v2\/product\/19622","targetHints":{"allow":["GET"]}}],"collection":[{"href":"https:\/\/www.hydraulic-cylinders.net\/et\/wp-json\/wp\/v2\/product"}],"about":[{"href":"https:\/\/www.hydraulic-cylinders.net\/et\/wp-json\/wp\/v2\/types\/product"}],"replies":[{"embeddable":true,"href":"https:\/\/www.hydraulic-cylinders.net\/et\/wp-json\/wp\/v2\/comments?post=19622"}],"wp:featuredmedia":[{"embeddable":true,"href":"https:\/\/www.hydraulic-cylinders.net\/et\/wp-json\/wp\/v2\/media\/17870"}],"wp:attachment":[{"href":"https:\/\/www.hydraulic-cylinders.net\/et\/wp-json\/wp\/v2\/media?parent=19622"}],"wp:term":[{"taxonomy":"product_brand","embeddable":true,"href":"https:\/\/www.hydraulic-cylinders.net\/et\/wp-json\/wp\/v2\/product_brand?post=19622"},{"taxonomy":"product_cat","embeddable":true,"href":"https:\/\/www.hydraulic-cylinders.net\/et\/wp-json\/wp\/v2\/product_cat?post=19622"},{"taxonomy":"product_tag","embeddable":true,"href":"https:\/\/www.hydraulic-cylinders.net\/et\/wp-json\/wp\/v2\/product_tag?post=19622"}],"curies":[{"name":"wp","href":"https:\/\/api.w.org\/{rel}","templated":true}]}}