{"id":19623,"date":"2025-04-07T06:58:05","date_gmt":"2025-04-07T06:58:05","guid":{"rendered":"https:\/\/www.hydraulic-cylinders.net\/product\/boom-cylinder-for-volwa-cane-unloader-dls870-9m\/"},"modified":"2025-04-07T06:58:08","modified_gmt":"2025-04-07T06:58:08","slug":"boom-cylinder-for-volwa-cane-unloader-dls870-9m","status":"publish","type":"product","link":"https:\/\/www.hydraulic-cylinders.net\/et\/toode\/boom-cylinder-for-volwa-cane-unloader-dls870-9m\/","title":{"rendered":"Volwa suhkruroo mahalaadija DLS870-9M poomi silinder"},"content":{"rendered":"<h1>Volwa suhkruroo mahalaadija DLS870-9M poomi silinder<\/h1>\n<h2>Sissejuhatus poomi silindritesse<\/h2>\n<p>Volwa Cane Unloaderi DLS870-9M noole silinder on h\u00fcdros\u00fcsteemide oluline komponent, mis on spetsiaalselt loodud rasketehnika koppade liikumise juhtimiseks sellistes rakendustes nagu ekskavaatorid, laadur-ekskavaatorid ja esilaadurid. Need silindrid on \u00fcliolulised koppade t\u00f5stmiseks, langetamiseks ja kallutamiseks, v\u00f5imaldades t\u00f5husat materjali k\u00e4itlemist. H\u00fcdraulikas\u00fcsteemides muudavad noole silindrid h\u00fcdraulilise r\u00f5hu mehaaniliseks j\u00f5uks, v\u00f5imaldades t\u00e4pseid liigutusi, mida on vaja n\u00f5udlikes ehitus- ja p\u00f5llumajandust\u00f6\u00f6des.<\/p>\n<p><img decoding=\"async\" src=\"https:\/\/www.hydraulic-cylinders.net\/wp-content\/uploads\/2025\/04\/songte-company-1.webp\" alt=\"Poomi silinder\" \/><\/p>\n<h3>Kopasilindrite \u00fclevaade<\/h3>\n<p>Kopasilindrid on h\u00fcdraulilised silindrid, mis on spetsiaalselt loodud mitmesuguste raskete masinate haldamiseks. Need h\u00f5lbustavad kriitilisi liigutusi, nagu kaevamine, t\u00f5stmine ja materjalide transportimine. Konstruktsioon h\u00f5lmab \u00fclitugevaid materjale, mis tagavad vastupidavuse ja t\u00f6\u00f6kindluse keerulistes t\u00f6\u00f6tingimustes. Neid silindreid iseloomustab v\u00f5ime t\u00f5husalt toimida k\u00f5rge r\u00f5hu all, muutes need masinate t\u00f6\u00f6 lahutamatuks osaks.<\/p>\n<h2>Poomi silindri omadused<\/h2>\n<ul>\n<li><strong>Suur tugevus ja vastupidavus:<\/strong> K\u00f5rgtugevast terasest v\u00f5i alumiiniumist valmistatud poomisilindrid on loodud taluma k\u00f5rget r\u00f5hku ja suuri koormusi, olles samal ajal vastupidavad ka karmides t\u00f6\u00f6keskkondades.<\/li>\n<li><strong>T\u00f5hus h\u00fcdrauliline t\u00f6\u00f6:<\/strong> Need silindrid kasutavad sujuvaks pikendamiseks ja tagasit\u00f5mbamiseks h\u00fcdraulilist \u00f5lir\u00f5hku, reageerides juhtimisk\u00e4sklustele kiiresti ning tekitades m\u00e4rkimisv\u00e4\u00e4rseid t\u00f5uke- ja t\u00f5mbej\u00f5ude.<\/li>\n<li><strong>Erinevad t\u00fc\u00fcbid:<\/strong> Saadaval \u00fchetoimeliste (h\u00fcdraulilise r\u00f5hu kasutamine \u00fches suunas) v\u00f5i kahetoimeliste (h\u00fcdraulilise r\u00f5hu kasutamine m\u00f5lemas suunas) silindritena, et rahuldada erinevaid t\u00f6\u00f6vajadusi. M\u00f5ned mudelid on teleskoopilised, mis v\u00f5imaldab suuremat pikendamist ilma v\u00e4lism\u00f5\u00f5tmeid suurendamata.<\/li>\n<li><strong>Kohandatud tootmine:<\/strong> Oleme spetsialiseerunud nende toodete tootmisele, pakkudes ideaalseid asendusi olemasolevatele h\u00fcdrosilindritele.<\/li>\n<li><strong>Rakendused erinevates t\u00f6\u00f6stusharudes:<\/strong> Sobib mitmesugusteks rakendusteks, tagades masinate mitmek\u00fclgsuse.<\/li>\n<\/ul>\n<p><img decoding=\"async\" src=\"https:\/\/www.hydraulic-cylinders.net\/wp-content\/uploads\/2025\/04\/songte-cylinder-head-with-all-kinds-excavator-models.webp\" alt=\"Silindripea\" \/><\/p>\n<h2>Poomi silindri rakendused<\/h2>\n<h3>Ehitustehnika<\/h3>\n<p>Ehitusmasinates leidub noolesilindreid ekskavaatorites, kus neil on oluline roll kaevamisel, laadimisel ja pinnase v\u00f5i prahi teisaldamisel. Need v\u00f5imaldavad kopal pinnasesse tungida, h\u00f5lbustades t\u00f5husat kaevamist. Ekskavaator-laadurites aitavad kopasilindrid nii kaevamis- kui ka t\u00f5stet\u00f6id teha, muutes need ehitust\u00f6\u00f6del asendamatuks.<\/p>\n<h3>P\u00f5llumajandustehnika<\/h3>\n<p>P\u00f5llumajandusmasinates, n\u00e4iteks esilaadurites, on noolesilindrid olulised materjalide, n\u00e4iteks pinnase, heina ja muude koormate kopeerimiseks, t\u00f5stmiseks ja transportimiseks. Need suurendavad tootlikkust, v\u00f5imaldades materjalide sujuvat ja t\u00f5husat k\u00e4itlemist, mis on p\u00f5llumajandustegevuses \u00fclioluline.<\/p>\n<h3>Ekskavaatorid<\/h3>\n<p>Kopasilindrid v\u00f5imaldavad ekskavaatoritel t\u00f5husalt kaevata, lastes kopal pinnasesse tungida. Nende konstruktsioon tagab, et kaevamise ajal rakendatav j\u00f5ud on j\u00f5udluse jaoks optimaalne, mist\u00f5ttu on need ekskavaatorite efektiivsuse jaoks erinevatel maastikel kriitilise t\u00e4htsusega.<\/p>\n<h3>Eestlaadurid<\/h3>\n<p>Esilaaduritel aitavad noolesilindrid materjale t\u00f5husalt t\u00f5sta ja t\u00fchjendada. H\u00fcdrauliline j\u00f5ud v\u00f5imaldab operaatoritel raskeid koormaid h\u00f5lpsalt man\u00f6\u00f6verdada, suurendades t\u00f6\u00f6 efektiivsust ja v\u00e4hendades materjalide k\u00e4itlemiseks vajalikku f\u00fc\u00fcsilist pingutust.<\/p>\n<h2>Projekteerimiskaalutlused ja valikukriteeriumid<\/h2>\n<h3>Kandev\u00f5ime<\/h3>\n<p>Noolesilindri kandev\u00f5ime on valikuprotsessi k\u00e4igus \u00fcks olulisemaid tegureid, mida arvestada. See peab olema piisav, et k\u00e4sitseda materjalide maksimaalset kaalu, mida masin peaks t\u00f5stma v\u00f5i liigutama. Insenerid peavad ohutuse ja funktsionaalsuse tagamiseks arvutama vajaliku kandev\u00f5ime konkreetse rakenduse p\u00f5hjal. Ebapiisava kandev\u00f5imega silindri valimine v\u00f5ib p\u00f5hjustada rikkeid, mis kahjustavad masinaid ja kujutavad endast ohtu operaatoritele.<\/p>\n<h3>Tihendusmehhanismid<\/h3>\n<p>T\u00f5hus tihendus on \u00fclioluline h\u00fcdraulilise vedeliku lekete v\u00e4ltimiseks ja poomi silindri t\u00f6\u00f6 efektiivsuse tagamiseks. Konstruktsioon peaks h\u00f5lmama kvaliteetseid tihendeid, mis taluvad h\u00fcdraulikas\u00fcsteemides esinevat r\u00f5hku ja temperatuuri. Optimaalne tihendus mitte ainult ei kaitse h\u00fcdraulilist vedelikku, vaid pikendab ka silindri enda eluiga. Tihendite regulaarne kontroll ja hooldus on olulised, et v\u00e4ltida j\u00f5udlusprobleeme ja kulukaid remondit\u00f6id.<\/p>\n<h3>Vastupidavus<\/h3>\n<p>Vastupidavus on noolesilindrite puhul \u00fclioluline, eriti n\u00f5udlikes keskkondades, kus need puutuvad kokku karmide tingimustega. Ehitusmaterjalid peaksid olema kulumiskindlad ja samal ajal korrosioonikindlad. Kaalu ja tugevuse vahelise tasakaalu leidmine on \u00fclioluline, kuna liiga rasked silindrid v\u00f5ivad masina j\u00f5udlust takistada. Tootjad kasutavad oma toodete vastupidavuse suurendamiseks sageli t\u00e4iustatud materjale ja katteid.<\/p>\n<h3>Turvaelemendid<\/h3>\n<p>Ohutuselementide lisamine noolesilindri konstruktsiooni on \u00fclioluline. Nende hulka v\u00f5ivad kuuluda \u00fclekoormuse v\u00e4ltimiseks m\u00f5eldud \u00fcler\u00f5huventiilid ja mehhanismid, mis tagavad silindri sujuva t\u00f6\u00f6 ilma rikkeohuta. Operaatorid peavad olema koolitatud \u00e4ra tundma h\u00fcdraulikaseadmetega seotud v\u00f5imalikke ohte ning t\u00f6\u00f6 ajal tekkivate riskide maandamiseks tuleb rakendada ohutusmeetmeid.<\/p>\n<h3>Hooldus ja hooldatavus<\/h3>\n<p>Poomi silindrite projekteerimine hooldust silmas pidades h\u00f5lbustab hooldust ja pikendab toote eluiga. Sellised omadused nagu hooldusavad h\u00fcdraulikavedelikule h\u00f5lpsaks juurdep\u00e4\u00e4suks ja vahetatavad tihendid v\u00f5ivad remondiks kuluvat seisakut oluliselt v\u00e4hendada. K\u00f5igi komponentide heas t\u00f6\u00f6korras p\u00fcsimise tagamiseks tuleks kehtestada regulaarsed hooldusgraafikud, mis parandavad oluliselt t\u00f6\u00f6kindlust.<\/p>\n<p><img decoding=\"async\" src=\"https:\/\/www.hydraulic-cylinders.net\/wp-content\/uploads\/2025\/04\/songte-oil-pipes-and-spare-parts.webp\" alt=\"\u00d5litorud ja varuosad\" \/><\/p>\n<h2>Tihendus ja m\u00e4\u00e4rimine<\/h2>\n<p>T\u00f5hus tihendamine ja m\u00e4\u00e4rimine on poomi silindrite j\u00f5udluse ja t\u00f6\u00f6kindluse s\u00e4ilitamiseks kriitilise t\u00e4htsusega. H\u00fcdraulilise vedeliku lekete v\u00e4ltimiseks on olulised mitmesugused tihenduskomponendid, sealhulgas kolvitihendid ja vardatihendid. Tihendite materjalide, n\u00e4iteks pol\u00fcuretaani ja nitriilkummi valik m\u00e4ngib olulist rolli nende vastupidavuse ja kulumiskindluse tagamisel.<\/p>\n<p>Silindri korpus ja keermestatud otsapinnad on l\u00e4binud t\u00e4ppist\u00f6\u00f6tluse, et suurendada kulumiskindlust ja tagada tihendite tihendamine. Lisaks on sujuva t\u00f6\u00f6 s\u00e4ilitamiseks ja liikuvate osade kulumise v\u00e4ltimiseks vajalik perioodiline m\u00e4\u00e4rimine sobiva h\u00fcdraulika\u00f5liga. \u00d5litaseme ja kvaliteedi regulaarne kontrollimine hoiab \u00e4ra h\u00fcdraulikas\u00fcsteemi rikkeid ja pikendab poomi silindri eluiga.<\/p>\n<h2>Kontrolli ja ennetava hoolduse meetmed<\/h2>\n<ul>\n<li><strong>Regulaarsed kontrollid:<\/strong> Rutiinsete kontrollide l\u00e4biviimine kulumise, lekete v\u00f5i kahjustuste m\u00e4rke tuvastamiseks on potentsiaalsete probleemide varajaseks avastamiseks \u00fclioluline. See tava tagab, et k\u00f5ik vajalikud remondit\u00f6\u00f6d tehakse kiiresti, v\u00e4hendades ootamatute rikete riski.<\/li>\n<li><strong>\u00d5ige m\u00e4\u00e4rimine:<\/strong> Ensuring that moving parts are adequately lubricated reduces friction and wear. Operators should adhere to the manufacturer&#8217;s recommendations regarding the type and frequency of lubrication to maintain optimal performance.<\/li>\n<li><strong>Tihendi vahetamine:<\/strong> H\u00fcdraulikavedeliku lekete v\u00e4ltimiseks ja s\u00fcsteemi terviklikkuse s\u00e4ilitamiseks on oluline j\u00e4lgida ja vahetada tihendeid kulumise v\u00f5i kahjustuste korral. Regulaarne hindamine aitab \u00f5igeaegseid vahetusi planeerida.<\/li>\n<\/ul>\n<h2>Paigaldusjuhised<\/h2>\n<p>Poomi silindrite \u00f5ige paigaldamine on t\u00f5husa t\u00f6\u00f6 ja ohutuse tagamiseks \u00fclioluline. Oluline on j\u00e4rgida j\u00e4rgmisi juhiseid:<\/p>\n<ol>\n<li><strong>Joondus:<\/strong> Veenduge, et silinder oleks kinnituspunktidega \u00f5igesti joondatud. Vale joondamine v\u00f5ib p\u00f5hjustada eba\u00fchtlast kulumist ja v\u00f5imalikku riket.<\/li>\n<li><strong>Kasutage sobivaid kinnitusklambreid:<\/strong> Kasutage silindri paigal kinnitamiseks sobivaid kinnitusklambreid, et v\u00e4ltida selle nihkumist t\u00f6\u00f6tamise ajal.<\/li>\n<li><strong>H\u00fcdraulilised \u00fchendused:<\/strong> Connect hydraulic lines according to the manufacturer&#8217;s specifications to ensure a sealed and efficient hydraulic circuit.<\/li>\n<li><strong>Lekete kontrollimine:<\/strong> P\u00e4rast paigaldamist kontrollige enne koormuskatsete tegemist k\u00f5iki \u00fchendusi ja tihendeid lekete suhtes.<\/li>\n<li><strong>Testimine:<\/strong> Enne masina regulaarset kasutamist tehke silindri t\u00f6\u00f6 p\u00f5hjalik test.<\/li>\n<\/ol>\n<h2>Hooldus\u00fclesanded<\/h2>\n<ul>\n<li><strong>Regulaarsed kontrollid:<\/strong> Regulaarsed kontrollid probleemide varajaseks avastamiseks aitavad pikas perspektiivis aega ja raha kokku hoida. Otsige lekkeid, kulumist v\u00f5i ebatavalisi helisid, mis v\u00f5ivad probleemile viidata.<\/li>\n<li><strong>\u00d5ige m\u00e4\u00e4rimine:<\/strong> H\u00fcdraulikas\u00fcsteemi piisava m\u00e4\u00e4rimise tagamine v\u00e4hendab komponentide h\u00f5\u00f5rdumist ja kulumist, mis suurendab pikaealisust ja t\u00f6\u00f6kindlust.<\/li>\n<li><strong>Tihendi vahetamine ja kalibreerimise kontrollimine:<\/strong> Vahetage regulaarselt kulumisj\u00e4lgi n\u00e4itavaid tihendeid ja tehke kalibreerimiskontrolle, et tagada k\u00f5igi komponentide etten\u00e4htud parameetrite piires t\u00f6\u00f6tamine.<\/li>\n<\/ul>\n<p>Proper alignment during installation is crucial to prevent stress on the cylinder. Using suitable mounting brackets can help securely fasten the cylinder in place. It&#8217;s essential to adhere to the recommended inspection, repair, and replacement protocols to maintain operational integrity and extend the lifespan of the boom cylinder.<\/p>\n<p><img decoding=\"async\" src=\"https:\/\/www.hydraulic-cylinders.net\/wp-content\/uploads\/2025\/04\/songte-chushion-collar.webp\" alt=\"Padjakaelus\" \/><\/p>\n<h2>Ohutuskaalutlused ja keskkonnategurid<\/h2>\n<p>H\u00fcdrauliliste silindrite k\u00e4sitsemisel on ohutusmeetmed h\u00e4davajalikud, kuna eba\u00f5ige k\u00e4sitsemine v\u00f5ib p\u00f5hjustada \u00f5nnetusi ja vigastusi. Operaatorid peaksid olema koolitatud ohutu k\u00e4sitsemise tavade osas ja olema teadlikud h\u00fcdraulikas\u00fcsteemidega seotud v\u00f5imalikest ohtudest. Lisaks tuleks silindri enneaegse rikke v\u00e4ltimiseks t\u00f6\u00f6tamise ja ladustamise ajal arvestada keskkonnateguritega, nagu \u00e4\u00e4rmuslikud temperatuurid ja kokkupuude s\u00f6\u00f6vitavate ainetega.<\/p>\n<h2>Levinud probleemide t\u00f5rkeotsing<\/h2>\n<ul>\n<li><strong>Lekkiv silinder:<\/strong> Levinud probleem v\u00f5ib olla h\u00fcdraulikavedeliku leke silindrist. Selle p\u00f5hjuseks v\u00f5ivad olla kulunud tihendid v\u00f5i kahjustatud osad. Kontrollige tihendeid ja vahetage k\u00f5ik kahjustatud v\u00e4lja, et v\u00e4ltida edasisi lekkeid.<\/li>\n<li><strong>Aeglane t\u00f6\u00f6:<\/strong> Kui silinder t\u00f6\u00f6tab aeglaselt, v\u00f5ib see viidata madalale h\u00fcdraulikavedeliku tasemele v\u00f5i s\u00fcsteemis olevale \u00f5hule. Kontrollige vedeliku taset ja \u00f5hutage s\u00fcsteem, et eemaldada s\u00fcsteemis olev \u00f5hk.<\/li>\n<li><strong>Reageerimata silinder:<\/strong> Silindri mittereageerimise p\u00f5hjuseks v\u00f5ivad olla ummistused h\u00fcdrovoolikutes v\u00f5i probleemid juhtventiilidega. Kontrollige ja puhastage h\u00fcdrovoolikuid ning veenduge, et juhtventiilid t\u00f6\u00f6tavad korralikult.<\/li>\n<\/ul>\n<p>T\u00f5husa t\u00f5rkeotsingu jaoks peaksid operaatorid tundma h\u00fcdros\u00fcsteemi ja m\u00f5istma m\u00e4rke, mis viitavad v\u00f5imalikele probleemidele. Regulaarne hooldus ja kontroll aitavad neid probleeme v\u00e4ltida.<\/p>\n<p><img decoding=\"async\" src=\"https:\/\/www.hydraulic-cylinders.net\/wp-content\/uploads\/2025\/04\/songte-bushings-with-all-kinds-of-excavator-models.webp\" alt=\"Puksid\" \/><\/p>\n<h2>L\u00f5ppm\u00f5tted meie ettev\u00f5tte kohta<\/h2>\n<p>Oleme juhtiv h\u00fcdrosilindrite tootja ja hulgim\u00fc\u00fcja, mis on spetsialiseerunud olemasolevate toodete kvaliteetsetele alternatiividele. Meie ulatuslik tootevalik on positsioneerinud meid silmapaistva tegijana nii sise- kui ka rahvusvahelistel turgudel. R\u00f5hutame tippkvaliteeti, kasutades t\u00e4iustatud tootmisjuhtimise strateegiaid ja t\u00e4iustatud tootmistehnoloogiaid oma v\u00f5imete suurendamiseks.<\/p>\n<p>Meie p\u00fchendumus innovatsioonile ilmneb investeeringutes oskuslikesse spetsialistidesse ja tipptasemel seadmetesse, tagades, et rahuldame klientide mitmekesiseid vajadusi suure t\u00f5hususega, t\u00e4psusega ja kvaliteediga. Meie sertifikaadid ja kohandatud teenused r\u00f5hutavad veelgi meie p\u00fchendumust tipptasemel toodete ja erakordse m\u00fc\u00fcgij\u00e4rgse toe pakkumisele.<\/p>\n<p><img decoding=\"async\" src=\"https:\/\/www.hydraulic-cylinders.net\/wp-content\/uploads\/2025\/04\/songte-company-4.webp\" alt=\"Ettev\u00f5tte pilt 1\" \/><br \/>\n<img decoding=\"async\" src=\"https:\/\/www.hydraulic-cylinders.net\/wp-content\/uploads\/2025\/04\/songte-company-3.webp\" alt=\"Ettev\u00f5tte pilt 2\" \/><\/p>\n<p>Autor: lyl<\/p>","protected":false},"excerpt":{"rendered":"<p>Boom Cylinder For Volwa Cane Unloader DLS870-9M Introduction to Boom Cylinders The Boom Cylinder for Volwa Cane Unloader DLS870-9M is an essential component within hydraulic systems specifically designed to control the movement of heavy machinery buckets in applications such as excavators, backhoe loaders, and front-end loaders. These cylinders are vital for lifting, lowering, and tilting [&hellip;]<\/p>","protected":false},"featured_media":17871,"comment_status":"open","ping_status":"closed","template":"","meta":{"_et_pb_use_builder":"","_et_pb_old_content":"","_et_gb_content_width":""},"product_brand":[],"product_cat":[1546],"product_tag":[1547,1496],"class_list":{"0":"post-19623","1":"product","2":"type-product","3":"status-publish","4":"has-post-thumbnail","6":"product_cat-boom-cylinders","7":"product_tag-boom-cylinders","8":"product_tag-hydraulic-cylinders","10":"first","11":"instock","12":"shipping-taxable","13":"product-type-simple"},"amp_enabled":true,"_links":{"self":[{"href":"https:\/\/www.hydraulic-cylinders.net\/et\/wp-json\/wp\/v2\/product\/19623","targetHints":{"allow":["GET"]}}],"collection":[{"href":"https:\/\/www.hydraulic-cylinders.net\/et\/wp-json\/wp\/v2\/product"}],"about":[{"href":"https:\/\/www.hydraulic-cylinders.net\/et\/wp-json\/wp\/v2\/types\/product"}],"replies":[{"embeddable":true,"href":"https:\/\/www.hydraulic-cylinders.net\/et\/wp-json\/wp\/v2\/comments?post=19623"}],"wp:featuredmedia":[{"embeddable":true,"href":"https:\/\/www.hydraulic-cylinders.net\/et\/wp-json\/wp\/v2\/media\/17871"}],"wp:attachment":[{"href":"https:\/\/www.hydraulic-cylinders.net\/et\/wp-json\/wp\/v2\/media?parent=19623"}],"wp:term":[{"taxonomy":"product_brand","embeddable":true,"href":"https:\/\/www.hydraulic-cylinders.net\/et\/wp-json\/wp\/v2\/product_brand?post=19623"},{"taxonomy":"product_cat","embeddable":true,"href":"https:\/\/www.hydraulic-cylinders.net\/et\/wp-json\/wp\/v2\/product_cat?post=19623"},{"taxonomy":"product_tag","embeddable":true,"href":"https:\/\/www.hydraulic-cylinders.net\/et\/wp-json\/wp\/v2\/product_tag?post=19623"}],"curies":[{"name":"wp","href":"https:\/\/api.w.org\/{rel}","templated":true}]}}