{"id":19630,"date":"2025-04-07T06:58:25","date_gmt":"2025-04-07T06:58:25","guid":{"rendered":"https:\/\/www.hydraulic-cylinders.net\/product\/boom-cylinder-for-wacker-e8003\/"},"modified":"2025-04-07T06:58:28","modified_gmt":"2025-04-07T06:58:28","slug":"boom-cylinder-for-wacker-e8003","status":"publish","type":"product","link":"https:\/\/www.hydraulic-cylinders.net\/et\/toode\/boom-cylinder-for-wacker-e8003\/","title":{"rendered":"Wacker E8003 poomi silinder"},"content":{"rendered":"<h1>Wacker E8003 poomi silinder<\/h1>\n<h2>Toote \u00fclevaade<\/h2>\n<p>Wacker E8003 poomi silinder on spetsiaalne h\u00fcdrauliline silinder, mis on loodud rasketehnika koppade, n\u00e4iteks ekskavaatorite, laadur-ekskavaatori ja esilaaduri koppade liikumise juhtimiseks. Need silindrid on olulised koppade t\u00f5stmise, langetamise ja kallutamise h\u00f5lbustamiseks, sujuvamaks muutes materjalik\u00e4itlus\u00fclesandeid erinevates t\u00f6\u00f6stusharudes.<\/p>\n<p><img decoding=\"async\" src=\"https:\/\/www.hydraulic-cylinders.net\/wp-content\/uploads\/2025\/04\/songte-company-1.webp\" alt=\"Wacker E8003 poomi silinder\"><\/p>\n<h3>H\u00fcdrauliliste s\u00fcsteemide m\u00e4\u00e4ratlus ja funktsioon<\/h3>\n<p>Kopa silinder on h\u00fcdraulilise silindri t\u00fc\u00fcp, millel on rasketehnika t\u00f6\u00f6s kriitiline roll. See kasutab j\u00f5u genereerimiseks h\u00fcdraulilist vedelikku, mis seej\u00e4rel muundatakse liikumiseks, et juhtida kopa tegevust. Need silindrid on loodud taluma k\u00f5rget r\u00f5hku ja raskeid koormaid, tagades samal ajal sujuva t\u00f6\u00f6. Pakkudes t\u00e4pset kontrolli kopa liikumise \u00fcle, suurendavad need mitmesuguste \u00fclesannete, n\u00e4iteks kaevamise, t\u00f5stmise ja materjalide transportimise, t\u00f5husust. H\u00e4sti toimiva noolesilindri olulisust ei saa \u00fcle hinnata, kuna see m\u00f5jutab otseselt teenindatava seadme j\u00f5udlust ja tootlikkust.<\/p>\n<h2>Peamised omadused<\/h2>\n<ul>\n<li><strong>Suur tugevus ja vastupidavus:<\/strong> Need \u00fclitugevast terasest v\u00f5i alumiiniumist valmistatud silindrid taluvad k\u00f5rget r\u00f5hku ja suuri koormusi, mist\u00f5ttu sobivad need karmidesse t\u00f6\u00f6keskkondadesse. Need on konstrueeritud kulumiskindlust ja korrosioonikindlust silmas pidades, pikendades nende eluiga.<\/li>\n<li><strong>T\u00f5hus h\u00fcdrauliline t\u00f6\u00f6:<\/strong> Silinder t\u00f6\u00f6tab h\u00fcdraulika\u00f5li r\u00f5hu abil sujuvalt, v\u00f5imaldades kiiret reageerimist juhtimisk\u00e4sklustele ning pakkudes m\u00e4rkimisv\u00e4\u00e4rset t\u00f5uke- ja t\u00f5mbej\u00f5udu raskete materjalide k\u00e4sitsemiseks.<\/li>\n<li><strong>Erinevad t\u00fc\u00fcbid:<\/strong> Saadaval \u00fchetoimeliste (kasutatakse \u00fches suunas) v\u00f5i kahetoimeliste (t\u00f6\u00f6tab m\u00f5lemas suunas) silindritena, mis vastavad erinevatele t\u00f6\u00f6vajadustele. M\u00f5ned mudelid on teleskoopilised, mis v\u00f5imaldab suuremat pikendamist ilma v\u00e4lism\u00f5\u00f5tmeid suurendamata.<\/li>\n<li><strong>\u00dchilduvus:<\/strong> Meie tooted suudavad ideaalselt asendada olemasolevaid h\u00fcdrosilindreid, tagades sujuva integratsiooni teie masinatega.<\/li>\n<li><strong>Kohandatud lahendused:<\/strong> Kohandatud tootmisv\u00f5imalused vastavalt konkreetsetele n\u00f5uetele, pakkudes paindlikkust disaini ja funktsioonide osas.<\/li>\n<\/ul>\n<p><img decoding=\"async\" src=\"https:\/\/www.hydraulic-cylinders.net\/wp-content\/uploads\/2025\/04\/songte-cylinder-head-with-all-kinds-excavator-models.webp\" alt=\"Poomi silindri \u00fchilduvus\"><\/p>\n<h2>Rakendusstsenaariumid<\/h2>\n<h3>Ehitustehnika<\/h3>\n<p>Ehitusmasinates on noolesilindrid ekskavaatorite jaoks \u00fcliolulised, kuna neil on oluline roll pinnase v\u00f5i prahi kaevamisel, laadimisel ja transportimisel. Ekskavaatori j\u00f5udlus s\u00f5ltub suuresti selle noolesilindri t\u00f5hususest, mis v\u00f5imaldab kopal tungida pinnasesse ja teostada t\u00e4pselt mitmesuguseid kaevamistoiminguid. Lisaks aitab ekskavaatorlaaduritel noolesilinder mitte ainult kaevamisel, vaid ka raskete koormate t\u00f5stmisel, muutes selle ehitus- ja kaevamist\u00f6\u00f6del asendamatuks.<\/p>\n<h3>P\u00f5llumajandustehnika<\/h3>\n<p>P\u00f5llumajandusmasinates kasutatakse esilaadurites noolesilindreid mulla, heina ja muude materjalide kopeerimiseks, t\u00f5stmiseks ja transportimiseks. P\u00f5llumajandust\u00f6\u00f6de t\u00f5husus s\u00f5ltub sageli nende h\u00fcdrauliliste silindrite t\u00f6\u00f6kindlusest korduvate \u00fclesannete t\u00e4itmisel minimaalse seisakuajaga. Nende vastupidav konstruktsioon ja v\u00f5imas h\u00fcdrauliline toime h\u00f5lbustavad mitmesuguseid p\u00f5llumajanduslikke rakendusi, tagades p\u00f5llul tootlikkuse.<\/p>\n<h3>Ekskavaatorid<\/h3>\n<p>Ekskavaatorid kasutavad noolesilindreid efektiivseks kaevamiseks, v\u00f5imaldades kopal pinnasesse tungida. Nende konstruktsioon v\u00f5imaldab kopa s\u00fcgavuse ja nurga t\u00e4pset juhtimist, mis on kaevet\u00f6\u00f6de puhul oluline. See kontrollitud liikumine mitte ainult ei suurenda efektiivsust, vaid tagab ka t\u00f6\u00f6 t\u00e4psete spetsifikatsioonide j\u00e4rgimise, v\u00e4hendades tasandamise ja kaevamise vigade ohtu.<\/p>\n<h3>Laadurid<\/h3>\n<p>Esilaaduritel aitavad noolesilindrid materjale t\u00f5husalt t\u00f5sta ja t\u00fchjendada. H\u00fcdraulikas\u00fcsteem v\u00f5imaldab sujuvat t\u00f6\u00f6d, v\u00f5imaldades operaatoritel raskeid koormaid h\u00f5lpsalt t\u00f5sta. See v\u00f5ime on \u00fclioluline selliste \u00fclesannete puhul nagu veoautode laadimine, materjalide teisaldamine ja muud ehitustegevused, mis n\u00e4itab usaldusv\u00e4\u00e4rsete noolesilindrite olulisust laadurite j\u00f5udluses.<\/p>\n<h2>Projekteerimiskaalutlused ja valikukriteeriumid<\/h2>\n<h3>Kandev\u00f5ime<\/h3>\n<p>Noole silindri valimisel on kandev\u00f5ime \u00fcks olulisemaid tegureid. Oluline on valida silinder, mis suudab taluda t\u00f6\u00f6 ajal eeldatavat maksimaalset koormust. Kandev\u00f5imet tuleks hinnata masina konkreetsete n\u00f5uete ja t\u00e4idetavate \u00fclesannete p\u00f5hjal. Liiga v\u00e4ikese kandev\u00f5imega silinder v\u00f5ib p\u00f5hjustada katastroofilise rikke, samas kui liiga suure nimiv\u00f5imsusega silinder v\u00f5ib kaasa tuua ebaefektiivse energiakasutuse ja suurenenud tegevuskulud. Seet\u00f5ttu on \u00fclioluline m\u00f5ista silindri spetsifikatsioonide ja masina n\u00f5uete vahelist seost.<\/p>\n<h3>Tihendusv\u00f5ime<\/h3>\n<p>H\u00fcdrosilindri tihendusomadused on optimaalse funktsionaalsuse s\u00e4ilitamiseks \u00fcliolulised. Kvaliteetsed tihendid hoiavad \u00e4ra h\u00fcdraulikavedeliku lekke, mis v\u00f5ib v\u00e4hendada efektiivsust ja kahjustada h\u00fcdraulikas\u00fcsteemi. Poomi silindri valimisel on oluline arvestada kasutatavate tihendite kvaliteeti ja nende \u00fchilduvust h\u00fcdraulikavedelikuga. Tihendite regulaarne kontroll ja hooldus on h\u00e4davajalikud h\u00fcdraulikas\u00fcsteemi pikaealisuse tagamiseks ja kulukate remondit\u00f6\u00f6de v\u00e4ltimiseks.<\/p>\n<h3>Vastupidavus ja pikaealisus<\/h3>\n<p>Vastupidavus on noolesilindrite disainimisel veel \u00fcks v\u00f5tmetegur. Silindrite valmistamiseks kasutatavad materjalid peaksid vastu pidama karmidele keskkondadele ja korduvale kasutamisele ilma nende omaduste halvenemiseta. Sellised tegurid nagu kulumiskindlus ja korrosioonikindlus on h\u00fcdrauliliste silindrite eluea pikendamisel \u00fcliolulised. Vastupidav noolesilinder v\u00e4hendab remondi- ja vahetusvajaduse sagedust, s\u00e4\u00e4stes pikas perspektiivis aega ja raha.<\/p>\n<h3>Turvaelemendid<\/h3>\n<p>H\u00fcdrauliliste silindrite projekteerimisel peaks ohutus alati olema esmat\u00e4htis. Sellised omadused nagu \u00fclekoormuskaitse ja kaitseklapid aitavad \u00e4ra hoida \u00f5nnetusi ja seadmete kahjustusi. Oluline on hinnata poomi silindri konstruktsiooni integreeritud ohutusmeetmeid, kuna need aitavad kaasa masinate t\u00f6\u00f6 \u00fcldisele t\u00f6\u00f6kindlusele ja ohutusele. Nende funktsioonide olemasolu tagamine v\u00f5ib pakkuda operaatoritele meelerahu ja v\u00e4hendada t\u00f6\u00f6\u00f5nnetuste ohtu.<\/p>\n<h3>Hoolduse ligip\u00e4\u00e4setavus<\/h3>\n<p>L\u00f5puks arvestage poomi silindri valimisel hoolduse lihtsusega. Silindrid, mis on konstrueeritud nii, et tihenditele ja sisemistele komponentidele on lihtne juurdep\u00e4\u00e4s, v\u00f5imaldavad kiiremaid kontrolle ja hooldust\u00f6id. Regulaarne hooldus on optimaalse j\u00f5udluse tagamiseks \u00fclioluline ning h\u00f5lpsat hooldust v\u00f5imaldav disain v\u00f5ib oluliselt v\u00e4hendada seisakuid. H\u00fcdrauliliste silindrite hooldusvajaduste hindamine on oluline, et tagada nende maksimaalne efektiivsus kogu eluea jooksul.<\/p>\n<p><img decoding=\"async\" src=\"https:\/\/www.hydraulic-cylinders.net\/wp-content\/uploads\/2025\/04\/songte-oil-pipes-and-spare-parts.webp\" alt=\"H\u00fcdrauliliste silindrite komponendid\"><\/p>\n<h2>Tihendus ja m\u00e4\u00e4rimine<\/h2>\n<p>T\u00f5hus tihendamine ja m\u00e4\u00e4rimine on h\u00fcdrauliliste silindrite n\u00f5uetekohaseks toimimiseks kriitilise t\u00e4htsusega. Lekete v\u00e4ltimiseks ja silindris r\u00f5hu s\u00e4ilitamiseks kasutatakse mitmesuguseid tihenduskomponente, n\u00e4iteks kolvitihendeid ja vardatihendeid. Tihendite jaoks tavaliselt kasutatavate materjalide hulka kuuluvad pol\u00fcuretaan ja nitriilkummi, mis on tuntud oma vastupidavuse ja kulumiskindluse poolest. Silindri korpus ja keermestatud otsapinnad peavad l\u00e4bima t\u00e4pse t\u00f6\u00f6tlemise, et suurendada kulumiskindlust ja tagada tihe tihend.<\/p>\n<p>Optimaalse j\u00f5udluse saavutamiseks on oluline ka regulaarne m\u00e4\u00e4rimine. Oluline on perioodiliselt s\u00fcstida silindrisse sobiv kogus h\u00fcdraulika\u00f5li, et sisemised komponendid t\u00f6\u00f6taksid sujuvalt. M\u00e4\u00e4rimise puudumine v\u00f5ib suurendada h\u00f5\u00f5rdumist, kulumist ja h\u00fcdraulikas\u00fcsteemi v\u00f5imalikku riket. H\u00e4sti hooldatud m\u00e4\u00e4rimisrutiin aitab oluliselt kaasa poomi silindri pikaealisusele ja efektiivsusele.<\/p>\n<h2>Ennetavad hooldusmeetmed<\/h2>\n<ul>\n<li><strong>Rutiinsed kontrollid:<\/strong> Regulaarsed kontrollid on olulised kulumis- v\u00f5i kahjustuste m\u00e4rkide tuvastamiseks. Operaatorid peaksid kontrollima lekkeid, ebatavalisi helisid v\u00f5i j\u00f5udluse muutusi. Probleemide varajane lahendamine aitab v\u00e4ltida kulukaid remondit\u00f6id ja seisakuid.<\/li>\n<li><strong>M\u00e4\u00e4rimisgraafik:<\/strong> Koostage m\u00e4\u00e4rimisgraafik, et tagada h\u00fcdraulika\u00f5li lisamine sobivate intervallidega. See aitab s\u00e4ilitada optimaalset j\u00f5udlust ja pikendab silindri eluiga.<\/li>\n<li><strong>Tihendi vahetamine:<\/strong> Kontrollige regulaarselt tihendite kulumisj\u00e4lgede esinemist ja vajadusel vahetage need v\u00e4lja. Kulunud tihendid v\u00f5ivad p\u00f5hjustada vedeliku lekkeid ja v\u00e4hendada efektiivsust, mist\u00f5ttu on selle hooldusaspektiga tegelemine \u00fclioluline.<\/li>\n<\/ul>\n<h2>\u00d5iged paigaldusjuhised<\/h2>\n<p>H\u00fcdrauliliste silindrite \u00f5ige paigaldamine on optimaalse j\u00f5udluse tagamiseks \u00fclioluline. Alustage paigaldusala p\u00f5hjalikust puhastamisest, et eemaldada praht v\u00f5i saasteained, mis v\u00f5ivad silindri t\u00f6\u00f6d h\u00e4irida. Kasutage sobivaid joondust\u00f6\u00f6riistu, et tagada silindri \u00f5ige asend teiste komponentide suhtes.<\/p>\n<p>Silindri paigaldamisel j\u00e4rgige tootja spetsifikatsioone p\u00f6\u00f6rdemomendi ja kinnituse kohta. Silindri kinnitamiseks ja liikumise v\u00e4ltimiseks t\u00f6\u00f6tamise ajal on oluline kasutada sobivaid kinnitusklambreid. P\u00e4rast paigaldamist kontrollige, kas esineb joondusvigu v\u00f5i v\u00f5imalikke takistusi, mis v\u00f5ivad j\u00f5udlust takistada. L\u00f5puks tehke katsets\u00fckkel, et veenduda silindri sujuvas ja t\u00f5husas t\u00f6\u00f6s, tehes vajadusel kohandusi.<\/p>\n<h2>Hooldus\u00fclesanded<\/h2>\n<ul>\n<li><strong>Regulaarsed kontrollid:<\/strong> Lekete, j\u00f5udlusanomaaliate ja kulumism\u00e4rkide regulaarne kontrollimine tagab h\u00fcdros\u00fcsteemi optimaalse toimimise. Probleemide varajane avastamine aitab s\u00e4\u00e4sta aega ja ressursse.<\/li>\n<li><strong>\u00d5ige m\u00e4\u00e4rimine:<\/strong> Liikuvate osade j\u00e4rjepidev m\u00e4\u00e4rimine on oluline h\u00f5\u00f5rdumise minimeerimiseks ja h\u00fcdrosilindri eluea pikendamiseks. \u00d5ige t\u00fc\u00fcpi ja koguse m\u00e4\u00e4rdeaine kasutamine on j\u00f5udluse s\u00e4ilitamiseks kriitilise t\u00e4htsusega.<\/li>\n<li><strong>Tihendi vahetamine:<\/strong> Tihendite regulaarne j\u00e4lgimine ja vajadusel vahetamine hoiab \u00e4ra vedeliku lekked ja s\u00e4ilitab h\u00fcdraulilise r\u00f5hu. See on \u00fclioluline h\u00fcdraulikas\u00fcsteemi t\u00f5hususe ja ohutuse tagamiseks.<\/li>\n<\/ul>\n<p>H\u00fcdrauliliste silindrite eluea maksimeerimiseks on \u00fclioluline \u00f5ige paigaldamine, m\u00e4\u00e4rimine ja reguleerimine. Paigaldamise ajal on oluline silindrit t\u00e4pselt joondada, kuna vale joondamine v\u00f5ib p\u00f5hjustada enneaegset kulumist ja rikkeid. Lisaks aitab sobivate kinnitusklambrite kasutamine silindrit paigal hoida ja liikumist v\u00e4ltida. Regulaarne kontroll ja hooldus suurendavad veelgi h\u00fcdros\u00fcsteemi t\u00f6\u00f6kindlust.<\/p>\n<p><img decoding=\"async\" src=\"https:\/\/www.hydraulic-cylinders.net\/wp-content\/uploads\/2025\/04\/songte-chushion-collar.webp\" alt=\"Silindri paigalduskomponendid\"><\/p>\n<h2>Ohutuskaalutlused ja keskkonnategurid<\/h2>\n<p>H\u00fcdrauliliste silindrite kasutamisel on ohutusmeetmed \u00fcliolulised. Operaatorid peaksid olema koolitatud \u00e4ra tundma v\u00f5imalikke ohte ja j\u00e4rgima masinate k\u00e4sitsemisel ohutusprotokolle. Ohutusfunktsioonide korrektse toimimise ja keskkonna v\u00f5imalike riskide j\u00e4lgimise tagamine aitab oluliselt v\u00e4hendada \u00f5nnetuste t\u00f5en\u00e4osust. Lisaks tuleks t\u00e4helepanu p\u00f6\u00f6rata h\u00fcdrauliliste vedelike keskkonnam\u00f5jule. Biolagunevate h\u00fcdraulika\u00f5lide kasutamine aitab leevendada lekete v\u00f5i mahavoolamisega seotud keskkonnariske, edendades seadmete k\u00e4itamise j\u00e4tkusuutlikkust.<\/p>\n<h2>Rikete diagnoosimine ja levinud probleemid<\/h2>\n<ul>\n<li><strong>Vedeliku lekked:<\/strong> \u00dcks levinud probleem on h\u00fcdraulikavedeliku leke, mis v\u00f5ib tuleneda kulunud tihenditest v\u00f5i kahjustatud komponentidest. Regulaarne kontroll aitab lekkeid varakult tuvastada, ennetades edasisi kahjustusi.<\/li>\n<li><strong>Reageerimata silinder:<\/strong> Kui silinder ei reageeri k\u00e4sklustele, v\u00f5ib see olla tingitud madalast h\u00fcdraulikavedeliku tasemest v\u00f5i s\u00fcsteemis olevast \u00f5hust. S\u00fcsteemi \u00f5hutamine ja \u00f5ige vedeliku taseme tagamine v\u00f5ib selle probleemi lahendada.<\/li>\n<li><strong>Liigne m\u00fcra:<\/strong> Ebatavalised m\u00fcrad t\u00f6\u00f6tamise ajal v\u00f5ivad viidata mehaanilistele probleemidele, n\u00e4iteks kulunud laagritele v\u00f5i joondusveale. M\u00fcra allika viivitamatu uurimine on s\u00fcsteemi terviklikkuse s\u00e4ilitamiseks \u00fclioluline.<\/li>\n<\/ul>\n<h2>Veaotsingu n\u00e4pun\u00e4ited<\/h2>\n<p>H\u00fcdrauliliste silindrite probleemide diagnoosimisel on oluline j\u00e4rgida s\u00fcstemaatilist l\u00e4henemist. Alustage vedeliku taseme kontrollimisest ja n\u00e4htavate lekete otsimisest. Kui silinder ei reageeri, kontrollige, kas h\u00fcdraulikas\u00fcsteemis on \u00f5hku, ja vajadusel \u00f5hutage. Liigse m\u00fcra korral veenduge, et komponendid on \u00f5igesti joondatud, ja kontrollige liikuvate osade kulumist. Ennetavate meetmete rakendamine, n\u00e4iteks regulaarne hooldus ja \u00fclevaatused, aitab potentsiaalseid probleeme enne nende s\u00fcvenemist leevendada.<\/p>\n<p><img decoding=\"async\" src=\"https:\/\/www.hydraulic-cylinders.net\/wp-content\/uploads\/2025\/04\/songte-bushings-with-all-kinds-of-excavator-models.webp\" alt=\"H\u00fcdraulilise silindri tavalised probleemid\"><\/p>\n<h2>Meie ettev\u00f5ttest<\/h2>\n<p>Oleme juhtiv asendush\u00fcdrauliliste silindrite tootja, kes on tuntud oma laia tootevaliku poolest. Meie p\u00fchendumus tipptasemele on positsioneerinud meid \u00fcheks juhtivaks tootjaks ja hulgim\u00fc\u00fcjaks nii sise- kui ka rahvusvahelisel turul. J\u00e4rgime k\u00f5rgeimaid kvaliteedistandardeid, tuginedes t\u00e4iustatud tootmisprotsessidele, tipptasemel seadmetele ja oskuslikule t\u00f6\u00f6j\u00f5ule, et pakkuda parimaid tooteid.<\/p>\n<p>Meie keskendumine innovatsioonile ja kvaliteedikontrollile tagab, et rahuldame oma klientide mitmekesiseid vajadusi. Rahvusvaheliste sertifikaatide ja klientide rahulolule p\u00fchendumisega pakume kohandatavaid lahendusi, mis vastavad konkreetsetele tegevusn\u00f5uetele. Meie ulatuslikud m\u00fc\u00fcgij\u00e4rgsed teenused kinnitavad veelgi meie p\u00fchendumust kvaliteedile ja usaldusv\u00e4\u00e4rsusele.<\/p>\n<p><img decoding=\"async\" src=\"https:\/\/www.hydraulic-cylinders.net\/wp-content\/uploads\/2025\/04\/songte-company-4.webp\" alt=\"Ettev\u00f5tte kvaliteedi tagamine\"><br \/>\n<img decoding=\"async\" src=\"https:\/\/www.hydraulic-cylinders.net\/wp-content\/uploads\/2025\/04\/songte-company-3.webp\" alt=\"Ettev\u00f5tte tootmis\u00fcksus\"><\/p>\n<p>Autor: lyl<\/p>","protected":false},"excerpt":{"rendered":"<p>Boom Cylinder For Wacker E8003 Product Overview The Boom Cylinder for Wacker E8003 is a specialized hydraulic cylinder designed for controlling the movement of heavy machinery buckets, such as those found in excavators, backhoe loaders, and front-end loaders. These cylinders are essential in facilitating the lifting, lowering, and tilting of buckets, streamlining material handling tasks [&hellip;]<\/p>","protected":false},"featured_media":17878,"comment_status":"open","ping_status":"closed","template":"","meta":{"_et_pb_use_builder":"","_et_pb_old_content":"","_et_gb_content_width":""},"product_brand":[],"product_cat":[1546],"product_tag":[1547,1496],"class_list":{"0":"post-19630","1":"product","2":"type-product","3":"status-publish","4":"has-post-thumbnail","6":"product_cat-boom-cylinders","7":"product_tag-boom-cylinders","8":"product_tag-hydraulic-cylinders","10":"first","11":"instock","12":"shipping-taxable","13":"product-type-simple"},"amp_enabled":true,"_links":{"self":[{"href":"https:\/\/www.hydraulic-cylinders.net\/et\/wp-json\/wp\/v2\/product\/19630","targetHints":{"allow":["GET"]}}],"collection":[{"href":"https:\/\/www.hydraulic-cylinders.net\/et\/wp-json\/wp\/v2\/product"}],"about":[{"href":"https:\/\/www.hydraulic-cylinders.net\/et\/wp-json\/wp\/v2\/types\/product"}],"replies":[{"embeddable":true,"href":"https:\/\/www.hydraulic-cylinders.net\/et\/wp-json\/wp\/v2\/comments?post=19630"}],"wp:featuredmedia":[{"embeddable":true,"href":"https:\/\/www.hydraulic-cylinders.net\/et\/wp-json\/wp\/v2\/media\/17878"}],"wp:attachment":[{"href":"https:\/\/www.hydraulic-cylinders.net\/et\/wp-json\/wp\/v2\/media?parent=19630"}],"wp:term":[{"taxonomy":"product_brand","embeddable":true,"href":"https:\/\/www.hydraulic-cylinders.net\/et\/wp-json\/wp\/v2\/product_brand?post=19630"},{"taxonomy":"product_cat","embeddable":true,"href":"https:\/\/www.hydraulic-cylinders.net\/et\/wp-json\/wp\/v2\/product_cat?post=19630"},{"taxonomy":"product_tag","embeddable":true,"href":"https:\/\/www.hydraulic-cylinders.net\/et\/wp-json\/wp\/v2\/product_tag?post=19630"}],"curies":[{"name":"wp","href":"https:\/\/api.w.org\/{rel}","templated":true}]}}