{"id":19631,"date":"2025-04-07T06:58:28","date_gmt":"2025-04-07T06:58:28","guid":{"rendered":"https:\/\/www.hydraulic-cylinders.net\/product\/boom-cylinder-for-wacker-e217\/"},"modified":"2025-04-07T06:58:31","modified_gmt":"2025-04-07T06:58:31","slug":"boom-cylinder-for-wacker-e217","status":"publish","type":"product","link":"https:\/\/www.hydraulic-cylinders.net\/et\/toode\/boom-cylinder-for-wacker-e217\/","title":{"rendered":"Wacker E217 poomi silinder"},"content":{"rendered":"<h1>Wacker E217 poomi silinder<\/h1>\n<h2>Toote \u00fclevaade<\/h2>\n<p>Spetsiaalselt Wacker E217 jaoks loodud noole silinder on h\u00fcdraulikas\u00fcsteemide oluline komponent. See h\u00fcdraulika silinder on loodud kopa liikumise juhtimiseks erinevates rasketehnikas, sealhulgas ekskavaatorites, laadur-ekskavaatorites ja esilaadurites. See v\u00f5imaldab kopal t\u00f5husalt t\u00f5usta, langetada ja kallutada, muutes selle materjali k\u00e4itlemise \u00fclesannete jaoks h\u00e4davajalikuks.<\/p>\n<p><img decoding=\"async\" src=\"https:\/\/www.hydraulic-cylinders.net\/wp-content\/uploads\/2025\/04\/songte-company-1.webp\" alt=\"Poomi silinder\" \/><\/p>\n<h3>Definitsioon ja funktsionaalsus<\/h3>\n<p>Kopa silinder on h\u00fcdraulilise silindri t\u00fc\u00fcp, millel on rasketehnika t\u00f6\u00f6s oluline roll. See v\u00f5imaldab kopa positsioneerimise t\u00e4pset juhtimist, v\u00f5imaldades operaatoritel h\u00f5lpsalt teha selliseid toiminguid nagu kaevamine, t\u00f5stmine ja materjalide transportimine. Silindris tekitatud h\u00fcdrauliline j\u00f5ud muundub v\u00f5imsateks liikumisteks, mis on ehitusplatsidel ja muudes t\u00f6\u00f6stuslikes rakendustes masinate t\u00f5husaks t\u00f6\u00f6ks h\u00e4davajalikud.<\/p>\n<h2>Toote omadused<\/h2>\n<ul>\n<li><strong>Suur tugevus ja vastupidavus:<\/strong> Need \u00fclitugevast terasest v\u00f5i alumiiniumist valmistatud silindrid taluvad k\u00f5rget r\u00f5hku ja suuri koormusi, mist\u00f5ttu sobivad need karmidesse t\u00f6\u00f6keskkondadesse. Konstruktsioonis on ka kulumiskindlus ja korrosioonikindlus, et pikendada eluiga.<\/li>\n<li><strong>T\u00f5hus h\u00fcdrauliline t\u00f6\u00f6:<\/strong> Silindrid kasutavad sujuvaks pikendamiseks ja tagasit\u00f5mbamiseks h\u00fcdraulilist \u00f5lir\u00f5hku, mis v\u00f5imaldab kiiret reageerimist operaatori k\u00e4skudele. Need pakuvad m\u00e4rkimisv\u00e4\u00e4rset t\u00f5uke- ja t\u00f5mbej\u00f5udu, mist\u00f5ttu sobivad need ideaalselt raskete ja keerukate \u00fclesannete t\u00e4itmiseks.<\/li>\n<li><strong>Erinevad t\u00fc\u00fcbid:<\/strong> Need silindrid on saadaval \u00fchetoimelise (h\u00fcdrauliline toime \u00fches suunas) v\u00f5i kahetoimelise (h\u00fcdrauliline toime m\u00f5lemas suunas) konfiguratsioonina ning neid saab kohandada vastavalt erinevatele t\u00f6\u00f6vajadustele. M\u00f5nedel mudelitel on teleskoopkonstruktsioon, mis v\u00f5imaldab suuremat pikendust ilma v\u00e4lism\u00f5\u00f5tmeid suurendamata, mis on kasulik ruumipiirangutega rakenduste jaoks.<\/li>\n<li><strong>\u00dchilduvus:<\/strong> Meie tooted on loodud olemasolevate h\u00fcdrosilindrite ideaalseks asendamiseks, tagades sujuva integratsiooni teie masinatega.<\/li>\n<li><strong>Tehniline t\u00e4psus:<\/strong> Iga silinder on valmistatud t\u00e4pselt, tagades optimaalse j\u00f5udluse n\u00f5udlikes rakendustes.<\/li>\n<\/ul>\n<p><img decoding=\"async\" src=\"https:\/\/www.hydraulic-cylinders.net\/wp-content\/uploads\/2025\/04\/songte-cylinder-head-with-all-kinds-excavator-models.webp\" alt=\"Silindrite \u00fchilduvus\" \/><\/p>\n<h2>Rakendused<\/h2>\n<h3>Ehitustehnika<\/h3>\n<p>Ekskavaatorites on noolesilindrid olulised kaevamiseks, laadimiseks ja pinnase v\u00f5i prahi teisaldamiseks. Need annavad vajaliku j\u00f5u k\u00f5va pinnase l\u00e4bistamiseks, v\u00f5imaldades t\u00f5husat kaevamist. Ekskavaatoritel h\u00f5lbustab kopa silinder nii kaevamist kui ka t\u00f5stmist, v\u00f5imaldades mitmek\u00fclgset kasutamist ehitusplatsidel.<\/p>\n<h3>P\u00f5llumajandustehnika<\/h3>\n<p>Frontaallaadurid kasutavad mulla, heina ja muude materjalide kopeerimiseks, t\u00f5stmiseks ja transportimiseks noole silindreid. See funktsioon on kriitilise t\u00e4htsusega p\u00f5llumajanduses, kus materjali k\u00e4itlemise efektiivsus m\u00f5jutab otseselt tootlikkust ja t\u00f6\u00f6j\u00f5ukulusid.<\/p>\n<h3>Ekskavaatorid<\/h3>\n<p>Kopa silinder v\u00f5imaldab ekskavaatoritel h\u00f5lpsalt pinnasesse tungida, tehes kaevamist\u00f6id t\u00f5husalt. See v\u00f5ime on oluline mitmesuguste ehitus- ja haljastusprojektide puhul, kus on vaja s\u00fcgavat kaevamist.<\/p>\n<h3>Laadurid<\/h3>\n<p>Esilaadurites aitavad noolesilindrid materjale t\u00f5husalt t\u00f5sta ja t\u00fchjendada, mist\u00f5ttu on need \u00fcliolulised \u00fclesannete puhul, mis n\u00f5uavad kiiret ja t\u00f5husat laadimist.<\/p>\n<h2>Projekteerimiskaalutlused ja valikukriteeriumid<\/h2>\n<h3>Kandev\u00f5ime<\/h3>\n<p>Noole silindri valimisel on oluline hinnata kandev\u00f5imet, et tagada selle v\u00f5imekus kavandatud \u00fclesannetega toime tulla. Ebapiisava mahutavusega silinder v\u00f5ib p\u00f5hjustada seadmete rikkeid v\u00f5i ohutusriske, mist\u00f5ttu on oluline teha hoolikas valik, mis p\u00f5hineb t\u00f6\u00f6vajadustel.<\/p>\n<h3>Tihendusv\u00f5ime<\/h3>\n<p>T\u00f5hus tihendamine on oluline h\u00fcdraulilise vedeliku lekete v\u00e4ltimiseks, mis v\u00f5ivad kahjustada s\u00fcsteemi t\u00f5husust ja ohutust. Pikaealisuse ja t\u00f6\u00f6kindluse tagamiseks erinevates t\u00f6\u00f6tingimustes tuleks kasutada kvaliteetseid tihendeid, mis on valmistatud vastupidavatest materjalidest, n\u00e4iteks pol\u00fcuretaanist v\u00f5i nitriilkummist.<\/p>\n<h3>Vastupidavus<\/h3>\n<p>Ballooni vastupidavus on \u00fclioluline, eriti n\u00f5udlikes keskkondades. Materjalid peavad olema kulumis- ja korrosioonikindlad, tagades ballooni funktsionaalsuse s\u00e4ilimise aja jooksul ja minimeerides hooldusvajadust.<\/p>\n<h3>Turvaelemendid<\/h3>\n<p>Ohutusfunktsioonide, n\u00e4iteks \u00fcler\u00f5huventiilide ja vastupidava konstruktsiooni lisamine aitab v\u00e4ltida \u00f5nnetusi ja seadmete rikkeid. Need omadused on olulised nii operaatorite kui ka seadmete kaitsmiseks t\u00f6\u00f6tamise ajal.<\/p>\n<h3>Hoolduse ligip\u00e4\u00e4setavus<\/h3>\n<p>Silindri projekteerimine nii, et hoolduspunktidele oleks lihtne juurdep\u00e4\u00e4s, on kriitilise t\u00e4htsusega. See kaalutlus lihtsustab rutiinseid kontrolle ja remonti, tagades \u00f5igeaegse hoolduse ilma pikkade seisakuteta.<\/p>\n<p><img decoding=\"async\" src=\"https:\/\/www.hydraulic-cylinders.net\/wp-content\/uploads\/2025\/04\/songte-oil-pipes-and-spare-parts.webp\" alt=\"Hoolduse ligip\u00e4\u00e4setavus\" \/><\/p>\n<h2>Tihendus ja m\u00e4\u00e4rimine<\/h2>\n<p>N\u00f5uetekohane tihendamine ja m\u00e4\u00e4rimine on h\u00fcdrauliliste silindrite j\u00f5udluse ja pikaealisuse seisukohalt kriitilise t\u00e4htsusega. Optimaalse j\u00f5udluse tagamiseks tuleb hoolikalt valida mitmesuguseid tihenduskomponente, n\u00e4iteks kolvitihendeid ja varrastihendeid. Kulumiskindlatest materjalidest, nagu pol\u00fcuretaan ja nitriilkummi, valmistatud tihendid pakuvad suurep\u00e4rast kaitset lekete ja kulumise eest. Silindri korpus ja keermestatud otsapinnad l\u00e4bivad peent\u00f6\u00f6tluse, et suurendada kulumiskindlust. Samuti on vajalik regulaarne m\u00e4\u00e4rimine sobiva h\u00fcdraulika\u00f5liga, et v\u00e4hendada h\u00f5\u00f5rdumist ja v\u00e4ltida enneaegset kulumist, tagades sujuva t\u00f6\u00f6 kogu silindri eluea jooksul.<\/p>\n<h2>Regulaarne kontroll ja ennetav hooldus<\/h2>\n<ul>\n<li><strong>Rutiinsed kontrollid:<\/strong> H\u00fcdraulikas\u00fcsteemi t\u00f5husa toimimise tagamiseks tehke regulaarselt visuaalset kontrolli kulumise, lekete v\u00f5i kahjustuste suhtes.<\/li>\n<li><strong>Sobiv m\u00e4\u00e4rimine:<\/strong> Veenduge, et silinder oleks piisavalt m\u00e4\u00e4ritud \u00f5ige h\u00fcdraulika\u00f5liga, et tagada sujuv t\u00f6\u00f6 ja v\u00e4ltida kulumist.<\/li>\n<li><strong>Tihendi vahetamine:<\/strong> Kontrollige regulaarselt tihendite kulumist ja vahetage need vastavalt vajadusele, et v\u00e4ltida lekkeid ja s\u00e4ilitada h\u00fcdrauliline terviklikkus.<\/li>\n<\/ul>\n<h2>Paigaldusjuhised<\/h2>\n<p>Poomi silindri \u00f5ige paigaldamine on selle efektiivse toimimise jaoks \u00fclioluline. Alustage veendumisest, et kinnituspinnad on puhtad ja prahist vabad. Kasutage silindri kinnitamiseks sobivaid kinnitusklambreid, veendudes, et see on \u00f5igesti joondatud, et v\u00e4ltida liigset pinget. J\u00e4rgige tootja spetsifikatsioone p\u00f6\u00f6rdemomentide s\u00e4tete kohta, et k\u00f5ik \u00fchendused kinnitada. P\u00e4rast paigaldamist testige s\u00fcsteemi t\u00f6\u00f6tingimustes, et veenduda silindri etten\u00e4htud funktsioneerimises, ja tehke vajalikud muudatused.<\/p>\n<h2>Levinumad hooldust\u00f6\u00f6d<\/h2>\n<ul>\n<li><strong>Regulaarne kontroll:<\/strong> Kontrollige regulaarselt poomi silindrit lekete, kulumise ja \u00fcldise seisukorra suhtes. Lahendage k\u00f5ik probleemid viivitamatult, et v\u00e4ltida edasisi kahjustusi.<\/li>\n<li><strong>\u00d5ige m\u00e4\u00e4rimine:<\/strong> S\u00e4ilitage sobiv m\u00e4\u00e4rimistase ja veenduge, et kasutatav h\u00fcdraulika\u00f5li \u00fchildub silindri spetsifikatsioonidega.<\/li>\n<li><strong>Tihendi vahetamine:<\/strong> J\u00e4lgige tihendite seisukorda ja vahetage need vastavalt vajadusele, et s\u00e4ilitada h\u00fcdraulilise vedeliku terviklikkus ja v\u00e4ltida lekkeid.<\/li>\n<\/ul>\n<p>Silindri eluea maksimeerimiseks on oluline r\u00f5hutada \u00f5ige paigaldamise, m\u00e4\u00e4rimise ja reguleerimise olulisust. \u00d5ige joondamine paigaldamise ajal on \u00fclioluline ja sobivate kinnitusklambrite kasutamine aitab silindrit t\u00f5husalt kinnitada. Soovitatavate kontrolli-, remondi- ja asendusprotseduuride j\u00e4rgimine aitab kaasa optimaalsele j\u00f5udlusele ja pikaealisusele.<\/p>\n<p><img decoding=\"async\" src=\"https:\/\/www.hydraulic-cylinders.net\/wp-content\/uploads\/2025\/04\/songte-chushion-collar.webp\" alt=\"Silindri paigaldamine\" \/><\/p>\n<h2>Ohutuskaalutlused ja keskkonnategurid<\/h2>\n<p>H\u00fcdrauliliste s\u00fcsteemidega t\u00f6\u00f6tamisel on ohutusmeetmed \u00fcliolulised. Operaatorite n\u00f5uetekohane v\u00e4lja\u00f5pe h\u00fcdrauliliste seadmete ohutuks kasutamiseks aitab \u00f5nnetusi minimeerida. Lisaks aitab keskkonnastandardite j\u00e4rgimine hoolduse ja k\u00e4itamise ajal v\u00e4hendada h\u00fcdrauliliste vedelike ja muude ehitusseadmetes kasutatavate materjalide \u00f6koloogilist m\u00f5ju.<\/p>\n<h2>Rikete diagnoosimine ja levinud probleemid<\/h2>\n<h3>Levinud probleemid<\/h3>\n<ul>\n<li><strong>Leke:<\/strong> H\u00fcdraulikavedeliku lekkeid v\u00f5ib p\u00f5hjustada kulunud tihendid v\u00f5i kahjustatud voolikud. Regulaarne kontroll ja kiire remont on oluliste t\u00f6\u00f6probleemide v\u00e4ltimiseks \u00fcliolulised.<\/li>\n<li><strong>V\u00f5imsuse kaotus:<\/strong> T\u00f5stej\u00f5u v\u00e4henemine v\u00f5ib viidata sisemistele kahjustustele v\u00f5i vedeliku saastumisele. P\u00f5hjuse kiire diagnoosimine aitab s\u00e4ilitada seadmete t\u00f5husust.<\/li>\n<li><strong>Ebanormaalsed m\u00fcrad:<\/strong> Ebatavalised helid v\u00f5ivad viidata mehaanilistele probleemidele v\u00f5i ebapiisavale m\u00e4\u00e4rimisele. Nendele m\u00e4rkidele t\u00e4helepanu p\u00f6\u00f6ramine aitab edasisi kahjustusi v\u00e4ltida.<\/li>\n<\/ul>\n<h3>Veaotsingu n\u00e4pun\u00e4ited<\/h3>\n<p>T\u00f5hus t\u00f5rkeotsing h\u00f5lmab p\u00f5hjalikke kontrolle ja tuvastatud probleemide s\u00fcstemaatilist diagnoosimist. Rakendage ennetavaid meetmeid, n\u00e4iteks regulaarset hooldust, et minimeerida v\u00f5imalikke probleeme, tagades h\u00fcdraulikas\u00fcsteemi t\u00f6\u00f6korras ja t\u00f5husa toimimise.<\/p>\n<p><img decoding=\"async\" src=\"https:\/\/www.hydraulic-cylinders.net\/wp-content\/uploads\/2025\/04\/songte-bushings-with-all-kinds-of-excavator-models.webp\" alt=\"Vea diagnoosimine\" \/><\/p>\n<h2>Meie ettev\u00f5ttest<\/h2>\n<p>Oleme juhtiv asendush\u00fcdrauliliste silindrite tootja, pakkudes laia tootevalikut nii sise- kui ka rahvusvahelisele turule. Meie p\u00fchendumust tippkvaliteedile toetab t\u00e4iustatud tootmisstrateegia, mis r\u00f5hutab t\u00e4ppisjuhtimist. Keskendudes tehnoloogiale, tipptasemel tootmisseadmetele ja professionaalsetele testimiss\u00fcsteemidele, t\u00e4iustame pidevalt oma tootmisv\u00f5imalusi. Meie k\u00f5rge efektiivsus ja t\u00e4psus vastavad klientide mitmekesistele vajadustele, tagades, et j\u00e4\u00e4me h\u00fcdrosilindrite t\u00f6\u00f6stuse esirinda.<\/p>\n<p><img decoding=\"async\" src=\"https:\/\/www.hydraulic-cylinders.net\/wp-content\/uploads\/2025\/04\/songte-company-4.webp\" alt=\"Ettev\u00f5tte \u00fclevaade\" \/><br \/>\n<img decoding=\"async\" src=\"https:\/\/www.hydraulic-cylinders.net\/wp-content\/uploads\/2025\/04\/songte-company-3.webp\" alt=\"Ettev\u00f5tte tootmine\" \/><\/p>\n<p>Autor: lyl<\/p>","protected":false},"excerpt":{"rendered":"<p>Boom Cylinder For Wacker E217 Product Overview The Boom Cylinder, specifically designed for the Wacker E217, is a vital component in hydraulic systems. This hydraulic cylinder is engineered to control the movement of the bucket in various heavy machinery, including excavators, backhoe loaders, and front loaders. It enables the bucket to lift, lower, and tilt [&hellip;]<\/p>","protected":false},"featured_media":17879,"comment_status":"open","ping_status":"closed","template":"","meta":{"_et_pb_use_builder":"","_et_pb_old_content":"","_et_gb_content_width":""},"product_brand":[],"product_cat":[1546],"product_tag":[1547,1496],"class_list":{"0":"post-19631","1":"product","2":"type-product","3":"status-publish","4":"has-post-thumbnail","6":"product_cat-boom-cylinders","7":"product_tag-boom-cylinders","8":"product_tag-hydraulic-cylinders","10":"first","11":"instock","12":"shipping-taxable","13":"product-type-simple"},"amp_enabled":true,"_links":{"self":[{"href":"https:\/\/www.hydraulic-cylinders.net\/et\/wp-json\/wp\/v2\/product\/19631","targetHints":{"allow":["GET"]}}],"collection":[{"href":"https:\/\/www.hydraulic-cylinders.net\/et\/wp-json\/wp\/v2\/product"}],"about":[{"href":"https:\/\/www.hydraulic-cylinders.net\/et\/wp-json\/wp\/v2\/types\/product"}],"replies":[{"embeddable":true,"href":"https:\/\/www.hydraulic-cylinders.net\/et\/wp-json\/wp\/v2\/comments?post=19631"}],"wp:featuredmedia":[{"embeddable":true,"href":"https:\/\/www.hydraulic-cylinders.net\/et\/wp-json\/wp\/v2\/media\/17879"}],"wp:attachment":[{"href":"https:\/\/www.hydraulic-cylinders.net\/et\/wp-json\/wp\/v2\/media?parent=19631"}],"wp:term":[{"taxonomy":"product_brand","embeddable":true,"href":"https:\/\/www.hydraulic-cylinders.net\/et\/wp-json\/wp\/v2\/product_brand?post=19631"},{"taxonomy":"product_cat","embeddable":true,"href":"https:\/\/www.hydraulic-cylinders.net\/et\/wp-json\/wp\/v2\/product_cat?post=19631"},{"taxonomy":"product_tag","embeddable":true,"href":"https:\/\/www.hydraulic-cylinders.net\/et\/wp-json\/wp\/v2\/product_tag?post=19631"}],"curies":[{"name":"wp","href":"https:\/\/api.w.org\/{rel}","templated":true}]}}