{"id":19633,"date":"2025-04-07T06:58:34","date_gmt":"2025-04-07T06:58:34","guid":{"rendered":"https:\/\/www.hydraulic-cylinders.net\/product\/boom-cylinder-for-aotai-at80e-9\/"},"modified":"2025-04-07T06:58:37","modified_gmt":"2025-04-07T06:58:37","slug":"boom-cylinder-for-aotai-at80e-9","status":"publish","type":"product","link":"https:\/\/www.hydraulic-cylinders.net\/et\/toode\/boom-cylinder-for-aotai-at80e-9\/","title":{"rendered":"Aotai AT80E-9 poomi silinder"},"content":{"rendered":"<h1>Aotai AT80E-9 poomi silinder<\/h1>\n<h2>Toote \u00fclevaade<\/h2>\n<p>Aotai AT80E-9 poomi silinder on oluline komponent, mis on spetsiaalselt loodud rasketehnika jaoks. See h\u00fcdrauliline silinder juhib poomi liikumist, v\u00f5imaldades kopa t\u00f5husat t\u00f5stmist, langetamist ja kallutamist. Need silindrid on olulised materjali k\u00e4itlemise \u00fclesannete t\u00f5husaks teostamiseks erinevates rakendustes, eriti ehituses ja kaevamisel.<\/p>\n<p><img decoding=\"async\" src=\"https:\/\/www.hydraulic-cylinders.net\/wp-content\/uploads\/2025\/04\/songte-company-1.webp\" alt=\"Poomi silindri pilt\"><\/p>\n<h3>Definitsioon ja funktsioon<\/h3>\n<p>Kopa silinder on h\u00fcdraulilise silindri t\u00fc\u00fcp, mis on spetsiaalselt loodud koppade liikumise juhtimiseks rasketes masinates, n\u00e4iteks ekskavaatorites, laadur-ekskavaatorites ja esilaadurites. Selle peamine \u00fclesanne on h\u00f5lbustada kopa t\u00f5stmist, langetamist ja kallutamist, mis on t\u00f5husa materjali k\u00e4itlemise jaoks \u00fclioluline. Need silindrid kasutavad j\u00f5u ja liikumise tekitamiseks h\u00fcdraulilist vedelikku, muutes need h\u00fcdraulikas\u00fcsteemides asendamatuks. Kopa silinder muundab h\u00fcdraulilise energia mehaaniliseks energiaks, v\u00f5imaldades kopa liikumise t\u00e4pset juhtimist, suurendades seel\u00e4bi tootlikkust ja t\u00f5husust t\u00f6\u00f6platsidel.<\/p>\n<h2>Poomi silindri omadused<\/h2>\n<ul>\n<li><strong>Suur tugevus ja vastupidavus:<\/strong> Need \u00fclitugevast terasest v\u00f5i alumiiniumist valmistatud silindrid on loodud taluma k\u00f5rget r\u00f5hku ja suuri koormusi, kohandudes samal ajal ka karmi t\u00f6\u00f6keskkonnaga. Nende disain h\u00f5lmab kulumiskindlust ja korrosioonikindlust, pikendades oluliselt nende eluiga.<\/li>\n<li><strong>T\u00f5hus h\u00fcdrauliline t\u00f6\u00f6:<\/strong> Silinder t\u00f6\u00f6tab t\u00f5husalt h\u00fcdraulika\u00f5li r\u00f5hu abil, tagades sujuva v\u00e4lja- ja tagasit\u00f5mbumise. See reageerib kiiresti juhtimisk\u00e4sklustele ja pakub tugevat t\u00f5uke- ja t\u00f5mbej\u00f5udu, mist\u00f5ttu sobib see raskete ja keerukate \u00fclesannete t\u00e4itmiseks.<\/li>\n<li><strong>Erinevad t\u00fc\u00fcbid:<\/strong> Poomi silindrit on saadaval erinevat t\u00fc\u00fcpi, sealhulgas \u00fchetoimelised (kasutavad h\u00fcdraulilist j\u00f5udu \u00fches suunas) ja kahetoimelised (kasutavad h\u00fcdraulilist j\u00f5udu m\u00f5lemas suunas). M\u00f5ned versioonid on teleskoopilised, mis v\u00f5imaldab suuremat pikendust ilma v\u00e4lism\u00f5\u00f5tmeid suurendamata, mist\u00f5ttu need sobivad ideaalselt kompaktseteks rakendusteks.<\/li>\n<li><strong>Lihtne paigaldus:<\/strong> Need silindrid on loodud lihtsaks paigaldamiseks, tagades \u00fchilduvuse erinevate rasketehnika mudelitega, muutes asendamise ja hoolduse probleemivabaks.<\/li>\n<li><strong>Kulut\u00f5husus:<\/strong> Meie poomisilindrite valimisega saavad kliendid remondi- ja asenduskulude pealt m\u00e4rkimisv\u00e4\u00e4rselt kokku hoida, ilma et see kahjustaks j\u00f5udlust v\u00f5i kvaliteeti.<\/li>\n<\/ul>\n<p>Me toodame neid poomi silindreid, pakkudes ideaalseid asendusi turul olemasolevatele h\u00fcdrosilindritele.<\/p>\n<p><img decoding=\"async\" src=\"https:\/\/www.hydraulic-cylinders.net\/wp-content\/uploads\/2025\/04\/songte-cylinder-head-with-all-kinds-excavator-models.webp\" alt=\"Ekskavaatori mudelid\"><\/p>\n<h2>Poomi silindri rakendused<\/h2>\n<h3>Ehitustehnika<\/h3>\n<p>Ehitusmasinates m\u00e4ngib poomi silinder ekskavaatorites olulist rolli kaevamisel, laadimisel ja pinnase v\u00f5i prahi teisaldamisel. See haldab t\u00f5husalt poomi t\u00f5stmist ja langetamist, v\u00f5imaldades t\u00e4pseid kaevamistoiminguid. H\u00fcdraulilise silindri v\u00f5ime t\u00f5sta raskeid koormaid muudab selle oluliseks ehitust\u00f6\u00f6del, kus efektiivsus ja kiirus on projekti ajakava jaoks \u00fcliolulised.<\/p>\n<h3>P\u00f5llumajandustehnika<\/h3>\n<p>P\u00f5llumajanduskeskkonnas kasutatakse esilaadurites noole silindrit mulla, heina ja muude materjalide kopeerimiseks, t\u00f5stmiseks ja transportimiseks. H\u00fcdrauliline j\u00f5ud v\u00f5imaldab raskete koormate kiiret ja t\u00f5husat k\u00e4sitsemist, mis on oluline p\u00f5llumajandust\u00f6\u00f6des, kus aeg ja efektiivsus m\u00f5jutavad otseselt tootlikkust ja saagikust.<\/p>\n<h3>Ekskavaatorid<\/h3>\n<p>Ekskavaatorites h\u00f5lbustab noole silinder kaevamistoiminguid, v\u00f5imaldades kopal t\u00f5husalt pinnasesse tungida. See v\u00f5ime on \u00fclioluline mitmesuguste rakenduste, sealhulgas kaevet\u00f6\u00f6de ja platsi ettevalmistamise puhul, kus soovitud tulemuste saavutamiseks \u00fcmbritsevat ala kahjustamata on vaja t\u00e4psust.<\/p>\n<h3>Laadurid<\/h3>\n<p>Esilaadurites aitavad noolesilindrid materjale t\u00f5husalt t\u00f5sta ja t\u00fchjendada. H\u00fcdraulilised silindrid pakuvad vajalikku j\u00f5udu raskete koormate t\u00f5stmiseks, tagades materjalide t\u00e4pse transportimise ja paigutamise, mis on oluline nii ehitus- kui ka materjalik\u00e4itlust\u00f6\u00f6del.<\/p>\n<h2>Projekteerimiskaalutlused ja valikukriteeriumid<\/h2>\n<h3>Kandev\u00f5ime<\/h3>\n<p>Poomi silindri kandev\u00f5ime on kriitilise t\u00e4htsusega projekteerimiskaalutlus. See peab suutma taluda erinevates rakendustes esinevate koormuste maksimaalset kaalu. Sobiva kandev\u00f5imega silindri valimine tagab t\u00f6\u00f6 ajal ohutuse ja efektiivsuse. Liiga v\u00e4ike silinder v\u00f5ib p\u00f5hjustada rikkeid v\u00f5i kahjustusi, samas kui liiga suur silinder v\u00f5ib kulusid tarbetult suurendada.<\/p>\n<h3>Tihendi terviklikkus<\/h3>\n<p>H\u00fcdrauliliste silindrite puhul on efektiivne tihendus \u00fclioluline, et v\u00e4ltida vedeliku lekkeid, mis v\u00f5ivad p\u00f5hjustada j\u00f5udlusprobleeme ja suurendada hoolduskulusid. Kvaliteetsed tihendid, mis on valmistatud vastupidavatest materjalidest, nagu pol\u00fcuretaan ja nitriilkummi, on pikaealisuse ja t\u00f6\u00f6kindluse tagamiseks h\u00e4davajalikud. Konstruktsioon peaks v\u00f5imaldama tihendite h\u00f5lpsat vahetamist hoolduse h\u00f5lbustamiseks.<\/p>\n<h3>Vastupidavus<\/h3>\n<p>Vastupidavus on oluline tegur karmides tingimustes t\u00f6\u00f6tavate h\u00fcdrauliliste silindrite puhul. Tootmisel kasutatavad materjalid peaksid olema kulumis- ja korrosioonikindlad. Silindri korpusele kantud katted ja t\u00f6\u00f6tlusvahendid v\u00f5ivad suurendada vastupidavust, pikendada toote eluiga ja v\u00e4hendada vahetuste sagedust.<\/p>\n<h3>Turvaelemendid<\/h3>\n<p>H\u00fcdrauliliste silindrite projekteerimisel on ohutus esmat\u00e4htis kaalutlus. Selliste omaduste nagu r\u00f5hukaitseventiilide ja lukustusmehhanismide lisamine v\u00f5ib t\u00f6\u00f6 ajal ohutust suurendada. Need omadused hoiavad \u00e4ra ootamatutest r\u00f5huk\u00f5ikumistest v\u00f5i silindri riketest tingitud \u00f5nnetusi, tagades operaatorite ja masinate ohutuse.<\/p>\n<h3>Hoolduse ligip\u00e4\u00e4setavus<\/h3>\n<p>H\u00fcdrosilindrite projekteerimine nii, et hooldusele oleks lihtne juurdep\u00e4\u00e4s, on \u00fclioluline. Hooldust\u00f6\u00f6d, n\u00e4iteks m\u00e4\u00e4rimine ja tihendite vahetamine, peaksid olema lihtsad, et minimeerida seisakuid. H\u00e4sti disainitud silinder v\u00f5ib oluliselt v\u00e4hendada hoolduskulusid ja parandada t\u00f6\u00f6 efektiivsust.<\/p>\n<p><img decoding=\"async\" src=\"https:\/\/www.hydraulic-cylinders.net\/wp-content\/uploads\/2025\/04\/songte-oil-pipes-and-spare-parts.webp\" alt=\"\u00d5litorud ja varuosad\"><\/p>\n<h2>Tihendus ja m\u00e4\u00e4rimine<\/h2>\n<p>T\u00f5hus tihendamine ja m\u00e4\u00e4rimine on h\u00fcdrauliliste silindrite j\u00f5udluse s\u00e4ilitamiseks kriitilise t\u00e4htsusega. H\u00fcdraulilise vedeliku lekke v\u00e4ltimiseks on olulised mitmesugused tihendid, sealhulgas kolvitihendid ja varrastihendid. Tihendusmaterjalide, n\u00e4iteks pol\u00fcuretaani v\u00f5i nitriilkummi, valik tagab vastupidavuse kulumisele ja keskkonnatingimustele.<\/p>\n<p>Lisaks sellele t\u00f6\u00f6deldakse silindri korpust ja keermestatud otsi t\u00e4pselt, et parandada vastupidavust ja j\u00f5udlust. Liikuvate komponentide h\u00f5\u00f5rdumise ja kulumise minimeerimiseks on vajalik regulaarne m\u00e4\u00e4rimine sobiva h\u00fcdraulika\u00f5liga. See hooldusetapp aitab tagada sujuva t\u00f6\u00f6 ja pikendab h\u00fcdraulikasilindri eluiga.<\/p>\n<h2>Regulaarne hooldus ja ennetavad meetmed<\/h2>\n<ul>\n<li><strong>Kontrollid:<\/strong> Kulumise v\u00f5i v\u00f5imalike probleemide tuvastamiseks enne nende s\u00fcvenemist tuleks teha regulaarseid kontrolle. See ennetav l\u00e4henemisviis aitab v\u00e4ltida kulukaid remondit\u00f6id ja seisakuid.<\/li>\n<li><strong>M\u00e4\u00e4rimine:<\/strong> H\u00fcdrauliliste silindrite piisav m\u00e4\u00e4rimine on sujuva t\u00f6\u00f6 tagamiseks h\u00e4davajalik. H\u00fcdraulika\u00f5li regulaarne kontrollimine ja t\u00e4iendamine aitab v\u00e4ltida liigset kulumist ja pikendada silindri eluiga.<\/li>\n<li><strong>Tihendi vahetamine:<\/strong> Aja jooksul v\u00f5ivad tihendid laguneda, mis v\u00f5ib p\u00f5hjustada lekkeid. Kulunud tihendite regulaarne j\u00e4lgimine ja \u00f5igeaegne vahetamine on j\u00f5udluse s\u00e4ilitamiseks ja h\u00fcdraulilise vedeliku kadude v\u00e4ltimiseks \u00fclioluline.<\/li>\n<\/ul>\n<h2>Paigaldusjuhised<\/h2>\n<p>Poomi silindri \u00f5ige paigaldamine on optimaalse j\u00f5udluse saavutamiseks h\u00e4davajalik. Alustage veendumisest, et k\u00f5ik komponendid on puhtad ja prahist vabad. Joondage silinder t\u00e4pselt kinnitusklambritega, et v\u00e4ltida silindrile liigset pinget. Sobivate kinnitusklambrite kasutamine on silindri kinnitamiseks \u00fclioluline.<\/p>\n<p>P\u00e4rast joondamist pingutage k\u00f5ik poldid vastavalt tootja spetsifikatsioonidele, et tagada kindel kinnitus. Kontrollige veelkord, et h\u00fcdraulika\u00fchendused oleksid tihedad ja lekkevabad. P\u00e4rast paigaldamist testige silindri t\u00f6\u00f6d j\u00e4rk-j\u00e4rgult, kontrollides ebatavalisi helisid v\u00f5i lekkeid. N\u00f5uetekohane joondamine ja turvaline paigaldus v\u00f5ivad t\u00f6\u00f6tamise ajal probleeme oluliselt v\u00e4hendada.<\/p>\n<h2>Levinumad hooldust\u00f6\u00f6d<\/h2>\n<h3>Regulaarsed kontrollid<\/h3>\n<p>H\u00fcdrauliliste silindrite regulaarne kontrollimine on potentsiaalsete probleemide varajaseks tuvastamiseks \u00fclioluline. Kontrollige silindreid kulumise, lekete v\u00f5i kahjustuste suhtes. See ennetav l\u00e4henemisviis aitab v\u00e4ltida ootamatuid rikkeid ja suurendada h\u00fcdraulikas\u00fcsteemide t\u00f6\u00f6kindlust.<\/p>\n<h3>\u00d5ige m\u00e4\u00e4rimine<\/h3>\n<p>Sobiva m\u00e4\u00e4rimistaseme s\u00e4ilitamine on oluline kulumise v\u00e4ltimiseks ja sujuva t\u00f6\u00f6 tagamiseks. Kontrollige regulaarselt h\u00fcdraulika\u00f5li taset ja lisage vastavalt vajadusele. \u00d5ige t\u00fc\u00fcpi h\u00fcdraulika\u00f5li kasutamine on silindri optimaalse j\u00f5udluse ja pikaealisuse tagamiseks \u00fclioluline.<\/p>\n<h3>Tihendi vahetamine ja kalibreerimise kontrollimine<\/h3>\n<p>Kontrollige regulaarselt tihendite kulumist ja vahetage need vastavalt vajadusele v\u00e4lja, et v\u00e4ltida lekkeid. Kalibreerimiskontrollid tagavad, et balloon t\u00f6\u00f6tab etten\u00e4htud parameetrite piires. N\u00f5uetekohaselt toimivad tihendid ja kalibreeritud balloonid suurendavad t\u00f6\u00f6 efektiivsust ja ohutust.<\/p>\n<p><img decoding=\"async\" src=\"https:\/\/www.hydraulic-cylinders.net\/wp-content\/uploads\/2025\/04\/songte-chushion-collar.webp\" alt=\"Padjakaelus\"><\/p>\n<h2>Ohutuskaalutlused ja keskkonnategurid<\/h2>\n<p>H\u00fcdrauliliste silindrite kasutamisel on ohutusmeetmed \u00fcliolulised. Operaatorid peavad olema koolitatud \u00e4ra tundma h\u00fcdrauliliste seadmetega seotud v\u00f5imalikke ohte. H\u00fcdrauliliste silindritega varustatud masinate k\u00e4sitsemisel tuleks kasutada kaitsevarustust ja j\u00e4rgida ohutusprotokolle. H\u00fcdrauliliste silindrite projekteerimisel ja hooldamisel tuleks t\u00f6\u00f6kindluse ja pikaealisuse tagamiseks arvestada ka keskkonnateguritega, nagu temperatuurik\u00f5ikumised ja kokkupuude s\u00f6\u00f6vitavate ainetega.<\/p>\n<h2>Veaotsing ja levinud probleemid<\/h2>\n<ul>\n<li><strong>Reageerimata silinder:<\/strong> Kui silinder ei reageeri juhtnuppudele, kontrollige h\u00fcdraulikavedeliku taset ja v\u00f5imalikke lekkeid s\u00fcsteemis. Veenduge, et h\u00fcdraulikapump t\u00f6\u00f6tab korralikult.<\/li>\n<li><strong>Vedeliku lekked:<\/strong> Vedeliku lekked v\u00f5ivad viidata kulunud tihenditele v\u00f5i kahjustatud silindri komponentidele. Kontrollige tihendeid kulumise suhtes ja vahetage need vastavalt vajadusele v\u00e4lja, et v\u00e4ltida vedeliku kadu.<\/li>\n<li><strong>Ebatavalised helid:<\/strong> Ebatavalised helid t\u00f6\u00f6tamise ajal v\u00f5ivad viidata sisemistele kahjustustele v\u00f5i ebapiisavale m\u00e4\u00e4rimisele. Tehke p\u00f5hjalik kontroll, et p\u00f5hjus v\u00e4lja selgitada ja k\u00f5rvaldada.<\/li>\n<\/ul>\n<p>Ennetusmeetmete, n\u00e4iteks regulaarse hoolduse ja \u00fclevaatuste rakendamine aitab minimeerida v\u00f5imalikke probleeme ja suurendada h\u00fcdraulikas\u00fcsteemide t\u00f6\u00f6kindlust.<\/p>\n<p><img decoding=\"async\" src=\"https:\/\/www.hydraulic-cylinders.net\/wp-content\/uploads\/2025\/04\/songte-bushings-with-all-kinds-of-excavator-models.webp\" alt=\"Puks ekskavaatorimudelitega\"><\/p>\n<h2>Ettev\u00f5tte tutvustus<\/h2>\n<p>Oleme juhtiv asendush\u00fcdrauliliste silindrite tootja, pakkudes laia tootevalikut nii sise- kui ka v\u00e4listurule. Meie p\u00fchendumust kvaliteedi tipptasemele toetavad t\u00e4iustatud tootmisprotsessid ja tugev tootmisjuhtimise strateegia. Kasutame oma tootmisplatvormi pidevaks t\u00e4iustamiseks t\u00e4iustatud tehnoloogiat, oskuslikku personali ja uuenduslikke testimiss\u00fcsteeme.<\/p>\n<p>Meie tootmisv\u00f5imsused v\u00f5imaldavad meil t\u00f5husalt rahuldada klientide mitmekesiseid vajadusi, r\u00f5hutades suurt efektiivsust, t\u00e4psust ja kvaliteeti. Rahvusvaheliste sertifikaatide ja kohandatud teenustega tagame, et meie tooted vastavad k\u00f5rgeimatele j\u00f5udlus- ja t\u00f6\u00f6kindluse standarditele. Meie m\u00fc\u00fcgij\u00e4rgne teenindus on loodud pakkuma pidevat tuge ja abi, tagades klientide rahulolu meie h\u00fcdrauliliste lahendustega.<\/p>\n<p><img decoding=\"async\" src=\"https:\/\/www.hydraulic-cylinders.net\/wp-content\/uploads\/2025\/04\/songte-company-4.webp\" alt=\"Ettev\u00f5tte pilt 4\"><br \/>\n<img decoding=\"async\" src=\"https:\/\/www.hydraulic-cylinders.net\/wp-content\/uploads\/2025\/04\/songte-company-3.webp\" alt=\"Ettev\u00f5tte pilt 3\"><\/p>\n<p>Autor: lyl<\/p>","protected":false},"excerpt":{"rendered":"<p>Boom Cylinder For Aotai AT80E-9 Product Overview The Boom Cylinder for Aotai AT80E-9 is a crucial component designed specifically for heavy machinery. This hydraulic cylinder controls the movement of the boom, enabling the lifting, lowering, and tilting of the bucket effectively. These cylinders are essential for performing material handling tasks efficiently in various applications, particularly [&hellip;]<\/p>","protected":false},"featured_media":17881,"comment_status":"open","ping_status":"closed","template":"","meta":{"_et_pb_use_builder":"","_et_pb_old_content":"","_et_gb_content_width":""},"product_brand":[],"product_cat":[1546],"product_tag":[1547,1496],"class_list":{"0":"post-19633","1":"product","2":"type-product","3":"status-publish","4":"has-post-thumbnail","6":"product_cat-boom-cylinders","7":"product_tag-boom-cylinders","8":"product_tag-hydraulic-cylinders","10":"first","11":"instock","12":"shipping-taxable","13":"product-type-simple"},"amp_enabled":true,"_links":{"self":[{"href":"https:\/\/www.hydraulic-cylinders.net\/et\/wp-json\/wp\/v2\/product\/19633","targetHints":{"allow":["GET"]}}],"collection":[{"href":"https:\/\/www.hydraulic-cylinders.net\/et\/wp-json\/wp\/v2\/product"}],"about":[{"href":"https:\/\/www.hydraulic-cylinders.net\/et\/wp-json\/wp\/v2\/types\/product"}],"replies":[{"embeddable":true,"href":"https:\/\/www.hydraulic-cylinders.net\/et\/wp-json\/wp\/v2\/comments?post=19633"}],"wp:featuredmedia":[{"embeddable":true,"href":"https:\/\/www.hydraulic-cylinders.net\/et\/wp-json\/wp\/v2\/media\/17881"}],"wp:attachment":[{"href":"https:\/\/www.hydraulic-cylinders.net\/et\/wp-json\/wp\/v2\/media?parent=19633"}],"wp:term":[{"taxonomy":"product_brand","embeddable":true,"href":"https:\/\/www.hydraulic-cylinders.net\/et\/wp-json\/wp\/v2\/product_brand?post=19633"},{"taxonomy":"product_cat","embeddable":true,"href":"https:\/\/www.hydraulic-cylinders.net\/et\/wp-json\/wp\/v2\/product_cat?post=19633"},{"taxonomy":"product_tag","embeddable":true,"href":"https:\/\/www.hydraulic-cylinders.net\/et\/wp-json\/wp\/v2\/product_tag?post=19633"}],"curies":[{"name":"wp","href":"https:\/\/api.w.org\/{rel}","templated":true}]}}