{"id":19636,"date":"2025-04-07T06:58:53","date_gmt":"2025-04-07T06:58:53","guid":{"rendered":"https:\/\/www.hydraulic-cylinders.net\/product\/boom-cylinder-for-aotai-at90e-9\/"},"modified":"2025-04-07T06:58:56","modified_gmt":"2025-04-07T06:58:56","slug":"boom-cylinder-for-aotai-at90e-9","status":"publish","type":"product","link":"https:\/\/www.hydraulic-cylinders.net\/et\/toode\/boom-cylinder-for-aotai-at90e-9\/","title":{"rendered":"Aotai AT90E-9 poomi silinder"},"content":{"rendered":"<h1>Aotai AT90E-9 poomi silinder<\/h1>\n<h2>Sissejuhatus poomi silindritesse<\/h2>\n<p>Noole silinder on h\u00fcdraulikas\u00fcsteemide oluline komponent, mis on spetsiaalselt loodud erinevate raskete masinate lisaseadmete, n\u00e4iteks ekskavaatorite, laadur-ekskavaatoritel ja esilaaduritel leiduvate lisaseadmete liikumise juhtimiseks. See h\u00fcdraulika silinder v\u00f5imaldab kopa t\u00f5stmist, langetamist ja kallutamist, h\u00f5lbustades t\u00f5husat materjali k\u00e4itlemist. Sisuliselt on noole silindrid h\u00fcdraulilised silindrid, mis on kohandatud raskete rakenduste jaoks, tagades masinate t\u00f5husa toimimise n\u00f5udlikes tingimustes.<\/p>\n<p><img decoding=\"async\" src=\"https:\/\/www.hydraulic-cylinders.net\/wp-content\/uploads\/2025\/04\/songte-company-1.webp\" alt=\"Poomi silinder\" \/><\/p>\n<h2>Poomi silindri omadused<\/h2>\n<ul>\n<li>\n<h3>Suur tugevus ja vastupidavus<\/h3>\n<p>K\u00f5rgtugevast terasest v\u00f5i alumiiniumist valmistatud poomi silinder on konstrueeritud taluma k\u00f5rget r\u00f5hku ja suuri koormusi, mist\u00f5ttu sobib see karmidesse t\u00f6\u00f6keskkondadesse. Toote eluea pikendamiseks on disaini sisse arvestatud kulumiskindluse ja korrosioonikindlusega.<\/p>\n<\/li>\n<li>\n<h3>T\u00f5hus h\u00fcdrauliline t\u00f6\u00f6<\/h3>\n<p>Silinder kasutab h\u00fcdraulika\u00f5li r\u00f5hku sujuvate ja kiirete pikendus- ja tagasit\u00f5mbamisliigutuste saavutamiseks. See v\u00f5imaldab kiiret reageerimist juhtimisk\u00e4sklustele, pakkudes tugevat t\u00f5uke- ja t\u00f5mbej\u00f5udu, mis sobib ideaalselt raskete materjalide ja keerukate \u00fclesannete k\u00e4sitsemiseks.<\/p>\n<\/li>\n<li>\n<h3>Saadaval on mitmesuguseid t\u00fc\u00fcpe<\/h3>\n<p>Kliendid saavad valida \u00fchetoimeliste silindrite (mis kasutavad h\u00fcdraulilist r\u00f5hku \u00fches suunas) v\u00f5i kahetoimeliste silindrite (mis kasutavad h\u00fcdraulilist r\u00f5hku m\u00f5lemas suunas) vahel, et rahuldada erinevaid t\u00f6\u00f6vajadusi. Teatud mudelitel on teleskoopkonstruktsioon, mis v\u00f5imaldab suuremat pikendust ilma v\u00e4lism\u00f5\u00f5tmeid suurendamata, mis sobib ideaalselt ruumipiirangutega rakenduste jaoks.<\/p>\n<\/li>\n<li>\n<h3>Kohandatud tootmisv\u00f5imalused<\/h3>\n<p>Oleme spetsialiseerunud poomisilindrite tootmisele, mis suudavad ideaalselt asendada olemasolevaid h\u00fcdrosilindreid, tagades sujuva integratsiooni ja j\u00f5udluse.<\/p>\n<\/li>\n<li>\n<h3>P\u00f5hjalik kvaliteedikontroll<\/h3>\n<p>Iga poomi silinder l\u00e4bib range testimise, et see vastaks rahvusvahelistele kvaliteedistandarditele, tagades t\u00f6\u00f6kindluse ja ohutuse.<\/p>\n<\/li>\n<\/ul>\n<p><img decoding=\"async\" src=\"https:\/\/www.hydraulic-cylinders.net\/wp-content\/uploads\/2025\/04\/songte-cylinder-head-with-all-kinds-excavator-models.webp\" alt=\"Ekskavaatori mudelid\" \/><\/p>\n<h2>Poomi silindrite rakendused<\/h2>\n<ul>\n<li>\n<h3>Ehitustehnika<\/h3>\n<p>Ekskavaatorites on noolesilindrid \u00fcliolulised kaevamiseks, laadimiseks ja pinnase v\u00f5i prahi teisaldamiseks. Need v\u00f5imaldavad kopal t\u00f5husalt pinnasesse tungida, muutes need ehitust\u00f6\u00f6del asendamatuks.<\/p>\n<\/li>\n<li>\n<h3>P\u00f5llumajandustehnika<\/h3>\n<p>Esilaadurid kasutavad poomi silindreid mulla, heina ja muude materjalide t\u00f5husaks kopeerimiseks, t\u00f5stmiseks ja transportimiseks. See funktsioon on \u00fclioluline p\u00f5llumajandust\u00f6\u00f6de puhul, kus \u00f5igeaegne materjali k\u00e4itlemine on oluline.<\/p>\n<\/li>\n<li>\n<h3>Ekskavaatorid<\/h3>\n<p>Ekskavaatorites v\u00f5imaldab noole silinder kopal maasse tungida, v\u00f5imaldades t\u00f5husat kaevamist. See v\u00f5ime on oluline ehitus-, haljastus- ja kaevandust\u00f6\u00f6del.<\/p>\n<\/li>\n<li>\n<h3>Laadurid<\/h3>\n<p>Esilaadurites aitavad noolesilindrid koormaid t\u00f5husalt t\u00f5sta ja t\u00fchjendada, v\u00f5imaldades operaatoritel materjale t\u00e4pselt ja t\u00f5husalt hallata.<\/p>\n<\/li>\n<\/ul>\n<h2>Projekteerimiskaalutlused ja valikukriteeriumid<\/h2>\n<ul>\n<li>\n<h3>Kandev\u00f5ime<\/h3>\n<p>Poomi silindri kandev\u00f5ime on \u00fclioluline, kuna see m\u00e4\u00e4rab raskuse, mida see suudab ohutult t\u00f5sta ja k\u00e4sitseda. \u00d5ige kandev\u00f5ime valimine on oluline mehaaniliste rikete v\u00e4ltimiseks ja ohutuse tagamiseks t\u00f6\u00f6 ajal.<\/p>\n<\/li>\n<li>\n<h3>Tihendusmehhanismid<\/h3>\n<p>T\u00f5hus tihendus hoiab \u00e4ra h\u00fcdraulikavedeliku lekked, tagades optimaalse j\u00f5udluse ja pikaealisuse. Kvaliteetsed tihendid, n\u00e4iteks kolvi- ja varrastihendid, mis on valmistatud vastupidavatest materjalidest, nagu pol\u00fcuretaan ja nitriilkummi, suurendavad silindri efektiivsust.<\/p>\n<\/li>\n<li>\n<h3>Vastupidavus<\/h3>\n<p>Vastupidavus on noolesilindrite konstruktsioonis oluline tegur. Need peavad vastu pidama karmidele tingimustele, sealhulgas k\u00f5ikuvatele temperatuuridele ja kokkupuutele s\u00f6\u00f6vitavate materjalidega, mis v\u00f5ivad aja jooksul nende j\u00f5udlust m\u00f5jutada.<\/p>\n<\/li>\n<li>\n<h3>Turvaelemendid<\/h3>\n<p>Ohutusfunktsioonide, n\u00e4iteks r\u00f5huvabastusventiilide ja \u00fclekoormuskaitse lisamine aitab t\u00f6\u00f6 ajal riske maandada, tagades nii operaatori kui ka seadmete ohutuse.<\/p>\n<\/li>\n<li>\n<h3>Hooldus ja remonditavus<\/h3>\n<p>Lihtne hooldus ja remonditavus on seisakuaja minimeerimiseks \u00fcliolulised. Lihtsaid kontrolle ja remonti h\u00f5lbustavad konstruktsioonielemendid pikendavad ballooni t\u00f6\u00f6iga ja v\u00e4hendavad kulusid.<\/p>\n<\/li>\n<\/ul>\n<p><img decoding=\"async\" src=\"https:\/\/www.hydraulic-cylinders.net\/wp-content\/uploads\/2025\/04\/songte-oil-pipes-and-spare-parts.webp\" alt=\"\u00d5litorud ja varuosad\" \/><\/p>\n<h2>H\u00fcdraulilise silindri tihendamine ja m\u00e4\u00e4rimine<\/h2>\n<p>H\u00fcdrauliliste silindrite puhul on efektiivne tihendus \u00fclioluline. Olulist rolli m\u00e4ngivad mitmesugused tihenduskomponendid, n\u00e4iteks kolvi- ja varrastihendid. Kulumiskindlatest materjalidest, nagu pol\u00fcuretaan ja nitriilkummi, valmistatud tihendid tagavad vastupidavuse ja pikaealisuse. Silindri korpus ja keermestatud otsad l\u00e4bivad kulumiskindluse suurendamiseks t\u00e4ppisviimistluse. Sujuva t\u00f6\u00f6 s\u00e4ilitamiseks ja kulumise v\u00e4ltimiseks on vajalik regulaarne m\u00e4\u00e4rimine h\u00fcdraulika\u00f5liga.<\/p>\n<h2>Ennetavad hooldusmeetmed<\/h2>\n<ul>\n<li>\n<h3>Regulaarsed kontrollid<\/h3>\n<p>Kontrollige regulaarselt poomi silindrit kulumise, lekete v\u00f5i kahjustuste suhtes. V\u00f5imalike probleemide varajane avastamine aitab v\u00e4ltida ulatuslikke remondit\u00f6id ja s\u00e4ilitada t\u00f6\u00f6 efektiivsust.<\/p>\n<\/li>\n<li>\n<h3>Sobiv m\u00e4\u00e4rimine<\/h3>\n<p>Veenduge, et silindrit m\u00e4\u00e4ritakse regulaarselt sobiva h\u00fcdraulika\u00f5liga, et s\u00e4ilitada optimaalne j\u00f5udlus ja v\u00e4ltida t\u00f6\u00f6katkestusi.<\/p>\n<\/li>\n<li>\n<h3>Tihendi vahetamine<\/h3>\n<p>Lekete v\u00e4ltimiseks ja h\u00fcdraulilise r\u00f5hu s\u00e4ilitamiseks vahetage tihendeid soovitatud intervallide j\u00e4rel v\u00f5i siis, kui kulumine on ilmne.<\/p>\n<\/li>\n<\/ul>\n<h2>Paigaldusjuhend<\/h2>\n<p>Poomi silindri \u00f5ige paigaldamine on selle j\u00f5udluse ja pikaealisuse tagamiseks \u00fclioluline. Alustage veendumaks, et t\u00f6\u00f6ala on puhas ja prahist vaba. Joondage silinder \u00f5igesti kinnituspunktidega, kasutades selle kinnitamiseks sobivaid kinnitusklambreid. Reguleerige silindri asendit, et see oleks sirge ja joondatud h\u00fcdros\u00fcsteemiga. \u00dchendage h\u00fcdrovoolikud, veendudes, et \u00f5humulle pole. L\u00f5puks testige silindri t\u00f6\u00f6d enne t\u00e4ielikku kasutamist, et veenduda, et k\u00f5ik t\u00f6\u00f6tab \u00f5igesti.<\/p>\n<h2>Levinumad hooldust\u00f6\u00f6d<\/h2>\n<ul>\n<li>\n<h3>Regulaarsed kontrollid<\/h3>\n<p>Regulaarsete kontrollide tegemine aitab kulumist v\u00f5i kahjustusi varakult tuvastada, v\u00f5imaldades \u00f5igeaegset remonti, mis hoiab \u00e4ra kulukad rikkeid.<\/p>\n<\/li>\n<li>\n<h3>\u00d5ige m\u00e4\u00e4rimine<\/h3>\n<p>Piisava m\u00e4\u00e4rimise tagamine on oluline h\u00f5\u00f5rdumise ja kulumise v\u00e4hendamiseks, mis aitab oluliselt kaasa silindri eluea pikenemisele.<\/p>\n<\/li>\n<li>\n<h3>Tihendi vahetamine ja kalibreerimise kontrollimine<\/h3>\n<p>Rutiinsed kontrollid ja tihendite vahetamine s\u00e4ilitavad h\u00fcdraulikas\u00fcsteemi terviklikkuse, samas kui kalibreerimine tagab silindri t\u00f6\u00f6tamise etten\u00e4htud parameetrite piires.<\/p>\n<\/li>\n<\/ul>\n<p><img decoding=\"async\" src=\"https:\/\/www.hydraulic-cylinders.net\/wp-content\/uploads\/2025\/04\/songte-chushion-collar.webp\" alt=\"Padjakaelus\" \/><\/p>\n<h2>Ohutuskaalutlused ja keskkonnategurid<\/h2>\n<p>Poomi silindrite k\u00e4itamisel on ohutusmeetmed \u00fcliolulised. Operaatorid peaksid olema koolitatud ohutu k\u00e4sitsemise tavade osas ja olema teadlikud v\u00f5imalikest ohtudest. Lisaks aitab keskkonnas\u00f5bralike h\u00fcdraulikavedelike kasutamine minimeerida keskkonnam\u00f5ju lekete v\u00f5i mahavalgumiste korral.<\/p>\n<h2>Rikete diagnoosimine ja levinud probleemid<\/h2>\n<ul>\n<li>\n<h3>Lekkivad tihendid<\/h3>\n<p>Lekkivad tihendid v\u00f5ivad p\u00f5hjustada j\u00f5udluse v\u00e4henemist ja h\u00fcdraulikavedeliku kadu. Selle probleemi v\u00e4ltimiseks on oluline regulaarne kontroll ja tihendite \u00f5igeaegne vahetamine.<\/p>\n<\/li>\n<li>\n<h3>R\u00f5hulangused<\/h3>\n<p>S\u00fcsteemi r\u00f5hulangused v\u00f5ivad viidata ummistustele v\u00f5i leketele. Nende probleemide leidmiseks ja lahendamiseks on vaja p\u00f5hjalikult kontrollida h\u00fcdraulikavoolikuid ja \u00fchendusi.<\/p>\n<\/li>\n<li>\n<h3>Aeglane t\u00f6\u00f6<\/h3>\n<p>Kui silinder t\u00f6\u00f6tab aeglaselt, v\u00f5ib see viidata ebapiisavale h\u00fcdraulikavedeliku v\u00f5i \u00f5hu hulgale s\u00fcsteemis. Regulaarne hooldus ja \u00f5ige vedeliku tase on optimaalse j\u00f5udluse s\u00e4ilitamiseks \u00fcliolulised.<\/p>\n<\/li>\n<\/ul>\n<h2>Veaotsingu n\u00e4pun\u00e4ited<\/h2>\n<p>Poomi silindrite probleemide t\u00f5husaks diagnoosimiseks ja lahendamiseks kontrollige regulaarselt lekkeid ja tehke vedeliku taseme hindamisi. Lahendage k\u00f5ik tuvastatud probleemid viivitamatult, et v\u00e4ltida eskaleerumist. Ennetavad meetmed, n\u00e4iteks rutiinne hooldus ja \u00fclevaatused, on potentsiaalsete probleemide minimeerimiseks ja sujuva t\u00f6\u00f6 tagamiseks \u00fcliolulised.<\/p>\n<p><img decoding=\"async\" src=\"https:\/\/www.hydraulic-cylinders.net\/wp-content\/uploads\/2025\/04\/songte-bushings-with-all-kinds-of-excavator-models.webp\" alt=\"Puksid ekskavaatorimudelitega\" \/><\/p>\n<h2>Meie ettev\u00f5ttest<\/h2>\n<p>Oleme juhtiv h\u00fcdrosilindrite tootja, mis on spetsialiseerunud kvaliteetsete varuosade pakkumisele. Meie lai tootevalik on positsioneerinud meid \u00fcheks juhtivaks tootjaks ja hulgim\u00fc\u00fcjaks nii sise- kui ka rahvusvahelisel turul. Meie kvaliteedin\u00f5udlused on tipptasemel, tuginedes keerukatele tootmisjuhtimise strateegiatele. Kasutades oskuslikke spetsialiste, k\u00f5rgtehnoloogilisi tootmisseadmeid ja t\u00e4iustatud testimiss\u00fcsteeme, t\u00e4iustame pidevalt oma tootmisplatvorme ja tagame oma toodete kvaliteedi. Meie p\u00fchendumus k\u00f5rgele t\u00f5hususele, t\u00e4psusele ja kvaliteedile v\u00f5imaldab meil rahuldada klientide mitmekesiseid vajadusi.<\/p>\n<p><img decoding=\"async\" src=\"https:\/\/www.hydraulic-cylinders.net\/wp-content\/uploads\/2025\/04\/songte-company-4.webp\" alt=\"Ettev\u00f5tte \u00fclevaade\" \/><br \/>\n<img decoding=\"async\" src=\"https:\/\/www.hydraulic-cylinders.net\/wp-content\/uploads\/2025\/04\/songte-company-3.webp\" alt=\"Tootmis\u00fcksus\" \/><\/p>\n<p>Kokkuv\u00f5ttes on meie ettev\u00f5te p\u00fchendunud spetsialiseeritud teenuste, rahvusvaheliste sertifikaatide ja kohandatud lahenduste pakkumisele. Meie tipptasemel tootmisseadmed ja ulatuslik m\u00fc\u00fcgij\u00e4rgne teenindus tagavad klientide ootuste t\u00f5husa t\u00e4itmise.<\/p>\n<p>Autor: lyl<\/p>","protected":false},"excerpt":{"rendered":"<p>Boom Cylinder For Aotai AT90E-9 Introduction to Boom Cylinders The Boom Cylinder is an essential component in hydraulic systems, specifically designed to control the movement of various heavy machinery attachments, such as those found in excavators, backhoe loaders, and front-end loaders. This hydraulic cylinder allows for the lifting, lowering, and tilting of the bucket, facilitating [&hellip;]<\/p>","protected":false},"featured_media":17869,"comment_status":"open","ping_status":"closed","template":"","meta":{"_et_pb_use_builder":"","_et_pb_old_content":"","_et_gb_content_width":""},"product_brand":[],"product_cat":[1546],"product_tag":[1547,1496],"class_list":{"0":"post-19636","1":"product","2":"type-product","3":"status-publish","4":"has-post-thumbnail","6":"product_cat-boom-cylinders","7":"product_tag-boom-cylinders","8":"product_tag-hydraulic-cylinders","10":"first","11":"instock","12":"shipping-taxable","13":"product-type-simple"},"amp_enabled":true,"_links":{"self":[{"href":"https:\/\/www.hydraulic-cylinders.net\/et\/wp-json\/wp\/v2\/product\/19636","targetHints":{"allow":["GET"]}}],"collection":[{"href":"https:\/\/www.hydraulic-cylinders.net\/et\/wp-json\/wp\/v2\/product"}],"about":[{"href":"https:\/\/www.hydraulic-cylinders.net\/et\/wp-json\/wp\/v2\/types\/product"}],"replies":[{"embeddable":true,"href":"https:\/\/www.hydraulic-cylinders.net\/et\/wp-json\/wp\/v2\/comments?post=19636"}],"wp:featuredmedia":[{"embeddable":true,"href":"https:\/\/www.hydraulic-cylinders.net\/et\/wp-json\/wp\/v2\/media\/17869"}],"wp:attachment":[{"href":"https:\/\/www.hydraulic-cylinders.net\/et\/wp-json\/wp\/v2\/media?parent=19636"}],"wp:term":[{"taxonomy":"product_brand","embeddable":true,"href":"https:\/\/www.hydraulic-cylinders.net\/et\/wp-json\/wp\/v2\/product_brand?post=19636"},{"taxonomy":"product_cat","embeddable":true,"href":"https:\/\/www.hydraulic-cylinders.net\/et\/wp-json\/wp\/v2\/product_cat?post=19636"},{"taxonomy":"product_tag","embeddable":true,"href":"https:\/\/www.hydraulic-cylinders.net\/et\/wp-json\/wp\/v2\/product_tag?post=19636"}],"curies":[{"name":"wp","href":"https:\/\/api.w.org\/{rel}","templated":true}]}}