{"id":19639,"date":"2025-04-07T06:59:01","date_gmt":"2025-04-07T06:59:01","guid":{"rendered":"https:\/\/www.hydraulic-cylinders.net\/product\/boom-cylinder-for-atlas-2006lc\/"},"modified":"2025-04-07T06:59:04","modified_gmt":"2025-04-07T06:59:04","slug":"boom-cylinder-for-atlas-2006lc","status":"publish","type":"product","link":"https:\/\/www.hydraulic-cylinders.net\/et\/toode\/boom-cylinder-for-atlas-2006lc\/","title":{"rendered":"Poomi silinder Atlas 2006LC jaoks"},"content":{"rendered":"<h1>Poomi silinder Atlas 2006LC jaoks<\/h1>\n<h2>Sissejuhatus poomi silindrisse<\/h2>\n<p>Atlas 2006LC noole silinder on spetsiaalne h\u00fcdrauliline silinder, mis on loodud mitmesuguste raskete masinate, sealhulgas ekskavaatorite, laadur-ekskavaatori ja esilaaduri liikumise juhtimiseks. See oluline komponent v\u00f5imaldab kopal t\u00f5sta, langetada ja kallutada, h\u00f5lbustades t\u00f5husaid materjalik\u00e4itlust\u00f6id. Need h\u00fcdraulilised silindrid on h\u00fcdraulikas\u00fcsteemides \u00fcliolulised, v\u00f5imaldades seadmete t\u00e4pset t\u00f6\u00f6d, muutes h\u00fcdraulilise energia mehaaniliseks j\u00f5uks. T\u00e4nu oma v\u00f5imele taluda suurt r\u00f5hku ja koormust on noole silindrid h\u00e4davajalikud rasketes rakendustes ehituses, p\u00f5llumajanduses ja t\u00f6\u00f6stussektoris.<\/p>\n<p><img decoding=\"async\" src=\"https:\/\/www.hydraulic-cylinders.net\/wp-content\/uploads\/2025\/04\/songte-company-1.webp\" alt=\"Poomi silindri pilt\"><\/p>\n<h2>Poomi silindri omadused<\/h2>\n<ul>\n<li><strong>Suur tugevus ja vastupidavus:<\/strong> Need \u00fclitugevast terasest v\u00f5i alumiiniumist valmistatud silindrid taluvad k\u00f5rget r\u00f5hku ja suuri koormusi, mist\u00f5ttu sobivad need karmidesse t\u00f6\u00f6keskkondadesse.<\/li>\n<li><strong>T\u00f5hus h\u00fcdrauliline t\u00f6\u00f6:<\/strong> H\u00fcdraulilise \u00f5li r\u00f5hu abil pakub poomi silinder sujuvat pikendamist ja tagasit\u00f5mbamist, pakkudes v\u00f5imsat t\u00f5uke- ja t\u00f5mbej\u00f5udu raskete ja keerukate \u00fclesannete t\u00e4itmiseks.<\/li>\n<li><strong>T\u00fc\u00fcpide mitmekesisus:<\/strong> Saadaval nii \u00fchetoimelise (\u00fches suunas t\u00f6\u00f6tava) kui ka kahetoimelise (kahes suunas t\u00f6\u00f6tava) konstruktsioonina, et rahuldada erinevaid t\u00f6\u00f6vajadusi. M\u00f5nedel mudelitel on teleskoopkonstruktsioonid, mis v\u00f5imaldavad suuremat ulatust ilma v\u00e4lism\u00f5\u00f5tmeid suurendamata.<\/li>\n<\/ul>\n<p>Oleme spetsialiseerunud poomisilindrite tootmisele, mis asendavad ideaalselt olemasolevaid h\u00fcdrosilindreid, tagades \u00fchilduvuse ja j\u00f5udluse.<\/p>\n<p><img decoding=\"async\" src=\"https:\/\/www.hydraulic-cylinders.net\/wp-content\/uploads\/2025\/04\/songte-cylinder-head-with-all-kinds-excavator-models.webp\" alt=\"Ekskavaatori mudelid\"><\/p>\n<h2>Poomi silindri rakendused<\/h2>\n<h3>Ehitustehnika<\/h3>\n<p>In excavators, boom cylinders play a vital role in digging, loading, and moving dirt or debris. These cylinders enable precise control over the bucket&#8217;s movement, allowing operators to efficiently excavate and transport materials.<\/p>\n<h3>P\u00f5llumajandustehnika<\/h3>\n<p>Esilaaduritel on noolesilindrid olulised mulla, heina ja muude materjalide kopeerimiseks, t\u00f5stmiseks ja transportimiseks. Need suurendavad p\u00f5llumajandusmasinate t\u00f6\u00f6 efektiivsust, muutes sellised \u00fclesanded nagu p\u00f5llu ettevalmistamine ja materjalide \u00fcmberpaigutamine lihtsamaks ja kiiremaks.<\/p>\n<h3>Ekskavaatorid<\/h3>\n<p>Noole silinder v\u00f5imaldab kopal t\u00f5husalt pinnasesse tungida, h\u00f5lbustades kaevamist. See v\u00f5ime on \u00fclioluline ehitus- ja haljastusprojektide puhul, kus on vaja t\u00e4pset kaevamist.<\/p>\n<h3>Laadurid<\/h3>\n<p>Esilaaduritel aitavad noolesilindrid koormaid t\u00f5husalt t\u00f5sta ja t\u00fchjendada. Nende v\u00f5imas h\u00fcdrauliline toime tagab, et juhid saavad raskeid materjale h\u00f5lpsalt ja t\u00e4pselt k\u00e4sitseda.<\/p>\n<h2>Projekteerimiskaalutlused ja valikukriteeriumid<\/h2>\n<h3>Kandev\u00f5ime<\/h3>\n<p>Poomi silindri kandev\u00f5ime on konkreetse masina jaoks \u00f5ige silindri valimisel \u00fclioluline. See peab suutma maksimaalse koormusega t\u00f5rgeteta hakkama saada, tagades nii ohutuse kui ka j\u00f5udluse. Nendele n\u00f5uetele vastava v\u00f5i neid \u00fcletava silindri valimiseks on vaja p\u00f5hjalikku arusaamist erinevate rakenduste t\u00f6\u00f6koormustest.<\/p>\n<h3>Tihendusv\u00f5ime<\/h3>\n<p>T\u00f5hus tihendamine on kriitilise t\u00e4htsusega h\u00fcdraulilise vedeliku lekke v\u00e4ltimiseks, mis v\u00f5ib viia r\u00f5hulangu ja l\u00f5ppkokkuv\u00f5ttes seadmete rikkeni. Kvaliteetsete ja vastupidavatest materjalidest tihendite valimine tagab pikaealisuse ja t\u00f6\u00f6kindluse, v\u00e4hendades hoolduse ja remondi sagedust.<\/p>\n<h3>Vastupidavus<\/h3>\n<p>Vastupidavus on noolesilindrite disainimisel v\u00f5tmetegur, kuna need puutuvad sageli kokku karmide t\u00f6\u00f6keskkondadega. Materjalid peavad olema kulumis- ja korrosioonikindlad, tagades silindri vastupidavuse ekstreemsetele tingimustele, s\u00e4ilitades samal ajal optimaalse j\u00f5udluse aja jooksul.<\/p>\n<h3>Turvaelemendid<\/h3>\n<p>Poomi silindri valimisel on ohutuskaalutlused olulised. Sellised omadused nagu r\u00f5huvabastusventiilid ja turvalukud aitavad \u00e4ra hoida h\u00fcdraulika riketega seotud \u00f5nnetusi. Nende ohutusmeetmete rakendamine on \u00fclioluline nii operaatorite kui ka seadmete kaitsmiseks.<\/p>\n<h3>Hoolduse ligip\u00e4\u00e4setavus<\/h3>\n<p>Poomi silindrite projekteerimine ligip\u00e4\u00e4setavust silmas pidades v\u00f5imaldab h\u00f5lpsamat hooldust ja remonti. See kaalutlus v\u00f5ib oluliselt v\u00e4hendada seisakuid ja parandada tegevuse \u00fcldist efektiivsust. Lihtsalt hooldatavad v\u00f5i vahetatavad komponendid aitavad kaasa seadmete pikaealisusele.<\/p>\n<p><img decoding=\"async\" src=\"https:\/\/www.hydraulic-cylinders.net\/wp-content\/uploads\/2025\/04\/songte-oil-pipes-and-spare-parts.webp\" alt=\"\u00d5litorud ja varuosad\"><\/p>\n<h2>Poomi silindri tihendamine ja m\u00e4\u00e4rimine<\/h2>\n<p>Poomi silindrite tihendamine ja m\u00e4\u00e4rimine on nende funktsionaalsuse ja pikaealisuse s\u00e4ilitamiseks \u00fcliolulised. H\u00fcdraulikavedeliku lekke v\u00e4ltimiseks kasutatakse mitmesuguseid tihendeid, sealhulgas kolvitihendeid ja vardatihendeid. Kulumiskindlatest materjalidest, nagu pol\u00fcuretaan ja nitriilkummi, valmistatud tihendid suurendavad vastupidavust ja j\u00f5udlust.<\/p>\n<p>Silindri korpus ja keermestatud otsad peaksid l\u00e4bima t\u00e4ppist\u00f6\u00f6tluse, et parandada kulumiskindlust ja tihendust\u00f5husust. Sujuva t\u00f6\u00f6 tagamiseks ja h\u00f5\u00f5rdumise v\u00e4hendamiseks, mis v\u00f5ib p\u00f5hjustada enneaegset kulumist, on vaja regulaarselt m\u00e4\u00e4rida sobiva h\u00fcdraulika\u00f5liga.<\/p>\n<h2>Regulaarne kontroll ja ennetavad hooldusmeetmed<\/h2>\n<ul>\n<li><strong>Regulaarsed kontrollid:<\/strong> Tehke lekete v\u00f5i kulumise m\u00e4rke regulaarselt kontrollides. Regulaarsed kontrollid aitavad tuvastada v\u00f5imalikke probleeme enne, kui need suuremateks probleemideks eskaleeruvad.<\/li>\n<li><strong>\u00d5ige m\u00e4\u00e4rimine:<\/strong> Veenduge, et h\u00fcdraulika\u00f5li tase on piisav ja \u00f5li puhas. N\u00f5uetekohane m\u00e4\u00e4rimine minimeerib h\u00f5\u00f5rdumist ja kulumist, parandades silindri j\u00f5udlust ja eluiga.<\/li>\n<li><strong>Tihendi vahetamine:<\/strong> J\u00e4lgige tihendeid kulumisj\u00e4lgede suhtes ja vajadusel vahetage need v\u00e4lja. T\u00f5hus tihendamine on r\u00f5hu s\u00e4ilitamiseks ja h\u00fcdraulikavedeliku kadude v\u00e4ltimiseks \u00fclioluline.<\/li>\n<\/ul>\n<h2>Paigaldusjuhised<\/h2>\n<p>Optimaalse j\u00f5udluse saavutamiseks on oluline noole silindri \u00f5ige paigaldamine. Veenduge paigaldamise ajal, et silinder oleks \u00f5igesti joondatud, et v\u00e4ltida komponentidele liigset pinget. Sobivate kinnitusklambrite kasutamine kinnitab silindri paigale ja hoiab \u00e4ra liikumise t\u00f6\u00f6tamise ajal.<\/p>\n<p>Follow the manufacturer&#8217;s specifications for torque settings and connector fittings to ensure a leak-free assembly. After installation, perform a thorough inspection to check for any misalignments or potential points of failure.<\/p>\n<h2>Levinumad hooldust\u00f6\u00f6d<\/h2>\n<ul>\n<li><strong>Regulaarsed kontrollid:<\/strong> N\u00e4htavate kulumis- v\u00f5i lekkem\u00e4rkide regulaarne kontrollimine on \u00fclioluline. T\u00f6\u00f6tamise ajal otsige ebanormaalseid helisid v\u00f5i liikumisi. Regulaarne kontroll aitab v\u00e4ltida suuremate probleemide tekkimist.<\/li>\n<li><strong>Sobiv m\u00e4\u00e4rimine:<\/strong> Veenduge, et kasutatav h\u00fcdraulika\u00f5li on \u00f5igete spetsifikatsioonidega ja seda lisatakse \u00f5iges koguses. N\u00f5uetekohane m\u00e4\u00e4rimine on poomi silindri t\u00f5husaks toimimiseks h\u00e4davajalik.<\/li>\n<li><strong>Tihendi vahetamine:<\/strong> J\u00e4lgige tihendeid hoolikalt kulumism\u00e4rkide suhtes. H\u00fcdraulilise terviklikkuse s\u00e4ilitamiseks ja lekete v\u00e4ltimiseks vahetage tihendid vastavalt tootja soovitustele.<\/li>\n<\/ul>\n<p>Paigaldamise ajal veenduge, et silinder oleks \u00f5igesti joondatud, et v\u00e4ltida kinnikiilumist ja kulumist. \u00d5igete kinnitustugede kasutamine aitab silindrit t\u00f5husalt kinnitada. Looge rutiin s\u00fcsteemi kontrollimiseks ja kalibreerimiseks, et see t\u00f6\u00f6taks sujuvalt.<\/p>\n<p><img decoding=\"async\" src=\"https:\/\/www.hydraulic-cylinders.net\/wp-content\/uploads\/2025\/04\/songte-chushion-collar.webp\" alt=\"Padjakaelus\"><\/p>\n<h2>Ohutuskaalutlused ja keskkonnategurid<\/h2>\n<p>H\u00fcdraulikas\u00fcsteemidega tegelemisel on ohutusmeetmete m\u00f5istmine \u00fclioluline. Operaatorid peavad olema koolitatud \u00e4ra tundma h\u00fcdraulikas\u00fcsteemidega seotud v\u00f5imalikke ohte, n\u00e4iteks k\u00f5rget r\u00f5hku ja vedelikulekkeid. Ohutusprotokollide j\u00e4rgimine kaitseb mitte ainult operaatoreid, vaid ka seadmeid ja keskkonda.<\/p>\n<h2>Rikete diagnoosimine ja levinud probleemid<\/h2>\n<ul>\n<li><strong>H\u00fcdraulilise vedeliku lekked:<\/strong> Kontrollige tihendeid ja \u00fchendusi regulaarselt lekete suhtes. Lekked v\u00f5ivad p\u00f5hjustada r\u00f5hukadu ja s\u00fcsteemi rikke.<\/li>\n<li><strong>Silindri kehv j\u00f5udlus:<\/strong> Kui silinder ei ulatu v\u00e4lja ega t\u00f5mbu sisse sujuvalt, v\u00f5ib see viidata madalale h\u00fcdraulikavedeliku tasemele v\u00f5i kahjustatud tihenditele.<\/li>\n<li><strong>Ebatavalised helid:<\/strong> Kuulake t\u00f6\u00f6tamise ajal krigisevaid v\u00f5i koputavaid helisid, mis v\u00f5ivad viidata silindri mehaanilistele probleemidele.<\/li>\n<\/ul>\n<p>Nende probleemide lahendamiseks on vaja viivitamatut tegutsemist. Regulaarne hooldus ja korralikud kontrollid aitavad v\u00e4ltida paljusid levinud probleeme. Kvaliteetsete varuosade kasutamine tagab poomi silindri t\u00f6\u00f6kindluse ja t\u00f5hususe.<\/p>\n<p><img decoding=\"async\" src=\"https:\/\/www.hydraulic-cylinders.net\/wp-content\/uploads\/2025\/04\/songte-bushings-with-all-kinds-of-excavator-models.webp\" alt=\"Puksid ekskavaatorimudelitega\"><\/p>\n<h2>Ettev\u00f5tte profiil<\/h2>\n<p>Oleme juhtiv h\u00fcdrosilindrite tootja ja hulgim\u00fc\u00fcja, pakkudes laia tootevalikut nii sise- kui ka rahvusvahelise turu n\u00f5udluse rahuldamiseks. Meie p\u00fchendumus tipptasemele ajendab meid rakendama t\u00e4iustatud tootmisjuhtimise strateegiat, mis keskendub kvaliteedile ja t\u00f5hususele. Kasutades t\u00e4iustatud tootmistehnoloogiat, oskuslikke spetsialiste ja rangeid testimiss\u00fcsteeme, t\u00e4iustame pidevalt oma tootmisv\u00f5imet.<\/p>\n<p>Meie teenused h\u00f5lmavad klientide konkreetsetele vajadustele vastavaid kohandatud lahendusi, mida toetavad rahvusvahelised sertifikaadid, mis tagavad meie toodete kvaliteedi ja t\u00f6\u00f6kindluse. Oleme uhked oma m\u00fc\u00fcgij\u00e4rgse teeninduse \u00fcle, pakkudes tuge ja hooldust, et tagada meie toodete optimaalne toimimine kogu nende eluea jooksul.<\/p>\n<p><img decoding=\"async\" src=\"https:\/\/www.hydraulic-cylinders.net\/wp-content\/uploads\/2025\/04\/songte-company-4.webp\" alt=\"Ettev\u00f5tte pilt 4\"><br \/>\n<img decoding=\"async\" src=\"https:\/\/www.hydraulic-cylinders.net\/wp-content\/uploads\/2025\/04\/songte-company-3.webp\" alt=\"Ettev\u00f5tte pilt 3\"><\/p>\n<p>Autor: lyl<\/p>","protected":false},"excerpt":{"rendered":"<p>Boom Cylinder For Atlas 2006LC Introduction to Boom Cylinder The Boom Cylinder for Atlas 2006LC is a specialized hydraulic cylinder designed to control the movement of various heavy machinery, including excavators, backhoe loaders, and front loaders. This essential component allows the bucket to lift, lower, and tilt, facilitating efficient material handling tasks. These hydraulic cylinders [&hellip;]<\/p>","protected":false},"featured_media":17872,"comment_status":"open","ping_status":"closed","template":"","meta":{"_et_pb_use_builder":"","_et_pb_old_content":"","_et_gb_content_width":""},"product_brand":[],"product_cat":[1546],"product_tag":[1547,1496],"class_list":{"0":"post-19639","1":"product","2":"type-product","3":"status-publish","4":"has-post-thumbnail","6":"product_cat-boom-cylinders","7":"product_tag-boom-cylinders","8":"product_tag-hydraulic-cylinders","10":"first","11":"instock","12":"shipping-taxable","13":"product-type-simple"},"amp_enabled":true,"_links":{"self":[{"href":"https:\/\/www.hydraulic-cylinders.net\/et\/wp-json\/wp\/v2\/product\/19639","targetHints":{"allow":["GET"]}}],"collection":[{"href":"https:\/\/www.hydraulic-cylinders.net\/et\/wp-json\/wp\/v2\/product"}],"about":[{"href":"https:\/\/www.hydraulic-cylinders.net\/et\/wp-json\/wp\/v2\/types\/product"}],"replies":[{"embeddable":true,"href":"https:\/\/www.hydraulic-cylinders.net\/et\/wp-json\/wp\/v2\/comments?post=19639"}],"wp:featuredmedia":[{"embeddable":true,"href":"https:\/\/www.hydraulic-cylinders.net\/et\/wp-json\/wp\/v2\/media\/17872"}],"wp:attachment":[{"href":"https:\/\/www.hydraulic-cylinders.net\/et\/wp-json\/wp\/v2\/media?parent=19639"}],"wp:term":[{"taxonomy":"product_brand","embeddable":true,"href":"https:\/\/www.hydraulic-cylinders.net\/et\/wp-json\/wp\/v2\/product_brand?post=19639"},{"taxonomy":"product_cat","embeddable":true,"href":"https:\/\/www.hydraulic-cylinders.net\/et\/wp-json\/wp\/v2\/product_cat?post=19639"},{"taxonomy":"product_tag","embeddable":true,"href":"https:\/\/www.hydraulic-cylinders.net\/et\/wp-json\/wp\/v2\/product_tag?post=19639"}],"curies":[{"name":"wp","href":"https:\/\/api.w.org\/{rel}","templated":true}]}}