{"id":1964,"date":"2023-10-23T06:46:13","date_gmt":"2023-10-23T06:46:13","guid":{"rendered":"https:\/\/hydraulic-cylinders.net\/?post_type=product&#038;p=1964"},"modified":"2023-10-23T06:46:14","modified_gmt":"2023-10-23T06:46:14","slug":"v30e-series-axial-piston-variable-displacement-hydraulic-pump","status":"publish","type":"product","link":"https:\/\/www.hydraulic-cylinders.net\/et\/toode\/v30e-series-axial-piston-variable-displacement-hydraulic-pump\/","title":{"rendered":"V30E seeria aksiaalkolvi muudetava t\u00f6\u00f6mahuga h\u00fcdrauliline pump"},"content":{"rendered":"<h1 style=\"text-align: center;\"><strong>V30E seeria aksiaalkolvi muudetava t\u00f6\u00f6mahuga h\u00fcdrauliline pump<\/strong><\/h1>\n<p><img loading=\"lazy\" decoding=\"async\" class=\"aligncenter wp-image-1977\" src=\"https:\/\/hydraulic-cylinders.net\/wp-content\/uploads\/2023\/10\/v30e-series-axial-piston-variable-displacement-pump-1-300x300.webp\" alt=\"\" width=\"400\" height=\"400\" \/><\/p>\n<p>V30E seeria aksiaalkolb-muutuva t\u00f6\u00f6mahuga h\u00fcdropump on erakordne lahendus, mis on loodud h\u00fcdros\u00fcsteemide j\u00f5udluse ja efektiivsuse t\u00f5stmiseks. Oma t\u00e4iustatud funktsioonide, t\u00e4pse juhtimise ja vastupidava konstruktsiooniga seab see h\u00fcdropump t\u00f6\u00f6stuses uue standardi.<\/p>\n<p>V30E seeria aksiaalkolb-muutuva nihkega h\u00fcdrauliline pump on h\u00fcdraulikas\u00fcsteemides revolutsiooniline. Selle muudetava nihke v\u00f5imalus, suur j\u00f5udlus ja mitmek\u00fclgne disain pakuvad t\u00e4pset juhtimist, suuremat efektiivsust ja erakordset v\u00f5imsustarvet. Soovitatavate kasutusmeetodite ja regulaarsete hooldustavade j\u00e4rgimisel pakub V30E seeria pump j\u00e4tkuvalt suurep\u00e4rast j\u00f5udlust, efektiivsust ja t\u00f6\u00f6kindlust. Kasutage V30E seeria aksiaalkolb-muutuva nihkega h\u00fcdraulilise pumba v\u00f5imsust ja efektiivsust, et avada oma h\u00fcdraulikas\u00fcsteemi t\u00e4ielik potentsiaal.<\/p>\n<p>V30E seeria aksiaalkolvi muudetava t\u00f6\u00f6mahuga h\u00fcdraulilise pumba peamised omadused:<\/p>\n<ul>\n<li>Muutuva t\u00f6\u00f6mahuga pump: V30E seeria pump uhkeldab t\u00e4iustatud muudetava t\u00f6\u00f6mahuga tehnoloogiaga, mis v\u00f5imaldab tal oma v\u00e4ljundit vastavalt s\u00fcsteemi vajadustele reguleerida. See funktsioon tagab optimaalse energiakasutuse, suurendades t\u00f5husust ja v\u00e4hendades energiatarbimist.<\/li>\n<li>Suur j\u00f5udlus ja v\u00f5imsus: T\u00e4nu erakordsele disainile ja insenerit\u00f6\u00f6le pakub V30E seeria pump silmapaistvat j\u00f5udlust ja v\u00f5imsust. See t\u00f6\u00f6tab sujuvalt erinevatel r\u00f5hkudel ja kiirustel, pakkudes t\u00e4pset juhtimist ja t\u00f5husat energiatarnimist s\u00fcsteemi suurep\u00e4rase j\u00f5udluse saavutamiseks.<\/li>\n<li>Mitmek\u00fclgne disain mitmesuguste rakenduste jaoks: V30E seeria pump on loodud kohanduma erinevate h\u00fcdraulikas\u00fcsteemide ja rakendustega. See pakub mitmek\u00fclgseid paigaldusv\u00f5imalusi, vedelike \u00fchilduvust ja juhtimismeetodeid, mist\u00f5ttu sobib see erinevatele t\u00f6\u00f6stusharudele ja masinatele.<\/li>\n<li>T\u00f5husus igal koormusel: V30E seeria pumba muudetava t\u00f6\u00f6mahuga funktsioon tagab efektiivsuse laias koormusvahemikus. See minimeerib energiakadusid ja tootlikkust isegi erinevates t\u00f6\u00f6tingimustes, reguleerides v\u00e4ljundit automaatselt vastavalt s\u00fcsteemi n\u00f5uetele.<\/li>\n<\/ul>\n<h2><strong>V30E seeria aksiaalkolvi muudetava t\u00f6\u00f6mahuga h\u00fcdraulilise pumba parameeter:<\/strong><\/h2>\n<table class=\"table table-bordered table-hover table-colored\">\n<tbody>\n<tr class=\"firstRow\">\n<td colspan=\"1\" rowspan=\"2\" align=\"center\" valign=\"middle\">Suurus<\/td>\n<td rowspan=\"2\" align=\"center\" valign=\"middle\">T\u00f6\u00f6maht cm\u00b3\/p\u00f6\u00f6re<\/td>\n<td colspan=\"2\" rowspan=\"1\" align=\"center\" valign=\"middle\">R\u00f5hubaar<\/td>\n<td colspan=\"2\" rowspan=\"1\" align=\"center\" valign=\"middle\">P\u00f6\u00f6rlemiskiirus p\/min<\/td>\n<\/tr>\n<tr>\n<td align=\"center\" valign=\"middle\">Hinnatud<\/td>\n<td align=\"center\" valign=\"middle\">Tipp<\/td>\n<td align=\"center\" valign=\"middle\">Max iseimeva<sup>*1<\/sup><\/td>\n<td align=\"center\" valign=\"middle\">Maks<sup>*2<\/sup><\/td>\n<\/tr>\n<tr>\n<td align=\"center\" valign=\"middle\">V30E75<\/td>\n<td align=\"center\" valign=\"middle\">75<\/td>\n<td align=\"center\" valign=\"middle\">400<\/td>\n<td align=\"center\" valign=\"middle\">450<\/td>\n<td align=\"center\" valign=\"middle\">2800<\/td>\n<td align=\"center\" valign=\"middle\">3000<\/td>\n<\/tr>\n<tr>\n<td align=\"center\" valign=\"middle\">V30E95<\/td>\n<td align=\"center\" valign=\"middle\">98<\/td>\n<td align=\"center\" valign=\"middle\">350<\/td>\n<td align=\"center\" valign=\"middle\">420<\/td>\n<td align=\"center\" valign=\"middle\">2500<\/td>\n<td align=\"center\" valign=\"middle\">2900<\/td>\n<\/tr>\n<tr>\n<td align=\"center\" valign=\"middle\">\u00a0V30E160<\/td>\n<td align=\"center\" valign=\"middle\">160<\/td>\n<td align=\"center\" valign=\"middle\">350<\/td>\n<td align=\"center\" valign=\"middle\">420<\/td>\n<td align=\"center\" valign=\"middle\">2100<\/td>\n<td align=\"center\" valign=\"middle\">2500<\/td>\n<\/tr>\n<tr>\n<td align=\"center\" valign=\"middle\">\u00a0V30E270<\/td>\n<td align=\"center\" valign=\"middle\">270<\/td>\n<td align=\"center\" valign=\"middle\">350<\/td>\n<td align=\"center\" valign=\"middle\">420<\/td>\n<td align=\"center\" valign=\"middle\">1800<\/td>\n<td align=\"center\" valign=\"middle\">2000<\/td>\n<\/tr>\n<tr>\n<td align=\"center\" valign=\"middle\">\u00a0V30E280<\/td>\n<td align=\"center\" valign=\"middle\">280<\/td>\n<td align=\"center\" valign=\"middle\">350<\/td>\n<td align=\"center\" valign=\"middle\">420<\/td>\n<td align=\"center\" valign=\"middle\">2300<\/td>\n<td align=\"center\" valign=\"middle\">2300<\/td>\n<\/tr>\n<\/tbody>\n<\/table>\n<h2><strong>V30E seeria aksiaalkolvi muudetava t\u00f6\u00f6mahuga h\u00fcdraulilise pumba eelised:<\/strong><\/h2>\n<p>\u2022 Rakendatakse avatud ahelaga h\u00fcdraulikas\u00fcsteemides<br \/>\n\u2022 Madal m\u00fcratase<br \/>\n\u2022 Mitmed juhtmoodulid<br \/>\n\u2022 Tugev konstruktsioon<br \/>\n\u2022 Kompaktne struktuur, suur v\u00f5imsustihedus<br \/>\n\u2022 Pikk eluiga<\/p>\n<h2><strong>V30E seeria aksiaalkolvi muudetava t\u00f6\u00f6mahuga h\u00fcdrauliline pump <\/strong><strong>Rakendus:<\/strong><\/h2>\n<p><img loading=\"lazy\" decoding=\"async\" class=\"alignnone wp-image-1976 size-full\" src=\"https:\/\/hydraulic-cylinders.net\/wp-content\/uploads\/2023\/10\/v30d-series-axial-piston-variable-displacement-pump-2.webp\" alt=\"\" width=\"1144\" height=\"394\" srcset=\"https:\/\/hydraulic-cylinders.net\/wp-content\/uploads\/2023\/10\/v30d-series-axial-piston-variable-displacement-pump-2.webp 1144w, https:\/\/hydraulic-cylinders.net\/wp-content\/uploads\/2023\/10\/v30d-series-axial-piston-variable-displacement-pump-2-980x338.webp 980w, https:\/\/hydraulic-cylinders.net\/wp-content\/uploads\/2023\/10\/v30d-series-axial-piston-variable-displacement-pump-2-480x165.webp 480w\" sizes=\"(min-width: 0px) and (max-width: 480px) 480px, (min-width: 481px) and (max-width: 980px) 980px, (min-width: 981px) 1144px, 100vw\" \/><\/p>\n<h2><strong>V30E seeria aksiaalse kolvi muudetava nihkega h\u00fcdraulilise pumba kasutusmeetod<\/strong><strong>:<\/strong><\/h2>\n<ul>\n<li><strong>Paigaldamine ja integreerimine:<\/strong> Valige h\u00fcdros\u00fcsteemis sobiv koht V30E seeria aksiaalkolbmuutuva t\u00f6\u00f6mahuga h\u00fcdropumba paigaldamiseks. Veenduge \u00f5iges joonduses ja paigaldage pump kindlalt sobivate kronsteinide v\u00f5i lisatarvikute abil. \u00dchendage pump h\u00fcdros\u00fcsteemiga \u00fchilduvate liitmike ja voolikute abil, tagades lekkevabad \u00fchendused.<\/li>\n<li><strong>Vedeliku \u00fchilduvus:<\/strong> Veenduge, et s\u00fcsteemis kasutatav h\u00fcdraulikavedelik \u00fchildub V30E seeria pumbaga. Vaadake tootja soovitatud vedeliku t\u00fc\u00fcpi, viskoossust ja temperatuurivahemikku. J\u00e4lgige ja hooldage h\u00fcdraulikavedelikku regulaarselt, et tagada pumba optimaalne t\u00f6\u00f6 ja pikaealisus.<\/li>\n<li><strong>Juhtimine ja reguleerimine:<\/strong> Tutvuge V30E seeria pumba juhtimisv\u00f5imalustega. S\u00f5ltuvalt konkreetsest mudelist v\u00f5ib see pakkuda erinevaid juhtimismeetodeid, n\u00e4iteks k\u00e4sitsi, proportsionaalselt v\u00f5i elektrooniliselt. Saage aru soovitatavatest juhtimisseadetest ja kohandage neid vastavalt pumba j\u00f5udluse optimeerimiseks.<\/li>\n<li><strong>S\u00fcsteemi optimeerimine:<\/strong> V30E seeria pump v\u00f5imaldab s\u00fcsteemi optimeerida, kohandades pumba t\u00f6\u00f6mahtu vastavalt koormusn\u00f5uetele. Kasutage seda funktsiooni energiat\u00f5hususe ja s\u00fcsteemi \u00fcldise j\u00f5udluse maksimeerimiseks.<\/li>\n<\/ul>\n<h2><strong>Kuidas h\u00fcdraulilist silindrit lahti v\u00f5tta?<\/strong><\/h2>\n<p>H\u00fcdrosilindri lahtiv\u00f5tmine n\u00f5uab hoolikat k\u00e4sitsemist ja silindri komponentide tundmist. Siin on \u00fcldine juhend h\u00fcdrosilindri lahtiv\u00f5tmiseks:<\/p>\n<ol>\n<li><strong>Ohutus ennek\u00f5ike:<\/strong> Enne lahtiv\u00f5tmise alustamist veenduge, et h\u00fcdros\u00fcsteem on r\u00f5huvaba ja h\u00fcdrovedelik on t\u00e4ielikult t\u00fchjendatud. Kasutage sobivaid isikukaitsevahendeid, n\u00e4iteks kindaid ja kaitseprille, et kaitsta end v\u00f5imalike ohtude eest.<\/li>\n<li><strong>Koguge t\u00f6\u00f6riistad ja seadmed:<\/strong> Valmistage ette lahtiv\u00f5tmiseks vajalikud t\u00f6\u00f6riistad ja seadmed. Nende hulka v\u00f5ivad kuuluda mutriv\u00f5tmed, padrunv\u00f5tmed, tangid, kummist haamer, kangiga kang ja puhas t\u00f6\u00f6pind.<\/li>\n<li><strong>Ballooni ettevalmistamine:<\/strong> Eemaldage h\u00fcdrosilindrilt k\u00f5ik v\u00e4lised lisaseadmed v\u00f5i tarvikud, n\u00e4iteks kinnitusklambrid v\u00f5i voolikud. Puhastage silindri v\u00e4lispind, et v\u00e4ltida mustuse v\u00f5i prahi sattumist lahtiv\u00f5tmise ajal.<\/li>\n<li><strong>H\u00fcdrauliliste voolikute lahti\u00fchendamine:<\/strong> Tuvastage silindriga \u00fchendatud h\u00fcdraulikavoolikud. Kasutage liitmike v\u00f5i haakeseadiste lahti\u00fchendamiseks sobivaid t\u00f6\u00f6riistu, veendudes, et \u00fclej\u00e4\u00e4nud h\u00fcdraulikavedelik kogutakse sobivasse anumasse.<\/li>\n<li><strong>Eemaldage otsakorgid ja kinnituspoldid:<\/strong> Leidke silindri otsakorgid. Need on tavaliselt kinnitatud kinnituspoltide v\u00f5i kruvidega. Eemaldage kinnituspoldid, et otsakorgid sobivate t\u00f6\u00f6riistade abil vabastada.<\/li>\n<li><strong>Vabastuskolb ja -varras:<\/strong> Kui otsakorgid on eemaldatud, peaks kolvi ja varda komplekt olema ligip\u00e4\u00e4setav. Koputage varrast kummist haamriga, et see silindrist vabastada. T\u00f5mmake kolvi ja varda komplekt aeglaselt silindri avast v\u00e4lja. P\u00f6\u00f6rake t\u00e4helepanu k\u00f5igile tihendite v\u00f5i laagritele, mis v\u00f5ivad komplektis olla.<\/li>\n<li><strong>Kontrollige ja vahetage komponendid v\u00e4lja:<\/strong> Kui silinder on lahti v\u00f5etud, kontrollige hoolikalt iga komponenti kulumise, kahjustuste v\u00f5i lekete suhtes. Vahetage v\u00e4lja k\u00f5ik kulunud v\u00f5i kahjustatud tihendid, laagrid v\u00f5i muud detailid. Puhastage k\u00f5ik osad hoolikalt sobiva lahustiga.<\/li>\n<li><strong>Kokkupanek:<\/strong> H\u00fcdrosilindri kokkupanekuks toimige lahtiv\u00f5tmisele vastupidises j\u00e4rjekorras. M\u00e4\u00e4rige tihendeid ja komponente h\u00fcdraulikavedelikuga, et tagada sujuv kokkupanek. J\u00e4lgige, et kolvi ja varda komplekt oleks silindri avas \u00f5igesti joondatud. Kinnitage otsakorgid kinnituspoltidega, tagades \u00f5iged p\u00f6\u00f6rdemomendi spetsifikatsioonid.<\/li>\n<li><strong>Testimine ja uuesti installimine:<\/strong> P\u00e4rast kokkupanekut kontrollige silindrit hoolikalt, et k\u00f5ik komponendid oleksid \u00f5igesti paigaldatud. \u00dchendage uuesti h\u00fcdraulikavoolikud ja survestage s\u00fcsteemi j\u00e4rk-j\u00e4rgult. Kontrollige lekkeid v\u00f5i ebanormaalseid toiminguid. Kui k\u00f5ik t\u00f6\u00f6tab \u00f5igesti, paigaldage h\u00fcdraulikasilinder etten\u00e4htud kohta tagasi.<\/li>\n<\/ol>\n<h2><strong>Tehase v\u00f5imekus ja suutlikkus:<\/strong><\/h2>\n<h3>(1) Kokkupanek<\/h3>\n<p>Meil on esmaklassiline s\u00f5ltumatu teadus- ja arendustegevuse montaa\u017eiplatvorm. H\u00fcdrosilindrite tootmist\u00f6\u00f6kojas on neli poolautomaatset t\u00f5stesilindrite koosteliini ja \u00fcks automaatne kallutussilindrite koosteliin, mille kavandatud aastane tootmisv\u00f5imsus on 1 miljon t\u00fckki. Spetsiaalsete silindrite t\u00f6\u00f6koda on varustatud erinevate spetsifikatsioonidega poolautomaatse puhastusmontaa\u017eis\u00fcsteemiga, mille kavandatud aastane tootmisv\u00f5imsus on 200 000 ja mis on varustatud kuulsate CNC-t\u00f6\u00f6tlemisseadmete, mehaanilise t\u00f6\u00f6tlemise keskuse, suure t\u00e4psusega silindrite t\u00f6\u00f6tlemise eriseadmete, robotkeevitusmasina, automaatse puhastusmasina, automaatse silindri kokkupanemise masina ja automaatse v\u00e4rvimise tootmisliiniga. Olemasolevad kriitilised seadmed rohkem kui 300 komplekti (komplekti). Seadmete ressursside optimaalne jaotamine ja t\u00f5hus kasutamine tagavad toodete t\u00e4psusn\u00f5uded ja vastavad toodete kvaliteedin\u00f5uetele.<\/p>\n<p><img loading=\"lazy\" decoding=\"async\" class=\"alignnone wp-image-626\" src=\"https:\/\/hydraulic-cylinders.net\/wp-content\/uploads\/2023\/08\/hydraulic-cylinder-product-1-300x158.webp\" alt=\"\" width=\"495\" height=\"260\" srcset=\"https:\/\/hydraulic-cylinders.net\/wp-content\/uploads\/2023\/08\/hydraulic-cylinder-product-1-300x158.webp 495w, https:\/\/hydraulic-cylinders.net\/wp-content\/uploads\/2023\/08\/hydraulic-cylinder-product-1-480x252.webp 480w\" sizes=\"(min-width: 0px) and (max-width: 480px) 480px, (min-width: 481px) 495px, 100vw\" \/> <img loading=\"lazy\" decoding=\"async\" class=\"alignnone wp-image-627\" src=\"https:\/\/hydraulic-cylinders.net\/wp-content\/uploads\/2023\/08\/hydraulic-cylinder-product-2-300x189.webp\" alt=\"\" width=\"413\" height=\"260\" \/><\/p>\n<h3>(2) T\u00f6\u00f6tlemine<\/h3>\n<p>T\u00f6\u00f6deldav t\u00f6\u00f6koda on varustatud kohandatud kallutatud r\u00f6\u00f6pse treipingi keskuse, mehaanilise keskuse, kiire lihvimismasina, keevitusroboti ja muude seotud seadmetega, mis suudavad t\u00f6\u00f6delda silindritorusid, mille maksimaalne sisel\u00e4bim\u00f5\u00f5t on 400 mm ja maksimaalne pikkus on 6 meetrit.<\/p>\n<p><img loading=\"lazy\" decoding=\"async\" class=\"alignnone wp-image-628 size-large\" src=\"https:\/\/hydraulic-cylinders.net\/wp-content\/uploads\/2023\/08\/hydraulic-cylinder-product-3-1024x391.webp\" alt=\"\" width=\"1024\" height=\"391\" srcset=\"https:\/\/hydraulic-cylinders.net\/wp-content\/uploads\/2023\/08\/hydraulic-cylinder-product-3-980x374.webp 980w, https:\/\/hydraulic-cylinders.net\/wp-content\/uploads\/2023\/08\/hydraulic-cylinder-product-3-480x183.webp 480w\" sizes=\"(min-width: 0px) and (max-width: 480px) 480px, (min-width: 481px) and (max-width: 980px) 980px, (min-width: 981px) 1024px, 100vw\" \/><\/p>\n<h3>(3) Keevitamine<\/h3>\n<p><img loading=\"lazy\" decoding=\"async\" class=\"alignnone wp-image-629 size-large\" src=\"https:\/\/hydraulic-cylinders.net\/wp-content\/uploads\/2023\/08\/hydraulic-cylinder-product-4-1024x510.webp\" alt=\"\" width=\"1024\" height=\"510\" srcset=\"https:\/\/hydraulic-cylinders.net\/wp-content\/uploads\/2023\/08\/hydraulic-cylinder-product-4-980x488.webp 980w, https:\/\/hydraulic-cylinders.net\/wp-content\/uploads\/2023\/08\/hydraulic-cylinder-product-4-480x239.webp 480w\" sizes=\"(min-width: 0px) and (max-width: 480px) 480px, (min-width: 481px) and (max-width: 980px) 980px, (min-width: 981px) 1024px, 100vw\" \/><\/p>\n<h3>(4) V\u00e4rvimine ja katmine<\/h3>\n<p>V\u00e4ikese ja keskmise suurusega silindri automaatse veep\u00f5hise v\u00e4rvipinnakattega liinide abil, et saavutada automaatne robotlaadimine ja mahalaadimine ning automaatne pihustamine, projekteerimisv\u00f5imsus 4000 t\u00fckki vahetuse kohta;<br \/>\nMeil on ka poolautomaatne suurte balloonide v\u00e4rvimise tootmisliin, mis t\u00f6\u00f6tab j\u00f5ukettaga ja mille projekteerimisv\u00f5imsus on 60 kasti \u00fche vahetuse kohta.<\/p>\n<p><img loading=\"lazy\" decoding=\"async\" class=\"alignnone wp-image-630\" src=\"https:\/\/hydraulic-cylinders.net\/wp-content\/uploads\/2023\/08\/hydraulic-cylinder-product-5-300x213.webp\" alt=\"\" width=\"366\" height=\"260\" \/> <img loading=\"lazy\" decoding=\"async\" class=\"alignnone wp-image-631\" src=\"https:\/\/hydraulic-cylinders.net\/wp-content\/uploads\/2023\/08\/hydraulic-cylinder-product-6-300x225.webp\" alt=\"\" width=\"347\" height=\"260\" \/><\/p>\n<h3>(5) Testimine<\/h3>\n<p>Meil on esmaklassilised kontrolliseadmed ja katsestendid, et tagada silindri j\u00f5udlus vastavus n\u00f5uetele.<\/p>\n<p><img loading=\"lazy\" decoding=\"async\" class=\"alignnone wp-image-632\" src=\"https:\/\/hydraulic-cylinders.net\/wp-content\/uploads\/2023\/08\/hydraulic-cylinder-product-8-300x200.webp\" alt=\"\" width=\"389\" height=\"260\" \/><\/p>\n<p>&nbsp;<\/p>\n<p>&nbsp;<\/p>\n<p>Oleme \u00fcks parimaid h\u00fcdrosilindrite tootjaid. Pakume laia valikut h\u00fcdrosilindreid. Pakume ka vastavaid... <a href=\"https:\/\/hzpt.com\/agricultural-pto-gearbox\/\" target=\"_blank\" rel=\"noopener\">p\u00f5llumajanduslikud k\u00e4igukastid<\/a>. Oleme eksportinud oma tooteid klientidele \u00fcle maailma ja teeninud hea maine t\u00e4nu meie suurep\u00e4rasele tootekvaliteedile ja m\u00fc\u00fcgij\u00e4rgsele teenindusele. Me tervitame kliente kodus ja v\u00e4lismaal, et v\u00f5tta meiega \u00fchendust, et pidada l\u00e4bir\u00e4\u00e4kimisi \u00e4ri, vahetada teavet ja <a href=\"https:\/\/www.hydraulic-cylinders.net\/et\/contact-us\/\">teha meiega koost\u00f6\u00f6d<\/a>!<\/p>\n<p>&nbsp;<\/p>","protected":false},"excerpt":{"rendered":"<p>V30E Series Axial Piston Variable Displacement Hydraulic Pump The V30E series axial piston variable displacement hydraulic pump is an exceptional solution designed to elevate the performance and efficiency of hydraulic systems. With its advanced features, precise control, and robust construction, this hydraulic pump sets a new standard in the industry. The V30E series axial piston [&hellip;]<\/p>","protected":false},"featured_media":1978,"comment_status":"open","ping_status":"closed","template":"","meta":{"_et_pb_use_builder":"","_et_pb_old_content":"","_et_gb_content_width":""},"product_brand":[],"product_cat":[1425],"product_tag":[1426],"class_list":{"0":"post-1964","1":"product","2":"type-product","3":"status-publish","4":"has-post-thumbnail","6":"product_cat-piston-pump","7":"product_tag-hydraulic-pump","9":"first","10":"instock","11":"shipping-taxable","12":"product-type-simple"},"amp_enabled":true,"_links":{"self":[{"href":"https:\/\/www.hydraulic-cylinders.net\/et\/wp-json\/wp\/v2\/product\/1964","targetHints":{"allow":["GET"]}}],"collection":[{"href":"https:\/\/www.hydraulic-cylinders.net\/et\/wp-json\/wp\/v2\/product"}],"about":[{"href":"https:\/\/www.hydraulic-cylinders.net\/et\/wp-json\/wp\/v2\/types\/product"}],"replies":[{"embeddable":true,"href":"https:\/\/www.hydraulic-cylinders.net\/et\/wp-json\/wp\/v2\/comments?post=1964"}],"wp:featuredmedia":[{"embeddable":true,"href":"https:\/\/www.hydraulic-cylinders.net\/et\/wp-json\/wp\/v2\/media\/1978"}],"wp:attachment":[{"href":"https:\/\/www.hydraulic-cylinders.net\/et\/wp-json\/wp\/v2\/media?parent=1964"}],"wp:term":[{"taxonomy":"product_brand","embeddable":true,"href":"https:\/\/www.hydraulic-cylinders.net\/et\/wp-json\/wp\/v2\/product_brand?post=1964"},{"taxonomy":"product_cat","embeddable":true,"href":"https:\/\/www.hydraulic-cylinders.net\/et\/wp-json\/wp\/v2\/product_cat?post=1964"},{"taxonomy":"product_tag","embeddable":true,"href":"https:\/\/www.hydraulic-cylinders.net\/et\/wp-json\/wp\/v2\/product_tag?post=1964"}],"curies":[{"name":"wp","href":"https:\/\/api.w.org\/{rel}","templated":true}]}}