{"id":19641,"date":"2025-04-07T06:59:07","date_gmt":"2025-04-07T06:59:07","guid":{"rendered":"https:\/\/www.hydraulic-cylinders.net\/product\/boom-cylinder-for-atlas-3608lc\/"},"modified":"2025-04-07T06:59:10","modified_gmt":"2025-04-07T06:59:10","slug":"boom-cylinder-for-atlas-3608lc","status":"publish","type":"product","link":"https:\/\/www.hydraulic-cylinders.net\/et\/toode\/boom-cylinder-for-atlas-3608lc\/","title":{"rendered":"Poomi silinder Atlas 3608LC jaoks"},"content":{"rendered":"<h1>Poomi silinder Atlas 3608LC jaoks<\/h1>\n<h2>Toote \u00fclevaade<\/h2>\n<p>Atlas 3608LC poomi silinder on h\u00fcdros\u00fcsteemide keskne komponent, mis on spetsiaalselt loodud raskete masinate, n\u00e4iteks ekskavaatorite, laadur-ekskavaatori ja esilaaduri liikumise juhtimiseks. See h\u00fcdrosilinder v\u00f5imaldab poomi t\u00f5sta, langetada ja kallutada, h\u00f5lbustades t\u00f5husaid materjalik\u00e4itlust\u00f6id. Kopa silinder on konstrueeritud taluma k\u00f5rget r\u00f5hku ja raskeid koormusi, mist\u00f5ttu on see h\u00e4davajalik mitmesuguste ehitus- ja t\u00f6\u00f6stusrakenduste jaoks.<\/p>\n<p><img decoding=\"async\" src=\"https:\/\/www.hydraulic-cylinders.net\/wp-content\/uploads\/2025\/04\/songte-company-1.webp\" alt=\"Poomi silindri pilt\" \/><\/p>\n<h2>Peamised omadused<\/h2>\n<ul>\n<li><strong>Suur tugevus ja vastupidavus:<\/strong> Valmistatud \u00fclitugevast terasest v\u00f5i alumiiniumist, talub see k\u00f5rget r\u00f5hku ja suuri koormusi, mist\u00f5ttu sobib see karmidesse t\u00f6\u00f6keskkondadesse. Projekteerimisel on arvestatud kulumiskindluse ja korrosioonikindlusega, pikendades selle kasutusiga.<\/li>\n<li><strong>T\u00f5hus h\u00fcdrauliline t\u00f6\u00f6:<\/strong> Kasutab sujuva teleskoopliikumise tagamiseks h\u00fcdraulika\u00f5li r\u00f5hku, mis v\u00f5imaldab kiiret reageerimist juhtimisk\u00e4sklustele ning tugevat t\u00f5uke- ja t\u00f5mbej\u00f5udu, mis sobib ideaalselt raskete esemete ja keerukate \u00fclesannete k\u00e4sitsemiseks.<\/li>\n<li><strong>T\u00fc\u00fcpide mitmekesisus:<\/strong> Saadaval \u00fchetoimeliste (h\u00fcdrauliline ainult \u00fches suunas) v\u00f5i kahetoimeliste (h\u00fcdrauliline m\u00f5lemas suunas) silindritega, et rahuldada erinevaid t\u00f6\u00f6vajadusi. M\u00f5ned mudelid on teleskoopilised, v\u00f5imaldades suuremat pikendamist ilma v\u00e4lism\u00f5\u00f5tmeid suurendamata, sobides ruumikitsastes rakendustes.<\/li>\n<li><strong>Kohandatud tootmine:<\/strong> Saame seda toodet teie spetsifikatsioonidele vastavalt toota, tagades ideaalse asenduse erinevatele h\u00fcdrosilindritele.<\/li>\n<\/ul>\n<p><img decoding=\"async\" src=\"https:\/\/www.hydraulic-cylinders.net\/wp-content\/uploads\/2025\/04\/songte-cylinder-head-with-all-kinds-excavator-models.webp\" alt=\"Ekskavaatorite silindripea\" \/><\/p>\n<h2>Rakendused<\/h2>\n<h3>Ehitustehnika<\/h3>\n<p>Ekskavaatorites on noolesilindrid \u00fcliolulised kaevamiseks, laadimiseks ja pinnase v\u00f5i prahi teisaldamiseks. Need annavad vajaliku v\u00f5imsuse nende \u00fclesannete t\u00f5husaks t\u00e4itmiseks. Ekskavaatorlaadurites abistab noolesilinder nii kaevamis- kui ka t\u00f5stet\u00f6\u00f6del, v\u00f5imaldades operaatoritel sujuvalt \u00fclesannete vahel vahetada.<\/p>\n<h3>P\u00f5llumajandustehnika<\/h3>\n<p>Esilaadurites kasutatavad noolesilindrid on olulised mulla, heina ja muude materjalide kopeerimiseks, t\u00f5stmiseks ja transportimiseks. Need suurendavad p\u00f5llumajandust\u00f6\u00f6de t\u00f5husust, pakkudes raskete koormate t\u00f5husaks man\u00f6\u00f6verdamiseks vajalikku v\u00f5imsust.<\/p>\n<h3>Ekskavaatorid<\/h3>\n<p>Ekskavaatorites v\u00f5imaldab noole silinder kopal pinnasesse tungida, h\u00f5lbustades kaevamisprotsessi. Selle konstruktsioon tagab, et operaatorid saavad saavutada soovitud s\u00fcgavuse ja nurga, suurendades seel\u00e4bi tootlikkust ehitusplatsil.<\/p>\n<h3>Laadurid<\/h3>\n<p>Frontaallaadurites aitavad need silindrid materjale t\u00f5husalt t\u00f5sta ja t\u00fchjendada. Nende usaldusv\u00e4\u00e4rne j\u00f5udlus tagab, et sellised toimingud nagu vedamine ja t\u00fchjendamine toimuvad sujuvalt ja t\u00f5husalt.<\/p>\n<h2>Kujunduskaalutlused<\/h2>\n<h3>Kandev\u00f5ime<\/h3>\n<p>Poomi silindri kandev\u00f5ime on kriitilise t\u00e4htsusega konstruktsioonikaalutlus, mis m\u00e4\u00e4rab, kui palju raskust see ohutult t\u00f5sta suudab. Koormuspiiride m\u00f5istmine aitab tagada, et silindrit kasutatakse etten\u00e4htud parameetrite piires, ennetades rikkeid ja pikendades selle eluiga.<\/p>\n<h3>Tihenduss\u00fcsteem<\/h3>\n<p>Tugev tihenduss\u00fcsteem on h\u00fcdraulilise r\u00f5hu s\u00e4ilitamiseks ja lekete v\u00e4ltimiseks \u00fclioluline. Kvaliteetsed tihendid hoiavad \u00e4ra saastumise ja tagavad optimaalse j\u00f5udluse, mis on h\u00fcdraulikas\u00fcsteemide t\u00f6\u00f6kindluse seisukohalt \u00fclioluline.<\/p>\n<h3>Vastupidavus<\/h3>\n<p>Poomi silindri vastupidavus on selle toimivuse jaoks n\u00f5udlikes keskkondades \u00fclioluline. Konstruktsiooniomadused, nagu kulumiskindlad materjalid ja kaitsekatted, aitavad kaasa silindri pikaealisusele ja t\u00f6\u00f6kindlusele, v\u00e4hendades hooldusvajadust.<\/p>\n<h3>Turvaelemendid<\/h3>\n<p>H\u00fcdrauliliste silindrite konstruktsioonis on ohutus esmat\u00e4htis. Sellised omadused nagu r\u00f5hukaitseventiilid ja rikkekaitsed on olulised \u00f5nnetuste v\u00e4ltimiseks ja ohutu t\u00f6\u00f6 tagamiseks raskete t\u00f5stet\u00f6\u00f6de ajal.<\/p>\n<h3>Kasutusk\u00f5lblikkus<\/h3>\n<p>Hoolduse lihtsus on veel \u00fcks oluline projekteerimiskaalutlus. H\u00fcdraulilised silindrid peaksid olema konstrueeritud nii, et komponentidele oleks lihtne juurde p\u00e4\u00e4seda, v\u00f5imaldades vajadusel kiiret remonti ja vahetust, tagades masinate minimaalse seisakuaja.<\/p>\n<p><img decoding=\"async\" src=\"https:\/\/www.hydraulic-cylinders.net\/wp-content\/uploads\/2025\/04\/songte-oil-pipes-and-spare-parts.webp\" alt=\"\u00d5litorud ja varuosad\" \/><\/p>\n<h2>Tihendus ja m\u00e4\u00e4rimine<\/h2>\n<p>Poomi silindri tihenduss\u00fcsteemis kasutatakse mitmesuguseid tihendeid, sealhulgas kolvi- ja vardatihendeid, mis on valmistatud kulumiskindlatest materjalidest, nagu pol\u00fcuretaan ja nitriilkummi. Silindri korpus ja keermestatud otsapinnad on peenelt t\u00f6\u00f6deldud, et suurendada kulumiskindlust. Regulaarne m\u00e4\u00e4rimine h\u00fcdraulika\u00f5liga on h\u00e4davajalik sujuva t\u00f6\u00f6 tagamiseks ja kulumise v\u00e4ltimiseks.<\/p>\n<h2>Ennetavad hooldusmeetmed<\/h2>\n<ul>\n<li><strong>Regulaarsed kontrollid:<\/strong> Tehke regulaarseid kontrolle, et tuvastada kulumise v\u00f5i kahjustuste m\u00e4rke. Probleemide varajane avastamine aitab v\u00e4ltida suuremaid rikkeid.<\/li>\n<li><strong>Sobiv m\u00e4\u00e4rimine:<\/strong> Optimaalse j\u00f5udluse s\u00e4ilitamiseks veenduge, et h\u00fcdraulika\u00f5li tase on \u00f5ige ja seda lisatakse regulaarselt.<\/li>\n<li><strong>Tihendi vahetamine:<\/strong> Vahetage tihendid esimeste kulumism\u00e4rkide ilmnemisel v\u00e4lja, et v\u00e4ltida lekkeid ja s\u00e4ilitada h\u00fcdrauliline r\u00f5hk.<\/li>\n<\/ul>\n<h2>Paigaldusjuhised<\/h2>\n<p>\u00d5ige paigaldamine on poomi silindri j\u00f5udluse ja pikaealisuse seisukohalt \u00fclioluline. Alustage veendumisest, et k\u00f5ik komponendid on puhtad ja prahist vabad. Kasutage silindri t\u00e4pseks positsioneerimiseks sobivaid joondust\u00f6\u00f6riistu ja kinnitage see sobivate kinnitusklambritega. J\u00e4rgige tootja spetsifikatsioone h\u00fcdrauliliste \u00fchenduste ja p\u00f6\u00f6rdemomendi s\u00e4tete kohta. P\u00e4rast paigaldamist tehke funktsionaalsed testid, et veenduda k\u00f5ige sujuvas toimimises.<\/p>\n<h2>Levinumad hooldust\u00f6\u00f6d<\/h2>\n<ul>\n<li><strong>Regulaarsed kontrollid:<\/strong> Tehke h\u00fcdraulikas\u00fcsteemil regulaarseid kontrolle, et tuvastada lekkeid v\u00f5i ebakorrap\u00e4rasusi j\u00f5udluses. Probleemide kiire lahendamine aitab \u00e4ra hoida t\u00f5sisemaid probleeme.<\/li>\n<li><strong>\u00d5ige m\u00e4\u00e4rimine:<\/strong> Veenduge, et poomi silinder on \u00f5igesti m\u00e4\u00e4ritud vastavalt tootja soovitustele. Piisav m\u00e4\u00e4rimine v\u00e4hendab h\u00f5\u00f5rdumist ja kulumist.<\/li>\n<li><strong>Tihendi vahetamine:<\/strong> J\u00e4lgige regulaarselt tihendite seisukorda. Kulunud tihendite vahetamine on h\u00fcdraulilise r\u00f5hu s\u00e4ilitamiseks ja lekete v\u00e4ltimiseks kriitilise t\u00e4htsusega.<\/li>\n<\/ul>\n<h2>Ohutuskaalutlused ja keskkonnategurid<\/h2>\n<p>H\u00fcdrauliliste silindrite kasutamisel tuleb ohutusmeetmeid esikohale seada. Operaatorid peaksid olema koolitatud seadmete \u00f5ige kasutamise ja v\u00f5imalike ohtude osas. Riskide minimeerimiseks tuleks kanda kaitsevarustust ja t\u00f6\u00f6piirkond peaks olema ebavajalikust personalist ja takistustest vaba. Keskkonnakaalutluste hulka kuuluvad h\u00fcdraulikavedelike n\u00f5uetekohane k\u00f5rvaldamine ja k\u00f5igi komponentide s\u00e4\u00e4stva hankimise tagamine.<\/p>\n<h2>Rikete diagnoosimine ja levinud probleemid<\/h2>\n<ul>\n<li><strong>Lekkeprobleemid:<\/strong> H\u00fcdraulikavedeliku lekked v\u00f5ivad viidata tihendite rikkele v\u00f5i lahtistele \u00fchendustele. Kontrollige tihendeid ja \u00fchendusi kulumise v\u00f5i kahjustuste suhtes ning vajadusel vahetage need v\u00e4lja.<\/li>\n<li><strong>Aeglane t\u00f6\u00f6:<\/strong> Kui poomi silinder t\u00f6\u00f6tab aeglaselt, v\u00f5ib see viidata madalale h\u00fcdraulikavedeliku tasemele v\u00f5i \u00f5hu olemasolule s\u00fcsteemis. Kontrollige vedeliku taset ja \u00f5hutage s\u00fcsteemi vastavalt vajadusele.<\/li>\n<li><strong>Kontrollimatud liigutused:<\/strong> See v\u00f5ib tuleneda \u00fcler\u00f5huventiili talitlush\u00e4iretest v\u00f5i juhtventiili probleemidest. Kontrollige neid komponente ja vajadusel vahetage v\u00f5i parandage.<\/li>\n<\/ul>\n<h2>Veaotsingu n\u00e4pun\u00e4ited<\/h2>\n<p>T\u00f5husa t\u00f5rkeotsingu jaoks j\u00e4rgige alati tootja juhiseid. Regulaarne hooldus aitab enamiku probleeme \u00e4ra hoida. Probleemide ilmnemisel alustage h\u00fcdraulikavedeliku taseme kontrollimisest, tihendite kulumise kontrollimisest ja n\u00e4htavate lekete uurimisest. Hooldusp\u00e4eviku pidamine aitab tuvastada korduvaid probleeme ja ennetada v\u00f5imalikke probleeme.<\/p>\n<p><img decoding=\"async\" src=\"https:\/\/www.hydraulic-cylinders.net\/wp-content\/uploads\/2025\/04\/songte-bushings-with-all-kinds-of-excavator-models.webp\" alt=\"Ekskavaatorite puksid\" \/><\/p>\n<h2>Meie ettev\u00f5ttest<\/h2>\n<p>Oleme juhtiv asendush\u00fcdrauliliste silindrite tootja, pakkudes laia tootevalikut, mis on meid positsioneerinud \u00fcheks juhtivaks tarnijaks nii sise- kui ka rahvusvahelistel turgudel. Peame kinni rangetest kvaliteedistandarditest, mida toetab t\u00e4iustatud t\u00f6\u00f6stusliku tootmise juhtimisstrateegia. Meie keskendumine tehnoloogiale, t\u00e4iustatud tootmisseadmetele ja professionaalsetele testimiss\u00fcsteemidele suurendab meie tootmisv\u00f5imekust, v\u00f5imaldades meil rahuldada klientide mitmekesiseid vajadusi suure t\u00f5hususega, t\u00e4psuse ja kvaliteediga.<\/p>\n<p><img decoding=\"async\" src=\"https:\/\/www.hydraulic-cylinders.net\/wp-content\/uploads\/2025\/04\/songte-company-4.webp\" alt=\"Ettev\u00f5tte pilt 1\" \/><br \/>\n<img decoding=\"async\" src=\"https:\/\/www.hydraulic-cylinders.net\/wp-content\/uploads\/2025\/04\/songte-company-3.webp\" alt=\"Ettev\u00f5tte pilt 2\" \/><\/p>\n<p>Meie p\u00fchendumus professionaalsusele, rahvusvahelised sertifikaadid, kohandatud teenused, t\u00e4iustatud tootmisseadmed ja erakordne m\u00fc\u00fcgij\u00e4rgne tugi eristavad meid turul.<\/p>\n<p>Autor: lyl<\/p>","protected":false},"excerpt":{"rendered":"<p>Boom Cylinder For Atlas 3608LC Product Overview The Boom Cylinder for Atlas 3608LC is a pivotal component in hydraulic systems, specifically designed for controlling the movement of heavy machinery such as excavators, backhoe loaders, and front loaders. This hydraulic cylinder enables the boom to lift, lower, and tilt, facilitating efficient material handling tasks. The bucket [&hellip;]<\/p>","protected":false},"featured_media":17874,"comment_status":"open","ping_status":"closed","template":"","meta":{"_et_pb_use_builder":"","_et_pb_old_content":"","_et_gb_content_width":""},"product_brand":[],"product_cat":[1546],"product_tag":[1547,1496],"class_list":{"0":"post-19641","1":"product","2":"type-product","3":"status-publish","4":"has-post-thumbnail","6":"product_cat-boom-cylinders","7":"product_tag-boom-cylinders","8":"product_tag-hydraulic-cylinders","10":"first","11":"instock","12":"shipping-taxable","13":"product-type-simple"},"amp_enabled":true,"_links":{"self":[{"href":"https:\/\/www.hydraulic-cylinders.net\/et\/wp-json\/wp\/v2\/product\/19641","targetHints":{"allow":["GET"]}}],"collection":[{"href":"https:\/\/www.hydraulic-cylinders.net\/et\/wp-json\/wp\/v2\/product"}],"about":[{"href":"https:\/\/www.hydraulic-cylinders.net\/et\/wp-json\/wp\/v2\/types\/product"}],"replies":[{"embeddable":true,"href":"https:\/\/www.hydraulic-cylinders.net\/et\/wp-json\/wp\/v2\/comments?post=19641"}],"wp:featuredmedia":[{"embeddable":true,"href":"https:\/\/www.hydraulic-cylinders.net\/et\/wp-json\/wp\/v2\/media\/17874"}],"wp:attachment":[{"href":"https:\/\/www.hydraulic-cylinders.net\/et\/wp-json\/wp\/v2\/media?parent=19641"}],"wp:term":[{"taxonomy":"product_brand","embeddable":true,"href":"https:\/\/www.hydraulic-cylinders.net\/et\/wp-json\/wp\/v2\/product_brand?post=19641"},{"taxonomy":"product_cat","embeddable":true,"href":"https:\/\/www.hydraulic-cylinders.net\/et\/wp-json\/wp\/v2\/product_cat?post=19641"},{"taxonomy":"product_tag","embeddable":true,"href":"https:\/\/www.hydraulic-cylinders.net\/et\/wp-json\/wp\/v2\/product_tag?post=19641"}],"curies":[{"name":"wp","href":"https:\/\/api.w.org\/{rel}","templated":true}]}}