{"id":19642,"date":"2025-04-07T06:59:10","date_gmt":"2025-04-07T06:59:10","guid":{"rendered":"https:\/\/www.hydraulic-cylinders.net\/product\/boom-cylinder-for-atlas-7008lc\/"},"modified":"2025-04-07T06:59:12","modified_gmt":"2025-04-07T06:59:12","slug":"boom-cylinder-for-atlas-7008lc","status":"publish","type":"product","link":"https:\/\/www.hydraulic-cylinders.net\/et\/toode\/boom-cylinder-for-atlas-7008lc\/","title":{"rendered":"Poomi silinder Atlas 7008LC jaoks"},"content":{"rendered":"<h1>Poomi silinder Atlas 7008LC jaoks<\/h1>\n<h2>Poomi silindri m\u00f5istmine<\/h2>\n<p>Noole silinder on oluline komponent mitmesugustes rasketehnika masinates, eriti ekskavaatorites, laadur-ekskavaatorites ja esilaadurites. See on teatud t\u00fc\u00fcpi h\u00fcdrauliline silinder, mis on spetsiaalselt loodud kopa liikumise juhtimiseks, v\u00f5imaldades operaatoritel koppa t\u00e4pselt t\u00f5sta, langetada ja kallutada. See funktsioon on oluline t\u00f5husate materjalik\u00e4itlust\u00f6\u00f6de jaoks, muutes noole silindrid ehitus- ja kaevamist\u00f6\u00f6del asendamatuks.<\/p>\n<p>H\u00fcdraulikas\u00fcsteemis m\u00e4ngib noole silinder olulist rolli, muutes h\u00fcdraulilise vedeliku r\u00f5hu mehaaniliseks j\u00f5uks, v\u00f5imaldades sujuvaid ja v\u00f5imsaid liigutusi. Kui h\u00fcdrauliline vedelik siseneb silindrisse, surub see kolbi, mis seej\u00e4rel liigutab \u00fchendusvarda ja l\u00f5puks koppa. Kopa asendi juhtimise v\u00f5imalus v\u00f5imaldab materjalide t\u00f5husat kaevamist, laadimist ja transportimist, suurendades \u00fcldist tootlikkust.<\/p>\n<p><img decoding=\"async\" src=\"https:\/\/www.hydraulic-cylinders.net\/wp-content\/uploads\/2025\/04\/songte-company-1.webp\" alt=\"Poomi silinder Atlas 7008LC jaoks\"\/><\/p>\n<h2>Poomi silindri omadused<\/h2>\n<ul>\n<li>\n<h3>Suur tugevus ja vastupidavus<\/h3>\n<p>Tavaliselt \u00fclitugevast terasest v\u00f5i alumiiniumist valmistatud noole silinder on konstrueeritud taluma k\u00f5rget r\u00f5hku ja suuri koormusi. Selle konstruktsioonis on arvestatud kulumiskindluse ja korrosioonikaitsega, tagades pikema kasutusea isegi karmides t\u00f6\u00f6tingimustes.<\/p>\n<\/li>\n<li>\n<h3>T\u00f5hus h\u00fcdrauliline t\u00f6\u00f6<\/h3>\n<p>See disain kasutab sujuvaks pikendamiseks ja tagasit\u00f5mbamiseks h\u00fcdraulilist \u00f5lir\u00f5hku, mis v\u00f5imaldab operaatori k\u00e4skudele kiiret reageerimist. See efektiivsus tagab tugeva t\u00f5uke- ja t\u00f5mbej\u00f5u, mist\u00f5ttu sobib see raskete esemete ja keerukate t\u00f6\u00f6\u00fclesannete k\u00e4sitsemiseks.<\/p>\n<\/li>\n<li>\n<h3>Mitmekesised t\u00fc\u00fcbid<\/h3>\n<p>Poomi silindrid on saadaval erinevates konfiguratsioonides, sealhulgas \u00fchetoimelised (kasutades h\u00fcdraulilist j\u00f5udu \u00fches suunas) ja kahetoimelised (toimivad m\u00f5lemas suunas). Teatud mudelid on teleskoopilised, mis v\u00f5imaldab suuremat pikendust ilma v\u00e4lism\u00f5\u00f5tmeid suurendamata, mis sobib ideaalselt ruumipiirangutega rakenduste jaoks.<\/p>\n<\/li>\n<li>\n<h3>Kohandatavad lahendused<\/h3>\n<p>Meie tootmisv\u00f5imalused v\u00f5imaldavad meil toota noolesilindreid, mis suudavad ideaalselt asendada olemasolevaid h\u00fcdrosilindreid, tagades \u00fchilduvuse ja j\u00f5udluse.<\/p>\n<\/li>\n<li>\n<h3>T\u00e4iustatud tootmistehnikad<\/h3>\n<p>Kasutades oma tootmisprotsessides tipptehnoloogiat, garanteerime kvaliteetsed tooted, mis vastavad t\u00f6\u00f6stusstandarditele.<\/p>\n<\/li>\n<\/ul>\n<p><img decoding=\"async\" src=\"https:\/\/www.hydraulic-cylinders.net\/wp-content\/uploads\/2025\/04\/songte-cylinder-head-with-all-kinds-excavator-models.webp\" alt=\"H\u00fcdraulilise silindri pea\"\/><\/p>\n<h2>Poomi silindri rakendused<\/h2>\n<ul>\n<li>\n<h3>Ehitustehnika<\/h3>\n<p>Ekskavaatorites on noolesilindrid \u00fcliolulised kaevamiseks, laadimiseks ja pinnase v\u00f5i prahi teisaldamiseks. Need v\u00f5imaldavad kopal t\u00f5husalt pinnasesse tungida, h\u00f5lbustades kaevamisprotsesse. Ekskavaator-laadurites abistavad need silindrid nii kaevamis- kui ka t\u00f5stet\u00f6\u00f6del, suurendades mitmek\u00fclgsust ja t\u00f5husust ehitusplatsidel.<\/p>\n<\/li>\n<li>\n<h3>P\u00f5llumajandustehnika<\/h3>\n<p>Esilaadurites m\u00e4ngivad noolesilindrid olulist rolli mitmesuguste materjalide, n\u00e4iteks mulla, heina ja muude p\u00f5llumajandussaaduste, kopeerimisel, t\u00f5stmisel ja transportimisel. Nende vastupidav konstruktsioon v\u00f5imaldab raskete koormate t\u00f5husat k\u00e4sitsemist, muutes need p\u00f5llumajandust\u00f6\u00f6des olulisteks t\u00f6\u00f6riistadeks.<\/p>\n<\/li>\n<li>\n<h3>Ekskavaatorid<\/h3>\n<p>Noole silinder v\u00f5imaldab kopal pinnasesse tungida, teostades kaevamistoiminguid t\u00e4pselt. See v\u00f5ime on kriitilise t\u00e4htsusega erinevates kaevet\u00f6\u00f6des, tagades pinnase t\u00f5husa eemaldamise ja ettevalmistamise ehituseks.<\/p>\n<\/li>\n<li>\n<h3>Laadurid<\/h3>\n<p>Frontaallaadurites aitavad need silindrid materjale t\u00f5sta ja t\u00fchjendada, parandades t\u00f6\u00f6 efektiivsust. Nende usaldusv\u00e4\u00e4rne j\u00f5udlus tagab materjalide kiire ja t\u00e4pse teisaldamise ja paigutamise.<\/p>\n<\/li>\n<\/ul>\n<h2>Projekteerimiskaalutlused ja valikukriteeriumid<\/h2>\n<ul>\n<li>\n<h3>Kandev\u00f5ime<\/h3>\n<p>Poomi silindri valimisel on oluline m\u00f5ista selle kandev\u00f5imet. Silinder peab suutma taluda maksimaalset raskust, millega see t\u00f6\u00f6 ajal kokku puutub, ilma et see kahjustaks j\u00f5udlust v\u00f5i ohutust. \u00d5igesti valitud silinder tagab raskete koormate t\u00f5husa k\u00e4sitsemise, minimeerides rikkeohtu.<\/p>\n<\/li>\n<li>\n<h3>Tihendustehnoloogia<\/h3>\n<p>T\u00f5hus tihendus on poomi silindrite t\u00f6\u00f6 efektiivsuse seisukohalt \u00fclioluline. Kvaliteetsed tihendid hoiavad \u00e4ra h\u00fcdraulikavedeliku lekke, mis v\u00f5ib v\u00e4hendada j\u00f5udlust ja suurendada kulumist. Sobivate tihendusmaterjalide, n\u00e4iteks pol\u00fcuretaani ja nitriilkummi, valik on \u00fclioluline vastupidavuse suurendamiseks ja funktsionaalsuse s\u00e4ilitamiseks r\u00f5hu all.<\/p>\n<\/li>\n<li>\n<h3>Vastupidavus<\/h3>\n<p>Poomi silindrite konstruktsioonimaterjalid ja disain peaksid keskenduma vastupidavusele, et need taluksid karme t\u00f6\u00f6tingimusi. Vastupidav silinder on kulumis- ja korrosioonikindel, mis pikendab selle kasutusiga ja v\u00e4hendab hoolduskulusid. Tootjad kasutavad h\u00fcdrauliliste silindrite pikaealisuse suurendamiseks sageli t\u00e4iustatud katteid ja t\u00f6\u00f6tlusi.<\/p>\n<\/li>\n<li>\n<h3>Turvaelemendid<\/h3>\n<p>Poomi silindrite konstruktsioonis on oluline lisada ohutusfunktsioonid. See h\u00f5lmab \u00fclekoormuse v\u00e4ltimiseks m\u00f5eldud \u00fcler\u00f5huklappe ja s\u00fcsteeme, mis tagavad t\u00f6\u00f6 ajal \u00f5ige joonduse. Ohutus on esmat\u00e4htis ning silindrid peavad t\u00f6\u00f6tama usaldusv\u00e4\u00e4rselt, ilma et see ohustaks operaatoreid ega seadmeid.<\/p>\n<\/li>\n<li>\n<h3>Hoolduse ligip\u00e4\u00e4setavus<\/h3>\n<p>Hoolduse lihtsus on veel \u00fcks oluline disainiaspekt. Poomi silindrid peaksid v\u00f5imaldama lihtsat m\u00e4\u00e4rimist, kontrollimist ja v\u00f5imalikku remonti. Konstruktsioonid, mis h\u00f5lbustavad komponentidele h\u00f5lpsat juurdep\u00e4\u00e4su, v\u00f5ivad oluliselt v\u00e4hendada seisakuid ja tagada hooldust\u00f6\u00f6de t\u00f5husa teostamise.<\/p>\n<\/li>\n<\/ul>\n<p><img decoding=\"async\" src=\"https:\/\/www.hydraulic-cylinders.net\/wp-content\/uploads\/2025\/04\/songte-oil-pipes-and-spare-parts.webp\" alt=\"H\u00fcdraulilised \u00f5litorud ja varuosad\"\/><\/p>\n<h2>Tihendus ja m\u00e4\u00e4rimine<\/h2>\n<p>T\u00f5hus tihendamine ja m\u00e4\u00e4rimine on poomi silindrite optimaalse j\u00f5udluse tagamiseks \u00fcliolulised. H\u00fcdraulilise terviklikkuse s\u00e4ilitamiseks kasutatakse mitmesuguseid tihenduskomponente, n\u00e4iteks kolvitihendeid ja varrastihendeid. Kulumiskindlatest materjalidest, nagu pol\u00fcuretaan ja nitriilkummi, valmistatud tihendid valitakse nende vastupidavuse t\u00f5ttu r\u00f5hu ja temperatuuri k\u00f5ikumiste korral.<\/p>\n<p>Silindri korpus ja keermestatud otsad on peenelt t\u00f6\u00f6deldud, et suurendada nende kulumiskindlust, mis aitab kaasa h\u00fcdros\u00fcsteemi pikaealisusele. Regulaarne m\u00e4\u00e4rimine h\u00fcdro\u00f5liga on vajalik liikuvate osade sujuva toimimise tagamiseks, v\u00e4ltides kulumist, mis v\u00f5ib viia silindri rikkeni.<\/p>\n<h2>Ennetavad hooldusmeetmed<\/h2>\n<ul>\n<li>\n<h3>Regulaarsed kontrollid<\/h3>\n<p>Kulumis-, kahjustus- v\u00f5i vedelikulekete m\u00e4rke tuleks regulaarselt kontrollida. Probleemide varajane tuvastamine aitab v\u00e4ltida suuremaid probleeme hiljem ja tagada ohutu t\u00f6\u00f6.<\/p>\n<\/li>\n<li>\n<h3>Sobiv m\u00e4\u00e4rimine<\/h3>\n<p>Veenduge, et h\u00fcdraulika\u00f5li lisamine toimub vastavalt tootja juhistele. Piisav m\u00e4\u00e4rimine minimeerib h\u00f5\u00f5rdumist ja kulumist, pikendades silindri t\u00f6\u00f6iga.<\/p>\n<\/li>\n<li>\n<h3>Tihendi vahetamine<\/h3>\n<p>Tihendeid tuleks regulaarselt kontrollida ja kulumism\u00e4rkide ilmnemisel v\u00e4lja vahetada. Tihendite heas seisukorras hoidmine on lekete v\u00e4ltimiseks ja h\u00fcdraulilise r\u00f5hu s\u00e4ilitamiseks \u00fclioluline.<\/p>\n<\/li>\n<\/ul>\n<h2>Paigaldusjuhised<\/h2>\n<p>Poomi silindri \u00f5ige paigaldamine on optimaalse j\u00f5udluse ja ohutuse tagamiseks h\u00e4davajalik. Enne paigaldamist veenduge, et h\u00fcdros\u00fcsteem on r\u00f5huvaba. Joondage silinder hoolikalt kinnitusklambritega, veendudes, et see on sirge ja kindlalt kinnitatud. Sobivate kinnitusklambrite kasutamine aitab silindrit stabiliseerida, v\u00e4ltides t\u00f6\u00f6 ajal valejoondust.<\/p>\n<p>Enne s\u00fcsteemi survestamist kontrollige, et k\u00f5ik h\u00fcdraulika\u00fchendused oleksid tihedad ja lekkevabad. P\u00e4rast paigaldamist tehke p\u00f5hjalik kontroll, et veenduda k\u00f5ige korrektses toimimises. J\u00e4lgige regulaarselt silindri j\u00f5udlust, otsides ebakorrap\u00e4rasuste m\u00e4rke, mis v\u00f5ivad viidata eba\u00f5igele paigaldamisele v\u00f5i kulumisele.<\/p>\n<h2>Hooldus\u00fclesanded<\/h2>\n<ul>\n<li>\n<h3>Regulaarsed kontrollid<\/h3>\n<p>Poomi silindri regulaarne kontrollimine on \u00fclioluline. Otsige kahjustuste, kulumise v\u00f5i vedelikulekete m\u00e4rke. Kontrollige tihendite terviklikkust ja veenduge, et poleks n\u00e4htavaid pragusid ega deformatsioone. V\u00f5imalike probleemide \u00f5igeaegne tuvastamine aitab \u00e4ra hoida katastroofilisi rikkeid t\u00f6\u00f6tamise ajal.<\/p>\n<\/li>\n<li>\n<h3>Sobiv m\u00e4\u00e4rimine<\/h3>\n<p>M\u00e4\u00e4rimine on poomi silindrite sujuva t\u00f6\u00f6 jaoks \u00fclioluline. Oluline on kasutada \u00f5iget t\u00fc\u00fcpi h\u00fcdraulika\u00f5li vastavalt tootja juhistele. Veenduge, et \u00f5li on puhas ja saasteainetevaba, kuna m\u00e4\u00e4rdunud \u00f5li v\u00f5ib p\u00f5hjustada silindri suuremat kulumist ja v\u00f5imalikku riket.<\/p>\n<\/li>\n<li>\n<h3>Tihendi vahetamine<\/h3>\n<p>Tihendid on h\u00fcdraulilise terviklikkuse s\u00e4ilitamiseks \u00fcliolulised ja need tuleb kulumise m\u00e4rke ilmnedes v\u00e4lja vahetada. Kontrollige regulaarselt tihendite seisukorda ja lekete tuvastamisel vahetage need kohe v\u00e4lja, et v\u00e4ltida silindri edasist kahjustamist ja s\u00e4ilitada optimaalne j\u00f5udlus.<\/p>\n<\/li>\n<\/ul>\n<p><img decoding=\"async\" src=\"https:\/\/www.hydraulic-cylinders.net\/wp-content\/uploads\/2025\/04\/songte-chushion-collar.webp\" alt=\"Padjakaelus\"\/><\/p>\n<h2>Ohutuskaalutlused ja keskkonnategurid<\/h2>\n<p>Ohutusmeetmete rakendamine noolesilindrite t\u00f6\u00f6tamise ajal on \u00fclioluline. Operaatorid peavad olema koolitatud h\u00fcdraulikas\u00fcsteeme ohutult k\u00e4sitsema, m\u00f5istma k\u00f5rgsurvemasinatega seotud riske. \u00d5nnetuste v\u00e4ltimiseks tuleks alati kasutada ohutusvarustust ja v\u00f5tta tarvitusele n\u00f5uetekohased ettevaatusabin\u00f5ud. Lisaks on h\u00fcdraulikaoperatsioonide \u00f6koloogilise m\u00f5ju minimeerimiseks olulised keskkonnakaalutlused, n\u00e4iteks h\u00fcdraulikavedeliku lekete k\u00e4itlemine ja vanade tihendite ja m\u00e4\u00e4rdeainete n\u00f5uetekohase utiliseerimise tagamine.<\/p>\n<h2>Rikete diagnoosimine ja levinud probleemid<\/h2>\n<ul>\n<li>\n<h3>Vedeliku lekked<\/h3>\n<p>Vedeliku lekked on h\u00fcdrosilindrite puhul levinud probleem, mille p\u00f5hjuseks on sageli kulunud tihendid v\u00f5i kahjustatud voolikud. Lekete regulaarne kontrollimine aitab v\u00e4ltida h\u00fcdraulilise r\u00f5hu kadu ja s\u00e4ilitada s\u00fcsteemi t\u00f5husust. Lekke avastamisel uurige selle allikat ja vahetage v\u00e4lja vajalikud komponendid.<\/p>\n<\/li>\n<li>\n<h3>V\u00e4hendatud j\u00f5udlus<\/h3>\n<p>Kui poomi silinder n\u00e4itab v\u00e4henenud j\u00f5udlust, n\u00e4iteks aeglast liikumist v\u00f5i reageerimatut t\u00f6\u00f6tamist, v\u00f5ib see viidata madalale h\u00fcdraulikavedeliku tasemele v\u00f5i \u00f5hule s\u00fcsteemis. Kontrollige regulaarselt vedeliku taset ja \u00f5hutage s\u00fcsteemi vastavalt vajadusele, et s\u00e4ilitada optimaalne j\u00f5udlus.<\/p>\n<\/li>\n<li>\n<h3>\u00dclekuumenemine<\/h3>\n<p>\u00dclekuumenemine v\u00f5ib tekkida liigse koormuse v\u00f5i ebapiisava m\u00e4\u00e4rimise t\u00f5ttu. J\u00e4lgige h\u00fcdraulikavedelike temperatuuri ja veenduge, et s\u00fcsteem poleks \u00fclekoormatud. Regulaarne m\u00e4\u00e4rimiskontroll aitab s\u00e4ilitada t\u00f6\u00f6temperatuuri ja j\u00f5udlust.<\/p>\n<\/li>\n<\/ul>\n<p>Probleemide t\u00f5husaks diagnoosimiseks ja lahendamiseks on oluline j\u00e4rgida tootja juhiseid ja teha regulaarseid hoolduskontrolle. Ennetavad meetmed v\u00f5ivad oluliselt v\u00e4hendada probleemide tekkimise t\u00f5en\u00e4osust, tagades usaldusv\u00e4\u00e4rse ja t\u00f5husa t\u00f6\u00f6.<\/p>\n<p><img decoding=\"async\" src=\"https:\/\/www.hydraulic-cylinders.net\/wp-content\/uploads\/2025\/04\/songte-bushings-with-all-kinds-of-excavator-models.webp\" alt=\"Ekskavaatorimudelite puksid\"\/><\/p>\n<h2>Meie ettev\u00f5ttest<\/h2>\n<p>Oleme juhtiv h\u00fcdrosilindrite tootja ja hulgim\u00fc\u00fcja, kes on p\u00fchendunud kvaliteetsete toodete pakkumisele nii sise- kui ka rahvusvahelistele turgudele. Meie mitmekesine tootevalik on teinud meist h\u00fcdrosilindrite t\u00f6\u00f6stuse v\u00f5tmeisiku.<\/p>\n<p>Meie p\u00fchendumust tipptasemele toetab h\u00e4sti struktureeritud tootmisjuhtimise strateegia peenelt h\u00e4\u00e4lestatud tootmist\u00f6\u00f6kojas. Kasutades oskuslikku tehnilist personali, t\u00e4iustatud digitaalseid tootmisseadmeid ja professionaalset testimiss\u00fcsteemi, t\u00e4iustame pidevalt oma tootmisplatvormi ja parandame toodete kvaliteeti.<\/p>\n<p>Meie v\u00f5imalused ulatuvad ka kohandatud lahenduste pakkumiseni, mis on kohandatud klientide ainulaadsetele vajadustele. Meie prioriteediks on professionaalne teenindus, rahvusvahelised sertifikaadid ja tugev m\u00fc\u00fcgij\u00e4rgne tugi, et tagada klientide rahulolu ja luua pikaajalisi partnerlussuhteid.<\/p>\n<p><img decoding=\"async\" src=\"https:\/\/www.hydraulic-cylinders.net\/wp-content\/uploads\/2025\/04\/songte-company-4.webp\" alt=\"Ettev\u00f5tte \u00fclevaade\"\/><br \/>\n<img decoding=\"async\" src=\"https:\/\/www.hydraulic-cylinders.net\/wp-content\/uploads\/2025\/04\/songte-company-3.webp\" alt=\"Ettev\u00f5tte rajatised\"\/><\/p>\n<p>Autor: lyl<\/p>","protected":false},"excerpt":{"rendered":"<p>Boom Cylinder For Atlas 7008LC Understanding the Boom Cylinder The boom cylinder is a critical component found in various heavy machinery, particularly excavators, backhoe loaders, and front-end loaders. It is a type of hydraulic cylinder specifically designed to control the movement of the bucket, allowing operators to lift, lower, and tilt the bucket with precision. [&hellip;]<\/p>","protected":false},"featured_media":17875,"comment_status":"open","ping_status":"closed","template":"","meta":{"_et_pb_use_builder":"","_et_pb_old_content":"","_et_gb_content_width":""},"product_brand":[],"product_cat":[1546],"product_tag":[1547,1496],"class_list":{"0":"post-19642","1":"product","2":"type-product","3":"status-publish","4":"has-post-thumbnail","6":"product_cat-boom-cylinders","7":"product_tag-boom-cylinders","8":"product_tag-hydraulic-cylinders","10":"first","11":"instock","12":"shipping-taxable","13":"product-type-simple"},"amp_enabled":true,"_links":{"self":[{"href":"https:\/\/www.hydraulic-cylinders.net\/et\/wp-json\/wp\/v2\/product\/19642","targetHints":{"allow":["GET"]}}],"collection":[{"href":"https:\/\/www.hydraulic-cylinders.net\/et\/wp-json\/wp\/v2\/product"}],"about":[{"href":"https:\/\/www.hydraulic-cylinders.net\/et\/wp-json\/wp\/v2\/types\/product"}],"replies":[{"embeddable":true,"href":"https:\/\/www.hydraulic-cylinders.net\/et\/wp-json\/wp\/v2\/comments?post=19642"}],"wp:featuredmedia":[{"embeddable":true,"href":"https:\/\/www.hydraulic-cylinders.net\/et\/wp-json\/wp\/v2\/media\/17875"}],"wp:attachment":[{"href":"https:\/\/www.hydraulic-cylinders.net\/et\/wp-json\/wp\/v2\/media?parent=19642"}],"wp:term":[{"taxonomy":"product_brand","embeddable":true,"href":"https:\/\/www.hydraulic-cylinders.net\/et\/wp-json\/wp\/v2\/product_brand?post=19642"},{"taxonomy":"product_cat","embeddable":true,"href":"https:\/\/www.hydraulic-cylinders.net\/et\/wp-json\/wp\/v2\/product_cat?post=19642"},{"taxonomy":"product_tag","embeddable":true,"href":"https:\/\/www.hydraulic-cylinders.net\/et\/wp-json\/wp\/v2\/product_tag?post=19642"}],"curies":[{"name":"wp","href":"https:\/\/api.w.org\/{rel}","templated":true}]}}