{"id":19647,"date":"2025-04-07T06:59:25","date_gmt":"2025-04-07T06:59:25","guid":{"rendered":"https:\/\/www.hydraulic-cylinders.net\/product\/boom-cylinder-for-bonny-wzy32-7\/"},"modified":"2025-04-07T06:59:28","modified_gmt":"2025-04-07T06:59:28","slug":"boom-cylinder-for-bonny-wzy32-7","status":"publish","type":"product","link":"https:\/\/www.hydraulic-cylinders.net\/et\/toode\/boom-cylinder-for-bonny-wzy32-7\/","title":{"rendered":"Poomi silinder Bonny WZY32-7 jaoks"},"content":{"rendered":"<h1>Poomi silinder Bonny WZY32-7 jaoks<\/h1>\n<h2>Sissejuhatus poomi silindritesse<\/h2>\n<p>Spetsiaalselt rasketehnika, n\u00e4iteks Bonny WZY32-7 jaoks loodud noole silinder on h\u00fcdraulikas\u00fcsteemide oluline komponent. Need silindrid vastutavad kopa liikumise juhtimise eest erinevates rasketehnika seadmetes, n\u00e4iteks ekskavaatorites, laadur-ekskavaatorites ja esilaadurites. Need v\u00f5imaldavad kopal t\u00f5usta, langetada ja kallutada, h\u00f5lbustades materjali t\u00f5husat k\u00e4itlemist.<\/p>\n<p>H\u00fcdrauliliste silindritena konstrueeritud noolesilindrid kasutavad liikumise loomiseks h\u00fcdraulilist vedelikku. H\u00fcdraulilise r\u00f5hu mehaaniliseks j\u00f5uks muutmisega pakuvad nad vajalikku v\u00f5imsust n\u00f5udlike t\u00f6\u00f6de tegemiseks. Tugev konstruktsioon tagab t\u00f6\u00f6kindluse suure koormuse korral, muutes need elut\u00e4htsaks ehituses, p\u00f5llumajanduses ja muudes rasketes rakendustes.<\/p>\n<p><img decoding=\"async\" src=\"https:\/\/www.hydraulic-cylinders.net\/wp-content\/uploads\/2025\/04\/songte-company-1.webp\" alt=\"Poomi silinder\"><\/p>\n<h2>Poomi silindri p\u00f5hijooned<\/h2>\n<ul>\n<li>\n<h3>Suur tugevus ja vastupidavus<\/h3>\n<p>Need \u00fclitugevast terasest v\u00f5i alumiiniumist valmistatud silindrid taluvad k\u00f5rget r\u00f5hku ja suuri koormusi. Nende konstruktsioonis on arvestatud kulumiskindluse ja korrosioonikindlusega, mis pikendab oluliselt nende eluiga.<\/p>\n<\/li>\n<li>\n<h3>T\u00f5hus h\u00fcdrauliline t\u00f6\u00f6<\/h3>\n<p>H\u00fcdraulika\u00f5li r\u00f5hku kasutades tagavad noole silindrid sujuva pikenemise ja tagasit\u00f5mbamise. Need reageerivad juhtimisk\u00e4sklustele kiiresti, pakkudes v\u00f5imsaid t\u00f5uke- ja t\u00f5mbej\u00f5ude, mis on olulised raskete ja keerukate \u00fclesannete t\u00e4itmiseks.<\/p>\n<\/li>\n<li>\n<h3>Mitmekesised t\u00fc\u00fcbid<\/h3>\n<p>Need silindrid on saadaval \u00fchetoimeliste (kasutades h\u00fcdraulilist r\u00f5hku \u00fches suunas) v\u00f5i kahetoimeliste (kasutades h\u00fcdraulilist r\u00f5hku m\u00f5lemas suunas) konfiguratsioonidena. Teatud mudelitel on teleskoopkonstruktsioon, mis v\u00f5imaldab suuremat pikendust ilma v\u00e4lism\u00f5\u00f5tmeid suurendamata, mis sobib ideaalselt ruumipiirangutega rakenduste jaoks.<\/p>\n<\/li>\n<li>\n<h3>Kohandatud tootmine<\/h3>\n<p>Saame seda toodet toota olemasolevate h\u00fcdrosilindrite ideaalseks asendamiseks, tagades \u00fchilduvuse ja j\u00f5udluse erinevate mudelite ja rakenduste puhul.<\/p>\n<\/li>\n<\/ul>\n<p><img decoding=\"async\" src=\"https:\/\/www.hydraulic-cylinders.net\/wp-content\/uploads\/2025\/04\/songte-cylinder-head-with-all-kinds-excavator-models.webp\" alt=\"Ekskavaatorite poomi silinder\"><\/p>\n<h2>Poomi silindrite rakendused<\/h2>\n<h3>Ehitustehnika<\/h3>\n<p>In excavators, boom cylinders are vital for digging, loading, and moving soil or debris. They ensure optimal performance during excavation operations, allowing for precise control and movement of the bucket. In backhoe loaders, these cylinders aid in both digging and lifting, enhancing the machine&#8217;s versatility.<\/p>\n<h3>P\u00f5llumajandustehnika<\/h3>\n<p>Esilaadurid kasutavad mulla, heina ja muude materjalide t\u00f5husaks kopeerimiseks, t\u00f5stmiseks ja transportimiseks noolesilindreid. H\u00fcdrauliline j\u00f5ud v\u00f5imaldab p\u00f5llumeestel raskeid koormaid h\u00f5lpsalt k\u00e4sitseda, parandades seel\u00e4bi talu tootlikkust.<\/p>\n<h3>Ekskavaatorid<\/h3>\n<p>Ekskavaatorites h\u00f5lbustab noole silinder kaevamist, v\u00f5imaldades kopal pinnasesse tungida. See v\u00f5ime on t\u00f5husa kaevamise jaoks \u00fclioluline, eriti keerulisel maastikul, kus on vaja t\u00e4psust.<\/p>\n<h3>Laadurid<\/h3>\n<p>Frontaallaaduritel on poomi silindrid, mis v\u00f5imaldavad koormaid t\u00f5husalt t\u00f5sta ja t\u00fchjendada. H\u00fcdrauliline toime v\u00f5imaldab operaatoritel materjale t\u00e4pselt k\u00e4sitseda, muutes need ehitus- ja materjalik\u00e4itlust\u00f6\u00f6de oluliseks komponendiks.<\/p>\n<h2>Projekteerimiskaalutlused ja valikukriteeriumid<\/h2>\n<h3>Kandev\u00f5ime<\/h3>\n<p>On oluline m\u00f5ista poomi silindri kandev\u00f5imet, et tagada selle vastavus konkreetsete rakenduste n\u00f5uetele. Ebapiisava kandev\u00f5imega silindri valimine v\u00f5ib p\u00f5hjustada rikkeid, mis omakorda v\u00f5ib \u00f5nnetusi ja seadmete kahjustusi esile kutsuda.<\/p>\n<h3>Tihendus<\/h3>\n<p>T\u00f5hus tihendus on h\u00fcdraulilise r\u00f5hu s\u00e4ilitamiseks ja vedelikulekete v\u00e4ltimiseks \u00fclioluline. Vastupidavatest materjalidest valmistatud kvaliteetsed tihendid on olulised poomi silindri pikaealisuse ja efektiivsuse tagamiseks.<\/p>\n<h3>Vastupidavus<\/h3>\n<p>Vastupidavus on noolesilindrite projekteerimisel v\u00f5tmet\u00e4htsusega. Need peavad vastu pidama karmidele t\u00f6\u00f6tingimustele, sealhulgas kokkupuutele tolmu, niiskuse ja muutuvate temperatuuridega. Kvaliteetsete materjalide valimine suurendab \u00fcldist vastupidavust.<\/p>\n<h3>Ohutus<\/h3>\n<p>Poomi silindrite projekteerimisel ja valikul peaksid ohutusfunktsioonid olema esmat\u00e4htsad. Ohutusmeetmete, n\u00e4iteks r\u00f5huvabastusventiilide rakendamine aitab v\u00e4ltida \u00fclekoormust ja v\u00f5imalikke rikkeid, tagades ohutuma t\u00f6\u00f6.<\/p>\n<h3>Hooldatavus<\/h3>\n<p>L\u00f5puks on noole silindri valimisel \u00fclioluline hoolduse lihtsus. Konstruktsioonid, mis h\u00f5lbustavad juurdep\u00e4\u00e4su remondiks ja rutiinseks hoolduseks, v\u00f5ivad oluliselt v\u00e4hendada seisakuid ja tegevuskulusid.<\/p>\n<p><img decoding=\"async\" src=\"https:\/\/www.hydraulic-cylinders.net\/wp-content\/uploads\/2025\/04\/songte-oil-pipes-and-spare-parts.webp\" alt=\"H\u00fcdraulilised komponendid\"><\/p>\n<h2>Tihendus ja m\u00e4\u00e4rimine<\/h2>\n<p>Poomi silindrite toimivuse tagamiseks on oluline korralik tihendus. H\u00fcdraulilise r\u00f5hu s\u00e4ilitamiseks kasutatakse mitmesuguseid tihendeid, n\u00e4iteks kolvi- ja varrastihendeid. Kulumiskindlatest materjalidest, n\u00e4iteks pol\u00fcuretaanist ja nitriilkummist, valmistatud tihendid tagavad optimaalse j\u00f5udluse. Lisaks l\u00e4bivad silindri korpus ja keermestatud otsad kulumiskindluse suurendamiseks peene t\u00f6\u00f6tluse.<\/p>\n<p>Regulaarne m\u00e4\u00e4rimine on vajalik, mis n\u00f5uab h\u00fcdraulika\u00f5li perioodilist lisamist. See hooldusetapp mitte ainult ei aita kaasa sujuvale t\u00f6\u00f6le, vaid hoiab \u00e4ra ka liikuvate osade kulumise, pikendades silindri kasutusiga.<\/p>\n<h2>Regulaarne kontroll ja ennetav hooldus<\/h2>\n<ul>\n<li>\n<h3>Rutiinsed kontrollid<\/h3>\n<p>Sagedased kontrollid aitavad tuvastada kulumist ja v\u00f5imalikke probleeme enne, kui need s\u00fcvenevad. Otsige t\u00f6\u00f6tamise ajal lekete, korrosiooni v\u00f5i ebatavaliste helide m\u00e4rke.<\/p>\n<\/li>\n<li>\n<h3>\u00d5ige m\u00e4\u00e4rimine<\/h3>\n<p>Silindri komponentide regulaarne m\u00e4\u00e4rimine tagab sujuva t\u00f6\u00f6 ja minimeerib h\u00f5\u00f5rdumist, pikendades silindri eluiga.<\/p>\n<\/li>\n<li>\n<h3>Tihendi vahetamine<\/h3>\n<p>Aja jooksul v\u00f5ivad tihendid kuluda ja oma efektiivsuse kaotada. Tihendite regulaarne kontrollimine ja vahetamine aitab s\u00e4ilitada h\u00fcdraulika efektiivsust ja v\u00e4ltida lekkeid.<\/p>\n<\/li>\n<\/ul>\n<h2>Paigaldusjuhised<\/h2>\n<p>Poomi silindri \u00f5ige paigaldamine on optimaalse j\u00f5udluse saavutamiseks h\u00e4davajalik. Alustage veendumaks, et k\u00f5ik komponendid on puhtad ja prahivabad. Silindri \u00f5ige joondamine on \u00fclioluline; vale joondamine v\u00f5ib p\u00f5hjustada enneaegset kulumist. Kasutage silindri kinnitamiseks sobivaid kinnitusklambreid, veendudes, et see on kindlalt paigas. Poltide ja \u00fchenduste pingutamisel j\u00e4rgige tootja juhiseid p\u00f6\u00f6rdemomentide kohta.<\/p>\n<p>P\u00e4rast paigaldamist on oluline k\u00f5iki h\u00fcdraulika\u00fchendusi lekete suhtes p\u00f5hjalikult kontrollida. P\u00e4rast paigaldamist tehke proovik\u00e4ivitus, et veenduda silindri sujuvas ja ebakorrap\u00e4rasusteta t\u00f6\u00f6s.<\/p>\n<h2>Levinumad hooldust\u00f6\u00f6d<\/h2>\n<ul>\n<li>\n<h3>Regulaarsed kontrollid<\/h3>\n<p>Rutiinsed kontrollid peaksid keskenduma tihendite ja h\u00fcdros\u00fcsteemi seisukorrale. Toimivuse s\u00e4ilitamiseks k\u00f5rvaldage k\u00f5ik kulumism\u00e4rgid viivitamatult.<\/p>\n<\/li>\n<li>\n<h3>Sobiv m\u00e4\u00e4rimine<\/h3>\n<p>\u00d5ige t\u00fc\u00fcpi ja koguse h\u00fcdraulika\u00f5li kasutamine m\u00e4\u00e4rimiseks on \u00fclioluline. Veenduge, et \u00f5li on puhas, et v\u00e4ltida saastumist ja kulumist.<\/p>\n<\/li>\n<li>\n<h3>Tihendi vahetamine ja kalibreerimine<\/h3>\n<p>Hoolduskontrollide osana tuleks regulaarselt tihendeid vahetada. Optimaalse j\u00f5udluse tagamiseks tuleks teostada ka h\u00fcdraulikas\u00fcsteemi kalibreerimine.<\/p>\n<\/li>\n<\/ul>\n<p><img decoding=\"async\" src=\"https:\/\/www.hydraulic-cylinders.net\/wp-content\/uploads\/2025\/04\/songte-chushion-collar.webp\" alt=\"Padjakaelus\"><\/p>\n<h2>Ohutuskaalutlused ja keskkonnategurid<\/h2>\n<p>Ohutusmeetmete rakendamine noolesilindrite kasutamisel on \u00fclioluline. Operaatorid peaksid olema koolitatud seadmete ohutuks k\u00e4sitsemiseks, sealhulgas kaalupiirangute m\u00f5istmiseks ja h\u00fcdraulikas\u00fcsteemide \u00f5igeks kasutamiseks. Regulaarne hooldus ja ohutusprotokollide j\u00e4rgimine v\u00f5ivad \u00f5nnetuste ohtu oluliselt v\u00e4hendada.<\/p>\n<h2>Rikete diagnoosimine ja levinud probleemid<\/h2>\n<ul>\n<li>\n<h3>H\u00fcdraulilised lekked<\/h3>\n<p>Lekked v\u00f5ivad viidata kulunud tihenditele v\u00f5i kahjustatud komponentidele. Kontrollige tihendeid ja liitmikke ning pingutage v\u00f5i vahetage neid vastavalt vajadusele, et v\u00e4ltida vedeliku kadu.<\/p>\n<\/li>\n<li>\n<h3>Aeglane t\u00f6\u00f6<\/h3>\n<p>Kui poomi silinder t\u00f6\u00f6tab aeglaselt, kontrollige h\u00fcdraulikavedeliku taset ja veenduge, et voolikutes poleks ummistusi. S\u00fcsteemis olev \u00f5hk v\u00f5ib samuti aeglast t\u00f6\u00f6d p\u00f5hjustada.<\/p>\n<\/li>\n<li>\n<h3>Ebatavalised m\u00fcrad<\/h3>\n<p>Ebatavalised helid t\u00f6\u00f6tamise ajal v\u00f5ivad viidata sisemistele kahjustustele v\u00f5i madalale h\u00fcdraulikavedeliku tasemele. Uurige viivitamatult, et v\u00e4ltida t\u00f5siseid kahjustusi.<\/p>\n<\/li>\n<\/ul>\n<p>Neid diagnostikan\u00f5uandeid j\u00e4rgides saavad operaatorid t\u00f5husalt probleeme lahendada ja poomi silindrite tippj\u00f5udlust s\u00e4ilitada.<\/p>\n<h2>Ettev\u00f5tte \u00fclevaade<\/h2>\n<p>Oleme tootja, mis on spetsialiseerunud asendush\u00fcdrauliliste silindrite tootmisele. Meie mitmekesine tootevalik positsioneerib meid juhtiva tootja ja hulgim\u00fc\u00fcjana nii sise- kui ka rahvusvahelistel turgudel. Meie p\u00fchendumus tipptasemele peegeldub meie t\u00e4iustatud tootmisprotsessides ja k\u00f5rgete kvaliteedistandardite j\u00e4rgimises.<\/p>\n<p>Meie tootmisv\u00f5imsuste suurendamiseks kasutame oskuslikku t\u00f6\u00f6j\u00f5udu, t\u00e4iustatud digitaalseid tootmisseadmeid ja tugevaid testimiss\u00fcsteeme. Keskendudes suurele t\u00f5hususele, t\u00e4psusele ja kvaliteedile, suudame t\u00f5husalt rahuldada oma klientide mitmekesiseid vajadusi.<\/p>\n<p>Lisaks pakume kohandatud teenuseid, tagades, et meie tooted vastavad konkreetsetele rakendusn\u00f5uetele. Meie rahvusvahelised sertifikaadid kinnitavad meie p\u00fchendumust kvaliteedile ja usaldusv\u00e4\u00e4rsusele ning meie p\u00fchendunud m\u00fc\u00fcgij\u00e4rgne tugi tagab klientide rahulolu.<\/p>\n<p><img decoding=\"async\" src=\"https:\/\/www.hydraulic-cylinders.net\/wp-content\/uploads\/2025\/04\/songte-company-4.webp\" alt=\"Ettev\u00f5tte kuvand\"><br \/>\n<img decoding=\"async\" src=\"https:\/\/www.hydraulic-cylinders.net\/wp-content\/uploads\/2025\/04\/songte-company-3.webp\" alt=\"Ettev\u00f5tte kuvand\"><\/p>\n<p>Autor: lyl<\/p>","protected":false},"excerpt":{"rendered":"<p>Boom Cylinder For Bonny WZY32-7 Introduction to Boom Cylinders The boom cylinder, specifically designed for heavy machinery like the Bonny WZY32-7, is an essential component within hydraulic systems. These cylinders are responsible for controlling the movement of the bucket in various heavy equipment such as excavators, backhoe loaders, and front-end loaders. They enable the bucket [&hellip;]<\/p>","protected":false},"featured_media":17880,"comment_status":"open","ping_status":"closed","template":"","meta":{"_et_pb_use_builder":"","_et_pb_old_content":"","_et_gb_content_width":""},"product_brand":[],"product_cat":[1546],"product_tag":[1547,1496],"class_list":{"0":"post-19647","1":"product","2":"type-product","3":"status-publish","4":"has-post-thumbnail","6":"product_cat-boom-cylinders","7":"product_tag-boom-cylinders","8":"product_tag-hydraulic-cylinders","10":"first","11":"instock","12":"shipping-taxable","13":"product-type-simple"},"amp_enabled":true,"_links":{"self":[{"href":"https:\/\/www.hydraulic-cylinders.net\/et\/wp-json\/wp\/v2\/product\/19647","targetHints":{"allow":["GET"]}}],"collection":[{"href":"https:\/\/www.hydraulic-cylinders.net\/et\/wp-json\/wp\/v2\/product"}],"about":[{"href":"https:\/\/www.hydraulic-cylinders.net\/et\/wp-json\/wp\/v2\/types\/product"}],"replies":[{"embeddable":true,"href":"https:\/\/www.hydraulic-cylinders.net\/et\/wp-json\/wp\/v2\/comments?post=19647"}],"wp:featuredmedia":[{"embeddable":true,"href":"https:\/\/www.hydraulic-cylinders.net\/et\/wp-json\/wp\/v2\/media\/17880"}],"wp:attachment":[{"href":"https:\/\/www.hydraulic-cylinders.net\/et\/wp-json\/wp\/v2\/media?parent=19647"}],"wp:term":[{"taxonomy":"product_brand","embeddable":true,"href":"https:\/\/www.hydraulic-cylinders.net\/et\/wp-json\/wp\/v2\/product_brand?post=19647"},{"taxonomy":"product_cat","embeddable":true,"href":"https:\/\/www.hydraulic-cylinders.net\/et\/wp-json\/wp\/v2\/product_cat?post=19647"},{"taxonomy":"product_tag","embeddable":true,"href":"https:\/\/www.hydraulic-cylinders.net\/et\/wp-json\/wp\/v2\/product_tag?post=19647"}],"curies":[{"name":"wp","href":"https:\/\/api.w.org\/{rel}","templated":true}]}}