{"id":19649,"date":"2025-04-07T06:59:31","date_gmt":"2025-04-07T06:59:31","guid":{"rendered":"https:\/\/www.hydraulic-cylinders.net\/product\/boom-cylinder-for-bonny-ce1000-7\/"},"modified":"2025-04-07T06:59:33","modified_gmt":"2025-04-07T06:59:33","slug":"boom-cylinder-for-bonny-ce1000-7","status":"publish","type":"product","link":"https:\/\/www.hydraulic-cylinders.net\/et\/toode\/boom-cylinder-for-bonny-ce1000-7\/","title":{"rendered":"Poomi silinder Bonny CE1000-7 jaoks"},"content":{"rendered":"<h1>Poomi silinder Bonny CE1000-7 jaoks<\/h1>\n<h2>Poomi silindri m\u00f5istmine<\/h2>\n<p>Noole silinder on oluline h\u00fcdrauliline komponent, mida kasutatakse erinevates rasketehnikas. See on spetsiaalselt loodud kopa liikumise juhtimiseks ekskavaatorites, laadurites ja esilaadurites ning v\u00f5imaldab kopal t\u00f5usta, langetada ja kallutada, muutes materjalik\u00e4itluse t\u00f5husaks ja tulemuslikuks.<\/p>\n<p>H\u00fcdraulilise silindri t\u00fc\u00fcbina t\u00f6\u00f6tab noole silinder liikumise tekitamiseks h\u00fcdraulilise vedeliku r\u00f5hu abil. See funktsioon on \u00fclioluline ehitus- ja p\u00f5llumajandusrakendustes, kus on vaja t\u00e4pset juhtimist raskete koormate \u00fcle. H\u00fcdraulikas\u00fcsteem rakendab h\u00fcdraulika mehaanika j\u00f5udu, v\u00f5imaldades noole silindril oma \u00fclesandeid sujuvalt t\u00e4ita, suurendades seel\u00e4bi tootlikkust.<\/p>\n<p><img decoding=\"async\" src=\"https:\/\/www.hydraulic-cylinders.net\/wp-content\/uploads\/2025\/04\/songte-company-1.webp\" alt=\"Poomi silinder\"><\/p>\n<h2>Poomi silindri p\u00f5hijooned<\/h2>\n<ul>\n<li><strong>Suur tugevus ja vastupidavus:<\/strong> Tavaliselt \u00fclitugevast terasest v\u00f5i alumiiniumist valmistatud poomi silinder talub k\u00f5rget r\u00f5hku ja suuri koormusi. Selle disain h\u00f5lmab kulumiskindlust ja korrosioonikindlust, pikendades selle eluiga isegi karmides t\u00f6\u00f6keskkondades.<\/li>\n<li><strong>T\u00f5hus h\u00fcdrauliline t\u00f6\u00f6:<\/strong> Silinder kasutab sujuvaks pikendamiseks ja tagasit\u00f5mbamiseks h\u00fcdraulilist vedeliku r\u00f5hku, reageerides kiiresti operaatori k\u00e4sklustele ning pakkudes v\u00f5imsat t\u00f5uke- ja t\u00f5mbej\u00f5udu, mis sobib raskete ja keerukate \u00fclesannete t\u00e4itmiseks.<\/li>\n<li><strong>Erinevad t\u00fc\u00fcbid:<\/strong> Saadaval \u00fchetoimelise (h\u00fcdraulilise r\u00f5hu kasutamine \u00fches suunas) v\u00f5i kahetoimelise (h\u00fcdraulilise r\u00f5hu kasutamine m\u00f5lemas suunas) konfiguratsioonina saab poomi silindrit kohandada vastavalt erinevatele t\u00f6\u00f6vajadustele. M\u00f5ned mudelid on teleskoopilised, v\u00f5imaldades suuremat pikendamist ilma v\u00e4lism\u00f5\u00f5tmeid suurendamata, mis sobib ideaalselt ruumikitsastes rakendustes.<\/li>\n<li><strong>Kohandatud tootmine:<\/strong> Meil on v\u00f5ime seda toodet toota, mist\u00f5ttu meie silindrid sobivad ideaalselt teie h\u00fcdraulikavajaduste rahuldamiseks.<\/li>\n<li><strong>Lai valik rakendusi:<\/strong> See mitmek\u00fclgsus muudab noolesilindri sobivaks mitmesuguste raskete masinate ja t\u00f6\u00f6olukordade jaoks.<\/li>\n<\/ul>\n<p><img decoding=\"async\" src=\"https:\/\/www.hydraulic-cylinders.net\/wp-content\/uploads\/2025\/04\/songte-cylinder-head-with-all-kinds-excavator-models.webp\" alt=\"Ekskavaatori mudelid\"><\/p>\n<h2>Poomi silindri rakendused<\/h2>\n<h3>Ehitustehnika<\/h3>\n<p>Noole silindrit kasutatakse laialdaselt ekskavaatorites, kus see on oluline kaevamisel, laadimisel ja pinnase v\u00f5i prahi teisaldamisel. Selle t\u00e4pne juhtimine v\u00f5imaldab operaatoritel sooritada t\u00e4pseid liigutusi, h\u00f5lbustades mitmesuguseid ehitust\u00f6id. Ekskavaator-laadurites ei aita noole silinder mitte ainult kaevamisel, vaid ka materjalide t\u00f5stmisel, muutes selle nende masinate oluliseks komponendiks.<\/p>\n<h3>P\u00f5llumajandustehnika<\/h3>\n<p>Esilaadurites kasutatakse noolesilindreid mulla, heina ja muude materjalide kopeerimiseks, t\u00f5stmiseks ja transportimiseks. Nende vastupidav konstruktsioon tagab, et need saavad hakkama p\u00f5llumajandust\u00f6\u00f6de raskete n\u00f5udmistega, parandades p\u00f5llumajandus\u00fclesannete t\u00f5husust ja tootlikkust.<\/p>\n<h3>Ekskavaatorid<\/h3>\n<p>Noole silinder v\u00f5imaldab kopal t\u00f5husalt pinnasesse tungida, h\u00f5lbustades kaevamisprotsessi. See funktsioon on kriitilise t\u00e4htsusega ehitus-, haljastus- ja kaevet\u00f6\u00f6del, kus on vaja t\u00e4pset pinnase teisaldamist.<\/p>\n<h3>Laadurid<\/h3>\n<p>Esilaaduritel aitavad noolesilindrid koormaid t\u00f5husalt t\u00f5sta ja kallutada. See v\u00f5ime on ehitusplatsidel materjalide teisaldamiseks h\u00e4davajalik, tagades t\u00f6\u00f6de kiire ja ohutu t\u00e4itmise.<\/p>\n<h2>Projekteerimiskaalutlused ja valikukriteeriumid<\/h2>\n<h3>Kandev\u00f5ime<\/h3>\n<p>Poomi silindri kandev\u00f5ime on kriitilise t\u00e4htsusega aspekt, mis m\u00e4\u00e4rab, kui palju raskust silinder ohutult t\u00f5sta ja man\u00f6\u00f6verdada suudab. Kandev\u00f5ime n\u00f5uetekohane hindamine tagab, et silinder suudab konkreetsete \u00fclesannetega hakkama saada ilma rikke v\u00f5i kahjustuse riskita.<\/p>\n<h3>Tihendi terviklikkus<\/h3>\n<p>T\u00f5hus tihendus on poomi silindri j\u00f5udluse ja pikaealisuse tagamiseks \u00fclioluline. Kvaliteetsed tihendid hoiavad \u00e4ra h\u00fcdraulikavedeliku lekked, tagades optimaalse t\u00f6\u00f6 ja v\u00e4hendades keskkonna saastumise ohtu. T\u00f6\u00f6tingimustele vastavaks tuleb valida sobivad tihendusmaterjalid ja -tehnoloogiad.<\/p>\n<h3>Vastupidavus<\/h3>\n<p>Vastupidavus h\u00f5lmab poomi silindri v\u00f5imet taluda kulumist aja jooksul. See h\u00f5lmab vastupidavust h\u00f5\u00f5rdumisele, korrosioonile ja v\u00e4simusele. Vastupidavust suurendavate materjalide ja viimistluste valimine tagab h\u00fcdrosilindri usaldusv\u00e4\u00e4rse toimimise n\u00f5udlikes keskkondades.<\/p>\n<h3>Turvaelemendid<\/h3>\n<p>H\u00fcdrauliliste silindrite projekteerimisel on ohutus esmat\u00e4htis. Selliste funktsioonide nagu \u00fclekoormuskaitse ja kaitseventiilide lisamine aitab v\u00e4ltida \u00f5nnetusi ja seadmete rikkeid, kaitstes nii operaatoreid kui ka masinaid. Ohutusn\u00f5uete ja -m\u00e4\u00e4ruste m\u00f5istmine on projekteerimise vastavuse tagamiseks \u00fclioluline.<\/p>\n<h3>Hoolduskaalutlused<\/h3>\n<p>Hoolduse arvestamine projekteerimisel t\u00e4hendab poomi silindri hooldamise v\u00f5i parandamise lihtsuse kaalumist. Sellised omadused nagu ligip\u00e4\u00e4setavad tihendid, vahetatavad komponendid ja selged hooldusjuhised aitavad kaasa t\u00f5husale hooldusele, minimeerides seisakuid ja tegevuskulusid.<\/p>\n<p><img decoding=\"async\" src=\"https:\/\/www.hydraulic-cylinders.net\/wp-content\/uploads\/2025\/04\/songte-oil-pipes-and-spare-parts.webp\" alt=\"\u00d5litorud ja varuosad\"><\/p>\n<h2>Tihendus ja m\u00e4\u00e4rimine<\/h2>\n<p>T\u00f5hus tihendamine ja m\u00e4\u00e4rimine on poomi silindri optimaalse j\u00f5udluse tagamiseks h\u00e4davajalikud. H\u00fcdraulilise r\u00f5hu s\u00e4ilitamisel ja lekete v\u00e4ltimisel m\u00e4ngivad olulist rolli mitmesugused tihendid, n\u00e4iteks kolvitihendid ja vardatihendid. Vastupidavatest materjalidest, nagu pol\u00fcuretaan ja nitriilkummi, valmistatud tihendid suurendavad kulumiskindlust.<\/p>\n<p>Silindri korpuse ja keermestatud otste pinnad on peenelt t\u00f6\u00f6deldud, et parandada nende vastupidavust kulumisele. Lisaks on oluline regulaarselt sisse pritsida sobivat h\u00fcdraulika\u00f5li m\u00e4\u00e4rimiseks, tagades k\u00f5igi liikuvate osade sujuva t\u00f6\u00f6 ja v\u00e4hendades h\u00f5\u00f5rdumist.<\/p>\n<h2>Regulaarsed kontrollid ja ennetav hooldus<\/h2>\n<ul>\n<li><strong>Rutiinsed kontrollid:<\/strong> Kontrollige regulaarselt poomi silindrit kulumise, lekete v\u00f5i kahjustuste suhtes. Probleemide varajane avastamine aitab \u00e4ra hoida suuremaid probleeme ja kulukaid remonte.<\/li>\n<li><strong>Sobiv m\u00e4\u00e4rimine:<\/strong> Veenduge, et h\u00fcdraulika\u00f5li tase on \u00f5ige ja et m\u00e4\u00e4rimine toimub vastavalt tootja juhistele. See parandab j\u00f5udlust ja pikendab h\u00fcdraulikasilindri eluiga.<\/li>\n<li><strong>Tihendi vahetamine:<\/strong> Lekete v\u00e4ltimiseks ja s\u00fcsteemi efektiivsuse s\u00e4ilitamiseks tuleks tihendeid regulaarse hooldusgraafiku osana vahetada. H\u00fcdraulikas\u00fcsteemi terviklikkuse s\u00e4ilitamiseks on \u00fclioluline asendustihendite \u00f5ige valik.<\/li>\n<\/ul>\n<h2>Paigaldusjuhised<\/h2>\n<p>Poomi silindri paigaldamisel on n\u00f5uetekohase toimimise ja pikaealisuse tagamiseks oluline j\u00e4rgida neid juhiseid:<\/p>\n<ul>\n<li><strong>Joondus:<\/strong> Joondage silinder \u00f5igesti kinnituspunktidega, et v\u00e4ltida t\u00f6\u00f6tamise ajal tekkivat pinget ja joondusprobleeme. \u00d5ige positsioneerimise saavutamiseks kasutage vastavalt vajadusele kiile v\u00f5i vahet\u00fckke.<\/li>\n<li><strong>Turvaline kinnitus:<\/strong> Kasutage silindri kinnitamiseks sobivaid kinnitusklambreid ja kinnitusvahendeid. Veenduge, et k\u00f5ik kinnitusdetailid on tootja spetsifikatsioonide kohaselt pingutatud, et v\u00e4ltida liikumist t\u00f6\u00f6tamise ajal.<\/li>\n<li><strong>H\u00fcdraulilised \u00fchendused:<\/strong> \u00dchendage h\u00fcdraulikavoolikud ettevaatlikult, et v\u00e4ltida lekkeid. Veenduge, et k\u00f5ik liitmikud on tihendatud ja pingutatud vastavalt tootja spetsifikatsioonidele, et s\u00e4ilitada s\u00fcsteemi terviklikkus.<\/li>\n<li><strong>Testimine:<\/strong> P\u00e4rast paigaldamist tehke h\u00fcdraulikas\u00fcsteemi p\u00f5hjalik test, et tagada selle n\u00f5uetekohane t\u00f6\u00f6. J\u00e4lgige lekkeid, ebatavalisi helisid v\u00f5i j\u00f5udlusprobleeme.<\/li>\n<\/ul>\n<p><img decoding=\"async\" src=\"https:\/\/www.hydraulic-cylinders.net\/wp-content\/uploads\/2025\/04\/songte-chushion-collar.webp\" alt=\"Padjakaelus\"><\/p>\n<h2>Ohutuskaalutlused ja keskkonnategurid<\/h2>\n<p>H\u00fcdrauliliste silindrite kasutamisel on oluline seada esikohale ohutusmeetmed. Operaatorid peaksid olema koolitatud m\u00f5istma h\u00fcdrauliliste s\u00fcsteemide toimimist ja ohutusprotokollide j\u00e4rgimise olulisust t\u00f6\u00f6tamise ja hoolduse ajal. Regulaarsed ohutusauditid ja koolitus aitavad leevendada h\u00fcdrauliliste seadmetega seotud riske.<\/p>\n<h2>Veaotsing ja levinud probleemid<\/h2>\n<ul>\n<li><strong>Leke:<\/strong> Tavaliselt p\u00f5hjustatud kulunud tihenditest v\u00f5i l\u00f5dvatest liitmikest. Kontrollige k\u00f5iki h\u00fcdraulika\u00fchendusi ja tihendeid kahjustuste suhtes ning vajadusel parandage v\u00f5i vahetage v\u00e4lja.<\/li>\n<li><strong>Aeglane t\u00f6\u00f6:<\/strong> V\u00f5ib viidata madalale h\u00fcdraulikavedeliku tasemele v\u00f5i \u00f5hu olemasolule s\u00fcsteemis. Kontrollige vedeliku taset ja \u00f5hutage s\u00fcsteemist kogunenud \u00f5hk.<\/li>\n<li><strong>Liigne m\u00fcra:<\/strong> Sageli on see m\u00e4rk sisemisest kulumisest v\u00f5i kavitatsioonist. Uurige silindrit ja h\u00fcdros\u00fcsteemi v\u00f5imalike rikete suhtes ja k\u00f5rvaldage need viivitamatult.<\/li>\n<\/ul>\n<p>Nende levinud probleemide m\u00f5istmise abil saavad operaatorid probleeme t\u00f5husalt diagnoosida ja lahendada, tagades j\u00e4rjepideva j\u00f5udluse.<\/p>\n<p><img decoding=\"async\" src=\"https:\/\/www.hydraulic-cylinders.net\/wp-content\/uploads\/2025\/04\/songte-bushings-with-all-kinds-of-excavator-models.webp\" alt=\"Puksid ekskavaatorimudelitega\"><\/p>\n<h2>Kokkuv\u00f5te<\/h2>\n<p>Oleme juhtiv asendush\u00fcdrauliliste silindrite tootja, pakkudes laia tootevalikut nii sise- kui ka rahvusvahelisele turule. Meie p\u00fchendumus tipptasemele ja hoolikad tootmisjuhtimise strateegiad positsioneerivad meid tipptasemel h\u00fcdrauliliste silindrite tootja ja hulgim\u00fc\u00fcjana.<\/p>\n<p>Meie prioriteediks on kvaliteet, kasutades t\u00e4iustatud tootmisv\u00f5imalusi ja -protsesse, kasutades \u00e4ra oskuslikke t\u00f6\u00f6tajaid ja tipptasemel digitaalseid seadmeid. Meie keskendumine kvaliteedi tagamisele koos meie v\u00f5imega lahendusi kohandada tagab, et rahuldame t\u00f5husalt klientide mitmekesiseid vajadusi.<\/p>\n<p><img decoding=\"async\" src=\"https:\/\/www.hydraulic-cylinders.net\/wp-content\/uploads\/2025\/04\/songte-company-4.webp\" alt=\"Ettev\u00f5tte \u00fclevaade\"><br \/>\n<img decoding=\"async\" src=\"https:\/\/www.hydraulic-cylinders.net\/wp-content\/uploads\/2025\/04\/songte-company-3.webp\" alt=\"Tootmis\u00fcksus\"><\/p>\n<p>Autor: lyl<\/p>","protected":false},"excerpt":{"rendered":"<p>Boom Cylinder For Bonny CE1000-7 Understanding the Boom Cylinder The boom cylinder is a vital hydraulic component used in various heavy machinery. Specifically designed for controlling the movement of the bucket in excavators, backhoes, and front loaders, it allows the bucket to lift, lower, and tilt, making material handling tasks efficient and effective. As a [&hellip;]<\/p>","protected":false},"featured_media":17867,"comment_status":"open","ping_status":"closed","template":"","meta":{"_et_pb_use_builder":"","_et_pb_old_content":"","_et_gb_content_width":""},"product_brand":[],"product_cat":[1546],"product_tag":[1547,1496],"class_list":{"0":"post-19649","1":"product","2":"type-product","3":"status-publish","4":"has-post-thumbnail","6":"product_cat-boom-cylinders","7":"product_tag-boom-cylinders","8":"product_tag-hydraulic-cylinders","10":"first","11":"instock","12":"shipping-taxable","13":"product-type-simple"},"amp_enabled":true,"_links":{"self":[{"href":"https:\/\/www.hydraulic-cylinders.net\/et\/wp-json\/wp\/v2\/product\/19649","targetHints":{"allow":["GET"]}}],"collection":[{"href":"https:\/\/www.hydraulic-cylinders.net\/et\/wp-json\/wp\/v2\/product"}],"about":[{"href":"https:\/\/www.hydraulic-cylinders.net\/et\/wp-json\/wp\/v2\/types\/product"}],"replies":[{"embeddable":true,"href":"https:\/\/www.hydraulic-cylinders.net\/et\/wp-json\/wp\/v2\/comments?post=19649"}],"wp:featuredmedia":[{"embeddable":true,"href":"https:\/\/www.hydraulic-cylinders.net\/et\/wp-json\/wp\/v2\/media\/17867"}],"wp:attachment":[{"href":"https:\/\/www.hydraulic-cylinders.net\/et\/wp-json\/wp\/v2\/media?parent=19649"}],"wp:term":[{"taxonomy":"product_brand","embeddable":true,"href":"https:\/\/www.hydraulic-cylinders.net\/et\/wp-json\/wp\/v2\/product_brand?post=19649"},{"taxonomy":"product_cat","embeddable":true,"href":"https:\/\/www.hydraulic-cylinders.net\/et\/wp-json\/wp\/v2\/product_cat?post=19649"},{"taxonomy":"product_tag","embeddable":true,"href":"https:\/\/www.hydraulic-cylinders.net\/et\/wp-json\/wp\/v2\/product_tag?post=19649"}],"curies":[{"name":"wp","href":"https:\/\/api.w.org\/{rel}","templated":true}]}}