{"id":19650,"date":"2025-04-07T06:59:33","date_gmt":"2025-04-07T06:59:33","guid":{"rendered":"https:\/\/www.hydraulic-cylinders.net\/product\/boom-cylinder-for-bonny-ce400-5-400-7\/"},"modified":"2025-04-07T06:59:36","modified_gmt":"2025-04-07T06:59:36","slug":"boom-cylinder-for-bonny-ce400-5-400-7","status":"publish","type":"product","link":"https:\/\/www.hydraulic-cylinders.net\/et\/toode\/boom-cylinder-for-bonny-ce400-5-400-7\/","title":{"rendered":"Poomi silinder Bonny CE400-5\/400-7 jaoks"},"content":{"rendered":"<h1>Poomi silinder Bonny CE400-5\/400-7 jaoks<\/h1>\n<h2>Sissejuhatus poomi silindrisse<\/h2>\n<p>Spetsiaalselt Bonny CE400-5 ja CE400-7 mudelitele loodud noole silinder m\u00e4ngib olulist rolli rasketehnika h\u00fcdraulikas\u00fcsteemides. See h\u00fcdrauliline silinder on oluline kopa liikumise juhtimiseks erinevates seadmetes, n\u00e4iteks ekskavaatorites, laadur-ekskavaatorites ja esilaadurites. See v\u00f5imaldab kopa t\u00f5sta, langetada ja kallutada, h\u00f5lbustades t\u00f5husaid materjalik\u00e4itlust\u00f6id.<\/p>\n<p><img decoding=\"async\" src=\"https:\/\/www.hydraulic-cylinders.net\/wp-content\/uploads\/2025\/04\/songte-company-1.webp\" alt=\"Poomi silinder\" \/><\/p>\n<h3>Definitsioon ja \u00fclevaade<\/h3>\n<p>Kopa silinder on h\u00fcdrosilindri t\u00fc\u00fcp, mis on spetsiaalselt loodud kopa liigutamiseks rasketel masinatel. See on oluline selliste \u00fclesannete puhul nagu kaevamine, t\u00f5stmine ja materjalide transportimine. H\u00fcdrauliline mehhanism v\u00f5imaldab sujuvaid ja v\u00f5imsaid liigutusi, suurendades tootlikkust ja t\u00f5husust ehitusplatsidel ja muudes rakendustes. Nende silindrite disain tagab, et need taluvad k\u00f5rget r\u00f5hku ja raskeid koormusi, muutes need ehitus- ja p\u00f5llumajandussektoris asendamatuks.<\/p>\n<h2>Poomi silindri omadused<\/h2>\n<ul>\n<li><strong>Suur tugevus ja vastupidavus:<\/strong> Need \u00fclitugevast terasest v\u00f5i alumiiniumist valmistatud silindrid taluvad k\u00f5rget r\u00f5hku ja suuri koormusi, sobivad karmidesse t\u00f6\u00f6keskkondadesse ning nende konstruktsioonis on arvestatud kulumiskindluse ja korrosioonikaitsega, et pikendada nende eluiga.<\/li>\n<li><strong>T\u00f5hus h\u00fcdrauliline t\u00f6\u00f6:<\/strong> Kasutab sujuvaks pikendamiseks ja tagasit\u00f5mbamiseks h\u00fcdraulika\u00f5li r\u00f5hku, reageerides juhtimisk\u00e4sklustele kiiresti ning tekitades tugevaid t\u00f5uke- ja t\u00f5mbej\u00f5ude, mis sobib ideaalselt raskete materjalide ja keerukate \u00fclesannete k\u00e4sitsemiseks.<\/li>\n<li><strong>Erinevad t\u00fc\u00fcbid:<\/strong> Saadaval \u00fchetoimelise (h\u00fcdrauliline \u00fches suunas) v\u00f5i kahetoimelise (h\u00fcdrauliline m\u00f5lemas suunas) konfiguratsioonina, et rahuldada erinevaid t\u00f6\u00f6vajadusi. M\u00f5ned mudelid on teleskoopilised, v\u00f5imaldades suuremat pikendamist ilma v\u00e4lism\u00f5\u00f5tmeid suurendamata, mis sobib ideaalselt ruumipiirangutega rakenduste jaoks.<\/li>\n<li><strong>Kohandatavad valikud:<\/strong> Meie tootmisv\u00f5imsused v\u00f5imaldavad pakkuda eritellimusel lahendusi, mis on kohandatud konkreetsetele masinatele ja t\u00f6\u00f6n\u00f5uetele, tagades optimaalse j\u00f5udluse ja integreerimise olemasolevate s\u00fcsteemidega.<\/li>\n<li><strong>P\u00f5hjalikud asenduslahendused:<\/strong> Meie tooted on ideaalsed asendajad olemasolevatele h\u00fcdrosilindritele, tagades \u00fchilduvuse ja t\u00f6\u00f6kindluse.<\/li>\n<\/ul>\n<p><img decoding=\"async\" src=\"https:\/\/www.hydraulic-cylinders.net\/wp-content\/uploads\/2025\/04\/songte-cylinder-head-with-all-kinds-excavator-models.webp\" alt=\"H\u00fcdrauliliste silindrite mudelid\" \/><\/p>\n<h2>Poomi silindri rakendused<\/h2>\n<h3>Ehitustehnika<\/h3>\n<p>Ekskavaatorites on noolesilindrid \u00fcliolulised kaevamiseks, laadimiseks ja mulla v\u00f5i prahi teisaldamiseks. Nende v\u00f5ime pakkuda t\u00e4pset juhtimist v\u00f5imaldab operaatoritel \u00fclesandeid t\u00f5husalt t\u00e4ita, maksimeerides tootlikkust ja minimeerides seisakuid. Nende silindrite v\u00f5imsus v\u00f5imaldab neil k\u00e4sitseda mitmesuguseid materjale, muutes need ehitusprojektide jaoks h\u00e4davajalikuks.<\/p>\n<h3>P\u00f5llumajandustehnika<\/h3>\n<p>Esilaadurites kasutatakse noolesilindreid mulla, heina ja muude materjalide kopeerimiseks, t\u00f5stmiseks ja transportimiseks. Nende vastupidav konstruktsioon tagab, et need saavad hakkama p\u00f5llumajandust\u00f6\u00f6de n\u00f5udmistega, pakkudes usaldusv\u00e4\u00e4rset j\u00f5udlust p\u00f5llumeestele, kes s\u00f5ltuvad neist masinatest igap\u00e4evases t\u00f6\u00f6s.<\/p>\n<h3>Ekskavaatorid<\/h3>\n<p>Ekskavaatorid kasutavad kaevamiseks pinnasesse tungimiseks noole silindriid. Need silindrid v\u00f5imaldavad s\u00fcgavat kaevamist, mis v\u00f5imaldab operaatoritel t\u00f5husalt vajalikele s\u00fcgavustele j\u00f5uda. Nende h\u00fcdrauliliste komponentide pakutav t\u00e4psus ja tugevus on edukate kaevamist\u00f6\u00f6de jaoks kriitilise t\u00e4htsusega.<\/p>\n<h3>Laadurid<\/h3>\n<p>Esilaaduritel aitavad noolesilindrid koormaid t\u00f5husalt t\u00f5sta ja t\u00fchjendada. Nende v\u00f5ime pakkuda m\u00e4rkimisv\u00e4\u00e4rset t\u00f5stej\u00f5udu tagab, et juhid saavad oma t\u00f6\u00f6d h\u00f5lpsalt teha, parandades \u00fcldist t\u00f6\u00f6efektiivsust.<\/p>\n<h2>Projekteerimiskaalutlused ja valikukriteeriumid<\/h2>\n<h3>Kandev\u00f5ime<\/h3>\n<p>Poomi silindri valimisel on oluline m\u00f5ista selle kandev\u00f5imet. Silinder peab suutma taluda t\u00f6\u00f6 ajal oodatavaid maksimaalseid koormusi, ilma et see kahjustaks ohutust v\u00f5i j\u00f5udlust. \u00dclekoormus v\u00f5ib p\u00f5hjustada silindri rikke, mis kahjustab nii seadmeid kui ka operaatorit.<\/p>\n<h3>Tihendus<\/h3>\n<p>T\u00f5hus tihendamine on h\u00fcdraulilise r\u00f5hu s\u00e4ilitamiseks ja lekete v\u00e4ltimiseks \u00fclioluline. Kvaliteetsed tihendid tagavad, et h\u00fcdraulika\u00f5li p\u00fcsib silindris, maksimeerides efektiivsust ja minimeerides sagedase hoolduse vajadust. Tihendid tuleb valida vastavalt nende \u00fchilduvusele h\u00fcdrauliliste vedelikega ja kulumiskindlusele.<\/p>\n<h3>Vastupidavus<\/h3>\n<p>Vastupidavus on noolesilindrite projekteerimisel v\u00f5tmetegur. Need peavad olema vastupidavad pidevale t\u00f6\u00f6tamisele n\u00f5udlikes keskkondades. Ehitusmaterjalid peaksid olema kvaliteetsed ja t\u00f6\u00f6deldud, et pikendada nende eluiga korrosiooni ja muude kahjulike tegurite eest.<\/p>\n<h3>Ohutus<\/h3>\n<p>H\u00fcdrauliliste silindrite projekteerimisel on ohutus esmat\u00e4htis. Sellised omadused nagu \u00fclekoormuskaitse ja avariiseiskamismehhanismid on t\u00f6\u00f6 ajal \u00f5nnetuste v\u00e4ltimiseks h\u00e4davajalikud. Regulaarsed ohutusauditid ja t\u00f6\u00f6stusstandardite j\u00e4rgimine m\u00e4ngivad olulist rolli operaatorite ohutuse tagamisel.<\/p>\n<h3>Hooldus<\/h3>\n<p>Hoolduse kaalutlused on poomi silindrite pikaealisuse tagamiseks \u00fcliolulised. Konstruktsioon, mis v\u00f5imaldab komponentidele h\u00f5lpsat juurdep\u00e4\u00e4su regulaarseks kontrolliks ja hoolduseks, v\u00f5ib seisakuid oluliselt v\u00e4hendada. Hooldusgraafikute hoolikas planeerimine aitab v\u00e4ltida ootamatuid rikkeid.<\/p>\n<p><img decoding=\"async\" src=\"https:\/\/www.hydraulic-cylinders.net\/wp-content\/uploads\/2025\/04\/songte-oil-pipes-and-spare-parts.webp\" alt=\"H\u00fcdraulilised komponendid\" \/><\/p>\n<h2>Tihendus ja m\u00e4\u00e4rimine<\/h2>\n<p>N\u00f5uetekohane tihendamine ja m\u00e4\u00e4rimine on noolesilindrite toimimise seisukohalt kriitilise t\u00e4htsusega. Erinevad tihendid, n\u00e4iteks kolvitihendid ja vardatihendid, on loodud lekete v\u00e4ltimiseks ja r\u00f5hu s\u00e4ilitamiseks. Selliste materjalide nagu pol\u00fcuretaan ja nitriilkummi valimine suurendab kulumiskindlust. Silindri korpuse ja keermestatud otste t\u00e4pne t\u00f6\u00f6tlemine parandab kulumiskindlust, tagades pikema kasutusea. Regulaarne m\u00e4\u00e4rimine h\u00fcdraulika\u00f5liga on oluline liikuvate osade h\u00f5\u00f5rdumise ja kulumise v\u00e4hendamiseks, suurendades silindri efektiivsust ja funktsionaalsust.<\/p>\n<h2>Ennetavad hooldusmeetmed<\/h2>\n<ul>\n<li><strong>Regulaarsed kontrollid:<\/strong> Sagedaste kontrollide tegemine aitab potentsiaalseid probleeme varakult tuvastada, ennetades kulukaid remondit\u00f6id ja seisakuid. Otsige kulumise, lekete v\u00f5i muude k\u00f5rvalekallete m\u00e4rke.<\/li>\n<li><strong>Sobiv m\u00e4\u00e4rimine:<\/strong> Ensure that hydraulic oil levels are adequate and that the oil is of the right quality. This reduces friction and wear, extending the cylinder&#8217;s lifespan.<\/li>\n<li><strong>Tihendi vahetamine:<\/strong> Kontrollige regulaarselt tihendite kulumist ja vahetage need vastavalt vajadusele, et s\u00e4ilitada h\u00fcdrauliline r\u00f5hk ja v\u00e4ltida lekkeid.<\/li>\n<\/ul>\n<h2>Paigaldusjuhised<\/h2>\n<p>Poomi silindrite \u00f5ige paigaldamine on optimaalse j\u00f5udluse saavutamiseks \u00fclioluline. Alustage veendumaks, et nii silindri kui ka masina kinnituspunktid on puhtad ja prahist vabad. Kasutage sobivaid joondamisvahendeid, et tagada silindri ideaalne joondamine kinnitusklambritega. Kasutage vajalikke kinnitusvahendeid silindri kindlale kohale kinnitamiseks, tagades, et see oleks t\u00f6\u00f6tamise ajal h\u00e4sti toestatud. P\u00e4rast paigaldamist kontrollige h\u00fcdraulika\u00fchenduste \u00f5igsust ja t\u00e4itke s\u00fcsteem h\u00fcdraulika\u00f5liga vastavalt tootja spetsifikatsioonidele. L\u00f5puks tehke proovik\u00e4ivitus, et veenduda silindri sujuvas ja leketeta t\u00f6\u00f6tamises.<\/p>\n<p><img decoding=\"async\" src=\"https:\/\/www.hydraulic-cylinders.net\/wp-content\/uploads\/2025\/04\/songte-chushion-collar.webp\" alt=\"Padjakaelus\" \/><\/p>\n<h2>Hooldus\u00fclesanded<\/h2>\n<ul>\n<li><strong>Regulaarsed kontrollid:<\/strong> Regulaarsed kontrollid aitavad tuvastada kulumist ja v\u00f5imalikke rikkeid. Lekete v\u00f5i korrosiooni tunnuste kontrollimine aitab v\u00e4ltida ootamatuid seisakuid. Planeerige kontrollid vastavalt kasutamisele, et tagada piisav j\u00e4lgimine.<\/li>\n<li><strong>\u00d5ige m\u00e4\u00e4rimine:<\/strong> Liikuvate osade m\u00e4\u00e4rimine v\u00e4hendab h\u00f5\u00f5rdumist ja kulumist, pikendades poomi silindri eluiga. Kasutage soovitatud h\u00fcdraulika\u00f5li ja j\u00e4rgige tootja juhiseid m\u00e4\u00e4rimisintervallide kohta.<\/li>\n<li><strong>Tihendi vahetamine:<\/strong> Kontrollige regulaarselt tihendeid kulumise suhtes. Kulunud tihendite \u00f5igeaegne vahetamine s\u00e4ilitab h\u00fcdraulilise r\u00f5hu ja hoiab \u00e4ra lekked, tagades sujuva t\u00f6\u00f6.<\/li>\n<\/ul>\n<h2>Ohutuskaalutlused ja keskkonnategurid<\/h2>\n<p>Poomi silindrite kasutamisel on oluline rakendada ohutusmeetmeid. Operaatorid peaksid olema koolitatud m\u00f5istma seadmete piiranguid ja j\u00e4rgima kandev\u00f5imet. \u00d5nnetuste v\u00e4ltimiseks tuleks rangelt j\u00e4rgida ohutusvarustust ja juhiseid. Keskkonna seisukohast on oluline hallata h\u00fcdraulika\u00f5li lekkeid ja mahavalgumisi, et minimeerida nende m\u00f5ju. Keskkonnas\u00f5bralike h\u00fcdraulikavedelike kasutamine aitab v\u00e4hendada ka h\u00fcdrauliliste masinatega seotud keskkonnariske.<\/p>\n<h2>Veaotsing ja levinud probleemid<\/h2>\n<ul>\n<li><strong>Lekked:<\/strong> Lekkeid v\u00f5ib p\u00f5hjustada kulunud tihendid v\u00f5i kahjustatud voolikud. Kontrollige seadme all olevaid \u00f5liplekke ja kontrollige tihendeid kulumisj\u00e4lgede suhtes.<\/li>\n<li><strong>Reageerimata silinder:<\/strong> Kui silinder ei reageeri, kontrollige h\u00fcdraulikavedeliku taset ja veenduge, et h\u00fcdraulikavoolikutes pole ummistusi.<\/li>\n<li><strong>Liigne m\u00fcra:<\/strong> Ebatavalised helid v\u00f5ivad viidata h\u00fcdraulikas\u00fcsteemis olevale \u00f5hule. \u00d5hutage s\u00fcsteemi, et vabastada \u00f5hk ja tagada sujuv t\u00f6\u00f6.<\/li>\n<\/ul>\n<h2>Veaotsingu n\u00e4pun\u00e4ited<\/h2>\n<p>Poomi silindri probleemide t\u00f5husaks diagnoosimiseks ja lahendamiseks alustage h\u00fcdraulikavedeliku taseme kontrollimisest ja lekete otsimisest. Veenduge, et \u00fchendused on tihedad ja kulumisvabad. Regulaarne ennetav hooldus aitab leevendada levinud probleeme. Kui probleemid p\u00fcsivad, konsulteerige p\u00f5hjaliku kontrolli ja remondi l\u00e4biviimiseks spetsialistiga. Hooldustegevuste ja t\u00e4helepanekute logi pidamine aitab tuvastada mustreid ja ennetada tulevasi probleeme.<\/p>\n<p><img decoding=\"async\" src=\"https:\/\/www.hydraulic-cylinders.net\/wp-content\/uploads\/2025\/04\/songte-bushings-with-all-kinds-of-excavator-models.webp\" alt=\"Puksmudelid\" \/><\/p>\n<h2>Meie ettev\u00f5ttest<\/h2>\n<p>Oleme juhtiv asendush\u00fcdrauliliste silindrite tootja ja turustaja, pakkudes laia tootevalikut nii sise- kui ka rahvusvahelistele turgudele. Meie p\u00fchendumust tipptasemele r\u00f5hutavad meie t\u00e4iustatud tootmisstrateegiad ja t\u00e4iustatud tehnoloogia integreerimine. Kasutades oskuslikke spetsialiste, tipptasemel digitaalseid tootmisseadmeid ja spetsiaalseid testimiss\u00fcsteeme, t\u00e4iustame pidevalt oma tootmisv\u00f5imalusi ja parandame toodete kvaliteeti. Keskendudes t\u00f5hususele, t\u00e4psusele ja k\u00f5rgele kvaliteedile, suudame rahuldada klientide mitmekesiseid vajadusi.<\/p>\n<p><img decoding=\"async\" src=\"https:\/\/www.hydraulic-cylinders.net\/wp-content\/uploads\/2025\/04\/songte-company-4.webp\" alt=\"Ettev\u00f5tte \u00fclevaade\" \/><br \/>\n<img decoding=\"async\" src=\"https:\/\/www.hydraulic-cylinders.net\/wp-content\/uploads\/2025\/04\/songte-company-3.webp\" alt=\"Tootmisprotsess\" \/><\/p>\n<p>Oleme uhked oma professionaalse l\u00e4henemise, rahvusvaheliste sertifikaatide ja kohandamisteenuste \u00fcle. Meie tootmis\u00fcksused on varustatud t\u00e4iustatud masinatega, et tagada k\u00f5rge kvaliteediga toodang, samas kui meie m\u00fc\u00fcgij\u00e4rgne teenindus garanteerib klientide rahulolu ja toe.<\/p>\n<p>Autor: lyl<\/p>","protected":false},"excerpt":{"rendered":"<p>Boom Cylinder For Bonny CE400-5\/400-7 Introduction to Boom Cylinder The Boom Cylinder, specifically designed for the Bonny CE400-5 and CE400-7 models, plays a crucial role in hydraulic systems used in heavy machinery. This hydraulic cylinder is essential for controlling the movement of a bucket in various equipment such as excavators, backhoe loaders, and front loaders. [&hellip;]<\/p>","protected":false},"featured_media":17868,"comment_status":"open","ping_status":"closed","template":"","meta":{"_et_pb_use_builder":"","_et_pb_old_content":"","_et_gb_content_width":""},"product_brand":[],"product_cat":[1546],"product_tag":[1547,1496],"class_list":{"0":"post-19650","1":"product","2":"type-product","3":"status-publish","4":"has-post-thumbnail","6":"product_cat-boom-cylinders","7":"product_tag-boom-cylinders","8":"product_tag-hydraulic-cylinders","10":"first","11":"instock","12":"shipping-taxable","13":"product-type-simple"},"amp_enabled":true,"_links":{"self":[{"href":"https:\/\/www.hydraulic-cylinders.net\/et\/wp-json\/wp\/v2\/product\/19650","targetHints":{"allow":["GET"]}}],"collection":[{"href":"https:\/\/www.hydraulic-cylinders.net\/et\/wp-json\/wp\/v2\/product"}],"about":[{"href":"https:\/\/www.hydraulic-cylinders.net\/et\/wp-json\/wp\/v2\/types\/product"}],"replies":[{"embeddable":true,"href":"https:\/\/www.hydraulic-cylinders.net\/et\/wp-json\/wp\/v2\/comments?post=19650"}],"wp:featuredmedia":[{"embeddable":true,"href":"https:\/\/www.hydraulic-cylinders.net\/et\/wp-json\/wp\/v2\/media\/17868"}],"wp:attachment":[{"href":"https:\/\/www.hydraulic-cylinders.net\/et\/wp-json\/wp\/v2\/media?parent=19650"}],"wp:term":[{"taxonomy":"product_brand","embeddable":true,"href":"https:\/\/www.hydraulic-cylinders.net\/et\/wp-json\/wp\/v2\/product_brand?post=19650"},{"taxonomy":"product_cat","embeddable":true,"href":"https:\/\/www.hydraulic-cylinders.net\/et\/wp-json\/wp\/v2\/product_cat?post=19650"},{"taxonomy":"product_tag","embeddable":true,"href":"https:\/\/www.hydraulic-cylinders.net\/et\/wp-json\/wp\/v2\/product_tag?post=19650"}],"curies":[{"name":"wp","href":"https:\/\/api.w.org\/{rel}","templated":true}]}}